{"id":13439,"date":"2025-08-28T11:08:46","date_gmt":"2025-08-28T08:08:46","guid":{"rendered":"https:\/\/sugardaddynordic.com\/?page_id=13439"},"modified":"2025-10-26T08:12:42","modified_gmt":"2025-10-26T06:12:42","slug":"mangfoldighed","status":"publish","type":"page","link":"https:\/\/sugardaddynordic.com\/da\/monimuotoisuus\/","title":{"rendered":"Mangfoldighed"},"content":{"rendered":"<p>Hos Sugar Daddy Balkans fremmer vi et sikkert, respektfuldt og inkluderende f\u00e6llesskab for voksne (18+). Denne politik definerer vores engagement i mangfoldighed, lighed og gensidig respekt og fastl\u00e6gger klart de principper, der styrer vores service.<\/p>\n\n\n\n<h2 class=\"wp-block-heading\" id=\"h-1-palvelun-laajuus\">1) Omfanget af tjenesten<\/h2>\n\n\n\n<p>Platformen henvender sig til voksne m\u00e6nd og kvinder i parforhold, der er baseret p\u00e5 et samstemmigt forhold.<br>De vigtigste registrerings-, s\u00f8ge- og parringsfunktioner er designet til en mand, der leder efter en kvinde, og en kvinde, der leder efter en mand.<br>I \u00f8jeblikket tilbyder vi ikke andre former for parring. Denne funktionelle begr\u00e6nsning giver dog ikke nogen ret til at v\u00e6re respektl\u00f8s over for nogen person eller gruppe.<\/p>\n\n\n\n<h2 class=\"wp-block-heading\" id=\"h-2-kunnioitus-ja-syrjimattomyys\">2) Respekt og ikke-diskrimination<\/h2>\n\n\n\n<p>SugarDaddyNordic tillader det ikke:<\/p>\n\n\n\n<ul class=\"wp-block-list\">\n<li>Angreb, forn\u00e6rmelser, chikane eller misbrug.<\/li>\n\n\n\n<li>Hadefuld tale eller ethvert udtryk, der nedg\u00f8r p\u00e5 baggrund af seksuel orientering, k\u00f8nsidentitet eller -udtryk, race, etnicitet, religion, handicap, alder (altid 18+), fysisk udseende eller socio\u00f8konomisk status.<\/li>\n<\/ul>\n\n\n\n<p>Alle interaktioner b\u00f8r v\u00e6re baseret p\u00e5 h\u00f8flighed, samtykke og v\u00e6rdighed.<\/p>\n\n\n\n<h2 class=\"wp-block-heading\" id=\"h-3-profiilit-ja-sisalto\">3) Profiler og indhold<\/h2>\n\n\n\n<p>For at sikre et sikkert og autentisk milj\u00f8:<\/p>\n\n\n\n<ul class=\"wp-block-list\">\n<li>Profilerne skal v\u00e6re realistiske, personlige og opdaterede.<\/li>\n\n\n\n<li>Det er forbudt at inkludere mindre\u00e5rige eller tredjeparter i billeder eller beskrivelser uden udtrykkeligt samtykke.<\/li>\n\n\n\n<li>Det er ikke tilladt at publicere:\n<ul class=\"wp-block-list\">\n<li>Seksuelt eksplicit indhold.<\/li>\n\n\n\n<li>Vold eller opfordring til vold.<\/li>\n\n\n\n<li>Hadefuld tale, neds\u00e6ttende stereotyper eller dehumaniserende beskrivelser.<\/li>\n\n\n\n<li>Ondsindede links, spam eller svindel.<\/li>\n<\/ul>\n<\/li>\n<\/ul>\n\n\n\n<h2 class=\"wp-block-heading\" id=\"h-4-moderointi-ja-soveltaminen\">4) Moderation og anvendelse<\/h2>\n\n\n\n<p>Vi kombinerer automatiseringsv\u00e6rkt\u00f8jer og menneskelig inspektion for at opretholde samfundets sikkerhed og kvalitet.<br>Mulige handlinger omfatter:<\/p>\n\n\n\n<ul class=\"wp-block-list\">\n<li>Kommentarer eller advarsler.<\/li>\n\n\n\n<li>Midlertidig begr\u00e6nsning af aktiviteter.<\/li>\n\n\n\n<li>Suspendere eller blokere konti.<\/li>\n\n\n\n<li>Fjernelse af indhold, der er i strid med reglerne.<\/li>\n<\/ul>\n\n\n\n<p>Beslutninger er baseret p\u00e5 denne mangfoldighedspolitik, etikpolitik, politik for aktiv respons og brugsbetingelser.<\/p>\n\n\n\n<h2 class=\"wp-block-heading\" id=\"h-5-blogi-ja-viestinta\">5) Blog og kommunikation<\/h2>\n\n\n\n<p>Vores blog og kommunikationsmaterialer:<\/p>\n\n\n\n<ul class=\"wp-block-list\">\n<li>Reflekterer forskellige kontekster og erfaringer, altid med en mandlig\u2194kvindelig tilgang.<\/li>\n\n\n\n<li>Undg\u00e5 fordomme, stigmatisering eller misinformation.<\/li>\n\n\n\n<li>Tydeligt identificere sponsoreret eller affilieret indhold, der aldrig vil p\u00e5virke vores redaktionelle politik.<\/li>\n<\/ul>\n\n\n\n<p>Se vores principper for blogging.<\/p>\n\n\n\n<h2 class=\"wp-block-heading\" id=\"h-6-esteettomyys-ja-yhdenvertainen-kohtelu\">6) Tilg\u00e6ngelighed og ligebehandling<\/h2>\n\n\n\n<p>Vi tilstr\u00e6ber at g\u00f8re oplevelsen inkluderende for alle ved at tilbyde:<\/p>\n\n\n\n<ul class=\"wp-block-list\">\n<li>Klart og letforst\u00e5eligt sprog.<\/li>\n\n\n\n<li>Alternative l\u00f8sninger til billeder og visuelle elementer.<\/li>\n\n\n\n<li>En forpligtelse til ligebehandling i alle sammenh\u00e6nge.<\/li>\n<\/ul>\n\n\n\n<h2 class=\"wp-block-heading\" id=\"h-7-ilmoittaminen\">7) Underretning<\/h2>\n\n\n\n<p>Hvis du opdager ulovligheder, misbrug eller diskrimination, kan du anmelde det:<\/p>\n\n\n\n<ul class=\"wp-block-list\">\n<li>Meddelelser \/ Generel support \/ Databeskyttelse (GDPR): info@sugardaddynordic.com<\/li>\n\n\n\n<li><\/li>\n\n\n\n<li> <\/li>\n<\/ul>\n\n\n\n<p>Vi forpligter os til at svare inden for en rimelig tidsramme og til at handle p\u00e5 en gennemsigtig m\u00e5de.<\/p>\n\n\n\n<h3 class=\"wp-block-heading\" id=\"h-8-paivitykset\">8) Opdateringer<\/h3>\n\n\n\n<p>Seneste revision: 26.10.2025.<br>Denne politik kan blive opdateret med forbedringer, lov\u00e6ndringer eller nye aktiviteter. Vi vil tydeligt kommunikere alle v\u00e6sentlige \u00e6ndringer.<\/p>","protected":false},"excerpt":{"rendered":"<p>Hos Sugar Daddy Balkans fremmer vi et sikkert, respektfuldt og inkluderende f\u00e6llesskab for voksne (18+). Denne politik definerer vores engagement i mangfoldighed, lighed og gensidig respekt og fastl\u00e6gger klart de principper, der styrer vores service. 1) Tjenestens omfang Platformen er rettet mod voksne m\u00e6nd og kvinder i et samstemmende forhold. Hovedfunktionerne for registrering, s\u00f8gning og parring er designet til en mand, der leder efter en kvinde, og en kvinde, der leder efter en [...]. <a title=\"Mangfoldighed\" class=\"read-more\" href=\"https:\/\/sugardaddynordic.com\/da\/monimuotoisuus\/\" aria-label=\"Read more about Monimuotoisuus\">L\u00e6s mere om det<\/a><\/p>","protected":false},"author":1,"featured_media":0,"parent":0,"menu_order":0,"comment_status":"closed","ping_status":"closed","template":"","meta":{"generate_page_header":"","footnotes":""},"class_list":{"0":"post-13439","1":"page","2":"type-page","3":"status-publish","5":"infinite-scroll-item"},"featured_image_urls":{"full":"","thumbnail":"","medium":"","medium_large":"","large":"","1536x1536":"","2048x2048":"","trp-custom-language-flag":"","crp_thumbnail":""},"post_excerpt_stackable":"<p>Sugar Daddy Balkans -palvelussa edist\u00e4mme turvallista, kunnioittavaa ja osallistavaa yhteis\u00f6\u00e4 t\u00e4ysi-ik\u00e4isille (18+). T\u00e4m\u00e4 politiikka m\u00e4\u00e4rittelee sitoutumisemme monimuotoisuuteen, tasa-arvoon ja keskin\u00e4iseen kunnioitukseen sek\u00e4 asettaa selke\u00e4sti periaatteet, jotka ohjaavat palveluamme. 1) Palvelun laajuus Alusta on suunnattu aikuisten miesten ja naisten v\u00e4lisiin yhteyksiin, suostumukselliseen suhteeseen perustuen.Rekister\u00f6innin, haun ja parinmuodostuksen p\u00e4\u00e4toiminnot on suunniteltu miehelle, joka etsii naista, ja naiselle, joka etsii miest\u00e4.T\u00e4ll\u00e4 hetkell\u00e4 emme tarjoa muita parinmuodostuksen muotoja. T\u00e4m\u00e4 toiminnallinen rajoitus ei kuitenkaan oikeuta ket\u00e4\u00e4n kohtelemaan ep\u00e4kunnioittavasti mit\u00e4\u00e4n henkil\u00f6\u00e4 tai ryhm\u00e4\u00e4. 2) Kunnioitus ja syrjim\u00e4tt\u00f6myys SugarDaddyNordicissa ei sallita: Hy\u00f6kk\u00e4yksi\u00e4, loukkauksia, h\u00e4irint\u00e4\u00e4 tai solvaamista. Vihapuhetta tai mit\u00e4 tahansa ilmausta, joka halventaa seksuaalisen suuntautumisen, sukupuoli-identiteetin tai&hellip;<\/p>\n","category_list":"","author_info":{"name":"Admin de SugarDaddySuomi","url":"https:\/\/sugardaddynordic.com\/da\/author\/poweb\/"},"comments_num":"0 comments","featured_image_urls_v2":{"full":"","thumbnail":"","medium":"","medium_large":"","large":"","1536x1536":"","2048x2048":"","trp-custom-language-flag":"","crp_thumbnail":""},"post_excerpt_stackable_v2":"<p>Sugar Daddy Balkans -palvelussa edist\u00e4mme turvallista, kunnioittavaa ja osallistavaa yhteis\u00f6\u00e4 t\u00e4ysi-ik\u00e4isille (18+). T\u00e4m\u00e4 politiikka m\u00e4\u00e4rittelee sitoutumisemme monimuotoisuuteen, tasa-arvoon ja keskin\u00e4iseen kunnioitukseen sek\u00e4 asettaa selke\u00e4sti periaatteet, jotka ohjaavat palveluamme. 1) Palvelun laajuus Alusta on suunnattu aikuisten miesten ja naisten v\u00e4lisiin yhteyksiin, suostumukselliseen suhteeseen perustuen.Rekister\u00f6innin, haun ja parinmuodostuksen p\u00e4\u00e4toiminnot on suunniteltu miehelle, joka etsii naista, ja naiselle, joka etsii miest\u00e4.T\u00e4ll\u00e4 hetkell\u00e4 emme tarjoa muita parinmuodostuksen muotoja. T\u00e4m\u00e4 toiminnallinen rajoitus ei kuitenkaan oikeuta ket\u00e4\u00e4n kohtelemaan ep\u00e4kunnioittavasti mit\u00e4\u00e4n henkil\u00f6\u00e4 tai ryhm\u00e4\u00e4. 2) Kunnioitus ja syrjim\u00e4tt\u00f6myys SugarDaddyNordicissa ei sallita: Hy\u00f6kk\u00e4yksi\u00e4, loukkauksia, h\u00e4irint\u00e4\u00e4 tai solvaamista. Vihapuhetta tai mit\u00e4 tahansa ilmausta, joka halventaa seksuaalisen suuntautumisen, sukupuoli-identiteetin tai&hellip;<\/p>\n","category_list_v2":"","author_info_v2":{"name":"Admin de SugarDaddySuomi","url":"https:\/\/sugardaddynordic.com\/da\/author\/poweb\/"},"comments_num_v2":"0 comments","yoast_head":"<!-- This site is optimized with the Yoast SEO Premium plugin v26.0 (Yoast SEO v27.3) - https:\/\/yoast.com\/product\/yoast-seo-premium-wordpress\/ -->\n<title>Monimuotoisuus<\/title>\n<meta name=\"robots\" content=\"index, follow, max-snippet:-1, max-image-preview:large, max-video-preview:-1\" \/>\n<link rel=\"canonical\" href=\"https:\/\/sugardaddynordic.com\/da\/mangfoldighed\/\" \/>\n<meta property=\"og:locale\" content=\"da_DK\" \/>\n<meta property=\"og:type\" content=\"article\" \/>\n<meta property=\"og:title\" content=\"Monimuotoisuus\" \/>\n<meta property=\"og:description\" content=\"Sugar Daddy Balkans -palvelussa edist\u00e4mme turvallista, kunnioittavaa ja osallistavaa yhteis\u00f6\u00e4 t\u00e4ysi-ik\u00e4isille (18+). T\u00e4m\u00e4 politiikka m\u00e4\u00e4rittelee sitoutumisemme monimuotoisuuteen, tasa-arvoon ja keskin\u00e4iseen kunnioitukseen sek\u00e4 asettaa selke\u00e4sti periaatteet, jotka ohjaavat palveluamme. 1) Palvelun laajuus Alusta on suunnattu aikuisten miesten ja naisten v\u00e4lisiin yhteyksiin, suostumukselliseen suhteeseen perustuen.Rekister\u00f6innin, haun ja parinmuodostuksen p\u00e4\u00e4toiminnot on suunniteltu miehelle, joka etsii naista, ja naiselle, ... Read more\" \/>\n<meta property=\"og:url\" content=\"https:\/\/sugardaddynordic.com\/da\/mangfoldighed\/\" \/>\n<meta property=\"og:site_name\" content=\"Sugar Daddy Nordic \u00ae\" \/>\n<meta property=\"article:modified_time\" content=\"2025-10-26T06:12:42+00:00\" \/>\n<meta property=\"og:image\" content=\"https:\/\/sugardaddynordic.com\/wp-content\/uploads\/2025\/10\/Logo-Sugar-Daddy-Nordic.png\" \/>\n\t<meta property=\"og:image:width\" content=\"1024\" \/>\n\t<meta property=\"og:image:height\" content=\"1024\" \/>\n\t<meta property=\"og:image:type\" content=\"image\/png\" \/>\n<meta name=\"twitter:card\" content=\"summary_large_image\" \/>\n<meta name=\"twitter:label1\" content=\"Estimeret l\u00e6setid\" \/>\n\t<meta name=\"twitter:data1\" content=\"3 minutter\" \/>\n<script type=\"application\/ld+json\" class=\"yoast-schema-graph\">{\"@context\":\"https:\\\/\\\/schema.org\",\"@graph\":[{\"@type\":\"WebPage\",\"@id\":\"https:\\\/\\\/sugardaddynordic.com\\\/monimuotoisuus\\\/\",\"url\":\"https:\\\/\\\/sugardaddynordic.com\\\/monimuotoisuus\\\/\",\"name\":\"Monimuotoisuus\",\"isPartOf\":{\"@id\":\"https:\\\/\\\/sugardaddynordic.com\\\/#website\"},\"datePublished\":\"2025-08-28T08:08:46+00:00\",\"dateModified\":\"2025-10-26T06:12:42+00:00\",\"breadcrumb\":{\"@id\":\"https:\\\/\\\/sugardaddynordic.com\\\/monimuotoisuus\\\/#breadcrumb\"},\"inLanguage\":\"da-DK\",\"potentialAction\":[{\"@type\":\"ReadAction\",\"target\":[\"https:\\\/\\\/sugardaddynordic.com\\\/monimuotoisuus\\\/\"]}]},{\"@type\":\"BreadcrumbList\",\"@id\":\"https:\\\/\\\/sugardaddynordic.com\\\/monimuotoisuus\\\/#breadcrumb\",\"itemListElement\":[{\"@type\":\"ListItem\",\"position\":1,\"name\":\"Home\",\"item\":\"https:\\\/\\\/sugardaddynordic.com\\\/\"},{\"@type\":\"ListItem\",\"position\":2,\"name\":\"Monimuotoisuus\"}]},{\"@type\":\"WebSite\",\"@id\":\"https:\\\/\\\/sugardaddynordic.com\\\/#website\",\"url\":\"https:\\\/\\\/sugardaddynordic.com\\\/\",\"name\":\"Sugar Daddy Nordic\",\"description\":\"\",\"publisher\":{\"@id\":\"https:\\\/\\\/sugardaddynordic.com\\\/#organization\"},\"alternateName\":\"Sugar Daddy Nordic powered by Sugar Daddy Planet\",\"potentialAction\":[{\"@type\":\"SearchAction\",\"target\":{\"@type\":\"EntryPoint\",\"urlTemplate\":\"https:\\\/\\\/sugardaddynordic.com\\\/?s={search_term_string}\"},\"query-input\":{\"@type\":\"PropertyValueSpecification\",\"valueRequired\":true,\"valueName\":\"search_term_string\"}}],\"inLanguage\":\"da-DK\"},{\"@type\":[\"Organization\",\"DatingService\"],\"@id\":\"https:\\\/\\\/sugardaddynordic.com\\\/#organization\",\"name\":\"Sugar Daddy Nordic\",\"url\":\"https:\\\/\\\/sugardaddynordic.com\\\/\",\"logo\":{\"@type\":\"ImageObject\",\"inLanguage\":\"da-DK\",\"@id\":\"https:\\\/\\\/sugardaddynordic.com\\\/#\\\/schema\\\/logo\\\/image\\\/\",\"url\":\"https:\\\/\\\/sugardaddynordic.com\\\/wp-content\\\/uploads\\\/2025\\\/10\\\/cropped-Logo-Sugar-Daddy-Nordic.png\",\"contentUrl\":\"https:\\\/\\\/sugardaddynordic.com\\\/wp-content\\\/uploads\\\/2025\\\/10\\\/cropped-Logo-Sugar-Daddy-Nordic.png\",\"width\":1022,\"height\":323,\"caption\":\"Sugar Daddy Nordic\"},\"image\":{\"@id\":\"https:\\\/\\\/sugardaddynordic.com\\\/#\\\/schema\\\/logo\\\/image\\\/\"},\"serviceType\":\"Dating Service\",\"category\":\"Dating\",\"publishingPrinciples\":\"https:\\\/\\\/sugardaddynordic.com\\\/julkaisustandardit\\\/\",\"ownershipFundingInfo\":\"https:\\\/\\\/sugardaddynordic.com\\\/rahoitus\\\/\",\"actionableFeedbackPolicy\":\"https:\\\/\\\/sugardaddynordic.com\\\/korjauskaytanto\\\/\",\"correctionsPolicy\":\"https:\\\/\\\/sugardaddynordic.com\\\/korjauskaytanto\\\/\",\"ethicsPolicy\":\"https:\\\/\\\/sugardaddynordic.com\\\/eettinen-politiikka\\\/\",\"diversityPolicy\":\"https:\\\/\\\/sugardaddynordic.com\\\/monimuotoisuus\\\/\",\"diversityStaffingReport\":\"https:\\\/\\\/sugardaddynordic.com\\\/yhteistyo\\\/\"}]}<\/script>\n<!-- \/ Yoast SEO Premium plugin. -->","yoast_head_json":{"title":"Mangfoldighed","robots":{"index":"index","follow":"follow","max-snippet":"max-snippet:-1","max-image-preview":"max-image-preview:large","max-video-preview":"max-video-preview:-1"},"canonical":"https:\/\/sugardaddynordic.com\/da\/mangfoldighed\/","og_locale":"da_DK","og_type":"article","og_title":"Monimuotoisuus","og_description":"Sugar Daddy Balkans -palvelussa edist\u00e4mme turvallista, kunnioittavaa ja osallistavaa yhteis\u00f6\u00e4 t\u00e4ysi-ik\u00e4isille (18+). T\u00e4m\u00e4 politiikka m\u00e4\u00e4rittelee sitoutumisemme monimuotoisuuteen, tasa-arvoon ja keskin\u00e4iseen kunnioitukseen sek\u00e4 asettaa selke\u00e4sti periaatteet, jotka ohjaavat palveluamme. 1) Palvelun laajuus Alusta on suunnattu aikuisten miesten ja naisten v\u00e4lisiin yhteyksiin, suostumukselliseen suhteeseen perustuen.Rekister\u00f6innin, haun ja parinmuodostuksen p\u00e4\u00e4toiminnot on suunniteltu miehelle, joka etsii naista, ja naiselle, ... Read more","og_url":"https:\/\/sugardaddynordic.com\/da\/mangfoldighed\/","og_site_name":"Sugar Daddy Nordic \u00ae","article_modified_time":"2025-10-26T06:12:42+00:00","og_image":[{"width":1024,"height":1024,"url":"https:\/\/sugardaddynordic.com\/wp-content\/uploads\/2025\/10\/Logo-Sugar-Daddy-Nordic.png","type":"image\/png"}],"twitter_card":"summary_large_image","twitter_misc":{"Estimeret l\u00e6setid":"3 minutter"},"schema":{"@context":"https:\/\/schema.org","@graph":[{"@type":"WebPage","@id":"https:\/\/sugardaddynordic.com\/monimuotoisuus\/","url":"https:\/\/sugardaddynordic.com\/monimuotoisuus\/","name":"Mangfoldighed","isPartOf":{"@id":"https:\/\/sugardaddynordic.com\/#website"},"datePublished":"2025-08-28T08:08:46+00:00","dateModified":"2025-10-26T06:12:42+00:00","breadcrumb":{"@id":"https:\/\/sugardaddynordic.com\/monimuotoisuus\/#breadcrumb"},"inLanguage":"da-DK","potentialAction":[{"@type":"ReadAction","target":["https:\/\/sugardaddynordic.com\/monimuotoisuus\/"]}]},{"@type":"BreadcrumbList","@id":"https:\/\/sugardaddynordic.com\/monimuotoisuus\/#breadcrumb","itemListElement":[{"@type":"ListItem","position":1,"name":"Home","item":"https:\/\/sugardaddynordic.com\/"},{"@type":"ListItem","position":2,"name":"Monimuotoisuus"}]},{"@type":"WebSite","@id":"https:\/\/sugardaddynordic.com\/#website","url":"https:\/\/sugardaddynordic.com\/","name":"Sugar Daddy Nordic","description":"","publisher":{"@id":"https:\/\/sugardaddynordic.com\/#organization"},"alternateName":"Sugar Daddy Nordic powered by Sugar Daddy Planet","potentialAction":[{"@type":"SearchAction","target":{"@type":"EntryPoint","urlTemplate":"https:\/\/sugardaddynordic.com\/?s={search_term_string}"},"query-input":{"@type":"PropertyValueSpecification","valueRequired":true,"valueName":"search_term_string"}}],"inLanguage":"da-DK"},{"@type":["Organization","DatingService"],"@id":"https:\/\/sugardaddynordic.com\/#organization","name":"Sugar Daddy Nordic","url":"https:\/\/sugardaddynordic.com\/","logo":{"@type":"ImageObject","inLanguage":"da-DK","@id":"https:\/\/sugardaddynordic.com\/#\/schema\/logo\/image\/","url":"https:\/\/sugardaddynordic.com\/wp-content\/uploads\/2025\/10\/cropped-Logo-Sugar-Daddy-Nordic.png","contentUrl":"https:\/\/sugardaddynordic.com\/wp-content\/uploads\/2025\/10\/cropped-Logo-Sugar-Daddy-Nordic.png","width":1022,"height":323,"caption":"Sugar Daddy Nordic"},"image":{"@id":"https:\/\/sugardaddynordic.com\/#\/schema\/logo\/image\/"},"serviceType":"Dating Service","category":"Dating","publishingPrinciples":"https:\/\/sugardaddynordic.com\/julkaisustandardit\/","ownershipFundingInfo":"https:\/\/sugardaddynordic.com\/rahoitus\/","actionableFeedbackPolicy":"https:\/\/sugardaddynordic.com\/korjauskaytanto\/","correctionsPolicy":"https:\/\/sugardaddynordic.com\/korjauskaytanto\/","ethicsPolicy":"https:\/\/sugardaddynordic.com\/eettinen-politiikka\/","diversityPolicy":"https:\/\/sugardaddynordic.com\/monimuotoisuus\/","diversityStaffingReport":"https:\/\/sugardaddynordic.com\/yhteistyo\/"}]}},"_links":{"self":[{"href":"https:\/\/sugardaddynordic.com\/da\/wp-json\/wp\/v2\/pages\/13439","targetHints":{"allow":["GET"]}}],"collection":[{"href":"https:\/\/sugardaddynordic.com\/da\/wp-json\/wp\/v2\/pages"}],"about":[{"href":"https:\/\/sugardaddynordic.com\/da\/wp-json\/wp\/v2\/types\/page"}],"author":[{"embeddable":true,"href":"https:\/\/sugardaddynordic.com\/da\/wp-json\/wp\/v2\/users\/1"}],"replies":[{"embeddable":true,"href":"https:\/\/sugardaddynordic.com\/da\/wp-json\/wp\/v2\/comments?post=13439"}],"version-history":[{"count":0,"href":"https:\/\/sugardaddynordic.com\/da\/wp-json\/wp\/v2\/pages\/13439\/revisions"}],"wp:attachment":[{"href":"https:\/\/sugardaddynordic.com\/da\/wp-json\/wp\/v2\/media?parent=13439"}],"curies":[{"name":"wp","href":"https:\/\/api.w.org\/{rel}","templated":true}]}}