{"id":13441,"date":"2025-08-28T11:08:50","date_gmt":"2025-08-28T08:08:50","guid":{"rendered":"https:\/\/sugardaddynordic.com\/?page_id=13441"},"modified":"2025-10-26T08:16:26","modified_gmt":"2025-10-26T06:16:26","slug":"aktiv-reaktion","status":"publish","type":"page","link":"https:\/\/sugardaddynordic.com\/da\/aktiivinen-vastaus\/","title":{"rendered":"Politik for aktiv responsPolitik for aktiv respons"},"content":{"rendered":"<p>Hos SugarDaddyNordic prioriterer vi sikkerhed, gennemsigtighed og hurtig reaktion p\u00e5 vores f\u00e6llesskabs behov. Denne politik forklarer, hvordan vi modtager, prioriterer og h\u00e5ndterer anmodninger, klager, meddelelser og foresp\u00f8rgsler.<\/p>\n\n\n\n<h2 class=\"wp-block-heading\" id=\"h-viralliset-yhteydenottokanavat\">Officielle kontaktkanaler<\/h2>\n\n\n\n<ul class=\"wp-block-list\">\n<li>Kontaktformular: <strong>\/<a href=\"https:\/\/sugardaddynordic.com\/da\/kontakt\/\">kontakt<\/a><\/strong><\/li>\n\n\n\n<li>Generel st\u00f8tte \/ Databeskyttelse \/ Misbrug \/ misbrug af identitet ... og samarbejde med retslige myndigheder*: databeskyttelse: <strong>info@sugardaddynordic.com<\/strong><\/li>\n<\/ul>\n\n\n\n<h2 class=\"wp-block-heading\" id=\"h-luokittelu-ja-vastausajat-sla\">Klassificering og svartider (SLA)<\/h2>\n\n\n\n<p>Vi giver hver sag en f\u00f8rsteprioritet og sigter mod at opfylde f\u00f8lgende m\u00e5l:<\/p>\n\n\n\n<figure class=\"wp-block-table\"><table class=\"has-fixed-layout\"><thead><tr><th>Prioritet<\/th><th>Eksempler<\/th><th>Bekr\u00e6ftelse af modtagelse<\/th><th>F\u00f8rstehj\u00e6lp<\/th><th>Ansl\u00e5et l\u00f8sning *.<\/th><\/tr><\/thead><tbody><tr><td><strong>Det haster<\/strong><\/td><td>Risiko for mindre\u00e5rige eller fysisk integritet, trov\u00e6rdige trusler, aktivt identitetstyveri, doxxing, distribution af ulovligt indhold<\/td><td>0-6 h<\/td><td>0-12 h<\/td><td>24-48 h<\/td><\/tr><tr><td><strong>H\u00f8j<\/strong><\/td><td>Bedrageri, grov chikane, afpresning, falske anklager, datal\u00e6kage<\/td><td>24 h<\/td><td>24-48 h<\/td><td>3-5 dage<\/td><\/tr><tr><td><strong>Mellemliggende<\/strong><\/td><td>Profilrapporter, vildledende indhold, kontoproblemer<\/td><td>48 h<\/td><td>2-3 dage<\/td><td>7 dage<\/td><\/tr><tr><td><strong>Lav<\/strong><\/td><td>Forslag, generelle foresp\u00f8rgsler<\/td><td>72 h<\/td><td>3-5 dage<\/td><td>14 dage<\/td><\/tr><\/tbody><\/table><\/figure>\n\n\n\n<p>* Fristerne kan variere afh\u00e6ngigt af sagens kompleksitet. Hvis vi forventer forsinkelser, vil vi informere dig om en ny vurdering.<\/p>\n\n\n\n<h2 class=\"wp-block-heading\" id=\"h-tapausten-kasittelyprosessi\">Proces for sagsbehandling<\/h2>\n\n\n\n<ol class=\"wp-block-list\">\n<li><strong>Kvittering og bekr\u00e6ftelse<\/strong>: Vi bekr\u00e6fter sagen via den oprindelige kanal med sags-id'et.<\/li>\n\n\n\n<li><strong>Analyse og prioritering<\/strong>: Vi tjekker beviserne (f.eks. sk\u00e6rmbilleder, profil-id'er, links).<\/li>\n\n\n\n<li><strong>Foranstaltninger<\/strong> (i henhold til politik og vilk\u00e5r for brug): advarsel, begr\u00e6nsning af aktiviteter, suspension eller blokering af konto, fjernelse af indhold, henvisning til myndigheder.<\/li>\n\n\n\n<li><strong>Overv\u00e5gning<\/strong>: Vi vil give relevante opdateringer, indtil sagen er afsluttet.<\/li>\n\n\n\n<li><strong>Beslutning og feedback<\/strong>: Vi rapporterer l\u00f8sningen og giver sikkerhedsanbefalinger, hvor det er n\u00f8dvendigt.<\/li>\n<\/ol>\n\n\n\n<h2 class=\"wp-block-heading\" id=\"h-moderointi-ja-kriteerit\">Moderation og kriterier<\/h2>\n\n\n\n<ul class=\"wp-block-list\">\n<li>Vi kombinerer automatiserede systemer med menneskelig verifikation.<\/li>\n\n\n\n<li>Vi tolererer ikke chikane, identitetstyveri, bedrageri, uautoriseret dataformidling eller andre aktiviteter, der uds\u00e6tter samfundet for risiko.<\/li>\n\n\n\n<li>Beslutninger er baseret p\u00e5 vores webstedspolitikker og vilk\u00e5r for brug.<\/li>\n<\/ul>\n\n\n\n<h2 class=\"wp-block-heading\" id=\"h-valitukset\">Klager<\/h2>\n\n\n\n<p>Hvis du er uenig i tiltaget, kan du klage <strong>20 dage<\/strong> inden for fristen ved at skrive til <strong>info@sugardaddynordic.com<\/strong> og vedh\u00e6fter sagens ID og yderligere oplysninger.<br>Et andet team vil gennemg\u00e5 din klage.<\/p>\n\n\n\n<h2 class=\"wp-block-heading\" id=\"h-julkinen-viestinta-ja-lapinakyvyys\">Offentlig kommunikation og gennemsigtighed<\/h2>\n\n\n\n<ul class=\"wp-block-list\">\n<li>Vi sender meddelelser til Helpdesk, hvis h\u00e6ndelsen p\u00e5virker et stort antal brugere.<\/li>\n\n\n\n<li>Vi har udarbejdet en regelm\u00e6ssig gennemsigtighedsrapport, som indeholder aggregerede oplysninger om underretninger, svartider og foranstaltninger (uden personoplysninger).<\/li>\n<\/ul>\n\n\n\n<h2 class=\"wp-block-heading\" id=\"h-yksityisyys-ja-henkilotiedot\">Privatliv og personlige data<\/h2>\n\n\n\n<ul class=\"wp-block-list\">\n<li>Vi behandler kun de angivne data med henblik p\u00e5 at h\u00e5ndtere sagen (retsgrundlag: legitim interesse og\/eller juridisk forpligtelse).<\/li>\n\n\n\n<li>Rettigheder: ret til adgang, berigtigelse, sletning, indsigelse og portabilitet - skriv til <strong>info@sugardaddynordic.com<\/strong>.<\/li>\n\n\n\n<li>Opbevaringsperiode: Sagsakter opbevares <strong>2 \u00e5r<\/strong>medmindre andet er p\u00e5kr\u00e6vet ved lov.<\/li>\n\n\n\n<li>Se vores Privatlivs- og cookiepolitik for mere information.<\/li>\n<\/ul>\n\n\n\n<h2 class=\"wp-block-heading\" id=\"h-yhteistyo-viranomaisten-kanssa\">Samarbejde med myndighederne<\/h2>\n\n\n\n<ul class=\"wp-block-list\">\n<li>Vi reagerer p\u00e5 gyldige juridiske anmodninger og sager, hvor der er en overh\u00e6ngende risiko.<\/li>\n\n\n\n<li>Vi besvarer ikke politiets anmodninger uden en retskendelse.<\/li>\n\n\n\n<li>Vi anmoder om de n\u00f8dvendige dokumenter og registrerer hver anmodning for at sikre gennemsigtighed.<\/li>\n\n\n\n<li>Politiets anmodninger skal indeholde <strong>Retskendelse<\/strong> og tjenestemandens identifikationsnummer.<\/li>\n<\/ul>\n\n\n\n<h2 class=\"wp-block-heading\" id=\"h-haavoittuvuuksien-vastuullinen-ilmoittaminen\">Ansvarlig rapportering af s\u00e5rbarheder<\/h2>\n\n\n\n<p>Hvis du opdager en sikkerhedss\u00e5rbarhed:<\/p>\n\n\n\n<ul class=\"wp-block-list\">\n<li>Brug det ikke, og offentligg\u00f8r det ikke.<\/li>\n\n\n\n<li>Skriv til os p\u00e5 <strong>info@sugardaddynordic.com<\/strong> og inkluderer gentagelsestrin.<\/li>\n\n\n\n<li>Vi giver dig en bekr\u00e6ftelse inden for 72 timer og en opdatering inden for 7 dage.<\/li>\n\n\n\n<li>Vi kan tilbyde offentlig anerkendelse, hvor det er relevant.<\/li>\n<\/ul>\n\n\n\n<h2 class=\"wp-block-heading\" id=\"h-politiikan-paivitykset\">Politiske opdateringer<\/h2>\n\n\n\n<p>Seneste anmeldelse: <strong>26.10.2025<\/strong>.<br>Vi kan opdatere denne politik for at forbedre processer eller for at im\u00f8dekomme \u00e6ndringer i lovgivningen. Vi opbevarer en historik over \u00e6ndringer.<\/p>","protected":false},"excerpt":{"rendered":"<p>Politik for aktiv respons Hos SugarDaddyNordic prioriterer vi sikkerhed, gennemsigtighed og hurtig respons p\u00e5 vores f\u00e6llesskabs behov. Denne politik forklarer, hvordan vi modtager, prioriterer og behandler anmodninger, klager, meddelelser og foresp\u00f8rgsler. Vi giver hver h\u00e6ndelse en indledende prioritet og sigter mod at opfylde f\u00f8lgende m\u00e5l. <a title=\"Politik for aktiv responsPolitik for aktiv respons\" class=\"read-more\" href=\"https:\/\/sugardaddynordic.com\/da\/aktiivinen-vastaus\/\" aria-label=\"Read more about Aktiivinen VastausAktiivisen vastauksen politiikka\">L\u00e6s mere om det<\/a><\/p>","protected":false},"author":1,"featured_media":0,"parent":0,"menu_order":0,"comment_status":"closed","ping_status":"closed","template":"","meta":{"generate_page_header":"","footnotes":""},"class_list":{"0":"post-13441","1":"page","2":"type-page","3":"status-publish","5":"infinite-scroll-item"},"featured_image_urls":{"full":"","thumbnail":"","medium":"","medium_large":"","large":"","1536x1536":"","2048x2048":"","trp-custom-language-flag":"","crp_thumbnail":""},"post_excerpt_stackable":"<p>SugarDaddyNordic -palvelussa asetamme etusijalle turvallisuuden, l\u00e4pin\u00e4kyvyyden ja nopean reagoinnin yhteis\u00f6mme tarpeisiin. T\u00e4m\u00e4 politiikka selitt\u00e4\u00e4, miten vastaanotamme, priorisoimme ja k\u00e4sittelemme pyynt\u00f6j\u00e4, valituksia, ilmoituksia ja kyselyit\u00e4. Viralliset yhteydenottokanavat Yhteydenottolomake: \/contact Yleinen tuki \/ Tietosuoja \/ V\u00e4\u00e4rink\u00e4yt\u00f6kset \/ identiteetin v\u00e4\u00e4rink\u00e4ytt\u00f6 \u2026 ja yhteisty\u00f6 oikeusviranomaisten kanssa*: Tietosuoja: info@sugardaddynordic.com Luokittelu ja vastausajat (SLA) Annamme jokaiselle tapaukselle alkuper\u00e4isen prioriteetin ja pyrimme noudattamaan seuraavia tavoitteita: PrioriteettiEsimerkitVastaanottokuittausEnsitoimetArvioitu ratkaisu*KiireellinenAlaik\u00e4isten tai fyysisen koskemattomuuden riski, uskottavat uhkaukset, aktiivinen identiteettivarkaus, doxxaus, laittoman sis\u00e4ll\u00f6n levitt\u00e4minen0\u20136 h0\u201312 h24\u201348 hKorkeaPetos, vakava h\u00e4irint\u00e4, kiristys, v\u00e4\u00e4r\u00e4t veloitukset, tietovuoto24 h24\u201348 h3\u20135 p\u00e4iv\u00e4\u00e4KeskitasoProfiiliraportit, harhaanjohtava sis\u00e4lt\u00f6, tiliongelmat48 h2\u20133 p\u00e4iv\u00e4\u00e47 p\u00e4iv\u00e4\u00e4MatalaEhdotukset, yleiset kyselyt72 h3\u20135 p\u00e4iv\u00e4\u00e414 p\u00e4iv\u00e4\u00e4 * M\u00e4\u00e4r\u00e4ajat voivat vaihdella tapauksen&hellip;<\/p>\n","category_list":"","author_info":{"name":"Admin de SugarDaddySuomi","url":"https:\/\/sugardaddynordic.com\/da\/author\/poweb\/"},"comments_num":"0 comments","featured_image_urls_v2":{"full":"","thumbnail":"","medium":"","medium_large":"","large":"","1536x1536":"","2048x2048":"","trp-custom-language-flag":"","crp_thumbnail":""},"post_excerpt_stackable_v2":"<p>SugarDaddyNordic -palvelussa asetamme etusijalle turvallisuuden, l\u00e4pin\u00e4kyvyyden ja nopean reagoinnin yhteis\u00f6mme tarpeisiin. T\u00e4m\u00e4 politiikka selitt\u00e4\u00e4, miten vastaanotamme, priorisoimme ja k\u00e4sittelemme pyynt\u00f6j\u00e4, valituksia, ilmoituksia ja kyselyit\u00e4. Viralliset yhteydenottokanavat Yhteydenottolomake: \/contact Yleinen tuki \/ Tietosuoja \/ V\u00e4\u00e4rink\u00e4yt\u00f6kset \/ identiteetin v\u00e4\u00e4rink\u00e4ytt\u00f6 \u2026 ja yhteisty\u00f6 oikeusviranomaisten kanssa*: Tietosuoja: info@sugardaddynordic.com Luokittelu ja vastausajat (SLA) Annamme jokaiselle tapaukselle alkuper\u00e4isen prioriteetin ja pyrimme noudattamaan seuraavia tavoitteita: PrioriteettiEsimerkitVastaanottokuittausEnsitoimetArvioitu ratkaisu*KiireellinenAlaik\u00e4isten tai fyysisen koskemattomuuden riski, uskottavat uhkaukset, aktiivinen identiteettivarkaus, doxxaus, laittoman sis\u00e4ll\u00f6n levitt\u00e4minen0\u20136 h0\u201312 h24\u201348 hKorkeaPetos, vakava h\u00e4irint\u00e4, kiristys, v\u00e4\u00e4r\u00e4t veloitukset, tietovuoto24 h24\u201348 h3\u20135 p\u00e4iv\u00e4\u00e4KeskitasoProfiiliraportit, harhaanjohtava sis\u00e4lt\u00f6, tiliongelmat48 h2\u20133 p\u00e4iv\u00e4\u00e47 p\u00e4iv\u00e4\u00e4MatalaEhdotukset, yleiset kyselyt72 h3\u20135 p\u00e4iv\u00e4\u00e414 p\u00e4iv\u00e4\u00e4 * M\u00e4\u00e4r\u00e4ajat voivat vaihdella tapauksen&hellip;<\/p>\n","category_list_v2":"","author_info_v2":{"name":"Admin de SugarDaddySuomi","url":"https:\/\/sugardaddynordic.com\/da\/author\/poweb\/"},"comments_num_v2":"0 comments","yoast_head":"<!-- This site is optimized with the Yoast SEO Premium plugin v26.0 (Yoast SEO v27.3) - https:\/\/yoast.com\/product\/yoast-seo-premium-wordpress\/ -->\n<title>Aktiivinen VastausAktiivisen vastauksen politiikka<\/title>\n<meta name=\"robots\" content=\"index, follow, max-snippet:-1, max-image-preview:large, max-video-preview:-1\" \/>\n<link rel=\"canonical\" href=\"https:\/\/sugardaddynordic.com\/da\/aktiv-reaktion\/\" \/>\n<meta property=\"og:locale\" content=\"da_DK\" \/>\n<meta property=\"og:type\" content=\"article\" \/>\n<meta property=\"og:title\" content=\"Aktiivinen VastausAktiivisen vastauksen politiikka\" \/>\n<meta property=\"og:description\" content=\"SugarDaddyNordic -palvelussa asetamme etusijalle turvallisuuden, l\u00e4pin\u00e4kyvyyden ja nopean reagoinnin yhteis\u00f6mme tarpeisiin. T\u00e4m\u00e4 politiikka selitt\u00e4\u00e4, miten vastaanotamme, priorisoimme ja k\u00e4sittelemme pyynt\u00f6j\u00e4, valituksia, ilmoituksia ja kyselyit\u00e4. Viralliset yhteydenottokanavat Luokittelu ja vastausajat (SLA) Annamme jokaiselle tapaukselle alkuper\u00e4isen prioriteetin ja pyrimme noudattamaan seuraavia tavoitteita: Prioriteetti Esimerkit Vastaanottokuittaus Ensitoimet Arvioitu ratkaisu* Kiireellinen Alaik\u00e4isten tai fyysisen koskemattomuuden riski, uskottavat uhkaukset, aktiivinen ... Read more\" \/>\n<meta property=\"og:url\" content=\"https:\/\/sugardaddynordic.com\/da\/aktiv-reaktion\/\" \/>\n<meta property=\"og:site_name\" content=\"Sugar Daddy Nordic \u00ae\" \/>\n<meta property=\"article:modified_time\" content=\"2025-10-26T06:16:26+00:00\" \/>\n<meta property=\"og:image\" content=\"https:\/\/sugardaddynordic.com\/wp-content\/uploads\/2025\/10\/Logo-Sugar-Daddy-Nordic.png\" \/>\n\t<meta property=\"og:image:width\" content=\"1024\" \/>\n\t<meta property=\"og:image:height\" content=\"1024\" \/>\n\t<meta property=\"og:image:type\" content=\"image\/png\" \/>\n<meta name=\"twitter:card\" content=\"summary_large_image\" \/>\n<meta name=\"twitter:label1\" content=\"Estimeret l\u00e6setid\" \/>\n\t<meta name=\"twitter:data1\" content=\"3 minutter\" \/>\n<script type=\"application\/ld+json\" class=\"yoast-schema-graph\">{\"@context\":\"https:\\\/\\\/schema.org\",\"@graph\":[{\"@type\":\"WebPage\",\"@id\":\"https:\\\/\\\/sugardaddynordic.com\\\/aktiivinen-vastaus\\\/\",\"url\":\"https:\\\/\\\/sugardaddynordic.com\\\/aktiivinen-vastaus\\\/\",\"name\":\"Aktiivinen VastausAktiivisen vastauksen politiikka\",\"isPartOf\":{\"@id\":\"https:\\\/\\\/sugardaddynordic.com\\\/#website\"},\"datePublished\":\"2025-08-28T08:08:50+00:00\",\"dateModified\":\"2025-10-26T06:16:26+00:00\",\"breadcrumb\":{\"@id\":\"https:\\\/\\\/sugardaddynordic.com\\\/aktiivinen-vastaus\\\/#breadcrumb\"},\"inLanguage\":\"da-DK\",\"potentialAction\":[{\"@type\":\"ReadAction\",\"target\":[\"https:\\\/\\\/sugardaddynordic.com\\\/aktiivinen-vastaus\\\/\"]}]},{\"@type\":\"BreadcrumbList\",\"@id\":\"https:\\\/\\\/sugardaddynordic.com\\\/aktiivinen-vastaus\\\/#breadcrumb\",\"itemListElement\":[{\"@type\":\"ListItem\",\"position\":1,\"name\":\"Home\",\"item\":\"https:\\\/\\\/sugardaddynordic.com\\\/\"},{\"@type\":\"ListItem\",\"position\":2,\"name\":\"Aktiivinen VastausAktiivisen vastauksen politiikka\"}]},{\"@type\":\"WebSite\",\"@id\":\"https:\\\/\\\/sugardaddynordic.com\\\/#website\",\"url\":\"https:\\\/\\\/sugardaddynordic.com\\\/\",\"name\":\"Sugar Daddy Nordic\",\"description\":\"\",\"publisher\":{\"@id\":\"https:\\\/\\\/sugardaddynordic.com\\\/#organization\"},\"alternateName\":\"Sugar Daddy Nordic powered by Sugar Daddy Planet\",\"potentialAction\":[{\"@type\":\"SearchAction\",\"target\":{\"@type\":\"EntryPoint\",\"urlTemplate\":\"https:\\\/\\\/sugardaddynordic.com\\\/?s={search_term_string}\"},\"query-input\":{\"@type\":\"PropertyValueSpecification\",\"valueRequired\":true,\"valueName\":\"search_term_string\"}}],\"inLanguage\":\"da-DK\"},{\"@type\":[\"Organization\",\"DatingService\"],\"@id\":\"https:\\\/\\\/sugardaddynordic.com\\\/#organization\",\"name\":\"Sugar Daddy Nordic\",\"url\":\"https:\\\/\\\/sugardaddynordic.com\\\/\",\"logo\":{\"@type\":\"ImageObject\",\"inLanguage\":\"da-DK\",\"@id\":\"https:\\\/\\\/sugardaddynordic.com\\\/#\\\/schema\\\/logo\\\/image\\\/\",\"url\":\"https:\\\/\\\/sugardaddynordic.com\\\/wp-content\\\/uploads\\\/2025\\\/10\\\/cropped-Logo-Sugar-Daddy-Nordic.png\",\"contentUrl\":\"https:\\\/\\\/sugardaddynordic.com\\\/wp-content\\\/uploads\\\/2025\\\/10\\\/cropped-Logo-Sugar-Daddy-Nordic.png\",\"width\":1022,\"height\":323,\"caption\":\"Sugar Daddy Nordic\"},\"image\":{\"@id\":\"https:\\\/\\\/sugardaddynordic.com\\\/#\\\/schema\\\/logo\\\/image\\\/\"},\"serviceType\":\"Dating Service\",\"category\":\"Dating\",\"publishingPrinciples\":\"https:\\\/\\\/sugardaddynordic.com\\\/julkaisustandardit\\\/\",\"ownershipFundingInfo\":\"https:\\\/\\\/sugardaddynordic.com\\\/rahoitus\\\/\",\"actionableFeedbackPolicy\":\"https:\\\/\\\/sugardaddynordic.com\\\/korjauskaytanto\\\/\",\"correctionsPolicy\":\"https:\\\/\\\/sugardaddynordic.com\\\/korjauskaytanto\\\/\",\"ethicsPolicy\":\"https:\\\/\\\/sugardaddynordic.com\\\/eettinen-politiikka\\\/\",\"diversityPolicy\":\"https:\\\/\\\/sugardaddynordic.com\\\/monimuotoisuus\\\/\",\"diversityStaffingReport\":\"https:\\\/\\\/sugardaddynordic.com\\\/yhteistyo\\\/\"}]}<\/script>\n<!-- \/ Yoast SEO Premium plugin. -->","yoast_head_json":{"title":"Politik for aktiv responsPolitik for aktiv respons","robots":{"index":"index","follow":"follow","max-snippet":"max-snippet:-1","max-image-preview":"max-image-preview:large","max-video-preview":"max-video-preview:-1"},"canonical":"https:\/\/sugardaddynordic.com\/da\/aktiv-reaktion\/","og_locale":"da_DK","og_type":"article","og_title":"Aktiivinen VastausAktiivisen vastauksen politiikka","og_description":"SugarDaddyNordic -palvelussa asetamme etusijalle turvallisuuden, l\u00e4pin\u00e4kyvyyden ja nopean reagoinnin yhteis\u00f6mme tarpeisiin. T\u00e4m\u00e4 politiikka selitt\u00e4\u00e4, miten vastaanotamme, priorisoimme ja k\u00e4sittelemme pyynt\u00f6j\u00e4, valituksia, ilmoituksia ja kyselyit\u00e4. Viralliset yhteydenottokanavat Luokittelu ja vastausajat (SLA) Annamme jokaiselle tapaukselle alkuper\u00e4isen prioriteetin ja pyrimme noudattamaan seuraavia tavoitteita: Prioriteetti Esimerkit Vastaanottokuittaus Ensitoimet Arvioitu ratkaisu* Kiireellinen Alaik\u00e4isten tai fyysisen koskemattomuuden riski, uskottavat uhkaukset, aktiivinen ... Read more","og_url":"https:\/\/sugardaddynordic.com\/da\/aktiv-reaktion\/","og_site_name":"Sugar Daddy Nordic \u00ae","article_modified_time":"2025-10-26T06:16:26+00:00","og_image":[{"width":1024,"height":1024,"url":"https:\/\/sugardaddynordic.com\/wp-content\/uploads\/2025\/10\/Logo-Sugar-Daddy-Nordic.png","type":"image\/png"}],"twitter_card":"summary_large_image","twitter_misc":{"Estimeret l\u00e6setid":"3 minutter"},"schema":{"@context":"https:\/\/schema.org","@graph":[{"@type":"WebPage","@id":"https:\/\/sugardaddynordic.com\/aktiivinen-vastaus\/","url":"https:\/\/sugardaddynordic.com\/aktiivinen-vastaus\/","name":"Politik for aktiv responsPolitik for aktiv respons","isPartOf":{"@id":"https:\/\/sugardaddynordic.com\/#website"},"datePublished":"2025-08-28T08:08:50+00:00","dateModified":"2025-10-26T06:16:26+00:00","breadcrumb":{"@id":"https:\/\/sugardaddynordic.com\/aktiivinen-vastaus\/#breadcrumb"},"inLanguage":"da-DK","potentialAction":[{"@type":"ReadAction","target":["https:\/\/sugardaddynordic.com\/aktiivinen-vastaus\/"]}]},{"@type":"BreadcrumbList","@id":"https:\/\/sugardaddynordic.com\/aktiivinen-vastaus\/#breadcrumb","itemListElement":[{"@type":"ListItem","position":1,"name":"Home","item":"https:\/\/sugardaddynordic.com\/"},{"@type":"ListItem","position":2,"name":"Aktiivinen VastausAktiivisen vastauksen politiikka"}]},{"@type":"WebSite","@id":"https:\/\/sugardaddynordic.com\/#website","url":"https:\/\/sugardaddynordic.com\/","name":"Sugar Daddy Nordic","description":"","publisher":{"@id":"https:\/\/sugardaddynordic.com\/#organization"},"alternateName":"Sugar Daddy Nordic powered by Sugar Daddy Planet","potentialAction":[{"@type":"SearchAction","target":{"@type":"EntryPoint","urlTemplate":"https:\/\/sugardaddynordic.com\/?s={search_term_string}"},"query-input":{"@type":"PropertyValueSpecification","valueRequired":true,"valueName":"search_term_string"}}],"inLanguage":"da-DK"},{"@type":["Organization","DatingService"],"@id":"https:\/\/sugardaddynordic.com\/#organization","name":"Sugar Daddy Nordic","url":"https:\/\/sugardaddynordic.com\/","logo":{"@type":"ImageObject","inLanguage":"da-DK","@id":"https:\/\/sugardaddynordic.com\/#\/schema\/logo\/image\/","url":"https:\/\/sugardaddynordic.com\/wp-content\/uploads\/2025\/10\/cropped-Logo-Sugar-Daddy-Nordic.png","contentUrl":"https:\/\/sugardaddynordic.com\/wp-content\/uploads\/2025\/10\/cropped-Logo-Sugar-Daddy-Nordic.png","width":1022,"height":323,"caption":"Sugar Daddy Nordic"},"image":{"@id":"https:\/\/sugardaddynordic.com\/#\/schema\/logo\/image\/"},"serviceType":"Dating Service","category":"Dating","publishingPrinciples":"https:\/\/sugardaddynordic.com\/julkaisustandardit\/","ownershipFundingInfo":"https:\/\/sugardaddynordic.com\/rahoitus\/","actionableFeedbackPolicy":"https:\/\/sugardaddynordic.com\/korjauskaytanto\/","correctionsPolicy":"https:\/\/sugardaddynordic.com\/korjauskaytanto\/","ethicsPolicy":"https:\/\/sugardaddynordic.com\/eettinen-politiikka\/","diversityPolicy":"https:\/\/sugardaddynordic.com\/monimuotoisuus\/","diversityStaffingReport":"https:\/\/sugardaddynordic.com\/yhteistyo\/"}]}},"_links":{"self":[{"href":"https:\/\/sugardaddynordic.com\/da\/wp-json\/wp\/v2\/pages\/13441","targetHints":{"allow":["GET"]}}],"collection":[{"href":"https:\/\/sugardaddynordic.com\/da\/wp-json\/wp\/v2\/pages"}],"about":[{"href":"https:\/\/sugardaddynordic.com\/da\/wp-json\/wp\/v2\/types\/page"}],"author":[{"embeddable":true,"href":"https:\/\/sugardaddynordic.com\/da\/wp-json\/wp\/v2\/users\/1"}],"replies":[{"embeddable":true,"href":"https:\/\/sugardaddynordic.com\/da\/wp-json\/wp\/v2\/comments?post=13441"}],"version-history":[{"count":0,"href":"https:\/\/sugardaddynordic.com\/da\/wp-json\/wp\/v2\/pages\/13441\/revisions"}],"wp:attachment":[{"href":"https:\/\/sugardaddynordic.com\/da\/wp-json\/wp\/v2\/media?parent=13441"}],"curies":[{"name":"wp","href":"https:\/\/api.w.org\/{rel}","templated":true}]}}