{"id":13443,"date":"2025-08-28T11:08:54","date_gmt":"2025-08-28T08:08:54","guid":{"rendered":"https:\/\/sugardaddynordic.com\/?page_id=13443"},"modified":"2025-10-26T08:21:24","modified_gmt":"2025-10-26T06:21:24","slug":"udgivelsesstandarder","status":"publish","type":"page","link":"https:\/\/sugardaddynordic.com\/da\/julkaisustandardit\/","title":{"rendered":"Standarder for offentligg\u00f8relse"},"content":{"rendered":"<p>P\u00e5 SugarDaddyNordic-bloggen udgiver vi realistisk, nyttigt og ansvarligt indhold <strong>Sugardating mellem voksne (18+)<\/strong>.<br>Vi lover ikke hurtige resultater eller idealiserede oplevelser: Vi s\u00e6lger ikke ideen om at \"finde en million\u00e6r p\u00e5 to dage\".<br>Vi investerer i sunde forventninger, t\u00e5lmodighed, sikkerhed og respekt.<\/p>\n\n\n\n<h2 class=\"wp-block-heading\" id=\"h-kenelle-kirjoitamme\">Hvem vi skriver til<\/h2>\n\n\n\n<ul class=\"wp-block-list\">\n<li>For myndige m\u00e6nd og kvinder, der er interesserede i mandlige\u2194kvindelige forhold p\u00e5 vores platform.<\/li>\n\n\n\n<li>Til l\u00e6sere, der \u00f8nsker klar information, sikkerhedstips og praktiske r\u00e5d.<\/li>\n<\/ul>\n\n\n\n<h2 class=\"wp-block-heading\" id=\"h-mita-julkaisemme\">Hvad vi udgiver<\/h2>\n\n\n\n<ul class=\"wp-block-list\">\n<li>Vejledninger og r\u00e5d baseret p\u00e5 erfaring og god praksis (f.eks. sikkerhed, hvordan man opretter en \u00e6rlig profil, f\u00f8rste m\u00f8der).<\/li>\n\n\n\n<li>Oplysning om realistiske forventninger: Sugardating kr\u00e6ver tid og t\u00e5lmodighed.<\/li>\n\n\n\n<li>Artikler om livsstil og etikette: gr\u00e6nser, kommunikation og samtykke.<\/li>\n\n\n\n<li>Politikopdateringer, produktnyheder og meddelelser, der er relevante for samfundet.<\/li>\n<\/ul>\n\n\n\n<h2 class=\"wp-block-heading\" id=\"h-mita-emme-julkaise\">Hvad vi ikke offentligg\u00f8r<\/h2>\n\n\n\n<ul class=\"wp-block-list\">\n<li>Vildledende l\u00f8fter (\"partner p\u00e5 24 timer\", \"garanteret million\u00e6r\").<\/li>\n\n\n\n<li>Sensationslyst eller clickbait.<\/li>\n\n\n\n<li>Seksuelt eksplicit indhold eller materiale, der fremmer ulovlige aktiviteter.<\/li>\n\n\n\n<li>Guides til misbrug, svindel eller praksis, der er i strid med vores politikker og loven.<\/li>\n<\/ul>\n\n\n\n<h2 class=\"wp-block-heading\" id=\"h-tyyli-ja-toimitukselliset-standardit\">Stil og redaktionelle standarder<\/h2>\n\n\n\n<ul class=\"wp-block-list\">\n<li><strong>Realistisk og ikke-sensationalistisk<\/strong>: prioriterer nytte frem for underholdning.<\/li>\n\n\n\n<li><strong>Klar og direkte<\/strong>: forst\u00e5eligt sprog uden vildledende eufemismer.<\/li>\n\n\n\n<li><strong>Respekt og samtykke<\/strong>: Alle anbefalinger er baseret p\u00e5 lovlighed og fri aftale mellem voksne.<\/li>\n<\/ul>\n\n\n\n<h2 class=\"wp-block-heading\" id=\"h-lahteet-tarkistus-ja-korjaukset\">Kilder, revision og rettelser<\/h2>\n\n\n\n<ul class=\"wp-block-list\">\n<li>Vi sammenligner data med p\u00e5lidelige kilder, hvor det er relevant (unders\u00f8gelser, lovgivning, myndigheder).<\/li>\n\n\n\n<li>Vi vil annoncere datoen for opdateringen og notere eventuelle v\u00e6sentlige \u00e6ndringer.<\/li>\n\n\n\n<li>Hvis du finder en fejl, se <strong>Vores reparationspolitik<\/strong> og skriv til os: <strong>info@sugardaddynordic.com<\/strong>.<\/li>\n<\/ul>\n\n\n\n<h2 class=\"wp-block-heading\" id=\"h-toimituksellinen-riippumattomuus-ja-rahoitus\">Redaktionel uafh\u00e6ngighed og finansiering<\/h2>\n\n\n\n<ul class=\"wp-block-list\">\n<li>Vores anbefalinger er ikke p\u00e5virket af reklamer, partnerskaber eller sponsorater.<\/li>\n\n\n\n<li>Eventuelt sponsoreret indhold eller affiliate-links vil v\u00e6re tydeligt markeret.<\/li>\n\n\n\n<li>For mere information: <strong>Ejerskab og finansiering<\/strong>.<\/li>\n<\/ul>\n\n\n\n<h2 class=\"wp-block-heading\" id=\"h-kuvat-tapaukset-ja-yksityisyys\">Fotos, cases og privatliv<\/h2>\n\n\n\n<ul class=\"wp-block-list\">\n<li>Vi undg\u00e5r billeder eller historier, der romantiserer risici eller skaber urealistiske forventninger.<\/li>\n\n\n\n<li>De praktiske eksempler er anonymiserede og indeholder aldrig identificerbare persondata.<\/li>\n<\/ul>\n\n\n\n<h2 class=\"wp-block-heading\" id=\"h-rajat-ja-turvallisuus\">Gr\u00e6nser og sikkerhed<\/h2>\n\n\n\n<ul class=\"wp-block-list\">\n<li>Vi er ligeglade med gebyrer, vi promoverer ikke sextjenester eller ulovlig praksis.<\/li>\n\n\n\n<li>Vi styrker sikkerhedsbudskaberne: Bekr\u00e6ft identiteten p\u00e5 forh\u00e5nd, m\u00f8d hinanden p\u00e5 offentlige steder, styr p\u00e5 gr\u00e6nserne og brug blokeringsv\u00e6rkt\u00f8jer\/rapportering.<\/li>\n\n\n\n<li>For meddelelser eller hj\u00e6lp: se <strong>Politik for aktiv respons<\/strong>.<\/li>\n<\/ul>\n\n\n\n<h3 class=\"wp-block-heading\" id=\"h-paivitykset\">Opdateringer<\/h3>\n\n\n\n<p>Seneste revision: 26.10.2025<br>Vi kan opdatere disse principper for at forbedre klarheden og tilpasse dem til vores politikker.<\/p>","protected":false},"excerpt":{"rendered":"<p>P\u00e5 SugarDaddyNordic-bloggen udgiver vi realistisk, nyttigt og ansvarligt indhold om sugardating mellem voksne (18+). Vi lover ikke hurtige resultater eller idealiserede oplevelser: Vi s\u00e6lger ikke ideen om at \"finde en million\u00e6r p\u00e5 to dage\". Vi fokuserer p\u00e5 sunde forventninger, t\u00e5lmodighed, sikkerhed og respekt. Hvem vi skriver for Hvad vi udgiver Hvad vi ikke udgiver Stil og redaktionelle standarder Kilder, gennemgang og rettelser Redaktionel uafh\u00e6ngighed og finansiering Billeder, cases og privatlivets fred Gr\u00e6nser [...] <a title=\"Standarder for offentligg\u00f8relse\" class=\"read-more\" href=\"https:\/\/sugardaddynordic.com\/da\/julkaisustandardit\/\" aria-label=\"Read more about Julkaisustandardit\">L\u00e6s mere om det<\/a><\/p>","protected":false},"author":1,"featured_media":0,"parent":0,"menu_order":0,"comment_status":"closed","ping_status":"closed","template":"","meta":{"generate_page_header":"","footnotes":""},"class_list":{"0":"post-13443","1":"page","2":"type-page","3":"status-publish","5":"infinite-scroll-item"},"featured_image_urls":{"full":"","thumbnail":"","medium":"","medium_large":"","large":"","1536x1536":"","2048x2048":"","trp-custom-language-flag":"","crp_thumbnail":""},"post_excerpt_stackable":"<p>SugarDaddyNordic-blogissa julkaisemme realistista, hy\u00f6dyllist\u00e4 ja vastuullista sis\u00e4lt\u00f6\u00e4 sugar datingista t\u00e4ysi-ik\u00e4isten (18+) v\u00e4lill\u00e4.Emme lupaa nopeita tuloksia tai idealisoituja kokemuksia: emme myy ajatusta \u201cl\u00f6yd\u00e4t miljon\u00e4\u00e4rin kahdessa p\u00e4iv\u00e4ss\u00e4\u201d.Panostamme terveisiin odotuksiin, k\u00e4rsiv\u00e4llisyyteen, turvallisuuteen ja kunnioitukseen. Kenelle kirjoitamme T\u00e4ysi-ik\u00e4isille miehille ja naisille, jotka ovat kiinnostuneita mies\u2194nainen -suhteista alustamme puitteissa. Lukijoille, jotka etsiv\u00e4t selke\u00e4\u00e4 tietoa, turvallisuusvinkkej\u00e4 ja k\u00e4yt\u00e4nn\u00f6n ohjeita. Mit\u00e4 julkaisemme Oppaita ja neuvoja kokemusten ja hyvien k\u00e4yt\u00e4nt\u00f6jen pohjalta (esim. turvallisuus, miten luoda rehellinen profiili, ensimm\u00e4iset tapaamiset). Kasvatuksellista sis\u00e4lt\u00f6\u00e4 realistisista odotuksista: sugar dating vaatii aikaa ja k\u00e4rsiv\u00e4llisyytt\u00e4. El\u00e4m\u00e4ntyyliin ja etikettiin liittyvi\u00e4 artikkeleita: rajat, viestint\u00e4 ja suostumus. Politiikkap\u00e4ivityksi\u00e4, tuoteuutuuksia ja yhteis\u00f6lle merkityksellisi\u00e4 ilmoituksia. Mit\u00e4 emme julkaise Harhaanjohtavia&hellip;<\/p>\n","category_list":"","author_info":{"name":"Admin de SugarDaddySuomi","url":"https:\/\/sugardaddynordic.com\/da\/author\/poweb\/"},"comments_num":"0 comments","featured_image_urls_v2":{"full":"","thumbnail":"","medium":"","medium_large":"","large":"","1536x1536":"","2048x2048":"","trp-custom-language-flag":"","crp_thumbnail":""},"post_excerpt_stackable_v2":"<p>SugarDaddyNordic-blogissa julkaisemme realistista, hy\u00f6dyllist\u00e4 ja vastuullista sis\u00e4lt\u00f6\u00e4 sugar datingista t\u00e4ysi-ik\u00e4isten (18+) v\u00e4lill\u00e4.Emme lupaa nopeita tuloksia tai idealisoituja kokemuksia: emme myy ajatusta \u201cl\u00f6yd\u00e4t miljon\u00e4\u00e4rin kahdessa p\u00e4iv\u00e4ss\u00e4\u201d.Panostamme terveisiin odotuksiin, k\u00e4rsiv\u00e4llisyyteen, turvallisuuteen ja kunnioitukseen. Kenelle kirjoitamme T\u00e4ysi-ik\u00e4isille miehille ja naisille, jotka ovat kiinnostuneita mies\u2194nainen -suhteista alustamme puitteissa. Lukijoille, jotka etsiv\u00e4t selke\u00e4\u00e4 tietoa, turvallisuusvinkkej\u00e4 ja k\u00e4yt\u00e4nn\u00f6n ohjeita. Mit\u00e4 julkaisemme Oppaita ja neuvoja kokemusten ja hyvien k\u00e4yt\u00e4nt\u00f6jen pohjalta (esim. turvallisuus, miten luoda rehellinen profiili, ensimm\u00e4iset tapaamiset). Kasvatuksellista sis\u00e4lt\u00f6\u00e4 realistisista odotuksista: sugar dating vaatii aikaa ja k\u00e4rsiv\u00e4llisyytt\u00e4. El\u00e4m\u00e4ntyyliin ja etikettiin liittyvi\u00e4 artikkeleita: rajat, viestint\u00e4 ja suostumus. Politiikkap\u00e4ivityksi\u00e4, tuoteuutuuksia ja yhteis\u00f6lle merkityksellisi\u00e4 ilmoituksia. Mit\u00e4 emme julkaise Harhaanjohtavia&hellip;<\/p>\n","category_list_v2":"","author_info_v2":{"name":"Admin de SugarDaddySuomi","url":"https:\/\/sugardaddynordic.com\/da\/author\/poweb\/"},"comments_num_v2":"0 comments","yoast_head":"<!-- This site is optimized with the Yoast SEO Premium plugin v26.0 (Yoast SEO v27.3) - https:\/\/yoast.com\/product\/yoast-seo-premium-wordpress\/ -->\n<title>Julkaisustandardit<\/title>\n<meta name=\"robots\" content=\"index, follow, max-snippet:-1, max-image-preview:large, max-video-preview:-1\" \/>\n<link rel=\"canonical\" href=\"https:\/\/sugardaddynordic.com\/da\/udgivelsesstandarder\/\" \/>\n<meta property=\"og:locale\" content=\"da_DK\" \/>\n<meta property=\"og:type\" content=\"article\" \/>\n<meta property=\"og:title\" content=\"Julkaisustandardit\" \/>\n<meta property=\"og:description\" content=\"SugarDaddyNordic-blogissa julkaisemme realistista, hy\u00f6dyllist\u00e4 ja vastuullista sis\u00e4lt\u00f6\u00e4 sugar datingista t\u00e4ysi-ik\u00e4isten (18+) v\u00e4lill\u00e4.Emme lupaa nopeita tuloksia tai idealisoituja kokemuksia: emme myy ajatusta \u201cl\u00f6yd\u00e4t miljon\u00e4\u00e4rin kahdessa p\u00e4iv\u00e4ss\u00e4\u201d.Panostamme terveisiin odotuksiin, k\u00e4rsiv\u00e4llisyyteen, turvallisuuteen ja kunnioitukseen. Kenelle kirjoitamme Mit\u00e4 julkaisemme Mit\u00e4 emme julkaise Tyyli ja toimitukselliset standardit L\u00e4hteet, tarkistus ja korjaukset Toimituksellinen riippumattomuus ja rahoitus Kuvat, tapaukset ja yksityisyys Rajat ... Read more\" \/>\n<meta property=\"og:url\" content=\"https:\/\/sugardaddynordic.com\/da\/udgivelsesstandarder\/\" \/>\n<meta property=\"og:site_name\" content=\"Sugar Daddy Nordic \u00ae\" \/>\n<meta property=\"article:modified_time\" content=\"2025-10-26T06:21:24+00:00\" \/>\n<meta property=\"og:image\" content=\"https:\/\/sugardaddynordic.com\/wp-content\/uploads\/2025\/10\/Logo-Sugar-Daddy-Nordic.png\" \/>\n\t<meta property=\"og:image:width\" content=\"1024\" \/>\n\t<meta property=\"og:image:height\" content=\"1024\" \/>\n\t<meta property=\"og:image:type\" content=\"image\/png\" \/>\n<meta name=\"twitter:card\" content=\"summary_large_image\" \/>\n<meta name=\"twitter:label1\" content=\"Estimeret l\u00e6setid\" \/>\n\t<meta name=\"twitter:data1\" content=\"2 minutter\" \/>\n<script type=\"application\/ld+json\" class=\"yoast-schema-graph\">{\"@context\":\"https:\\\/\\\/schema.org\",\"@graph\":[{\"@type\":\"WebPage\",\"@id\":\"https:\\\/\\\/sugardaddynordic.com\\\/julkaisustandardit\\\/\",\"url\":\"https:\\\/\\\/sugardaddynordic.com\\\/julkaisustandardit\\\/\",\"name\":\"Julkaisustandardit\",\"isPartOf\":{\"@id\":\"https:\\\/\\\/sugardaddynordic.com\\\/#website\"},\"datePublished\":\"2025-08-28T08:08:54+00:00\",\"dateModified\":\"2025-10-26T06:21:24+00:00\",\"breadcrumb\":{\"@id\":\"https:\\\/\\\/sugardaddynordic.com\\\/julkaisustandardit\\\/#breadcrumb\"},\"inLanguage\":\"da-DK\",\"potentialAction\":[{\"@type\":\"ReadAction\",\"target\":[\"https:\\\/\\\/sugardaddynordic.com\\\/julkaisustandardit\\\/\"]}]},{\"@type\":\"BreadcrumbList\",\"@id\":\"https:\\\/\\\/sugardaddynordic.com\\\/julkaisustandardit\\\/#breadcrumb\",\"itemListElement\":[{\"@type\":\"ListItem\",\"position\":1,\"name\":\"Home\",\"item\":\"https:\\\/\\\/sugardaddynordic.com\\\/\"},{\"@type\":\"ListItem\",\"position\":2,\"name\":\"Julkaisustandardit\"}]},{\"@type\":\"WebSite\",\"@id\":\"https:\\\/\\\/sugardaddynordic.com\\\/#website\",\"url\":\"https:\\\/\\\/sugardaddynordic.com\\\/\",\"name\":\"Sugar Daddy Nordic\",\"description\":\"\",\"publisher\":{\"@id\":\"https:\\\/\\\/sugardaddynordic.com\\\/#organization\"},\"alternateName\":\"Sugar Daddy Nordic powered by Sugar Daddy Planet\",\"potentialAction\":[{\"@type\":\"SearchAction\",\"target\":{\"@type\":\"EntryPoint\",\"urlTemplate\":\"https:\\\/\\\/sugardaddynordic.com\\\/?s={search_term_string}\"},\"query-input\":{\"@type\":\"PropertyValueSpecification\",\"valueRequired\":true,\"valueName\":\"search_term_string\"}}],\"inLanguage\":\"da-DK\"},{\"@type\":[\"Organization\",\"DatingService\"],\"@id\":\"https:\\\/\\\/sugardaddynordic.com\\\/#organization\",\"name\":\"Sugar Daddy Nordic\",\"url\":\"https:\\\/\\\/sugardaddynordic.com\\\/\",\"logo\":{\"@type\":\"ImageObject\",\"inLanguage\":\"da-DK\",\"@id\":\"https:\\\/\\\/sugardaddynordic.com\\\/#\\\/schema\\\/logo\\\/image\\\/\",\"url\":\"https:\\\/\\\/sugardaddynordic.com\\\/wp-content\\\/uploads\\\/2025\\\/10\\\/cropped-Logo-Sugar-Daddy-Nordic.png\",\"contentUrl\":\"https:\\\/\\\/sugardaddynordic.com\\\/wp-content\\\/uploads\\\/2025\\\/10\\\/cropped-Logo-Sugar-Daddy-Nordic.png\",\"width\":1022,\"height\":323,\"caption\":\"Sugar Daddy Nordic\"},\"image\":{\"@id\":\"https:\\\/\\\/sugardaddynordic.com\\\/#\\\/schema\\\/logo\\\/image\\\/\"},\"serviceType\":\"Dating Service\",\"category\":\"Dating\",\"publishingPrinciples\":\"https:\\\/\\\/sugardaddynordic.com\\\/julkaisustandardit\\\/\",\"ownershipFundingInfo\":\"https:\\\/\\\/sugardaddynordic.com\\\/rahoitus\\\/\",\"actionableFeedbackPolicy\":\"https:\\\/\\\/sugardaddynordic.com\\\/korjauskaytanto\\\/\",\"correctionsPolicy\":\"https:\\\/\\\/sugardaddynordic.com\\\/korjauskaytanto\\\/\",\"ethicsPolicy\":\"https:\\\/\\\/sugardaddynordic.com\\\/eettinen-politiikka\\\/\",\"diversityPolicy\":\"https:\\\/\\\/sugardaddynordic.com\\\/monimuotoisuus\\\/\",\"diversityStaffingReport\":\"https:\\\/\\\/sugardaddynordic.com\\\/yhteistyo\\\/\"}]}<\/script>\n<!-- \/ Yoast SEO Premium plugin. -->","yoast_head_json":{"title":"Standarder for offentligg\u00f8relse","robots":{"index":"index","follow":"follow","max-snippet":"max-snippet:-1","max-image-preview":"max-image-preview:large","max-video-preview":"max-video-preview:-1"},"canonical":"https:\/\/sugardaddynordic.com\/da\/udgivelsesstandarder\/","og_locale":"da_DK","og_type":"article","og_title":"Julkaisustandardit","og_description":"SugarDaddyNordic-blogissa julkaisemme realistista, hy\u00f6dyllist\u00e4 ja vastuullista sis\u00e4lt\u00f6\u00e4 sugar datingista t\u00e4ysi-ik\u00e4isten (18+) v\u00e4lill\u00e4.Emme lupaa nopeita tuloksia tai idealisoituja kokemuksia: emme myy ajatusta \u201cl\u00f6yd\u00e4t miljon\u00e4\u00e4rin kahdessa p\u00e4iv\u00e4ss\u00e4\u201d.Panostamme terveisiin odotuksiin, k\u00e4rsiv\u00e4llisyyteen, turvallisuuteen ja kunnioitukseen. Kenelle kirjoitamme Mit\u00e4 julkaisemme Mit\u00e4 emme julkaise Tyyli ja toimitukselliset standardit L\u00e4hteet, tarkistus ja korjaukset Toimituksellinen riippumattomuus ja rahoitus Kuvat, tapaukset ja yksityisyys Rajat ... Read more","og_url":"https:\/\/sugardaddynordic.com\/da\/udgivelsesstandarder\/","og_site_name":"Sugar Daddy Nordic \u00ae","article_modified_time":"2025-10-26T06:21:24+00:00","og_image":[{"width":1024,"height":1024,"url":"https:\/\/sugardaddynordic.com\/wp-content\/uploads\/2025\/10\/Logo-Sugar-Daddy-Nordic.png","type":"image\/png"}],"twitter_card":"summary_large_image","twitter_misc":{"Estimeret l\u00e6setid":"2 minutter"},"schema":{"@context":"https:\/\/schema.org","@graph":[{"@type":"WebPage","@id":"https:\/\/sugardaddynordic.com\/julkaisustandardit\/","url":"https:\/\/sugardaddynordic.com\/julkaisustandardit\/","name":"Standarder for offentligg\u00f8relse","isPartOf":{"@id":"https:\/\/sugardaddynordic.com\/#website"},"datePublished":"2025-08-28T08:08:54+00:00","dateModified":"2025-10-26T06:21:24+00:00","breadcrumb":{"@id":"https:\/\/sugardaddynordic.com\/julkaisustandardit\/#breadcrumb"},"inLanguage":"da-DK","potentialAction":[{"@type":"ReadAction","target":["https:\/\/sugardaddynordic.com\/julkaisustandardit\/"]}]},{"@type":"BreadcrumbList","@id":"https:\/\/sugardaddynordic.com\/julkaisustandardit\/#breadcrumb","itemListElement":[{"@type":"ListItem","position":1,"name":"Home","item":"https:\/\/sugardaddynordic.com\/"},{"@type":"ListItem","position":2,"name":"Julkaisustandardit"}]},{"@type":"WebSite","@id":"https:\/\/sugardaddynordic.com\/#website","url":"https:\/\/sugardaddynordic.com\/","name":"Sugar Daddy Nordic","description":"","publisher":{"@id":"https:\/\/sugardaddynordic.com\/#organization"},"alternateName":"Sugar Daddy Nordic powered by Sugar Daddy Planet","potentialAction":[{"@type":"SearchAction","target":{"@type":"EntryPoint","urlTemplate":"https:\/\/sugardaddynordic.com\/?s={search_term_string}"},"query-input":{"@type":"PropertyValueSpecification","valueRequired":true,"valueName":"search_term_string"}}],"inLanguage":"da-DK"},{"@type":["Organization","DatingService"],"@id":"https:\/\/sugardaddynordic.com\/#organization","name":"Sugar Daddy Nordic","url":"https:\/\/sugardaddynordic.com\/","logo":{"@type":"ImageObject","inLanguage":"da-DK","@id":"https:\/\/sugardaddynordic.com\/#\/schema\/logo\/image\/","url":"https:\/\/sugardaddynordic.com\/wp-content\/uploads\/2025\/10\/cropped-Logo-Sugar-Daddy-Nordic.png","contentUrl":"https:\/\/sugardaddynordic.com\/wp-content\/uploads\/2025\/10\/cropped-Logo-Sugar-Daddy-Nordic.png","width":1022,"height":323,"caption":"Sugar Daddy Nordic"},"image":{"@id":"https:\/\/sugardaddynordic.com\/#\/schema\/logo\/image\/"},"serviceType":"Dating Service","category":"Dating","publishingPrinciples":"https:\/\/sugardaddynordic.com\/julkaisustandardit\/","ownershipFundingInfo":"https:\/\/sugardaddynordic.com\/rahoitus\/","actionableFeedbackPolicy":"https:\/\/sugardaddynordic.com\/korjauskaytanto\/","correctionsPolicy":"https:\/\/sugardaddynordic.com\/korjauskaytanto\/","ethicsPolicy":"https:\/\/sugardaddynordic.com\/eettinen-politiikka\/","diversityPolicy":"https:\/\/sugardaddynordic.com\/monimuotoisuus\/","diversityStaffingReport":"https:\/\/sugardaddynordic.com\/yhteistyo\/"}]}},"_links":{"self":[{"href":"https:\/\/sugardaddynordic.com\/da\/wp-json\/wp\/v2\/pages\/13443","targetHints":{"allow":["GET"]}}],"collection":[{"href":"https:\/\/sugardaddynordic.com\/da\/wp-json\/wp\/v2\/pages"}],"about":[{"href":"https:\/\/sugardaddynordic.com\/da\/wp-json\/wp\/v2\/types\/page"}],"author":[{"embeddable":true,"href":"https:\/\/sugardaddynordic.com\/da\/wp-json\/wp\/v2\/users\/1"}],"replies":[{"embeddable":true,"href":"https:\/\/sugardaddynordic.com\/da\/wp-json\/wp\/v2\/comments?post=13443"}],"version-history":[{"count":0,"href":"https:\/\/sugardaddynordic.com\/da\/wp-json\/wp\/v2\/pages\/13443\/revisions"}],"wp:attachment":[{"href":"https:\/\/sugardaddynordic.com\/da\/wp-json\/wp\/v2\/media?parent=13443"}],"curies":[{"name":"wp","href":"https:\/\/api.w.org\/{rel}","templated":true}]}}