{"id":13444,"date":"2025-08-28T11:08:56","date_gmt":"2025-08-28T08:08:56","guid":{"rendered":"https:\/\/sugardaddynordic.com\/?page_id=13444"},"modified":"2025-10-26T08:23:14","modified_gmt":"2025-10-26T06:23:14","slug":"reparationsstotte","status":"publish","type":"page","link":"https:\/\/sugardaddynordic.com\/da\/korjauskaytanto\/","title":{"rendered":"Politik for reparation"},"content":{"rendered":"<p>P\u00e5 SugarDaddyNordic-bloggen forpligter vi os til at producere <strong>pr\u00e6cist, klart og ansvarligt indhold<\/strong>. N\u00e5r vi finder fejl, retter vi dem \u00e5bent, uden sensationalisme eller vildledende l\u00f8fter, og vi efterlader altid en note om de \u00e6ndringer, der er foretaget.<br>Vi giver ogs\u00e5 brugerne mulighed for at udgive artikler - l\u00e6s mere p\u00e5 <strong>Partnerskaber<\/strong>.<\/p>\n\n\n\n<h2 class=\"wp-block-heading\" id=\"h-soveltamisala\">Omfang<\/h2>\n\n\n\n<p>Denne politik g\u00e6lder for det redaktionelle indhold p\u00e5 bloggen.<br>Brugergenereret indhold (profiler, beskeder osv.) administreres af <strong>Politik for aktiv respons<\/strong> og <strong>Vilk\u00e5r for brug<\/strong> p\u00e5 linje med.<\/p>\n\n\n\n<h2 class=\"wp-block-heading\" id=\"h-muutostyypit-ja-niiden-merkinnat\">Typer af \u00e6ndringer og deres indikationer<\/h2>\n\n\n\n<figure class=\"wp-block-table\"><table class=\"has-fixed-layout\"><thead><tr><th>Type<\/th><th>Definition<\/th><th>S\u00e5dan viser du<\/th><\/tr><\/thead><tbody><tr><td><strong>Korrektion<\/strong><\/td><td>Rettelse af forkerte oplysninger (dato, nummer, navn, link).<\/td><td>Note i begyndelsen eller slutningen: \"Korrektion (dd\/mm\/\u00e5\u00e5\u00e5 hh:mm CET): ...<\/td><\/tr><tr><td><strong>Afklaring<\/strong><\/td><td>Tilf\u00f8jet kontekst for at undg\u00e5 fejlfortolkning.<\/td><td>\"Revision (dd\/mm\/\u00e5\u00e5\u00e5\u00e5 hh:mm CET): ...\"<\/td><\/tr><tr><td><strong>Opdatering<\/strong><\/td><td>Tilf\u00f8jelse af ny, relevant information uden at tage fejl af den oprindelige information.<\/td><td>\"Opdatering (dd\/mm\/yyyyyy hh:mm CET): ...\"<\/td><\/tr><tr><td><strong>Rettelse \/ sletning<\/strong><\/td><td>N\u00e5r kernen i artiklen er forkert eller problematisk.<\/td><td>\"Rettelse\/Sletning (dd\/mm\/\u00e5\u00e5\u00e5\u00e5 hh:mm CET): ...\" med en forklaring; kan omfatte sletning af publikationen med en meddelelse.<\/td><\/tr><\/tbody><\/table><\/figure>\n\n\n\n<ul class=\"wp-block-list\">\n<li>Vi \u00e6ndrer aldrig det v\u00e6sentlige indhold uden at efterlade spor.<\/li>\n\n\n\n<li>Mindre stavefejl kan rettes uden kommentarer, hvis de ikke \u00e6ndrer betydningen.<\/li>\n<\/ul>\n\n\n\n<h2 class=\"wp-block-heading\" id=\"h-toimituksellinen-korjausprosessi\">Den redaktionelle reparationsproces<\/h2>\n\n\n\n<ol class=\"wp-block-list\">\n<li><strong>Opdagelse<\/strong> (intern eller ekstern meddelelse).<\/li>\n\n\n\n<li><strong>Tjek<\/strong>: verificere information med kilder og beviser.<\/li>\n\n\n\n<li><strong>Korrektion og synlig note<\/strong> (i henhold til tabellen).<\/li>\n\n\n\n<li><strong>En post i historikken over \u00e6ndringer til artiklen<\/strong>.<\/li>\n\n\n\n<li><strong>Endeligt redigeringstjek<\/strong>.<\/li>\n<\/ol>\n\n\n\n<h2 class=\"wp-block-heading\" id=\"h-virheen-ilmoittaminen\">Rapportering af en fejl<\/h2>\n\n\n\n<p>Send os en e-mail til <strong><a>corrections@sugardaddynordic.com<\/a><\/strong>skal du inkludere:<\/p>\n\n\n\n<ul class=\"wp-block-list\">\n<li>URL og n\u00f8jagtigt afsnit i artiklen.<\/li>\n\n\n\n<li>Beskrivelse af fejlen.<\/li>\n\n\n\n<li>Kilder eller beviser (links, dokumenter).<\/li>\n\n\n\n<li>Dine kontaktoplysninger (valgfrit til opf\u00f8lgning).<\/li>\n<\/ul>\n\n\n\n<p><strong>Svartider<\/strong> (se Politik for aktiv respons for flere detaljer):<\/p>\n\n\n\n<ul class=\"wp-block-list\">\n<li>Vi takker for hj\u00e6lpen: <strong>48 h<\/strong><\/li>\n\n\n\n<li>Det f\u00f8rste substantielle svar: <strong>2-3 dage<\/strong><\/li>\n\n\n\n<li>I komplekse tilf\u00e6lde: Vi giver dig besked om en ny vurdering.<\/li>\n<\/ul>\n\n\n\n<h2 class=\"wp-block-heading\" id=\"h-vastineoikeus\">Ret til at svare<\/h2>\n\n\n\n<p>Hvis du mener, at du er ber\u00f8rt af denne publikation og gerne vil svare, kan du skrive til. <strong><a>appeals@sugardaddynordic.com<\/a><\/strong> og inkluderer:<\/p>\n\n\n\n<ul class=\"wp-block-list\">\n<li>Personlighed og forhold til indhold.<\/li>\n\n\n\n<li>Forslag til tekst (maks. 300-500 ord) og st\u00f8ttedokumenter.<\/li>\n<\/ul>\n\n\n\n<p>Accept og udgivelsesform er op til redakt\u00f8ren, men vi garanterer fair behandling og kontekst.<\/p>\n\n\n\n<h2 class=\"wp-block-heading\" id=\"h-henkilotiedot-ja-gdpr\">Personlige data og GDPR<\/h2>\n\n\n\n<ul class=\"wp-block-list\">\n<li>Hvis artiklen indeholder forkerte personoplysninger, eller du \u00f8nsker at ud\u00f8ve dine rettigheder (ret til adgang, berigtigelse, sletning, indsigelse, portabilitet), bedes du skrive til. <strong><a>privacy@sugardaddynordic.com<\/a><\/strong>.<\/li>\n\n\n\n<li>Korrektionen af personoplysninger kan kombineres med en redaktionel korrektion af hensyn til gennemsigtigheden.<\/li>\n<\/ul>\n\n\n\n<h2 class=\"wp-block-heading\" id=\"h-muutoshistoria\">\u00c6ndre historik<\/h2>\n\n\n\n<p>Hver artikel har sin egen historieblok i slutningen:<\/p>\n\n\n\n<p><strong>\u00c6ndre historik<\/strong><\/p>\n\n\n\n<ul class=\"wp-block-list\">\n<li>20\/08\/2025 10:15 CET - <strong>Korrektion<\/strong>: data X sagde \"A\" og blev \u00e6ndret til \"B\".<\/li>\n\n\n\n<li>18\/08\/2025 09:00 CET - <strong>Opdatering<\/strong>: tilf\u00f8jet til 2025-studiet.<\/li>\n<\/ul>\n\n\n\n<h2 class=\"wp-block-heading\" id=\"h-mika-ei-ole-korjaus\">Hvad er ikke en reparation<\/h2>\n\n\n\n<ul class=\"wp-block-list\">\n<li>Meningsforskelle eller redaktionelle perspektiver.<\/li>\n\n\n\n<li>Anmodninger om at fjerne korrekte og lovligt offentliggjorte oplysninger.<\/li>\n\n\n\n<li>Kosmetiske \u00e6ndringer, der ikke \u00e6ndrer betydningen.<\/li>\n<\/ul>\n\n\n\n<h2 class=\"wp-block-heading\" id=\"h-yhteystiedot\">Kontakt<\/h2>\n\n\n\n<ul class=\"wp-block-list\">\n<li>Rettelser:Klager \/ Ret til svar \/ Databeskyttelse: <strong>info@sugardaddynordic.com<\/strong><\/li>\n<\/ul>\n\n\n\n<h3 class=\"wp-block-heading\" id=\"h-paivitykset\">Opdateringer<\/h3>\n\n\n\n<p>Seneste anmeldelse: <strong>26.10.2025<\/strong>.<br>Vi kan opdatere denne politik for at forbedre processer eller for at overholde lovm\u00e6ssige \u00e6ndringer.<\/p>","protected":false},"excerpt":{"rendered":"<p>P\u00e5 SugarDaddyNordic-bloggen er vi forpligtet til at producere pr\u00e6cist, klart og ansvarligt indhold. N\u00e5r vi finder fejl, retter vi dem \u00e5bent, uden sensationalisme eller vildledende l\u00f8fter, og vi efterlader altid en note om de foretagne \u00e6ndringer. Vi tilbyder ogs\u00e5 brugere mulighed for at udgive artikler - l\u00e6s mere i afsnittet Samarbejde. Omfang Denne politik g\u00e6lder for det redaktionelle indhold p\u00e5 bloggen. Brugergenereret indhold (profiler, indl\u00e6g osv.) h\u00e5ndteres i overensstemmelse med Active Response Policy og Terms of Use. Typer af \u00e6ndringer [...] <a title=\"Politik for reparation\" class=\"read-more\" href=\"https:\/\/sugardaddynordic.com\/da\/korjauskaytanto\/\" aria-label=\"Read more about Korjausk\u00e4yt\u00e4nt\u00f6\">L\u00e6s mere om det<\/a><\/p>","protected":false},"author":1,"featured_media":0,"parent":0,"menu_order":0,"comment_status":"closed","ping_status":"closed","template":"","meta":{"generate_page_header":"","footnotes":""},"class_list":{"0":"post-13444","1":"page","2":"type-page","3":"status-publish","5":"infinite-scroll-item"},"featured_image_urls":{"full":"","thumbnail":"","medium":"","medium_large":"","large":"","1536x1536":"","2048x2048":"","trp-custom-language-flag":"","crp_thumbnail":""},"post_excerpt_stackable":"<p>SugarDaddyNordic-blogissa sitoudumme tuottamaan tarkkaa, selke\u00e4\u00e4 ja vastuullista sis\u00e4lt\u00f6\u00e4. Kun havaitsemme virheit\u00e4, korjaamme ne avoimesti, ilman sensaatiohakuisuutta tai harhaanjohtavia lupauksia, ja j\u00e4t\u00e4mme aina merkinn\u00e4n tehdyist\u00e4 muutoksista.Lis\u00e4ksi tarjoamme k\u00e4ytt\u00e4jille mahdollisuuden julkaista artikkeleita \u2013 lue lis\u00e4\u00e4 kohdasta Yhteisty\u00f6t. Soveltamisala T\u00e4m\u00e4 politiikka koskee blogin toimituksellista sis\u00e4lt\u00f6\u00e4.K\u00e4ytt\u00e4jien tuottamaa sis\u00e4lt\u00f6\u00e4 (profiilit, viestit jne.) hallinnoidaan Aktiivisen vastauksen politiikan ja K\u00e4ytt\u00f6ehtojen mukaisesti. Muutostyypit ja niiden merkinn\u00e4t TyyppiM\u00e4\u00e4ritelm\u00e4Miten n\u00e4ytet\u00e4\u00e4nKorjausVirheellisen tiedon korjaus (p\u00e4iv\u00e4ys, numero, nimi, linkki).Huomautus alussa tai lopussa: \u201cKorjaus (pp\/kk\/vvvv hh:mm CET): \u2026\u201dTarkennusLis\u00e4tty konteksti v\u00e4\u00e4rintulkintojen v\u00e4ltt\u00e4miseksi.\u201cTarkennus (pp\/kk\/vvvv hh:mm CET): \u2026\u201dP\u00e4ivitysUuden, olennaisen tiedon lis\u00e4\u00e4minen ilman, ett\u00e4 alkuper\u00e4inen tieto olisi ollut v\u00e4\u00e4rin.\u201cP\u00e4ivitys (pp\/kk\/vvvv hh:mm CET): \u2026\u201dOikaisu \/ poistoKun artikkelin ydin on&hellip;<\/p>\n","category_list":"","author_info":{"name":"Admin de SugarDaddySuomi","url":"https:\/\/sugardaddynordic.com\/da\/author\/poweb\/"},"comments_num":"0 comments","featured_image_urls_v2":{"full":"","thumbnail":"","medium":"","medium_large":"","large":"","1536x1536":"","2048x2048":"","trp-custom-language-flag":"","crp_thumbnail":""},"post_excerpt_stackable_v2":"<p>SugarDaddyNordic-blogissa sitoudumme tuottamaan tarkkaa, selke\u00e4\u00e4 ja vastuullista sis\u00e4lt\u00f6\u00e4. Kun havaitsemme virheit\u00e4, korjaamme ne avoimesti, ilman sensaatiohakuisuutta tai harhaanjohtavia lupauksia, ja j\u00e4t\u00e4mme aina merkinn\u00e4n tehdyist\u00e4 muutoksista.Lis\u00e4ksi tarjoamme k\u00e4ytt\u00e4jille mahdollisuuden julkaista artikkeleita \u2013 lue lis\u00e4\u00e4 kohdasta Yhteisty\u00f6t. Soveltamisala T\u00e4m\u00e4 politiikka koskee blogin toimituksellista sis\u00e4lt\u00f6\u00e4.K\u00e4ytt\u00e4jien tuottamaa sis\u00e4lt\u00f6\u00e4 (profiilit, viestit jne.) hallinnoidaan Aktiivisen vastauksen politiikan ja K\u00e4ytt\u00f6ehtojen mukaisesti. Muutostyypit ja niiden merkinn\u00e4t TyyppiM\u00e4\u00e4ritelm\u00e4Miten n\u00e4ytet\u00e4\u00e4nKorjausVirheellisen tiedon korjaus (p\u00e4iv\u00e4ys, numero, nimi, linkki).Huomautus alussa tai lopussa: \u201cKorjaus (pp\/kk\/vvvv hh:mm CET): \u2026\u201dTarkennusLis\u00e4tty konteksti v\u00e4\u00e4rintulkintojen v\u00e4ltt\u00e4miseksi.\u201cTarkennus (pp\/kk\/vvvv hh:mm CET): \u2026\u201dP\u00e4ivitysUuden, olennaisen tiedon lis\u00e4\u00e4minen ilman, ett\u00e4 alkuper\u00e4inen tieto olisi ollut v\u00e4\u00e4rin.\u201cP\u00e4ivitys (pp\/kk\/vvvv hh:mm CET): \u2026\u201dOikaisu \/ poistoKun artikkelin ydin on&hellip;<\/p>\n","category_list_v2":"","author_info_v2":{"name":"Admin de SugarDaddySuomi","url":"https:\/\/sugardaddynordic.com\/da\/author\/poweb\/"},"comments_num_v2":"0 comments","yoast_head":"<!-- This site is optimized with the Yoast SEO Premium plugin v26.0 (Yoast SEO v27.3) - https:\/\/yoast.com\/product\/yoast-seo-premium-wordpress\/ -->\n<title>Korjausk\u00e4yt\u00e4nt\u00f6<\/title>\n<meta name=\"robots\" content=\"index, follow, max-snippet:-1, max-image-preview:large, max-video-preview:-1\" \/>\n<link rel=\"canonical\" href=\"https:\/\/sugardaddynordic.com\/da\/reparationsstotte\/\" \/>\n<meta property=\"og:locale\" content=\"da_DK\" \/>\n<meta property=\"og:type\" content=\"article\" \/>\n<meta property=\"og:title\" content=\"Korjausk\u00e4yt\u00e4nt\u00f6\" \/>\n<meta property=\"og:description\" content=\"SugarDaddyNordic-blogissa sitoudumme tuottamaan tarkkaa, selke\u00e4\u00e4 ja vastuullista sis\u00e4lt\u00f6\u00e4. Kun havaitsemme virheit\u00e4, korjaamme ne avoimesti, ilman sensaatiohakuisuutta tai harhaanjohtavia lupauksia, ja j\u00e4t\u00e4mme aina merkinn\u00e4n tehdyist\u00e4 muutoksista.Lis\u00e4ksi tarjoamme k\u00e4ytt\u00e4jille mahdollisuuden julkaista artikkeleita \u2013 lue lis\u00e4\u00e4 kohdasta Yhteisty\u00f6t. Soveltamisala T\u00e4m\u00e4 politiikka koskee blogin toimituksellista sis\u00e4lt\u00f6\u00e4.K\u00e4ytt\u00e4jien tuottamaa sis\u00e4lt\u00f6\u00e4 (profiilit, viestit jne.) hallinnoidaan Aktiivisen vastauksen politiikan ja K\u00e4ytt\u00f6ehtojen mukaisesti. Muutostyypit ... Read more\" \/>\n<meta property=\"og:url\" content=\"https:\/\/sugardaddynordic.com\/da\/reparationsstotte\/\" \/>\n<meta property=\"og:site_name\" content=\"Sugar Daddy Nordic \u00ae\" \/>\n<meta property=\"article:modified_time\" content=\"2025-10-26T06:23:14+00:00\" \/>\n<meta property=\"og:image\" content=\"https:\/\/sugardaddynordic.com\/wp-content\/uploads\/2025\/10\/Logo-Sugar-Daddy-Nordic.png\" \/>\n\t<meta property=\"og:image:width\" content=\"1024\" \/>\n\t<meta property=\"og:image:height\" content=\"1024\" \/>\n\t<meta property=\"og:image:type\" content=\"image\/png\" \/>\n<meta name=\"twitter:card\" content=\"summary_large_image\" \/>\n<meta name=\"twitter:label1\" content=\"Estimeret l\u00e6setid\" \/>\n\t<meta name=\"twitter:data1\" content=\"3 minutter\" \/>\n<script type=\"application\/ld+json\" class=\"yoast-schema-graph\">{\"@context\":\"https:\\\/\\\/schema.org\",\"@graph\":[{\"@type\":\"WebPage\",\"@id\":\"https:\\\/\\\/sugardaddynordic.com\\\/korjauskaytanto\\\/\",\"url\":\"https:\\\/\\\/sugardaddynordic.com\\\/korjauskaytanto\\\/\",\"name\":\"Korjausk\u00e4yt\u00e4nt\u00f6\",\"isPartOf\":{\"@id\":\"https:\\\/\\\/sugardaddynordic.com\\\/#website\"},\"datePublished\":\"2025-08-28T08:08:56+00:00\",\"dateModified\":\"2025-10-26T06:23:14+00:00\",\"breadcrumb\":{\"@id\":\"https:\\\/\\\/sugardaddynordic.com\\\/korjauskaytanto\\\/#breadcrumb\"},\"inLanguage\":\"da-DK\",\"potentialAction\":[{\"@type\":\"ReadAction\",\"target\":[\"https:\\\/\\\/sugardaddynordic.com\\\/korjauskaytanto\\\/\"]}]},{\"@type\":\"BreadcrumbList\",\"@id\":\"https:\\\/\\\/sugardaddynordic.com\\\/korjauskaytanto\\\/#breadcrumb\",\"itemListElement\":[{\"@type\":\"ListItem\",\"position\":1,\"name\":\"Home\",\"item\":\"https:\\\/\\\/sugardaddynordic.com\\\/\"},{\"@type\":\"ListItem\",\"position\":2,\"name\":\"Korjausk\u00e4yt\u00e4nt\u00f6\"}]},{\"@type\":\"WebSite\",\"@id\":\"https:\\\/\\\/sugardaddynordic.com\\\/#website\",\"url\":\"https:\\\/\\\/sugardaddynordic.com\\\/\",\"name\":\"Sugar Daddy Nordic\",\"description\":\"\",\"publisher\":{\"@id\":\"https:\\\/\\\/sugardaddynordic.com\\\/#organization\"},\"alternateName\":\"Sugar Daddy Nordic powered by Sugar Daddy Planet\",\"potentialAction\":[{\"@type\":\"SearchAction\",\"target\":{\"@type\":\"EntryPoint\",\"urlTemplate\":\"https:\\\/\\\/sugardaddynordic.com\\\/?s={search_term_string}\"},\"query-input\":{\"@type\":\"PropertyValueSpecification\",\"valueRequired\":true,\"valueName\":\"search_term_string\"}}],\"inLanguage\":\"da-DK\"},{\"@type\":[\"Organization\",\"DatingService\"],\"@id\":\"https:\\\/\\\/sugardaddynordic.com\\\/#organization\",\"name\":\"Sugar Daddy Nordic\",\"url\":\"https:\\\/\\\/sugardaddynordic.com\\\/\",\"logo\":{\"@type\":\"ImageObject\",\"inLanguage\":\"da-DK\",\"@id\":\"https:\\\/\\\/sugardaddynordic.com\\\/#\\\/schema\\\/logo\\\/image\\\/\",\"url\":\"https:\\\/\\\/sugardaddynordic.com\\\/wp-content\\\/uploads\\\/2025\\\/10\\\/cropped-Logo-Sugar-Daddy-Nordic.png\",\"contentUrl\":\"https:\\\/\\\/sugardaddynordic.com\\\/wp-content\\\/uploads\\\/2025\\\/10\\\/cropped-Logo-Sugar-Daddy-Nordic.png\",\"width\":1022,\"height\":323,\"caption\":\"Sugar Daddy Nordic\"},\"image\":{\"@id\":\"https:\\\/\\\/sugardaddynordic.com\\\/#\\\/schema\\\/logo\\\/image\\\/\"},\"serviceType\":\"Dating Service\",\"category\":\"Dating\",\"publishingPrinciples\":\"https:\\\/\\\/sugardaddynordic.com\\\/julkaisustandardit\\\/\",\"ownershipFundingInfo\":\"https:\\\/\\\/sugardaddynordic.com\\\/rahoitus\\\/\",\"actionableFeedbackPolicy\":\"https:\\\/\\\/sugardaddynordic.com\\\/korjauskaytanto\\\/\",\"correctionsPolicy\":\"https:\\\/\\\/sugardaddynordic.com\\\/korjauskaytanto\\\/\",\"ethicsPolicy\":\"https:\\\/\\\/sugardaddynordic.com\\\/eettinen-politiikka\\\/\",\"diversityPolicy\":\"https:\\\/\\\/sugardaddynordic.com\\\/monimuotoisuus\\\/\",\"diversityStaffingReport\":\"https:\\\/\\\/sugardaddynordic.com\\\/yhteistyo\\\/\"}]}<\/script>\n<!-- \/ Yoast SEO Premium plugin. -->","yoast_head_json":{"title":"Politik for reparation","robots":{"index":"index","follow":"follow","max-snippet":"max-snippet:-1","max-image-preview":"max-image-preview:large","max-video-preview":"max-video-preview:-1"},"canonical":"https:\/\/sugardaddynordic.com\/da\/reparationsstotte\/","og_locale":"da_DK","og_type":"article","og_title":"Korjausk\u00e4yt\u00e4nt\u00f6","og_description":"SugarDaddyNordic-blogissa sitoudumme tuottamaan tarkkaa, selke\u00e4\u00e4 ja vastuullista sis\u00e4lt\u00f6\u00e4. Kun havaitsemme virheit\u00e4, korjaamme ne avoimesti, ilman sensaatiohakuisuutta tai harhaanjohtavia lupauksia, ja j\u00e4t\u00e4mme aina merkinn\u00e4n tehdyist\u00e4 muutoksista.Lis\u00e4ksi tarjoamme k\u00e4ytt\u00e4jille mahdollisuuden julkaista artikkeleita \u2013 lue lis\u00e4\u00e4 kohdasta Yhteisty\u00f6t. Soveltamisala T\u00e4m\u00e4 politiikka koskee blogin toimituksellista sis\u00e4lt\u00f6\u00e4.K\u00e4ytt\u00e4jien tuottamaa sis\u00e4lt\u00f6\u00e4 (profiilit, viestit jne.) hallinnoidaan Aktiivisen vastauksen politiikan ja K\u00e4ytt\u00f6ehtojen mukaisesti. Muutostyypit ... Read more","og_url":"https:\/\/sugardaddynordic.com\/da\/reparationsstotte\/","og_site_name":"Sugar Daddy Nordic \u00ae","article_modified_time":"2025-10-26T06:23:14+00:00","og_image":[{"width":1024,"height":1024,"url":"https:\/\/sugardaddynordic.com\/wp-content\/uploads\/2025\/10\/Logo-Sugar-Daddy-Nordic.png","type":"image\/png"}],"twitter_card":"summary_large_image","twitter_misc":{"Estimeret l\u00e6setid":"3 minutter"},"schema":{"@context":"https:\/\/schema.org","@graph":[{"@type":"WebPage","@id":"https:\/\/sugardaddynordic.com\/korjauskaytanto\/","url":"https:\/\/sugardaddynordic.com\/korjauskaytanto\/","name":"Politik for reparation","isPartOf":{"@id":"https:\/\/sugardaddynordic.com\/#website"},"datePublished":"2025-08-28T08:08:56+00:00","dateModified":"2025-10-26T06:23:14+00:00","breadcrumb":{"@id":"https:\/\/sugardaddynordic.com\/korjauskaytanto\/#breadcrumb"},"inLanguage":"da-DK","potentialAction":[{"@type":"ReadAction","target":["https:\/\/sugardaddynordic.com\/korjauskaytanto\/"]}]},{"@type":"BreadcrumbList","@id":"https:\/\/sugardaddynordic.com\/korjauskaytanto\/#breadcrumb","itemListElement":[{"@type":"ListItem","position":1,"name":"Home","item":"https:\/\/sugardaddynordic.com\/"},{"@type":"ListItem","position":2,"name":"Korjausk\u00e4yt\u00e4nt\u00f6"}]},{"@type":"WebSite","@id":"https:\/\/sugardaddynordic.com\/#website","url":"https:\/\/sugardaddynordic.com\/","name":"Sugar Daddy Nordic","description":"","publisher":{"@id":"https:\/\/sugardaddynordic.com\/#organization"},"alternateName":"Sugar Daddy Nordic powered by Sugar Daddy Planet","potentialAction":[{"@type":"SearchAction","target":{"@type":"EntryPoint","urlTemplate":"https:\/\/sugardaddynordic.com\/?s={search_term_string}"},"query-input":{"@type":"PropertyValueSpecification","valueRequired":true,"valueName":"search_term_string"}}],"inLanguage":"da-DK"},{"@type":["Organization","DatingService"],"@id":"https:\/\/sugardaddynordic.com\/#organization","name":"Sugar Daddy Nordic","url":"https:\/\/sugardaddynordic.com\/","logo":{"@type":"ImageObject","inLanguage":"da-DK","@id":"https:\/\/sugardaddynordic.com\/#\/schema\/logo\/image\/","url":"https:\/\/sugardaddynordic.com\/wp-content\/uploads\/2025\/10\/cropped-Logo-Sugar-Daddy-Nordic.png","contentUrl":"https:\/\/sugardaddynordic.com\/wp-content\/uploads\/2025\/10\/cropped-Logo-Sugar-Daddy-Nordic.png","width":1022,"height":323,"caption":"Sugar Daddy Nordic"},"image":{"@id":"https:\/\/sugardaddynordic.com\/#\/schema\/logo\/image\/"},"serviceType":"Dating Service","category":"Dating","publishingPrinciples":"https:\/\/sugardaddynordic.com\/julkaisustandardit\/","ownershipFundingInfo":"https:\/\/sugardaddynordic.com\/rahoitus\/","actionableFeedbackPolicy":"https:\/\/sugardaddynordic.com\/korjauskaytanto\/","correctionsPolicy":"https:\/\/sugardaddynordic.com\/korjauskaytanto\/","ethicsPolicy":"https:\/\/sugardaddynordic.com\/eettinen-politiikka\/","diversityPolicy":"https:\/\/sugardaddynordic.com\/monimuotoisuus\/","diversityStaffingReport":"https:\/\/sugardaddynordic.com\/yhteistyo\/"}]}},"_links":{"self":[{"href":"https:\/\/sugardaddynordic.com\/da\/wp-json\/wp\/v2\/pages\/13444","targetHints":{"allow":["GET"]}}],"collection":[{"href":"https:\/\/sugardaddynordic.com\/da\/wp-json\/wp\/v2\/pages"}],"about":[{"href":"https:\/\/sugardaddynordic.com\/da\/wp-json\/wp\/v2\/types\/page"}],"author":[{"embeddable":true,"href":"https:\/\/sugardaddynordic.com\/da\/wp-json\/wp\/v2\/users\/1"}],"replies":[{"embeddable":true,"href":"https:\/\/sugardaddynordic.com\/da\/wp-json\/wp\/v2\/comments?post=13444"}],"version-history":[{"count":0,"href":"https:\/\/sugardaddynordic.com\/da\/wp-json\/wp\/v2\/pages\/13444\/revisions"}],"wp:attachment":[{"href":"https:\/\/sugardaddynordic.com\/da\/wp-json\/wp\/v2\/media?parent=13444"}],"curies":[{"name":"wp","href":"https:\/\/api.w.org\/{rel}","templated":true}]}}