{"id":2430,"date":"2019-01-22T08:31:57","date_gmt":"2019-01-22T06:31:57","guid":{"rendered":"https:\/\/sugardaddynordic.com\/?page_id=2430"},"modified":"2025-10-26T08:19:51","modified_gmt":"2025-10-26T06:19:51","slug":"vilkar-og-betingelser","status":"publish","type":"page","link":"https:\/\/sugardaddynordic.com\/da\/kayttoehdot\/","title":{"rendered":"Vilk\u00e5r for brug"},"content":{"rendered":"<h2 class=\"wp-block-heading\" id=\"h-1-hinnat\">1-. Priser fra<\/h2>\n\n\n\n<p>Sugar Daddy Nordic-priserne er opdelt efter adgangstype. Abonnement p\u00e5 Sugarbaby er gratis.<br>Denne hjemmeside har tre planer for adgang til det sociale netv\u00e6rk.<\/p>\n\n\n\n<ul class=\"wp-block-list\">\n<li><strong>M\u00e5nedlig adgang:<\/strong>&nbsp;&nbsp;brugeren kan bruge det sociale netv\u00e6rk og sende private beskeder i de m\u00e5neder, hvor abonnementet fornyes*.<\/li>\n\n\n\n<li><strong>Kvartalsvis licens:<\/strong>&nbsp;&nbsp;Kvartalsvis adgang, n\u00e5r en bruger fornyer et abonnement*.<\/li>\n\n\n\n<li><strong>\u00c5rlig licens:<\/strong>&nbsp;&nbsp;som brugeren kan f\u00e5 adgang til i et \u00e5r.<\/li>\n<\/ul>\n\n\n\n<p>*Abonnementet fornyes automatisk, selvom der er et m\u00e5nedligt gebyr, kontrakten er p\u00e5 et \u00e5r, s\u00e5 tidlig opsigelse kan i nogle tilf\u00e6lde resultere i en b\u00f8de p\u00e5 en m\u00e5ned, hvis opsigelsen sker i l\u00f8bet af de f\u00f8rste to m\u00e5neders brug. Opsigelse af abonnementet er knyttet til vores betalingssystem, s\u00e5 opsigelsen sker fra din kundeprofil eller via e-mail. Der er ingen varighed, s\u00e5 du kan opsige dit abonnement til enhver tid, med opsigelse af kontrakten med en mulig b\u00f8de p\u00e5 en m\u00e5ned, hvis opsigelsen sker inden for 2 m\u00e5neder efter registrering til brug af webstedet.<\/p>\n\n\n\n<h2 class=\"wp-block-heading\" id=\"h-2-palautuskaytanto\">2-. Retningslinjer for returnering:<\/h2>\n\n\n\n<p>Du accepterer, at alle betalinger foretaget p\u00e5 webstedet er endelige, og at du ikke vil stille sp\u00f8rgsm\u00e5lstegn ved eller bestride opkr\u00e6vningen hos din bank. Du accepterer endvidere, at hvis du har betalingsproblemer (f.eks. dobbeltfakturering), vil du \u00e5bne en supportbillet via webstedet for at l\u00f8se problemet. I tilf\u00e6lde af en tvist med din bank accepterer du, at du er ansvarlig for enhver g\u00e6ld til os og eventuelle gebyrer for tvistl\u00f8sning, der opkr\u00e6ves af vores bank.<\/p>\n\n\n\n<p>F\u00f8rste gang en bruger logger ind p\u00e5 platformen mod betaling, mister han\/hun retten til at annullere den aktuelle betaling, bruge den private beskedtjeneste og v\u00e6re aktiv p\u00e5 platformen. Hvis du ikke \u00f8nsker at forts\u00e6tte med at bruge tjenesten, skal du derfor opsige dit abonnement.<\/p>\n\n\n\n<p>Hvis brugeren beslutter at opsige en ubrugt tjeneste, refunderes den sidste rate, hvis den opfylder kravene, men ikke de tidligere rater, for hvis abonnementsgebyret er betalt, anses tjenesten for at v\u00e6re brugt fra det \u00f8jeblik, brugeren har v\u00e6ret aktiv p\u00e5 platformen.<\/p>\n\n\n\n<p>Du kan anmode om s\u00e5 mange oplysninger, som du vil, f\u00f8r du tilmelder dig platformen via forbindelsesomr\u00e5det, men vi refunderer under ingen omst\u00e6ndigheder allerede betalte m\u00e5nedsgebyrer eller \u00e5rsgebyrer.<\/p>\n\n\n\n<h2 class=\"wp-block-heading\" id=\"h-3-kayttajien-toimintakaytanto\">3-. Brugerpolitik:<\/h2>\n\n\n\n<p>Manglende overholdelse af f\u00f8lgende regler vil resultere i sletning af webstedet uden ret til refusion af betalte bel\u00f8b og uden pr\u00e6judice for eventuelle juridiske skridt, som webstedets ejer m\u00e5tte tage. Dette websted forbeholder sig ret til at n\u00e6gte adgang til brugere og kan bortvise dem, hvis der opdages uautoriseret aktivitet.<\/p>\n\n\n\n<p>I s\u00e6rdeleshed accepterer brugeren:<\/p>\n\n\n\n<ol class=\"wp-block-list\">\n<li>Du skal v\u00e6re over 18 \u00e5r for at f\u00e5 adgang til hjemmesiden.<\/li>\n\n\n\n<li>Brug ikke det leverede indhold p\u00e5 en ulovlig eller umoralsk m\u00e5de.<\/li>\n\n\n\n<li>Du m\u00e5 ikke tage, downloade eller tage sk\u00e6rmbilleder af profiler.<\/li>\n\n\n\n<li>Bevar fortroligheden og del ikke brugerindhold eller meninger uden for det sociale netv\u00e6rk.<\/li>\n\n\n\n<li>Du m\u00e5 ikke angribe eller manipulere hjemmesiden p\u00e5 nogen m\u00e5de.<\/li>\n\n\n\n<li>Kr\u00e6nke eller overtr\u00e6de moralen eller rettighederne for forfatterne, brugerne og personalet p\u00e5 denne platform, s\u00e5som administratorer, designere eller programm\u00f8rer. Vi vil tage s\u00e6rligt h\u00e5rdt fat p\u00e5 alle fremmedfjendske eller diskriminerende kommentarer, hvilket vil resultere i \u00f8jeblikkelig bortvisning. Vi ser ogs\u00e5 alvorligt p\u00e5 svindel, pyramidespil og alt indhold, der kan virke bedragerisk eller i ond tro.<\/li>\n\n\n\n<li>Meninger, diskussioner eller filuploads p\u00e5 det sociale netv\u00e6rk og mellem brugere m\u00e5 ikke efterlades p\u00e5 webstedet eller citeres, refereres eller kommunikeres uden for det sociale netv\u00e6rk og etablerede kanaler som f.eks. e-mail.<\/li>\n\n\n\n<li>Det er ikke tilladt at offentligg\u00f8re alternative kontaktmidler (facebook, instagram, telegram osv.) i din profil, fora eller kommentarer.<\/li>\n<\/ol>\n\n\n\n<p>Af hensyn til platformens sikkerhed forbeholder sugardaddynordic.com sig ret til at redigere profiler, der indeholder personlige oplysninger s\u00e5som telefonnumre, eksterne kontaktmuligheder og links til andre sociale netv\u00e6rk. Du bedes ogs\u00e5 fjerne usikre billeder eller billeder, der indeholder eksplicit eller upassende information.<\/p>\n\n\n\n<h2 class=\"wp-block-heading\" id=\"h-4-syita-profiilien-kieltamiseen-tai-poistamiseen\">4-. \u00c5rsager til at forbyde eller slette profiler:<\/h2>\n\n\n\n<p><strong>Vi forbeholder os ret til at n\u00e6gte at acceptere profiler, der er uegnede eller mist\u00e6nkt for upassende adf\u00e6rd p\u00e5 det sociale netv\u00e6rk.&nbsp;<\/strong><\/p>\n\n\n\n<p>Vi forbeholder os ret til at udelukke en profil eller slette den helt:<\/p>\n\n\n\n<ol class=\"wp-block-list\">\n<li>Upassende adf\u00e6rd i sociale netv\u00e6rk, som f.eks. at tilbyde eller bede om seksuelle tjenester.<\/li>\n\n\n\n<li>Escort-tjenester eller escort-s\u00f8gning.<\/li>\n\n\n\n<li>Brug af platformen til alle former for reklame.<\/li>\n\n\n\n<li>Enhver form for truende eller forn\u00e6rmende besked til moderatorer eller medlemmer af sidens team.<\/li>\n\n\n\n<li>Afsendelse af massebeskeder eller tilbagevendende beskeder.<\/li>\n\n\n\n<li>Et foto, der er falsk, usmageligt eller ikke passer til personens profil.<\/li>\n\n\n\n<li>Registrering med en IP-adresse uden for det land, hvor hjemmesiden bruges, eller via proxyservere.<\/li>\n\n\n\n<li>Registrer dig med en anonym e-mail.<\/li>\n\n\n\n<li>Eksponering af andre sociale netv\u00e6rk, telefon- eller kontaktmetoder uden for platformen.<\/li>\n\n\n\n<li>Salg af billeder, videoer eller lignende.<\/li>\n\n\n\n<li>Alle andre, der overtr\u00e6der brugernes adf\u00e6rdskodeks i afsnit 3.<\/li>\n<\/ol>\n\n\n\n<h2 class=\"wp-block-heading\" id=\"h-5-sosiaalisen-verkoston-rekisterointi-ja-maksutavat\">5-. registrering af sociale netv\u00e6rk og betalingsmetoder.<\/h2>\n\n\n\n<p>Ved at registrere sig p\u00e5 et socialt netv\u00e6rk mener vi at abonnere p\u00e5 adgang.<\/p>\n\n\n\n<p>Betalingsmetoder: Betaling kan ske m\u00e5nedligt, kvartalsvis og \u00e5rligt via abonnement p\u00e5 vores platform.<\/p>\n\n\n\n<p>Rabat p\u00e5 betalt entr\u00e9.<br>P\u00e5 visse dage af \u00e5ret kan ledelsen bruge webstedets hjemmeside eller nyhedsbreve til at annoncere tilbud, is\u00e6r til nye eller eksisterende brugere, uden nogen ret til kompensation eller modydelse for andre brugere, der allerede er registreret.<\/p>\n\n\n\n<h2 class=\"wp-block-heading\" id=\"h-6-sahkoiset-uutiskirjeet\">6. elektroniske nyhedsbreve.<\/h2>\n\n\n\n<p>Vi kan sende abonnenter, studerende og tidligere studerende oplysninger om aftalte tjenester og\/eller produkter eller lignende. Registrering p\u00e5 dette sociale netv\u00e6rk kr\u00e6ver udtrykkeligt samtykke. Under alle omst\u00e6ndigheder kan du afmelde dig fra de samme e-mail-lister.<\/p>\n\n\n\n<h2 class=\"wp-block-heading\" id=\"h-7-vapaaehtoiset-yksityisyyden-maaritysvaihtoehdot\">7-. Frivillige indstillinger for privatlivets fred.<\/h2>\n\n\n\n<p>- Det st\u00e5r dig frit for at videregive eller ikke videregive personlige data inden for det sociale netv\u00e6rk, bortset fra de data, der er n\u00e6vnt i afsnit 3, og manuelt at \u00e6ndre eller slette dem. Du kan konfigurere dine meddelelses- og e-mailindstillinger ved at logge ind p\u00e5 din konto via webstedet.<br>- Bem\u00e6rk, at selv om du v\u00e6lger ikke at abonnere eller afmelde dig salgsfremmende e-mails eller nyhedsbreve, kan vi stadig have brug for at kontakte dig med oplysninger om dine transaktioner og k\u00f8b.<br>- Du kan konfigurere den m\u00e5de, din browser h\u00e5ndterer cookies p\u00e5, i dine privatlivs- og sikkerhedsindstillinger.<br>4.8.2. Elektroniske nyhedsbreve.<br>- Modtag e-mails og meddelelser om nye beskeder eller interaktioner p\u00e5 sociale netv\u00e6rk.<br>- Du vil modtage e-mails, n\u00e5r du abonnerer p\u00e5 et emne, eller n\u00e5r nogen \u00f8nsker at kommunikere med dig.<\/p>\n\n\n\n<p>-LINK- Du kan l\u00e6se fortroligheds- og cookiepolitikken her -LINK-<\/p>\n\n\n\n<h2 class=\"wp-block-heading\" id=\"h-8-turvallisuussyista\">8- Af sikkerhedsm\u00e6ssige \u00e5rsager.<\/h2>\n\n\n\n<p>For at forhindre angreb gemmer vi oplysninger om placering, browsertype og operativsystem, indstillinger for webstedsnavigation (s\u00e5som cookies) og k\u00f8bshistorik for at give dig personlige oplysninger om webstedet og (eventuelt) nyhedsbreve.<br>4.8.4 Konkurrencer og andet.<br>Denne platform giver os mulighed for at arrangere konkurrencer. Vi forbeholder os ret til at anmode om yderligere oplysninger, hvis dette er n\u00f8dvendigt for at sende pr\u00e6mier eller andre oplysninger, der kr\u00e6ves for at k\u00f8re konkurrencen. Vores brugere er beskyttet af europ\u00e6iske og nationale databeskyttelsesbestemmelser. I henhold til GDPR-reglerne kan du f\u00e5 adgang til dine data, rette de data, du finder n\u00f8dvendige, begr\u00e6nse brugen af dem, g\u00f8re indsigelse mod brugen af dem, tr\u00e6kke de data, du har givet os, tilbage eller overf\u00f8re de data, vi ligger inde med, til en tredjepart.<br>Hvis du \u00f8nsker at opsige dit abonnement p\u00e5 vores platform, bedes du kontakte vores supportteam.<br>4.10. Funktioner i sociale netv\u00e6rk eller fora.<br>Webstedet indeholder links til omr\u00e5der, hvor du kan sende oplysninger, kommunikere med andre, f.eks. i diskussionsfora eller blogs, anmelde produkter og offentligg\u00f8re dit eget originale indhold. Alle oplysninger, du l\u00e6gger ud, kan v\u00e6re tilg\u00e6ngelige for alle med undtagelse af private beskeder mellem brugere, som kun er tilg\u00e6ngelige for administratoren i s\u00e6rlige tilf\u00e6lde.<br>Det er ikke tilladt at offentligg\u00f8re kontaktoplysninger p\u00e5 sociale medier. Vi anbefaler, at du undg\u00e5r at offentligg\u00f8re dine personlige oplysninger eller oplysninger fra tredjeparter. Du bliver n\u00f8dt til at \u00e6ndre dem manuelt, vi kan ikke behandle personoplysninger, der ikke tidligere er blevet anmodet om.<\/p>\n\n\n\n<h2 class=\"wp-block-heading\" id=\"h-9-palautukset-ja-tai-palautukset\">9-. returnering og\/eller tilbagebetaling.<\/h2>\n\n\n\n<p>P\u00e5 grund af betingelserne for det sociale netv\u00e6rk og synligheden af dets indhold kan vi ikke give refusioner eller kreditter, da dette sociale netv\u00e6rk er baseret p\u00e5 adgang til det sociale netv\u00e6rk med ret til at kommunikere i l\u00f8bet af abonnementet, og mens profilen er aktiv for at modtage meddelelser. Vi betragter tjenesten som udf\u00f8rt ved at give dig adgang uanset dit form\u00e5l med brugen.<\/p>\n\n\n\n<p>Denne regel er ukontroversiel, undtagen hvis brugeren ikke er aktiveret i et betalt abonnement p\u00e5 platformen og ikke har adgang til private beskeder eller mulighed for at sende private beskeder (at sende en besked og v\u00e6re aktiv p\u00e5 profilen betyder adgang til betalt indhold). Et faktum, som brugeren skal bevise p\u00e5 en p\u00e5lidelig m\u00e5de. Dette sociale netv\u00e6rk forbeholder sig ogs\u00e5 retten til adgang under alle omst\u00e6ndigheder og kan beslutte at bortvise en bruger, hvis deres adf\u00e6rd er upassende eller gentagen, hvis de anklager platformen, dens indhold eller de personer, der er ansvarlige for det, eller hvis de udg\u00f8r en trussel. I s\u00e5danne tilf\u00e6lde refunderer vi ikke pengene.<\/p>\n\n\n\n<p>P\u00e5 samme m\u00e5de betaler brugeren for at kunne sende private beskeder og holde sin profil aktiv p\u00e5 den sociale netv\u00e6rksplatform, hvilket betyder, at brugeren har adgang til denne tjeneste, s\u00e5 l\u00e6nge betalingsperioden forts\u00e6tter. Man betaler ikke for at sende private beskeder, men for at have adgang til private beskeder og en privat kommunikationstjeneste med andre brugere.<\/p>\n\n\n\n<p>Hvis du har sp\u00f8rgsm\u00e5l, er du velkommen til at kontakte os via afsnittet -LINK kontaktoplysninger. -LINK<\/p>","protected":false},"excerpt":{"rendered":"<p>1-. Priser Sugar Daddy Nordic-priser er opdelt efter adgangstype. Dette websted har tre planer for adgang til det sociale netv\u00e6rk. *Abonnementet fornyes automatisk, selvom der er et m\u00e5nedligt gebyr, er kontrakten p\u00e5 et \u00e5r, s\u00e5 tidlig opsigelse kan i nogle tilf\u00e6lde resultere i en m\u00e5neds b\u00f8de, hvis opsigelsen sker inden for de f\u00f8rste to m\u00e5neders brug. Opsigelse af et abonnement er knyttet til vores betalingssystem, s\u00e5 opsigelse er [...]. <a title=\"Vilk\u00e5r for brug\" class=\"read-more\" href=\"https:\/\/sugardaddynordic.com\/da\/kayttoehdot\/\" aria-label=\"Read more about K\u00e4ytt\u00f6ehdot\">L\u00e6s mere om det<\/a><\/p>","protected":false},"author":1,"featured_media":0,"parent":0,"menu_order":0,"comment_status":"closed","ping_status":"closed","template":"","meta":{"generate_page_header":"","footnotes":""},"class_list":{"0":"post-2430","1":"page","2":"type-page","3":"status-publish","5":"infinite-scroll-item"},"featured_image_urls":{"full":"","thumbnail":"","medium":"","medium_large":"","large":"","1536x1536":"","2048x2048":"","trp-custom-language-flag":"","crp_thumbnail":""},"post_excerpt_stackable":"<p>1-. Hinnat Sugar Daddy Nordic hinnat on jaettu p\u00e4\u00e4sytyypin mukaan. Sugarbabyn tilaus on ilmainen.T\u00e4ll\u00e4 verkkosivustolla on kolme suunnitelmaa sosiaaliseen verkostoon p\u00e4\u00e4sy\u00e4 varten. Kuukausittainen k\u00e4ytt\u00f6oikeus:&nbsp;&nbsp;k\u00e4ytt\u00e4j\u00e4 voi k\u00e4ytt\u00e4\u00e4 sosiaalista verkostoa ja l\u00e4hett\u00e4\u00e4 yksityisviestej\u00e4 tilauksen uusimiskuukausina* Nelj\u00e4nnesvuosittainen k\u00e4ytt\u00f6oikeus:&nbsp;&nbsp;k\u00e4ytt\u00e4j\u00e4 p\u00e4\u00e4see nelj\u00e4nnesvuosittain, kun h\u00e4n uusii tilauksen* Vuosittainen k\u00e4ytt\u00f6oikeus:&nbsp;&nbsp;jonka kautta k\u00e4ytt\u00e4j\u00e4 voi k\u00e4ytt\u00e4\u00e4 vuoden ajan. *Tilaus uusiutuu automaattisesti, vaikka kuukausimaksu onkin, sopimus on vuosi, joten ennenaikaisesta irtisanomisesta voi joissain tapauksissa seurata kuukauden sakko, jos irtisanominen tapahtuu kahden ensimm\u00e4isen k\u00e4ytt\u00f6kuukauden aikana. Tilauksen peruutus on linkitetty maksuj\u00e4rjestelm\u00e4\u00e4mme, joten peruutus tapahtuu asiakasprofiilista tai s\u00e4hk\u00f6postitse. Kestoa ei ole, joten voit peruuttaa tilauksen milloin haluat, sopimuksen irtisanominen mahdollisella kuukauden sakkomaksulla, jos&hellip;<\/p>\n","category_list":"","author_info":{"name":"Admin de SugarDaddySuomi","url":"https:\/\/sugardaddynordic.com\/da\/author\/poweb\/"},"comments_num":"0 comments","featured_image_urls_v2":{"full":"","thumbnail":"","medium":"","medium_large":"","large":"","1536x1536":"","2048x2048":"","trp-custom-language-flag":"","crp_thumbnail":""},"post_excerpt_stackable_v2":"<p>1-. Hinnat Sugar Daddy Nordic hinnat on jaettu p\u00e4\u00e4sytyypin mukaan. Sugarbabyn tilaus on ilmainen.T\u00e4ll\u00e4 verkkosivustolla on kolme suunnitelmaa sosiaaliseen verkostoon p\u00e4\u00e4sy\u00e4 varten. Kuukausittainen k\u00e4ytt\u00f6oikeus:&nbsp;&nbsp;k\u00e4ytt\u00e4j\u00e4 voi k\u00e4ytt\u00e4\u00e4 sosiaalista verkostoa ja l\u00e4hett\u00e4\u00e4 yksityisviestej\u00e4 tilauksen uusimiskuukausina* Nelj\u00e4nnesvuosittainen k\u00e4ytt\u00f6oikeus:&nbsp;&nbsp;k\u00e4ytt\u00e4j\u00e4 p\u00e4\u00e4see nelj\u00e4nnesvuosittain, kun h\u00e4n uusii tilauksen* Vuosittainen k\u00e4ytt\u00f6oikeus:&nbsp;&nbsp;jonka kautta k\u00e4ytt\u00e4j\u00e4 voi k\u00e4ytt\u00e4\u00e4 vuoden ajan. *Tilaus uusiutuu automaattisesti, vaikka kuukausimaksu onkin, sopimus on vuosi, joten ennenaikaisesta irtisanomisesta voi joissain tapauksissa seurata kuukauden sakko, jos irtisanominen tapahtuu kahden ensimm\u00e4isen k\u00e4ytt\u00f6kuukauden aikana. Tilauksen peruutus on linkitetty maksuj\u00e4rjestelm\u00e4\u00e4mme, joten peruutus tapahtuu asiakasprofiilista tai s\u00e4hk\u00f6postitse. Kestoa ei ole, joten voit peruuttaa tilauksen milloin haluat, sopimuksen irtisanominen mahdollisella kuukauden sakkomaksulla, jos&hellip;<\/p>\n","category_list_v2":"","author_info_v2":{"name":"Admin de SugarDaddySuomi","url":"https:\/\/sugardaddynordic.com\/da\/author\/poweb\/"},"comments_num_v2":"0 comments","yoast_head":"<!-- This site is optimized with the Yoast SEO Premium plugin v26.0 (Yoast SEO v27.3) - https:\/\/yoast.com\/product\/yoast-seo-premium-wordpress\/ -->\n<title>K\u00e4ytt\u00f6ehdot<\/title>\n<meta name=\"robots\" content=\"noindex, nofollow\" \/>\n<meta property=\"og:locale\" content=\"da_DK\" \/>\n<meta property=\"og:type\" content=\"article\" \/>\n<meta property=\"og:title\" content=\"K\u00e4ytt\u00f6ehdot\" \/>\n<meta property=\"og:description\" content=\"1-. Hinnat Sugar Daddy Nordic hinnat on jaettu p\u00e4\u00e4sytyypin mukaan. Sugarbabyn tilaus on ilmainen.T\u00e4ll\u00e4 verkkosivustolla on kolme suunnitelmaa sosiaaliseen verkostoon p\u00e4\u00e4sy\u00e4 varten. *Tilaus uusiutuu automaattisesti, vaikka kuukausimaksu onkin, sopimus on vuosi, joten ennenaikaisesta irtisanomisesta voi joissain tapauksissa seurata kuukauden sakko, jos irtisanominen tapahtuu kahden ensimm\u00e4isen k\u00e4ytt\u00f6kuukauden aikana. Tilauksen peruutus on linkitetty maksuj\u00e4rjestelm\u00e4\u00e4mme, joten peruutus tapahtuu ... Read more\" \/>\n<meta property=\"og:url\" content=\"https:\/\/sugardaddynordic.com\/da\/vilkar-og-betingelser\/\" \/>\n<meta property=\"og:site_name\" content=\"Sugar Daddy Nordic \u00ae\" \/>\n<meta property=\"article:modified_time\" content=\"2025-10-26T06:19:51+00:00\" \/>\n<meta property=\"og:image\" content=\"https:\/\/sugardaddynordic.com\/wp-content\/uploads\/2025\/10\/Logo-Sugar-Daddy-Nordic.png\" \/>\n\t<meta property=\"og:image:width\" content=\"1024\" \/>\n\t<meta property=\"og:image:height\" content=\"1024\" \/>\n\t<meta property=\"og:image:type\" content=\"image\/png\" \/>\n<meta name=\"twitter:card\" content=\"summary_large_image\" \/>\n<meta name=\"twitter:label1\" content=\"Estimeret l\u00e6setid\" \/>\n\t<meta name=\"twitter:data1\" content=\"7 minutter\" \/>\n<script type=\"application\/ld+json\" class=\"yoast-schema-graph\">{\"@context\":\"https:\\\/\\\/schema.org\",\"@graph\":[{\"@type\":\"WebPage\",\"@id\":\"https:\\\/\\\/sugardaddynordic.com\\\/kayttoehdot\\\/\",\"url\":\"https:\\\/\\\/sugardaddynordic.com\\\/kayttoehdot\\\/\",\"name\":\"K\u00e4ytt\u00f6ehdot\",\"isPartOf\":{\"@id\":\"https:\\\/\\\/sugardaddynordic.com\\\/#website\"},\"datePublished\":\"2019-01-22T06:31:57+00:00\",\"dateModified\":\"2025-10-26T06:19:51+00:00\",\"breadcrumb\":{\"@id\":\"https:\\\/\\\/sugardaddynordic.com\\\/kayttoehdot\\\/#breadcrumb\"},\"inLanguage\":\"da-DK\",\"potentialAction\":[{\"@type\":\"ReadAction\",\"target\":[\"https:\\\/\\\/sugardaddynordic.com\\\/kayttoehdot\\\/\"]}]},{\"@type\":\"BreadcrumbList\",\"@id\":\"https:\\\/\\\/sugardaddynordic.com\\\/kayttoehdot\\\/#breadcrumb\",\"itemListElement\":[{\"@type\":\"ListItem\",\"position\":1,\"name\":\"Home\",\"item\":\"https:\\\/\\\/sugardaddynordic.com\\\/\"},{\"@type\":\"ListItem\",\"position\":2,\"name\":\"K\u00e4ytt\u00f6ehdot\"}]},{\"@type\":\"WebSite\",\"@id\":\"https:\\\/\\\/sugardaddynordic.com\\\/#website\",\"url\":\"https:\\\/\\\/sugardaddynordic.com\\\/\",\"name\":\"Sugar Daddy Nordic\",\"description\":\"\",\"publisher\":{\"@id\":\"https:\\\/\\\/sugardaddynordic.com\\\/#organization\"},\"alternateName\":\"Sugar Daddy Nordic powered by Sugar Daddy Planet\",\"potentialAction\":[{\"@type\":\"SearchAction\",\"target\":{\"@type\":\"EntryPoint\",\"urlTemplate\":\"https:\\\/\\\/sugardaddynordic.com\\\/?s={search_term_string}\"},\"query-input\":{\"@type\":\"PropertyValueSpecification\",\"valueRequired\":true,\"valueName\":\"search_term_string\"}}],\"inLanguage\":\"da-DK\"},{\"@type\":[\"Organization\",\"DatingService\"],\"@id\":\"https:\\\/\\\/sugardaddynordic.com\\\/#organization\",\"name\":\"Sugar Daddy Nordic\",\"url\":\"https:\\\/\\\/sugardaddynordic.com\\\/\",\"logo\":{\"@type\":\"ImageObject\",\"inLanguage\":\"da-DK\",\"@id\":\"https:\\\/\\\/sugardaddynordic.com\\\/#\\\/schema\\\/logo\\\/image\\\/\",\"url\":\"https:\\\/\\\/sugardaddynordic.com\\\/wp-content\\\/uploads\\\/2025\\\/10\\\/cropped-Logo-Sugar-Daddy-Nordic.png\",\"contentUrl\":\"https:\\\/\\\/sugardaddynordic.com\\\/wp-content\\\/uploads\\\/2025\\\/10\\\/cropped-Logo-Sugar-Daddy-Nordic.png\",\"width\":1022,\"height\":323,\"caption\":\"Sugar Daddy Nordic\"},\"image\":{\"@id\":\"https:\\\/\\\/sugardaddynordic.com\\\/#\\\/schema\\\/logo\\\/image\\\/\"},\"serviceType\":\"Dating Service\",\"category\":\"Dating\",\"publishingPrinciples\":\"https:\\\/\\\/sugardaddynordic.com\\\/julkaisustandardit\\\/\",\"ownershipFundingInfo\":\"https:\\\/\\\/sugardaddynordic.com\\\/rahoitus\\\/\",\"actionableFeedbackPolicy\":\"https:\\\/\\\/sugardaddynordic.com\\\/korjauskaytanto\\\/\",\"correctionsPolicy\":\"https:\\\/\\\/sugardaddynordic.com\\\/korjauskaytanto\\\/\",\"ethicsPolicy\":\"https:\\\/\\\/sugardaddynordic.com\\\/eettinen-politiikka\\\/\",\"diversityPolicy\":\"https:\\\/\\\/sugardaddynordic.com\\\/monimuotoisuus\\\/\",\"diversityStaffingReport\":\"https:\\\/\\\/sugardaddynordic.com\\\/yhteistyo\\\/\"}]}<\/script>\n<!-- \/ Yoast SEO Premium plugin. -->","yoast_head_json":{"title":"Vilk\u00e5r for brug","robots":{"index":"noindex","follow":"nofollow"},"og_locale":"da_DK","og_type":"article","og_title":"K\u00e4ytt\u00f6ehdot","og_description":"1-. Hinnat Sugar Daddy Nordic hinnat on jaettu p\u00e4\u00e4sytyypin mukaan. Sugarbabyn tilaus on ilmainen.T\u00e4ll\u00e4 verkkosivustolla on kolme suunnitelmaa sosiaaliseen verkostoon p\u00e4\u00e4sy\u00e4 varten. *Tilaus uusiutuu automaattisesti, vaikka kuukausimaksu onkin, sopimus on vuosi, joten ennenaikaisesta irtisanomisesta voi joissain tapauksissa seurata kuukauden sakko, jos irtisanominen tapahtuu kahden ensimm\u00e4isen k\u00e4ytt\u00f6kuukauden aikana. Tilauksen peruutus on linkitetty maksuj\u00e4rjestelm\u00e4\u00e4mme, joten peruutus tapahtuu ... Read more","og_url":"https:\/\/sugardaddynordic.com\/da\/vilkar-og-betingelser\/","og_site_name":"Sugar Daddy Nordic \u00ae","article_modified_time":"2025-10-26T06:19:51+00:00","og_image":[{"width":1024,"height":1024,"url":"https:\/\/sugardaddynordic.com\/wp-content\/uploads\/2025\/10\/Logo-Sugar-Daddy-Nordic.png","type":"image\/png"}],"twitter_card":"summary_large_image","twitter_misc":{"Estimeret l\u00e6setid":"7 minutter"},"schema":{"@context":"https:\/\/schema.org","@graph":[{"@type":"WebPage","@id":"https:\/\/sugardaddynordic.com\/kayttoehdot\/","url":"https:\/\/sugardaddynordic.com\/kayttoehdot\/","name":"Vilk\u00e5r for brug","isPartOf":{"@id":"https:\/\/sugardaddynordic.com\/#website"},"datePublished":"2019-01-22T06:31:57+00:00","dateModified":"2025-10-26T06:19:51+00:00","breadcrumb":{"@id":"https:\/\/sugardaddynordic.com\/kayttoehdot\/#breadcrumb"},"inLanguage":"da-DK","potentialAction":[{"@type":"ReadAction","target":["https:\/\/sugardaddynordic.com\/kayttoehdot\/"]}]},{"@type":"BreadcrumbList","@id":"https:\/\/sugardaddynordic.com\/kayttoehdot\/#breadcrumb","itemListElement":[{"@type":"ListItem","position":1,"name":"Home","item":"https:\/\/sugardaddynordic.com\/"},{"@type":"ListItem","position":2,"name":"K\u00e4ytt\u00f6ehdot"}]},{"@type":"WebSite","@id":"https:\/\/sugardaddynordic.com\/#website","url":"https:\/\/sugardaddynordic.com\/","name":"Sugar Daddy Nordic","description":"","publisher":{"@id":"https:\/\/sugardaddynordic.com\/#organization"},"alternateName":"Sugar Daddy Nordic powered by Sugar Daddy Planet","potentialAction":[{"@type":"SearchAction","target":{"@type":"EntryPoint","urlTemplate":"https:\/\/sugardaddynordic.com\/?s={search_term_string}"},"query-input":{"@type":"PropertyValueSpecification","valueRequired":true,"valueName":"search_term_string"}}],"inLanguage":"da-DK"},{"@type":["Organization","DatingService"],"@id":"https:\/\/sugardaddynordic.com\/#organization","name":"Sugar Daddy Nordic","url":"https:\/\/sugardaddynordic.com\/","logo":{"@type":"ImageObject","inLanguage":"da-DK","@id":"https:\/\/sugardaddynordic.com\/#\/schema\/logo\/image\/","url":"https:\/\/sugardaddynordic.com\/wp-content\/uploads\/2025\/10\/cropped-Logo-Sugar-Daddy-Nordic.png","contentUrl":"https:\/\/sugardaddynordic.com\/wp-content\/uploads\/2025\/10\/cropped-Logo-Sugar-Daddy-Nordic.png","width":1022,"height":323,"caption":"Sugar Daddy Nordic"},"image":{"@id":"https:\/\/sugardaddynordic.com\/#\/schema\/logo\/image\/"},"serviceType":"Dating Service","category":"Dating","publishingPrinciples":"https:\/\/sugardaddynordic.com\/julkaisustandardit\/","ownershipFundingInfo":"https:\/\/sugardaddynordic.com\/rahoitus\/","actionableFeedbackPolicy":"https:\/\/sugardaddynordic.com\/korjauskaytanto\/","correctionsPolicy":"https:\/\/sugardaddynordic.com\/korjauskaytanto\/","ethicsPolicy":"https:\/\/sugardaddynordic.com\/eettinen-politiikka\/","diversityPolicy":"https:\/\/sugardaddynordic.com\/monimuotoisuus\/","diversityStaffingReport":"https:\/\/sugardaddynordic.com\/yhteistyo\/"}]}},"_links":{"self":[{"href":"https:\/\/sugardaddynordic.com\/da\/wp-json\/wp\/v2\/pages\/2430","targetHints":{"allow":["GET"]}}],"collection":[{"href":"https:\/\/sugardaddynordic.com\/da\/wp-json\/wp\/v2\/pages"}],"about":[{"href":"https:\/\/sugardaddynordic.com\/da\/wp-json\/wp\/v2\/types\/page"}],"author":[{"embeddable":true,"href":"https:\/\/sugardaddynordic.com\/da\/wp-json\/wp\/v2\/users\/1"}],"replies":[{"embeddable":true,"href":"https:\/\/sugardaddynordic.com\/da\/wp-json\/wp\/v2\/comments?post=2430"}],"version-history":[{"count":0,"href":"https:\/\/sugardaddynordic.com\/da\/wp-json\/wp\/v2\/pages\/2430\/revisions"}],"wp:attachment":[{"href":"https:\/\/sugardaddynordic.com\/da\/wp-json\/wp\/v2\/media?parent=2430"}],"curies":[{"name":"wp","href":"https:\/\/api.w.org\/{rel}","templated":true}]}}