{"id":6189,"date":"2024-12-29T12:04:49","date_gmt":"2024-12-29T10:04:49","guid":{"rendered":"https:\/\/sugardaddynordic.com\/?page_id=6189"},"modified":"2025-10-26T08:18:55","modified_gmt":"2025-10-26T06:18:55","slug":"om-os","status":"publish","type":"page","link":"https:\/\/sugardaddynordic.com\/da\/meista\/","title":{"rendered":"Om os"},"content":{"rendered":"<p><a href=\"https:\/\/sugardaddynordic.com\/da\/\"><strong>Sugar Daddy <\/strong>Nordisk <\/a>blev f\u00f8dt i 2024 ud fra behovet for at skabe en sugardating-platform, der tilbyder 100 % kontakter i Finland. Takket v\u00e6re et simpelt registreringssystem, et 100 % finsk f\u00e6llesskab og et st\u00e6rkt spamsporingssystem lykkedes det os at give brugerne en unik oplevelse, hvor de nemt kan finde kontakter i n\u00e6rheden af dem.<\/p>\n\n\n\n<h2 class=\"wp-block-heading has-text-align-center\" id=\"h-arvomme\">Vi tr\u00e6kker p\u00e5<\/h2>\n\n\n\n<div class=\"wp-block-stackable-columns stk-block-columns stk-block stk-e919e6d\" data-block-id=\"e919e6d\"><div class=\"stk-row stk-inner-blocks stk-block-content stk-content-align stk-e919e6d-column\">\n<div class=\"wp-block-stackable-column stk-block-column stk-column stk-block stk-2bc28d4\" data-v=\"4\" data-block-id=\"2bc28d4\"><div class=\"stk-column-wrapper stk-block-column__content stk-container stk-2bc28d4-container stk--no-background stk--no-padding\"><div class=\"stk-block-content stk-inner-blocks stk-2bc28d4-inner-blocks\">\n<h3 class=\"wp-block-heading\" id=\"h-turvallisuus\">Sikkerhed:<\/h3>\n\n\n\n<p>Vi sikrer den bedst mulige databeskyttelse p\u00e5 vores hjemmesider i overensstemmelse med GDPR-reglerne.<\/p>\n\n\n\n<p>Vi undg\u00e5r spam, falske profiler og anden svindel. Vi fremmer<a href=\"https:\/\/sugardaddynordic.com\/da\/sikker-dating\/\"> sikkert online-m\u00f8de <\/a>b\u00e5de p\u00e5 denne platform og i den digitale verden generelt.<\/p>\n\n\n\n<h3 class=\"wp-block-heading\" id=\"h-koulutus\">Uddannelse:<\/h3>\n\n\n\n<p>Vi forklarer, promoverer og formidler \u00e6gte sugardating. <a href=\"https:\/\/sugardaddynordic.com\/da\/#sugar-daddy\">sugar daddy<\/a> - <a href=\"https:\/\/sugardaddynordic.com\/da\/#sugar-baby\">Sukkerbaby<\/a> -kultur, s\u00e5 brugerne forst\u00e5r pr\u00e6cis, hvad disse begreber handler om.<\/p>\n\n\n\n<p>Vi opfordrer dig til at betragte sugardating som en m\u00e5de at have det sjovt p\u00e5, udvide din sociale omgangskreds og forbedre din livskvalitet gennem fordelene ved disse forhold.<\/p>\n<\/div><\/div><\/div>\n\n\n\n<div class=\"wp-block-stackable-column stk-block-column stk-column stk-block stk-b7cfe73\" data-v=\"4\" data-block-id=\"b7cfe73\"><div class=\"stk-column-wrapper stk-block-column__content stk-container stk-b7cfe73-container stk--no-background stk--no-padding\"><div class=\"stk-block-content stk-inner-blocks stk-b7cfe73-inner-blocks\">\n<h3 class=\"wp-block-heading\" id=\"h-luottamus\">Tillid:<\/h3>\n\n\n\n<p>Vi giver brugerne alle kontaktmuligheder og besvarer alle foresp\u00f8rgsler p\u00e5 en gennemsigtig og venlig m\u00e5de.<\/p>\n\n\n\n<p>Vi har ogs\u00e5 <a href=\"https:\/\/sugardaddynordic.com\/da\/instruktioner-og-faq\/\">helpdesk<\/a>hvor du kan l\u00e6se ofte stillede sp\u00f8rgsm\u00e5l eller skrive til os, hvis du har brug for hj\u00e6lp.<\/p>\n\n\n\n<h3 class=\"wp-block-heading\" id=\"h-lapinakyvyys\">Gennemsigtighed:<\/h3>\n\n\n\n<p>Vores betalingssystem og <a href=\"https:\/\/sugardaddynordic.com\/da\/databeskyttelse-2\/\">databeskyttelse<\/a>- og <a href=\"https:\/\/sugardaddynordic.com\/da\/vilkar-og-betingelser\/\">vores kontraktlige praksis<\/a> vi giver alle de n\u00f8dvendige oplysninger for at sikre, at brugerne har en fuld forst\u00e5else af tjenesten.<\/p>\n\n\n\n<p>Derudover har brugerne altid adgang til deres egne data og mulighed for at slette dem fra deres profil.<\/p>\n<\/div><\/div><\/div>\n<\/div><\/div>\n\n\n\n<h2 class=\"wp-block-heading has-text-align-center\" id=\"h-mika-tekee-meista-erilaisia\">Hvad g\u00f8r os anderledes?<\/h2>\n\n\n\n<div class=\"wp-block-stackable-columns stk-block-columns stk-block stk-2e975f2\" data-block-id=\"2e975f2\"><div class=\"stk-row stk-inner-blocks stk-block-content stk-content-align stk-2e975f2-column\">\n<div class=\"wp-block-stackable-column stk-block-column stk-column stk-block stk-cfef746\" data-v=\"4\" data-block-id=\"cfef746\"><div class=\"stk-column-wrapper stk-block-column__content stk-container stk-cfef746-container stk--no-background stk--no-padding\"><div class=\"stk-block-content stk-inner-blocks stk-cfef746-inner-blocks\">\n<h3 class=\"wp-block-heading\" id=\"h-paikallinen-yhteiso\">Det lokale samfund:<\/h3>\n\n\n\n<p>100 % nordiske f\u00e6llesskab uden forstyrrende beskeder fra udenlandske spammere eller bots, hvilket g\u00f8r det nemt at m\u00f8de mennesker t\u00e6t p\u00e5 dig.<\/p>\n<\/div><\/div><\/div>\n\n\n\n<div class=\"wp-block-stackable-column stk-block-column stk-column stk-block stk-1137452\" data-v=\"4\" data-block-id=\"1137452\"><div class=\"stk-column-wrapper stk-block-column__content stk-container stk-1137452-container stk--no-background stk--no-padding\"><div class=\"stk-block-content stk-inner-blocks stk-1137452-inner-blocks\">\n<h3 class=\"wp-block-heading\" id=\"h-harkinnanvaraisuus\">Diskretion:<\/h3>\n\n\n\n<p>Ingen p\u00e5tr\u00e6ngende reklamer, konstante kampagner eller e-mailtilbud - privatlivets fred er en prioritet. Du kontrollerer annoncerne, og hvordan de bruges.<\/p>\n<\/div><\/div><\/div>\n\n\n\n<div class=\"wp-block-stackable-column stk-block-column stk-column stk-block stk-fea043f\" data-v=\"4\" data-block-id=\"fea043f\"><div class=\"stk-column-wrapper stk-block-column__content stk-container stk-fea043f-container stk--no-background stk--no-padding\"><div class=\"stk-block-content stk-inner-blocks stk-fea043f-inner-blocks\">\n<h3 class=\"wp-block-heading\" id=\"h-helppokayttoisyys\">Brugervenlighed:<\/h3>\n\n\n\n<p>Ingen betalte beskeder eller andre vildledende ordninger. Sukkerbiller kan chatte gratis, og sukkerbiller betaler kun et m\u00e5nedligt gebyr, som kan annulleres n\u00e5r som helst uden forpligtelse.<\/p>\n<\/div><\/div><\/div>\n<\/div><\/div>\n\n\n\n<h2 class=\"wp-block-heading has-text-align-center\" id=\"h-sitoutuminen-yhteisoon\">Engagement i lokalsamfundet:<\/h2>\n\n\n\n<p>Vi er engagerede i vores samfunds trivsel og sikkerhed. Vi arbejder konstant p\u00e5 at forbedre brugeroplevelsen og opretholde en sund og positiv atmosf\u00e6re i lokalsamfundet.<\/p>\n\n\n\n<div class=\"wp-block-stackable-columns stk-block-columns stk-block stk-668dc03\" data-block-id=\"668dc03\"><div class=\"stk-row stk-inner-blocks stk-block-content stk-content-align stk-668dc03-column\">\n<div class=\"wp-block-stackable-column stk-block-column stk-column stk-block stk-7f9bcd4\" data-v=\"4\" data-block-id=\"7f9bcd4\"><div class=\"stk-column-wrapper stk-block-column__content stk-container stk-7f9bcd4-container stk--no-background stk--no-padding\"><div class=\"stk-block-content stk-inner-blocks stk-7f9bcd4-inner-blocks\">\n<h3 class=\"wp-block-heading\" id=\"h-palaute-ja-jatkuva-parantaminen\">Feedback og l\u00f8bende forbedringer:<\/h3>\n\n\n\n<p>Vi lytter aktivt til vores brugeres forslag og feedback, som hj\u00e6lper os med l\u00f8bende at forbedre vores platform.<\/p>\n<\/div><\/div><\/div>\n\n\n\n<div class=\"wp-block-stackable-column stk-block-column stk-column stk-block stk-7dd580e\" data-v=\"4\" data-block-id=\"7dd580e\"><div class=\"stk-column-wrapper stk-block-column__content stk-container stk-7dd580e-container stk--no-background stk--no-padding\"><div class=\"stk-block-content stk-inner-blocks stk-7dd580e-inner-blocks\">\n<h3 class=\"wp-block-heading\" id=\"h-yhteiskunnallinen-vastuu\">Socialt ansvar:<\/h3>\n\n\n\n<p>Vi fremmer en ansvarlig digital kultur og st\u00f8tter kampagner om onlinesikkerhed. Vi er ogs\u00e5 forpligtet til at bek\u00e6mpe menneskehandel ved at samarbejde med relevante organisationer.<\/p>\n<\/div><\/div><\/div>\n<\/div><\/div>\n\n\n\n<h2 class=\"wp-block-heading has-text-align-center\" id=\"h-tulevaisuuden-visio\">En vision for fremtiden<\/h2>\n\n\n\n<div class=\"wp-block-stackable-columns stk-block-columns stk-block stk-4fbeafc\" data-block-id=\"4fbeafc\"><div class=\"stk-row stk-inner-blocks stk-block-content stk-content-align stk-4fbeafc-column\">\n<div class=\"wp-block-stackable-column stk-block-column stk-column stk-block stk-924bcb5\" data-v=\"4\" data-block-id=\"924bcb5\"><div class=\"stk-column-wrapper stk-block-column__content stk-container stk-924bcb5-container stk--no-background stk--no-padding\"><div class=\"stk-block-content stk-inner-blocks stk-924bcb5-inner-blocks\">\n<h3 class=\"wp-block-heading\" id=\"h-jatkuva-innovaatio\">Kontinuerlig innovation:<\/h3>\n\n\n\n<p>Vi udvikler hele tiden vores platform og introducerer nye funktioner for at forbedre brugeroplevelsen. Disse kan omfatte avancerede profilverifikationssystemer og tilpassede v\u00e6rkt\u00f8jer til beskyttelse af personlige oplysninger.<\/p>\n<\/div><\/div><\/div>\n\n\n\n<div class=\"wp-block-stackable-column stk-block-column stk-column stk-block stk-f463403\" data-v=\"4\" data-block-id=\"f463403\"><div class=\"stk-column-wrapper stk-block-column__content stk-container stk-f463403-container stk--no-background stk--no-padding\"><div class=\"stk-block-content stk-inner-blocks stk-f463403-inner-blocks\">\n<h3 class=\"wp-block-heading\" id=\"h-ennusteet-pohjoismaat-markkinoilla\">Prognoser for det nordiske marked:<\/h3>\n\n\n\n<p>Vores engagement i det nordiske samfund afspejles i vores st\u00e6rke tilstedev\u00e6relse og l\u00f8bende serviceforbedringer. Vores m\u00e5l er at <strong>Sugar Daddy Nordic<\/strong> (sugardaddynordic.com) er stadig et vigtigt referencepunkt for folk, der er p\u00e5 udkig efter en sugardate.<\/p>\n<\/div><\/div><\/div>\n<\/div><\/div>","protected":false},"excerpt":{"rendered":"<p>Sugar Daddy Nordic blev f\u00f8dt i 2024 ud fra behovet for at skabe en sugardating-platform, der tilbyder 100 %-kontakter i Finland. Takket v\u00e6re et simpelt registreringssystem, et f\u00e6llesskab af 100 %-finner og et kraftfuldt spamsporingssystem lykkedes det os at give brugerne en unik oplevelse, hvor de nemt kan finde kontakter i n\u00e6rheden af dem. Vi garanterer den bedst mulige databeskyttelse p\u00e5 vores hjemmesider i overensstemmelse med GDPR-reglerne. Vi giver vores brugere det h\u00f8jeste niveau af privatlivsbeskyttelse, og vi undg\u00e5r spam, falske profiler og anden svindel. Vi fremmer [...] <a title=\"Om os\" class=\"read-more\" href=\"https:\/\/sugardaddynordic.com\/da\/meista\/\" aria-label=\"Read more about meist\u00e4\">L\u00e6s mere om det<\/a><\/p>","protected":false},"author":1,"featured_media":0,"parent":0,"menu_order":0,"comment_status":"closed","ping_status":"closed","template":"","meta":{"generate_page_header":"","footnotes":""},"class_list":{"0":"post-6189","1":"page","2":"type-page","3":"status-publish","5":"infinite-scroll-item"},"featured_image_urls":{"full":"","thumbnail":"","medium":"","medium_large":"","large":"","1536x1536":"","2048x2048":"","trp-custom-language-flag":"","crp_thumbnail":""},"post_excerpt_stackable":"<p>Sugar Daddy Nordic syntyi vuonna 2024 tarpeesta luoda sokeritreffialusta, joka tarjoaa 100 % kontakteja Suomessa. Yksinkertaisen rekister\u00f6intij\u00e4rjestelm\u00e4n, 100 % suomalaisen yhteis\u00f6n ja tehokkaan roskapostin seurantaj\u00e4rjestelm\u00e4n ansiosta onnistumme tarjoamaan k\u00e4ytt\u00e4jille ainutlaatuisen kokemuksen, jossa he voivat helposti l\u00f6yt\u00e4\u00e4 yhteystietoja l\u00e4hell\u00e4\u00e4n. Arvomme Turvallisuus: Takaamme verkkosivustoillamme parhaan mahdollisen tietosuojan GDPR-asetusten mukaisesti. V\u00e4lt\u00e4mme roskapostia, v\u00e4\u00e4rennettyj\u00e4 profiileja tai muita petoksia. Edist\u00e4mme turvallista verkkotapaamista niin t\u00e4ll\u00e4 alustalla kuin digitaalisessa maailmassa yleens\u00e4. Koulutus: Selit\u00e4mme, edist\u00e4mme ja levit\u00e4mme todellista sugar dating &#8211; sugar daddy &#8211; sugar baby -kulttuuria, jotta k\u00e4ytt\u00e4j\u00e4t ymm\u00e4rt\u00e4v\u00e4t tarkasti, mist\u00e4 n\u00e4iss\u00e4 k\u00e4sitteiss\u00e4 on kyse. Kannustamme l\u00e4hestym\u00e4\u00e4n sokeritreffailua tapana pit\u00e4\u00e4 hauskaa, laajentaa sosiaalista piiri\u00e4 ja parantaa el\u00e4m\u00e4nlaatua&hellip;<\/p>\n","category_list":"","author_info":{"name":"Admin de SugarDaddySuomi","url":"https:\/\/sugardaddynordic.com\/da\/author\/poweb\/"},"comments_num":"0 comments","featured_image_urls_v2":{"full":"","thumbnail":"","medium":"","medium_large":"","large":"","1536x1536":"","2048x2048":"","trp-custom-language-flag":"","crp_thumbnail":""},"post_excerpt_stackable_v2":"<p>Sugar Daddy Nordic syntyi vuonna 2024 tarpeesta luoda sokeritreffialusta, joka tarjoaa 100 % kontakteja Suomessa. Yksinkertaisen rekister\u00f6intij\u00e4rjestelm\u00e4n, 100 % suomalaisen yhteis\u00f6n ja tehokkaan roskapostin seurantaj\u00e4rjestelm\u00e4n ansiosta onnistumme tarjoamaan k\u00e4ytt\u00e4jille ainutlaatuisen kokemuksen, jossa he voivat helposti l\u00f6yt\u00e4\u00e4 yhteystietoja l\u00e4hell\u00e4\u00e4n. Arvomme Turvallisuus: Takaamme verkkosivustoillamme parhaan mahdollisen tietosuojan GDPR-asetusten mukaisesti. V\u00e4lt\u00e4mme roskapostia, v\u00e4\u00e4rennettyj\u00e4 profiileja tai muita petoksia. Edist\u00e4mme turvallista verkkotapaamista niin t\u00e4ll\u00e4 alustalla kuin digitaalisessa maailmassa yleens\u00e4. Koulutus: Selit\u00e4mme, edist\u00e4mme ja levit\u00e4mme todellista sugar dating &#8211; sugar daddy &#8211; sugar baby -kulttuuria, jotta k\u00e4ytt\u00e4j\u00e4t ymm\u00e4rt\u00e4v\u00e4t tarkasti, mist\u00e4 n\u00e4iss\u00e4 k\u00e4sitteiss\u00e4 on kyse. Kannustamme l\u00e4hestym\u00e4\u00e4n sokeritreffailua tapana pit\u00e4\u00e4 hauskaa, laajentaa sosiaalista piiri\u00e4 ja parantaa el\u00e4m\u00e4nlaatua&hellip;<\/p>\n","category_list_v2":"","author_info_v2":{"name":"Admin de SugarDaddySuomi","url":"https:\/\/sugardaddynordic.com\/da\/author\/poweb\/"},"comments_num_v2":"0 comments","yoast_head":"<!-- This site is optimized with the Yoast SEO Premium plugin v26.0 (Yoast SEO v27.3) - https:\/\/yoast.com\/product\/yoast-seo-premium-wordpress\/ -->\n<title>meist\u00e4<\/title>\n<meta name=\"robots\" content=\"index, follow, max-snippet:-1, max-image-preview:large, max-video-preview:-1\" \/>\n<link rel=\"canonical\" href=\"https:\/\/sugardaddynordic.com\/da\/om-os\/\" \/>\n<meta property=\"og:locale\" content=\"da_DK\" \/>\n<meta property=\"og:type\" content=\"article\" \/>\n<meta property=\"og:title\" content=\"meist\u00e4\" \/>\n<meta property=\"og:description\" content=\"Sugar Daddy Nordic syntyi vuonna 2024 tarpeesta luoda sokeritreffialusta, joka tarjoaa 100 % kontakteja Suomessa. Yksinkertaisen rekister\u00f6intij\u00e4rjestelm\u00e4n, 100 % suomalaisen yhteis\u00f6n ja tehokkaan roskapostin seurantaj\u00e4rjestelm\u00e4n ansiosta onnistumme tarjoamaan k\u00e4ytt\u00e4jille ainutlaatuisen kokemuksen, jossa he voivat helposti l\u00f6yt\u00e4\u00e4 yhteystietoja l\u00e4hell\u00e4\u00e4n. Arvomme Turvallisuus: Takaamme verkkosivustoillamme parhaan mahdollisen tietosuojan GDPR-asetusten mukaisesti. V\u00e4lt\u00e4mme roskapostia, v\u00e4\u00e4rennettyj\u00e4 profiileja tai muita petoksia. Edist\u00e4mme ... Read more\" \/>\n<meta property=\"og:url\" content=\"https:\/\/sugardaddynordic.com\/da\/om-os\/\" \/>\n<meta property=\"og:site_name\" content=\"Sugar Daddy Nordic \u00ae\" \/>\n<meta property=\"article:modified_time\" content=\"2025-10-26T06:18:55+00:00\" \/>\n<meta property=\"og:image\" content=\"https:\/\/sugardaddynordic.com\/wp-content\/uploads\/2025\/10\/Logo-Sugar-Daddy-Nordic.png\" \/>\n\t<meta property=\"og:image:width\" content=\"1024\" \/>\n\t<meta property=\"og:image:height\" content=\"1024\" \/>\n\t<meta property=\"og:image:type\" content=\"image\/png\" \/>\n<meta name=\"twitter:card\" content=\"summary_large_image\" \/>\n<meta name=\"twitter:label1\" content=\"Estimeret l\u00e6setid\" \/>\n\t<meta name=\"twitter:data1\" content=\"3 minutter\" \/>\n<script type=\"application\/ld+json\" class=\"yoast-schema-graph\">{\"@context\":\"https:\\\/\\\/schema.org\",\"@graph\":[{\"@type\":\"WebPage\",\"@id\":\"https:\\\/\\\/sugardaddynordic.com\\\/meista\\\/\",\"url\":\"https:\\\/\\\/sugardaddynordic.com\\\/meista\\\/\",\"name\":\"meist\u00e4\",\"isPartOf\":{\"@id\":\"https:\\\/\\\/sugardaddynordic.com\\\/#website\"},\"datePublished\":\"2024-12-29T10:04:49+00:00\",\"dateModified\":\"2025-10-26T06:18:55+00:00\",\"breadcrumb\":{\"@id\":\"https:\\\/\\\/sugardaddynordic.com\\\/meista\\\/#breadcrumb\"},\"inLanguage\":\"da-DK\",\"potentialAction\":[{\"@type\":\"ReadAction\",\"target\":[\"https:\\\/\\\/sugardaddynordic.com\\\/meista\\\/\"]}]},{\"@type\":\"BreadcrumbList\",\"@id\":\"https:\\\/\\\/sugardaddynordic.com\\\/meista\\\/#breadcrumb\",\"itemListElement\":[{\"@type\":\"ListItem\",\"position\":1,\"name\":\"Home\",\"item\":\"https:\\\/\\\/sugardaddynordic.com\\\/\"},{\"@type\":\"ListItem\",\"position\":2,\"name\":\"meist\u00e4\"}]},{\"@type\":\"WebSite\",\"@id\":\"https:\\\/\\\/sugardaddynordic.com\\\/#website\",\"url\":\"https:\\\/\\\/sugardaddynordic.com\\\/\",\"name\":\"Sugar Daddy Nordic\",\"description\":\"\",\"publisher\":{\"@id\":\"https:\\\/\\\/sugardaddynordic.com\\\/#organization\"},\"alternateName\":\"Sugar Daddy Nordic powered by Sugar Daddy Planet\",\"potentialAction\":[{\"@type\":\"SearchAction\",\"target\":{\"@type\":\"EntryPoint\",\"urlTemplate\":\"https:\\\/\\\/sugardaddynordic.com\\\/?s={search_term_string}\"},\"query-input\":{\"@type\":\"PropertyValueSpecification\",\"valueRequired\":true,\"valueName\":\"search_term_string\"}}],\"inLanguage\":\"da-DK\"},{\"@type\":[\"Organization\",\"DatingService\"],\"@id\":\"https:\\\/\\\/sugardaddynordic.com\\\/#organization\",\"name\":\"Sugar Daddy Nordic\",\"url\":\"https:\\\/\\\/sugardaddynordic.com\\\/\",\"logo\":{\"@type\":\"ImageObject\",\"inLanguage\":\"da-DK\",\"@id\":\"https:\\\/\\\/sugardaddynordic.com\\\/#\\\/schema\\\/logo\\\/image\\\/\",\"url\":\"https:\\\/\\\/sugardaddynordic.com\\\/wp-content\\\/uploads\\\/2025\\\/10\\\/cropped-Logo-Sugar-Daddy-Nordic.png\",\"contentUrl\":\"https:\\\/\\\/sugardaddynordic.com\\\/wp-content\\\/uploads\\\/2025\\\/10\\\/cropped-Logo-Sugar-Daddy-Nordic.png\",\"width\":1022,\"height\":323,\"caption\":\"Sugar Daddy Nordic\"},\"image\":{\"@id\":\"https:\\\/\\\/sugardaddynordic.com\\\/#\\\/schema\\\/logo\\\/image\\\/\"},\"serviceType\":\"Dating Service\",\"category\":\"Dating\",\"publishingPrinciples\":\"https:\\\/\\\/sugardaddynordic.com\\\/julkaisustandardit\\\/\",\"ownershipFundingInfo\":\"https:\\\/\\\/sugardaddynordic.com\\\/rahoitus\\\/\",\"actionableFeedbackPolicy\":\"https:\\\/\\\/sugardaddynordic.com\\\/korjauskaytanto\\\/\",\"correctionsPolicy\":\"https:\\\/\\\/sugardaddynordic.com\\\/korjauskaytanto\\\/\",\"ethicsPolicy\":\"https:\\\/\\\/sugardaddynordic.com\\\/eettinen-politiikka\\\/\",\"diversityPolicy\":\"https:\\\/\\\/sugardaddynordic.com\\\/monimuotoisuus\\\/\",\"diversityStaffingReport\":\"https:\\\/\\\/sugardaddynordic.com\\\/yhteistyo\\\/\"}]}<\/script>\n<!-- \/ Yoast SEO Premium plugin. -->","yoast_head_json":{"title":"Om os","robots":{"index":"index","follow":"follow","max-snippet":"max-snippet:-1","max-image-preview":"max-image-preview:large","max-video-preview":"max-video-preview:-1"},"canonical":"https:\/\/sugardaddynordic.com\/da\/om-os\/","og_locale":"da_DK","og_type":"article","og_title":"meist\u00e4","og_description":"Sugar Daddy Nordic syntyi vuonna 2024 tarpeesta luoda sokeritreffialusta, joka tarjoaa 100 % kontakteja Suomessa. Yksinkertaisen rekister\u00f6intij\u00e4rjestelm\u00e4n, 100 % suomalaisen yhteis\u00f6n ja tehokkaan roskapostin seurantaj\u00e4rjestelm\u00e4n ansiosta onnistumme tarjoamaan k\u00e4ytt\u00e4jille ainutlaatuisen kokemuksen, jossa he voivat helposti l\u00f6yt\u00e4\u00e4 yhteystietoja l\u00e4hell\u00e4\u00e4n. Arvomme Turvallisuus: Takaamme verkkosivustoillamme parhaan mahdollisen tietosuojan GDPR-asetusten mukaisesti. V\u00e4lt\u00e4mme roskapostia, v\u00e4\u00e4rennettyj\u00e4 profiileja tai muita petoksia. Edist\u00e4mme ... Read more","og_url":"https:\/\/sugardaddynordic.com\/da\/om-os\/","og_site_name":"Sugar Daddy Nordic \u00ae","article_modified_time":"2025-10-26T06:18:55+00:00","og_image":[{"width":1024,"height":1024,"url":"https:\/\/sugardaddynordic.com\/wp-content\/uploads\/2025\/10\/Logo-Sugar-Daddy-Nordic.png","type":"image\/png"}],"twitter_card":"summary_large_image","twitter_misc":{"Estimeret l\u00e6setid":"3 minutter"},"schema":{"@context":"https:\/\/schema.org","@graph":[{"@type":"WebPage","@id":"https:\/\/sugardaddynordic.com\/meista\/","url":"https:\/\/sugardaddynordic.com\/meista\/","name":"Om os","isPartOf":{"@id":"https:\/\/sugardaddynordic.com\/#website"},"datePublished":"2024-12-29T10:04:49+00:00","dateModified":"2025-10-26T06:18:55+00:00","breadcrumb":{"@id":"https:\/\/sugardaddynordic.com\/meista\/#breadcrumb"},"inLanguage":"da-DK","potentialAction":[{"@type":"ReadAction","target":["https:\/\/sugardaddynordic.com\/meista\/"]}]},{"@type":"BreadcrumbList","@id":"https:\/\/sugardaddynordic.com\/meista\/#breadcrumb","itemListElement":[{"@type":"ListItem","position":1,"name":"Home","item":"https:\/\/sugardaddynordic.com\/"},{"@type":"ListItem","position":2,"name":"meist\u00e4"}]},{"@type":"WebSite","@id":"https:\/\/sugardaddynordic.com\/#website","url":"https:\/\/sugardaddynordic.com\/","name":"Sugar Daddy Nordic","description":"","publisher":{"@id":"https:\/\/sugardaddynordic.com\/#organization"},"alternateName":"Sugar Daddy Nordic powered by Sugar Daddy Planet","potentialAction":[{"@type":"SearchAction","target":{"@type":"EntryPoint","urlTemplate":"https:\/\/sugardaddynordic.com\/?s={search_term_string}"},"query-input":{"@type":"PropertyValueSpecification","valueRequired":true,"valueName":"search_term_string"}}],"inLanguage":"da-DK"},{"@type":["Organization","DatingService"],"@id":"https:\/\/sugardaddynordic.com\/#organization","name":"Sugar Daddy Nordic","url":"https:\/\/sugardaddynordic.com\/","logo":{"@type":"ImageObject","inLanguage":"da-DK","@id":"https:\/\/sugardaddynordic.com\/#\/schema\/logo\/image\/","url":"https:\/\/sugardaddynordic.com\/wp-content\/uploads\/2025\/10\/cropped-Logo-Sugar-Daddy-Nordic.png","contentUrl":"https:\/\/sugardaddynordic.com\/wp-content\/uploads\/2025\/10\/cropped-Logo-Sugar-Daddy-Nordic.png","width":1022,"height":323,"caption":"Sugar Daddy Nordic"},"image":{"@id":"https:\/\/sugardaddynordic.com\/#\/schema\/logo\/image\/"},"serviceType":"Dating Service","category":"Dating","publishingPrinciples":"https:\/\/sugardaddynordic.com\/julkaisustandardit\/","ownershipFundingInfo":"https:\/\/sugardaddynordic.com\/rahoitus\/","actionableFeedbackPolicy":"https:\/\/sugardaddynordic.com\/korjauskaytanto\/","correctionsPolicy":"https:\/\/sugardaddynordic.com\/korjauskaytanto\/","ethicsPolicy":"https:\/\/sugardaddynordic.com\/eettinen-politiikka\/","diversityPolicy":"https:\/\/sugardaddynordic.com\/monimuotoisuus\/","diversityStaffingReport":"https:\/\/sugardaddynordic.com\/yhteistyo\/"}]}},"_links":{"self":[{"href":"https:\/\/sugardaddynordic.com\/da\/wp-json\/wp\/v2\/pages\/6189","targetHints":{"allow":["GET"]}}],"collection":[{"href":"https:\/\/sugardaddynordic.com\/da\/wp-json\/wp\/v2\/pages"}],"about":[{"href":"https:\/\/sugardaddynordic.com\/da\/wp-json\/wp\/v2\/types\/page"}],"author":[{"embeddable":true,"href":"https:\/\/sugardaddynordic.com\/da\/wp-json\/wp\/v2\/users\/1"}],"replies":[{"embeddable":true,"href":"https:\/\/sugardaddynordic.com\/da\/wp-json\/wp\/v2\/comments?post=6189"}],"version-history":[{"count":0,"href":"https:\/\/sugardaddynordic.com\/da\/wp-json\/wp\/v2\/pages\/6189\/revisions"}],"wp:attachment":[{"href":"https:\/\/sugardaddynordic.com\/da\/wp-json\/wp\/v2\/media?parent=6189"}],"curies":[{"name":"wp","href":"https:\/\/api.w.org\/{rel}","templated":true}]}}