{"id":6191,"date":"2024-11-15T12:28:50","date_gmt":"2024-11-15T10:28:50","guid":{"rendered":"https:\/\/sugardaddynordic.com\/?page_id=6191"},"modified":"2025-10-26T08:19:30","modified_gmt":"2025-10-26T06:19:30","slug":"sikker-dating","status":"publish","type":"page","link":"https:\/\/sugardaddynordic.com\/da\/turvallinen-tapailu\/","title":{"rendered":"Sikker dating"},"content":{"rendered":"<p><a href=\"https:\/\/sugardaddynordic.com\/da\/\">SugarDaddy Nordic<\/a>&nbsp;,Som med alle andre datingplatforme er der risici involveret, is\u00e6r n\u00e5r det g\u00e6lder svindel.<\/p>\n\n\n\n<p><strong>Nedenfor pr\u00e6senterer vi en komplet guide med sikkerhedstips, der hj\u00e6lper dig med at f\u00e5 en tilfredsstillende oplevelse og undg\u00e5 fors\u00f8g p\u00e5 svindel eller d\u00e5rlig praksis.<\/strong>&nbsp;p\u00e5 vores sugar daddy- og sugar baby-platforme sugardaddynordic.com<\/p>\n\n\n\n<h2 class=\"wp-block-heading has-text-align-center\" id=\"h-yleisia-vinkkeja\">Generelle tips<\/h2>\n\n\n\n<div class=\"wp-block-stackable-columns stk-block-columns stk-block stk-5ad3213\" data-block-id=\"5ad3213\"><div class=\"stk-row stk-inner-blocks stk-block-content stk-content-align stk-5ad3213-column\">\n<div class=\"wp-block-stackable-column stk-block-column stk-column stk-block stk-18b68d9\" data-v=\"4\" data-block-id=\"18b68d9\"><div class=\"stk-column-wrapper stk-block-column__content stk-container stk-18b68d9-container stk--no-background stk--no-padding\"><div class=\"stk-block-content stk-inner-blocks stk-18b68d9-inner-blocks\">\n<h3 class=\"wp-block-heading\" id=\"h-vahvista-henkilollisyys\">Bekr\u00e6ft din identitet:<\/h3>\n\n\n\n<p>S\u00f8rg for, at den person, du interagerer med, er den, de siger, de er. Dette kan omfatte&nbsp;<strong>foretage videoopkald<\/strong>&nbsp;f\u00f8r m\u00f8det,&nbsp;<strong>anmode om et nyt foto<\/strong>&nbsp;eller&nbsp;<strong>anmoder om sociale medier<\/strong>&nbsp;for at bekr\u00e6fte, at de ikke er falske.<\/p>\n\n\n\n<h3 class=\"wp-block-heading\" id=\"h-ala-koskaan-laheta-rahaa-etukateen\">Send aldrig penge p\u00e5 forh\u00e5nd:<\/h3>\n\n\n\n<p>En rigtig Sugar Daddy beder ikke Sugar Baby om penge og omvendt. Sugar-forhold er baseret p\u00e5 klare kontrakter, ikke ensidige tjenester. Det betyder ogs\u00e5, at du ikke skal udlevere bankkontooplysninger eller sende gavekort eller onlinek\u00f8b.<\/p>\n\n\n\n<h3 class=\"wp-block-heading\" id=\"h-pysy-alustalla\">Bliv p\u00e5 platformen<\/h3>\n\n\n\n<p>N\u00e5r du lige er begyndt at l\u00e6re nogen at kende, s\u00e5 forts\u00e6t samtalerne p\u00e5 platformen. Brugere med d\u00e5rlige intentioner fors\u00f8ger ofte at flytte samtalen til beskedapps, e-mail eller telefonopkald s\u00e5 hurtigt som muligt.<\/p>\n<\/div><\/div><\/div>\n\n\n\n<div class=\"wp-block-stackable-column stk-block-column stk-column stk-block stk-7df0b6b\" data-v=\"4\" data-block-id=\"7df0b6b\"><div class=\"stk-column-wrapper stk-block-column__content stk-container stk-7df0b6b-container stk--no-background stk--no-padding\"><div class=\"stk-block-content stk-inner-blocks stk-7df0b6b-inner-blocks\">\n<h3 class=\"wp-block-heading\" id=\"h-varo-dramaattisia-tarinoita\">Pas p\u00e5 med dramatiske historier:<\/h3>\n\n\n\n<p>Hvis du oplever, at personen altid synes at have en undskyldning eller et presserende problem, der kr\u00e6ver din hj\u00e6lp, st\u00e5r du m\u00e5ske over for et f\u00f8lelsesm\u00e6ssigt svindelnummer.<\/p>\n\n\n\n<h3 class=\"wp-block-heading\" id=\"h-selkeat-sopimukset-alusta-alkaen\">Klare kontrakter fra starten:<\/h3>\n\n\n\n<p>\u00d8konomiske, f\u00f8lelsesm\u00e6ssige og tidsm\u00e6ssige forventninger b\u00f8r v\u00e6re klare inden m\u00f8det. V\u00e6r aldrig bange for at pr\u00e6cisere dine betingelser eller stille vanskelige sp\u00f8rgsm\u00e5l om, hvad begge parter forventer af forholdet.<\/p>\n\n\n\n<h3 class=\"wp-block-heading\" id=\"h-epaily-kaukosuhteista-tai-eri-maiden-valilla\">Mistanke om langdistanceforhold eller forhold p\u00e5 tv\u00e6rs af landegr\u00e6nser<\/h3>\n\n\n\n<p>V\u00e6r mist\u00e6nksom over for alle, der ikke vil m\u00f8de dig personligt eller foretage et telefon- eller videoopkald; de er m\u00e5ske ikke dem, de giver sig ud for at v\u00e6re. Hvis nogen undg\u00e5r dine sp\u00f8rgsm\u00e5l eller fors\u00f8ger at etablere et seri\u00f8st forhold uden at l\u00e6re dig at kende f\u00f8rst, er det et d\u00e5rligt tegn.<\/p>\n<\/div><\/div><\/div>\n<\/div><\/div>\n\n\n\n<h2 class=\"wp-block-heading has-text-align-center\" id=\"h-treffien-turvallisuus\">Sikkerhed ved m\u00f8der<\/h2>\n\n\n\n<h3 class=\"wp-block-heading\" id=\"h-ensimmainen-treffi-julkisella-paikalla\">F\u00f8rste date p\u00e5 et offentligt sted:<\/h3>\n\n\n\n<p>Hold altid dit f\u00f8rste m\u00f8de p\u00e5 et sikkert, offentligt sted, f.eks. en travl caf\u00e9 eller restaurant. Undg\u00e5 at m\u00f8des p\u00e5 ukendte steder eller direkte i et hus eller p\u00e5 et hotel.<\/p>\n\n\n\n<h3 class=\"wp-block-heading\" id=\"h-kerro-jollekulle-johon-luotat\">Fort\u00e6l det til en, du stoler p\u00e5:<\/h3>\n\n\n\n<p>Husk at fort\u00e6lle en betroet ven eller et familiemedlem, hvor du er, hvem du skal m\u00f8des med, og hvor l\u00e6nge du vil v\u00e6re v\u00e6k, f\u00f8r I m\u00f8des. Du kan dele din placering i realtid via din smartphone for at forbedre sikkerheden.<\/p>\n\n\n\n<h3 class=\"wp-block-heading\" id=\"h-ota-oma-kuljetus\">Tag din egen transport med:<\/h3>\n\n\n\n<p>Accepter ikke at blive hentet ved den f\u00f8rste aftale eller at blive k\u00f8rt. Brug din egen transport eller offentlig transport, s\u00e5 du kan klare hjemrejsen, hvis du p\u00e5 et tidspunkt \u00f8nsker at afbryde aftalen.<\/p>\n\n\n\n<h3 class=\"wp-block-heading\" id=\"h-rajoita-alkoholin-tai-paihteiden-kayttoa\">Begr\u00e6ns dit forbrug af alkohol eller stoffer:<\/h3>\n\n\n\n<p>P\u00e5 den f\u00f8rste date er det en god id\u00e9 at begr\u00e6nse sit alkoholindtag for at holde tingene under kontrol hele vejen igennem. Overdrevent alkoholforbrug kan uds\u00e6tte dig for u\u00f8nskede situationer. Hvis de tilbyder dig andre ting, s\u00e5 sig nej, for du ved ikke, hvad de tilbyder dig.<\/p>\n\n\n\n<h2 class=\"wp-block-heading has-text-align-center\" id=\"h-turvallisuus-sokerivauvoille\">Sikkerhed for sukkerbabyer<\/h2>\n\n\n\n<p><strong>Pas p\u00e5 falske sugar daddies<\/strong>&nbsp;: Der er folk, der udgiver sig for at v\u00e6re velhavende sugar daddies, men som kun er interesseret i at svindle. De kan fors\u00f8ge at f\u00e5 dig til at sende intime billeder eller bede om penge under p\u00e5skud af, at de vil betale dig tilbage senere. Bevar altid kontrollen over situationen, og stol ikke blindt p\u00e5 nogen, du ikke har m\u00f8dt personligt.<\/p>\n\n\n\n<p><strong>Undg\u00e5 at dele bankoplysninger eller gavekort<\/strong>&nbsp;: Foretag aldrig banktransaktioner eller k\u00f8b af kort eller produkter, uanset hvilken undskyldning personen p\u00e5 den anden side af sk\u00e6rmen giver dig. Der findes tusindvis af svindelnumre af denne type p\u00e5 internettet, hvor du bliver bedt om at k\u00f8be kort eller bankoplysninger.<\/p>\n\n\n\n<p><strong>Overf\u00f8r ikke penge<\/strong>&nbsp;: Uden nogen form for undskyldning vil du ikke foretage en pengeoverf\u00f8rsel til en person, du har m\u00f8dt online. Lad dig ikke involvere i nogen form for transaktion uden at kende personen.<\/p>\n\n\n\n<p><strong>Udlever ikke personlige oplysninger<\/strong>&nbsp;Giv ikke oplysninger om dit universitet, din adresse eller personlige oplysninger, der ikke er relevante, uden at du kender dem personligt. Dit personlige liv skal beskyttes i online-relationer.<\/p>\n\n\n\n<h2 class=\"wp-block-heading has-text-align-center\" id=\"h-turvallisuus-sokereille\">Sikkerhed for sukkerarter<\/h2>\n\n\n\n<p><strong>Pas p\u00e5 falske profiler<\/strong>&nbsp;Svar: Hvis din profil ser for perfekt ud, eller dine billeder ser for professionelle ud, er det en god id\u00e9 at unders\u00f8ge sagen n\u00e6rmere, f\u00f8r du involverer dig f\u00f8lelsesm\u00e6ssigt eller \u00f8konomisk.<\/p>\n\n\n\n<p>S\u00e6t ikke penge ind p\u00e5 nettet, og k\u00f8b ikke gaver p\u00e5 nettet: Gaver eller fordele fra disse relationer g\u00f8res bedst personligt og online efter et m\u00f8de ansigt til ansigt. Hvis en bruger beder dig om penge f\u00f8r m\u00f8det, er det bedre at afsl\u00e5.<\/p>\n\n\n\n<p><strong>Del ikke un\u00f8dvendige personlige data<\/strong>&nbsp;Undg\u00e5 at dele for mange personlige oplysninger som f.eks. din indkomst, formue eller bankkonti i begyndelsen af forholdet. Nogle svindlere kan bruge disse oplysninger til at afpresse dig eller stj\u00e6le din identitet.<\/p>\n\n\n\n<p><strong>Uops\u00e6ttelige anmodninger om penge<\/strong>&nbsp;Svar: Hvis Sugar Baby begynder at bede om penge f\u00f8r en aftale eller til uventede problemer som \"n\u00f8dsituationer i familien\", kan du v\u00e6re blevet snydt. Sugar Baby-forholdet er baseret p\u00e5 klare aftaler, ikke pludselige \u00f8konomiske tjenester.<\/p>\n\n\n\n<p><strong>Beskyt dig selv mod afpresning<\/strong>&nbsp;Del aldrig f\u00f8lsomt materiale med nogen, du aldrig har m\u00f8dt personligt og ikke har fuld tillid til. Fort\u00e6l ikke nogen om din familie eller \u00e6gteskabelige status eller dit job eller hjem, f\u00f8r I har m\u00f8dtes personligt.<\/p>\n\n\n\n<h2 class=\"wp-block-heading has-text-align-center\" id=\"h-kuinka-tunnistaa-verkkohuijaukset\">S\u00e5dan identificerer du online-svindel<\/h2>\n\n\n\n<div class=\"wp-block-stackable-columns stk-block-columns stk-block stk-a1f0618\" data-block-id=\"a1f0618\"><div class=\"stk-row stk-inner-blocks stk-block-content stk-content-align stk-a1f0618-column\">\n<div class=\"wp-block-stackable-column stk-block-column stk-column stk-block stk-d914be5\" data-v=\"4\" data-block-id=\"d914be5\"><div class=\"stk-column-wrapper stk-block-column__content stk-container stk-d914be5-container stk--no-background stk--no-padding\"><div class=\"stk-block-content stk-inner-blocks stk-d914be5-inner-blocks\">\n<h3 class=\"wp-block-heading\" id=\"h-epatavallinen-kieli-ja-kaytos\">Us\u00e6dvanligt sprog og adf\u00e6rd:<\/h3>\n\n\n\n<p>Svindlere kommunikerer ofte upersonligt eller inkonsekvent. Hvis du bem\u00e6rker, at den person, du taler med, undg\u00e5r at svare p\u00e5 direkte sp\u00f8rgsm\u00e5l, har automatiske svar eller undg\u00e5r at m\u00f8de dig personligt, er det et r\u00f8dt flag.<\/p>\n\n\n\n<h3 class=\"wp-block-heading\" id=\"h-liioiteltuja-lupauksia\">Overdrevne l\u00f8fter:<\/h3>\n\n\n\n<p>Pas p\u00e5 med l\u00f8fter om store pengesummer, overd\u00e5dige gaver eller et luksuri\u00f8st liv uden at have opbygget et \u00e6gte forhold. Hvis noget virker for godt til at v\u00e6re sandt, er det det nok ogs\u00e5.<\/p>\n<\/div><\/div><\/div>\n\n\n\n<div class=\"wp-block-stackable-column stk-block-column stk-column stk-block stk-fbe5034\" data-v=\"4\" data-block-id=\"fbe5034\"><div class=\"stk-column-wrapper stk-block-column__content stk-container stk-fbe5034-container stk--no-background stk--no-padding\"><div class=\"stk-block-content stk-inner-blocks stk-fbe5034-inner-blocks\">\n<h3 class=\"wp-block-heading\" id=\"h-luonnottomia-kuvia\">Unaturlige billeder:<\/h3>\n\n\n\n<p>Brug v\u00e6rkt\u00f8jer som omvendt billeds\u00f8gning til at tjekke, om de billeder, de l\u00e6gger ud, er \u00e6gte eller stj\u00e5let fra andre internetprofiler.<\/p>\n\n\n\n<h3 class=\"wp-block-heading\" id=\"h-epajohdonmukainen-kaytos\">Inkonsekvent adf\u00e6rd:<\/h3>\n\n\n\n<p>Hvis en persons personlige historie \u00e6ndrer sig, eller de fort\u00e6ller dig modstridende historier, kan du have med en svindler at g\u00f8re. Det er vigtigt at v\u00e6re opm\u00e6rksom p\u00e5 disse detaljer fra starten.<\/p>\n<\/div><\/div><\/div>\n<\/div><\/div>\n\n\n\n<h2 class=\"wp-block-heading\" id=\"h-kuinka-ilmoittaa-huijauksista\">S\u00e5dan anmelder du svindel<\/h2>\n\n\n\n<p>Hvis du mener, at du er blevet snydt eller har set en mist\u00e6nkelig profil, er det vigtigt at rapportere det med det samme ved at sende en e-mail til&nbsp;<a href=\"https:\/\/sugardaddynordic.com\/da\/kontakt\/\">eller ved at bruge kontaktformularen<\/a>&nbsp;. Som bruger kan du ogs\u00e5 rapportere det via profiler<\/p>\n\n\n\n<p>Information p\u00e5 bloggen:<\/p>\n\n\n\n<p>F\u00f8r du g\u00e5r ind i sugardatingens verden, er det vigtigt at finde ud af alt, hvad der er v\u00e6rd at vide om&nbsp;<a href=\"https:\/\/sugardaddynordic.com\/da\/blog\/\">konceptet og typen af relationer i sugar baby,<\/a>&nbsp;Vi anbefaler&nbsp;<a href=\"https:\/\/sugardaddynordic.com\/da\/blog\/\">L\u00e6s bloggen<\/a>&nbsp;som har mange artikler om sikkerhed p\u00e5 den f\u00f8rste date, privatliv osv.<\/p>","protected":false},"excerpt":{"rendered":"<p>SugarDaddy Nordic, som med enhver datingplatform, indeb\u00e6rer risici, is\u00e6r svindel. Nedenfor pr\u00e6senterer vi en komplet guide med sikkerhedstips, der hj\u00e6lper dig med at f\u00e5 en tilfredsstillende oplevelse og undg\u00e5 fors\u00f8g p\u00e5 svindel eller d\u00e5rlig praksis p\u00e5 vores sugar daddy- og sugar baby-platform sugardaddynordic.com Generelle tips Bekr\u00e6ft din identitet. Dette kan omfatte at foretage videoopkald f\u00f8r et m\u00f8de, bede om et nyt foto eller bruge sociale medier til at ... <a title=\"Sikker dating\" class=\"read-more\" href=\"https:\/\/sugardaddynordic.com\/da\/turvallinen-tapailu\/\" aria-label=\"L\u00e6s mere om sikker dating\">L\u00e6s mere om det<\/a><\/p>","protected":false},"author":1,"featured_media":0,"parent":0,"menu_order":0,"comment_status":"closed","ping_status":"closed","template":"","meta":{"generate_page_header":"","footnotes":""},"class_list":{"0":"post-6191","1":"page","2":"type-page","3":"status-publish","5":"infinite-scroll-item"},"featured_image_urls":{"full":"","thumbnail":"","medium":"","medium_large":"","large":"","1536x1536":"","2048x2048":"","trp-custom-language-flag":"","crp_thumbnail":""},"post_excerpt_stackable":"<p>SugarDaddy Nordic&nbsp;,&nbsp;kuten kaikilla treffialustalla, liittyy riskej\u00e4, erityisesti huijauksiin. Alla esittelemme t\u00e4ydellisen oppaan tietoturvavinkkeineen, jotta voit saada tyydytt\u00e4v\u00e4t kokemukset ja v\u00e4ltt\u00e4\u00e4 petosyritykset tai huonot k\u00e4yt\u00e4nn\u00f6t&nbsp;sugar daddy- ja sugar baby -alustallamme sugardaddynordic.com Yleisi\u00e4 vinkkej\u00e4 Vahvista henkil\u00f6llisyys: Varmista, ett\u00e4 henkil\u00f6, jonka kanssa olet vuorovaikutuksessa, on se, joka h\u00e4n sanoo olevansa. T\u00e4h\u00e4n voi kuulua&nbsp;videopuheluiden soittaminen&nbsp;ennen tapaamista,&nbsp;\u00e4skett\u00e4isen valokuvan pyyt\u00e4minen&nbsp;tai&nbsp;sosiaalisen median pyyt\u00e4minen&nbsp;vahvistamaan, ett\u00e4 he eiv\u00e4t ole v\u00e4\u00e4renn\u00f6s. \u00c4l\u00e4 koskaan l\u00e4het\u00e4 rahaa etuk\u00e4teen: Aito Sugar Daddy ei pyyd\u00e4 rahaa Sugar Babylt\u00e4 eik\u00e4 p\u00e4invastoin. Sokerisuhteet perustuvat selkeisiin sopimuksiin, eiv\u00e4t yksipuolisiin palveluksiin. T\u00e4m\u00e4 tarkoittaa my\u00f6s sit\u00e4, ett\u00e4 et anna pankkitilitietoja tai l\u00e4het\u00e4 lahjakortteja tai verkko-ostoksia. Pysy alustalla Kun olet&hellip;<\/p>\n","category_list":"","author_info":{"name":"Admin de SugarDaddySuomi","url":"https:\/\/sugardaddynordic.com\/da\/author\/poweb\/"},"comments_num":"0 comments","featured_image_urls_v2":{"full":"","thumbnail":"","medium":"","medium_large":"","large":"","1536x1536":"","2048x2048":"","trp-custom-language-flag":"","crp_thumbnail":""},"post_excerpt_stackable_v2":"<p>SugarDaddy Nordic&nbsp;,&nbsp;kuten kaikilla treffialustalla, liittyy riskej\u00e4, erityisesti huijauksiin. Alla esittelemme t\u00e4ydellisen oppaan tietoturvavinkkeineen, jotta voit saada tyydytt\u00e4v\u00e4t kokemukset ja v\u00e4ltt\u00e4\u00e4 petosyritykset tai huonot k\u00e4yt\u00e4nn\u00f6t&nbsp;sugar daddy- ja sugar baby -alustallamme sugardaddynordic.com Yleisi\u00e4 vinkkej\u00e4 Vahvista henkil\u00f6llisyys: Varmista, ett\u00e4 henkil\u00f6, jonka kanssa olet vuorovaikutuksessa, on se, joka h\u00e4n sanoo olevansa. T\u00e4h\u00e4n voi kuulua&nbsp;videopuheluiden soittaminen&nbsp;ennen tapaamista,&nbsp;\u00e4skett\u00e4isen valokuvan pyyt\u00e4minen&nbsp;tai&nbsp;sosiaalisen median pyyt\u00e4minen&nbsp;vahvistamaan, ett\u00e4 he eiv\u00e4t ole v\u00e4\u00e4renn\u00f6s. \u00c4l\u00e4 koskaan l\u00e4het\u00e4 rahaa etuk\u00e4teen: Aito Sugar Daddy ei pyyd\u00e4 rahaa Sugar Babylt\u00e4 eik\u00e4 p\u00e4invastoin. Sokerisuhteet perustuvat selkeisiin sopimuksiin, eiv\u00e4t yksipuolisiin palveluksiin. T\u00e4m\u00e4 tarkoittaa my\u00f6s sit\u00e4, ett\u00e4 et anna pankkitilitietoja tai l\u00e4het\u00e4 lahjakortteja tai verkko-ostoksia. Pysy alustalla Kun olet&hellip;<\/p>\n","category_list_v2":"","author_info_v2":{"name":"Admin de SugarDaddySuomi","url":"https:\/\/sugardaddynordic.com\/da\/author\/poweb\/"},"comments_num_v2":"0 comments","yoast_head":"<!-- This site is optimized with the Yoast SEO Premium plugin v26.0 (Yoast SEO v27.3) - https:\/\/yoast.com\/product\/yoast-seo-premium-wordpress\/ -->\n<title>Turvallinen tapailu<\/title>\n<meta name=\"robots\" content=\"index, follow, max-snippet:-1, max-image-preview:large, max-video-preview:-1\" \/>\n<link rel=\"canonical\" href=\"https:\/\/sugardaddynordic.com\/da\/sikker-dating\/\" \/>\n<meta property=\"og:locale\" content=\"da_DK\" \/>\n<meta property=\"og:type\" content=\"article\" \/>\n<meta property=\"og:title\" content=\"Turvallinen tapailu\" \/>\n<meta property=\"og:description\" content=\"SugarDaddy Nordic&nbsp;,&nbsp;kuten kaikilla treffialustalla, liittyy riskej\u00e4, erityisesti huijauksiin. Alla esittelemme t\u00e4ydellisen oppaan tietoturvavinkkeineen, jotta voit saada tyydytt\u00e4v\u00e4t kokemukset ja v\u00e4ltt\u00e4\u00e4 petosyritykset tai huonot k\u00e4yt\u00e4nn\u00f6t&nbsp;sugar daddy- ja sugar baby -alustallamme sugardaddynordic.com Yleisi\u00e4 vinkkej\u00e4 Vahvista henkil\u00f6llisyys: Varmista, ett\u00e4 henkil\u00f6, jonka kanssa olet vuorovaikutuksessa, on se, joka h\u00e4n sanoo olevansa. T\u00e4h\u00e4n voi kuulua&nbsp;videopuheluiden soittaminen&nbsp;ennen tapaamista,&nbsp;\u00e4skett\u00e4isen valokuvan pyyt\u00e4minen&nbsp;tai&nbsp;sosiaalisen median ... Read more\" \/>\n<meta property=\"og:url\" content=\"https:\/\/sugardaddynordic.com\/da\/sikker-dating\/\" \/>\n<meta property=\"og:site_name\" content=\"Sugar Daddy Nordic \u00ae\" \/>\n<meta property=\"article:modified_time\" content=\"2025-10-26T06:19:30+00:00\" \/>\n<meta property=\"og:image\" content=\"https:\/\/sugardaddynordic.com\/wp-content\/uploads\/2025\/10\/Logo-Sugar-Daddy-Nordic.png\" \/>\n\t<meta property=\"og:image:width\" content=\"1024\" \/>\n\t<meta property=\"og:image:height\" content=\"1024\" \/>\n\t<meta property=\"og:image:type\" content=\"image\/png\" \/>\n<meta name=\"twitter:card\" content=\"summary_large_image\" \/>\n<meta name=\"twitter:label1\" content=\"Estimeret l\u00e6setid\" \/>\n\t<meta name=\"twitter:data1\" content=\"5 minutter\" \/>\n<script type=\"application\/ld+json\" class=\"yoast-schema-graph\">{\"@context\":\"https:\\\/\\\/schema.org\",\"@graph\":[{\"@type\":\"WebPage\",\"@id\":\"https:\\\/\\\/sugardaddynordic.com\\\/turvallinen-tapailu\\\/\",\"url\":\"https:\\\/\\\/sugardaddynordic.com\\\/turvallinen-tapailu\\\/\",\"name\":\"Turvallinen tapailu\",\"isPartOf\":{\"@id\":\"https:\\\/\\\/sugardaddynordic.com\\\/#website\"},\"datePublished\":\"2024-11-15T10:28:50+00:00\",\"dateModified\":\"2025-10-26T06:19:30+00:00\",\"breadcrumb\":{\"@id\":\"https:\\\/\\\/sugardaddynordic.com\\\/turvallinen-tapailu\\\/#breadcrumb\"},\"inLanguage\":\"da-DK\",\"potentialAction\":[{\"@type\":\"ReadAction\",\"target\":[\"https:\\\/\\\/sugardaddynordic.com\\\/turvallinen-tapailu\\\/\"]}]},{\"@type\":\"BreadcrumbList\",\"@id\":\"https:\\\/\\\/sugardaddynordic.com\\\/turvallinen-tapailu\\\/#breadcrumb\",\"itemListElement\":[{\"@type\":\"ListItem\",\"position\":1,\"name\":\"Home\",\"item\":\"https:\\\/\\\/sugardaddynordic.com\\\/\"},{\"@type\":\"ListItem\",\"position\":2,\"name\":\"Turvallinen tapailu\"}]},{\"@type\":\"WebSite\",\"@id\":\"https:\\\/\\\/sugardaddynordic.com\\\/#website\",\"url\":\"https:\\\/\\\/sugardaddynordic.com\\\/\",\"name\":\"Sugar Daddy Nordic\",\"description\":\"\",\"publisher\":{\"@id\":\"https:\\\/\\\/sugardaddynordic.com\\\/#organization\"},\"alternateName\":\"Sugar Daddy Nordic powered by Sugar Daddy Planet\",\"potentialAction\":[{\"@type\":\"SearchAction\",\"target\":{\"@type\":\"EntryPoint\",\"urlTemplate\":\"https:\\\/\\\/sugardaddynordic.com\\\/?s={search_term_string}\"},\"query-input\":{\"@type\":\"PropertyValueSpecification\",\"valueRequired\":true,\"valueName\":\"search_term_string\"}}],\"inLanguage\":\"da-DK\"},{\"@type\":[\"Organization\",\"DatingService\"],\"@id\":\"https:\\\/\\\/sugardaddynordic.com\\\/#organization\",\"name\":\"Sugar Daddy Nordic\",\"url\":\"https:\\\/\\\/sugardaddynordic.com\\\/\",\"logo\":{\"@type\":\"ImageObject\",\"inLanguage\":\"da-DK\",\"@id\":\"https:\\\/\\\/sugardaddynordic.com\\\/#\\\/schema\\\/logo\\\/image\\\/\",\"url\":\"https:\\\/\\\/sugardaddynordic.com\\\/wp-content\\\/uploads\\\/2025\\\/10\\\/cropped-Logo-Sugar-Daddy-Nordic.png\",\"contentUrl\":\"https:\\\/\\\/sugardaddynordic.com\\\/wp-content\\\/uploads\\\/2025\\\/10\\\/cropped-Logo-Sugar-Daddy-Nordic.png\",\"width\":1022,\"height\":323,\"caption\":\"Sugar Daddy Nordic\"},\"image\":{\"@id\":\"https:\\\/\\\/sugardaddynordic.com\\\/#\\\/schema\\\/logo\\\/image\\\/\"},\"serviceType\":\"Dating Service\",\"category\":\"Dating\",\"publishingPrinciples\":\"https:\\\/\\\/sugardaddynordic.com\\\/julkaisustandardit\\\/\",\"ownershipFundingInfo\":\"https:\\\/\\\/sugardaddynordic.com\\\/rahoitus\\\/\",\"actionableFeedbackPolicy\":\"https:\\\/\\\/sugardaddynordic.com\\\/korjauskaytanto\\\/\",\"correctionsPolicy\":\"https:\\\/\\\/sugardaddynordic.com\\\/korjauskaytanto\\\/\",\"ethicsPolicy\":\"https:\\\/\\\/sugardaddynordic.com\\\/eettinen-politiikka\\\/\",\"diversityPolicy\":\"https:\\\/\\\/sugardaddynordic.com\\\/monimuotoisuus\\\/\",\"diversityStaffingReport\":\"https:\\\/\\\/sugardaddynordic.com\\\/yhteistyo\\\/\"}]}<\/script>\n<!-- \/ Yoast SEO Premium plugin. -->","yoast_head_json":{"title":"Sikker dating","robots":{"index":"index","follow":"follow","max-snippet":"max-snippet:-1","max-image-preview":"max-image-preview:large","max-video-preview":"max-video-preview:-1"},"canonical":"https:\/\/sugardaddynordic.com\/da\/sikker-dating\/","og_locale":"da_DK","og_type":"article","og_title":"Turvallinen tapailu","og_description":"SugarDaddy Nordic&nbsp;,&nbsp;kuten kaikilla treffialustalla, liittyy riskej\u00e4, erityisesti huijauksiin. Alla esittelemme t\u00e4ydellisen oppaan tietoturvavinkkeineen, jotta voit saada tyydytt\u00e4v\u00e4t kokemukset ja v\u00e4ltt\u00e4\u00e4 petosyritykset tai huonot k\u00e4yt\u00e4nn\u00f6t&nbsp;sugar daddy- ja sugar baby -alustallamme sugardaddynordic.com Yleisi\u00e4 vinkkej\u00e4 Vahvista henkil\u00f6llisyys: Varmista, ett\u00e4 henkil\u00f6, jonka kanssa olet vuorovaikutuksessa, on se, joka h\u00e4n sanoo olevansa. T\u00e4h\u00e4n voi kuulua&nbsp;videopuheluiden soittaminen&nbsp;ennen tapaamista,&nbsp;\u00e4skett\u00e4isen valokuvan pyyt\u00e4minen&nbsp;tai&nbsp;sosiaalisen median ... Read more","og_url":"https:\/\/sugardaddynordic.com\/da\/sikker-dating\/","og_site_name":"Sugar Daddy Nordic \u00ae","article_modified_time":"2025-10-26T06:19:30+00:00","og_image":[{"width":1024,"height":1024,"url":"https:\/\/sugardaddynordic.com\/wp-content\/uploads\/2025\/10\/Logo-Sugar-Daddy-Nordic.png","type":"image\/png"}],"twitter_card":"summary_large_image","twitter_misc":{"Estimeret l\u00e6setid":"5 minutter"},"schema":{"@context":"https:\/\/schema.org","@graph":[{"@type":"WebPage","@id":"https:\/\/sugardaddynordic.com\/turvallinen-tapailu\/","url":"https:\/\/sugardaddynordic.com\/turvallinen-tapailu\/","name":"Sikker dating","isPartOf":{"@id":"https:\/\/sugardaddynordic.com\/#website"},"datePublished":"2024-11-15T10:28:50+00:00","dateModified":"2025-10-26T06:19:30+00:00","breadcrumb":{"@id":"https:\/\/sugardaddynordic.com\/turvallinen-tapailu\/#breadcrumb"},"inLanguage":"da-DK","potentialAction":[{"@type":"ReadAction","target":["https:\/\/sugardaddynordic.com\/turvallinen-tapailu\/"]}]},{"@type":"BreadcrumbList","@id":"https:\/\/sugardaddynordic.com\/turvallinen-tapailu\/#breadcrumb","itemListElement":[{"@type":"ListItem","position":1,"name":"Home","item":"https:\/\/sugardaddynordic.com\/"},{"@type":"ListItem","position":2,"name":"Turvallinen tapailu"}]},{"@type":"WebSite","@id":"https:\/\/sugardaddynordic.com\/#website","url":"https:\/\/sugardaddynordic.com\/","name":"Sugar Daddy Nordic","description":"","publisher":{"@id":"https:\/\/sugardaddynordic.com\/#organization"},"alternateName":"Sugar Daddy Nordic powered by Sugar Daddy Planet","potentialAction":[{"@type":"SearchAction","target":{"@type":"EntryPoint","urlTemplate":"https:\/\/sugardaddynordic.com\/?s={search_term_string}"},"query-input":{"@type":"PropertyValueSpecification","valueRequired":true,"valueName":"search_term_string"}}],"inLanguage":"da-DK"},{"@type":["Organization","DatingService"],"@id":"https:\/\/sugardaddynordic.com\/#organization","name":"Sugar Daddy Nordic","url":"https:\/\/sugardaddynordic.com\/","logo":{"@type":"ImageObject","inLanguage":"da-DK","@id":"https:\/\/sugardaddynordic.com\/#\/schema\/logo\/image\/","url":"https:\/\/sugardaddynordic.com\/wp-content\/uploads\/2025\/10\/cropped-Logo-Sugar-Daddy-Nordic.png","contentUrl":"https:\/\/sugardaddynordic.com\/wp-content\/uploads\/2025\/10\/cropped-Logo-Sugar-Daddy-Nordic.png","width":1022,"height":323,"caption":"Sugar Daddy Nordic"},"image":{"@id":"https:\/\/sugardaddynordic.com\/#\/schema\/logo\/image\/"},"serviceType":"Dating Service","category":"Dating","publishingPrinciples":"https:\/\/sugardaddynordic.com\/julkaisustandardit\/","ownershipFundingInfo":"https:\/\/sugardaddynordic.com\/rahoitus\/","actionableFeedbackPolicy":"https:\/\/sugardaddynordic.com\/korjauskaytanto\/","correctionsPolicy":"https:\/\/sugardaddynordic.com\/korjauskaytanto\/","ethicsPolicy":"https:\/\/sugardaddynordic.com\/eettinen-politiikka\/","diversityPolicy":"https:\/\/sugardaddynordic.com\/monimuotoisuus\/","diversityStaffingReport":"https:\/\/sugardaddynordic.com\/yhteistyo\/"}]}},"_links":{"self":[{"href":"https:\/\/sugardaddynordic.com\/da\/wp-json\/wp\/v2\/pages\/6191","targetHints":{"allow":["GET"]}}],"collection":[{"href":"https:\/\/sugardaddynordic.com\/da\/wp-json\/wp\/v2\/pages"}],"about":[{"href":"https:\/\/sugardaddynordic.com\/da\/wp-json\/wp\/v2\/types\/page"}],"author":[{"embeddable":true,"href":"https:\/\/sugardaddynordic.com\/da\/wp-json\/wp\/v2\/users\/1"}],"replies":[{"embeddable":true,"href":"https:\/\/sugardaddynordic.com\/da\/wp-json\/wp\/v2\/comments?post=6191"}],"version-history":[{"count":0,"href":"https:\/\/sugardaddynordic.com\/da\/wp-json\/wp\/v2\/pages\/6191\/revisions"}],"wp:attachment":[{"href":"https:\/\/sugardaddynordic.com\/da\/wp-json\/wp\/v2\/media?parent=6191"}],"curies":[{"name":"wp","href":"https:\/\/api.w.org\/{rel}","templated":true}]}}