{"id":13439,"date":"2025-08-28T11:08:46","date_gmt":"2025-08-28T08:08:46","guid":{"rendered":"https:\/\/sugardaddynordic.com\/?page_id=13439"},"modified":"2025-10-26T08:12:42","modified_gmt":"2025-10-26T06:12:42","slug":"mitmekesisus","status":"publish","type":"page","link":"https:\/\/sugardaddynordic.com\/et\/monimuotoisuus\/","title":{"rendered":"Mitmekesisus"},"content":{"rendered":"<p>Sugar Daddy Balkansis edendame turvalist, lugupidavat ja kaasavat kogukonda t\u00e4iskasvanutele (18+). K\u00e4esolev poliitika m\u00e4\u00e4ratleb meie p\u00fchendumuse mitmekesisusele, v\u00f5rdsusele ja vastastikusele austusele ning s\u00e4testab selgelt p\u00f5him\u00f5tted, millest meie teenus juhindub.<\/p>\n\n\n\n<h2 class=\"wp-block-heading\" id=\"h-1-palvelun-laajuus\">1) Teenuse ulatus<\/h2>\n\n\n\n<p>Platvorm on suunatud t\u00e4iskasvanud meestele ja naistele, kes on suhetes, mis p\u00f5hinevad konsensuslikel suhetel.<br>Peamised registreerimis-, otsingu- ja paaritamisfunktsioonid on m\u00f5eldud naist otsivale mehele ja meest otsivale naisele.<br>Hetkel me ei paku muid paaride moodustamise viise. See funktsionaalne piirang ei anna siiski kellelegi \u00f5igust mitte austada \u00fchtegi isikut v\u00f5i r\u00fchma.<\/p>\n\n\n\n<h2 class=\"wp-block-heading\" id=\"h-2-kunnioitus-ja-syrjimattomyys\">2) Respekt ja mittediskrimineerimine<\/h2>\n\n\n\n<p>SugarDaddyBalkanid ei ole lubatud:<\/p>\n\n\n\n<ul class=\"wp-block-list\">\n<li>R\u00fcnnakud, solvangud, ahistamine v\u00f5i kuritarvitamine.<\/li>\n\n\n\n<li>Vihak\u00f5ne v\u00f5i mis tahes v\u00e4ljendusviis, mis halvustab seksuaalse s\u00e4ttumuse, soolise identiteedi v\u00f5i v\u00e4ljenduse, rassi, etnilise kuuluvuse, usutunnistuse, puude, vanuse (alati \u00fcle 18 aasta), v\u00e4limuse v\u00f5i sotsiaal-majandusliku staatuse alusel.<\/li>\n<\/ul>\n\n\n\n<p>Kogu suhtlemine peaks p\u00f5hinema viisakusel, n\u00f5usolekul ja v\u00e4\u00e4rikusel.<\/p>\n\n\n\n<h2 class=\"wp-block-heading\" id=\"h-3-profiilit-ja-sisalto\">3) Profiilid ja sisu<\/h2>\n\n\n\n<p>Tagada turvaline ja autentne keskkond:<\/p>\n\n\n\n<ul class=\"wp-block-list\">\n<li>Profiilid peavad olema realistlikud, isiklikud ja ajakohased.<\/li>\n\n\n\n<li>Alaealiste v\u00f5i kolmandate isikute kaasamine piltidele v\u00f5i kirjeldustele ilma selges\u00f5nalise n\u00f5usolekuta on keelatud.<\/li>\n\n\n\n<li>Seda ei ole lubatud avaldada:\n<ul class=\"wp-block-list\">\n<li>Seksuaalselt selges\u00f5naline sisu.<\/li>\n\n\n\n<li>V\u00e4givald v\u00f5i v\u00e4givallale \u00f5hutamine.<\/li>\n\n\n\n<li>Vihak\u00f5ne, halvustavad stereot\u00fc\u00fcbid v\u00f5i ebainimlikud kirjeldused.<\/li>\n\n\n\n<li>Pahatahtlikud lingid, r\u00e4mpspost v\u00f5i pettused.<\/li>\n<\/ul>\n<\/li>\n<\/ul>\n\n\n\n<h2 class=\"wp-block-heading\" id=\"h-4-moderointi-ja-soveltaminen\">4) M\u00f5\u00f5distamine ja kohaldamine<\/h2>\n\n\n\n<p>Me kombineerime automatiseerimisvahendeid ja inimkontrolli, et s\u00e4ilitada kogukonna turvalisus ja kvaliteet.<br>V\u00f5imalikud meetmed on j\u00e4rgmised:<\/p>\n\n\n\n<ul class=\"wp-block-list\">\n<li>Kommentaarid v\u00f5i hoiatused.<\/li>\n\n\n\n<li>Tegevuse ajutine piiramine.<\/li>\n\n\n\n<li>Kontode peatamine v\u00f5i blokeerimine.<\/li>\n\n\n\n<li>Eeskirjade vastase sisu eemaldamine.<\/li>\n<\/ul>\n\n\n\n<p>Otsused p\u00f5hinevad k\u00e4esoleval mitmekesisuse poliitikal, eetikapoliitikal, aktiivse reageerimise poliitikal ja kasutustingimustel.<\/p>\n\n\n\n<h2 class=\"wp-block-heading\" id=\"h-5-blogi-ja-viestinta\">5) Blogi ja kommunikatsioon<\/h2>\n\n\n\n<p>Meie blogi ja kommunikatsioonimaterjalid:<\/p>\n\n\n\n<ul class=\"wp-block-list\">\n<li>Erinevate kontekstide ja kogemuste kajastamine, alati mees-\u2194naistep\u00f5hine l\u00e4henemine.<\/li>\n\n\n\n<li>V\u00e4ltige eelarvamusi, h\u00e4bim\u00e4rgistamist v\u00f5i v\u00e4\u00e4rteavet.<\/li>\n\n\n\n<li>Selgelt m\u00e4\u00e4ratleda sponsoreeritud v\u00f5i affiliate sisu, mis ei m\u00f5juta kunagi meie toimetamispoliitikat.<\/li>\n<\/ul>\n\n\n\n<p>Tutvu meie blogimise p\u00f5him\u00f5tetega.<\/p>\n\n\n\n<h2 class=\"wp-block-heading\" id=\"h-6-esteettomyys-ja-yhdenvertainen-kohtelu\">6) Ligip\u00e4\u00e4setavus ja v\u00f5rdne kohtlemine<\/h2>\n\n\n\n<p>Meie eesm\u00e4rk on muuta see kogemus k\u00f5iki kaasavaks, pakkudes:<\/p>\n\n\n\n<ul class=\"wp-block-list\">\n<li>Selge ja arusaadav keel.<\/li>\n\n\n\n<li>Alternatiivsed lahendused piltide ja visuaalsete elementide jaoks.<\/li>\n\n\n\n<li>P\u00fchendumine v\u00f5rdsele kohtlemisele k\u00f5igis suhtlustes.<\/li>\n<\/ul>\n\n\n\n<h2 class=\"wp-block-heading\" id=\"h-7-ilmoittaminen\">7) Teavitamine<\/h2>\n\n\n\n<p>Kui avastate v\u00e4\u00e4rk\u00e4itumist, kuritarvitamist v\u00f5i diskrimineerimist, v\u00f5ite sellest teatada:<\/p>\n\n\n\n<ul class=\"wp-block-list\">\n<li>Teated \/ \u00dcldine toetus \/ Andmekaitse (GDPR): info@sugardaddynordic.com<\/li>\n\n\n\n<li><\/li>\n\n\n\n<li> <\/li>\n<\/ul>\n\n\n\n<p>Meie kohustus on vastata m\u00f5istliku aja jooksul ja tegutseda l\u00e4bipaistvalt.<\/p>\n\n\n\n<h3 class=\"wp-block-heading\" id=\"h-8-paivitykset\">8) Uuendused<\/h3>\n\n\n\n<p>Viimane l\u00e4bivaatamine: 26.10.2025.<br>K\u00e4esolevat poliitikat v\u00f5idakse ajakohastada vastavalt parandustele, regulatiivsetele muudatustele v\u00f5i uutele tegevustele. Me teavitame selgelt k\u00f5igist olulistest muudatustest.<\/p>","protected":false},"excerpt":{"rendered":"<p>Sugar Daddy Balkansis edendame turvalist, lugupidavat ja kaasavat kogukonda t\u00e4iskasvanutele (18+). K\u00e4esolev poliitika m\u00e4\u00e4ratleb meie p\u00fchendumuse mitmekesisusele, v\u00f5rdsusele ja vastastikusele austusele ning s\u00e4testab selgelt p\u00f5him\u00f5tted, millest meie teenus juhindub. 1) Teenuse ulatus Platvorm on suunatud t\u00e4iskasvanud meestele ja naistele, kes on konsensuslikus suhtes.Registreerimise, otsingu ja paaritamise p\u00f5hifunktsioonid on m\u00f5eldud meestele, kes otsivad naist, ja naistele, kes otsivad [...] <a title=\"Mitmekesisus\" class=\"read-more\" href=\"https:\/\/sugardaddynordic.com\/et\/monimuotoisuus\/\" aria-label=\"Read more about Monimuotoisuus\">Loe edasi<\/a><\/p>","protected":false},"author":1,"featured_media":0,"parent":0,"menu_order":0,"comment_status":"closed","ping_status":"closed","template":"","meta":{"generate_page_header":"","footnotes":""},"class_list":{"0":"post-13439","1":"page","2":"type-page","3":"status-publish","5":"infinite-scroll-item"},"featured_image_urls":{"full":"","thumbnail":"","medium":"","medium_large":"","large":"","1536x1536":"","2048x2048":"","trp-custom-language-flag":"","crp_thumbnail":""},"post_excerpt_stackable":"<p>Sugar Daddy Balkans -palvelussa edist\u00e4mme turvallista, kunnioittavaa ja osallistavaa yhteis\u00f6\u00e4 t\u00e4ysi-ik\u00e4isille (18+). T\u00e4m\u00e4 politiikka m\u00e4\u00e4rittelee sitoutumisemme monimuotoisuuteen, tasa-arvoon ja keskin\u00e4iseen kunnioitukseen sek\u00e4 asettaa selke\u00e4sti periaatteet, jotka ohjaavat palveluamme. 1) Palvelun laajuus Alusta on suunnattu aikuisten miesten ja naisten v\u00e4lisiin yhteyksiin, suostumukselliseen suhteeseen perustuen.Rekister\u00f6innin, haun ja parinmuodostuksen p\u00e4\u00e4toiminnot on suunniteltu miehelle, joka etsii naista, ja naiselle, joka etsii miest\u00e4.T\u00e4ll\u00e4 hetkell\u00e4 emme tarjoa muita parinmuodostuksen muotoja. T\u00e4m\u00e4 toiminnallinen rajoitus ei kuitenkaan oikeuta ket\u00e4\u00e4n kohtelemaan ep\u00e4kunnioittavasti mit\u00e4\u00e4n henkil\u00f6\u00e4 tai ryhm\u00e4\u00e4. 2) Kunnioitus ja syrjim\u00e4tt\u00f6myys SugarDaddyNordicissa ei sallita: Hy\u00f6kk\u00e4yksi\u00e4, loukkauksia, h\u00e4irint\u00e4\u00e4 tai solvaamista. Vihapuhetta tai mit\u00e4 tahansa ilmausta, joka halventaa seksuaalisen suuntautumisen, sukupuoli-identiteetin tai&hellip;<\/p>\n","category_list":"","author_info":{"name":"Admin de SugarDaddySuomi","url":"https:\/\/sugardaddynordic.com\/et\/author\/poweb\/"},"comments_num":"0 comments","featured_image_urls_v2":{"full":"","thumbnail":"","medium":"","medium_large":"","large":"","1536x1536":"","2048x2048":"","trp-custom-language-flag":"","crp_thumbnail":""},"post_excerpt_stackable_v2":"<p>Sugar Daddy Balkans -palvelussa edist\u00e4mme turvallista, kunnioittavaa ja osallistavaa yhteis\u00f6\u00e4 t\u00e4ysi-ik\u00e4isille (18+). T\u00e4m\u00e4 politiikka m\u00e4\u00e4rittelee sitoutumisemme monimuotoisuuteen, tasa-arvoon ja keskin\u00e4iseen kunnioitukseen sek\u00e4 asettaa selke\u00e4sti periaatteet, jotka ohjaavat palveluamme. 1) Palvelun laajuus Alusta on suunnattu aikuisten miesten ja naisten v\u00e4lisiin yhteyksiin, suostumukselliseen suhteeseen perustuen.Rekister\u00f6innin, haun ja parinmuodostuksen p\u00e4\u00e4toiminnot on suunniteltu miehelle, joka etsii naista, ja naiselle, joka etsii miest\u00e4.T\u00e4ll\u00e4 hetkell\u00e4 emme tarjoa muita parinmuodostuksen muotoja. T\u00e4m\u00e4 toiminnallinen rajoitus ei kuitenkaan oikeuta ket\u00e4\u00e4n kohtelemaan ep\u00e4kunnioittavasti mit\u00e4\u00e4n henkil\u00f6\u00e4 tai ryhm\u00e4\u00e4. 2) Kunnioitus ja syrjim\u00e4tt\u00f6myys SugarDaddyNordicissa ei sallita: Hy\u00f6kk\u00e4yksi\u00e4, loukkauksia, h\u00e4irint\u00e4\u00e4 tai solvaamista. Vihapuhetta tai mit\u00e4 tahansa ilmausta, joka halventaa seksuaalisen suuntautumisen, sukupuoli-identiteetin tai&hellip;<\/p>\n","category_list_v2":"","author_info_v2":{"name":"Admin de SugarDaddySuomi","url":"https:\/\/sugardaddynordic.com\/et\/author\/poweb\/"},"comments_num_v2":"0 comments","yoast_head":"<!-- This site is optimized with the Yoast SEO Premium plugin v26.0 (Yoast SEO v27.3) - https:\/\/yoast.com\/product\/yoast-seo-premium-wordpress\/ -->\n<title>Monimuotoisuus<\/title>\n<meta name=\"robots\" content=\"index, follow, max-snippet:-1, max-image-preview:large, max-video-preview:-1\" \/>\n<link rel=\"canonical\" href=\"https:\/\/sugardaddynordic.com\/et\/mitmekesisus\/\" \/>\n<meta property=\"og:locale\" content=\"et_EE\" \/>\n<meta property=\"og:type\" content=\"article\" \/>\n<meta property=\"og:title\" content=\"Monimuotoisuus\" \/>\n<meta property=\"og:description\" content=\"Sugar Daddy Balkans -palvelussa edist\u00e4mme turvallista, kunnioittavaa ja osallistavaa yhteis\u00f6\u00e4 t\u00e4ysi-ik\u00e4isille (18+). T\u00e4m\u00e4 politiikka m\u00e4\u00e4rittelee sitoutumisemme monimuotoisuuteen, tasa-arvoon ja keskin\u00e4iseen kunnioitukseen sek\u00e4 asettaa selke\u00e4sti periaatteet, jotka ohjaavat palveluamme. 1) Palvelun laajuus Alusta on suunnattu aikuisten miesten ja naisten v\u00e4lisiin yhteyksiin, suostumukselliseen suhteeseen perustuen.Rekister\u00f6innin, haun ja parinmuodostuksen p\u00e4\u00e4toiminnot on suunniteltu miehelle, joka etsii naista, ja naiselle, ... Read more\" \/>\n<meta property=\"og:url\" content=\"https:\/\/sugardaddynordic.com\/et\/mitmekesisus\/\" \/>\n<meta property=\"og:site_name\" content=\"Sugar Daddy Nordic \u00ae\" \/>\n<meta property=\"article:modified_time\" content=\"2025-10-26T06:12:42+00:00\" \/>\n<meta property=\"og:image\" content=\"https:\/\/sugardaddynordic.com\/wp-content\/uploads\/2025\/10\/Logo-Sugar-Daddy-Nordic.png\" \/>\n\t<meta property=\"og:image:width\" content=\"1024\" \/>\n\t<meta property=\"og:image:height\" content=\"1024\" \/>\n\t<meta property=\"og:image:type\" content=\"image\/png\" \/>\n<meta name=\"twitter:card\" content=\"summary_large_image\" \/>\n<meta name=\"twitter:label1\" content=\"Est. reading time\" \/>\n\t<meta name=\"twitter:data1\" content=\"3 minutit\" \/>\n<script type=\"application\/ld+json\" class=\"yoast-schema-graph\">{\"@context\":\"https:\\\/\\\/schema.org\",\"@graph\":[{\"@type\":\"WebPage\",\"@id\":\"https:\\\/\\\/sugardaddynordic.com\\\/monimuotoisuus\\\/\",\"url\":\"https:\\\/\\\/sugardaddynordic.com\\\/monimuotoisuus\\\/\",\"name\":\"Monimuotoisuus\",\"isPartOf\":{\"@id\":\"https:\\\/\\\/sugardaddynordic.com\\\/#website\"},\"datePublished\":\"2025-08-28T08:08:46+00:00\",\"dateModified\":\"2025-10-26T06:12:42+00:00\",\"breadcrumb\":{\"@id\":\"https:\\\/\\\/sugardaddynordic.com\\\/monimuotoisuus\\\/#breadcrumb\"},\"inLanguage\":\"et\",\"potentialAction\":[{\"@type\":\"ReadAction\",\"target\":[\"https:\\\/\\\/sugardaddynordic.com\\\/monimuotoisuus\\\/\"]}]},{\"@type\":\"BreadcrumbList\",\"@id\":\"https:\\\/\\\/sugardaddynordic.com\\\/monimuotoisuus\\\/#breadcrumb\",\"itemListElement\":[{\"@type\":\"ListItem\",\"position\":1,\"name\":\"Home\",\"item\":\"https:\\\/\\\/sugardaddynordic.com\\\/\"},{\"@type\":\"ListItem\",\"position\":2,\"name\":\"Monimuotoisuus\"}]},{\"@type\":\"WebSite\",\"@id\":\"https:\\\/\\\/sugardaddynordic.com\\\/#website\",\"url\":\"https:\\\/\\\/sugardaddynordic.com\\\/\",\"name\":\"Sugar Daddy Nordic\",\"description\":\"\",\"publisher\":{\"@id\":\"https:\\\/\\\/sugardaddynordic.com\\\/#organization\"},\"alternateName\":\"Sugar Daddy Nordic powered by Sugar Daddy Planet\",\"potentialAction\":[{\"@type\":\"SearchAction\",\"target\":{\"@type\":\"EntryPoint\",\"urlTemplate\":\"https:\\\/\\\/sugardaddynordic.com\\\/?s={search_term_string}\"},\"query-input\":{\"@type\":\"PropertyValueSpecification\",\"valueRequired\":true,\"valueName\":\"search_term_string\"}}],\"inLanguage\":\"et\"},{\"@type\":[\"Organization\",\"DatingService\"],\"@id\":\"https:\\\/\\\/sugardaddynordic.com\\\/#organization\",\"name\":\"Sugar Daddy Nordic\",\"url\":\"https:\\\/\\\/sugardaddynordic.com\\\/\",\"logo\":{\"@type\":\"ImageObject\",\"inLanguage\":\"et\",\"@id\":\"https:\\\/\\\/sugardaddynordic.com\\\/#\\\/schema\\\/logo\\\/image\\\/\",\"url\":\"https:\\\/\\\/sugardaddynordic.com\\\/wp-content\\\/uploads\\\/2025\\\/10\\\/cropped-Logo-Sugar-Daddy-Nordic.png\",\"contentUrl\":\"https:\\\/\\\/sugardaddynordic.com\\\/wp-content\\\/uploads\\\/2025\\\/10\\\/cropped-Logo-Sugar-Daddy-Nordic.png\",\"width\":1022,\"height\":323,\"caption\":\"Sugar Daddy Nordic\"},\"image\":{\"@id\":\"https:\\\/\\\/sugardaddynordic.com\\\/#\\\/schema\\\/logo\\\/image\\\/\"},\"serviceType\":\"Dating Service\",\"category\":\"Dating\",\"publishingPrinciples\":\"https:\\\/\\\/sugardaddynordic.com\\\/julkaisustandardit\\\/\",\"ownershipFundingInfo\":\"https:\\\/\\\/sugardaddynordic.com\\\/rahoitus\\\/\",\"actionableFeedbackPolicy\":\"https:\\\/\\\/sugardaddynordic.com\\\/korjauskaytanto\\\/\",\"correctionsPolicy\":\"https:\\\/\\\/sugardaddynordic.com\\\/korjauskaytanto\\\/\",\"ethicsPolicy\":\"https:\\\/\\\/sugardaddynordic.com\\\/eettinen-politiikka\\\/\",\"diversityPolicy\":\"https:\\\/\\\/sugardaddynordic.com\\\/monimuotoisuus\\\/\",\"diversityStaffingReport\":\"https:\\\/\\\/sugardaddynordic.com\\\/yhteistyo\\\/\"}]}<\/script>\n<!-- \/ Yoast SEO Premium plugin. -->","yoast_head_json":{"title":"Mitmekesisus","robots":{"index":"index","follow":"follow","max-snippet":"max-snippet:-1","max-image-preview":"max-image-preview:large","max-video-preview":"max-video-preview:-1"},"canonical":"https:\/\/sugardaddynordic.com\/et\/mitmekesisus\/","og_locale":"et_EE","og_type":"article","og_title":"Monimuotoisuus","og_description":"Sugar Daddy Balkans -palvelussa edist\u00e4mme turvallista, kunnioittavaa ja osallistavaa yhteis\u00f6\u00e4 t\u00e4ysi-ik\u00e4isille (18+). T\u00e4m\u00e4 politiikka m\u00e4\u00e4rittelee sitoutumisemme monimuotoisuuteen, tasa-arvoon ja keskin\u00e4iseen kunnioitukseen sek\u00e4 asettaa selke\u00e4sti periaatteet, jotka ohjaavat palveluamme. 1) Palvelun laajuus Alusta on suunnattu aikuisten miesten ja naisten v\u00e4lisiin yhteyksiin, suostumukselliseen suhteeseen perustuen.Rekister\u00f6innin, haun ja parinmuodostuksen p\u00e4\u00e4toiminnot on suunniteltu miehelle, joka etsii naista, ja naiselle, ... Read more","og_url":"https:\/\/sugardaddynordic.com\/et\/mitmekesisus\/","og_site_name":"Sugar Daddy Nordic \u00ae","article_modified_time":"2025-10-26T06:12:42+00:00","og_image":[{"width":1024,"height":1024,"url":"https:\/\/sugardaddynordic.com\/wp-content\/uploads\/2025\/10\/Logo-Sugar-Daddy-Nordic.png","type":"image\/png"}],"twitter_card":"summary_large_image","twitter_misc":{"Est. reading time":"3 minutit"},"schema":{"@context":"https:\/\/schema.org","@graph":[{"@type":"WebPage","@id":"https:\/\/sugardaddynordic.com\/monimuotoisuus\/","url":"https:\/\/sugardaddynordic.com\/monimuotoisuus\/","name":"Mitmekesisus","isPartOf":{"@id":"https:\/\/sugardaddynordic.com\/#website"},"datePublished":"2025-08-28T08:08:46+00:00","dateModified":"2025-10-26T06:12:42+00:00","breadcrumb":{"@id":"https:\/\/sugardaddynordic.com\/monimuotoisuus\/#breadcrumb"},"inLanguage":"et","potentialAction":[{"@type":"ReadAction","target":["https:\/\/sugardaddynordic.com\/monimuotoisuus\/"]}]},{"@type":"BreadcrumbList","@id":"https:\/\/sugardaddynordic.com\/monimuotoisuus\/#breadcrumb","itemListElement":[{"@type":"ListItem","position":1,"name":"Home","item":"https:\/\/sugardaddynordic.com\/"},{"@type":"ListItem","position":2,"name":"Monimuotoisuus"}]},{"@type":"WebSite","@id":"https:\/\/sugardaddynordic.com\/#website","url":"https:\/\/sugardaddynordic.com\/","name":"Sugar Daddy Nordic","description":"","publisher":{"@id":"https:\/\/sugardaddynordic.com\/#organization"},"alternateName":"Sugar Daddy Nordic powered by Sugar Daddy Planet","potentialAction":[{"@type":"SearchAction","target":{"@type":"EntryPoint","urlTemplate":"https:\/\/sugardaddynordic.com\/?s={search_term_string}"},"query-input":{"@type":"PropertyValueSpecification","valueRequired":true,"valueName":"search_term_string"}}],"inLanguage":"et"},{"@type":["Organization","DatingService"],"@id":"https:\/\/sugardaddynordic.com\/#organization","name":"Sugar Daddy Nordic","url":"https:\/\/sugardaddynordic.com\/","logo":{"@type":"ImageObject","inLanguage":"et","@id":"https:\/\/sugardaddynordic.com\/#\/schema\/logo\/image\/","url":"https:\/\/sugardaddynordic.com\/wp-content\/uploads\/2025\/10\/cropped-Logo-Sugar-Daddy-Nordic.png","contentUrl":"https:\/\/sugardaddynordic.com\/wp-content\/uploads\/2025\/10\/cropped-Logo-Sugar-Daddy-Nordic.png","width":1022,"height":323,"caption":"Sugar Daddy Nordic"},"image":{"@id":"https:\/\/sugardaddynordic.com\/#\/schema\/logo\/image\/"},"serviceType":"Dating Service","category":"Dating","publishingPrinciples":"https:\/\/sugardaddynordic.com\/julkaisustandardit\/","ownershipFundingInfo":"https:\/\/sugardaddynordic.com\/rahoitus\/","actionableFeedbackPolicy":"https:\/\/sugardaddynordic.com\/korjauskaytanto\/","correctionsPolicy":"https:\/\/sugardaddynordic.com\/korjauskaytanto\/","ethicsPolicy":"https:\/\/sugardaddynordic.com\/eettinen-politiikka\/","diversityPolicy":"https:\/\/sugardaddynordic.com\/monimuotoisuus\/","diversityStaffingReport":"https:\/\/sugardaddynordic.com\/yhteistyo\/"}]}},"_links":{"self":[{"href":"https:\/\/sugardaddynordic.com\/et\/wp-json\/wp\/v2\/pages\/13439","targetHints":{"allow":["GET"]}}],"collection":[{"href":"https:\/\/sugardaddynordic.com\/et\/wp-json\/wp\/v2\/pages"}],"about":[{"href":"https:\/\/sugardaddynordic.com\/et\/wp-json\/wp\/v2\/types\/page"}],"author":[{"embeddable":true,"href":"https:\/\/sugardaddynordic.com\/et\/wp-json\/wp\/v2\/users\/1"}],"replies":[{"embeddable":true,"href":"https:\/\/sugardaddynordic.com\/et\/wp-json\/wp\/v2\/comments?post=13439"}],"version-history":[{"count":0,"href":"https:\/\/sugardaddynordic.com\/et\/wp-json\/wp\/v2\/pages\/13439\/revisions"}],"wp:attachment":[{"href":"https:\/\/sugardaddynordic.com\/et\/wp-json\/wp\/v2\/media?parent=13439"}],"curies":[{"name":"wp","href":"https:\/\/api.w.org\/{rel}","templated":true}]}}