{"id":13440,"date":"2025-08-28T11:08:48","date_gmt":"2025-08-28T08:08:48","guid":{"rendered":"https:\/\/sugardaddynordic.com\/?page_id=13440"},"modified":"2025-10-26T08:13:29","modified_gmt":"2025-10-26T06:13:29","slug":"rahastamine","status":"publish","type":"page","link":"https:\/\/sugardaddynordic.com\/et\/rahoitus\/","title":{"rendered":"Omand ja rahastamine"},"content":{"rendered":"<h3 class=\"wp-block-heading\" id=\"h-sivuston-omistajuus\">Saidi omandi\u00f5igus<\/h3>\n\n\n\n<p>SugarDaddyNordic.com veebilehte haldab <strong>Polaris Nexus LCC<\/strong>, mille aadress on 1621 Central Central Ave 82001 Cheyenne'is ja kontaktandmed: <strong><a>info@polarisnexuslcc.com<\/a><\/strong>.<\/p>\n\n\n\n<h3 class=\"wp-block-heading\" id=\"h-liiketoimintamalli\">\u00c4rimudel<\/h3>\n\n\n\n<p>SugarDaddyNordic on sotsiaalne v\u00f5rgustik \/ tutvumisplatvorm, mis pakub nii tasuta kui ka tasulisi funktsioone. Meie tulud p\u00f5hinevad:<\/p>\n\n\n\n<ul class=\"wp-block-list\">\n<li><strong>Reklaam<\/strong><br>Me kuvame saidil reklaame ja\/v\u00f5i korraldame elustiili ja tutvumisohutusega seotud kampaaniaid.<\/li>\n\n\n\n<li><strong>Premium liikmelisus \/ tellimused<\/strong><br>Pakume lisafunktsioone tellimuse alusel (n\u00e4iteks: suurem n\u00e4htavus, t\u00e4iustatud filtrid, esilet\u00f5stetud s\u00f5numid jne).<\/li>\n\n\n\n<li><strong>Partnerlused<\/strong><br>Aeg-ajalt avaldame blogis sponsoreeritud sisu. See on alati selgelt m\u00e4rgitud artikli alguses.<\/li>\n<\/ul>\n\n\n\n<p><strong>S\u00f5ltumatus<\/strong>: reklaam, partnerlus v\u00f5i sponsorlus ei m\u00f5juta kunagi meie julgeolekupoliitikat, modereerimist v\u00f5i blogi toimetamispoliitikat.<\/p>\n\n\n\n<h3 class=\"wp-block-heading\" id=\"h-mainonnan-merkinnat-ja-lapinakyvyys\">Reklaamim\u00e4rgistus ja l\u00e4bipaistvus<\/h3>\n\n\n\n<ul class=\"wp-block-list\">\n<li>Sponsoreeritud artiklid on selgelt t\u00e4histatud kui \"Sponsoreeritud sisu\" v\u00f5i \"Tasuline koost\u00f6\u00f6\".<\/li>\n\n\n\n<li>Affiliate lingid on m\u00e4rgitud sisu alguses l\u00e4bipaistvusm\u00e4rgiga.<\/li>\n\n\n\n<li>B\u00e4nnerid ja muud reklaamiformaadid kuvatakse reklaamina ja on eraldatud toimetuse sisust.<\/li>\n<\/ul>\n\n\n\n<h3 class=\"wp-block-heading\" id=\"h-eturistiriidat\">Huvide konflikt<\/h3>\n\n\n\n<p>Kui sponsorluse, partnerluse v\u00f5i \u00e4risuhte t\u00f5ttu v\u00f5ib tekkida huvide konflikt, avalikustatakse see selgelt sisukorras.<\/p>\n\n\n\n<h3 class=\"wp-block-heading\" id=\"h-tiedot-tietosuoja-ja-evasteet-tiivistelma\">Andmed, privaatsus ja k\u00fcpsised (kokkuv\u00f5te)<\/h3>\n\n\n\n<p>Andmete t\u00f6\u00f6tlemine reklaami isikup\u00e4rastamiseks ja selle t\u00f5hususe m\u00f5\u00f5tmiseks p\u00f5hineb j\u00e4rgmistel alustel <strong>Meie privaatsus- ja k\u00fcpsiste poliitika<\/strong>. Saate oma n\u00f5usolekut igal ajal hallata k\u00fcpsiste halduri kaudu.<\/p>\n\n\n\n<h3 class=\"wp-block-heading\" id=\"h-yhteystiedot-kaupallisissa-asioissa\">Kontakt \u00e4rik\u00fcsimustes<\/h3>\n\n\n\n<ul class=\"wp-block-list\">\n<li>Reklaam, partnerlussuhted v\u00f5i koost\u00f6\u00f6 \/ pressi- v\u00f5i avalikud suhted: <strong>info@sugardaddynordic.com<\/strong><\/li>\n<\/ul>\n\n\n\n<h3 class=\"wp-block-heading\" id=\"h-paivitykset\">Uuendused<\/h3>\n\n\n\n<p>Viimane \u00fclevaade: <strong>26.10.2025<\/strong>.<br>Me j\u00e4tame endale \u00f5iguse seda teavet ajakohastada, et kajastada muutusi meie \u00e4rimudelis v\u00f5i kohaldatavaid \u00f5iguslikke n\u00f5udeid.<\/p>","protected":false},"excerpt":{"rendered":"<p>Saidi omandi\u00f5igus SugarDaddyNordic.com veebisaiti haldab Polaris Nexus LCC, mille aadress on 1621 Central Central Ave 82001 Cheyenne ja mille kontaktandmed on info@polarisnexuslcc.com. \u00c4rimudel SugarDaddyNordic on suhtlusv\u00f5rgustik \/ tutvumisplatvorm, mis pakub nii tasuta kui ka tasulisi tegevusi. Meie tulud p\u00f5hinevad j\u00e4rgmistel alustel: S\u00f5ltumatus: reklaam, partnerlus v\u00f5i sponsorlus ei m\u00f5juta kunagi meie turvapoliitikat, modereerimist v\u00f5i blogi toimetamispoliitikat. Meie reklaamim\u00e4rgistus ja l\u00e4bipaistvus [...] <a title=\"Omand ja rahastamine\" class=\"read-more\" href=\"https:\/\/sugardaddynordic.com\/et\/rahoitus\/\" aria-label=\"Read more about Omistustiedot ja rahoitus\">Loe edasi<\/a><\/p>","protected":false},"author":1,"featured_media":0,"parent":0,"menu_order":0,"comment_status":"closed","ping_status":"closed","template":"","meta":{"generate_page_header":"","footnotes":""},"class_list":{"0":"post-13440","1":"page","2":"type-page","3":"status-publish","5":"infinite-scroll-item"},"featured_image_urls":{"full":"","thumbnail":"","medium":"","medium_large":"","large":"","1536x1536":"","2048x2048":"","trp-custom-language-flag":"","crp_thumbnail":""},"post_excerpt_stackable":"<p>Sivuston omistajuus SugarDaddyNordic.com -sivustoa operoi Polaris Nexus LCC, jonka osoite on 1621 Central Central Ave 82001 Cheyenne ja yhteystieto: info@polarisnexuslcc.com. Liiketoimintamalli SugarDaddyNordic on sosiaalinen verkosto \/ deittialusta, joka tarjoaa sek\u00e4 ilmaisia ett\u00e4 maksullisia toimintoja. Tulomme perustuvat seuraaviin: MainontaN\u00e4yt\u00e4mme mainoksia sivustolla ja\/tai toteutamme kampanjoita, jotka liittyv\u00e4t el\u00e4m\u00e4ntyyliin ja deittiturvallisuuteen. Premium-j\u00e4senyydet \/ tilauksetTarjoamme edistyneit\u00e4 toimintoja tilauspohjaisesti (esimerkiksi: suurempi n\u00e4kyvyys, laajennetut suodattimet, korostetut viestit jne.). Yhteisty\u00f6tJulkaisemme ajoittain sponsoroitua sis\u00e4lt\u00f6\u00e4 blogissa. T\u00e4m\u00e4 merkit\u00e4\u00e4n aina selke\u00e4sti artikkelin alussa. Riippumattomuus: mainonta, kumppanuudet tai sponsoroinnit eiv\u00e4t koskaan vaikuta turvallisuuspolitiikkaamme, moderointiin tai blogin toimituksellisiin linjauksiin. Mainonnan merkinn\u00e4t ja l\u00e4pin\u00e4kyvyys Sponsoroidut artikkelit merkit\u00e4\u00e4n selke\u00e4sti \u201cSponsorisis\u00e4lt\u00f6\u201d tai \u201cMaksettu yhteisty\u00f6\u201d. Affiliate-linkit&hellip;<\/p>\n","category_list":"","author_info":{"name":"Admin de SugarDaddySuomi","url":"https:\/\/sugardaddynordic.com\/et\/author\/poweb\/"},"comments_num":"0 comments","featured_image_urls_v2":{"full":"","thumbnail":"","medium":"","medium_large":"","large":"","1536x1536":"","2048x2048":"","trp-custom-language-flag":"","crp_thumbnail":""},"post_excerpt_stackable_v2":"<p>Sivuston omistajuus SugarDaddyNordic.com -sivustoa operoi Polaris Nexus LCC, jonka osoite on 1621 Central Central Ave 82001 Cheyenne ja yhteystieto: info@polarisnexuslcc.com. Liiketoimintamalli SugarDaddyNordic on sosiaalinen verkosto \/ deittialusta, joka tarjoaa sek\u00e4 ilmaisia ett\u00e4 maksullisia toimintoja. Tulomme perustuvat seuraaviin: MainontaN\u00e4yt\u00e4mme mainoksia sivustolla ja\/tai toteutamme kampanjoita, jotka liittyv\u00e4t el\u00e4m\u00e4ntyyliin ja deittiturvallisuuteen. Premium-j\u00e4senyydet \/ tilauksetTarjoamme edistyneit\u00e4 toimintoja tilauspohjaisesti (esimerkiksi: suurempi n\u00e4kyvyys, laajennetut suodattimet, korostetut viestit jne.). Yhteisty\u00f6tJulkaisemme ajoittain sponsoroitua sis\u00e4lt\u00f6\u00e4 blogissa. T\u00e4m\u00e4 merkit\u00e4\u00e4n aina selke\u00e4sti artikkelin alussa. Riippumattomuus: mainonta, kumppanuudet tai sponsoroinnit eiv\u00e4t koskaan vaikuta turvallisuuspolitiikkaamme, moderointiin tai blogin toimituksellisiin linjauksiin. Mainonnan merkinn\u00e4t ja l\u00e4pin\u00e4kyvyys Sponsoroidut artikkelit merkit\u00e4\u00e4n selke\u00e4sti \u201cSponsorisis\u00e4lt\u00f6\u201d tai \u201cMaksettu yhteisty\u00f6\u201d. Affiliate-linkit&hellip;<\/p>\n","category_list_v2":"","author_info_v2":{"name":"Admin de SugarDaddySuomi","url":"https:\/\/sugardaddynordic.com\/et\/author\/poweb\/"},"comments_num_v2":"0 comments","yoast_head":"<!-- This site is optimized with the Yoast SEO Premium plugin v26.0 (Yoast SEO v27.3) - https:\/\/yoast.com\/product\/yoast-seo-premium-wordpress\/ -->\n<title>Omistustiedot ja rahoitus<\/title>\n<meta name=\"robots\" content=\"index, follow, max-snippet:-1, max-image-preview:large, max-video-preview:-1\" \/>\n<link rel=\"canonical\" href=\"https:\/\/sugardaddynordic.com\/et\/rahastamine\/\" \/>\n<meta property=\"og:locale\" content=\"et_EE\" \/>\n<meta property=\"og:type\" content=\"article\" \/>\n<meta property=\"og:title\" content=\"Omistustiedot ja rahoitus\" \/>\n<meta property=\"og:description\" content=\"Sivuston omistajuus SugarDaddyNordic.com -sivustoa operoi Polaris Nexus LCC, jonka osoite on 1621 Central Central Ave 82001 Cheyenne ja yhteystieto: info@polarisnexuslcc.com. Liiketoimintamalli SugarDaddyNordic on sosiaalinen verkosto \/ deittialusta, joka tarjoaa sek\u00e4 ilmaisia ett\u00e4 maksullisia toimintoja. Tulomme perustuvat seuraaviin: Riippumattomuus: mainonta, kumppanuudet tai sponsoroinnit eiv\u00e4t koskaan vaikuta turvallisuuspolitiikkaamme, moderointiin tai blogin toimituksellisiin linjauksiin. Mainonnan merkinn\u00e4t ja l\u00e4pin\u00e4kyvyys ... Read more\" \/>\n<meta property=\"og:url\" content=\"https:\/\/sugardaddynordic.com\/et\/rahastamine\/\" \/>\n<meta property=\"og:site_name\" content=\"Sugar Daddy Nordic \u00ae\" \/>\n<meta property=\"article:modified_time\" content=\"2025-10-26T06:13:29+00:00\" \/>\n<meta property=\"og:image\" content=\"https:\/\/sugardaddynordic.com\/wp-content\/uploads\/2025\/10\/Logo-Sugar-Daddy-Nordic.png\" \/>\n\t<meta property=\"og:image:width\" content=\"1024\" \/>\n\t<meta property=\"og:image:height\" content=\"1024\" \/>\n\t<meta property=\"og:image:type\" content=\"image\/png\" \/>\n<meta name=\"twitter:card\" content=\"summary_large_image\" \/>\n<meta name=\"twitter:label1\" content=\"Est. reading time\" \/>\n\t<meta name=\"twitter:data1\" content=\"2 minutit\" \/>\n<script type=\"application\/ld+json\" class=\"yoast-schema-graph\">{\"@context\":\"https:\\\/\\\/schema.org\",\"@graph\":[{\"@type\":\"WebPage\",\"@id\":\"https:\\\/\\\/sugardaddynordic.com\\\/rahoitus\\\/\",\"url\":\"https:\\\/\\\/sugardaddynordic.com\\\/rahoitus\\\/\",\"name\":\"Omistustiedot ja rahoitus\",\"isPartOf\":{\"@id\":\"https:\\\/\\\/sugardaddynordic.com\\\/#website\"},\"datePublished\":\"2025-08-28T08:08:48+00:00\",\"dateModified\":\"2025-10-26T06:13:29+00:00\",\"breadcrumb\":{\"@id\":\"https:\\\/\\\/sugardaddynordic.com\\\/rahoitus\\\/#breadcrumb\"},\"inLanguage\":\"et\",\"potentialAction\":[{\"@type\":\"ReadAction\",\"target\":[\"https:\\\/\\\/sugardaddynordic.com\\\/rahoitus\\\/\"]}]},{\"@type\":\"BreadcrumbList\",\"@id\":\"https:\\\/\\\/sugardaddynordic.com\\\/rahoitus\\\/#breadcrumb\",\"itemListElement\":[{\"@type\":\"ListItem\",\"position\":1,\"name\":\"Home\",\"item\":\"https:\\\/\\\/sugardaddynordic.com\\\/\"},{\"@type\":\"ListItem\",\"position\":2,\"name\":\"Omistustiedot ja rahoitus\"}]},{\"@type\":\"WebSite\",\"@id\":\"https:\\\/\\\/sugardaddynordic.com\\\/#website\",\"url\":\"https:\\\/\\\/sugardaddynordic.com\\\/\",\"name\":\"Sugar Daddy Nordic\",\"description\":\"\",\"publisher\":{\"@id\":\"https:\\\/\\\/sugardaddynordic.com\\\/#organization\"},\"alternateName\":\"Sugar Daddy Nordic powered by Sugar Daddy Planet\",\"potentialAction\":[{\"@type\":\"SearchAction\",\"target\":{\"@type\":\"EntryPoint\",\"urlTemplate\":\"https:\\\/\\\/sugardaddynordic.com\\\/?s={search_term_string}\"},\"query-input\":{\"@type\":\"PropertyValueSpecification\",\"valueRequired\":true,\"valueName\":\"search_term_string\"}}],\"inLanguage\":\"et\"},{\"@type\":[\"Organization\",\"DatingService\"],\"@id\":\"https:\\\/\\\/sugardaddynordic.com\\\/#organization\",\"name\":\"Sugar Daddy Nordic\",\"url\":\"https:\\\/\\\/sugardaddynordic.com\\\/\",\"logo\":{\"@type\":\"ImageObject\",\"inLanguage\":\"et\",\"@id\":\"https:\\\/\\\/sugardaddynordic.com\\\/#\\\/schema\\\/logo\\\/image\\\/\",\"url\":\"https:\\\/\\\/sugardaddynordic.com\\\/wp-content\\\/uploads\\\/2025\\\/10\\\/cropped-Logo-Sugar-Daddy-Nordic.png\",\"contentUrl\":\"https:\\\/\\\/sugardaddynordic.com\\\/wp-content\\\/uploads\\\/2025\\\/10\\\/cropped-Logo-Sugar-Daddy-Nordic.png\",\"width\":1022,\"height\":323,\"caption\":\"Sugar Daddy Nordic\"},\"image\":{\"@id\":\"https:\\\/\\\/sugardaddynordic.com\\\/#\\\/schema\\\/logo\\\/image\\\/\"},\"serviceType\":\"Dating Service\",\"category\":\"Dating\",\"publishingPrinciples\":\"https:\\\/\\\/sugardaddynordic.com\\\/julkaisustandardit\\\/\",\"ownershipFundingInfo\":\"https:\\\/\\\/sugardaddynordic.com\\\/rahoitus\\\/\",\"actionableFeedbackPolicy\":\"https:\\\/\\\/sugardaddynordic.com\\\/korjauskaytanto\\\/\",\"correctionsPolicy\":\"https:\\\/\\\/sugardaddynordic.com\\\/korjauskaytanto\\\/\",\"ethicsPolicy\":\"https:\\\/\\\/sugardaddynordic.com\\\/eettinen-politiikka\\\/\",\"diversityPolicy\":\"https:\\\/\\\/sugardaddynordic.com\\\/monimuotoisuus\\\/\",\"diversityStaffingReport\":\"https:\\\/\\\/sugardaddynordic.com\\\/yhteistyo\\\/\"}]}<\/script>\n<!-- \/ Yoast SEO Premium plugin. -->","yoast_head_json":{"title":"Omand ja rahastamine","robots":{"index":"index","follow":"follow","max-snippet":"max-snippet:-1","max-image-preview":"max-image-preview:large","max-video-preview":"max-video-preview:-1"},"canonical":"https:\/\/sugardaddynordic.com\/et\/rahastamine\/","og_locale":"et_EE","og_type":"article","og_title":"Omistustiedot ja rahoitus","og_description":"Sivuston omistajuus SugarDaddyNordic.com -sivustoa operoi Polaris Nexus LCC, jonka osoite on 1621 Central Central Ave 82001 Cheyenne ja yhteystieto: info@polarisnexuslcc.com. Liiketoimintamalli SugarDaddyNordic on sosiaalinen verkosto \/ deittialusta, joka tarjoaa sek\u00e4 ilmaisia ett\u00e4 maksullisia toimintoja. Tulomme perustuvat seuraaviin: Riippumattomuus: mainonta, kumppanuudet tai sponsoroinnit eiv\u00e4t koskaan vaikuta turvallisuuspolitiikkaamme, moderointiin tai blogin toimituksellisiin linjauksiin. Mainonnan merkinn\u00e4t ja l\u00e4pin\u00e4kyvyys ... Read more","og_url":"https:\/\/sugardaddynordic.com\/et\/rahastamine\/","og_site_name":"Sugar Daddy Nordic \u00ae","article_modified_time":"2025-10-26T06:13:29+00:00","og_image":[{"width":1024,"height":1024,"url":"https:\/\/sugardaddynordic.com\/wp-content\/uploads\/2025\/10\/Logo-Sugar-Daddy-Nordic.png","type":"image\/png"}],"twitter_card":"summary_large_image","twitter_misc":{"Est. reading time":"2 minutit"},"schema":{"@context":"https:\/\/schema.org","@graph":[{"@type":"WebPage","@id":"https:\/\/sugardaddynordic.com\/rahoitus\/","url":"https:\/\/sugardaddynordic.com\/rahoitus\/","name":"Omand ja rahastamine","isPartOf":{"@id":"https:\/\/sugardaddynordic.com\/#website"},"datePublished":"2025-08-28T08:08:48+00:00","dateModified":"2025-10-26T06:13:29+00:00","breadcrumb":{"@id":"https:\/\/sugardaddynordic.com\/rahoitus\/#breadcrumb"},"inLanguage":"et","potentialAction":[{"@type":"ReadAction","target":["https:\/\/sugardaddynordic.com\/rahoitus\/"]}]},{"@type":"BreadcrumbList","@id":"https:\/\/sugardaddynordic.com\/rahoitus\/#breadcrumb","itemListElement":[{"@type":"ListItem","position":1,"name":"Home","item":"https:\/\/sugardaddynordic.com\/"},{"@type":"ListItem","position":2,"name":"Omistustiedot ja rahoitus"}]},{"@type":"WebSite","@id":"https:\/\/sugardaddynordic.com\/#website","url":"https:\/\/sugardaddynordic.com\/","name":"Sugar Daddy Nordic","description":"","publisher":{"@id":"https:\/\/sugardaddynordic.com\/#organization"},"alternateName":"Sugar Daddy Nordic powered by Sugar Daddy Planet","potentialAction":[{"@type":"SearchAction","target":{"@type":"EntryPoint","urlTemplate":"https:\/\/sugardaddynordic.com\/?s={search_term_string}"},"query-input":{"@type":"PropertyValueSpecification","valueRequired":true,"valueName":"search_term_string"}}],"inLanguage":"et"},{"@type":["Organization","DatingService"],"@id":"https:\/\/sugardaddynordic.com\/#organization","name":"Sugar Daddy Nordic","url":"https:\/\/sugardaddynordic.com\/","logo":{"@type":"ImageObject","inLanguage":"et","@id":"https:\/\/sugardaddynordic.com\/#\/schema\/logo\/image\/","url":"https:\/\/sugardaddynordic.com\/wp-content\/uploads\/2025\/10\/cropped-Logo-Sugar-Daddy-Nordic.png","contentUrl":"https:\/\/sugardaddynordic.com\/wp-content\/uploads\/2025\/10\/cropped-Logo-Sugar-Daddy-Nordic.png","width":1022,"height":323,"caption":"Sugar Daddy Nordic"},"image":{"@id":"https:\/\/sugardaddynordic.com\/#\/schema\/logo\/image\/"},"serviceType":"Dating Service","category":"Dating","publishingPrinciples":"https:\/\/sugardaddynordic.com\/julkaisustandardit\/","ownershipFundingInfo":"https:\/\/sugardaddynordic.com\/rahoitus\/","actionableFeedbackPolicy":"https:\/\/sugardaddynordic.com\/korjauskaytanto\/","correctionsPolicy":"https:\/\/sugardaddynordic.com\/korjauskaytanto\/","ethicsPolicy":"https:\/\/sugardaddynordic.com\/eettinen-politiikka\/","diversityPolicy":"https:\/\/sugardaddynordic.com\/monimuotoisuus\/","diversityStaffingReport":"https:\/\/sugardaddynordic.com\/yhteistyo\/"}]}},"_links":{"self":[{"href":"https:\/\/sugardaddynordic.com\/et\/wp-json\/wp\/v2\/pages\/13440","targetHints":{"allow":["GET"]}}],"collection":[{"href":"https:\/\/sugardaddynordic.com\/et\/wp-json\/wp\/v2\/pages"}],"about":[{"href":"https:\/\/sugardaddynordic.com\/et\/wp-json\/wp\/v2\/types\/page"}],"author":[{"embeddable":true,"href":"https:\/\/sugardaddynordic.com\/et\/wp-json\/wp\/v2\/users\/1"}],"replies":[{"embeddable":true,"href":"https:\/\/sugardaddynordic.com\/et\/wp-json\/wp\/v2\/comments?post=13440"}],"version-history":[{"count":0,"href":"https:\/\/sugardaddynordic.com\/et\/wp-json\/wp\/v2\/pages\/13440\/revisions"}],"wp:attachment":[{"href":"https:\/\/sugardaddynordic.com\/et\/wp-json\/wp\/v2\/media?parent=13440"}],"curies":[{"name":"wp","href":"https:\/\/api.w.org\/{rel}","templated":true}]}}