{"id":13445,"date":"2025-08-28T11:08:58","date_gmt":"2025-08-28T08:08:58","guid":{"rendered":"https:\/\/sugardaddynordic.com\/?page_id=13445"},"modified":"2025-10-26T08:24:48","modified_gmt":"2025-10-26T06:24:48","slug":"koostoo","status":"publish","type":"page","link":"https:\/\/sugardaddynordic.com\/et\/yhteistyo\/","title":{"rendered":"Koost\u00f6\u00f6"},"content":{"rendered":"\n<p>Rakastamme kuulla \u00e4\u00e4nist\u00e4, jotka tuovat mukanaan <strong>todellista kokemusta, turvallisuutta, k\u00e4yt\u00e4nn\u00f6nl\u00e4heisyytt\u00e4 ja nollatoleranssia sensaatiohakuisuudelle<\/strong>.<\/p>\n\n\n\n<p>Blogimme k\u00e4sittelee <strong>sugar datingia t\u00e4ysi-ik\u00e4isten (18+) v\u00e4lill\u00e4 mies\u2194nainen -kehyksess\u00e4<\/strong>, alustamme linjan mukaisesti.<br>Emme julkaise ep\u00e4realistisia lupauksia tai eksplisiittist\u00e4 sis\u00e4lt\u00f6\u00e4.<\/p>\n\n\n\n<h2 class=\"wp-block-heading\" id=\"h-aiheet-joita-etsimme\">Aiheet, joita etsimme<\/h2>\n\n\n\n<ul class=\"wp-block-list\">\n<li><strong>Turvallisuus ja hyv\u00e4t k\u00e4yt\u00e4nn\u00f6t<\/strong> (esim. henkil\u00f6llisyyden varmistus, ensimm\u00e4iset tapaamiset, rajat, varoitusmerkit).<\/li>\n\n\n\n<li><strong>Realistiset odotukset<\/strong>: k\u00e4rsiv\u00e4llisyys, viestint\u00e4, terve neuvottelu.<\/li>\n\n\n\n<li><strong>Profiili ja etiketti<\/strong>: miten esitt\u00e4yty\u00e4 ilman liioittelua, kielenk\u00e4ytt\u00f6 ja rajat.<\/li>\n\n\n\n<li><strong>El\u00e4m\u00e4ntyyli<\/strong>: vastuullinen henkil\u00f6kohtainen talous (ei sijoitusneuvontaa), terveet tavat.<\/li>\n\n\n\n<li><strong>Mielipide ja anonymisoidut tapaukset<\/strong> (ei henkil\u00f6tietoja).<\/li>\n<\/ul>\n\n\n\n<h2 class=\"wp-block-heading\" id=\"h-kuka-voi-tehda-yhteistyota\">Kuka voi tehd\u00e4 yhteisty\u00f6t\u00e4<\/h2>\n\n\n\n<ul class=\"wp-block-list\">\n<li>Toimittajat, asiantuntijat, sis\u00e4ll\u00f6ntuottajat, bloggaajat ja henkil\u00f6t, joilla on relevanttia kokemusta.<\/li>\n\n\n\n<li>Ilmoita, kirjoitatko omissa nimiss\u00e4si vai median\/yrityksen edustajana, ja lis\u00e4\u00e4 kyseisen tahon tiedot.<\/li>\n<\/ul>\n\n\n\n<h2 class=\"wp-block-heading\" id=\"h-miten-ehdottaa-artikkelia-pitch\">Miten ehdottaa artikkelia (PITCH)<\/h2>\n\n\n\n<p>L\u00e4het\u00e4 s\u00e4hk\u00f6postia osoitteeseen <strong>info@sugardaddynordic.com<\/strong>, aiheella:<\/p>\n\n\n\n<p><strong>Colaboraci\u00f3n: [Aihe \/ alustava otsikko] \u2014 [Nimesi \/ Medio]<\/strong><\/p>\n\n\n\n<p>Sis\u00e4llyt\u00e4 (pakollista):<\/p>\n\n\n\n<ul class=\"wp-block-list\">\n<li>Aihe ja alustava otsikko.<\/li>\n\n\n\n<li>Yhteenveto.<\/li>\n\n\n\n<li>Kohdeyleis\u00f6 ja hy\u00f6ty lukijalle.<\/li>\n\n\n\n<li>Jos kirjoitat medialle\/yritykselle: nimi, URL, rooli ja tarkoitus (esim. tiedonv\u00e4litys, ei linkbuilding).<\/li>\n\n\n\n<li>Varmistus, ett\u00e4 sis\u00e4lt\u00f6 on alkuper\u00e4inen eik\u00e4 julkaistu muualla.<\/li>\n\n\n\n<li>Alustavat l\u00e4hteet (jos soveltuu).<\/li>\n\n\n\n<li>Kirjoittajan bio (50\u201380 sanaa).<\/li>\n\n\n\n<li>Ilmoitus mahdollisista sidonnaisuuksista, sponsoroinneista tai kumppanuuksista.<\/li>\n\n\n\n<li>Arvioitu toimitusp\u00e4iv\u00e4 ja ehdotettu pituus.<\/li>\n<\/ul>\n\n\n\n<p><strong>Vastaus<\/strong>: kuittaamme vastaanoton 3\u20135 arkip\u00e4iv\u00e4n sis\u00e4ll\u00e4 ja vahvistamme hyv\u00e4ksynn\u00e4n, muutokset tai hylk\u00e4yksen.<\/p>\n\n\n\n<h2 class=\"wp-block-heading\" id=\"h-kirjoitussaannot\">Kirjoituss\u00e4\u00e4nn\u00f6t<\/h2>\n\n\n\n<ul class=\"wp-block-list\">\n<li><strong>Pituus<\/strong>: 1.000\u20131.600 sanaa (joustava aiheen mukaan).<\/li>\n\n\n\n<li><strong>Tyyli<\/strong>: realistinen, selke\u00e4, ei sensaatioita eik\u00e4 lupauksia. Kieli: es-ES, huolellinen oikeinkirjoitus.<\/li>\n\n\n\n<li><strong>Rakenne<\/strong>: H2\/H3-otsikot, lyhyet kappaleet, listat ja esimerkit. Lis\u00e4\u00e4 aloitusyhteenveto ja hy\u00f6dyllinen loppup\u00e4\u00e4telm\u00e4.<\/li>\n\n\n\n<li><strong>Linkit<\/strong>: enint\u00e4\u00e4n 2\u20133 laadukasta ei-kaupallista ulkoista linkki\u00e4; linkit\u00e4 blogin omaan sis\u00e4lt\u00f6\u00f6n, kun se on luontevaa.<\/li>\n\n\n\n<li><strong>Kuvat<\/strong>: omia tai lisensoituja, liit\u00e4 krediitit ja vaihtoehtoinen teksti. Suositusmuoto: 1200\u00d7675 px.<\/li>\n\n\n\n<li><strong>L\u00e4hteet ja data<\/strong>: linkit\u00e4 luotettaviin tutkimuksiin\/lakeihin; lis\u00e4\u00e4 p\u00e4iv\u00e4m\u00e4\u00e4r\u00e4.<\/li>\n\n\n\n<li><strong>Yksityisyys<\/strong>: anonymisoidut tapaukset; ei koskaan tunnistettavia henkil\u00f6tietoja.<\/li>\n\n\n\n<li><strong>Kielletty sis\u00e4lt\u00f6<\/strong>: seksuaalisesti eksplisiittinen materiaali, seksipalvelujen edist\u00e4minen, viha, huijaukset, roskaposti, \u201ctaatut tulokset\u201d, linkbuilding.<\/li>\n\n\n\n<li><strong>Ty\u00f6kalut<\/strong>: voit k\u00e4ytt\u00e4\u00e4 apuna ty\u00f6kaluja (mukaan lukien AI), mutta lopullisen tekstin tulee olla alkuper\u00e4inen ja tarkistettu. Pid\u00e4t\u00e4mme oikeuden tarkistaa ja muokata.<\/li>\n<\/ul>\n\n\n\n<h2 class=\"wp-block-heading\" id=\"h-linkki-ja-kirjoittajapolitiikka\">Linkki- ja kirjoittajapolitiikka<\/h2>\n\n\n\n<ul class=\"wp-block-list\">\n<li><strong>Kirjoittajan bio<\/strong>: 1 linkki (portfolio tai ammatillinen profiili).<\/li>\n\n\n\n<li><strong>Artikkelissa<\/strong>: vain olennaiset ja ei-kaupalliset linkit. Saatamme lis\u00e4t\u00e4 <strong>rel=&#8221;nofollow&#8221;<\/strong>, kun se on tarkoituksenmukaista.<\/li>\n\n\n\n<li>Emme hyv\u00e4ksy artikkeleita, joiden p\u00e4\u00e4tarkoitus on linkbuilding.<\/li>\n<\/ul>\n\n\n\n<h2 class=\"wp-block-heading\" id=\"h-toimitusprosessi\">Toimitusprosessi<\/h2>\n\n\n\n<ol class=\"wp-block-list\">\n<li>Pitchin tarkistus ja l\u00e4hestymistavan s\u00e4\u00e4t\u00f6.<\/li>\n\n\n\n<li>Luonnoksen toimitus (Google Docs \/ Markdown \/ yksinkertainen HTML).<\/li>\n\n\n\n<li>Editointi: tyyli, laillisuus ja selkeys (voimme pyyt\u00e4\u00e4 muutoksia).<\/li>\n\n\n\n<li>Lopullinen hyv\u00e4ksynt\u00e4, julkaisup\u00e4iv\u00e4n sopiminen ja levitys.<\/li>\n\n\n\n<li>My\u00f6hemm\u00e4t p\u00e4ivitykset\/korjaukset <strong>Blogikorjausk\u00e4yt\u00e4nn\u00f6n<\/strong> mukaisesti.<\/li>\n<\/ol>\n\n\n\n<h2 class=\"wp-block-heading\" id=\"h-oikeudet-ja-lisenssi\">Oikeudet ja lisenssi<\/h2>\n\n\n\n<ul class=\"wp-block-list\">\n<li>Sis\u00e4ll\u00f6n tulee olla alkuper\u00e4ist\u00e4.<\/li>\n\n\n\n<li>Suositeltu v\u00e4liaikainen yksinoikeus: <strong>90 p\u00e4iv\u00e4\u00e4<\/strong> julkaisusta (\u00e4l\u00e4 julkaise kokonaan muilla sivuilla t\u00e4n\u00e4 aikana; katkelmat + linkki alkuper\u00e4iseen sallitaan).<\/li>\n\n\n\n<li>My\u00f6nn\u00e4t meille oikeuden julkaista, muokata ja jakaa sis\u00e4lt\u00f6\u00e4 kanavissamme, kirjoittajan attribuutiolla.<\/li>\n<\/ul>\n\n\n\n<h3 class=\"wp-block-heading\" id=\"h-korvaus\">Korvaus<\/h3>\n\n\n\n<p>Valitse ja sovella sis\u00e4isen politiikkamme mukaisesti:<\/p>\n\n\n\n<ul class=\"wp-block-list\">\n<li><strong>Vaihtoehto A (yleinen guest post -k\u00e4yt\u00e4nt\u00f6)<\/strong>: ei palkkiota; tarjoamme bio-linkin ja n\u00e4kyvyytt\u00e4.<\/li>\n\n\n\n<li><strong>Vaihtoehto B<\/strong>: palkkio sovittavissa aiheen ja laadun mukaan (edellytt\u00e4\u00e4 kirjallista sopimusta etuk\u00e4teen).<\/li>\n<\/ul>\n\n\n\n<h3 class=\"wp-block-heading\" id=\"h-tietojen-kasittely\">Tietojen k\u00e4sittely<\/h3>\n\n\n\n<p>K\u00e4yt\u00e4mme tietojasi vain yhteisty\u00f6n hallinnoimiseksi.<\/p>\n\n\n\n<h3 class=\"wp-block-heading\" id=\"h-mihin-lahettaa\">Mihin l\u00e4hett\u00e4\u00e4<\/h3>\n\n\n\n<p>S\u00e4hk\u00f6posti: <strong>info@sugardaddynordic.com<\/strong><\/p>\n\n\n\n<h3 class=\"wp-block-heading\" id=\"h-paivitykset\">P\u00e4ivitykset<\/h3>\n\n\n\n<p>Viimeisin tarkistus: <strong>26.10.2025<\/strong>.<br>Voimme p\u00e4ivitt\u00e4\u00e4 n\u00e4it\u00e4 ehtoja selkeyden parantamiseksi tai s\u00e4\u00e4ntelyvaatimusten mukauttamiseksi.<\/p>\n","protected":false},"excerpt":{"rendered":"<p>Rakastamme kuulla \u00e4\u00e4nist\u00e4, jotka tuovat mukanaan todellista kokemusta, turvallisuutta, k\u00e4yt\u00e4nn\u00f6nl\u00e4heisyytt\u00e4 ja nollatoleranssia sensaatiohakuisuudelle. Blogimme k\u00e4sittelee sugar datingia t\u00e4ysi-ik\u00e4isten (18+) v\u00e4lill\u00e4 mies\u2194nainen -kehyksess\u00e4, alustamme linjan mukaisesti.Emme julkaise ep\u00e4realistisia lupauksia tai eksplisiittist\u00e4 sis\u00e4lt\u00f6\u00e4. Aiheet, joita etsimme Kuka voi tehd\u00e4 yhteisty\u00f6t\u00e4 Miten ehdottaa artikkelia (PITCH) L\u00e4het\u00e4 s\u00e4hk\u00f6postia osoitteeseen info@sugardaddynordic.com, aiheella: Colaboraci\u00f3n: [Aihe \/ alustava otsikko] \u2014 [Nimesi \/ &#8230; <a title=\"Yhteisty\u00f6\" class=\"read-more\" href=\"https:\/\/sugardaddynordic.com\/et\/yhteistyo\/\" aria-label=\"Read more about Yhteisty\u00f6\">Read more<\/a><\/p>\n","protected":false},"author":1,"featured_media":0,"parent":0,"menu_order":0,"comment_status":"closed","ping_status":"closed","template":"","meta":{"generate_page_header":"","footnotes":""},"class_list":{"0":"post-13445","1":"page","2":"type-page","3":"status-publish","5":"infinite-scroll-item"},"featured_image_urls":{"full":"","thumbnail":"","medium":"","medium_large":"","large":"","1536x1536":"","2048x2048":"","trp-custom-language-flag":"","crp_thumbnail":""},"post_excerpt_stackable":"<p>Rakastamme kuulla \u00e4\u00e4nist\u00e4, jotka tuovat mukanaan todellista kokemusta, turvallisuutta, k\u00e4yt\u00e4nn\u00f6nl\u00e4heisyytt\u00e4 ja nollatoleranssia sensaatiohakuisuudelle. Blogimme k\u00e4sittelee sugar datingia t\u00e4ysi-ik\u00e4isten (18+) v\u00e4lill\u00e4 mies\u2194nainen -kehyksess\u00e4, alustamme linjan mukaisesti.Emme julkaise ep\u00e4realistisia lupauksia tai eksplisiittist\u00e4 sis\u00e4lt\u00f6\u00e4. Aiheet, joita etsimme Turvallisuus ja hyv\u00e4t k\u00e4yt\u00e4nn\u00f6t (esim. henkil\u00f6llisyyden varmistus, ensimm\u00e4iset tapaamiset, rajat, varoitusmerkit). Realistiset odotukset: k\u00e4rsiv\u00e4llisyys, viestint\u00e4, terve neuvottelu. Profiili ja etiketti: miten esitt\u00e4yty\u00e4 ilman liioittelua, kielenk\u00e4ytt\u00f6 ja rajat. El\u00e4m\u00e4ntyyli: vastuullinen henkil\u00f6kohtainen talous (ei sijoitusneuvontaa), terveet tavat. Mielipide ja anonymisoidut tapaukset (ei henkil\u00f6tietoja). Kuka voi tehd\u00e4 yhteisty\u00f6t\u00e4 Toimittajat, asiantuntijat, sis\u00e4ll\u00f6ntuottajat, bloggaajat ja henkil\u00f6t, joilla on relevanttia kokemusta. Ilmoita, kirjoitatko omissa nimiss\u00e4si vai median\/yrityksen edustajana, ja lis\u00e4\u00e4 kyseisen tahon&hellip;<\/p>\n","category_list":"","author_info":{"name":"Admin de SugarDaddySuomi","url":"https:\/\/sugardaddynordic.com\/et\/author\/poweb\/"},"comments_num":"0 comments","featured_image_urls_v2":{"full":"","thumbnail":"","medium":"","medium_large":"","large":"","1536x1536":"","2048x2048":"","trp-custom-language-flag":"","crp_thumbnail":""},"post_excerpt_stackable_v2":"<p>Rakastamme kuulla \u00e4\u00e4nist\u00e4, jotka tuovat mukanaan todellista kokemusta, turvallisuutta, k\u00e4yt\u00e4nn\u00f6nl\u00e4heisyytt\u00e4 ja nollatoleranssia sensaatiohakuisuudelle. Blogimme k\u00e4sittelee sugar datingia t\u00e4ysi-ik\u00e4isten (18+) v\u00e4lill\u00e4 mies\u2194nainen -kehyksess\u00e4, alustamme linjan mukaisesti.Emme julkaise ep\u00e4realistisia lupauksia tai eksplisiittist\u00e4 sis\u00e4lt\u00f6\u00e4. Aiheet, joita etsimme Turvallisuus ja hyv\u00e4t k\u00e4yt\u00e4nn\u00f6t (esim. henkil\u00f6llisyyden varmistus, ensimm\u00e4iset tapaamiset, rajat, varoitusmerkit). Realistiset odotukset: k\u00e4rsiv\u00e4llisyys, viestint\u00e4, terve neuvottelu. Profiili ja etiketti: miten esitt\u00e4yty\u00e4 ilman liioittelua, kielenk\u00e4ytt\u00f6 ja rajat. El\u00e4m\u00e4ntyyli: vastuullinen henkil\u00f6kohtainen talous (ei sijoitusneuvontaa), terveet tavat. Mielipide ja anonymisoidut tapaukset (ei henkil\u00f6tietoja). Kuka voi tehd\u00e4 yhteisty\u00f6t\u00e4 Toimittajat, asiantuntijat, sis\u00e4ll\u00f6ntuottajat, bloggaajat ja henkil\u00f6t, joilla on relevanttia kokemusta. Ilmoita, kirjoitatko omissa nimiss\u00e4si vai median\/yrityksen edustajana, ja lis\u00e4\u00e4 kyseisen tahon&hellip;<\/p>\n","category_list_v2":"","author_info_v2":{"name":"Admin de SugarDaddySuomi","url":"https:\/\/sugardaddynordic.com\/et\/author\/poweb\/"},"comments_num_v2":"0 comments","yoast_head":"<!-- This site is optimized with the Yoast SEO Premium plugin v26.0 (Yoast SEO v27.3) - https:\/\/yoast.com\/product\/yoast-seo-premium-wordpress\/ -->\n<title>Yhteisty\u00f6<\/title>\n<meta name=\"robots\" content=\"index, follow, max-snippet:-1, max-image-preview:large, max-video-preview:-1\" \/>\n<link rel=\"canonical\" href=\"https:\/\/sugardaddynordic.com\/et\/koostoo\/\" \/>\n<meta property=\"og:locale\" content=\"et_EE\" \/>\n<meta property=\"og:type\" content=\"article\" \/>\n<meta property=\"og:title\" content=\"Yhteisty\u00f6\" \/>\n<meta property=\"og:description\" content=\"Rakastamme kuulla \u00e4\u00e4nist\u00e4, jotka tuovat mukanaan todellista kokemusta, turvallisuutta, k\u00e4yt\u00e4nn\u00f6nl\u00e4heisyytt\u00e4 ja nollatoleranssia sensaatiohakuisuudelle. Blogimme k\u00e4sittelee sugar datingia t\u00e4ysi-ik\u00e4isten (18+) v\u00e4lill\u00e4 mies\u2194nainen -kehyksess\u00e4, alustamme linjan mukaisesti.Emme julkaise ep\u00e4realistisia lupauksia tai eksplisiittist\u00e4 sis\u00e4lt\u00f6\u00e4. Aiheet, joita etsimme Kuka voi tehd\u00e4 yhteisty\u00f6t\u00e4 Miten ehdottaa artikkelia (PITCH) L\u00e4het\u00e4 s\u00e4hk\u00f6postia osoitteeseen info@sugardaddynordic.com, aiheella: Colaboraci\u00f3n: [Aihe \/ alustava otsikko] \u2014 [Nimesi \/ ... Read more\" \/>\n<meta property=\"og:url\" content=\"https:\/\/sugardaddynordic.com\/et\/koostoo\/\" \/>\n<meta property=\"og:site_name\" content=\"Sugar Daddy Nordic \u00ae\" \/>\n<meta property=\"article:modified_time\" content=\"2025-10-26T06:24:48+00:00\" \/>\n<meta property=\"og:image\" content=\"https:\/\/sugardaddynordic.com\/wp-content\/uploads\/2025\/10\/Logo-Sugar-Daddy-Nordic.png\" \/>\n\t<meta property=\"og:image:width\" content=\"1024\" \/>\n\t<meta property=\"og:image:height\" content=\"1024\" \/>\n\t<meta property=\"og:image:type\" content=\"image\/png\" \/>\n<meta name=\"twitter:card\" content=\"summary_large_image\" \/>\n<meta name=\"twitter:label1\" content=\"Est. reading time\" \/>\n\t<meta name=\"twitter:data1\" content=\"3 minutit\" \/>\n<script type=\"application\/ld+json\" class=\"yoast-schema-graph\">{\"@context\":\"https:\\\/\\\/schema.org\",\"@graph\":[{\"@type\":\"WebPage\",\"@id\":\"https:\\\/\\\/sugardaddynordic.com\\\/yhteistyo\\\/\",\"url\":\"https:\\\/\\\/sugardaddynordic.com\\\/yhteistyo\\\/\",\"name\":\"Yhteisty\u00f6\",\"isPartOf\":{\"@id\":\"https:\\\/\\\/sugardaddynordic.com\\\/#website\"},\"datePublished\":\"2025-08-28T08:08:58+00:00\",\"dateModified\":\"2025-10-26T06:24:48+00:00\",\"breadcrumb\":{\"@id\":\"https:\\\/\\\/sugardaddynordic.com\\\/yhteistyo\\\/#breadcrumb\"},\"inLanguage\":\"et\",\"potentialAction\":[{\"@type\":\"ReadAction\",\"target\":[\"https:\\\/\\\/sugardaddynordic.com\\\/yhteistyo\\\/\"]}]},{\"@type\":\"BreadcrumbList\",\"@id\":\"https:\\\/\\\/sugardaddynordic.com\\\/yhteistyo\\\/#breadcrumb\",\"itemListElement\":[{\"@type\":\"ListItem\",\"position\":1,\"name\":\"Home\",\"item\":\"https:\\\/\\\/sugardaddynordic.com\\\/\"},{\"@type\":\"ListItem\",\"position\":2,\"name\":\"Yhteisty\u00f6\"}]},{\"@type\":\"WebSite\",\"@id\":\"https:\\\/\\\/sugardaddynordic.com\\\/#website\",\"url\":\"https:\\\/\\\/sugardaddynordic.com\\\/\",\"name\":\"Sugar Daddy Nordic\",\"description\":\"\",\"publisher\":{\"@id\":\"https:\\\/\\\/sugardaddynordic.com\\\/#organization\"},\"alternateName\":\"Sugar Daddy Nordic powered by Sugar Daddy Planet\",\"potentialAction\":[{\"@type\":\"SearchAction\",\"target\":{\"@type\":\"EntryPoint\",\"urlTemplate\":\"https:\\\/\\\/sugardaddynordic.com\\\/?s={search_term_string}\"},\"query-input\":{\"@type\":\"PropertyValueSpecification\",\"valueRequired\":true,\"valueName\":\"search_term_string\"}}],\"inLanguage\":\"et\"},{\"@type\":[\"Organization\",\"DatingService\"],\"@id\":\"https:\\\/\\\/sugardaddynordic.com\\\/#organization\",\"name\":\"Sugar Daddy Nordic\",\"url\":\"https:\\\/\\\/sugardaddynordic.com\\\/\",\"logo\":{\"@type\":\"ImageObject\",\"inLanguage\":\"et\",\"@id\":\"https:\\\/\\\/sugardaddynordic.com\\\/#\\\/schema\\\/logo\\\/image\\\/\",\"url\":\"https:\\\/\\\/sugardaddynordic.com\\\/wp-content\\\/uploads\\\/2025\\\/10\\\/cropped-Logo-Sugar-Daddy-Nordic.png\",\"contentUrl\":\"https:\\\/\\\/sugardaddynordic.com\\\/wp-content\\\/uploads\\\/2025\\\/10\\\/cropped-Logo-Sugar-Daddy-Nordic.png\",\"width\":1022,\"height\":323,\"caption\":\"Sugar Daddy Nordic\"},\"image\":{\"@id\":\"https:\\\/\\\/sugardaddynordic.com\\\/#\\\/schema\\\/logo\\\/image\\\/\"},\"serviceType\":\"Dating Service\",\"category\":\"Dating\",\"publishingPrinciples\":\"https:\\\/\\\/sugardaddynordic.com\\\/julkaisustandardit\\\/\",\"ownershipFundingInfo\":\"https:\\\/\\\/sugardaddynordic.com\\\/rahoitus\\\/\",\"actionableFeedbackPolicy\":\"https:\\\/\\\/sugardaddynordic.com\\\/korjauskaytanto\\\/\",\"correctionsPolicy\":\"https:\\\/\\\/sugardaddynordic.com\\\/korjauskaytanto\\\/\",\"ethicsPolicy\":\"https:\\\/\\\/sugardaddynordic.com\\\/eettinen-politiikka\\\/\",\"diversityPolicy\":\"https:\\\/\\\/sugardaddynordic.com\\\/monimuotoisuus\\\/\",\"diversityStaffingReport\":\"https:\\\/\\\/sugardaddynordic.com\\\/yhteistyo\\\/\"}]}<\/script>\n<!-- \/ Yoast SEO Premium plugin. -->","yoast_head_json":{"title":"Koost\u00f6\u00f6","robots":{"index":"index","follow":"follow","max-snippet":"max-snippet:-1","max-image-preview":"max-image-preview:large","max-video-preview":"max-video-preview:-1"},"canonical":"https:\/\/sugardaddynordic.com\/et\/koostoo\/","og_locale":"et_EE","og_type":"article","og_title":"Yhteisty\u00f6","og_description":"Rakastamme kuulla \u00e4\u00e4nist\u00e4, jotka tuovat mukanaan todellista kokemusta, turvallisuutta, k\u00e4yt\u00e4nn\u00f6nl\u00e4heisyytt\u00e4 ja nollatoleranssia sensaatiohakuisuudelle. Blogimme k\u00e4sittelee sugar datingia t\u00e4ysi-ik\u00e4isten (18+) v\u00e4lill\u00e4 mies\u2194nainen -kehyksess\u00e4, alustamme linjan mukaisesti.Emme julkaise ep\u00e4realistisia lupauksia tai eksplisiittist\u00e4 sis\u00e4lt\u00f6\u00e4. Aiheet, joita etsimme Kuka voi tehd\u00e4 yhteisty\u00f6t\u00e4 Miten ehdottaa artikkelia (PITCH) L\u00e4het\u00e4 s\u00e4hk\u00f6postia osoitteeseen info@sugardaddynordic.com, aiheella: Colaboraci\u00f3n: [Aihe \/ alustava otsikko] \u2014 [Nimesi \/ ... Read more","og_url":"https:\/\/sugardaddynordic.com\/et\/koostoo\/","og_site_name":"Sugar Daddy Nordic \u00ae","article_modified_time":"2025-10-26T06:24:48+00:00","og_image":[{"width":1024,"height":1024,"url":"https:\/\/sugardaddynordic.com\/wp-content\/uploads\/2025\/10\/Logo-Sugar-Daddy-Nordic.png","type":"image\/png"}],"twitter_card":"summary_large_image","twitter_misc":{"Est. reading time":"3 minutit"},"schema":{"@context":"https:\/\/schema.org","@graph":[{"@type":"WebPage","@id":"https:\/\/sugardaddynordic.com\/yhteistyo\/","url":"https:\/\/sugardaddynordic.com\/yhteistyo\/","name":"Koost\u00f6\u00f6","isPartOf":{"@id":"https:\/\/sugardaddynordic.com\/#website"},"datePublished":"2025-08-28T08:08:58+00:00","dateModified":"2025-10-26T06:24:48+00:00","breadcrumb":{"@id":"https:\/\/sugardaddynordic.com\/yhteistyo\/#breadcrumb"},"inLanguage":"et","potentialAction":[{"@type":"ReadAction","target":["https:\/\/sugardaddynordic.com\/yhteistyo\/"]}]},{"@type":"BreadcrumbList","@id":"https:\/\/sugardaddynordic.com\/yhteistyo\/#breadcrumb","itemListElement":[{"@type":"ListItem","position":1,"name":"Home","item":"https:\/\/sugardaddynordic.com\/"},{"@type":"ListItem","position":2,"name":"Yhteisty\u00f6"}]},{"@type":"WebSite","@id":"https:\/\/sugardaddynordic.com\/#website","url":"https:\/\/sugardaddynordic.com\/","name":"Sugar Daddy Nordic","description":"","publisher":{"@id":"https:\/\/sugardaddynordic.com\/#organization"},"alternateName":"Sugar Daddy Nordic powered by Sugar Daddy Planet","potentialAction":[{"@type":"SearchAction","target":{"@type":"EntryPoint","urlTemplate":"https:\/\/sugardaddynordic.com\/?s={search_term_string}"},"query-input":{"@type":"PropertyValueSpecification","valueRequired":true,"valueName":"search_term_string"}}],"inLanguage":"et"},{"@type":["Organization","DatingService"],"@id":"https:\/\/sugardaddynordic.com\/#organization","name":"Sugar Daddy Nordic","url":"https:\/\/sugardaddynordic.com\/","logo":{"@type":"ImageObject","inLanguage":"et","@id":"https:\/\/sugardaddynordic.com\/#\/schema\/logo\/image\/","url":"https:\/\/sugardaddynordic.com\/wp-content\/uploads\/2025\/10\/cropped-Logo-Sugar-Daddy-Nordic.png","contentUrl":"https:\/\/sugardaddynordic.com\/wp-content\/uploads\/2025\/10\/cropped-Logo-Sugar-Daddy-Nordic.png","width":1022,"height":323,"caption":"Sugar Daddy Nordic"},"image":{"@id":"https:\/\/sugardaddynordic.com\/#\/schema\/logo\/image\/"},"serviceType":"Dating Service","category":"Dating","publishingPrinciples":"https:\/\/sugardaddynordic.com\/julkaisustandardit\/","ownershipFundingInfo":"https:\/\/sugardaddynordic.com\/rahoitus\/","actionableFeedbackPolicy":"https:\/\/sugardaddynordic.com\/korjauskaytanto\/","correctionsPolicy":"https:\/\/sugardaddynordic.com\/korjauskaytanto\/","ethicsPolicy":"https:\/\/sugardaddynordic.com\/eettinen-politiikka\/","diversityPolicy":"https:\/\/sugardaddynordic.com\/monimuotoisuus\/","diversityStaffingReport":"https:\/\/sugardaddynordic.com\/yhteistyo\/"}]}},"_links":{"self":[{"href":"https:\/\/sugardaddynordic.com\/et\/wp-json\/wp\/v2\/pages\/13445","targetHints":{"allow":["GET"]}}],"collection":[{"href":"https:\/\/sugardaddynordic.com\/et\/wp-json\/wp\/v2\/pages"}],"about":[{"href":"https:\/\/sugardaddynordic.com\/et\/wp-json\/wp\/v2\/types\/page"}],"author":[{"embeddable":true,"href":"https:\/\/sugardaddynordic.com\/et\/wp-json\/wp\/v2\/users\/1"}],"replies":[{"embeddable":true,"href":"https:\/\/sugardaddynordic.com\/et\/wp-json\/wp\/v2\/comments?post=13445"}],"version-history":[{"count":0,"href":"https:\/\/sugardaddynordic.com\/et\/wp-json\/wp\/v2\/pages\/13445\/revisions"}],"wp:attachment":[{"href":"https:\/\/sugardaddynordic.com\/et\/wp-json\/wp\/v2\/media?parent=13445"}],"curies":[{"name":"wp","href":"https:\/\/api.w.org\/{rel}","templated":true}]}}