{"id":6189,"date":"2024-12-29T12:04:49","date_gmt":"2024-12-29T10:04:49","guid":{"rendered":"https:\/\/sugardaddynordic.com\/?page_id=6189"},"modified":"2025-10-26T08:18:55","modified_gmt":"2025-10-26T06:18:55","slug":"meie-kohta","status":"publish","type":"page","link":"https:\/\/sugardaddynordic.com\/et\/meista\/","title":{"rendered":"Meie kohta"},"content":{"rendered":"<p><a href=\"https:\/\/sugardaddynordic.com\/et\/\"><strong>Sugar daddy <\/strong>P\u00f5hjamaade <\/a>s\u00fcndis 2024. aastal vajadusest luua Soomes 100 % kontakti pakkuv suhkruvestlusplatvorm. T\u00e4nu lihtsale registreerimiss\u00fcsteemile, 100 % Soome kogukonnale ja v\u00f5imsale r\u00e4mpsposti j\u00e4lgimiss\u00fcsteemile \u00f5nnestus meil pakkuda kasutajatele ainulaadset kogemust, kus nad saavad h\u00f5lpsasti leida kontakte enda l\u00e4hedal.<\/p>\n\n\n\n<h2 class=\"wp-block-heading has-text-align-center\" id=\"h-arvomme\">Me ammutame<\/h2>\n\n\n\n<div class=\"wp-block-stackable-columns stk-block-columns stk-block stk-e919e6d\" data-block-id=\"e919e6d\"><div class=\"stk-row stk-inner-blocks stk-block-content stk-content-align stk-e919e6d-column\">\n<div class=\"wp-block-stackable-column stk-block-column stk-column stk-block stk-2bc28d4\" data-v=\"4\" data-block-id=\"2bc28d4\"><div class=\"stk-column-wrapper stk-block-column__content stk-container stk-2bc28d4-container stk--no-background stk--no-padding\"><div class=\"stk-block-content stk-inner-blocks stk-2bc28d4-inner-blocks\">\n<h3 class=\"wp-block-heading\" id=\"h-turvallisuus\">Turvalisus:<\/h3>\n\n\n\n<p>Tagame oma veebisaitidel parima v\u00f5imaliku andmekaitse vastavalt GDPRi eeskirjadele.<\/p>\n\n\n\n<p>Me v\u00e4ldime r\u00e4mpsposti, v\u00f5ltsprofiile v\u00f5i muid pettusi. Me edendame<a href=\"https:\/\/sugardaddynordic.com\/et\/turvaline-tutvumine\/\"> turvaline veebikohtumine <\/a>nii sellel platvormil kui ka digitaalses maailmas \u00fcldiselt.<\/p>\n\n\n\n<h3 class=\"wp-block-heading\" id=\"h-koulutus\">Haridus:<\/h3>\n\n\n\n<p>Me selgitame, edendada ja levitada t\u00f5eline suhkru tutvumine - <a href=\"https:\/\/sugardaddynordic.com\/et\/#sugar-daddy\">sugar daddy<\/a> - <a href=\"https:\/\/sugardaddynordic.com\/et\/#sugar-baby\">suhkruteemaline laps<\/a> -kultuur, et kasutajad saaksid t\u00e4pselt aru, mida need m\u00f5isted endast kujutavad.<\/p>\n\n\n\n<p>Me julgustame teid l\u00e4henema sugar dating kui viis, kuidas l\u00f5butseda, laiendada oma sotsiaalset ringi ja parandada oma elukvaliteeti l\u00e4bi kasu need suhted.<\/p>\n<\/div><\/div><\/div>\n\n\n\n<div class=\"wp-block-stackable-column stk-block-column stk-column stk-block stk-b7cfe73\" data-v=\"4\" data-block-id=\"b7cfe73\"><div class=\"stk-column-wrapper stk-block-column__content stk-container stk-b7cfe73-container stk--no-background stk--no-padding\"><div class=\"stk-block-content stk-inner-blocks stk-b7cfe73-inner-blocks\">\n<h3 class=\"wp-block-heading\" id=\"h-luottamus\">Usaldus:<\/h3>\n\n\n\n<p>Pakume kasutajatele k\u00f5iki kontaktv\u00f5imalusi ning vastame k\u00f5igile p\u00e4ringutele l\u00e4bipaistvalt ja s\u00f5bralikult.<\/p>\n\n\n\n<p>Meil on ka <a href=\"https:\/\/sugardaddynordic.com\/et\/juhised-ja-juhised\/\">helpdesk<\/a>, kus saate lugeda korduma kippuvaid k\u00fcsimusi v\u00f5i kirjutada meile, kui vajate abi.<\/p>\n\n\n\n<h3 class=\"wp-block-heading\" id=\"h-lapinakyvyys\">L\u00e4bipaistvus:<\/h3>\n\n\n\n<p>Meie makses\u00fcsteem ja <a href=\"https:\/\/sugardaddynordic.com\/et\/andmekaitse-2\/\">andmekaitse<\/a>- ja <a href=\"https:\/\/sugardaddynordic.com\/et\/tingimused\/\">meie lepingulised tavad<\/a> anname kogu vajaliku teabe, et tagada kasutajatele t\u00e4ielik arusaamine teenusest.<\/p>\n\n\n\n<p>Lisaks on kasutajatel alati juurdep\u00e4\u00e4s oma andmetele ja v\u00f5imalus neid oma profiilist kustutada.<\/p>\n<\/div><\/div><\/div>\n<\/div><\/div>\n\n\n\n<h2 class=\"wp-block-heading has-text-align-center\" id=\"h-mika-tekee-meista-erilaisia\">Mis teeb meid erinevaks?<\/h2>\n\n\n\n<div class=\"wp-block-stackable-columns stk-block-columns stk-block stk-2e975f2\" data-block-id=\"2e975f2\"><div class=\"stk-row stk-inner-blocks stk-block-content stk-content-align stk-2e975f2-column\">\n<div class=\"wp-block-stackable-column stk-block-column stk-column stk-block stk-cfef746\" data-v=\"4\" data-block-id=\"cfef746\"><div class=\"stk-column-wrapper stk-block-column__content stk-container stk-cfef746-container stk--no-background stk--no-padding\"><div class=\"stk-block-content stk-inner-blocks stk-cfef746-inner-blocks\">\n<h3 class=\"wp-block-heading\" id=\"h-paikallinen-yhteiso\">Kohalik kogukond:<\/h3>\n\n\n\n<p>100 % P\u00f5hjamaade kogukond ilma h\u00e4irivate s\u00f5numiteta v\u00e4lismaistelt sp\u00e4mmeritelt v\u00f5i robotitelt, mis lihtsustab kohtumist l\u00e4hedaste inimestega.<\/p>\n<\/div><\/div><\/div>\n\n\n\n<div class=\"wp-block-stackable-column stk-block-column stk-column stk-block stk-1137452\" data-v=\"4\" data-block-id=\"1137452\"><div class=\"stk-column-wrapper stk-block-column__content stk-container stk-1137452-container stk--no-background stk--no-padding\"><div class=\"stk-block-content stk-inner-blocks stk-1137452-inner-blocks\">\n<h3 class=\"wp-block-heading\" id=\"h-harkinnanvaraisuus\">Diskreetsus:<\/h3>\n\n\n\n<p>Ei mingeid pealet\u00fckkivaid reklaame, pidevaid kampaaniaid ega e-posti pakkumisi - privaatsus on prioriteet. Te kontrollite reklaame ja nende kasutamist.<\/p>\n<\/div><\/div><\/div>\n\n\n\n<div class=\"wp-block-stackable-column stk-block-column stk-column stk-block stk-fea043f\" data-v=\"4\" data-block-id=\"fea043f\"><div class=\"stk-column-wrapper stk-block-column__content stk-container stk-fea043f-container stk--no-background stk--no-padding\"><div class=\"stk-block-content stk-inner-blocks stk-fea043f-inner-blocks\">\n<h3 class=\"wp-block-heading\" id=\"h-helppokayttoisyys\">Kasutamise lihtsus:<\/h3>\n\n\n\n<p>Ei mingeid tasulisi s\u00f5numeid ega muid eksitavaid skeeme. Suhkrupeedid saavad vestelda tasuta ja suhkrupeedid maksavad ainult kuutasu, mille v\u00f5ib igal ajal ilma kohustusteta t\u00fchistada.<\/p>\n<\/div><\/div><\/div>\n<\/div><\/div>\n\n\n\n<h2 class=\"wp-block-heading has-text-align-center\" id=\"h-sitoutuminen-yhteisoon\">Kogukonnaga suhtlemine:<\/h2>\n\n\n\n<p>Oleme p\u00fchendunud oma kogukonna heaolule ja turvalisusele. T\u00f6\u00f6tame pidevalt selle nimel, et parandada kasutajakogemust ning s\u00e4ilitada kogukonnas tervislik ja positiivne \u00f5hkkond.<\/p>\n\n\n\n<div class=\"wp-block-stackable-columns stk-block-columns stk-block stk-668dc03\" data-block-id=\"668dc03\"><div class=\"stk-row stk-inner-blocks stk-block-content stk-content-align stk-668dc03-column\">\n<div class=\"wp-block-stackable-column stk-block-column stk-column stk-block stk-7f9bcd4\" data-v=\"4\" data-block-id=\"7f9bcd4\"><div class=\"stk-column-wrapper stk-block-column__content stk-container stk-7f9bcd4-container stk--no-background stk--no-padding\"><div class=\"stk-block-content stk-inner-blocks stk-7f9bcd4-inner-blocks\">\n<h3 class=\"wp-block-heading\" id=\"h-palaute-ja-jatkuva-parantaminen\">Tagasiside ja pidev t\u00e4iustamine:<\/h3>\n\n\n\n<p>Kuulame aktiivselt kasutajate ettepanekuid ja tagasisidet, mis aitavad meil oma platvormi pidevalt t\u00e4iustada.<\/p>\n<\/div><\/div><\/div>\n\n\n\n<div class=\"wp-block-stackable-column stk-block-column stk-column stk-block stk-7dd580e\" data-v=\"4\" data-block-id=\"7dd580e\"><div class=\"stk-column-wrapper stk-block-column__content stk-container stk-7dd580e-container stk--no-background stk--no-padding\"><div class=\"stk-block-content stk-inner-blocks stk-7dd580e-inner-blocks\">\n<h3 class=\"wp-block-heading\" id=\"h-yhteiskunnallinen-vastuu\">Sotsiaalne vastutus:<\/h3>\n\n\n\n<p>Me edendame vastutustundlikku digitaalkultuuri ja toetame veebiohutuskampaaniaid. Samuti oleme p\u00fchendunud v\u00f5itlusele inimkaubanduse vastu, tehes koost\u00f6\u00f6d asjaomaste organisatsioonidega.<\/p>\n<\/div><\/div><\/div>\n<\/div><\/div>\n\n\n\n<h2 class=\"wp-block-heading has-text-align-center\" id=\"h-tulevaisuuden-visio\">Tulevikuvisioon<\/h2>\n\n\n\n<div class=\"wp-block-stackable-columns stk-block-columns stk-block stk-4fbeafc\" data-block-id=\"4fbeafc\"><div class=\"stk-row stk-inner-blocks stk-block-content stk-content-align stk-4fbeafc-column\">\n<div class=\"wp-block-stackable-column stk-block-column stk-column stk-block stk-924bcb5\" data-v=\"4\" data-block-id=\"924bcb5\"><div class=\"stk-column-wrapper stk-block-column__content stk-container stk-924bcb5-container stk--no-background stk--no-padding\"><div class=\"stk-block-content stk-inner-blocks stk-924bcb5-inner-blocks\">\n<h3 class=\"wp-block-heading\" id=\"h-jatkuva-innovaatio\">Pidev innovatsioon:<\/h3>\n\n\n\n<p>Me arendame pidevalt oma platvormi ja v\u00f5tame kasutusele uusi funktsioone, et parandada kasutajakogemust. Nende hulka v\u00f5ivad kuuluda t\u00e4iustatud profiili kontrolls\u00fcsteemid ja kohandatavad privaatsust\u00f6\u00f6riistad.<\/p>\n<\/div><\/div><\/div>\n\n\n\n<div class=\"wp-block-stackable-column stk-block-column stk-column stk-block stk-f463403\" data-v=\"4\" data-block-id=\"f463403\"><div class=\"stk-column-wrapper stk-block-column__content stk-container stk-f463403-container stk--no-background stk--no-padding\"><div class=\"stk-block-content stk-inner-blocks stk-f463403-inner-blocks\">\n<h3 class=\"wp-block-heading\" id=\"h-ennusteet-pohjoismaat-markkinoilla\">Prognoosid P\u00f5hjamaade turu kohta:<\/h3>\n\n\n\n<p>Meie p\u00fchendumus P\u00f5hjamaade kogukonnale v\u00e4ljendub meie tugevas kohalolus ja pidevas teenuse parandamises. Meie eesm\u00e4rk on <strong>Sugar Daddy Nordic<\/strong> (sugardaddynordic.com) on endiselt peamine tugipunkt inimestele, kes otsivad suhkrup\u00e4eva.<\/p>\n<\/div><\/div><\/div>\n<\/div><\/div>","protected":false},"excerpt":{"rendered":"<p>Sugar Daddy Nordic s\u00fcndis 2024. aastal vajadusest luua 100 % kontakti pakkuv suhkruvestlusplatvorm Soomes. T\u00e4nu lihtsale registreerimiss\u00fcsteemile, 100 % soomlaste kogukonnale ja v\u00f5imsale r\u00e4mpsposti j\u00e4lgimiss\u00fcsteemile \u00f5nnestus meil pakkuda kasutajatele ainulaadset kogemust, kus nad saavad h\u00f5lpsasti leida kontakte enda l\u00e4hedal. Tagame oma veebisaitidel parima v\u00f5imaliku andmekaitse vastavalt GDPRi eeskirjadele. Pakume oma kasutajatele k\u00f5rgeimat privaatsuskaitset. v\u00e4ldime r\u00e4mpsposti, v\u00f5ltsprofiile v\u00f5i muid pettusi. Me edendame [...] <a title=\"Meie kohta\" class=\"read-more\" href=\"https:\/\/sugardaddynordic.com\/et\/meista\/\" aria-label=\"Loe meie kohta l\u00e4hemalt\">Loe edasi<\/a><\/p>","protected":false},"author":1,"featured_media":0,"parent":0,"menu_order":0,"comment_status":"closed","ping_status":"closed","template":"","meta":{"generate_page_header":"","footnotes":""},"class_list":{"0":"post-6189","1":"page","2":"type-page","3":"status-publish","5":"infinite-scroll-item"},"featured_image_urls":{"full":"","thumbnail":"","medium":"","medium_large":"","large":"","1536x1536":"","2048x2048":"","trp-custom-language-flag":"","crp_thumbnail":""},"post_excerpt_stackable":"<p>Sugar Daddy Nordic syntyi vuonna 2024 tarpeesta luoda sokeritreffialusta, joka tarjoaa 100 % kontakteja Suomessa. Yksinkertaisen rekister\u00f6intij\u00e4rjestelm\u00e4n, 100 % suomalaisen yhteis\u00f6n ja tehokkaan roskapostin seurantaj\u00e4rjestelm\u00e4n ansiosta onnistumme tarjoamaan k\u00e4ytt\u00e4jille ainutlaatuisen kokemuksen, jossa he voivat helposti l\u00f6yt\u00e4\u00e4 yhteystietoja l\u00e4hell\u00e4\u00e4n. Arvomme Turvallisuus: Takaamme verkkosivustoillamme parhaan mahdollisen tietosuojan GDPR-asetusten mukaisesti. V\u00e4lt\u00e4mme roskapostia, v\u00e4\u00e4rennettyj\u00e4 profiileja tai muita petoksia. Edist\u00e4mme turvallista verkkotapaamista niin t\u00e4ll\u00e4 alustalla kuin digitaalisessa maailmassa yleens\u00e4. Koulutus: Selit\u00e4mme, edist\u00e4mme ja levit\u00e4mme todellista sugar dating &#8211; sugar daddy &#8211; sugar baby -kulttuuria, jotta k\u00e4ytt\u00e4j\u00e4t ymm\u00e4rt\u00e4v\u00e4t tarkasti, mist\u00e4 n\u00e4iss\u00e4 k\u00e4sitteiss\u00e4 on kyse. Kannustamme l\u00e4hestym\u00e4\u00e4n sokeritreffailua tapana pit\u00e4\u00e4 hauskaa, laajentaa sosiaalista piiri\u00e4 ja parantaa el\u00e4m\u00e4nlaatua&hellip;<\/p>\n","category_list":"","author_info":{"name":"Admin de SugarDaddySuomi","url":"https:\/\/sugardaddynordic.com\/et\/author\/poweb\/"},"comments_num":"0 comments","featured_image_urls_v2":{"full":"","thumbnail":"","medium":"","medium_large":"","large":"","1536x1536":"","2048x2048":"","trp-custom-language-flag":"","crp_thumbnail":""},"post_excerpt_stackable_v2":"<p>Sugar Daddy Nordic syntyi vuonna 2024 tarpeesta luoda sokeritreffialusta, joka tarjoaa 100 % kontakteja Suomessa. Yksinkertaisen rekister\u00f6intij\u00e4rjestelm\u00e4n, 100 % suomalaisen yhteis\u00f6n ja tehokkaan roskapostin seurantaj\u00e4rjestelm\u00e4n ansiosta onnistumme tarjoamaan k\u00e4ytt\u00e4jille ainutlaatuisen kokemuksen, jossa he voivat helposti l\u00f6yt\u00e4\u00e4 yhteystietoja l\u00e4hell\u00e4\u00e4n. Arvomme Turvallisuus: Takaamme verkkosivustoillamme parhaan mahdollisen tietosuojan GDPR-asetusten mukaisesti. V\u00e4lt\u00e4mme roskapostia, v\u00e4\u00e4rennettyj\u00e4 profiileja tai muita petoksia. Edist\u00e4mme turvallista verkkotapaamista niin t\u00e4ll\u00e4 alustalla kuin digitaalisessa maailmassa yleens\u00e4. Koulutus: Selit\u00e4mme, edist\u00e4mme ja levit\u00e4mme todellista sugar dating &#8211; sugar daddy &#8211; sugar baby -kulttuuria, jotta k\u00e4ytt\u00e4j\u00e4t ymm\u00e4rt\u00e4v\u00e4t tarkasti, mist\u00e4 n\u00e4iss\u00e4 k\u00e4sitteiss\u00e4 on kyse. Kannustamme l\u00e4hestym\u00e4\u00e4n sokeritreffailua tapana pit\u00e4\u00e4 hauskaa, laajentaa sosiaalista piiri\u00e4 ja parantaa el\u00e4m\u00e4nlaatua&hellip;<\/p>\n","category_list_v2":"","author_info_v2":{"name":"Admin de SugarDaddySuomi","url":"https:\/\/sugardaddynordic.com\/et\/author\/poweb\/"},"comments_num_v2":"0 comments","yoast_head":"<!-- This site is optimized with the Yoast SEO Premium plugin v26.0 (Yoast SEO v27.3) - https:\/\/yoast.com\/product\/yoast-seo-premium-wordpress\/ -->\n<title>meist\u00e4<\/title>\n<meta name=\"robots\" content=\"index, follow, max-snippet:-1, max-image-preview:large, max-video-preview:-1\" \/>\n<link rel=\"canonical\" href=\"https:\/\/sugardaddynordic.com\/et\/meie-kohta\/\" \/>\n<meta property=\"og:locale\" content=\"et_EE\" \/>\n<meta property=\"og:type\" content=\"article\" \/>\n<meta property=\"og:title\" content=\"meist\u00e4\" \/>\n<meta property=\"og:description\" content=\"Sugar Daddy Nordic syntyi vuonna 2024 tarpeesta luoda sokeritreffialusta, joka tarjoaa 100 % kontakteja Suomessa. Yksinkertaisen rekister\u00f6intij\u00e4rjestelm\u00e4n, 100 % suomalaisen yhteis\u00f6n ja tehokkaan roskapostin seurantaj\u00e4rjestelm\u00e4n ansiosta onnistumme tarjoamaan k\u00e4ytt\u00e4jille ainutlaatuisen kokemuksen, jossa he voivat helposti l\u00f6yt\u00e4\u00e4 yhteystietoja l\u00e4hell\u00e4\u00e4n. Arvomme Turvallisuus: Takaamme verkkosivustoillamme parhaan mahdollisen tietosuojan GDPR-asetusten mukaisesti. V\u00e4lt\u00e4mme roskapostia, v\u00e4\u00e4rennettyj\u00e4 profiileja tai muita petoksia. Edist\u00e4mme ... Read more\" \/>\n<meta property=\"og:url\" content=\"https:\/\/sugardaddynordic.com\/et\/meie-kohta\/\" \/>\n<meta property=\"og:site_name\" content=\"Sugar Daddy Nordic \u00ae\" \/>\n<meta property=\"article:modified_time\" content=\"2025-10-26T06:18:55+00:00\" \/>\n<meta property=\"og:image\" content=\"https:\/\/sugardaddynordic.com\/wp-content\/uploads\/2025\/10\/Logo-Sugar-Daddy-Nordic.png\" \/>\n\t<meta property=\"og:image:width\" content=\"1024\" \/>\n\t<meta property=\"og:image:height\" content=\"1024\" \/>\n\t<meta property=\"og:image:type\" content=\"image\/png\" \/>\n<meta name=\"twitter:card\" content=\"summary_large_image\" \/>\n<meta name=\"twitter:label1\" content=\"Est. reading time\" \/>\n\t<meta name=\"twitter:data1\" content=\"3 minutit\" \/>\n<script type=\"application\/ld+json\" class=\"yoast-schema-graph\">{\"@context\":\"https:\\\/\\\/schema.org\",\"@graph\":[{\"@type\":\"WebPage\",\"@id\":\"https:\\\/\\\/sugardaddynordic.com\\\/meista\\\/\",\"url\":\"https:\\\/\\\/sugardaddynordic.com\\\/meista\\\/\",\"name\":\"meist\u00e4\",\"isPartOf\":{\"@id\":\"https:\\\/\\\/sugardaddynordic.com\\\/#website\"},\"datePublished\":\"2024-12-29T10:04:49+00:00\",\"dateModified\":\"2025-10-26T06:18:55+00:00\",\"breadcrumb\":{\"@id\":\"https:\\\/\\\/sugardaddynordic.com\\\/meista\\\/#breadcrumb\"},\"inLanguage\":\"et\",\"potentialAction\":[{\"@type\":\"ReadAction\",\"target\":[\"https:\\\/\\\/sugardaddynordic.com\\\/meista\\\/\"]}]},{\"@type\":\"BreadcrumbList\",\"@id\":\"https:\\\/\\\/sugardaddynordic.com\\\/meista\\\/#breadcrumb\",\"itemListElement\":[{\"@type\":\"ListItem\",\"position\":1,\"name\":\"Home\",\"item\":\"https:\\\/\\\/sugardaddynordic.com\\\/\"},{\"@type\":\"ListItem\",\"position\":2,\"name\":\"meist\u00e4\"}]},{\"@type\":\"WebSite\",\"@id\":\"https:\\\/\\\/sugardaddynordic.com\\\/#website\",\"url\":\"https:\\\/\\\/sugardaddynordic.com\\\/\",\"name\":\"Sugar Daddy Nordic\",\"description\":\"\",\"publisher\":{\"@id\":\"https:\\\/\\\/sugardaddynordic.com\\\/#organization\"},\"alternateName\":\"Sugar Daddy Nordic powered by Sugar Daddy Planet\",\"potentialAction\":[{\"@type\":\"SearchAction\",\"target\":{\"@type\":\"EntryPoint\",\"urlTemplate\":\"https:\\\/\\\/sugardaddynordic.com\\\/?s={search_term_string}\"},\"query-input\":{\"@type\":\"PropertyValueSpecification\",\"valueRequired\":true,\"valueName\":\"search_term_string\"}}],\"inLanguage\":\"et\"},{\"@type\":[\"Organization\",\"DatingService\"],\"@id\":\"https:\\\/\\\/sugardaddynordic.com\\\/#organization\",\"name\":\"Sugar Daddy Nordic\",\"url\":\"https:\\\/\\\/sugardaddynordic.com\\\/\",\"logo\":{\"@type\":\"ImageObject\",\"inLanguage\":\"et\",\"@id\":\"https:\\\/\\\/sugardaddynordic.com\\\/#\\\/schema\\\/logo\\\/image\\\/\",\"url\":\"https:\\\/\\\/sugardaddynordic.com\\\/wp-content\\\/uploads\\\/2025\\\/10\\\/cropped-Logo-Sugar-Daddy-Nordic.png\",\"contentUrl\":\"https:\\\/\\\/sugardaddynordic.com\\\/wp-content\\\/uploads\\\/2025\\\/10\\\/cropped-Logo-Sugar-Daddy-Nordic.png\",\"width\":1022,\"height\":323,\"caption\":\"Sugar Daddy Nordic\"},\"image\":{\"@id\":\"https:\\\/\\\/sugardaddynordic.com\\\/#\\\/schema\\\/logo\\\/image\\\/\"},\"serviceType\":\"Dating Service\",\"category\":\"Dating\",\"publishingPrinciples\":\"https:\\\/\\\/sugardaddynordic.com\\\/julkaisustandardit\\\/\",\"ownershipFundingInfo\":\"https:\\\/\\\/sugardaddynordic.com\\\/rahoitus\\\/\",\"actionableFeedbackPolicy\":\"https:\\\/\\\/sugardaddynordic.com\\\/korjauskaytanto\\\/\",\"correctionsPolicy\":\"https:\\\/\\\/sugardaddynordic.com\\\/korjauskaytanto\\\/\",\"ethicsPolicy\":\"https:\\\/\\\/sugardaddynordic.com\\\/eettinen-politiikka\\\/\",\"diversityPolicy\":\"https:\\\/\\\/sugardaddynordic.com\\\/monimuotoisuus\\\/\",\"diversityStaffingReport\":\"https:\\\/\\\/sugardaddynordic.com\\\/yhteistyo\\\/\"}]}<\/script>\n<!-- \/ Yoast SEO Premium plugin. -->","yoast_head_json":{"title":"Meie kohta","robots":{"index":"index","follow":"follow","max-snippet":"max-snippet:-1","max-image-preview":"max-image-preview:large","max-video-preview":"max-video-preview:-1"},"canonical":"https:\/\/sugardaddynordic.com\/et\/meie-kohta\/","og_locale":"et_EE","og_type":"article","og_title":"meist\u00e4","og_description":"Sugar Daddy Nordic syntyi vuonna 2024 tarpeesta luoda sokeritreffialusta, joka tarjoaa 100 % kontakteja Suomessa. Yksinkertaisen rekister\u00f6intij\u00e4rjestelm\u00e4n, 100 % suomalaisen yhteis\u00f6n ja tehokkaan roskapostin seurantaj\u00e4rjestelm\u00e4n ansiosta onnistumme tarjoamaan k\u00e4ytt\u00e4jille ainutlaatuisen kokemuksen, jossa he voivat helposti l\u00f6yt\u00e4\u00e4 yhteystietoja l\u00e4hell\u00e4\u00e4n. Arvomme Turvallisuus: Takaamme verkkosivustoillamme parhaan mahdollisen tietosuojan GDPR-asetusten mukaisesti. V\u00e4lt\u00e4mme roskapostia, v\u00e4\u00e4rennettyj\u00e4 profiileja tai muita petoksia. Edist\u00e4mme ... Read more","og_url":"https:\/\/sugardaddynordic.com\/et\/meie-kohta\/","og_site_name":"Sugar Daddy Nordic \u00ae","article_modified_time":"2025-10-26T06:18:55+00:00","og_image":[{"width":1024,"height":1024,"url":"https:\/\/sugardaddynordic.com\/wp-content\/uploads\/2025\/10\/Logo-Sugar-Daddy-Nordic.png","type":"image\/png"}],"twitter_card":"summary_large_image","twitter_misc":{"Est. reading time":"3 minutit"},"schema":{"@context":"https:\/\/schema.org","@graph":[{"@type":"WebPage","@id":"https:\/\/sugardaddynordic.com\/meista\/","url":"https:\/\/sugardaddynordic.com\/meista\/","name":"Meie kohta","isPartOf":{"@id":"https:\/\/sugardaddynordic.com\/#website"},"datePublished":"2024-12-29T10:04:49+00:00","dateModified":"2025-10-26T06:18:55+00:00","breadcrumb":{"@id":"https:\/\/sugardaddynordic.com\/meista\/#breadcrumb"},"inLanguage":"et","potentialAction":[{"@type":"ReadAction","target":["https:\/\/sugardaddynordic.com\/meista\/"]}]},{"@type":"BreadcrumbList","@id":"https:\/\/sugardaddynordic.com\/meista\/#breadcrumb","itemListElement":[{"@type":"ListItem","position":1,"name":"Home","item":"https:\/\/sugardaddynordic.com\/"},{"@type":"ListItem","position":2,"name":"meist\u00e4"}]},{"@type":"WebSite","@id":"https:\/\/sugardaddynordic.com\/#website","url":"https:\/\/sugardaddynordic.com\/","name":"Sugar Daddy Nordic","description":"","publisher":{"@id":"https:\/\/sugardaddynordic.com\/#organization"},"alternateName":"Sugar Daddy Nordic powered by Sugar Daddy Planet","potentialAction":[{"@type":"SearchAction","target":{"@type":"EntryPoint","urlTemplate":"https:\/\/sugardaddynordic.com\/?s={search_term_string}"},"query-input":{"@type":"PropertyValueSpecification","valueRequired":true,"valueName":"search_term_string"}}],"inLanguage":"et"},{"@type":["Organization","DatingService"],"@id":"https:\/\/sugardaddynordic.com\/#organization","name":"Sugar Daddy Nordic","url":"https:\/\/sugardaddynordic.com\/","logo":{"@type":"ImageObject","inLanguage":"et","@id":"https:\/\/sugardaddynordic.com\/#\/schema\/logo\/image\/","url":"https:\/\/sugardaddynordic.com\/wp-content\/uploads\/2025\/10\/cropped-Logo-Sugar-Daddy-Nordic.png","contentUrl":"https:\/\/sugardaddynordic.com\/wp-content\/uploads\/2025\/10\/cropped-Logo-Sugar-Daddy-Nordic.png","width":1022,"height":323,"caption":"Sugar Daddy Nordic"},"image":{"@id":"https:\/\/sugardaddynordic.com\/#\/schema\/logo\/image\/"},"serviceType":"Dating Service","category":"Dating","publishingPrinciples":"https:\/\/sugardaddynordic.com\/julkaisustandardit\/","ownershipFundingInfo":"https:\/\/sugardaddynordic.com\/rahoitus\/","actionableFeedbackPolicy":"https:\/\/sugardaddynordic.com\/korjauskaytanto\/","correctionsPolicy":"https:\/\/sugardaddynordic.com\/korjauskaytanto\/","ethicsPolicy":"https:\/\/sugardaddynordic.com\/eettinen-politiikka\/","diversityPolicy":"https:\/\/sugardaddynordic.com\/monimuotoisuus\/","diversityStaffingReport":"https:\/\/sugardaddynordic.com\/yhteistyo\/"}]}},"_links":{"self":[{"href":"https:\/\/sugardaddynordic.com\/et\/wp-json\/wp\/v2\/pages\/6189","targetHints":{"allow":["GET"]}}],"collection":[{"href":"https:\/\/sugardaddynordic.com\/et\/wp-json\/wp\/v2\/pages"}],"about":[{"href":"https:\/\/sugardaddynordic.com\/et\/wp-json\/wp\/v2\/types\/page"}],"author":[{"embeddable":true,"href":"https:\/\/sugardaddynordic.com\/et\/wp-json\/wp\/v2\/users\/1"}],"replies":[{"embeddable":true,"href":"https:\/\/sugardaddynordic.com\/et\/wp-json\/wp\/v2\/comments?post=6189"}],"version-history":[{"count":0,"href":"https:\/\/sugardaddynordic.com\/et\/wp-json\/wp\/v2\/pages\/6189\/revisions"}],"wp:attachment":[{"href":"https:\/\/sugardaddynordic.com\/et\/wp-json\/wp\/v2\/media?parent=6189"}],"curies":[{"name":"wp","href":"https:\/\/api.w.org\/{rel}","templated":true}]}}