{"id":6191,"date":"2024-11-15T12:28:50","date_gmt":"2024-11-15T10:28:50","guid":{"rendered":"https:\/\/sugardaddynordic.com\/?page_id=6191"},"modified":"2025-10-26T08:19:30","modified_gmt":"2025-10-26T06:19:30","slug":"turvaline-tutvumine","status":"publish","type":"page","link":"https:\/\/sugardaddynordic.com\/et\/turvallinen-tapailu\/","title":{"rendered":"Turvaline tutvumine"},"content":{"rendered":"<p><a href=\"https:\/\/sugardaddynordic.com\/et\/\">SugarDaddy Nordic<\/a>&nbsp;, nagu iga tutvumisplatvormi puhul, on ka siin riskid, eriti kui tegemist on pettustega.<\/p>\n\n\n\n<p><strong>Allpool esitame t\u00e4ieliku juhendi koos turvan\u00f5uannetega, mis aitavad teil saada rahuldavat kogemust ja v\u00e4ltida pettusekatseid v\u00f5i halbu tavasid.<\/strong>&nbsp;meie sugar daddy ja sugar baby platvormidel sugardaddynordic.com<\/p>\n\n\n\n<h2 class=\"wp-block-heading has-text-align-center\" id=\"h-yleisia-vinkkeja\">\u00dcldised n\u00f5uanded<\/h2>\n\n\n\n<div class=\"wp-block-stackable-columns stk-block-columns stk-block stk-5ad3213\" data-block-id=\"5ad3213\"><div class=\"stk-row stk-inner-blocks stk-block-content stk-content-align stk-5ad3213-column\">\n<div class=\"wp-block-stackable-column stk-block-column stk-column stk-block stk-18b68d9\" data-v=\"4\" data-block-id=\"18b68d9\"><div class=\"stk-column-wrapper stk-block-column__content stk-container stk-18b68d9-container stk--no-background stk--no-padding\"><div class=\"stk-block-content stk-inner-blocks stk-18b68d9-inner-blocks\">\n<h3 class=\"wp-block-heading\" id=\"h-vahvista-henkilollisyys\">Kinnitage oma isikut:<\/h3>\n\n\n\n<p>Veenduge, et inimene, kellega suhtlete, on see, kes ta v\u00e4idab end olevat. See v\u00f5ib h\u00f5lmata&nbsp;<strong>videok\u00f5nede tegemine<\/strong>&nbsp;enne koosolekut,&nbsp;<strong>hiljutise foto taotlemine<\/strong>&nbsp;v\u00f5i&nbsp;<strong>sotsiaalmeedia taotlemine<\/strong>&nbsp;kinnitamaks, et need ei ole v\u00f5ltsingud.<\/p>\n\n\n\n<h3 class=\"wp-block-heading\" id=\"h-ala-koskaan-laheta-rahaa-etukateen\">\u00c4rge kunagi saatke raha ette:<\/h3>\n\n\n\n<p>T\u00f5eline Sugar Daddy ei k\u00fcsi Sugar Beebilt raha ja vastupidi. Suhkrusuhted p\u00f5hinevad selgetel lepingutel, mitte \u00fchepoolsetel soodustustel. See t\u00e4hendab ka seda, et te ei anna pangakonto andmeid ega saada kinkekaarte v\u00f5i internetioste.<\/p>\n\n\n\n<h3 class=\"wp-block-heading\" id=\"h-pysy-alustalla\">J\u00e4\u00e4ge platvormile<\/h3>\n\n\n\n<p>Kui olete alles tutvumas kellegagi, j\u00e4tkake vestlusi platvormil. Halbade kavatsustega kasutajad p\u00fc\u00fcavad sageli vestluse v\u00f5imalikult kiiresti \u00fcle viia s\u00f5numirakendustesse, e-postile v\u00f5i telefonik\u00f5nedele.<\/p>\n<\/div><\/div><\/div>\n\n\n\n<div class=\"wp-block-stackable-column stk-block-column stk-column stk-block stk-7df0b6b\" data-v=\"4\" data-block-id=\"7df0b6b\"><div class=\"stk-column-wrapper stk-block-column__content stk-container stk-7df0b6b-container stk--no-background stk--no-padding\"><div class=\"stk-block-content stk-inner-blocks stk-7df0b6b-inner-blocks\">\n<h3 class=\"wp-block-heading\" id=\"h-varo-dramaattisia-tarinoita\">Hoiduge dramaatilistest lugudest:<\/h3>\n\n\n\n<p>Kui n\u00e4ete, et isikul on alati mingi vabandus v\u00f5i kiireloomuline probleem, mis vajab teie abi, v\u00f5ib tegemist olla emotsionaalse pettusega.<\/p>\n\n\n\n<h3 class=\"wp-block-heading\" id=\"h-selkeat-sopimukset-alusta-alkaen\">Selged lepingud algusest peale:<\/h3>\n\n\n\n<p>Rahalised, emotsionaalsed ja ajalised ootused peaksid olema enne kohtumist selged. \u00c4rge kunagi kartke tingimusi t\u00e4psustada v\u00f5i esitada keerulisi k\u00fcsimusi selle kohta, mida m\u00f5lemad osapooled suhetelt ootavad.<\/p>\n\n\n\n<h3 class=\"wp-block-heading\" id=\"h-epaily-kaukosuhteista-tai-eri-maiden-valilla\">Kahtlus kaug- v\u00f5i riikidevaheliste suhete suhtes<\/h3>\n\n\n\n<p>Olge kahtlustav iga\u00fche suhtes, kes ei taha teiega isiklikult kohtuda v\u00f5i teha telefoni- v\u00f5i videok\u00f5net; ta ei pruugi olla see, kes ta v\u00e4idab end olevat. Kui keegi v\u00e4ldib teie k\u00fcsimusi v\u00f5i \u00fcritab luua t\u00f5sist suhet ilma teid k\u00f5igepealt tundma \u00f5ppimata, on see halb m\u00e4rk.<\/p>\n<\/div><\/div><\/div>\n<\/div><\/div>\n\n\n\n<h2 class=\"wp-block-heading has-text-align-center\" id=\"h-treffien-turvallisuus\">Kohtumise turvalisus<\/h2>\n\n\n\n<h3 class=\"wp-block-heading\" id=\"h-ensimmainen-treffi-julkisella-paikalla\">Esimene kohtumine avalikus kohas:<\/h3>\n\n\n\n<p>Korraldage esimene kohtumine alati turvalises, avalikus kohas, n\u00e4iteks rahvarohkes kohvikus v\u00f5i restoranis. V\u00e4ltige kohtumist tundmatutes kohtades v\u00f5i otse majas v\u00f5i hotellis.<\/p>\n\n\n\n<h3 class=\"wp-block-heading\" id=\"h-kerro-jollekulle-johon-luotat\">R\u00e4\u00e4kige sellest kellelegi, keda te usaldate:<\/h3>\n\n\n\n<p>\u00c4rge unustage, et teatate usaldusv\u00e4\u00e4rsele s\u00f5brale v\u00f5i pereliikmele, kus te olete, kellega te kohtute ja kui kaua te enne kohtumist eemal olete. Turvalisuse suurendamiseks saate oma asukohta nutitelefoni kaudu reaalajas jagada.<\/p>\n\n\n\n<h3 class=\"wp-block-heading\" id=\"h-ota-oma-kuljetus\">V\u00f5tke oma transport:<\/h3>\n\n\n\n<p>\u00c4rge v\u00f5tke esimesel kohtumisel v\u00f5i s\u00f5idul vastu. Kasutage oma transporti v\u00f5i \u00fchistransporti, et saaksite koju tagasi s\u00f5ita, kui soovite mingil hetkel kohtumise katkestada.<\/p>\n\n\n\n<h3 class=\"wp-block-heading\" id=\"h-rajoita-alkoholin-tai-paihteiden-kayttoa\">Piirake oma alkoholi v\u00f5i narkootikumide kasutamist:<\/h3>\n\n\n\n<p>Esimesel kohtingul on soovitatav piirata alkoholi tarbimist, et hoida asjad kogu aeg kontrolli all. Liigne alkoholitarbimine v\u00f5ib teid soovimatutesse olukordadesse viia. Kui sulle pakutakse muid asju, siis l\u00fckka need tagasi, sest sa ei tea, mida nad sulle pakuvad.<\/p>\n\n\n\n<h2 class=\"wp-block-heading has-text-align-center\" id=\"h-turvallisuus-sokerivauvoille\">Ohutus suhkrulaste jaoks<\/h2>\n\n\n\n<p><strong>Ettevaatust v\u00f5ltsitud suhkru isade eest<\/strong>&nbsp;: On inimesi, kes esitlevad end j\u00f5ukate suhkruisade n\u00e4ol, kuid on huvitatud ainult pettusest. Nad v\u00f5ivad p\u00fc\u00fcda teid panna saatma intiimseid pilte v\u00f5i k\u00fcsida raha ettek\u00e4\u00e4ndel, et nad h\u00fcvitavad teile hiljem raha. Hoidke alati olukorda kontrolli all ja \u00e4rge usaldage pimesi kedagi, kellega te pole isiklikult kohtunud.<\/p>\n\n\n\n<p><strong>V\u00e4ltige pangaandmete v\u00f5i kinkekaartide jagamist<\/strong>&nbsp;: \u00c4rge kunagi tehke pangatehinguid ega ostke kaarte v\u00f5i tooteid, \u00fcksk\u00f5ik, millise vabanduse see inimene teisel pool ekraani teile pakub. Internetis on tuhandeid selliseid petuskeeme, mis paluvad teil osta kaarte v\u00f5i pangarekvisiite.<\/p>\n\n\n\n<p><strong>\u00c4rge kandke raha \u00fcle<\/strong>&nbsp;: Ilma igasuguste vabanduste v\u00f5i vabandusteeta ei tee te raha\u00fclekannet kellelegi, kellega olete kohtunud internetis. \u00c4rge laske end kaasata mingisse tehingusse, ilma et te tunneksite isikut.<\/p>\n\n\n\n<p><strong>\u00c4rge andke v\u00e4lja isiklikke andmeid<\/strong>&nbsp;: \u00c4rge andke v\u00e4lja teavet oma \u00fclikooli, oma aadressi v\u00f5i isiklikku teavet, mis ei ole asjakohane, ilma et teaksite seda isiklikult. Teie isiklik elu peab olema kaitstud veebisuhetes.<\/p>\n\n\n\n<h2 class=\"wp-block-heading has-text-align-center\" id=\"h-turvallisuus-sokereille\">Suhkrute ohutus<\/h2>\n\n\n\n<p><strong>Ettevaatust v\u00f5ltsitud profiilide suhtes<\/strong>&nbsp;V: Kui teie profiil tundub liiga t\u00e4iuslik v\u00f5i teie fotod liiga professionaalsed, siis on hea m\u00f5te enne emotsionaalset v\u00f5i rahalist kaasamist t\u00e4iendavalt uurida.<\/p>\n\n\n\n<p>\u00c4rge tehke internetis raha hoiule ega ostke kingitusi internetis: k\u00f5ik kingitused v\u00f5i nendest saadavad h\u00fcved on k\u00f5ige parem teha isiklikult ja internetis p\u00e4rast isiklikku kohtumist. Kui kasutaja k\u00fcsib teilt enne kohtumist raha, on parem keelduda.<\/p>\n\n\n\n<p><strong>\u00c4rge jagage mittevajalikke isikuandmeid<\/strong>&nbsp;: V\u00e4ltige suhte alguses liiga palju isiklikku teavet, n\u00e4iteks oma sissetuleku, varade v\u00f5i pangakontode kohta. M\u00f5ned petturid v\u00f5ivad seda teavet kasutada teie v\u00e4ljapressimiseks v\u00f5i teie identiteedi varastamiseks.<\/p>\n\n\n\n<p><strong>Kiireloomulised rahataotlused<\/strong>&nbsp;V: Kui Sugar Baby hakkab enne kohtumist v\u00f5i ootamatute probleemide, n\u00e4iteks \"perekondlike h\u00e4daolukordade\" puhul raha k\u00fcsima, v\u00f5ib tegemist olla pettusega. Sugar Baby suhe p\u00f5hineb selgetel kokkulepetel, mitte ootamatutel rahalistel soodustustel.<\/p>\n\n\n\n<p><strong>Kaitske end v\u00e4ljapressimise eest<\/strong>&nbsp;: \u00c4rge kunagi jagage tundlikku materjali kellegagi, kellega te pole kunagi isiklikult kohtunud ja keda te ei usalda t\u00e4ielikult. \u00c4rge r\u00e4\u00e4kige kellelegi oma perekonnaseisust, perekonnaseisust, t\u00f6\u00f6kohast v\u00f5i kodust enne, kui te isiklikult kohtute.<\/p>\n\n\n\n<h2 class=\"wp-block-heading has-text-align-center\" id=\"h-kuinka-tunnistaa-verkkohuijaukset\">Kuidas tuvastada online-pettusi<\/h2>\n\n\n\n<div class=\"wp-block-stackable-columns stk-block-columns stk-block stk-a1f0618\" data-block-id=\"a1f0618\"><div class=\"stk-row stk-inner-blocks stk-block-content stk-content-align stk-a1f0618-column\">\n<div class=\"wp-block-stackable-column stk-block-column stk-column stk-block stk-d914be5\" data-v=\"4\" data-block-id=\"d914be5\"><div class=\"stk-column-wrapper stk-block-column__content stk-container stk-d914be5-container stk--no-background stk--no-padding\"><div class=\"stk-block-content stk-inner-blocks stk-d914be5-inner-blocks\">\n<h3 class=\"wp-block-heading\" id=\"h-epatavallinen-kieli-ja-kaytos\">Ebatavaline keel ja k\u00e4itumine:<\/h3>\n\n\n\n<p>Petturid suhtlevad sageli ebapersonaalselt v\u00f5i ebaj\u00e4rjekindlalt. Kui m\u00e4rkate, et vestluspartner v\u00e4ldib otsestele k\u00fcsimustele vastamist, kasutab automaatseid vastuseid v\u00f5i v\u00e4ldib teiega isiklikult kohtumist, on see punane lipp.<\/p>\n\n\n\n<h3 class=\"wp-block-heading\" id=\"h-liioiteltuja-lupauksia\">Liialdatud lubadused:<\/h3>\n\n\n\n<p>Hoiduge lubadustest suurte rahasummade, rikkalike kingituste v\u00f5i luksusliku elu kohta, ilma et oleksite ehitanud t\u00f5elist suhet. Kui miski tundub liiga hea, et olla t\u00f5si, on see t\u00f5en\u00e4oliselt nii.<\/p>\n<\/div><\/div><\/div>\n\n\n\n<div class=\"wp-block-stackable-column stk-block-column stk-column stk-block stk-fbe5034\" data-v=\"4\" data-block-id=\"fbe5034\"><div class=\"stk-column-wrapper stk-block-column__content stk-container stk-fbe5034-container stk--no-background stk--no-padding\"><div class=\"stk-block-content stk-inner-blocks stk-fbe5034-inner-blocks\">\n<h3 class=\"wp-block-heading\" id=\"h-luonnottomia-kuvia\">Ebaloomulikud pildid:<\/h3>\n\n\n\n<p>Kasutage selliseid vahendeid nagu tagasip\u00f6\u00f6ratud pildiotsing, et kontrollida, kas nende postitatud fotod on t\u00f5elised v\u00f5i teistest internetiprofiilidest varastatud.<\/p>\n\n\n\n<h3 class=\"wp-block-heading\" id=\"h-epajohdonmukainen-kaytos\">Ebaj\u00e4rjekindel k\u00e4itumine:<\/h3>\n\n\n\n<p>Kui isiku isiklikud andmed muutuvad v\u00f5i kui ta r\u00e4\u00e4gib teile vastuolulisi lugusid, v\u00f5ib tegemist olla petturiga. Oluline on algusest peale nendele \u00fcksikasjadele t\u00e4helepanu p\u00f6\u00f6rata.<\/p>\n<\/div><\/div><\/div>\n<\/div><\/div>\n\n\n\n<h2 class=\"wp-block-heading\" id=\"h-kuinka-ilmoittaa-huijauksista\">Kuidas teatada pettustest<\/h2>\n\n\n\n<p>Kui usute, et teid on petetud v\u00f5i olete m\u00e4rganud kahtlast profiili, on oluline sellest kohe teatada, saates e-kirja aadressil&nbsp;<a href=\"https:\/\/sugardaddynordic.com\/et\/kontakt\/\">v\u00f5i kasutades kontaktvormi<\/a>&nbsp;. Kasutajana saate sellest teatada ka profiilide kaudu.<\/p>\n\n\n\n<p>Teave blogis:<\/p>\n\n\n\n<p>Enne kui sisened maailma suhkru tutvumine ja see on oluline teada k\u00f5ike on teada umbes&nbsp;<a href=\"https:\/\/sugardaddynordic.com\/et\/blog\/\">suhkrulapses olevate suhete m\u00f5iste ja t\u00fc\u00fcp,<\/a>&nbsp;soovitame&nbsp;<a href=\"https:\/\/sugardaddynordic.com\/et\/blog\/\">loe blogi<\/a>&nbsp;, kus on palju artikleid, mis r\u00e4\u00e4givad ohutusest esimesel kohtingul, privaatsusest jne.<\/p>","protected":false},"excerpt":{"rendered":"<p>SugarDaddy Nordic&nbsp;,&nbsp;kuten kaikilla treffialustalla, liittyy riskej\u00e4, erityisesti huijauksiin. Alla esittelemme t\u00e4ydellisen oppaan tietoturvavinkkeineen, jotta voit saada tyydytt\u00e4v\u00e4t kokemukset ja v\u00e4ltt\u00e4\u00e4 petosyritykset tai huonot k\u00e4yt\u00e4nn\u00f6t&nbsp;sugar daddy- ja sugar baby -alustallamme sugardaddynordic.com Yleisi\u00e4 vinkkej\u00e4 Vahvista henkil\u00f6llisyys: Varmista, ett\u00e4 henkil\u00f6, jonka kanssa olet vuorovaikutuksessa, on se, joka h\u00e4n sanoo olevansa. T\u00e4h\u00e4n voi kuulua&nbsp;videopuheluiden soittaminen&nbsp;ennen tapaamista,&nbsp;\u00e4skett\u00e4isen valokuvan pyyt\u00e4minen&nbsp;tai&nbsp;sosiaalisen median &#8230; <a title=\"Turvaline tutvumine\" class=\"read-more\" href=\"https:\/\/sugardaddynordic.com\/et\/turvallinen-tapailu\/\" aria-label=\"Read more about Turvallinen tapailu\">Loe edasi<\/a><\/p>","protected":false},"author":1,"featured_media":0,"parent":0,"menu_order":0,"comment_status":"closed","ping_status":"closed","template":"","meta":{"generate_page_header":"","footnotes":""},"class_list":{"0":"post-6191","1":"page","2":"type-page","3":"status-publish","5":"infinite-scroll-item"},"featured_image_urls":{"full":"","thumbnail":"","medium":"","medium_large":"","large":"","1536x1536":"","2048x2048":"","trp-custom-language-flag":"","crp_thumbnail":""},"post_excerpt_stackable":"<p>SugarDaddy Nordic&nbsp;,&nbsp;kuten kaikilla treffialustalla, liittyy riskej\u00e4, erityisesti huijauksiin. Alla esittelemme t\u00e4ydellisen oppaan tietoturvavinkkeineen, jotta voit saada tyydytt\u00e4v\u00e4t kokemukset ja v\u00e4ltt\u00e4\u00e4 petosyritykset tai huonot k\u00e4yt\u00e4nn\u00f6t&nbsp;sugar daddy- ja sugar baby -alustallamme sugardaddynordic.com Yleisi\u00e4 vinkkej\u00e4 Vahvista henkil\u00f6llisyys: Varmista, ett\u00e4 henkil\u00f6, jonka kanssa olet vuorovaikutuksessa, on se, joka h\u00e4n sanoo olevansa. T\u00e4h\u00e4n voi kuulua&nbsp;videopuheluiden soittaminen&nbsp;ennen tapaamista,&nbsp;\u00e4skett\u00e4isen valokuvan pyyt\u00e4minen&nbsp;tai&nbsp;sosiaalisen median pyyt\u00e4minen&nbsp;vahvistamaan, ett\u00e4 he eiv\u00e4t ole v\u00e4\u00e4renn\u00f6s. \u00c4l\u00e4 koskaan l\u00e4het\u00e4 rahaa etuk\u00e4teen: Aito Sugar Daddy ei pyyd\u00e4 rahaa Sugar Babylt\u00e4 eik\u00e4 p\u00e4invastoin. Sokerisuhteet perustuvat selkeisiin sopimuksiin, eiv\u00e4t yksipuolisiin palveluksiin. T\u00e4m\u00e4 tarkoittaa my\u00f6s sit\u00e4, ett\u00e4 et anna pankkitilitietoja tai l\u00e4het\u00e4 lahjakortteja tai verkko-ostoksia. Pysy alustalla Kun olet&hellip;<\/p>\n","category_list":"","author_info":{"name":"Admin de SugarDaddySuomi","url":"https:\/\/sugardaddynordic.com\/et\/author\/poweb\/"},"comments_num":"0 comments","featured_image_urls_v2":{"full":"","thumbnail":"","medium":"","medium_large":"","large":"","1536x1536":"","2048x2048":"","trp-custom-language-flag":"","crp_thumbnail":""},"post_excerpt_stackable_v2":"<p>SugarDaddy Nordic&nbsp;,&nbsp;kuten kaikilla treffialustalla, liittyy riskej\u00e4, erityisesti huijauksiin. Alla esittelemme t\u00e4ydellisen oppaan tietoturvavinkkeineen, jotta voit saada tyydytt\u00e4v\u00e4t kokemukset ja v\u00e4ltt\u00e4\u00e4 petosyritykset tai huonot k\u00e4yt\u00e4nn\u00f6t&nbsp;sugar daddy- ja sugar baby -alustallamme sugardaddynordic.com Yleisi\u00e4 vinkkej\u00e4 Vahvista henkil\u00f6llisyys: Varmista, ett\u00e4 henkil\u00f6, jonka kanssa olet vuorovaikutuksessa, on se, joka h\u00e4n sanoo olevansa. T\u00e4h\u00e4n voi kuulua&nbsp;videopuheluiden soittaminen&nbsp;ennen tapaamista,&nbsp;\u00e4skett\u00e4isen valokuvan pyyt\u00e4minen&nbsp;tai&nbsp;sosiaalisen median pyyt\u00e4minen&nbsp;vahvistamaan, ett\u00e4 he eiv\u00e4t ole v\u00e4\u00e4renn\u00f6s. \u00c4l\u00e4 koskaan l\u00e4het\u00e4 rahaa etuk\u00e4teen: Aito Sugar Daddy ei pyyd\u00e4 rahaa Sugar Babylt\u00e4 eik\u00e4 p\u00e4invastoin. Sokerisuhteet perustuvat selkeisiin sopimuksiin, eiv\u00e4t yksipuolisiin palveluksiin. T\u00e4m\u00e4 tarkoittaa my\u00f6s sit\u00e4, ett\u00e4 et anna pankkitilitietoja tai l\u00e4het\u00e4 lahjakortteja tai verkko-ostoksia. Pysy alustalla Kun olet&hellip;<\/p>\n","category_list_v2":"","author_info_v2":{"name":"Admin de SugarDaddySuomi","url":"https:\/\/sugardaddynordic.com\/et\/author\/poweb\/"},"comments_num_v2":"0 comments","yoast_head":"<!-- This site is optimized with the Yoast SEO Premium plugin v26.0 (Yoast SEO v27.3) - https:\/\/yoast.com\/product\/yoast-seo-premium-wordpress\/ -->\n<title>Turvallinen tapailu<\/title>\n<meta name=\"robots\" content=\"index, follow, max-snippet:-1, max-image-preview:large, max-video-preview:-1\" \/>\n<link rel=\"canonical\" href=\"https:\/\/sugardaddynordic.com\/et\/turvaline-tutvumine\/\" \/>\n<meta property=\"og:locale\" content=\"et_EE\" \/>\n<meta property=\"og:type\" content=\"article\" \/>\n<meta property=\"og:title\" content=\"Turvallinen tapailu\" \/>\n<meta property=\"og:description\" content=\"SugarDaddy Nordic&nbsp;,&nbsp;kuten kaikilla treffialustalla, liittyy riskej\u00e4, erityisesti huijauksiin. Alla esittelemme t\u00e4ydellisen oppaan tietoturvavinkkeineen, jotta voit saada tyydytt\u00e4v\u00e4t kokemukset ja v\u00e4ltt\u00e4\u00e4 petosyritykset tai huonot k\u00e4yt\u00e4nn\u00f6t&nbsp;sugar daddy- ja sugar baby -alustallamme sugardaddynordic.com Yleisi\u00e4 vinkkej\u00e4 Vahvista henkil\u00f6llisyys: Varmista, ett\u00e4 henkil\u00f6, jonka kanssa olet vuorovaikutuksessa, on se, joka h\u00e4n sanoo olevansa. T\u00e4h\u00e4n voi kuulua&nbsp;videopuheluiden soittaminen&nbsp;ennen tapaamista,&nbsp;\u00e4skett\u00e4isen valokuvan pyyt\u00e4minen&nbsp;tai&nbsp;sosiaalisen median ... Read more\" \/>\n<meta property=\"og:url\" content=\"https:\/\/sugardaddynordic.com\/et\/turvaline-tutvumine\/\" \/>\n<meta property=\"og:site_name\" content=\"Sugar Daddy Nordic \u00ae\" \/>\n<meta property=\"article:modified_time\" content=\"2025-10-26T06:19:30+00:00\" \/>\n<meta property=\"og:image\" content=\"https:\/\/sugardaddynordic.com\/wp-content\/uploads\/2025\/10\/Logo-Sugar-Daddy-Nordic.png\" \/>\n\t<meta property=\"og:image:width\" content=\"1024\" \/>\n\t<meta property=\"og:image:height\" content=\"1024\" \/>\n\t<meta property=\"og:image:type\" content=\"image\/png\" \/>\n<meta name=\"twitter:card\" content=\"summary_large_image\" \/>\n<meta name=\"twitter:label1\" content=\"Est. reading time\" \/>\n\t<meta name=\"twitter:data1\" content=\"5 minutit\" \/>\n<script type=\"application\/ld+json\" class=\"yoast-schema-graph\">{\"@context\":\"https:\\\/\\\/schema.org\",\"@graph\":[{\"@type\":\"WebPage\",\"@id\":\"https:\\\/\\\/sugardaddynordic.com\\\/turvallinen-tapailu\\\/\",\"url\":\"https:\\\/\\\/sugardaddynordic.com\\\/turvallinen-tapailu\\\/\",\"name\":\"Turvallinen tapailu\",\"isPartOf\":{\"@id\":\"https:\\\/\\\/sugardaddynordic.com\\\/#website\"},\"datePublished\":\"2024-11-15T10:28:50+00:00\",\"dateModified\":\"2025-10-26T06:19:30+00:00\",\"breadcrumb\":{\"@id\":\"https:\\\/\\\/sugardaddynordic.com\\\/turvallinen-tapailu\\\/#breadcrumb\"},\"inLanguage\":\"et\",\"potentialAction\":[{\"@type\":\"ReadAction\",\"target\":[\"https:\\\/\\\/sugardaddynordic.com\\\/turvallinen-tapailu\\\/\"]}]},{\"@type\":\"BreadcrumbList\",\"@id\":\"https:\\\/\\\/sugardaddynordic.com\\\/turvallinen-tapailu\\\/#breadcrumb\",\"itemListElement\":[{\"@type\":\"ListItem\",\"position\":1,\"name\":\"Home\",\"item\":\"https:\\\/\\\/sugardaddynordic.com\\\/\"},{\"@type\":\"ListItem\",\"position\":2,\"name\":\"Turvallinen tapailu\"}]},{\"@type\":\"WebSite\",\"@id\":\"https:\\\/\\\/sugardaddynordic.com\\\/#website\",\"url\":\"https:\\\/\\\/sugardaddynordic.com\\\/\",\"name\":\"Sugar Daddy Nordic\",\"description\":\"\",\"publisher\":{\"@id\":\"https:\\\/\\\/sugardaddynordic.com\\\/#organization\"},\"alternateName\":\"Sugar Daddy Nordic powered by Sugar Daddy Planet\",\"potentialAction\":[{\"@type\":\"SearchAction\",\"target\":{\"@type\":\"EntryPoint\",\"urlTemplate\":\"https:\\\/\\\/sugardaddynordic.com\\\/?s={search_term_string}\"},\"query-input\":{\"@type\":\"PropertyValueSpecification\",\"valueRequired\":true,\"valueName\":\"search_term_string\"}}],\"inLanguage\":\"et\"},{\"@type\":[\"Organization\",\"DatingService\"],\"@id\":\"https:\\\/\\\/sugardaddynordic.com\\\/#organization\",\"name\":\"Sugar Daddy Nordic\",\"url\":\"https:\\\/\\\/sugardaddynordic.com\\\/\",\"logo\":{\"@type\":\"ImageObject\",\"inLanguage\":\"et\",\"@id\":\"https:\\\/\\\/sugardaddynordic.com\\\/#\\\/schema\\\/logo\\\/image\\\/\",\"url\":\"https:\\\/\\\/sugardaddynordic.com\\\/wp-content\\\/uploads\\\/2025\\\/10\\\/cropped-Logo-Sugar-Daddy-Nordic.png\",\"contentUrl\":\"https:\\\/\\\/sugardaddynordic.com\\\/wp-content\\\/uploads\\\/2025\\\/10\\\/cropped-Logo-Sugar-Daddy-Nordic.png\",\"width\":1022,\"height\":323,\"caption\":\"Sugar Daddy Nordic\"},\"image\":{\"@id\":\"https:\\\/\\\/sugardaddynordic.com\\\/#\\\/schema\\\/logo\\\/image\\\/\"},\"serviceType\":\"Dating Service\",\"category\":\"Dating\",\"publishingPrinciples\":\"https:\\\/\\\/sugardaddynordic.com\\\/julkaisustandardit\\\/\",\"ownershipFundingInfo\":\"https:\\\/\\\/sugardaddynordic.com\\\/rahoitus\\\/\",\"actionableFeedbackPolicy\":\"https:\\\/\\\/sugardaddynordic.com\\\/korjauskaytanto\\\/\",\"correctionsPolicy\":\"https:\\\/\\\/sugardaddynordic.com\\\/korjauskaytanto\\\/\",\"ethicsPolicy\":\"https:\\\/\\\/sugardaddynordic.com\\\/eettinen-politiikka\\\/\",\"diversityPolicy\":\"https:\\\/\\\/sugardaddynordic.com\\\/monimuotoisuus\\\/\",\"diversityStaffingReport\":\"https:\\\/\\\/sugardaddynordic.com\\\/yhteistyo\\\/\"}]}<\/script>\n<!-- \/ Yoast SEO Premium plugin. -->","yoast_head_json":{"title":"Turvaline tutvumine","robots":{"index":"index","follow":"follow","max-snippet":"max-snippet:-1","max-image-preview":"max-image-preview:large","max-video-preview":"max-video-preview:-1"},"canonical":"https:\/\/sugardaddynordic.com\/et\/turvaline-tutvumine\/","og_locale":"et_EE","og_type":"article","og_title":"Turvallinen tapailu","og_description":"SugarDaddy Nordic&nbsp;,&nbsp;kuten kaikilla treffialustalla, liittyy riskej\u00e4, erityisesti huijauksiin. Alla esittelemme t\u00e4ydellisen oppaan tietoturvavinkkeineen, jotta voit saada tyydytt\u00e4v\u00e4t kokemukset ja v\u00e4ltt\u00e4\u00e4 petosyritykset tai huonot k\u00e4yt\u00e4nn\u00f6t&nbsp;sugar daddy- ja sugar baby -alustallamme sugardaddynordic.com Yleisi\u00e4 vinkkej\u00e4 Vahvista henkil\u00f6llisyys: Varmista, ett\u00e4 henkil\u00f6, jonka kanssa olet vuorovaikutuksessa, on se, joka h\u00e4n sanoo olevansa. T\u00e4h\u00e4n voi kuulua&nbsp;videopuheluiden soittaminen&nbsp;ennen tapaamista,&nbsp;\u00e4skett\u00e4isen valokuvan pyyt\u00e4minen&nbsp;tai&nbsp;sosiaalisen median ... Read more","og_url":"https:\/\/sugardaddynordic.com\/et\/turvaline-tutvumine\/","og_site_name":"Sugar Daddy Nordic \u00ae","article_modified_time":"2025-10-26T06:19:30+00:00","og_image":[{"width":1024,"height":1024,"url":"https:\/\/sugardaddynordic.com\/wp-content\/uploads\/2025\/10\/Logo-Sugar-Daddy-Nordic.png","type":"image\/png"}],"twitter_card":"summary_large_image","twitter_misc":{"Est. reading time":"5 minutit"},"schema":{"@context":"https:\/\/schema.org","@graph":[{"@type":"WebPage","@id":"https:\/\/sugardaddynordic.com\/turvallinen-tapailu\/","url":"https:\/\/sugardaddynordic.com\/turvallinen-tapailu\/","name":"Turvaline tutvumine","isPartOf":{"@id":"https:\/\/sugardaddynordic.com\/#website"},"datePublished":"2024-11-15T10:28:50+00:00","dateModified":"2025-10-26T06:19:30+00:00","breadcrumb":{"@id":"https:\/\/sugardaddynordic.com\/turvallinen-tapailu\/#breadcrumb"},"inLanguage":"et","potentialAction":[{"@type":"ReadAction","target":["https:\/\/sugardaddynordic.com\/turvallinen-tapailu\/"]}]},{"@type":"BreadcrumbList","@id":"https:\/\/sugardaddynordic.com\/turvallinen-tapailu\/#breadcrumb","itemListElement":[{"@type":"ListItem","position":1,"name":"Home","item":"https:\/\/sugardaddynordic.com\/"},{"@type":"ListItem","position":2,"name":"Turvallinen tapailu"}]},{"@type":"WebSite","@id":"https:\/\/sugardaddynordic.com\/#website","url":"https:\/\/sugardaddynordic.com\/","name":"Sugar Daddy Nordic","description":"","publisher":{"@id":"https:\/\/sugardaddynordic.com\/#organization"},"alternateName":"Sugar Daddy Nordic powered by Sugar Daddy Planet","potentialAction":[{"@type":"SearchAction","target":{"@type":"EntryPoint","urlTemplate":"https:\/\/sugardaddynordic.com\/?s={search_term_string}"},"query-input":{"@type":"PropertyValueSpecification","valueRequired":true,"valueName":"search_term_string"}}],"inLanguage":"et"},{"@type":["Organization","DatingService"],"@id":"https:\/\/sugardaddynordic.com\/#organization","name":"Sugar Daddy Nordic","url":"https:\/\/sugardaddynordic.com\/","logo":{"@type":"ImageObject","inLanguage":"et","@id":"https:\/\/sugardaddynordic.com\/#\/schema\/logo\/image\/","url":"https:\/\/sugardaddynordic.com\/wp-content\/uploads\/2025\/10\/cropped-Logo-Sugar-Daddy-Nordic.png","contentUrl":"https:\/\/sugardaddynordic.com\/wp-content\/uploads\/2025\/10\/cropped-Logo-Sugar-Daddy-Nordic.png","width":1022,"height":323,"caption":"Sugar Daddy Nordic"},"image":{"@id":"https:\/\/sugardaddynordic.com\/#\/schema\/logo\/image\/"},"serviceType":"Dating Service","category":"Dating","publishingPrinciples":"https:\/\/sugardaddynordic.com\/julkaisustandardit\/","ownershipFundingInfo":"https:\/\/sugardaddynordic.com\/rahoitus\/","actionableFeedbackPolicy":"https:\/\/sugardaddynordic.com\/korjauskaytanto\/","correctionsPolicy":"https:\/\/sugardaddynordic.com\/korjauskaytanto\/","ethicsPolicy":"https:\/\/sugardaddynordic.com\/eettinen-politiikka\/","diversityPolicy":"https:\/\/sugardaddynordic.com\/monimuotoisuus\/","diversityStaffingReport":"https:\/\/sugardaddynordic.com\/yhteistyo\/"}]}},"_links":{"self":[{"href":"https:\/\/sugardaddynordic.com\/et\/wp-json\/wp\/v2\/pages\/6191","targetHints":{"allow":["GET"]}}],"collection":[{"href":"https:\/\/sugardaddynordic.com\/et\/wp-json\/wp\/v2\/pages"}],"about":[{"href":"https:\/\/sugardaddynordic.com\/et\/wp-json\/wp\/v2\/types\/page"}],"author":[{"embeddable":true,"href":"https:\/\/sugardaddynordic.com\/et\/wp-json\/wp\/v2\/users\/1"}],"replies":[{"embeddable":true,"href":"https:\/\/sugardaddynordic.com\/et\/wp-json\/wp\/v2\/comments?post=6191"}],"version-history":[{"count":0,"href":"https:\/\/sugardaddynordic.com\/et\/wp-json\/wp\/v2\/pages\/6191\/revisions"}],"wp:attachment":[{"href":"https:\/\/sugardaddynordic.com\/et\/wp-json\/wp\/v2\/media?parent=6191"}],"curies":[{"name":"wp","href":"https:\/\/api.w.org\/{rel}","templated":true}]}}