{"id":13440,"date":"2025-08-28T11:08:48","date_gmt":"2025-08-28T08:08:48","guid":{"rendered":"https:\/\/sugardaddynordic.com\/?page_id=13440"},"modified":"2025-10-26T08:13:29","modified_gmt":"2025-10-26T06:13:29","slug":"rahoitus","status":"publish","type":"page","link":"https:\/\/sugardaddynordic.com\/fi\/rahoitus\/","title":{"rendered":"Omistustiedot ja rahoitus"},"content":{"rendered":"\n<h3 class=\"wp-block-heading\" id=\"h-sivuston-omistajuus\">Sivuston omistajuus<\/h3>\n\n\n\n<p>SugarDaddyNordic.com -sivustoa operoi <strong>Polaris Nexus LCC<\/strong>, jonka osoite on 1621 Central Central Ave 82001 Cheyenne ja yhteystieto: <strong><a>info@polarisnexuslcc.com<\/a><\/strong>.<\/p>\n\n\n\n<h3 class=\"wp-block-heading\" id=\"h-liiketoimintamalli\">Liiketoimintamalli<\/h3>\n\n\n\n<p>SugarDaddyNordic on sosiaalinen verkosto \/ deittialusta, joka tarjoaa sek\u00e4 ilmaisia ett\u00e4 maksullisia toimintoja. Tulomme perustuvat seuraaviin:<\/p>\n\n\n\n<ul class=\"wp-block-list\">\n<li><strong>Mainonta<\/strong><br>N\u00e4yt\u00e4mme mainoksia sivustolla ja\/tai toteutamme kampanjoita, jotka liittyv\u00e4t el\u00e4m\u00e4ntyyliin ja deittiturvallisuuteen.<\/li>\n\n\n\n<li><strong>Premium-j\u00e4senyydet \/ tilaukset<\/strong><br>Tarjoamme edistyneit\u00e4 toimintoja tilauspohjaisesti (esimerkiksi: suurempi n\u00e4kyvyys, laajennetut suodattimet, korostetut viestit jne.).<\/li>\n\n\n\n<li><strong>Yhteisty\u00f6t<\/strong><br>Julkaisemme ajoittain sponsoroitua sis\u00e4lt\u00f6\u00e4 blogissa. T\u00e4m\u00e4 merkit\u00e4\u00e4n aina selke\u00e4sti artikkelin alussa.<\/li>\n<\/ul>\n\n\n\n<p><strong>Riippumattomuus<\/strong>: mainonta, kumppanuudet tai sponsoroinnit eiv\u00e4t koskaan vaikuta turvallisuuspolitiikkaamme, moderointiin tai blogin toimituksellisiin linjauksiin.<\/p>\n\n\n\n<h3 class=\"wp-block-heading\" id=\"h-mainonnan-merkinnat-ja-lapinakyvyys\">Mainonnan merkinn\u00e4t ja l\u00e4pin\u00e4kyvyys<\/h3>\n\n\n\n<ul class=\"wp-block-list\">\n<li>Sponsoroidut artikkelit merkit\u00e4\u00e4n selke\u00e4sti \u201cSponsorisis\u00e4lt\u00f6\u201d tai \u201cMaksettu yhteisty\u00f6\u201d.<\/li>\n\n\n\n<li>Affiliate-linkit ilmoitetaan sis\u00e4ll\u00f6n alussa l\u00e4pin\u00e4kyvyysmerkinn\u00e4ll\u00e4.<\/li>\n\n\n\n<li>Bannerit ja muut mainosformaatit n\u00e4ytet\u00e4\u00e4n mainoksina ja erotetaan toimituksellisesta sis\u00e4ll\u00f6st\u00e4.<\/li>\n<\/ul>\n\n\n\n<h3 class=\"wp-block-heading\" id=\"h-eturistiriidat\">Eturistiriidat<\/h3>\n\n\n\n<p>Jos sponsorointi, kumppanuus tai kaupallinen suhde voisi aiheuttaa eturistiriidan, se ilmoitetaan sis\u00e4ll\u00f6ss\u00e4 selke\u00e4sti.<\/p>\n\n\n\n<h3 class=\"wp-block-heading\" id=\"h-tiedot-tietosuoja-ja-evasteet-tiivistelma\">Tiedot, tietosuoja ja ev\u00e4steet (tiivistelm\u00e4)<\/h3>\n\n\n\n<p>Tietojen k\u00e4sittely mainosten personointia ja niiden tehokkuuden mittaamista varten perustuu <strong>Tietosuoja- ja ev\u00e4stepolitiikkaamme<\/strong>. Voit hallita suostumustasi milloin tahansa ev\u00e4stehallinnan kautta.<\/p>\n\n\n\n<h3 class=\"wp-block-heading\" id=\"h-yhteystiedot-kaupallisissa-asioissa\">Yhteystiedot kaupallisissa asioissa<\/h3>\n\n\n\n<ul class=\"wp-block-list\">\n<li>Mainonta, kumppanuudet tai yhteisty\u00f6t \/ Lehdist\u00f6 tai julkiset suhteet: <strong>info@sugardaddynordic.com<\/strong><\/li>\n<\/ul>\n\n\n\n<h3 class=\"wp-block-heading\" id=\"h-paivitykset\">P\u00e4ivitykset<\/h3>\n\n\n\n<p>Viimeisin tarkistus: <strong>26.10.2025<\/strong>.<br>Pid\u00e4t\u00e4mme oikeuden p\u00e4ivitt\u00e4\u00e4 n\u00e4it\u00e4 tietoja, jotta ne vastaavat liiketoimintamallin muutoksia tai sovellettavan lains\u00e4\u00e4d\u00e4nn\u00f6n vaatimuksia.<\/p>\n","protected":false},"excerpt":{"rendered":"<p>Sivuston omistajuus SugarDaddyNordic.com -sivustoa operoi Polaris Nexus LCC, jonka osoite on 1621 Central Central Ave 82001 Cheyenne ja yhteystieto: info@polarisnexuslcc.com. Liiketoimintamalli SugarDaddyNordic on sosiaalinen verkosto \/ deittialusta, joka tarjoaa sek\u00e4 ilmaisia ett\u00e4 maksullisia toimintoja. Tulomme perustuvat seuraaviin: Riippumattomuus: mainonta, kumppanuudet tai sponsoroinnit eiv\u00e4t koskaan vaikuta turvallisuuspolitiikkaamme, moderointiin tai blogin toimituksellisiin linjauksiin. Mainonnan merkinn\u00e4t ja l\u00e4pin\u00e4kyvyys &#8230; <a title=\"Omistustiedot ja rahoitus\" class=\"read-more\" href=\"https:\/\/sugardaddynordic.com\/fi\/rahoitus\/\" aria-label=\"Lue lis\u00e4\u00e4 aiheesta Omistustiedot ja rahoitus\">Read more<\/a><\/p>\n","protected":false},"author":1,"featured_media":0,"parent":0,"menu_order":0,"comment_status":"closed","ping_status":"closed","template":"","meta":{"generate_page_header":"","footnotes":""},"class_list":{"0":"post-13440","1":"page","2":"type-page","3":"status-publish","5":"infinite-scroll-item"},"featured_image_urls":{"full":"","thumbnail":"","medium":"","medium_large":"","large":"","1536x1536":"","2048x2048":"","trp-custom-language-flag":"","crp_thumbnail":""},"post_excerpt_stackable":"<p>Sivuston omistajuus SugarDaddyNordic.com -sivustoa operoi Polaris Nexus LCC, jonka osoite on 1621 Central Central Ave 82001 Cheyenne ja yhteystieto: info@polarisnexuslcc.com. Liiketoimintamalli SugarDaddyNordic on sosiaalinen verkosto \/ deittialusta, joka tarjoaa sek\u00e4 ilmaisia ett\u00e4 maksullisia toimintoja. Tulomme perustuvat seuraaviin: MainontaN\u00e4yt\u00e4mme mainoksia sivustolla ja\/tai toteutamme kampanjoita, jotka liittyv\u00e4t el\u00e4m\u00e4ntyyliin ja deittiturvallisuuteen. Premium-j\u00e4senyydet \/ tilauksetTarjoamme edistyneit\u00e4 toimintoja tilauspohjaisesti (esimerkiksi: suurempi n\u00e4kyvyys, laajennetut suodattimet, korostetut viestit jne.). Yhteisty\u00f6tJulkaisemme ajoittain sponsoroitua sis\u00e4lt\u00f6\u00e4 blogissa. T\u00e4m\u00e4 merkit\u00e4\u00e4n aina selke\u00e4sti artikkelin alussa. Riippumattomuus: mainonta, kumppanuudet tai sponsoroinnit eiv\u00e4t koskaan vaikuta turvallisuuspolitiikkaamme, moderointiin tai blogin toimituksellisiin linjauksiin. Mainonnan merkinn\u00e4t ja l\u00e4pin\u00e4kyvyys Sponsoroidut artikkelit merkit\u00e4\u00e4n selke\u00e4sti \u201cSponsorisis\u00e4lt\u00f6\u201d tai \u201cMaksettu yhteisty\u00f6\u201d. Affiliate-linkit&hellip;<\/p>\n","category_list":"","author_info":{"name":"Admin de SugarDaddySuomi","url":"https:\/\/sugardaddynordic.com\/fi\/author\/poweb\/"},"comments_num":"0 comments","featured_image_urls_v2":{"full":"","thumbnail":"","medium":"","medium_large":"","large":"","1536x1536":"","2048x2048":"","trp-custom-language-flag":"","crp_thumbnail":""},"post_excerpt_stackable_v2":"<p>Sivuston omistajuus SugarDaddyNordic.com -sivustoa operoi Polaris Nexus LCC, jonka osoite on 1621 Central Central Ave 82001 Cheyenne ja yhteystieto: info@polarisnexuslcc.com. Liiketoimintamalli SugarDaddyNordic on sosiaalinen verkosto \/ deittialusta, joka tarjoaa sek\u00e4 ilmaisia ett\u00e4 maksullisia toimintoja. Tulomme perustuvat seuraaviin: MainontaN\u00e4yt\u00e4mme mainoksia sivustolla ja\/tai toteutamme kampanjoita, jotka liittyv\u00e4t el\u00e4m\u00e4ntyyliin ja deittiturvallisuuteen. Premium-j\u00e4senyydet \/ tilauksetTarjoamme edistyneit\u00e4 toimintoja tilauspohjaisesti (esimerkiksi: suurempi n\u00e4kyvyys, laajennetut suodattimet, korostetut viestit jne.). Yhteisty\u00f6tJulkaisemme ajoittain sponsoroitua sis\u00e4lt\u00f6\u00e4 blogissa. T\u00e4m\u00e4 merkit\u00e4\u00e4n aina selke\u00e4sti artikkelin alussa. Riippumattomuus: mainonta, kumppanuudet tai sponsoroinnit eiv\u00e4t koskaan vaikuta turvallisuuspolitiikkaamme, moderointiin tai blogin toimituksellisiin linjauksiin. Mainonnan merkinn\u00e4t ja l\u00e4pin\u00e4kyvyys Sponsoroidut artikkelit merkit\u00e4\u00e4n selke\u00e4sti \u201cSponsorisis\u00e4lt\u00f6\u201d tai \u201cMaksettu yhteisty\u00f6\u201d. Affiliate-linkit&hellip;<\/p>\n","category_list_v2":"","author_info_v2":{"name":"Admin de SugarDaddySuomi","url":"https:\/\/sugardaddynordic.com\/fi\/author\/poweb\/"},"comments_num_v2":"0 comments","yoast_head":"<!-- This site is optimized with the Yoast SEO Premium plugin v26.0 (Yoast SEO v27.3) - https:\/\/yoast.com\/product\/yoast-seo-premium-wordpress\/ -->\n<title>Omistustiedot ja rahoitus<\/title>\n<meta name=\"robots\" content=\"index, follow, max-snippet:-1, max-image-preview:large, max-video-preview:-1\" \/>\n<link rel=\"canonical\" href=\"https:\/\/sugardaddynordic.com\/fi\/rahoitus\/\" \/>\n<meta property=\"og:locale\" content=\"fi_FI\" \/>\n<meta property=\"og:type\" content=\"article\" \/>\n<meta property=\"og:title\" content=\"Omistustiedot ja rahoitus\" \/>\n<meta property=\"og:description\" content=\"Sivuston omistajuus SugarDaddyNordic.com -sivustoa operoi Polaris Nexus LCC, jonka osoite on 1621 Central Central Ave 82001 Cheyenne ja yhteystieto: info@polarisnexuslcc.com. Liiketoimintamalli SugarDaddyNordic on sosiaalinen verkosto \/ deittialusta, joka tarjoaa sek\u00e4 ilmaisia ett\u00e4 maksullisia toimintoja. Tulomme perustuvat seuraaviin: Riippumattomuus: mainonta, kumppanuudet tai sponsoroinnit eiv\u00e4t koskaan vaikuta turvallisuuspolitiikkaamme, moderointiin tai blogin toimituksellisiin linjauksiin. Mainonnan merkinn\u00e4t ja l\u00e4pin\u00e4kyvyys ... Read more\" \/>\n<meta property=\"og:url\" content=\"https:\/\/sugardaddynordic.com\/fi\/rahoitus\/\" \/>\n<meta property=\"og:site_name\" content=\"Sugar Daddy Nordic \u00ae\" \/>\n<meta property=\"article:modified_time\" content=\"2025-10-26T06:13:29+00:00\" \/>\n<meta property=\"og:image\" content=\"https:\/\/sugardaddynordic.com\/wp-content\/uploads\/2025\/10\/Logo-Sugar-Daddy-Nordic.png\" \/>\n\t<meta property=\"og:image:width\" content=\"1024\" \/>\n\t<meta property=\"og:image:height\" content=\"1024\" \/>\n\t<meta property=\"og:image:type\" content=\"image\/png\" \/>\n<meta name=\"twitter:card\" content=\"summary_large_image\" \/>\n<meta name=\"twitter:label1\" content=\"Arvioitu lukuaika\" \/>\n\t<meta name=\"twitter:data1\" content=\"2 minuuttia\" \/>\n<script type=\"application\/ld+json\" class=\"yoast-schema-graph\">{\"@context\":\"https:\\\/\\\/schema.org\",\"@graph\":[{\"@type\":\"WebPage\",\"@id\":\"https:\\\/\\\/sugardaddynordic.com\\\/rahoitus\\\/\",\"url\":\"https:\\\/\\\/sugardaddynordic.com\\\/rahoitus\\\/\",\"name\":\"Omistustiedot ja rahoitus\",\"isPartOf\":{\"@id\":\"https:\\\/\\\/sugardaddynordic.com\\\/#website\"},\"datePublished\":\"2025-08-28T08:08:48+00:00\",\"dateModified\":\"2025-10-26T06:13:29+00:00\",\"breadcrumb\":{\"@id\":\"https:\\\/\\\/sugardaddynordic.com\\\/rahoitus\\\/#breadcrumb\"},\"inLanguage\":\"fi\",\"potentialAction\":[{\"@type\":\"ReadAction\",\"target\":[\"https:\\\/\\\/sugardaddynordic.com\\\/rahoitus\\\/\"]}]},{\"@type\":\"BreadcrumbList\",\"@id\":\"https:\\\/\\\/sugardaddynordic.com\\\/rahoitus\\\/#breadcrumb\",\"itemListElement\":[{\"@type\":\"ListItem\",\"position\":1,\"name\":\"Home\",\"item\":\"https:\\\/\\\/sugardaddynordic.com\\\/\"},{\"@type\":\"ListItem\",\"position\":2,\"name\":\"Omistustiedot ja rahoitus\"}]},{\"@type\":\"WebSite\",\"@id\":\"https:\\\/\\\/sugardaddynordic.com\\\/#website\",\"url\":\"https:\\\/\\\/sugardaddynordic.com\\\/\",\"name\":\"Sugar Daddy Nordic\",\"description\":\"\",\"publisher\":{\"@id\":\"https:\\\/\\\/sugardaddynordic.com\\\/#organization\"},\"alternateName\":\"Sugar Daddy Nordic powered by Sugar Daddy Planet\",\"potentialAction\":[{\"@type\":\"SearchAction\",\"target\":{\"@type\":\"EntryPoint\",\"urlTemplate\":\"https:\\\/\\\/sugardaddynordic.com\\\/?s={search_term_string}\"},\"query-input\":{\"@type\":\"PropertyValueSpecification\",\"valueRequired\":true,\"valueName\":\"search_term_string\"}}],\"inLanguage\":\"fi\"},{\"@type\":[\"Organization\",\"DatingService\"],\"@id\":\"https:\\\/\\\/sugardaddynordic.com\\\/#organization\",\"name\":\"Sugar Daddy Nordic\",\"url\":\"https:\\\/\\\/sugardaddynordic.com\\\/\",\"logo\":{\"@type\":\"ImageObject\",\"inLanguage\":\"fi\",\"@id\":\"https:\\\/\\\/sugardaddynordic.com\\\/#\\\/schema\\\/logo\\\/image\\\/\",\"url\":\"https:\\\/\\\/sugardaddynordic.com\\\/wp-content\\\/uploads\\\/2025\\\/10\\\/cropped-Logo-Sugar-Daddy-Nordic.png\",\"contentUrl\":\"https:\\\/\\\/sugardaddynordic.com\\\/wp-content\\\/uploads\\\/2025\\\/10\\\/cropped-Logo-Sugar-Daddy-Nordic.png\",\"width\":1022,\"height\":323,\"caption\":\"Sugar Daddy Nordic\"},\"image\":{\"@id\":\"https:\\\/\\\/sugardaddynordic.com\\\/#\\\/schema\\\/logo\\\/image\\\/\"},\"serviceType\":\"Dating Service\",\"category\":\"Dating\",\"publishingPrinciples\":\"https:\\\/\\\/sugardaddynordic.com\\\/julkaisustandardit\\\/\",\"ownershipFundingInfo\":\"https:\\\/\\\/sugardaddynordic.com\\\/rahoitus\\\/\",\"actionableFeedbackPolicy\":\"https:\\\/\\\/sugardaddynordic.com\\\/korjauskaytanto\\\/\",\"correctionsPolicy\":\"https:\\\/\\\/sugardaddynordic.com\\\/korjauskaytanto\\\/\",\"ethicsPolicy\":\"https:\\\/\\\/sugardaddynordic.com\\\/eettinen-politiikka\\\/\",\"diversityPolicy\":\"https:\\\/\\\/sugardaddynordic.com\\\/monimuotoisuus\\\/\",\"diversityStaffingReport\":\"https:\\\/\\\/sugardaddynordic.com\\\/yhteistyo\\\/\"}]}<\/script>\n<!-- \/ Yoast SEO Premium plugin. -->","yoast_head_json":{"title":"Omistustiedot ja rahoitus","robots":{"index":"index","follow":"follow","max-snippet":"max-snippet:-1","max-image-preview":"max-image-preview:large","max-video-preview":"max-video-preview:-1"},"canonical":"https:\/\/sugardaddynordic.com\/fi\/rahoitus\/","og_locale":"fi_FI","og_type":"article","og_title":"Omistustiedot ja rahoitus","og_description":"Sivuston omistajuus SugarDaddyNordic.com -sivustoa operoi Polaris Nexus LCC, jonka osoite on 1621 Central Central Ave 82001 Cheyenne ja yhteystieto: info@polarisnexuslcc.com. Liiketoimintamalli SugarDaddyNordic on sosiaalinen verkosto \/ deittialusta, joka tarjoaa sek\u00e4 ilmaisia ett\u00e4 maksullisia toimintoja. Tulomme perustuvat seuraaviin: Riippumattomuus: mainonta, kumppanuudet tai sponsoroinnit eiv\u00e4t koskaan vaikuta turvallisuuspolitiikkaamme, moderointiin tai blogin toimituksellisiin linjauksiin. Mainonnan merkinn\u00e4t ja l\u00e4pin\u00e4kyvyys ... Read more","og_url":"https:\/\/sugardaddynordic.com\/fi\/rahoitus\/","og_site_name":"Sugar Daddy Nordic \u00ae","article_modified_time":"2025-10-26T06:13:29+00:00","og_image":[{"width":1024,"height":1024,"url":"https:\/\/sugardaddynordic.com\/wp-content\/uploads\/2025\/10\/Logo-Sugar-Daddy-Nordic.png","type":"image\/png"}],"twitter_card":"summary_large_image","twitter_misc":{"Arvioitu lukuaika":"2 minuuttia"},"schema":{"@context":"https:\/\/schema.org","@graph":[{"@type":"WebPage","@id":"https:\/\/sugardaddynordic.com\/rahoitus\/","url":"https:\/\/sugardaddynordic.com\/rahoitus\/","name":"Omistustiedot ja rahoitus","isPartOf":{"@id":"https:\/\/sugardaddynordic.com\/#website"},"datePublished":"2025-08-28T08:08:48+00:00","dateModified":"2025-10-26T06:13:29+00:00","breadcrumb":{"@id":"https:\/\/sugardaddynordic.com\/rahoitus\/#breadcrumb"},"inLanguage":"fi","potentialAction":[{"@type":"ReadAction","target":["https:\/\/sugardaddynordic.com\/rahoitus\/"]}]},{"@type":"BreadcrumbList","@id":"https:\/\/sugardaddynordic.com\/rahoitus\/#breadcrumb","itemListElement":[{"@type":"ListItem","position":1,"name":"Home","item":"https:\/\/sugardaddynordic.com\/"},{"@type":"ListItem","position":2,"name":"Omistustiedot ja rahoitus"}]},{"@type":"WebSite","@id":"https:\/\/sugardaddynordic.com\/#website","url":"https:\/\/sugardaddynordic.com\/","name":"Sugar Daddy Nordic","description":"","publisher":{"@id":"https:\/\/sugardaddynordic.com\/#organization"},"alternateName":"Sugar Daddy Nordic powered by Sugar Daddy Planet","potentialAction":[{"@type":"SearchAction","target":{"@type":"EntryPoint","urlTemplate":"https:\/\/sugardaddynordic.com\/?s={search_term_string}"},"query-input":{"@type":"PropertyValueSpecification","valueRequired":true,"valueName":"search_term_string"}}],"inLanguage":"fi"},{"@type":["Organization","DatingService"],"@id":"https:\/\/sugardaddynordic.com\/#organization","name":"Sugar Daddy Nordic","url":"https:\/\/sugardaddynordic.com\/","logo":{"@type":"ImageObject","inLanguage":"fi","@id":"https:\/\/sugardaddynordic.com\/#\/schema\/logo\/image\/","url":"https:\/\/sugardaddynordic.com\/wp-content\/uploads\/2025\/10\/cropped-Logo-Sugar-Daddy-Nordic.png","contentUrl":"https:\/\/sugardaddynordic.com\/wp-content\/uploads\/2025\/10\/cropped-Logo-Sugar-Daddy-Nordic.png","width":1022,"height":323,"caption":"Sugar Daddy Nordic"},"image":{"@id":"https:\/\/sugardaddynordic.com\/#\/schema\/logo\/image\/"},"serviceType":"Dating Service","category":"Dating","publishingPrinciples":"https:\/\/sugardaddynordic.com\/julkaisustandardit\/","ownershipFundingInfo":"https:\/\/sugardaddynordic.com\/rahoitus\/","actionableFeedbackPolicy":"https:\/\/sugardaddynordic.com\/korjauskaytanto\/","correctionsPolicy":"https:\/\/sugardaddynordic.com\/korjauskaytanto\/","ethicsPolicy":"https:\/\/sugardaddynordic.com\/eettinen-politiikka\/","diversityPolicy":"https:\/\/sugardaddynordic.com\/monimuotoisuus\/","diversityStaffingReport":"https:\/\/sugardaddynordic.com\/yhteistyo\/"}]}},"_links":{"self":[{"href":"https:\/\/sugardaddynordic.com\/fi\/wp-json\/wp\/v2\/pages\/13440","targetHints":{"allow":["GET"]}}],"collection":[{"href":"https:\/\/sugardaddynordic.com\/fi\/wp-json\/wp\/v2\/pages"}],"about":[{"href":"https:\/\/sugardaddynordic.com\/fi\/wp-json\/wp\/v2\/types\/page"}],"author":[{"embeddable":true,"href":"https:\/\/sugardaddynordic.com\/fi\/wp-json\/wp\/v2\/users\/1"}],"replies":[{"embeddable":true,"href":"https:\/\/sugardaddynordic.com\/fi\/wp-json\/wp\/v2\/comments?post=13440"}],"version-history":[{"count":0,"href":"https:\/\/sugardaddynordic.com\/fi\/wp-json\/wp\/v2\/pages\/13440\/revisions"}],"wp:attachment":[{"href":"https:\/\/sugardaddynordic.com\/fi\/wp-json\/wp\/v2\/media?parent=13440"}],"curies":[{"name":"wp","href":"https:\/\/api.w.org\/{rel}","templated":true}]}}