{"id":6189,"date":"2024-12-29T12:04:49","date_gmt":"2024-12-29T10:04:49","guid":{"rendered":"https:\/\/sugardaddynordic.com\/?page_id=6189"},"modified":"2025-10-26T08:18:55","modified_gmt":"2025-10-26T06:18:55","slug":"meista","status":"publish","type":"page","link":"https:\/\/sugardaddynordic.com\/fi\/meista\/","title":{"rendered":"meist\u00e4"},"content":{"rendered":"\n<p><a href=\"https:\/\/sugardaddynordic.com\/\"><strong>Sugar Daddy <\/strong>Nordic <\/a>syntyi vuonna 2024 tarpeesta luoda sokeritreffialusta, joka tarjoaa 100 % kontakteja Suomessa. Yksinkertaisen rekister\u00f6intij\u00e4rjestelm\u00e4n, 100 % suomalaisen yhteis\u00f6n ja tehokkaan roskapostin seurantaj\u00e4rjestelm\u00e4n ansiosta onnistumme tarjoamaan k\u00e4ytt\u00e4jille ainutlaatuisen kokemuksen, jossa he voivat helposti l\u00f6yt\u00e4\u00e4 yhteystietoja l\u00e4hell\u00e4\u00e4n.<\/p>\n\n\n\n<h2 class=\"wp-block-heading has-text-align-center\" id=\"h-arvomme\">Arvomme<\/h2>\n\n\n\n<div class=\"wp-block-stackable-columns stk-block-columns stk-block stk-e919e6d\" data-block-id=\"e919e6d\"><div class=\"stk-row stk-inner-blocks stk-block-content stk-content-align stk-e919e6d-column\">\n<div class=\"wp-block-stackable-column stk-block-column stk-column stk-block stk-2bc28d4\" data-v=\"4\" data-block-id=\"2bc28d4\"><div class=\"stk-column-wrapper stk-block-column__content stk-container stk-2bc28d4-container stk--no-background stk--no-padding\"><div class=\"stk-block-content stk-inner-blocks stk-2bc28d4-inner-blocks\">\n<h3 class=\"wp-block-heading\" id=\"h-turvallisuus\">Turvallisuus:<\/h3>\n\n\n\n<p>Takaamme verkkosivustoillamme parhaan mahdollisen tietosuojan GDPR-asetusten mukaisesti.<\/p>\n\n\n\n<p>V\u00e4lt\u00e4mme roskapostia, v\u00e4\u00e4rennettyj\u00e4 profiileja tai muita petoksia. Edist\u00e4mme<a href=\"https:\/\/sugardaddynordic.com\/turvallinen-tapailu\/\"> turvallista verkkotapaamista <\/a>niin t\u00e4ll\u00e4 alustalla kuin digitaalisessa maailmassa yleens\u00e4.<\/p>\n\n\n\n<h3 class=\"wp-block-heading\" id=\"h-koulutus\">Koulutus:<\/h3>\n\n\n\n<p>Selit\u00e4mme, edist\u00e4mme ja levit\u00e4mme todellista sugar dating &#8211; <a href=\"https:\/\/sugardaddynordic.com\/#sugar-daddy\">sugar daddy<\/a> &#8211; <a href=\"https:\/\/sugardaddynordic.com\/#sugar-baby\">sugar baby<\/a> -kulttuuria, jotta k\u00e4ytt\u00e4j\u00e4t ymm\u00e4rt\u00e4v\u00e4t tarkasti, mist\u00e4 n\u00e4iss\u00e4 k\u00e4sitteiss\u00e4 on kyse.<\/p>\n\n\n\n<p>Kannustamme l\u00e4hestym\u00e4\u00e4n sokeritreffailua tapana pit\u00e4\u00e4 hauskaa, laajentaa sosiaalista piiri\u00e4 ja parantaa el\u00e4m\u00e4nlaatua n\u00e4iden suhteiden tuomien etujen kautta.<\/p>\n<\/div><\/div><\/div>\n\n\n\n<div class=\"wp-block-stackable-column stk-block-column stk-column stk-block stk-b7cfe73\" data-v=\"4\" data-block-id=\"b7cfe73\"><div class=\"stk-column-wrapper stk-block-column__content stk-container stk-b7cfe73-container stk--no-background stk--no-padding\"><div class=\"stk-block-content stk-inner-blocks stk-b7cfe73-inner-blocks\">\n<h3 class=\"wp-block-heading\" id=\"h-luottamus\">Luottamus:<\/h3>\n\n\n\n<p>Tarjoamme k\u00e4ytt\u00e4jille kaikki yhteydenottovaihtoehdot ja vastaamme kaikkiin kyselyihin l\u00e4pin\u00e4kyv\u00e4sti ja yst\u00e4v\u00e4llisesti.<\/p>\n\n\n\n<p>K\u00e4yt\u00f6ss\u00e4mme on my\u00f6s <a href=\"https:\/\/sugardaddynordic.com\/ohje-ja-faq\/\">ohjekeskus<\/a>, jossa voi lukea usein kysytyt kysymykset tai kirjoittaa meille, jos tarvitset apua.<\/p>\n\n\n\n<h3 class=\"wp-block-heading\" id=\"h-lapinakyvyys\">L\u00e4pin\u00e4kyvyys:<\/h3>\n\n\n\n<p>Maksuj\u00e4rjestelm\u00e4ss\u00e4mme ja <a href=\"https:\/\/sugardaddynordic.com\/tietosuojakaytanto-2\/\">tietosuoja<\/a>&#8211; ja <a href=\"https:\/\/sugardaddynordic.com\/kayttoehdot\/\">sopimusk\u00e4yt\u00e4nn\u00f6iss\u00e4mme<\/a> tarjoamme kaikki tarvittavat tiedot, jotta k\u00e4ytt\u00e4jill\u00e4 on t\u00e4ysi k\u00e4sitys palvelusta.<\/p>\n\n\n\n<p>Lis\u00e4ksi k\u00e4ytt\u00e4jill\u00e4 on aina p\u00e4\u00e4sy omiin tietoihinsa ja mahdollisuus poistaa ne profiilistaan.<\/p>\n<\/div><\/div><\/div>\n<\/div><\/div>\n\n\n\n<h2 class=\"wp-block-heading has-text-align-center\" id=\"h-mika-tekee-meista-erilaisia\">Mik\u00e4 tekee meist\u00e4 erilaisia?<\/h2>\n\n\n\n<div class=\"wp-block-stackable-columns stk-block-columns stk-block stk-2e975f2\" data-block-id=\"2e975f2\"><div class=\"stk-row stk-inner-blocks stk-block-content stk-content-align stk-2e975f2-column\">\n<div class=\"wp-block-stackable-column stk-block-column stk-column stk-block stk-cfef746\" data-v=\"4\" data-block-id=\"cfef746\"><div class=\"stk-column-wrapper stk-block-column__content stk-container stk-cfef746-container stk--no-background stk--no-padding\"><div class=\"stk-block-content stk-inner-blocks stk-cfef746-inner-blocks\">\n<h3 class=\"wp-block-heading\" id=\"h-paikallinen-yhteiso\">Paikallinen yhteis\u00f6:<\/h3>\n\n\n\n<p>100 % Pohjoismaat yhteis\u00f6 ilman h\u00e4iritsevi\u00e4 viestej\u00e4 ulkomaalaisilta roskapostittajilta tai boteilta, mik\u00e4 mahdollistaa l\u00e4hell\u00e4si olevien ihmisten tapaamisen helposti.<\/p>\n<\/div><\/div><\/div>\n\n\n\n<div class=\"wp-block-stackable-column stk-block-column stk-column stk-block stk-1137452\" data-v=\"4\" data-block-id=\"1137452\"><div class=\"stk-column-wrapper stk-block-column__content stk-container stk-1137452-container stk--no-background stk--no-padding\"><div class=\"stk-block-content stk-inner-blocks stk-1137452-inner-blocks\">\n<h3 class=\"wp-block-heading\" id=\"h-harkinnanvaraisuus\">Harkinnanvaraisuus:<\/h3>\n\n\n\n<p>Ei h\u00e4iritsevi\u00e4 ilmoituksia, jatkuvia mainoksia tai s\u00e4hk\u00f6postitarjouksia \u2013 yksityisyys on etusijalla. Voit itse hallita ilmoituksia ja niiden k\u00e4ytt\u00f6\u00e4.<\/p>\n<\/div><\/div><\/div>\n\n\n\n<div class=\"wp-block-stackable-column stk-block-column stk-column stk-block stk-fea043f\" data-v=\"4\" data-block-id=\"fea043f\"><div class=\"stk-column-wrapper stk-block-column__content stk-container stk-fea043f-container stk--no-background stk--no-padding\"><div class=\"stk-block-content stk-inner-blocks stk-fea043f-inner-blocks\">\n<h3 class=\"wp-block-heading\" id=\"h-helppokayttoisyys\">Helppok\u00e4ytt\u00f6isyys:<\/h3>\n\n\n\n<p>Ei maksullisia viestej\u00e4 tai muita harhaanjohtavia j\u00e4rjestelmi\u00e4. Sokerivauvat voivat chattailla ilmaiseksi, ja sokeripapit maksavat vain kuukausimaksun, joka voidaan peruuttaa milloin tahansa ilman sitoumuksia.<\/p>\n<\/div><\/div><\/div>\n<\/div><\/div>\n\n\n\n<h2 class=\"wp-block-heading has-text-align-center\" id=\"h-sitoutuminen-yhteisoon\">Sitoutuminen yhteis\u00f6\u00f6n:<\/h2>\n\n\n\n<p>Olemme sitoutuneet yhteis\u00f6mme hyvinvointiin ja turvallisuuteen. Ty\u00f6skentelemme jatkuvasti parantaaksemme k\u00e4ytt\u00e4j\u00e4kokemusta ja s\u00e4ilytt\u00e4\u00e4ksemme terveellisen ja positiivisen ilmapiirin yhteis\u00f6ss\u00e4.<\/p>\n\n\n\n<div class=\"wp-block-stackable-columns stk-block-columns stk-block stk-668dc03\" data-block-id=\"668dc03\"><div class=\"stk-row stk-inner-blocks stk-block-content stk-content-align stk-668dc03-column\">\n<div class=\"wp-block-stackable-column stk-block-column stk-column stk-block stk-7f9bcd4\" data-v=\"4\" data-block-id=\"7f9bcd4\"><div class=\"stk-column-wrapper stk-block-column__content stk-container stk-7f9bcd4-container stk--no-background stk--no-padding\"><div class=\"stk-block-content stk-inner-blocks stk-7f9bcd4-inner-blocks\">\n<h3 class=\"wp-block-heading\" id=\"h-palaute-ja-jatkuva-parantaminen\">Palaute ja jatkuva parantaminen:<\/h3>\n\n\n\n<p>Kuuntelemme aktiivisesti k\u00e4ytt\u00e4jiemme ehdotuksia ja palautetta, jotka auttavat meit\u00e4 kehitt\u00e4m\u00e4\u00e4n alustaamme jatkuvasti.<\/p>\n<\/div><\/div><\/div>\n\n\n\n<div class=\"wp-block-stackable-column stk-block-column stk-column stk-block stk-7dd580e\" data-v=\"4\" data-block-id=\"7dd580e\"><div class=\"stk-column-wrapper stk-block-column__content stk-container stk-7dd580e-container stk--no-background stk--no-padding\"><div class=\"stk-block-content stk-inner-blocks stk-7dd580e-inner-blocks\">\n<h3 class=\"wp-block-heading\" id=\"h-yhteiskunnallinen-vastuu\">Yhteiskunnallinen vastuu:<\/h3>\n\n\n\n<p>Edist\u00e4mme vastuullista digitaalista kulttuuria ja tuemme verkkoturvallisuuskampanjoita. Lis\u00e4ksi sitoudumme torjumaan ihmiskauppaa tekem\u00e4ll\u00e4 yhteisty\u00f6t\u00e4 asiaan keskittyneiden j\u00e4rjest\u00f6jen kanssa.<\/p>\n<\/div><\/div><\/div>\n<\/div><\/div>\n\n\n\n<h2 class=\"wp-block-heading has-text-align-center\" id=\"h-tulevaisuuden-visio\">Tulevaisuuden visio<\/h2>\n\n\n\n<div class=\"wp-block-stackable-columns stk-block-columns stk-block stk-4fbeafc\" data-block-id=\"4fbeafc\"><div class=\"stk-row stk-inner-blocks stk-block-content stk-content-align stk-4fbeafc-column\">\n<div class=\"wp-block-stackable-column stk-block-column stk-column stk-block stk-924bcb5\" data-v=\"4\" data-block-id=\"924bcb5\"><div class=\"stk-column-wrapper stk-block-column__content stk-container stk-924bcb5-container stk--no-background stk--no-padding\"><div class=\"stk-block-content stk-inner-blocks stk-924bcb5-inner-blocks\">\n<h3 class=\"wp-block-heading\" id=\"h-jatkuva-innovaatio\">Jatkuva innovaatio:<\/h3>\n\n\n\n<p>Kehit\u00e4mme jatkuvasti alustaamme ja otamme k\u00e4ytt\u00f6\u00f6n uusia toimintoja, jotka parantavat k\u00e4ytt\u00e4j\u00e4kokemusta. N\u00e4it\u00e4 voivat olla esimerkiksi kehittyneet profiilivahvistusj\u00e4rjestelm\u00e4t ja muokattavat tietosuojaty\u00f6kalut.<\/p>\n<\/div><\/div><\/div>\n\n\n\n<div class=\"wp-block-stackable-column stk-block-column stk-column stk-block stk-f463403\" data-v=\"4\" data-block-id=\"f463403\"><div class=\"stk-column-wrapper stk-block-column__content stk-container stk-f463403-container stk--no-background stk--no-padding\"><div class=\"stk-block-content stk-inner-blocks stk-f463403-inner-blocks\">\n<h3 class=\"wp-block-heading\" id=\"h-ennusteet-pohjoismaat-markkinoilla\">Ennusteet Pohjoismaat markkinoilla:<\/h3>\n\n\n\n<p>Sitoutumisemme Pohjoismaat yhteis\u00f6\u00f6n n\u00e4kyy vahvana l\u00e4sn\u00e4olona ja jatkuvana palvelun parantamisena. Tavoitteemme on, ett\u00e4 <strong>Sugar Daddy Nordic<\/strong> (sugardaddynordic.com) pysyy merkitt\u00e4v\u00e4n\u00e4 viitepaikkana sokeritreffisuhteita etsiville.<\/p>\n<\/div><\/div><\/div>\n<\/div><\/div>\n","protected":false},"excerpt":{"rendered":"<p>Sugar Daddy Nordic syntyi vuonna 2024 tarpeesta luoda sokeritreffialusta, joka tarjoaa 100 % kontakteja Suomessa. Yksinkertaisen rekister\u00f6intij\u00e4rjestelm\u00e4n, 100 % suomalaisen yhteis\u00f6n ja tehokkaan roskapostin seurantaj\u00e4rjestelm\u00e4n ansiosta onnistumme tarjoamaan k\u00e4ytt\u00e4jille ainutlaatuisen kokemuksen, jossa he voivat helposti l\u00f6yt\u00e4\u00e4 yhteystietoja l\u00e4hell\u00e4\u00e4n. Arvomme Turvallisuus: Takaamme verkkosivustoillamme parhaan mahdollisen tietosuojan GDPR-asetusten mukaisesti. V\u00e4lt\u00e4mme roskapostia, v\u00e4\u00e4rennettyj\u00e4 profiileja tai muita petoksia. Edist\u00e4mme &#8230; <a title=\"meist\u00e4\" class=\"read-more\" href=\"https:\/\/sugardaddynordic.com\/fi\/meista\/\" aria-label=\"Lue lis\u00e4\u00e4 aiheesta meist\u00e4\">Read more<\/a><\/p>\n","protected":false},"author":1,"featured_media":0,"parent":0,"menu_order":0,"comment_status":"closed","ping_status":"closed","template":"","meta":{"generate_page_header":"","footnotes":""},"class_list":{"0":"post-6189","1":"page","2":"type-page","3":"status-publish","5":"infinite-scroll-item"},"featured_image_urls":{"full":"","thumbnail":"","medium":"","medium_large":"","large":"","1536x1536":"","2048x2048":"","trp-custom-language-flag":"","crp_thumbnail":""},"post_excerpt_stackable":"<p>Sugar Daddy Nordic syntyi vuonna 2024 tarpeesta luoda sokeritreffialusta, joka tarjoaa 100 % kontakteja Suomessa. Yksinkertaisen rekister\u00f6intij\u00e4rjestelm\u00e4n, 100 % suomalaisen yhteis\u00f6n ja tehokkaan roskapostin seurantaj\u00e4rjestelm\u00e4n ansiosta onnistumme tarjoamaan k\u00e4ytt\u00e4jille ainutlaatuisen kokemuksen, jossa he voivat helposti l\u00f6yt\u00e4\u00e4 yhteystietoja l\u00e4hell\u00e4\u00e4n. Arvomme Turvallisuus: Takaamme verkkosivustoillamme parhaan mahdollisen tietosuojan GDPR-asetusten mukaisesti. V\u00e4lt\u00e4mme roskapostia, v\u00e4\u00e4rennettyj\u00e4 profiileja tai muita petoksia. Edist\u00e4mme turvallista verkkotapaamista niin t\u00e4ll\u00e4 alustalla kuin digitaalisessa maailmassa yleens\u00e4. Koulutus: Selit\u00e4mme, edist\u00e4mme ja levit\u00e4mme todellista sugar dating &#8211; sugar daddy &#8211; sugar baby -kulttuuria, jotta k\u00e4ytt\u00e4j\u00e4t ymm\u00e4rt\u00e4v\u00e4t tarkasti, mist\u00e4 n\u00e4iss\u00e4 k\u00e4sitteiss\u00e4 on kyse. Kannustamme l\u00e4hestym\u00e4\u00e4n sokeritreffailua tapana pit\u00e4\u00e4 hauskaa, laajentaa sosiaalista piiri\u00e4 ja parantaa el\u00e4m\u00e4nlaatua&hellip;<\/p>\n","category_list":"","author_info":{"name":"Admin de SugarDaddySuomi","url":"https:\/\/sugardaddynordic.com\/fi\/author\/poweb\/"},"comments_num":"0 comments","featured_image_urls_v2":{"full":"","thumbnail":"","medium":"","medium_large":"","large":"","1536x1536":"","2048x2048":"","trp-custom-language-flag":"","crp_thumbnail":""},"post_excerpt_stackable_v2":"<p>Sugar Daddy Nordic syntyi vuonna 2024 tarpeesta luoda sokeritreffialusta, joka tarjoaa 100 % kontakteja Suomessa. Yksinkertaisen rekister\u00f6intij\u00e4rjestelm\u00e4n, 100 % suomalaisen yhteis\u00f6n ja tehokkaan roskapostin seurantaj\u00e4rjestelm\u00e4n ansiosta onnistumme tarjoamaan k\u00e4ytt\u00e4jille ainutlaatuisen kokemuksen, jossa he voivat helposti l\u00f6yt\u00e4\u00e4 yhteystietoja l\u00e4hell\u00e4\u00e4n. Arvomme Turvallisuus: Takaamme verkkosivustoillamme parhaan mahdollisen tietosuojan GDPR-asetusten mukaisesti. V\u00e4lt\u00e4mme roskapostia, v\u00e4\u00e4rennettyj\u00e4 profiileja tai muita petoksia. Edist\u00e4mme turvallista verkkotapaamista niin t\u00e4ll\u00e4 alustalla kuin digitaalisessa maailmassa yleens\u00e4. Koulutus: Selit\u00e4mme, edist\u00e4mme ja levit\u00e4mme todellista sugar dating &#8211; sugar daddy &#8211; sugar baby -kulttuuria, jotta k\u00e4ytt\u00e4j\u00e4t ymm\u00e4rt\u00e4v\u00e4t tarkasti, mist\u00e4 n\u00e4iss\u00e4 k\u00e4sitteiss\u00e4 on kyse. Kannustamme l\u00e4hestym\u00e4\u00e4n sokeritreffailua tapana pit\u00e4\u00e4 hauskaa, laajentaa sosiaalista piiri\u00e4 ja parantaa el\u00e4m\u00e4nlaatua&hellip;<\/p>\n","category_list_v2":"","author_info_v2":{"name":"Admin de SugarDaddySuomi","url":"https:\/\/sugardaddynordic.com\/fi\/author\/poweb\/"},"comments_num_v2":"0 comments","yoast_head":"<!-- This site is optimized with the Yoast SEO Premium plugin v26.0 (Yoast SEO v27.3) - https:\/\/yoast.com\/product\/yoast-seo-premium-wordpress\/ -->\n<title>meist\u00e4<\/title>\n<meta name=\"robots\" content=\"index, follow, max-snippet:-1, max-image-preview:large, max-video-preview:-1\" \/>\n<link rel=\"canonical\" href=\"https:\/\/sugardaddynordic.com\/fi\/meista\/\" \/>\n<meta property=\"og:locale\" content=\"fi_FI\" \/>\n<meta property=\"og:type\" content=\"article\" \/>\n<meta property=\"og:title\" content=\"meist\u00e4\" \/>\n<meta property=\"og:description\" content=\"Sugar Daddy Nordic syntyi vuonna 2024 tarpeesta luoda sokeritreffialusta, joka tarjoaa 100 % kontakteja Suomessa. Yksinkertaisen rekister\u00f6intij\u00e4rjestelm\u00e4n, 100 % suomalaisen yhteis\u00f6n ja tehokkaan roskapostin seurantaj\u00e4rjestelm\u00e4n ansiosta onnistumme tarjoamaan k\u00e4ytt\u00e4jille ainutlaatuisen kokemuksen, jossa he voivat helposti l\u00f6yt\u00e4\u00e4 yhteystietoja l\u00e4hell\u00e4\u00e4n. Arvomme Turvallisuus: Takaamme verkkosivustoillamme parhaan mahdollisen tietosuojan GDPR-asetusten mukaisesti. V\u00e4lt\u00e4mme roskapostia, v\u00e4\u00e4rennettyj\u00e4 profiileja tai muita petoksia. Edist\u00e4mme ... Read more\" \/>\n<meta property=\"og:url\" content=\"https:\/\/sugardaddynordic.com\/fi\/meista\/\" \/>\n<meta property=\"og:site_name\" content=\"Sugar Daddy Nordic \u00ae\" \/>\n<meta property=\"article:modified_time\" content=\"2025-10-26T06:18:55+00:00\" \/>\n<meta property=\"og:image\" content=\"https:\/\/sugardaddynordic.com\/wp-content\/uploads\/2025\/10\/Logo-Sugar-Daddy-Nordic.png\" \/>\n\t<meta property=\"og:image:width\" content=\"1024\" \/>\n\t<meta property=\"og:image:height\" content=\"1024\" \/>\n\t<meta property=\"og:image:type\" content=\"image\/png\" \/>\n<meta name=\"twitter:card\" content=\"summary_large_image\" \/>\n<meta name=\"twitter:label1\" content=\"Arvioitu lukuaika\" \/>\n\t<meta name=\"twitter:data1\" content=\"3 minuuttia\" \/>\n<script type=\"application\/ld+json\" class=\"yoast-schema-graph\">{\"@context\":\"https:\\\/\\\/schema.org\",\"@graph\":[{\"@type\":\"WebPage\",\"@id\":\"https:\\\/\\\/sugardaddynordic.com\\\/meista\\\/\",\"url\":\"https:\\\/\\\/sugardaddynordic.com\\\/meista\\\/\",\"name\":\"meist\u00e4\",\"isPartOf\":{\"@id\":\"https:\\\/\\\/sugardaddynordic.com\\\/#website\"},\"datePublished\":\"2024-12-29T10:04:49+00:00\",\"dateModified\":\"2025-10-26T06:18:55+00:00\",\"breadcrumb\":{\"@id\":\"https:\\\/\\\/sugardaddynordic.com\\\/meista\\\/#breadcrumb\"},\"inLanguage\":\"fi\",\"potentialAction\":[{\"@type\":\"ReadAction\",\"target\":[\"https:\\\/\\\/sugardaddynordic.com\\\/meista\\\/\"]}]},{\"@type\":\"BreadcrumbList\",\"@id\":\"https:\\\/\\\/sugardaddynordic.com\\\/meista\\\/#breadcrumb\",\"itemListElement\":[{\"@type\":\"ListItem\",\"position\":1,\"name\":\"Home\",\"item\":\"https:\\\/\\\/sugardaddynordic.com\\\/\"},{\"@type\":\"ListItem\",\"position\":2,\"name\":\"meist\u00e4\"}]},{\"@type\":\"WebSite\",\"@id\":\"https:\\\/\\\/sugardaddynordic.com\\\/#website\",\"url\":\"https:\\\/\\\/sugardaddynordic.com\\\/\",\"name\":\"Sugar Daddy Nordic\",\"description\":\"\",\"publisher\":{\"@id\":\"https:\\\/\\\/sugardaddynordic.com\\\/#organization\"},\"alternateName\":\"Sugar Daddy Nordic powered by Sugar Daddy Planet\",\"potentialAction\":[{\"@type\":\"SearchAction\",\"target\":{\"@type\":\"EntryPoint\",\"urlTemplate\":\"https:\\\/\\\/sugardaddynordic.com\\\/?s={search_term_string}\"},\"query-input\":{\"@type\":\"PropertyValueSpecification\",\"valueRequired\":true,\"valueName\":\"search_term_string\"}}],\"inLanguage\":\"fi\"},{\"@type\":[\"Organization\",\"DatingService\"],\"@id\":\"https:\\\/\\\/sugardaddynordic.com\\\/#organization\",\"name\":\"Sugar Daddy Nordic\",\"url\":\"https:\\\/\\\/sugardaddynordic.com\\\/\",\"logo\":{\"@type\":\"ImageObject\",\"inLanguage\":\"fi\",\"@id\":\"https:\\\/\\\/sugardaddynordic.com\\\/#\\\/schema\\\/logo\\\/image\\\/\",\"url\":\"https:\\\/\\\/sugardaddynordic.com\\\/wp-content\\\/uploads\\\/2025\\\/10\\\/cropped-Logo-Sugar-Daddy-Nordic.png\",\"contentUrl\":\"https:\\\/\\\/sugardaddynordic.com\\\/wp-content\\\/uploads\\\/2025\\\/10\\\/cropped-Logo-Sugar-Daddy-Nordic.png\",\"width\":1022,\"height\":323,\"caption\":\"Sugar Daddy Nordic\"},\"image\":{\"@id\":\"https:\\\/\\\/sugardaddynordic.com\\\/#\\\/schema\\\/logo\\\/image\\\/\"},\"serviceType\":\"Dating Service\",\"category\":\"Dating\",\"publishingPrinciples\":\"https:\\\/\\\/sugardaddynordic.com\\\/julkaisustandardit\\\/\",\"ownershipFundingInfo\":\"https:\\\/\\\/sugardaddynordic.com\\\/rahoitus\\\/\",\"actionableFeedbackPolicy\":\"https:\\\/\\\/sugardaddynordic.com\\\/korjauskaytanto\\\/\",\"correctionsPolicy\":\"https:\\\/\\\/sugardaddynordic.com\\\/korjauskaytanto\\\/\",\"ethicsPolicy\":\"https:\\\/\\\/sugardaddynordic.com\\\/eettinen-politiikka\\\/\",\"diversityPolicy\":\"https:\\\/\\\/sugardaddynordic.com\\\/monimuotoisuus\\\/\",\"diversityStaffingReport\":\"https:\\\/\\\/sugardaddynordic.com\\\/yhteistyo\\\/\"}]}<\/script>\n<!-- \/ Yoast SEO Premium plugin. -->","yoast_head_json":{"title":"meist\u00e4","robots":{"index":"index","follow":"follow","max-snippet":"max-snippet:-1","max-image-preview":"max-image-preview:large","max-video-preview":"max-video-preview:-1"},"canonical":"https:\/\/sugardaddynordic.com\/fi\/meista\/","og_locale":"fi_FI","og_type":"article","og_title":"meist\u00e4","og_description":"Sugar Daddy Nordic syntyi vuonna 2024 tarpeesta luoda sokeritreffialusta, joka tarjoaa 100 % kontakteja Suomessa. Yksinkertaisen rekister\u00f6intij\u00e4rjestelm\u00e4n, 100 % suomalaisen yhteis\u00f6n ja tehokkaan roskapostin seurantaj\u00e4rjestelm\u00e4n ansiosta onnistumme tarjoamaan k\u00e4ytt\u00e4jille ainutlaatuisen kokemuksen, jossa he voivat helposti l\u00f6yt\u00e4\u00e4 yhteystietoja l\u00e4hell\u00e4\u00e4n. Arvomme Turvallisuus: Takaamme verkkosivustoillamme parhaan mahdollisen tietosuojan GDPR-asetusten mukaisesti. V\u00e4lt\u00e4mme roskapostia, v\u00e4\u00e4rennettyj\u00e4 profiileja tai muita petoksia. Edist\u00e4mme ... Read more","og_url":"https:\/\/sugardaddynordic.com\/fi\/meista\/","og_site_name":"Sugar Daddy Nordic \u00ae","article_modified_time":"2025-10-26T06:18:55+00:00","og_image":[{"width":1024,"height":1024,"url":"https:\/\/sugardaddynordic.com\/wp-content\/uploads\/2025\/10\/Logo-Sugar-Daddy-Nordic.png","type":"image\/png"}],"twitter_card":"summary_large_image","twitter_misc":{"Arvioitu lukuaika":"3 minuuttia"},"schema":{"@context":"https:\/\/schema.org","@graph":[{"@type":"WebPage","@id":"https:\/\/sugardaddynordic.com\/meista\/","url":"https:\/\/sugardaddynordic.com\/meista\/","name":"meist\u00e4","isPartOf":{"@id":"https:\/\/sugardaddynordic.com\/#website"},"datePublished":"2024-12-29T10:04:49+00:00","dateModified":"2025-10-26T06:18:55+00:00","breadcrumb":{"@id":"https:\/\/sugardaddynordic.com\/meista\/#breadcrumb"},"inLanguage":"fi","potentialAction":[{"@type":"ReadAction","target":["https:\/\/sugardaddynordic.com\/meista\/"]}]},{"@type":"BreadcrumbList","@id":"https:\/\/sugardaddynordic.com\/meista\/#breadcrumb","itemListElement":[{"@type":"ListItem","position":1,"name":"Home","item":"https:\/\/sugardaddynordic.com\/"},{"@type":"ListItem","position":2,"name":"meist\u00e4"}]},{"@type":"WebSite","@id":"https:\/\/sugardaddynordic.com\/#website","url":"https:\/\/sugardaddynordic.com\/","name":"Sugar Daddy Nordic","description":"","publisher":{"@id":"https:\/\/sugardaddynordic.com\/#organization"},"alternateName":"Sugar Daddy Nordic powered by Sugar Daddy Planet","potentialAction":[{"@type":"SearchAction","target":{"@type":"EntryPoint","urlTemplate":"https:\/\/sugardaddynordic.com\/?s={search_term_string}"},"query-input":{"@type":"PropertyValueSpecification","valueRequired":true,"valueName":"search_term_string"}}],"inLanguage":"fi"},{"@type":["Organization","DatingService"],"@id":"https:\/\/sugardaddynordic.com\/#organization","name":"Sugar Daddy Nordic","url":"https:\/\/sugardaddynordic.com\/","logo":{"@type":"ImageObject","inLanguage":"fi","@id":"https:\/\/sugardaddynordic.com\/#\/schema\/logo\/image\/","url":"https:\/\/sugardaddynordic.com\/wp-content\/uploads\/2025\/10\/cropped-Logo-Sugar-Daddy-Nordic.png","contentUrl":"https:\/\/sugardaddynordic.com\/wp-content\/uploads\/2025\/10\/cropped-Logo-Sugar-Daddy-Nordic.png","width":1022,"height":323,"caption":"Sugar Daddy Nordic"},"image":{"@id":"https:\/\/sugardaddynordic.com\/#\/schema\/logo\/image\/"},"serviceType":"Dating Service","category":"Dating","publishingPrinciples":"https:\/\/sugardaddynordic.com\/julkaisustandardit\/","ownershipFundingInfo":"https:\/\/sugardaddynordic.com\/rahoitus\/","actionableFeedbackPolicy":"https:\/\/sugardaddynordic.com\/korjauskaytanto\/","correctionsPolicy":"https:\/\/sugardaddynordic.com\/korjauskaytanto\/","ethicsPolicy":"https:\/\/sugardaddynordic.com\/eettinen-politiikka\/","diversityPolicy":"https:\/\/sugardaddynordic.com\/monimuotoisuus\/","diversityStaffingReport":"https:\/\/sugardaddynordic.com\/yhteistyo\/"}]}},"_links":{"self":[{"href":"https:\/\/sugardaddynordic.com\/fi\/wp-json\/wp\/v2\/pages\/6189","targetHints":{"allow":["GET"]}}],"collection":[{"href":"https:\/\/sugardaddynordic.com\/fi\/wp-json\/wp\/v2\/pages"}],"about":[{"href":"https:\/\/sugardaddynordic.com\/fi\/wp-json\/wp\/v2\/types\/page"}],"author":[{"embeddable":true,"href":"https:\/\/sugardaddynordic.com\/fi\/wp-json\/wp\/v2\/users\/1"}],"replies":[{"embeddable":true,"href":"https:\/\/sugardaddynordic.com\/fi\/wp-json\/wp\/v2\/comments?post=6189"}],"version-history":[{"count":0,"href":"https:\/\/sugardaddynordic.com\/fi\/wp-json\/wp\/v2\/pages\/6189\/revisions"}],"wp:attachment":[{"href":"https:\/\/sugardaddynordic.com\/fi\/wp-json\/wp\/v2\/media?parent=6189"}],"curies":[{"name":"wp","href":"https:\/\/api.w.org\/{rel}","templated":true}]}}