{"id":13439,"date":"2025-08-28T11:08:46","date_gmt":"2025-08-28T08:08:46","guid":{"rendered":"https:\/\/sugardaddynordic.com\/?page_id=13439"},"modified":"2025-10-26T08:12:42","modified_gmt":"2025-10-26T06:12:42","slug":"fjolbreytileiki","status":"publish","type":"page","link":"https:\/\/sugardaddynordic.com\/is\/monimuotoisuus\/","title":{"rendered":"Fj\u00f6lbreytileiki"},"content":{"rendered":"<p>Hj\u00e1 Sugar Daddy Balkans stu\u00f0lum vi\u00f0 a\u00f0 \u00f6ruggu, vir\u00f0ulegu og a\u00f0gengilegu samf\u00e9lagi fyrir fullor\u00f0na (18+). \u00deessi stefna skilgreinir skuldbindingu okkar vi\u00f0 fj\u00f6lbreytileika, jafnr\u00e9tti og gagnkv\u00e6ma vir\u00f0ingu og setur sk\u00fdrt fram meginreglur sem lei\u00f0a \u00fej\u00f3nustu okkar.<\/p>\n\n\n\n<h2 class=\"wp-block-heading\" id=\"h-1-palvelun-laajuus\">1) Umfang \u00fej\u00f3nustunnar<\/h2>\n\n\n\n<p>Vettvangurinn mi\u00f0ar a\u00f0 tengslum milli fullor\u00f0inna karla og kvenna, bygg\u00f0um \u00e1 sam\u00feykkissambandi.<br>Helstu a\u00f0ger\u00f0ir skr\u00e1ningar, leit og p\u00f6runar eru hanna\u00f0ar fyrir karlmann sem leitar a\u00f0 konu og konu sem leitar a\u00f0 karlmanni.<br>Vi\u00f0 bj\u00f3\u00f0um ekki upp \u00e1 a\u00f0rar ger\u00f0ir af p\u00f6runara\u00f0fer\u00f0um eins og er. \u00deessi takm\u00f6rkun \u00e1 notkun veitir \u00fe\u00f3 engum r\u00e9tt til a\u00f0 koma fram vi\u00f0 einstaklinga e\u00f0a h\u00f3pa af \u00f3vir\u00f0ingu.<\/p>\n\n\n\n<h2 class=\"wp-block-heading\" id=\"h-2-kunnioitus-ja-syrjimattomyys\">2) Vir\u00f0ing og mismununarbann<\/h2>\n\n\n\n<p>SugarDaddyNordic leyfir ekki:<\/p>\n\n\n\n<ul class=\"wp-block-list\">\n<li>\u00c1r\u00e1sir, m\u00f3\u00f0ganir, \u00e1reitni e\u00f0a ni\u00f0randi or\u00f0.<\/li>\n\n\n\n<li>Hatursor\u00f0r\u00e6\u00f0a e\u00f0a hvers kyns ni\u00f0url\u00e6gjandi tj\u00e1ning \u00e1 grundvelli kynhneig\u00f0ar, kynvitundar e\u00f0a kyntj\u00e1ningar, kyn\u00fe\u00e1ttar, \u00fej\u00f3\u00f0ernis, tr\u00faarbrag\u00f0a, f\u00f6tlunar, aldurs (alltaf 18+), \u00fatlits e\u00f0a f\u00e9lagslegrar st\u00f6\u00f0u.<\/li>\n<\/ul>\n\n\n\n<p>\u00d6ll samskipti \u00e6ttu a\u00f0 byggjast \u00e1 kurteisi, sam\u00feykki og reisn.<\/p>\n\n\n\n<h2 class=\"wp-block-heading\" id=\"h-3-profiilit-ja-sisalto\">3) Pr\u00f3f\u00edlar og efni<\/h2>\n\n\n\n<p>Til a\u00f0 tryggja \u00f6ruggt og \u00e1rei\u00f0anlegt umhverfi:<\/p>\n\n\n\n<ul class=\"wp-block-list\">\n<li>Pr\u00f3f\u00edlar ver\u00f0a a\u00f0 vera sannar, pers\u00f3nulegir og uppf\u00e6r\u00f0ir.<\/li>\n\n\n\n<li>\u00dea\u00f0 er \u00f3heimilt a\u00f0 birta myndir e\u00f0a l\u00fdsingar af \u00f3l\u00f6gr\u00e1\u00f0a einstaklingum e\u00f0a \u00feri\u00f0ja a\u00f0ila \u00e1n sk\u00fdrs sam\u00feykkis.<\/li>\n\n\n\n<li>\u00dea\u00f0 er ekki leyfilegt a\u00f0 birta:\n<ul class=\"wp-block-list\">\n<li>Kynfer\u00f0islegt gr\u00f3ft efni.<\/li>\n\n\n\n<li>Ofbeldi e\u00f0a hv\u00f6t til \u00feess.<\/li>\n\n\n\n<li>Hatursor\u00f0r\u00e6\u00f0a, ni\u00f0randi sta\u00f0al\u00edmyndir e\u00f0a afmennskandi l\u00fdsingar.<\/li>\n\n\n\n<li>Illgjarnir tenglar, ruslp\u00f3stur e\u00f0a svindl.<\/li>\n<\/ul>\n<\/li>\n<\/ul>\n\n\n\n<h2 class=\"wp-block-heading\" id=\"h-4-moderointi-ja-soveltaminen\">4) H\u00f3fsemi og beiting<\/h2>\n\n\n\n<p>Vi\u00f0 sameinum sj\u00e1lfvirkniverkf\u00e6ri og mannlega endursko\u00f0un til a\u00f0 vi\u00f0halda \u00f6ryggi og g\u00e6\u00f0um samf\u00e9lagsins.<br>M\u00f6gulegar a\u00f0ger\u00f0ir eru me\u00f0al annars:<\/p>\n\n\n\n<ul class=\"wp-block-list\">\n<li>Athugasemdir e\u00f0a vi\u00f0varanir.<\/li>\n\n\n\n<li>T\u00edmabundin takm\u00f6rkun \u00e1 virkni.<\/li>\n\n\n\n<li>Loka e\u00f0a loka reikningum.<\/li>\n\n\n\n<li>Fjarl\u00e6ging efnis sem br\u00fdtur gegn reglum.<\/li>\n<\/ul>\n\n\n\n<p>\u00c1kvar\u00f0anir eru bygg\u00f0ar \u00e1 \u00feessari fj\u00f6lbreytileikastefnu, si\u00f0astefnu, stefnu um virk vi\u00f0br\u00f6g\u00f0 og notkunarskilm\u00e1lum.<\/p>\n\n\n\n<h2 class=\"wp-block-heading\" id=\"h-5-blogi-ja-viestinta\">5) Blogg og samskipti<\/h2>\n\n\n\n<p>Bloggi\u00f0 okkar og samskiptaefni:<\/p>\n\n\n\n<ul class=\"wp-block-list\">\n<li>Endurspegla mismunandi samhengi og reynslu, alltaf me\u00f0 karlkyns-kvenlegum h\u00e6tti.<\/li>\n\n\n\n<li>For\u00f0astu ford\u00f3ma, stigmatiseringu e\u00f0a rangf\u00e6rslur.<\/li>\n\n\n\n<li>Tilgreini\u00f0 sk\u00fdrt efni sem styrkt er e\u00f0a unni\u00f0 er \u00ed samstarfi vi\u00f0, sem hefur aldrei \u00e1hrif \u00e1 ritstj\u00f3rnarstefnu okkar.<\/li>\n<\/ul>\n\n\n\n<p>Kynntu \u00fe\u00e9r samskiptareglur bloggsins okkar.<\/p>\n\n\n\n<h2 class=\"wp-block-heading\" id=\"h-6-esteettomyys-ja-yhdenvertainen-kohtelu\">6) A\u00f0gengi og jafnr\u00e9tti<\/h2>\n\n\n\n<p>Vi\u00f0 leggjum okkur fram um a\u00f0 gera upplifunina a\u00f0gengilega fyrir alla me\u00f0 \u00fev\u00ed a\u00f0 bj\u00f3\u00f0a upp \u00e1:<\/p>\n\n\n\n<ul class=\"wp-block-list\">\n<li>Sk\u00fdrt og au\u00f0skili\u00f0 tungum\u00e1l.<\/li>\n\n\n\n<li>A\u00f0rar lausnir fyrir myndir og sj\u00f3nr\u00e6na \u00fe\u00e6tti.<\/li>\n\n\n\n<li>Skuldbinding til jafnr\u00e9ttis \u00ed \u00f6llum samskiptum.<\/li>\n<\/ul>\n\n\n\n<h2 class=\"wp-block-heading\" id=\"h-7-ilmoittaminen\">7) Tilkynning<\/h2>\n\n\n\n<p>Ef \u00fe\u00fa tekur eftir brotum, misnotkun e\u00f0a mismunun getur\u00f0u tilkynnt \u00fea\u00f0:<\/p>\n\n\n\n<ul class=\"wp-block-list\">\n<li>Tilkynningar \/ Almennur stu\u00f0ningur \/ Pers\u00f3nuvernd (GDPR): info@sugardaddynordic.com<\/li>\n\n\n\n<li><\/li>\n\n\n\n<li> <\/li>\n<\/ul>\n\n\n\n<p>Skuldbinding okkar er a\u00f0 breg\u00f0ast vi\u00f0 innan h\u00e6filegs t\u00edma og starfa \u00e1 gagns\u00e6jan h\u00e1tt.<\/p>\n\n\n\n<h3 class=\"wp-block-heading\" id=\"h-8-paivitykset\">8) Uppf\u00e6rslur<\/h3>\n\n\n\n<p>S\u00ed\u00f0ast uppf\u00e6rt: 26.10.2025.<br>\u00deessum reglum kann a\u00f0 vera uppf\u00e6rt eftir \u00fev\u00ed sem \u00farb\u00e6tur, regluger\u00f0arbreytingar e\u00f0a n\u00fdir eiginleikar eru innleiddir. Vi\u00f0 munum tilkynna \u00fe\u00e9r sk\u00fdrt um allar verulegar breytingar.<\/p>","protected":false},"excerpt":{"rendered":"<p>Hj\u00e1 Sugar Daddy Balkans stu\u00f0lum vi\u00f0 a\u00f0 \u00f6ruggu, vir\u00f0ulegu og a\u00f0gengilegu samf\u00e9lagi fyrir fullor\u00f0na (18+). \u00deessi stefna skilgreinir skuldbindingu okkar vi\u00f0 fj\u00f6lbreytileika, jafnr\u00e9tti og gagnkv\u00e6ma vir\u00f0ingu og setur sk\u00fdrt fram meginreglurnar sem st\u00fdra \u00fej\u00f3nustu okkar. 1) Umfang \u00fej\u00f3nustunnar Pallurinn mi\u00f0ar a\u00f0 tengslum milli fullor\u00f0inna karla og kvenna, byggt \u00e1 sam\u00feykkissambandi. Helstu a\u00f0ger\u00f0ir skr\u00e1ningar, leit og p\u00f6runar eru hanna\u00f0ar fyrir karla sem leita a\u00f0 konu og konur [\u2026] <a title=\"Fj\u00f6lbreytileiki\" class=\"read-more\" href=\"https:\/\/sugardaddynordic.com\/is\/monimuotoisuus\/\" aria-label=\"Read more about Monimuotoisuus\">Lesa meira<\/a><\/p>","protected":false},"author":1,"featured_media":0,"parent":0,"menu_order":0,"comment_status":"closed","ping_status":"closed","template":"","meta":{"generate_page_header":"","footnotes":""},"class_list":{"0":"post-13439","1":"page","2":"type-page","3":"status-publish","5":"infinite-scroll-item"},"featured_image_urls":{"full":"","thumbnail":"","medium":"","medium_large":"","large":"","1536x1536":"","2048x2048":"","trp-custom-language-flag":"","crp_thumbnail":""},"post_excerpt_stackable":"<p>Sugar Daddy Balkans -palvelussa edist\u00e4mme turvallista, kunnioittavaa ja osallistavaa yhteis\u00f6\u00e4 t\u00e4ysi-ik\u00e4isille (18+). T\u00e4m\u00e4 politiikka m\u00e4\u00e4rittelee sitoutumisemme monimuotoisuuteen, tasa-arvoon ja keskin\u00e4iseen kunnioitukseen sek\u00e4 asettaa selke\u00e4sti periaatteet, jotka ohjaavat palveluamme. 1) Palvelun laajuus Alusta on suunnattu aikuisten miesten ja naisten v\u00e4lisiin yhteyksiin, suostumukselliseen suhteeseen perustuen.Rekister\u00f6innin, haun ja parinmuodostuksen p\u00e4\u00e4toiminnot on suunniteltu miehelle, joka etsii naista, ja naiselle, joka etsii miest\u00e4.T\u00e4ll\u00e4 hetkell\u00e4 emme tarjoa muita parinmuodostuksen muotoja. T\u00e4m\u00e4 toiminnallinen rajoitus ei kuitenkaan oikeuta ket\u00e4\u00e4n kohtelemaan ep\u00e4kunnioittavasti mit\u00e4\u00e4n henkil\u00f6\u00e4 tai ryhm\u00e4\u00e4. 2) Kunnioitus ja syrjim\u00e4tt\u00f6myys SugarDaddyNordicissa ei sallita: Hy\u00f6kk\u00e4yksi\u00e4, loukkauksia, h\u00e4irint\u00e4\u00e4 tai solvaamista. Vihapuhetta tai mit\u00e4 tahansa ilmausta, joka halventaa seksuaalisen suuntautumisen, sukupuoli-identiteetin tai&hellip;<\/p>\n","category_list":"","author_info":{"name":"Stj\u00f3rnandi SugarDaddy \u00ed Finnlandi","url":"https:\/\/sugardaddynordic.com\/is\/author\/poweb\/"},"comments_num":"0 comments","featured_image_urls_v2":{"full":"","thumbnail":"","medium":"","medium_large":"","large":"","1536x1536":"","2048x2048":"","trp-custom-language-flag":"","crp_thumbnail":""},"post_excerpt_stackable_v2":"<p>Sugar Daddy Balkans -palvelussa edist\u00e4mme turvallista, kunnioittavaa ja osallistavaa yhteis\u00f6\u00e4 t\u00e4ysi-ik\u00e4isille (18+). T\u00e4m\u00e4 politiikka m\u00e4\u00e4rittelee sitoutumisemme monimuotoisuuteen, tasa-arvoon ja keskin\u00e4iseen kunnioitukseen sek\u00e4 asettaa selke\u00e4sti periaatteet, jotka ohjaavat palveluamme. 1) Palvelun laajuus Alusta on suunnattu aikuisten miesten ja naisten v\u00e4lisiin yhteyksiin, suostumukselliseen suhteeseen perustuen.Rekister\u00f6innin, haun ja parinmuodostuksen p\u00e4\u00e4toiminnot on suunniteltu miehelle, joka etsii naista, ja naiselle, joka etsii miest\u00e4.T\u00e4ll\u00e4 hetkell\u00e4 emme tarjoa muita parinmuodostuksen muotoja. T\u00e4m\u00e4 toiminnallinen rajoitus ei kuitenkaan oikeuta ket\u00e4\u00e4n kohtelemaan ep\u00e4kunnioittavasti mit\u00e4\u00e4n henkil\u00f6\u00e4 tai ryhm\u00e4\u00e4. 2) Kunnioitus ja syrjim\u00e4tt\u00f6myys SugarDaddyNordicissa ei sallita: Hy\u00f6kk\u00e4yksi\u00e4, loukkauksia, h\u00e4irint\u00e4\u00e4 tai solvaamista. Vihapuhetta tai mit\u00e4 tahansa ilmausta, joka halventaa seksuaalisen suuntautumisen, sukupuoli-identiteetin tai&hellip;<\/p>\n","category_list_v2":"","author_info_v2":{"name":"Stj\u00f3rnandi SugarDaddy \u00ed Finnlandi","url":"https:\/\/sugardaddynordic.com\/is\/author\/poweb\/"},"comments_num_v2":"0 comments","yoast_head":"<!-- This site is optimized with the Yoast SEO Premium plugin v26.0 (Yoast SEO v27.3) - https:\/\/yoast.com\/product\/yoast-seo-premium-wordpress\/ -->\n<title>Monimuotoisuus<\/title>\n<meta name=\"robots\" content=\"index, follow, max-snippet:-1, max-image-preview:large, max-video-preview:-1\" \/>\n<link rel=\"canonical\" href=\"https:\/\/sugardaddynordic.com\/is\/fjolbreytileiki\/\" \/>\n<meta property=\"og:locale\" content=\"is_IS\" \/>\n<meta property=\"og:type\" content=\"article\" \/>\n<meta property=\"og:title\" content=\"Monimuotoisuus\" \/>\n<meta property=\"og:description\" content=\"Sugar Daddy Balkans -palvelussa edist\u00e4mme turvallista, kunnioittavaa ja osallistavaa yhteis\u00f6\u00e4 t\u00e4ysi-ik\u00e4isille (18+). T\u00e4m\u00e4 politiikka m\u00e4\u00e4rittelee sitoutumisemme monimuotoisuuteen, tasa-arvoon ja keskin\u00e4iseen kunnioitukseen sek\u00e4 asettaa selke\u00e4sti periaatteet, jotka ohjaavat palveluamme. 1) Palvelun laajuus Alusta on suunnattu aikuisten miesten ja naisten v\u00e4lisiin yhteyksiin, suostumukselliseen suhteeseen perustuen.Rekister\u00f6innin, haun ja parinmuodostuksen p\u00e4\u00e4toiminnot on suunniteltu miehelle, joka etsii naista, ja naiselle, ... Read more\" \/>\n<meta property=\"og:url\" content=\"https:\/\/sugardaddynordic.com\/is\/fjolbreytileiki\/\" \/>\n<meta property=\"og:site_name\" content=\"Sugar Daddy Nordic \u00ae\" \/>\n<meta property=\"article:modified_time\" content=\"2025-10-26T06:12:42+00:00\" \/>\n<meta property=\"og:image\" content=\"https:\/\/sugardaddynordic.com\/wp-content\/uploads\/2025\/10\/Logo-Sugar-Daddy-Nordic.png\" \/>\n\t<meta property=\"og:image:width\" content=\"1024\" \/>\n\t<meta property=\"og:image:height\" content=\"1024\" \/>\n\t<meta property=\"og:image:type\" content=\"image\/png\" \/>\n<meta name=\"twitter:card\" content=\"summary_large_image\" \/>\n<meta name=\"twitter:label1\" content=\"Est. reading time\" \/>\n\t<meta name=\"twitter:data1\" content=\"3 minutes\" \/>\n<script type=\"application\/ld+json\" class=\"yoast-schema-graph\">{\"@context\":\"https:\\\/\\\/schema.org\",\"@graph\":[{\"@type\":\"WebPage\",\"@id\":\"https:\\\/\\\/sugardaddynordic.com\\\/monimuotoisuus\\\/\",\"url\":\"https:\\\/\\\/sugardaddynordic.com\\\/monimuotoisuus\\\/\",\"name\":\"Monimuotoisuus\",\"isPartOf\":{\"@id\":\"https:\\\/\\\/sugardaddynordic.com\\\/#website\"},\"datePublished\":\"2025-08-28T08:08:46+00:00\",\"dateModified\":\"2025-10-26T06:12:42+00:00\",\"breadcrumb\":{\"@id\":\"https:\\\/\\\/sugardaddynordic.com\\\/monimuotoisuus\\\/#breadcrumb\"},\"inLanguage\":\"is\",\"potentialAction\":[{\"@type\":\"ReadAction\",\"target\":[\"https:\\\/\\\/sugardaddynordic.com\\\/monimuotoisuus\\\/\"]}]},{\"@type\":\"BreadcrumbList\",\"@id\":\"https:\\\/\\\/sugardaddynordic.com\\\/monimuotoisuus\\\/#breadcrumb\",\"itemListElement\":[{\"@type\":\"ListItem\",\"position\":1,\"name\":\"Home\",\"item\":\"https:\\\/\\\/sugardaddynordic.com\\\/\"},{\"@type\":\"ListItem\",\"position\":2,\"name\":\"Monimuotoisuus\"}]},{\"@type\":\"WebSite\",\"@id\":\"https:\\\/\\\/sugardaddynordic.com\\\/#website\",\"url\":\"https:\\\/\\\/sugardaddynordic.com\\\/\",\"name\":\"Sugar Daddy Nordic\",\"description\":\"\",\"publisher\":{\"@id\":\"https:\\\/\\\/sugardaddynordic.com\\\/#organization\"},\"alternateName\":\"Sugar Daddy Nordic powered by Sugar Daddy Planet\",\"potentialAction\":[{\"@type\":\"SearchAction\",\"target\":{\"@type\":\"EntryPoint\",\"urlTemplate\":\"https:\\\/\\\/sugardaddynordic.com\\\/?s={search_term_string}\"},\"query-input\":{\"@type\":\"PropertyValueSpecification\",\"valueRequired\":true,\"valueName\":\"search_term_string\"}}],\"inLanguage\":\"is\"},{\"@type\":[\"Organization\",\"DatingService\"],\"@id\":\"https:\\\/\\\/sugardaddynordic.com\\\/#organization\",\"name\":\"Sugar Daddy Nordic\",\"url\":\"https:\\\/\\\/sugardaddynordic.com\\\/\",\"logo\":{\"@type\":\"ImageObject\",\"inLanguage\":\"is\",\"@id\":\"https:\\\/\\\/sugardaddynordic.com\\\/#\\\/schema\\\/logo\\\/image\\\/\",\"url\":\"https:\\\/\\\/sugardaddynordic.com\\\/wp-content\\\/uploads\\\/2025\\\/10\\\/cropped-Logo-Sugar-Daddy-Nordic.png\",\"contentUrl\":\"https:\\\/\\\/sugardaddynordic.com\\\/wp-content\\\/uploads\\\/2025\\\/10\\\/cropped-Logo-Sugar-Daddy-Nordic.png\",\"width\":1022,\"height\":323,\"caption\":\"Sugar Daddy Nordic\"},\"image\":{\"@id\":\"https:\\\/\\\/sugardaddynordic.com\\\/#\\\/schema\\\/logo\\\/image\\\/\"},\"serviceType\":\"Dating Service\",\"category\":\"Dating\",\"publishingPrinciples\":\"https:\\\/\\\/sugardaddynordic.com\\\/julkaisustandardit\\\/\",\"ownershipFundingInfo\":\"https:\\\/\\\/sugardaddynordic.com\\\/rahoitus\\\/\",\"actionableFeedbackPolicy\":\"https:\\\/\\\/sugardaddynordic.com\\\/korjauskaytanto\\\/\",\"correctionsPolicy\":\"https:\\\/\\\/sugardaddynordic.com\\\/korjauskaytanto\\\/\",\"ethicsPolicy\":\"https:\\\/\\\/sugardaddynordic.com\\\/eettinen-politiikka\\\/\",\"diversityPolicy\":\"https:\\\/\\\/sugardaddynordic.com\\\/monimuotoisuus\\\/\",\"diversityStaffingReport\":\"https:\\\/\\\/sugardaddynordic.com\\\/yhteistyo\\\/\"}]}<\/script>\n<!-- \/ Yoast SEO Premium plugin. -->","yoast_head_json":{"title":"Fj\u00f6lbreytileiki","robots":{"index":"index","follow":"follow","max-snippet":"max-snippet:-1","max-image-preview":"max-image-preview:large","max-video-preview":"max-video-preview:-1"},"canonical":"https:\/\/sugardaddynordic.com\/is\/fjolbreytileiki\/","og_locale":"is_IS","og_type":"article","og_title":"Monimuotoisuus","og_description":"Sugar Daddy Balkans -palvelussa edist\u00e4mme turvallista, kunnioittavaa ja osallistavaa yhteis\u00f6\u00e4 t\u00e4ysi-ik\u00e4isille (18+). T\u00e4m\u00e4 politiikka m\u00e4\u00e4rittelee sitoutumisemme monimuotoisuuteen, tasa-arvoon ja keskin\u00e4iseen kunnioitukseen sek\u00e4 asettaa selke\u00e4sti periaatteet, jotka ohjaavat palveluamme. 1) Palvelun laajuus Alusta on suunnattu aikuisten miesten ja naisten v\u00e4lisiin yhteyksiin, suostumukselliseen suhteeseen perustuen.Rekister\u00f6innin, haun ja parinmuodostuksen p\u00e4\u00e4toiminnot on suunniteltu miehelle, joka etsii naista, ja naiselle, ... Read more","og_url":"https:\/\/sugardaddynordic.com\/is\/fjolbreytileiki\/","og_site_name":"Sugar Daddy Nordic \u00ae","article_modified_time":"2025-10-26T06:12:42+00:00","og_image":[{"width":1024,"height":1024,"url":"https:\/\/sugardaddynordic.com\/wp-content\/uploads\/2025\/10\/Logo-Sugar-Daddy-Nordic.png","type":"image\/png"}],"twitter_card":"summary_large_image","twitter_misc":{"Est. reading time":"3 minutes"},"schema":{"@context":"https:\/\/schema.org","@graph":[{"@type":"WebPage","@id":"https:\/\/sugardaddynordic.com\/monimuotoisuus\/","url":"https:\/\/sugardaddynordic.com\/monimuotoisuus\/","name":"Fj\u00f6lbreytileiki","isPartOf":{"@id":"https:\/\/sugardaddynordic.com\/#website"},"datePublished":"2025-08-28T08:08:46+00:00","dateModified":"2025-10-26T06:12:42+00:00","breadcrumb":{"@id":"https:\/\/sugardaddynordic.com\/monimuotoisuus\/#breadcrumb"},"inLanguage":"is","potentialAction":[{"@type":"ReadAction","target":["https:\/\/sugardaddynordic.com\/monimuotoisuus\/"]}]},{"@type":"BreadcrumbList","@id":"https:\/\/sugardaddynordic.com\/monimuotoisuus\/#breadcrumb","itemListElement":[{"@type":"ListItem","position":1,"name":"Home","item":"https:\/\/sugardaddynordic.com\/"},{"@type":"ListItem","position":2,"name":"Monimuotoisuus"}]},{"@type":"WebSite","@id":"https:\/\/sugardaddynordic.com\/#website","url":"https:\/\/sugardaddynordic.com\/","name":"sugar daddy Norr\u00e6nn","description":"","publisher":{"@id":"https:\/\/sugardaddynordic.com\/#organization"},"alternateName":"Sugar Daddy Nordic powered by Sugar Daddy Planet","potentialAction":[{"@type":"SearchAction","target":{"@type":"EntryPoint","urlTemplate":"https:\/\/sugardaddynordic.com\/?s={search_term_string}"},"query-input":{"@type":"PropertyValueSpecification","valueRequired":true,"valueName":"search_term_string"}}],"inLanguage":"is"},{"@type":["Organization","DatingService"],"@id":"https:\/\/sugardaddynordic.com\/#organization","name":"sugar daddy Norr\u00e6nn","url":"https:\/\/sugardaddynordic.com\/","logo":{"@type":"ImageObject","inLanguage":"is","@id":"https:\/\/sugardaddynordic.com\/#\/schema\/logo\/image\/","url":"https:\/\/sugardaddynordic.com\/wp-content\/uploads\/2025\/10\/cropped-Logo-Sugar-Daddy-Nordic.png","contentUrl":"https:\/\/sugardaddynordic.com\/wp-content\/uploads\/2025\/10\/cropped-Logo-Sugar-Daddy-Nordic.png","width":1022,"height":323,"caption":"Sugar Daddy Nordic"},"image":{"@id":"https:\/\/sugardaddynordic.com\/#\/schema\/logo\/image\/"},"serviceType":"Dating Service","category":"Dating","publishingPrinciples":"https:\/\/sugardaddynordic.com\/julkaisustandardit\/","ownershipFundingInfo":"https:\/\/sugardaddynordic.com\/rahoitus\/","actionableFeedbackPolicy":"https:\/\/sugardaddynordic.com\/korjauskaytanto\/","correctionsPolicy":"https:\/\/sugardaddynordic.com\/korjauskaytanto\/","ethicsPolicy":"https:\/\/sugardaddynordic.com\/eettinen-politiikka\/","diversityPolicy":"https:\/\/sugardaddynordic.com\/monimuotoisuus\/","diversityStaffingReport":"https:\/\/sugardaddynordic.com\/yhteistyo\/"}]}},"_links":{"self":[{"href":"https:\/\/sugardaddynordic.com\/is\/wp-json\/wp\/v2\/pages\/13439","targetHints":{"allow":["GET"]}}],"collection":[{"href":"https:\/\/sugardaddynordic.com\/is\/wp-json\/wp\/v2\/pages"}],"about":[{"href":"https:\/\/sugardaddynordic.com\/is\/wp-json\/wp\/v2\/types\/page"}],"author":[{"embeddable":true,"href":"https:\/\/sugardaddynordic.com\/is\/wp-json\/wp\/v2\/users\/1"}],"replies":[{"embeddable":true,"href":"https:\/\/sugardaddynordic.com\/is\/wp-json\/wp\/v2\/comments?post=13439"}],"version-history":[{"count":0,"href":"https:\/\/sugardaddynordic.com\/is\/wp-json\/wp\/v2\/pages\/13439\/revisions"}],"wp:attachment":[{"href":"https:\/\/sugardaddynordic.com\/is\/wp-json\/wp\/v2\/media?parent=13439"}],"curies":[{"name":"wp","href":"https:\/\/api.w.org\/{rel}","templated":true}]}}