{"id":13441,"date":"2025-08-28T11:08:50","date_gmt":"2025-08-28T08:08:50","guid":{"rendered":"https:\/\/sugardaddynordic.com\/?page_id=13441"},"modified":"2025-10-26T08:16:26","modified_gmt":"2025-10-26T06:16:26","slug":"virkt-svar","status":"publish","type":"page","link":"https:\/\/sugardaddynordic.com\/is\/aktiivinen-vastaus\/","title":{"rendered":"Virk vi\u00f0br\u00f6g\u00f0Stefna um virka vi\u00f0br\u00f6g\u00f0"},"content":{"rendered":"<p>Hj\u00e1 SugarDaddyNordic leggjum vi\u00f0 \u00e1herslu \u00e1 \u00f6ryggi, gagns\u00e6i og a\u00f0 breg\u00f0ast vi\u00f0 \u00fe\u00f6rfum samf\u00e9lagsins. \u00deessi stefna \u00fatsk\u00fdrir hvernig vi\u00f0 m\u00f3tt\u00f6kum, forgangsr\u00f6\u00f0um og me\u00f0h\u00f6ndlum bei\u00f0nir, kvartanir, tilkynningar og fyrirspurnir.<\/p>\n\n\n\n<h2 class=\"wp-block-heading\" id=\"h-viralliset-yhteydenottokanavat\">Opinberar tengili\u00f0ar\u00e1sir<\/h2>\n\n\n\n<ul class=\"wp-block-list\">\n<li>Tengili\u00f0arey\u00f0ubla\u00f0: <strong>\/<a href=\"https:\/\/sugardaddynordic.com\/is\/samband\/\">samband<\/a><\/strong><\/li>\n\n\n\n<li>Almennur stu\u00f0ningur \/ Gagnavernd \/ Misnotkun \/ au\u00f0kennis\u00fej\u00f3fna\u00f0ur \u2026 og samstarf vi\u00f0 l\u00f6ga\u00f0ila*: Gagnavernd: <strong>info@sugardaddynordic.com<\/strong><\/li>\n<\/ul>\n\n\n\n<h2 class=\"wp-block-heading\" id=\"h-luokittelu-ja-vastausajat-sla\">Flokkun og sv\u00f6runart\u00edmar (SLA)<\/h2>\n\n\n\n<p>Vi\u00f0 forgangsra\u00f0um hverju m\u00e1li og leggjum okkur fram um a\u00f0 n\u00e1 eftirfarandi markmi\u00f0um:<\/p>\n\n\n\n<figure class=\"wp-block-table\"><table class=\"has-fixed-layout\"><thead><tr><th>Forgangur<\/th><th>D\u00e6mi<\/th><th>Sta\u00f0festing \u00e1 m\u00f3tt\u00f6ku<\/th><th>Fyrsta hj\u00e1lp<\/th><th>\u00c1\u00e6tlu\u00f0 lausn*<\/th><\/tr><\/thead><tbody><tr><td><strong>\u00c1r\u00ed\u00f0andi<\/strong><\/td><td>\u00c1h\u00e6tta fyrir \u00f3l\u00f6gr\u00e1\u00f0a einstaklinga e\u00f0a l\u00edkamlegt heilindi, tr\u00faver\u00f0ugar h\u00f3tanir, virkur au\u00f0kennis\u00fej\u00f3fna\u00f0ur, doxing, dreifing \u00f3l\u00f6glegs efnis<\/td><td>0\u20136 klukkustundir<\/td><td>0\u201312 klukkustundir<\/td><td>24\u201348 klukkustundir<\/td><\/tr><tr><td><strong>H\u00e1tt<\/strong><\/td><td>Svik, alvarleg \u00e1reitni, fj\u00e1rk\u00fagun, falskar \u00e1k\u00e6rur, gagnaleki<\/td><td>24 klukkustundir<\/td><td>24\u201348 klukkustundir<\/td><td>3\u20135 dagar<\/td><\/tr><tr><td><strong>Mi\u00f0lungs stig<\/strong><\/td><td>Pr\u00f3f\u00edlsk\u00fdrslur, villandi efni, vandam\u00e1l me\u00f0 reikninginn<\/td><td>48 klukkustundir<\/td><td>2\u20133 dagar<\/td><td>7 dagar<\/td><\/tr><tr><td><strong>L\u00e1gt<\/strong><\/td><td>Till\u00f6gur, almennar fyrirspurnir<\/td><td>72 klukkustundir<\/td><td>3\u20135 dagar<\/td><td>14 dagar<\/td><\/tr><\/tbody><\/table><\/figure>\n\n\n\n<p>* Frestar geta veri\u00f0 breytilegar eftir fl\u00e6kjustigi m\u00e1lsins. Ef vi\u00f0 gerum r\u00e1\u00f0 fyrir t\u00f6fum munum vi\u00f0 gefa upp n\u00fdtt ver\u00f0mat.<\/p>\n\n\n\n<h2 class=\"wp-block-heading\" id=\"h-tapausten-kasittelyprosessi\">M\u00e1lsme\u00f0fer\u00f0arferli<\/h2>\n\n\n\n<ol class=\"wp-block-list\">\n<li><strong>M\u00f3ttaka og sta\u00f0festing<\/strong>Vi\u00f0 sta\u00f0festum m\u00e1li\u00f0 \u00ed gegnum upprunalegu lei\u00f0ina me\u00f0 m\u00e1lsau\u00f0kenninu.<\/li>\n\n\n\n<li><strong>Greining og forgangsr\u00f6\u00f0un<\/strong>Vi\u00f0 athugum s\u00f6nnunarg\u00f6gnin (t.d. skj\u00e1skot, pr\u00f3f\u00edlau\u00f0kenni, tengla).<\/li>\n\n\n\n<li><strong>R\u00e1\u00f0stafanir<\/strong> (fer eftir stefnu og notkunarskilm\u00e1lum): vi\u00f0v\u00f6run, takm\u00f6rkun \u00e1 virkni, lokun e\u00f0a lokun reiknings, fjarl\u00e6ging efnis, v\u00edsun til yfirvalda.<\/li>\n\n\n\n<li><strong>Rekja spor<\/strong>Vi\u00f0 munum veita vi\u00f0eigandi uppf\u00e6rslur \u00fear til m\u00e1linu er loki\u00f0.<\/li>\n\n\n\n<li><strong>\u00c1kv\u00f6r\u00f0un og endurgj\u00f6f<\/strong>Vi\u00f0 munum tilkynna lausnina og, ef \u00fe\u00f6rf krefur, veita \u00f6ryggisr\u00e1\u00f0leggingar.<\/li>\n<\/ol>\n\n\n\n<h2 class=\"wp-block-heading\" id=\"h-moderointi-ja-kriteerit\">H\u00f3fsstj\u00f3rnun og vi\u00f0mi\u00f0<\/h2>\n\n\n\n<ul class=\"wp-block-list\">\n<li>Vi\u00f0 sameinum sj\u00e1lfvirk kerfi og mannlega \u00fattekt.<\/li>\n\n\n\n<li>Vi\u00f0 \u00feolum ekki \u00e1reitni, au\u00f0kennis\u00fej\u00f3fna\u00f0, svik, \u00f3heimila dreifingu gagna e\u00f0a neina starfsemi sem stofnar samf\u00e9laginu \u00ed h\u00e6ttu.<\/li>\n\n\n\n<li>\u00c1kvar\u00f0anir eru bygg\u00f0ar \u00e1 stefnu okkar og notkunarskilm\u00e1lum vefs\u00ed\u00f0unnar.<\/li>\n<\/ul>\n\n\n\n<h2 class=\"wp-block-heading\" id=\"h-valitukset\">Kvartanir<\/h2>\n\n\n\n<p>Ef \u00fe\u00fa ert \u00f3samm\u00e1la a\u00f0ger\u00f0inni getur\u00f0u k\u00e6rt. <strong>20 dagar<\/strong> innan me\u00f0 \u00fev\u00ed a\u00f0 skrifa \u00e1 heimilisfangi\u00f0 <strong>info@sugardaddynordic.com<\/strong> og vi\u00f0hengi m\u00e1lsn\u00famer og vi\u00f0b\u00f3taruppl\u00fdsingar.<br>Anna\u00f0 teymi mun fara yfir kv\u00f6rtun \u00fe\u00edna.<\/p>\n\n\n\n<h2 class=\"wp-block-heading\" id=\"h-julkinen-viestinta-ja-lapinakyvyys\">Opinber samskipti og gagns\u00e6i<\/h2>\n\n\n\n<ul class=\"wp-block-list\">\n<li>Vi\u00f0 munum birta tilkynningar \u00ed hj\u00e1lparmi\u00f0st\u00f6\u00f0inni ef atvik hefur \u00e1hrif \u00e1 fj\u00f6lda notenda.<\/li>\n\n\n\n<li>Vi\u00f0 \u00fatb\u00faum reglulega gagns\u00e6issk\u00fdrslu sem inniheldur samanlag\u00f0ar uppl\u00fdsingar um tilkynningar, svart\u00edma og a\u00f0ger\u00f0ir sem gripi\u00f0 hefur veri\u00f0 til (\u00e1n pers\u00f3nuuppl\u00fdsinga).<\/li>\n<\/ul>\n\n\n\n<h2 class=\"wp-block-heading\" id=\"h-yksityisyys-ja-henkilotiedot\">Pers\u00f3nuvernd og pers\u00f3nuuppl\u00fdsingar<\/h2>\n\n\n\n<ul class=\"wp-block-list\">\n<li>Vi\u00f0 vinnum a\u00f0eins \u00far uppl\u00fdsingunum sem veittar eru \u00ed \u00feeim tilgangi a\u00f0 me\u00f0h\u00f6ndla m\u00e1li\u00f0 (lagalegur grundv\u00f6llur: l\u00f6gm\u00e6tir hagsmunir og\/e\u00f0a lagaskylda).<\/li>\n\n\n\n<li>R\u00e9ttindi: r\u00e9ttur til a\u00f0gangs, lei\u00f0r\u00e9ttingar, ey\u00f0ingar, andm\u00e6la og flytjanleika \u2013 skrifi\u00f0 \u00e1 netfangi\u00f0 <strong>info@sugardaddynordic.com<\/strong>.<\/li>\n\n\n\n<li>Var\u00f0veislut\u00edmi: M\u00e1lsg\u00f6gn eru geymd <strong>2 \u00e1r<\/strong>, nema anna\u00f0 s\u00e9 kve\u00f0i\u00f0 \u00e1 um \u00ed l\u00f6gum.<\/li>\n\n\n\n<li>N\u00e1nari uppl\u00fdsingar er a\u00f0 finna \u00ed pers\u00f3nuverndar- og vafrak\u00f6kustefnu okkar.<\/li>\n<\/ul>\n\n\n\n<h2 class=\"wp-block-heading\" id=\"h-yhteistyo-viranomaisten-kanssa\">Samstarf vi\u00f0 yfirv\u00f6ld<\/h2>\n\n\n\n<ul class=\"wp-block-list\">\n<li>Vi\u00f0 sv\u00f6rum gildum lagalegum bei\u00f0num og m\u00e1lum \u00fear sem br\u00e1\u00f0 h\u00e6tta er fyrir hendi.<\/li>\n\n\n\n<li>Vi\u00f0 sv\u00f6rum ekki bei\u00f0num l\u00f6greglu \u00e1n d\u00f3ms\u00farskur\u00f0ar.<\/li>\n\n\n\n<li>Vi\u00f0 \u00f3skum eftir nau\u00f0synlegum skj\u00f6lum og skr\u00e1um hverja bei\u00f0ni til a\u00f0 tryggja gagns\u00e6i.<\/li>\n\n\n\n<li>Bei\u00f0nir l\u00f6greglu ver\u00f0a a\u00f0 innihalda: <strong>d\u00f3ms\u00farskur\u00f0ur<\/strong> og kennit\u00f6lu emb\u00e6ttismannsins.<\/li>\n<\/ul>\n\n\n\n<h2 class=\"wp-block-heading\" id=\"h-haavoittuvuuksien-vastuullinen-ilmoittaminen\">\u00c1byrg tilkynning um veikleika<\/h2>\n\n\n\n<p>Ef \u00fe\u00fa uppg\u00f6tvar \u00f6ryggisgalla:<\/p>\n\n\n\n<ul class=\"wp-block-list\">\n<li>Ekki m\u00e1 n\u00fdta \u00fea\u00f0 e\u00f0a birta \u00fea\u00f0 opinberlega.<\/li>\n\n\n\n<li>Skrifi\u00f0 okkur \u00e1 <strong>info@sugardaddynordic.com<\/strong> og innihalda endurtekningarskrefin.<\/li>\n\n\n\n<li>Vi\u00f0 munum senda sta\u00f0festingu innan 72 klukkustunda og uppf\u00e6rslu innan 7 daga.<\/li>\n\n\n\n<li>Vi\u00f0 g\u00e6tum veitt opinbera vi\u00f0urkenningu \u00feegar \u00fea\u00f0 \u00e1 vi\u00f0.<\/li>\n<\/ul>\n\n\n\n<h2 class=\"wp-block-heading\" id=\"h-politiikan-paivitykset\">Uppf\u00e6rslur \u00e1 stefnu<\/h2>\n\n\n\n<p>S\u00ed\u00f0ast athuga\u00f0: <strong>26.10.2025<\/strong>.<br>Vi\u00f0 g\u00e6tum uppf\u00e6rt \u00feessar reglur til a\u00f0 b\u00e6ta ferla e\u00f0a til a\u00f0 fylgja regluger\u00f0arbreytingum. Vi\u00f0 munum halda utan um breytingars\u00f6gu.<\/p>","protected":false},"excerpt":{"rendered":"<p>Stefna um virk vi\u00f0br\u00f6g\u00f0 Hj\u00e1 SugarDaddyNordic leggjum vi\u00f0 \u00e1herslu \u00e1 \u00f6ryggi, gagns\u00e6i og skj\u00f3t vi\u00f0br\u00f6g\u00f0 vi\u00f0 \u00fe\u00f6rfum samf\u00e9lagsins. \u00deessi stefna \u00fatsk\u00fdrir hvernig vi\u00f0 m\u00f3tt\u00f6kum, forgangsra\u00f0um og me\u00f0h\u00f6ndlum bei\u00f0nir, kvartanir, tilkynningar og fyrirspurnir. Opinberar tengili\u00f0ar\u00e1sir Flokkun og svarst\u00edmar (SLA) Vi\u00f0 forgangsra\u00f0um hverju atviki og leggjum okkur fram um a\u00f0 fylgja eftirfarandi markmi\u00f0um: D\u00e6mi um forgangsr\u00f6\u00f0un Sta\u00f0festing \u00e1 m\u00f3tt\u00f6ku Upphafsa\u00f0ger\u00f0ir \u00c1\u00e6tlu\u00f0 lausn* Br\u00fdn h\u00e6tta fyrir \u00f3l\u00f6gr\u00e1\u00f0a b\u00f6rn e\u00f0a l\u00edkamlega heilindi, [\u2026] <a title=\"Virk vi\u00f0br\u00f6g\u00f0Stefna um virka vi\u00f0br\u00f6g\u00f0\" class=\"read-more\" href=\"https:\/\/sugardaddynordic.com\/is\/aktiivinen-vastaus\/\" aria-label=\"Read more about Aktiivinen VastausAktiivisen vastauksen politiikka\">Lesa meira<\/a><\/p>","protected":false},"author":1,"featured_media":0,"parent":0,"menu_order":0,"comment_status":"closed","ping_status":"closed","template":"","meta":{"generate_page_header":"","footnotes":""},"class_list":{"0":"post-13441","1":"page","2":"type-page","3":"status-publish","5":"infinite-scroll-item"},"featured_image_urls":{"full":"","thumbnail":"","medium":"","medium_large":"","large":"","1536x1536":"","2048x2048":"","trp-custom-language-flag":"","crp_thumbnail":""},"post_excerpt_stackable":"<p>SugarDaddyNordic -palvelussa asetamme etusijalle turvallisuuden, l\u00e4pin\u00e4kyvyyden ja nopean reagoinnin yhteis\u00f6mme tarpeisiin. T\u00e4m\u00e4 politiikka selitt\u00e4\u00e4, miten vastaanotamme, priorisoimme ja k\u00e4sittelemme pyynt\u00f6j\u00e4, valituksia, ilmoituksia ja kyselyit\u00e4. Viralliset yhteydenottokanavat Yhteydenottolomake: \/contact Yleinen tuki \/ Tietosuoja \/ V\u00e4\u00e4rink\u00e4yt\u00f6kset \/ identiteetin v\u00e4\u00e4rink\u00e4ytt\u00f6 \u2026 ja yhteisty\u00f6 oikeusviranomaisten kanssa*: Tietosuoja: info@sugardaddynordic.com Luokittelu ja vastausajat (SLA) Annamme jokaiselle tapaukselle alkuper\u00e4isen prioriteetin ja pyrimme noudattamaan seuraavia tavoitteita: PrioriteettiEsimerkitVastaanottokuittausEnsitoimetArvioitu ratkaisu*KiireellinenAlaik\u00e4isten tai fyysisen koskemattomuuden riski, uskottavat uhkaukset, aktiivinen identiteettivarkaus, doxxaus, laittoman sis\u00e4ll\u00f6n levitt\u00e4minen0\u20136 h0\u201312 h24\u201348 hKorkeaPetos, vakava h\u00e4irint\u00e4, kiristys, v\u00e4\u00e4r\u00e4t veloitukset, tietovuoto24 h24\u201348 h3\u20135 p\u00e4iv\u00e4\u00e4KeskitasoProfiiliraportit, harhaanjohtava sis\u00e4lt\u00f6, tiliongelmat48 h2\u20133 p\u00e4iv\u00e4\u00e47 p\u00e4iv\u00e4\u00e4MatalaEhdotukset, yleiset kyselyt72 h3\u20135 p\u00e4iv\u00e4\u00e414 p\u00e4iv\u00e4\u00e4 * M\u00e4\u00e4r\u00e4ajat voivat vaihdella tapauksen&hellip;<\/p>\n","category_list":"","author_info":{"name":"Stj\u00f3rnandi SugarDaddy \u00ed Finnlandi","url":"https:\/\/sugardaddynordic.com\/is\/author\/poweb\/"},"comments_num":"0 comments","featured_image_urls_v2":{"full":"","thumbnail":"","medium":"","medium_large":"","large":"","1536x1536":"","2048x2048":"","trp-custom-language-flag":"","crp_thumbnail":""},"post_excerpt_stackable_v2":"<p>SugarDaddyNordic -palvelussa asetamme etusijalle turvallisuuden, l\u00e4pin\u00e4kyvyyden ja nopean reagoinnin yhteis\u00f6mme tarpeisiin. T\u00e4m\u00e4 politiikka selitt\u00e4\u00e4, miten vastaanotamme, priorisoimme ja k\u00e4sittelemme pyynt\u00f6j\u00e4, valituksia, ilmoituksia ja kyselyit\u00e4. Viralliset yhteydenottokanavat Yhteydenottolomake: \/contact Yleinen tuki \/ Tietosuoja \/ V\u00e4\u00e4rink\u00e4yt\u00f6kset \/ identiteetin v\u00e4\u00e4rink\u00e4ytt\u00f6 \u2026 ja yhteisty\u00f6 oikeusviranomaisten kanssa*: Tietosuoja: info@sugardaddynordic.com Luokittelu ja vastausajat (SLA) Annamme jokaiselle tapaukselle alkuper\u00e4isen prioriteetin ja pyrimme noudattamaan seuraavia tavoitteita: PrioriteettiEsimerkitVastaanottokuittausEnsitoimetArvioitu ratkaisu*KiireellinenAlaik\u00e4isten tai fyysisen koskemattomuuden riski, uskottavat uhkaukset, aktiivinen identiteettivarkaus, doxxaus, laittoman sis\u00e4ll\u00f6n levitt\u00e4minen0\u20136 h0\u201312 h24\u201348 hKorkeaPetos, vakava h\u00e4irint\u00e4, kiristys, v\u00e4\u00e4r\u00e4t veloitukset, tietovuoto24 h24\u201348 h3\u20135 p\u00e4iv\u00e4\u00e4KeskitasoProfiiliraportit, harhaanjohtava sis\u00e4lt\u00f6, tiliongelmat48 h2\u20133 p\u00e4iv\u00e4\u00e47 p\u00e4iv\u00e4\u00e4MatalaEhdotukset, yleiset kyselyt72 h3\u20135 p\u00e4iv\u00e4\u00e414 p\u00e4iv\u00e4\u00e4 * M\u00e4\u00e4r\u00e4ajat voivat vaihdella tapauksen&hellip;<\/p>\n","category_list_v2":"","author_info_v2":{"name":"Stj\u00f3rnandi SugarDaddy \u00ed Finnlandi","url":"https:\/\/sugardaddynordic.com\/is\/author\/poweb\/"},"comments_num_v2":"0 comments","yoast_head":"<!-- This site is optimized with the Yoast SEO Premium plugin v26.0 (Yoast SEO v27.3) - https:\/\/yoast.com\/product\/yoast-seo-premium-wordpress\/ -->\n<title>Aktiivinen VastausAktiivisen vastauksen politiikka<\/title>\n<meta name=\"robots\" content=\"index, follow, max-snippet:-1, max-image-preview:large, max-video-preview:-1\" \/>\n<link rel=\"canonical\" href=\"https:\/\/sugardaddynordic.com\/is\/virkt-svar\/\" \/>\n<meta property=\"og:locale\" content=\"is_IS\" \/>\n<meta property=\"og:type\" content=\"article\" \/>\n<meta property=\"og:title\" content=\"Aktiivinen VastausAktiivisen vastauksen politiikka\" \/>\n<meta property=\"og:description\" content=\"SugarDaddyNordic -palvelussa asetamme etusijalle turvallisuuden, l\u00e4pin\u00e4kyvyyden ja nopean reagoinnin yhteis\u00f6mme tarpeisiin. T\u00e4m\u00e4 politiikka selitt\u00e4\u00e4, miten vastaanotamme, priorisoimme ja k\u00e4sittelemme pyynt\u00f6j\u00e4, valituksia, ilmoituksia ja kyselyit\u00e4. Viralliset yhteydenottokanavat Luokittelu ja vastausajat (SLA) Annamme jokaiselle tapaukselle alkuper\u00e4isen prioriteetin ja pyrimme noudattamaan seuraavia tavoitteita: Prioriteetti Esimerkit Vastaanottokuittaus Ensitoimet Arvioitu ratkaisu* Kiireellinen Alaik\u00e4isten tai fyysisen koskemattomuuden riski, uskottavat uhkaukset, aktiivinen ... Read more\" \/>\n<meta property=\"og:url\" content=\"https:\/\/sugardaddynordic.com\/is\/virkt-svar\/\" \/>\n<meta property=\"og:site_name\" content=\"Sugar Daddy Nordic \u00ae\" \/>\n<meta property=\"article:modified_time\" content=\"2025-10-26T06:16:26+00:00\" \/>\n<meta property=\"og:image\" content=\"https:\/\/sugardaddynordic.com\/wp-content\/uploads\/2025\/10\/Logo-Sugar-Daddy-Nordic.png\" \/>\n\t<meta property=\"og:image:width\" content=\"1024\" \/>\n\t<meta property=\"og:image:height\" content=\"1024\" \/>\n\t<meta property=\"og:image:type\" content=\"image\/png\" \/>\n<meta name=\"twitter:card\" content=\"summary_large_image\" \/>\n<meta name=\"twitter:label1\" content=\"Est. reading time\" \/>\n\t<meta name=\"twitter:data1\" content=\"3 minutes\" \/>\n<script type=\"application\/ld+json\" class=\"yoast-schema-graph\">{\"@context\":\"https:\\\/\\\/schema.org\",\"@graph\":[{\"@type\":\"WebPage\",\"@id\":\"https:\\\/\\\/sugardaddynordic.com\\\/aktiivinen-vastaus\\\/\",\"url\":\"https:\\\/\\\/sugardaddynordic.com\\\/aktiivinen-vastaus\\\/\",\"name\":\"Aktiivinen VastausAktiivisen vastauksen politiikka\",\"isPartOf\":{\"@id\":\"https:\\\/\\\/sugardaddynordic.com\\\/#website\"},\"datePublished\":\"2025-08-28T08:08:50+00:00\",\"dateModified\":\"2025-10-26T06:16:26+00:00\",\"breadcrumb\":{\"@id\":\"https:\\\/\\\/sugardaddynordic.com\\\/aktiivinen-vastaus\\\/#breadcrumb\"},\"inLanguage\":\"is\",\"potentialAction\":[{\"@type\":\"ReadAction\",\"target\":[\"https:\\\/\\\/sugardaddynordic.com\\\/aktiivinen-vastaus\\\/\"]}]},{\"@type\":\"BreadcrumbList\",\"@id\":\"https:\\\/\\\/sugardaddynordic.com\\\/aktiivinen-vastaus\\\/#breadcrumb\",\"itemListElement\":[{\"@type\":\"ListItem\",\"position\":1,\"name\":\"Home\",\"item\":\"https:\\\/\\\/sugardaddynordic.com\\\/\"},{\"@type\":\"ListItem\",\"position\":2,\"name\":\"Aktiivinen VastausAktiivisen vastauksen politiikka\"}]},{\"@type\":\"WebSite\",\"@id\":\"https:\\\/\\\/sugardaddynordic.com\\\/#website\",\"url\":\"https:\\\/\\\/sugardaddynordic.com\\\/\",\"name\":\"Sugar Daddy Nordic\",\"description\":\"\",\"publisher\":{\"@id\":\"https:\\\/\\\/sugardaddynordic.com\\\/#organization\"},\"alternateName\":\"Sugar Daddy Nordic powered by Sugar Daddy Planet\",\"potentialAction\":[{\"@type\":\"SearchAction\",\"target\":{\"@type\":\"EntryPoint\",\"urlTemplate\":\"https:\\\/\\\/sugardaddynordic.com\\\/?s={search_term_string}\"},\"query-input\":{\"@type\":\"PropertyValueSpecification\",\"valueRequired\":true,\"valueName\":\"search_term_string\"}}],\"inLanguage\":\"is\"},{\"@type\":[\"Organization\",\"DatingService\"],\"@id\":\"https:\\\/\\\/sugardaddynordic.com\\\/#organization\",\"name\":\"Sugar Daddy Nordic\",\"url\":\"https:\\\/\\\/sugardaddynordic.com\\\/\",\"logo\":{\"@type\":\"ImageObject\",\"inLanguage\":\"is\",\"@id\":\"https:\\\/\\\/sugardaddynordic.com\\\/#\\\/schema\\\/logo\\\/image\\\/\",\"url\":\"https:\\\/\\\/sugardaddynordic.com\\\/wp-content\\\/uploads\\\/2025\\\/10\\\/cropped-Logo-Sugar-Daddy-Nordic.png\",\"contentUrl\":\"https:\\\/\\\/sugardaddynordic.com\\\/wp-content\\\/uploads\\\/2025\\\/10\\\/cropped-Logo-Sugar-Daddy-Nordic.png\",\"width\":1022,\"height\":323,\"caption\":\"Sugar Daddy Nordic\"},\"image\":{\"@id\":\"https:\\\/\\\/sugardaddynordic.com\\\/#\\\/schema\\\/logo\\\/image\\\/\"},\"serviceType\":\"Dating Service\",\"category\":\"Dating\",\"publishingPrinciples\":\"https:\\\/\\\/sugardaddynordic.com\\\/julkaisustandardit\\\/\",\"ownershipFundingInfo\":\"https:\\\/\\\/sugardaddynordic.com\\\/rahoitus\\\/\",\"actionableFeedbackPolicy\":\"https:\\\/\\\/sugardaddynordic.com\\\/korjauskaytanto\\\/\",\"correctionsPolicy\":\"https:\\\/\\\/sugardaddynordic.com\\\/korjauskaytanto\\\/\",\"ethicsPolicy\":\"https:\\\/\\\/sugardaddynordic.com\\\/eettinen-politiikka\\\/\",\"diversityPolicy\":\"https:\\\/\\\/sugardaddynordic.com\\\/monimuotoisuus\\\/\",\"diversityStaffingReport\":\"https:\\\/\\\/sugardaddynordic.com\\\/yhteistyo\\\/\"}]}<\/script>\n<!-- \/ Yoast SEO Premium plugin. -->","yoast_head_json":{"title":"Virk vi\u00f0br\u00f6g\u00f0Stefna um virka vi\u00f0br\u00f6g\u00f0","robots":{"index":"index","follow":"follow","max-snippet":"max-snippet:-1","max-image-preview":"max-image-preview:large","max-video-preview":"max-video-preview:-1"},"canonical":"https:\/\/sugardaddynordic.com\/is\/virkt-svar\/","og_locale":"is_IS","og_type":"article","og_title":"Aktiivinen VastausAktiivisen vastauksen politiikka","og_description":"SugarDaddyNordic -palvelussa asetamme etusijalle turvallisuuden, l\u00e4pin\u00e4kyvyyden ja nopean reagoinnin yhteis\u00f6mme tarpeisiin. T\u00e4m\u00e4 politiikka selitt\u00e4\u00e4, miten vastaanotamme, priorisoimme ja k\u00e4sittelemme pyynt\u00f6j\u00e4, valituksia, ilmoituksia ja kyselyit\u00e4. Viralliset yhteydenottokanavat Luokittelu ja vastausajat (SLA) Annamme jokaiselle tapaukselle alkuper\u00e4isen prioriteetin ja pyrimme noudattamaan seuraavia tavoitteita: Prioriteetti Esimerkit Vastaanottokuittaus Ensitoimet Arvioitu ratkaisu* Kiireellinen Alaik\u00e4isten tai fyysisen koskemattomuuden riski, uskottavat uhkaukset, aktiivinen ... Read more","og_url":"https:\/\/sugardaddynordic.com\/is\/virkt-svar\/","og_site_name":"Sugar Daddy Nordic \u00ae","article_modified_time":"2025-10-26T06:16:26+00:00","og_image":[{"width":1024,"height":1024,"url":"https:\/\/sugardaddynordic.com\/wp-content\/uploads\/2025\/10\/Logo-Sugar-Daddy-Nordic.png","type":"image\/png"}],"twitter_card":"summary_large_image","twitter_misc":{"Est. reading time":"3 minutes"},"schema":{"@context":"https:\/\/schema.org","@graph":[{"@type":"WebPage","@id":"https:\/\/sugardaddynordic.com\/aktiivinen-vastaus\/","url":"https:\/\/sugardaddynordic.com\/aktiivinen-vastaus\/","name":"Virk vi\u00f0br\u00f6g\u00f0Stefna um virka vi\u00f0br\u00f6g\u00f0","isPartOf":{"@id":"https:\/\/sugardaddynordic.com\/#website"},"datePublished":"2025-08-28T08:08:50+00:00","dateModified":"2025-10-26T06:16:26+00:00","breadcrumb":{"@id":"https:\/\/sugardaddynordic.com\/aktiivinen-vastaus\/#breadcrumb"},"inLanguage":"is","potentialAction":[{"@type":"ReadAction","target":["https:\/\/sugardaddynordic.com\/aktiivinen-vastaus\/"]}]},{"@type":"BreadcrumbList","@id":"https:\/\/sugardaddynordic.com\/aktiivinen-vastaus\/#breadcrumb","itemListElement":[{"@type":"ListItem","position":1,"name":"Home","item":"https:\/\/sugardaddynordic.com\/"},{"@type":"ListItem","position":2,"name":"Aktiivinen VastausAktiivisen vastauksen politiikka"}]},{"@type":"WebSite","@id":"https:\/\/sugardaddynordic.com\/#website","url":"https:\/\/sugardaddynordic.com\/","name":"sugar daddy Norr\u00e6nn","description":"","publisher":{"@id":"https:\/\/sugardaddynordic.com\/#organization"},"alternateName":"Sugar Daddy Nordic powered by Sugar Daddy Planet","potentialAction":[{"@type":"SearchAction","target":{"@type":"EntryPoint","urlTemplate":"https:\/\/sugardaddynordic.com\/?s={search_term_string}"},"query-input":{"@type":"PropertyValueSpecification","valueRequired":true,"valueName":"search_term_string"}}],"inLanguage":"is"},{"@type":["Organization","DatingService"],"@id":"https:\/\/sugardaddynordic.com\/#organization","name":"sugar daddy Norr\u00e6nn","url":"https:\/\/sugardaddynordic.com\/","logo":{"@type":"ImageObject","inLanguage":"is","@id":"https:\/\/sugardaddynordic.com\/#\/schema\/logo\/image\/","url":"https:\/\/sugardaddynordic.com\/wp-content\/uploads\/2025\/10\/cropped-Logo-Sugar-Daddy-Nordic.png","contentUrl":"https:\/\/sugardaddynordic.com\/wp-content\/uploads\/2025\/10\/cropped-Logo-Sugar-Daddy-Nordic.png","width":1022,"height":323,"caption":"Sugar Daddy Nordic"},"image":{"@id":"https:\/\/sugardaddynordic.com\/#\/schema\/logo\/image\/"},"serviceType":"Dating Service","category":"Dating","publishingPrinciples":"https:\/\/sugardaddynordic.com\/julkaisustandardit\/","ownershipFundingInfo":"https:\/\/sugardaddynordic.com\/rahoitus\/","actionableFeedbackPolicy":"https:\/\/sugardaddynordic.com\/korjauskaytanto\/","correctionsPolicy":"https:\/\/sugardaddynordic.com\/korjauskaytanto\/","ethicsPolicy":"https:\/\/sugardaddynordic.com\/eettinen-politiikka\/","diversityPolicy":"https:\/\/sugardaddynordic.com\/monimuotoisuus\/","diversityStaffingReport":"https:\/\/sugardaddynordic.com\/yhteistyo\/"}]}},"_links":{"self":[{"href":"https:\/\/sugardaddynordic.com\/is\/wp-json\/wp\/v2\/pages\/13441","targetHints":{"allow":["GET"]}}],"collection":[{"href":"https:\/\/sugardaddynordic.com\/is\/wp-json\/wp\/v2\/pages"}],"about":[{"href":"https:\/\/sugardaddynordic.com\/is\/wp-json\/wp\/v2\/types\/page"}],"author":[{"embeddable":true,"href":"https:\/\/sugardaddynordic.com\/is\/wp-json\/wp\/v2\/users\/1"}],"replies":[{"embeddable":true,"href":"https:\/\/sugardaddynordic.com\/is\/wp-json\/wp\/v2\/comments?post=13441"}],"version-history":[{"count":0,"href":"https:\/\/sugardaddynordic.com\/is\/wp-json\/wp\/v2\/pages\/13441\/revisions"}],"wp:attachment":[{"href":"https:\/\/sugardaddynordic.com\/is\/wp-json\/wp\/v2\/media?parent=13441"}],"curies":[{"name":"wp","href":"https:\/\/api.w.org\/{rel}","templated":true}]}}