{"id":13442,"date":"2025-08-28T11:08:52","date_gmt":"2025-08-28T08:08:52","guid":{"rendered":"https:\/\/sugardaddynordic.com\/?page_id=13442"},"modified":"2025-10-26T08:18:22","modified_gmt":"2025-10-26T06:18:22","slug":"sidferdisstefna","status":"publish","type":"page","link":"https:\/\/sugardaddynordic.com\/is\/eettinen-politiikka\/","title":{"rendered":"Si\u00f0fer\u00f0ileg stj\u00f3rnm\u00e1l"},"content":{"rendered":"<p>Hj\u00e1 SugarDaddyNordic stu\u00f0lum vi\u00f0 a\u00f0 l\u00f6glegum, \u00f6ruggum og sam\u00feykkisbundnum samb\u00f6ndum. \u00deessi stefna setur fram meginreglur og reglur sem st\u00fdra heg\u00f0un \u00e1 vettvangi, bloggi og \u00ed samskiptum okkar.<\/p>\n\n\n\n<h3 class=\"wp-block-heading\" id=\"h-soveltamisala\">Gildissvi\u00f0<\/h3>\n\n\n\n<p>\u00c1 vi\u00f0 um alla notendur, teymi okkar, samstarfsa\u00f0ila og v\u00f6rumerki sem vi\u00f0 vinnum me\u00f0.<\/p>\n\n\n\n<h2 class=\"wp-block-heading\" id=\"h-periaatteet\">Pallur<\/h2>\n\n\n\n<ul class=\"wp-block-list\">\n<li><strong>Vir\u00f0ing og reisn<\/strong>vinaleg me\u00f0fer\u00f0 \u00e1n m\u00f3\u00f0gana, h\u00f3tana e\u00f0a au\u00f0m\u00fdkingar.<\/li>\n\n\n\n<li><strong>Sam\u00feykki<\/strong>Samskipti \u00e6ttu a\u00f0 vera frj\u00e1ls, uppl\u00fdst og afturkr\u00e6f.<\/li>\n\n\n\n<li><strong>L\u00f6gm\u00e6ti<\/strong>n\u00fall umbur\u00f0arlyndi gagnvart \u00f3l\u00f6glegri starfsemi e\u00f0a heg\u00f0un sem stofnar \u00f6\u00f0rum \u00ed h\u00e6ttu.<\/li>\n\n\n\n<li><strong>Gagns\u00e6i og \u00e1rei\u00f0anleiki<\/strong>sannar uppl\u00fdsingar \u00ed pr\u00f3f\u00edlum og samskiptum.<\/li>\n\n\n\n<li><strong>Pers\u00f3nuvernd<\/strong>a\u00f0 vernda uppl\u00fdsingar og vir\u00f0a pers\u00f3nuleg m\u00f6rk.<\/li>\n\n\n\n<li><strong>A\u00f0gengi og mismununarbann<\/strong>a\u00f0 berjast gegn \u00f6llum ger\u00f0um haturs og \u00fatilokunar.<\/li>\n\n\n\n<li><strong>Vi\u00f0skiptahei\u00f0arleiki<\/strong>Augl\u00fdsingar, samstarf og styrktara\u00f0ilar eru greinilega merktir og hafa engin \u00e1hrif \u00e1 \u00f6ryggi e\u00f0a h\u00f3fsemi.<\/li>\n<\/ul>\n\n\n\n<h2 class=\"wp-block-heading\" id=\"h-yhteison-kayttaytymissaannot\">Si\u00f0areglur samf\u00e9lagsins<\/h2>\n\n\n\n<ul class=\"wp-block-list\">\n<li><strong>18 \u00e1ra og eldri<\/strong>Skr\u00e1ning e\u00f0a birting efnis af h\u00e1lfu \u00f3l\u00f6gr\u00e1\u00f0a einstaklinga er b\u00f6nnu\u00f0.<\/li>\n\n\n\n<li><strong>Engin misnotkun e\u00f0a mansal<\/strong>\u00d3heimilt er a\u00f0 veita, bj\u00f3\u00f0a e\u00f0a \u00f3ska eftir kynl\u00edfs\u00fej\u00f3nustu \u00ed skiptum fyrir peninga e\u00f0a v\u00f6rur, sem og \u00f6ll \u00f3l\u00f6gleg starfsemi.<\/li>\n\n\n\n<li><strong>N\u00fall umbur\u00f0arlyndi gagnvart \u00e1reitni<\/strong>felur \u00ed s\u00e9r kynfer\u00f0islega \u00e1reitni, \u00f3\u00e6skileg endurtekin skilabo\u00f0, fj\u00e1rk\u00fagun, doxxing og dreifingu einkaefnis.<\/li>\n\n\n\n<li><strong>Svik b\u00f6nnu\u00f0<\/strong>: svik, p\u00edram\u00eddakerfi, netvei\u00f0ar e\u00f0a au\u00f0kennissvik.<\/li>\n\n\n\n<li><strong>Takm\u00f6rkun \u00e1 leyfilegu efni<\/strong>Ekkert kynfer\u00f0islegt efni, engin nekt, ekkert ofbeldi, engin hatursor\u00f0r\u00e6\u00f0a, ekkert efni fyrir unglinga.<\/li>\n\n\n\n<li><strong>\u00c1rei\u00f0anleiki<\/strong>Engin au\u00f0kennissvik e\u00f0a notkun \u00f3heimilra mynda.<\/li>\n\n\n\n<li><strong>Engar fyrirframgrei\u00f0slur e\u00f0a bei\u00f0nir um peninga<\/strong> \u00e1n sk\u00fdrs og lagalegs samhengis; aldrei deila lykilor\u00f0um, skj\u00f6lum e\u00f0a bankauppl\u00fdsingum \u00ed spjalli.<\/li>\n\n\n\n<li><strong>Vir\u00f0i\u00f0 m\u00f6rk<\/strong>Ef einhver segir \u201enei\u201c e\u00f0a h\u00e6ttir a\u00f0 svara, sl\u00edti\u00f0 \u00fe\u00e1 samskiptunum.<\/li>\n<\/ul>\n\n\n\n<p><strong>Mikilv\u00e6gt<\/strong>SugarDaddyNordic mi\u00f0lar ekki grei\u00f0slum, b\u00fd\u00f0ur ekki upp \u00e1 f\u00e9lagsskap og leyfir ekki samningavi\u00f0r\u00e6\u00f0ur um kynfer\u00f0islegar athafnir. \u00d6ll samb\u00f6nd og efnislegur stu\u00f0ningur ver\u00f0ur a\u00f0 vera l\u00f6glegur, sj\u00e1lfviljugur og \u00e1n nau\u00f0ungar.<\/p>\n\n\n\n<h2 class=\"wp-block-heading\" id=\"h-profiilien-sisalto-ja-viestit\">Pr\u00f3f\u00edlefni og skilabo\u00f0<\/h2>\n\n\n\n<ul class=\"wp-block-list\">\n<li>Noti\u00f0 ykkar eigin myndir (ekki b\u00f6rn e\u00f0a \u00feri\u00f0ju a\u00f0ilar \u00e1n leyfis).<\/li>\n\n\n\n<li>Ekki birta vi\u00f0kv\u00e6mar uppl\u00fdsingar (heimilisfang, skj\u00f6l, bankareikninga).<\/li>\n\n\n\n<li>Ekki skal nota ska\u00f0lega tengla, ruslp\u00f3st e\u00f0a \u00f3heimilar augl\u00fdsingar.<\/li>\n\n\n\n<li>Tilkynni\u00f0 pr\u00f3f\u00edla e\u00f0a f\u00e6rslur sem brj\u00f3ta gegn \u00feessum reglum.<\/li>\n<\/ul>\n\n\n\n<h2 class=\"wp-block-heading\" id=\"h-turvallisuus-tapaamisissa\">\u00d6ryggi \u00e1 fundum<\/h2>\n\n\n\n<ul class=\"wp-block-list\">\n<li>Hittist fyrst \u00e1 almannaf\u00e6ri, l\u00e1ti\u00f0 traustan a\u00f0ila vita og noti\u00f0 eigin samg\u00f6ngur.<\/li>\n\n\n\n<li>Ekki senda peninga til \u00f3kunnugra og ekki deila sta\u00f0festingark\u00f3\u00f0um.<\/li>\n\n\n\n<li>Ef nau\u00f0syn krefur, sta\u00f0festu au\u00f0kenni \u00feitt me\u00f0 mynds\u00edmtali fyrirfram.<\/li>\n\n\n\n<li>Nota\u00f0u lokunar- og tilkynningart\u00f3l kerfisins.<\/li>\n\n\n\n<li>F\u00e1\u00f0u frekari uppl\u00fdsingar um \u00f6ryggi \u00e1 netinu og \u00ed stefnum\u00f3tum \u00ed \u00fej\u00f3nustuveri okkar.<\/li>\n<\/ul>\n\n\n\n<h2 class=\"wp-block-heading\" id=\"h-moderointi-ja-soveltaminen\">Stj\u00f3rnun og beiting<\/h2>\n\n\n\n<ul class=\"wp-block-list\">\n<li>Vi\u00f0 sameinum sj\u00e1lfvirk kerfi og mannlega \u00fattekt.<\/li>\n\n\n\n<li>M\u00f6gulegar a\u00f0ger\u00f0ir eru me\u00f0al annars: vi\u00f0varanir, takmarkanir, lokun e\u00f0a lokun reiknings, fjarl\u00e6ging efnis og tilkynning til yfirvalda ef \u00fe\u00f6rf krefur.<\/li>\n\n\n\n<li>\u00c1kvar\u00f0anir eru bygg\u00f0ar \u00e1 \u00feessari si\u00f0astefnu, stefnu um virk vi\u00f0br\u00f6g\u00f0 og notkunarskilm\u00e1lunum.<\/li>\n<\/ul>\n\n\n\n<h2 class=\"wp-block-heading\" id=\"h-valitukset\">Kvartanir<\/h2>\n\n\n\n<p>\u00de\u00fa getur \u00e1fr\u00fdja\u00f0 \u00e1kv\u00f6r\u00f0unum um stj\u00f3rnunarh\u00e6tti <strong>20 dagar<\/strong> innan me\u00f0 \u00fev\u00ed a\u00f0 skrifa \u00e1 heimilisfangi\u00f0 <strong>info@sugardaddynordic.com<\/strong> og me\u00f0 \u00fev\u00ed a\u00f0 gefa upp m\u00e1lsau\u00f0kenni\u00f0.<\/p>\n\n\n\n<h3 class=\"wp-block-heading\" id=\"h-toimituksellinen-ja-mainonnallinen-eheys-blogi\">Ritstj\u00f3rnar- og augl\u00fdsingahei\u00f0arleiki (blogg)<\/h3>\n\n\n\n<ul class=\"wp-block-list\">\n<li>Styrktara\u00f0ilar og tenglar \u00e1 samstarfsa\u00f0ila eru greinilega merktir.<\/li>\n\n\n\n<li>Ritstj\u00f3rnarlegt efni er \u00f3h\u00e1\u00f0 augl\u00fdsendum og samstarfsa\u00f0ilum.<\/li>\n\n\n\n<li>Vi\u00f0 sam\u00feykkjum ekki villandi starfsh\u00e6tti e\u00f0a \u201egrei\u00f0slul\u00edk\u00f6n\u201c.<\/li>\n<\/ul>\n\n\n\n<h2 class=\"wp-block-heading\" id=\"h-yksityisyys\">Pers\u00f3nuvernd<\/h2>\n\n\n\n<p>Vi\u00f0 vinnum \u00far uppl\u00fdsingum <strong>Pers\u00f3nuverndar- og vafrak\u00f6kustefna okkar<\/strong> \u00ed samr\u00e6mi vi\u00f0.<\/p>\n\n\n\n<h3 class=\"wp-block-heading\" id=\"h-lmoittaminen\">Tilkynning<\/h3>\n\n\n\n<ul class=\"wp-block-list\">\n<li>Misnotkun \/ Svik \/ Stu\u00f0ningur \/ Pers\u00f3nuvernd: Yfirv\u00f6ld \/ L\u00f6gleg m\u00e1l: <strong>info@sugardaddynordic.com<\/strong><\/li>\n<\/ul>\n\n\n\n<h2 class=\"wp-block-heading\" id=\"h-paivitykset\">Uppf\u00e6rslur<\/h2>\n\n\n\n<p>S\u00ed\u00f0ast athuga\u00f0: <strong>26.10.2025<\/strong>.<br>Vi\u00f0 g\u00e6tum uppf\u00e6rt \u00feessa stefnu og munum birta breytingar \u00e1berandi.<\/p>","protected":false},"excerpt":{"rendered":"<p>Hj\u00e1 SugarDaddyNordic stu\u00f0lum vi\u00f0 a\u00f0 l\u00f6glegum, \u00f6ruggum og sam\u00feykkisbundnum samb\u00f6ndum. \u00deessi stefna setur fram meginreglur og reglur sem st\u00fdra heg\u00f0un \u00e1 vettvangi, bloggi og \u00ed samskiptum okkar. Gildissvi\u00f0 \u00c1 vi\u00f0 um alla notendur, teymi okkar, samstarfsa\u00f0ila og v\u00f6rumerki sem vi\u00f0 vinnum me\u00f0. Meginreglur Heg\u00f0unarreglur samf\u00e9lagsins Mikilv\u00e6gt: SugarDaddyNordic mi\u00f0lar ekki grei\u00f0slum, veitir ekki f\u00e9lags\u00fej\u00f3nustu og leyfir ekki samningavi\u00f0r\u00e6\u00f0ur um kynfer\u00f0islegar athafnir. \u00d6ll samb\u00f6nd og efnislegur stu\u00f0ningur ver\u00f0ur a\u00f0 [\u2026] <a title=\"Si\u00f0fer\u00f0ileg stj\u00f3rnm\u00e1l\" class=\"read-more\" href=\"https:\/\/sugardaddynordic.com\/is\/eettinen-politiikka\/\" aria-label=\"Read more about Eettinen Politiikka\">Lesa meira<\/a><\/p>","protected":false},"author":1,"featured_media":0,"parent":0,"menu_order":0,"comment_status":"closed","ping_status":"closed","template":"","meta":{"generate_page_header":"","footnotes":""},"class_list":{"0":"post-13442","1":"page","2":"type-page","3":"status-publish","5":"infinite-scroll-item"},"featured_image_urls":{"full":"","thumbnail":"","medium":"","medium_large":"","large":"","1536x1536":"","2048x2048":"","trp-custom-language-flag":"","crp_thumbnail":""},"post_excerpt_stackable":"<p>SugarDaddyNordic -palvelussa edist\u00e4mme laillisia, turvallisia ja suostumuksellisia suhteita. T\u00e4m\u00e4 politiikka m\u00e4\u00e4rittelee periaatteet ja s\u00e4\u00e4nn\u00f6t, jotka ohjaavat k\u00e4ytt\u00e4ytymist\u00e4 alustalla, blogissa ja viestinn\u00e4ss\u00e4mme. Soveltamisala Koskee kaikkia k\u00e4ytt\u00e4ji\u00e4, tiimi\u00e4mme, yhteisty\u00f6kumppaneita ja br\u00e4ndej\u00e4, joiden kanssa teemme yhteisty\u00f6t\u00e4. Periaatteet Kunnioitus ja ihmisarvo: yst\u00e4v\u00e4llinen kohtelu ilman loukkauksia, uhkauksia tai n\u00f6yryytt\u00e4mist\u00e4. Suostumus: vuorovaikutuksen tulee olla vapaata, tietoon perustuvaa ja peruutettavissa. Laillisuus: nollatoleranssi laittomalle toiminnalle tai k\u00e4yt\u00f6kselle, joka vaarantaa muita. L\u00e4pin\u00e4kyvyys ja aitous: todenmukaiset tiedot profiileissa ja viestinn\u00e4ss\u00e4. Yksityisyys: tietojen suojaaminen ja henkil\u00f6kohtaisten rajojen kunnioittaminen. Osallisuus ja syrjim\u00e4tt\u00f6myys: kaikenlaisen vihan ja poissulkemisen torjuminen. Kaupallinen eheys: mainonta, kumppanuudet ja sponsoroinnit merkit\u00e4\u00e4n selke\u00e4sti eik\u00e4 niill\u00e4 ole vaikutusta turvallisuuteen tai moderointiin.&hellip;<\/p>\n","category_list":"","author_info":{"name":"Stj\u00f3rnandi SugarDaddy \u00ed Finnlandi","url":"https:\/\/sugardaddynordic.com\/is\/author\/poweb\/"},"comments_num":"0 comments","featured_image_urls_v2":{"full":"","thumbnail":"","medium":"","medium_large":"","large":"","1536x1536":"","2048x2048":"","trp-custom-language-flag":"","crp_thumbnail":""},"post_excerpt_stackable_v2":"<p>SugarDaddyNordic -palvelussa edist\u00e4mme laillisia, turvallisia ja suostumuksellisia suhteita. T\u00e4m\u00e4 politiikka m\u00e4\u00e4rittelee periaatteet ja s\u00e4\u00e4nn\u00f6t, jotka ohjaavat k\u00e4ytt\u00e4ytymist\u00e4 alustalla, blogissa ja viestinn\u00e4ss\u00e4mme. Soveltamisala Koskee kaikkia k\u00e4ytt\u00e4ji\u00e4, tiimi\u00e4mme, yhteisty\u00f6kumppaneita ja br\u00e4ndej\u00e4, joiden kanssa teemme yhteisty\u00f6t\u00e4. Periaatteet Kunnioitus ja ihmisarvo: yst\u00e4v\u00e4llinen kohtelu ilman loukkauksia, uhkauksia tai n\u00f6yryytt\u00e4mist\u00e4. Suostumus: vuorovaikutuksen tulee olla vapaata, tietoon perustuvaa ja peruutettavissa. Laillisuus: nollatoleranssi laittomalle toiminnalle tai k\u00e4yt\u00f6kselle, joka vaarantaa muita. L\u00e4pin\u00e4kyvyys ja aitous: todenmukaiset tiedot profiileissa ja viestinn\u00e4ss\u00e4. Yksityisyys: tietojen suojaaminen ja henkil\u00f6kohtaisten rajojen kunnioittaminen. Osallisuus ja syrjim\u00e4tt\u00f6myys: kaikenlaisen vihan ja poissulkemisen torjuminen. Kaupallinen eheys: mainonta, kumppanuudet ja sponsoroinnit merkit\u00e4\u00e4n selke\u00e4sti eik\u00e4 niill\u00e4 ole vaikutusta turvallisuuteen tai moderointiin.&hellip;<\/p>\n","category_list_v2":"","author_info_v2":{"name":"Stj\u00f3rnandi SugarDaddy \u00ed Finnlandi","url":"https:\/\/sugardaddynordic.com\/is\/author\/poweb\/"},"comments_num_v2":"0 comments","yoast_head":"<!-- This site is optimized with the Yoast SEO Premium plugin v26.0 (Yoast SEO v27.3) - https:\/\/yoast.com\/product\/yoast-seo-premium-wordpress\/ -->\n<title>Eettinen Politiikka<\/title>\n<meta name=\"robots\" content=\"index, follow, max-snippet:-1, max-image-preview:large, max-video-preview:-1\" \/>\n<link rel=\"canonical\" href=\"https:\/\/sugardaddynordic.com\/is\/sidferdisstefna\/\" \/>\n<meta property=\"og:locale\" content=\"is_IS\" \/>\n<meta property=\"og:type\" content=\"article\" \/>\n<meta property=\"og:title\" content=\"Eettinen Politiikka\" \/>\n<meta property=\"og:description\" content=\"SugarDaddyNordic -palvelussa edist\u00e4mme laillisia, turvallisia ja suostumuksellisia suhteita. T\u00e4m\u00e4 politiikka m\u00e4\u00e4rittelee periaatteet ja s\u00e4\u00e4nn\u00f6t, jotka ohjaavat k\u00e4ytt\u00e4ytymist\u00e4 alustalla, blogissa ja viestinn\u00e4ss\u00e4mme. Soveltamisala Koskee kaikkia k\u00e4ytt\u00e4ji\u00e4, tiimi\u00e4mme, yhteisty\u00f6kumppaneita ja br\u00e4ndej\u00e4, joiden kanssa teemme yhteisty\u00f6t\u00e4. Periaatteet Yhteis\u00f6n k\u00e4ytt\u00e4ytymiss\u00e4\u00e4nn\u00f6t T\u00e4rke\u00e4\u00e4: SugarDaddyNordic ei v\u00e4lit\u00e4 maksuja, ei tarjoa seuralaispalveluja eik\u00e4 salli seksuaalisten tekojen neuvottelua. Kaikkien suhteiden ja materiaalisen tuen tulee ... Read more\" \/>\n<meta property=\"og:url\" content=\"https:\/\/sugardaddynordic.com\/is\/sidferdisstefna\/\" \/>\n<meta property=\"og:site_name\" content=\"Sugar Daddy Nordic \u00ae\" \/>\n<meta property=\"article:modified_time\" content=\"2025-10-26T06:18:22+00:00\" \/>\n<meta property=\"og:image\" content=\"https:\/\/sugardaddynordic.com\/wp-content\/uploads\/2025\/10\/Logo-Sugar-Daddy-Nordic.png\" \/>\n\t<meta property=\"og:image:width\" content=\"1024\" \/>\n\t<meta property=\"og:image:height\" content=\"1024\" \/>\n\t<meta property=\"og:image:type\" content=\"image\/png\" \/>\n<meta name=\"twitter:card\" content=\"summary_large_image\" \/>\n<meta name=\"twitter:label1\" content=\"Est. reading time\" \/>\n\t<meta name=\"twitter:data1\" content=\"3 minutes\" \/>\n<script type=\"application\/ld+json\" class=\"yoast-schema-graph\">{\"@context\":\"https:\\\/\\\/schema.org\",\"@graph\":[{\"@type\":\"WebPage\",\"@id\":\"https:\\\/\\\/sugardaddynordic.com\\\/eettinen-politiikka\\\/\",\"url\":\"https:\\\/\\\/sugardaddynordic.com\\\/eettinen-politiikka\\\/\",\"name\":\"Eettinen Politiikka\",\"isPartOf\":{\"@id\":\"https:\\\/\\\/sugardaddynordic.com\\\/#website\"},\"datePublished\":\"2025-08-28T08:08:52+00:00\",\"dateModified\":\"2025-10-26T06:18:22+00:00\",\"breadcrumb\":{\"@id\":\"https:\\\/\\\/sugardaddynordic.com\\\/eettinen-politiikka\\\/#breadcrumb\"},\"inLanguage\":\"is\",\"potentialAction\":[{\"@type\":\"ReadAction\",\"target\":[\"https:\\\/\\\/sugardaddynordic.com\\\/eettinen-politiikka\\\/\"]}]},{\"@type\":\"BreadcrumbList\",\"@id\":\"https:\\\/\\\/sugardaddynordic.com\\\/eettinen-politiikka\\\/#breadcrumb\",\"itemListElement\":[{\"@type\":\"ListItem\",\"position\":1,\"name\":\"Home\",\"item\":\"https:\\\/\\\/sugardaddynordic.com\\\/\"},{\"@type\":\"ListItem\",\"position\":2,\"name\":\"Eettinen Politiikka\"}]},{\"@type\":\"WebSite\",\"@id\":\"https:\\\/\\\/sugardaddynordic.com\\\/#website\",\"url\":\"https:\\\/\\\/sugardaddynordic.com\\\/\",\"name\":\"Sugar Daddy Nordic\",\"description\":\"\",\"publisher\":{\"@id\":\"https:\\\/\\\/sugardaddynordic.com\\\/#organization\"},\"alternateName\":\"Sugar Daddy Nordic powered by Sugar Daddy Planet\",\"potentialAction\":[{\"@type\":\"SearchAction\",\"target\":{\"@type\":\"EntryPoint\",\"urlTemplate\":\"https:\\\/\\\/sugardaddynordic.com\\\/?s={search_term_string}\"},\"query-input\":{\"@type\":\"PropertyValueSpecification\",\"valueRequired\":true,\"valueName\":\"search_term_string\"}}],\"inLanguage\":\"is\"},{\"@type\":[\"Organization\",\"DatingService\"],\"@id\":\"https:\\\/\\\/sugardaddynordic.com\\\/#organization\",\"name\":\"Sugar Daddy Nordic\",\"url\":\"https:\\\/\\\/sugardaddynordic.com\\\/\",\"logo\":{\"@type\":\"ImageObject\",\"inLanguage\":\"is\",\"@id\":\"https:\\\/\\\/sugardaddynordic.com\\\/#\\\/schema\\\/logo\\\/image\\\/\",\"url\":\"https:\\\/\\\/sugardaddynordic.com\\\/wp-content\\\/uploads\\\/2025\\\/10\\\/cropped-Logo-Sugar-Daddy-Nordic.png\",\"contentUrl\":\"https:\\\/\\\/sugardaddynordic.com\\\/wp-content\\\/uploads\\\/2025\\\/10\\\/cropped-Logo-Sugar-Daddy-Nordic.png\",\"width\":1022,\"height\":323,\"caption\":\"Sugar Daddy Nordic\"},\"image\":{\"@id\":\"https:\\\/\\\/sugardaddynordic.com\\\/#\\\/schema\\\/logo\\\/image\\\/\"},\"serviceType\":\"Dating Service\",\"category\":\"Dating\",\"publishingPrinciples\":\"https:\\\/\\\/sugardaddynordic.com\\\/julkaisustandardit\\\/\",\"ownershipFundingInfo\":\"https:\\\/\\\/sugardaddynordic.com\\\/rahoitus\\\/\",\"actionableFeedbackPolicy\":\"https:\\\/\\\/sugardaddynordic.com\\\/korjauskaytanto\\\/\",\"correctionsPolicy\":\"https:\\\/\\\/sugardaddynordic.com\\\/korjauskaytanto\\\/\",\"ethicsPolicy\":\"https:\\\/\\\/sugardaddynordic.com\\\/eettinen-politiikka\\\/\",\"diversityPolicy\":\"https:\\\/\\\/sugardaddynordic.com\\\/monimuotoisuus\\\/\",\"diversityStaffingReport\":\"https:\\\/\\\/sugardaddynordic.com\\\/yhteistyo\\\/\"}]}<\/script>\n<!-- \/ Yoast SEO Premium plugin. -->","yoast_head_json":{"title":"Si\u00f0fer\u00f0ileg stj\u00f3rnm\u00e1l","robots":{"index":"index","follow":"follow","max-snippet":"max-snippet:-1","max-image-preview":"max-image-preview:large","max-video-preview":"max-video-preview:-1"},"canonical":"https:\/\/sugardaddynordic.com\/is\/sidferdisstefna\/","og_locale":"is_IS","og_type":"article","og_title":"Eettinen Politiikka","og_description":"SugarDaddyNordic -palvelussa edist\u00e4mme laillisia, turvallisia ja suostumuksellisia suhteita. T\u00e4m\u00e4 politiikka m\u00e4\u00e4rittelee periaatteet ja s\u00e4\u00e4nn\u00f6t, jotka ohjaavat k\u00e4ytt\u00e4ytymist\u00e4 alustalla, blogissa ja viestinn\u00e4ss\u00e4mme. Soveltamisala Koskee kaikkia k\u00e4ytt\u00e4ji\u00e4, tiimi\u00e4mme, yhteisty\u00f6kumppaneita ja br\u00e4ndej\u00e4, joiden kanssa teemme yhteisty\u00f6t\u00e4. Periaatteet Yhteis\u00f6n k\u00e4ytt\u00e4ytymiss\u00e4\u00e4nn\u00f6t T\u00e4rke\u00e4\u00e4: SugarDaddyNordic ei v\u00e4lit\u00e4 maksuja, ei tarjoa seuralaispalveluja eik\u00e4 salli seksuaalisten tekojen neuvottelua. Kaikkien suhteiden ja materiaalisen tuen tulee ... Read more","og_url":"https:\/\/sugardaddynordic.com\/is\/sidferdisstefna\/","og_site_name":"Sugar Daddy Nordic \u00ae","article_modified_time":"2025-10-26T06:18:22+00:00","og_image":[{"width":1024,"height":1024,"url":"https:\/\/sugardaddynordic.com\/wp-content\/uploads\/2025\/10\/Logo-Sugar-Daddy-Nordic.png","type":"image\/png"}],"twitter_card":"summary_large_image","twitter_misc":{"Est. reading time":"3 minutes"},"schema":{"@context":"https:\/\/schema.org","@graph":[{"@type":"WebPage","@id":"https:\/\/sugardaddynordic.com\/eettinen-politiikka\/","url":"https:\/\/sugardaddynordic.com\/eettinen-politiikka\/","name":"Si\u00f0fer\u00f0ileg stj\u00f3rnm\u00e1l","isPartOf":{"@id":"https:\/\/sugardaddynordic.com\/#website"},"datePublished":"2025-08-28T08:08:52+00:00","dateModified":"2025-10-26T06:18:22+00:00","breadcrumb":{"@id":"https:\/\/sugardaddynordic.com\/eettinen-politiikka\/#breadcrumb"},"inLanguage":"is","potentialAction":[{"@type":"ReadAction","target":["https:\/\/sugardaddynordic.com\/eettinen-politiikka\/"]}]},{"@type":"BreadcrumbList","@id":"https:\/\/sugardaddynordic.com\/eettinen-politiikka\/#breadcrumb","itemListElement":[{"@type":"ListItem","position":1,"name":"Home","item":"https:\/\/sugardaddynordic.com\/"},{"@type":"ListItem","position":2,"name":"Eettinen Politiikka"}]},{"@type":"WebSite","@id":"https:\/\/sugardaddynordic.com\/#website","url":"https:\/\/sugardaddynordic.com\/","name":"sugar daddy Norr\u00e6nn","description":"","publisher":{"@id":"https:\/\/sugardaddynordic.com\/#organization"},"alternateName":"Sugar Daddy Nordic powered by Sugar Daddy Planet","potentialAction":[{"@type":"SearchAction","target":{"@type":"EntryPoint","urlTemplate":"https:\/\/sugardaddynordic.com\/?s={search_term_string}"},"query-input":{"@type":"PropertyValueSpecification","valueRequired":true,"valueName":"search_term_string"}}],"inLanguage":"is"},{"@type":["Organization","DatingService"],"@id":"https:\/\/sugardaddynordic.com\/#organization","name":"sugar daddy Norr\u00e6nn","url":"https:\/\/sugardaddynordic.com\/","logo":{"@type":"ImageObject","inLanguage":"is","@id":"https:\/\/sugardaddynordic.com\/#\/schema\/logo\/image\/","url":"https:\/\/sugardaddynordic.com\/wp-content\/uploads\/2025\/10\/cropped-Logo-Sugar-Daddy-Nordic.png","contentUrl":"https:\/\/sugardaddynordic.com\/wp-content\/uploads\/2025\/10\/cropped-Logo-Sugar-Daddy-Nordic.png","width":1022,"height":323,"caption":"Sugar Daddy Nordic"},"image":{"@id":"https:\/\/sugardaddynordic.com\/#\/schema\/logo\/image\/"},"serviceType":"Dating Service","category":"Dating","publishingPrinciples":"https:\/\/sugardaddynordic.com\/julkaisustandardit\/","ownershipFundingInfo":"https:\/\/sugardaddynordic.com\/rahoitus\/","actionableFeedbackPolicy":"https:\/\/sugardaddynordic.com\/korjauskaytanto\/","correctionsPolicy":"https:\/\/sugardaddynordic.com\/korjauskaytanto\/","ethicsPolicy":"https:\/\/sugardaddynordic.com\/eettinen-politiikka\/","diversityPolicy":"https:\/\/sugardaddynordic.com\/monimuotoisuus\/","diversityStaffingReport":"https:\/\/sugardaddynordic.com\/yhteistyo\/"}]}},"_links":{"self":[{"href":"https:\/\/sugardaddynordic.com\/is\/wp-json\/wp\/v2\/pages\/13442","targetHints":{"allow":["GET"]}}],"collection":[{"href":"https:\/\/sugardaddynordic.com\/is\/wp-json\/wp\/v2\/pages"}],"about":[{"href":"https:\/\/sugardaddynordic.com\/is\/wp-json\/wp\/v2\/types\/page"}],"author":[{"embeddable":true,"href":"https:\/\/sugardaddynordic.com\/is\/wp-json\/wp\/v2\/users\/1"}],"replies":[{"embeddable":true,"href":"https:\/\/sugardaddynordic.com\/is\/wp-json\/wp\/v2\/comments?post=13442"}],"version-history":[{"count":0,"href":"https:\/\/sugardaddynordic.com\/is\/wp-json\/wp\/v2\/pages\/13442\/revisions"}],"wp:attachment":[{"href":"https:\/\/sugardaddynordic.com\/is\/wp-json\/wp\/v2\/media?parent=13442"}],"curies":[{"name":"wp","href":"https:\/\/api.w.org\/{rel}","templated":true}]}}