{"id":13443,"date":"2025-08-28T11:08:54","date_gmt":"2025-08-28T08:08:54","guid":{"rendered":"https:\/\/sugardaddynordic.com\/?page_id=13443"},"modified":"2025-10-26T08:21:24","modified_gmt":"2025-10-26T06:21:24","slug":"utgafustadlar","status":"publish","type":"page","link":"https:\/\/sugardaddynordic.com\/is\/julkaisustandardit\/","title":{"rendered":"\u00datg\u00e1fusta\u00f0lar"},"content":{"rendered":"<p>\u00c1 blogginu SugarDaddyNordic birtum vi\u00f0 raunh\u00e6ft, gagnlegt og \u00e1byrgt efni. <strong>sugardating milli fullor\u00f0inna (18+)<\/strong>.<br>Vi\u00f0 lofum ekki skj\u00f3tum \u00e1rangri e\u00f0a hugsj\u00f3na\u00f0ri reynslu: vi\u00f0 seljum ekki hugmyndina um a\u00f0 \u201efinna millj\u00f3nam\u00e6ring \u00e1 tveimur d\u00f6gum\u201c.<br>Vi\u00f0 fj\u00e1rfestum \u00ed heilbrig\u00f0um v\u00e6ntingum, \u00feolinm\u00e6\u00f0i, \u00f6ryggi og vir\u00f0ingu.<\/p>\n\n\n\n<h2 class=\"wp-block-heading\" id=\"h-kenelle-kirjoitamme\">Til hverra erum vi\u00f0 a\u00f0 skrifa?<\/h2>\n\n\n\n<ul class=\"wp-block-list\">\n<li>Fyrir fullor\u00f0na karla og konur sem hafa \u00e1huga \u00e1 samb\u00f6ndum karla og kvenna innan vettvangs okkar.<\/li>\n\n\n\n<li>Fyrir lesendur sem leita a\u00f0 sk\u00fdrum uppl\u00fdsingum, \u00f6ryggisr\u00e1\u00f0um og hagn\u00fdtum lei\u00f0beiningum.<\/li>\n<\/ul>\n\n\n\n<h2 class=\"wp-block-heading\" id=\"h-mita-julkaisemme\">\u00dea\u00f0 sem vi\u00f0 birtum<\/h2>\n\n\n\n<ul class=\"wp-block-list\">\n<li>Lei\u00f0beiningar og r\u00e1\u00f0gj\u00f6f bygg\u00f0 \u00e1 reynslu og g\u00f3\u00f0um starfsh\u00e1ttum (t.d. \u00f6ryggi, hvernig \u00e1 a\u00f0 b\u00faa til hei\u00f0arlegan pr\u00f3f\u00edl, fyrstu fundi).<\/li>\n\n\n\n<li>Fr\u00e6\u00f0sluefni um raunh\u00e6far v\u00e6ntingar: sugar dating taka t\u00edma og \u00feolinm\u00e6\u00f0i.<\/li>\n\n\n\n<li>Greinar um l\u00edfsst\u00edl og si\u00f0areglur: m\u00f6rk, samskipti og sam\u00feykki.<\/li>\n\n\n\n<li>Uppf\u00e6rslur \u00e1 stefnu, fr\u00e9ttir af v\u00f6rum og tilkynningar sem skipta m\u00e1li fyrir samf\u00e9lagi\u00f0.<\/li>\n<\/ul>\n\n\n\n<h2 class=\"wp-block-heading\" id=\"h-mita-emme-julkaise\">\u00dea\u00f0 sem vi\u00f0 birtum ekki<\/h2>\n\n\n\n<ul class=\"wp-block-list\">\n<li>Villandi lofor\u00f0 (\u201ef\u00e9lagi innan s\u00f3larhrings\u201c, \u201emillj\u00f3nam\u00e6ringar trygg\u00f0ir\u201c).<\/li>\n\n\n\n<li>Sensationalism e\u00f0a smellbeita.<\/li>\n\n\n\n<li>Kynfer\u00f0islegt efni e\u00f0a efni sem hvetur til \u00f3l\u00f6glegrar starfsemi.<\/li>\n\n\n\n<li>Lei\u00f0beiningar um misnotkun, svik e\u00f0a starfsh\u00e6tti sem brj\u00f3ta gegn stefnu okkar og l\u00f6gum.<\/li>\n<\/ul>\n\n\n\n<h2 class=\"wp-block-heading\" id=\"h-tyyli-ja-toimitukselliset-standardit\">St\u00edll og ritstj\u00f3rnarsta\u00f0lar<\/h2>\n\n\n\n<ul class=\"wp-block-list\">\n<li><strong>Rauns\u00e6tt og ekki \u00e6sandi<\/strong>a\u00f0 forgangsra\u00f0a \u00e1vinningi fram yfir skemmtun.<\/li>\n\n\n\n<li><strong>Sk\u00fdrt og beint<\/strong>skiljanlegt tungum\u00e1l \u00e1n villandi dularfullra or\u00f0a.<\/li>\n\n\n\n<li><strong>Vir\u00f0ing og sam\u00feykki<\/strong>Allar till\u00f6gur byggjast \u00e1 l\u00f6gm\u00e6ti og frj\u00e1lsum samningum fullor\u00f0inna.<\/li>\n<\/ul>\n\n\n\n<h2 class=\"wp-block-heading\" id=\"h-lahteet-tarkistus-ja-korjaukset\">Heimildir, endursko\u00f0anir og lei\u00f0r\u00e9ttingar<\/h2>\n\n\n\n<ul class=\"wp-block-list\">\n<li>Vi\u00f0 berum uppl\u00fdsingar saman vi\u00f0 \u00e1rei\u00f0anlegar heimildir \u00feegar \u00fea\u00f0 \u00e1 vi\u00f0 (ranns\u00f3knir, regluger\u00f0ir, yfirv\u00f6ld).<\/li>\n\n\n\n<li>Vi\u00f0 munum tilkynna uppf\u00e6rsludagsetningu og merkja allar verulegar breytingar.<\/li>\n\n\n\n<li>Ef \u00fe\u00fa tekur eftir villu, sj\u00e1\u00f0u <strong>Vi\u00f0ger\u00f0arstefna okkar<\/strong> og skrifa\u00f0u okkur: <strong>info@sugardaddynordic.com<\/strong>.<\/li>\n<\/ul>\n\n\n\n<h2 class=\"wp-block-heading\" id=\"h-toimituksellinen-riippumattomuus-ja-rahoitus\">Ritstj\u00f3rnarlegt sj\u00e1lfst\u00e6\u00f0i og fj\u00e1rm\u00f6gnun<\/h2>\n\n\n\n<ul class=\"wp-block-list\">\n<li>R\u00e1\u00f0leggingar okkar eru ekki undir \u00e1hrifum augl\u00fdsinga, samstarfs e\u00f0a styrktara\u00f0ila.<\/li>\n\n\n\n<li>Allt styrkt efni e\u00f0a tenglar \u00e1 tengd efni eru greinilega merktir.<\/li>\n\n\n\n<li>Meiri uppl\u00fdsingar: <strong>Uppl\u00fdsingar um eignarhald og fj\u00e1rm\u00f6gnun<\/strong>.<\/li>\n<\/ul>\n\n\n\n<h2 class=\"wp-block-heading\" id=\"h-kuvat-tapaukset-ja-yksityisyys\">Myndir, atvik og fri\u00f0helgi einkal\u00edfs<\/h2>\n\n\n\n<ul class=\"wp-block-list\">\n<li>Vi\u00f0 for\u00f0umst myndir e\u00f0a s\u00f6gur sem r\u00f3mant\u00edsera \u00e1h\u00e6ttu e\u00f0a skapa \u00f3raunh\u00e6far v\u00e6ntingar.<\/li>\n\n\n\n<li>Hagn\u00fdt d\u00e6mi eru nafnlaus og innihalda aldrei pers\u00f3nugreinanlegar uppl\u00fdsingar.<\/li>\n<\/ul>\n\n\n\n<h2 class=\"wp-block-heading\" id=\"h-rajat-ja-turvallisuus\">Landam\u00e6ri og \u00f6ryggi<\/h2>\n\n\n\n<ul class=\"wp-block-list\">\n<li>Vi\u00f0 mi\u00f0la ekki grei\u00f0slum, augl\u00fdsum ekki kynl\u00edfs\u00fej\u00f3nustu e\u00f0a stu\u00f0lum a\u00f0 \u00f3l\u00f6glegum ath\u00f6fnum.<\/li>\n\n\n\n<li>Vi\u00f0 styrkjum \u00f6ryggisbo\u00f0skap: a\u00f0 sta\u00f0festa hverjir s\u00e9u me\u00f0 \u00feeim fyrirfram, hittast \u00e1 almannaf\u00e6ri, stj\u00f3rna m\u00f6rkum og nota lokunart\u00f3l\/tilkynningar.<\/li>\n\n\n\n<li>Fyrir tilkynningar e\u00f0a a\u00f0sto\u00f0: sj\u00e1 <strong>Virk vi\u00f0brag\u00f0sstefna<\/strong>.<\/li>\n<\/ul>\n\n\n\n<h3 class=\"wp-block-heading\" id=\"h-paivitykset\">Uppf\u00e6rslur<\/h3>\n\n\n\n<p>S\u00ed\u00f0ast uppf\u00e6rt: 26.10.2025<br>Vi\u00f0 g\u00e6tum uppf\u00e6rt \u00feessar meginreglur til a\u00f0 auka sk\u00fdrleika og samr\u00e6ma \u00fe\u00e6r vi\u00f0 stefnu okkar.<\/p>","protected":false},"excerpt":{"rendered":"<p>\u00c1 blogginu SugarDaddyNordic birtum vi\u00f0 raunh\u00e6ft, gagnlegt og \u00e1byrgt efni um sugar dating milli fullor\u00f0inna (18+). Vi\u00f0 lofum ekki skj\u00f3tum \u00e1rangri e\u00f0a hugsj\u00f3na\u00f0ri upplifun: vi\u00f0 seljum ekki hugmyndina um a\u00f0 \u201efinna millj\u00f3nam\u00e6ring \u00e1 tveimur d\u00f6gum\u201c. Vi\u00f0 fj\u00e1rfestum \u00ed heilbrig\u00f0um v\u00e6ntingum, \u00feolinm\u00e6\u00f0i, \u00f6ryggi og vir\u00f0ingu. Fyrir hverja vi\u00f0 skrifum \u00dea\u00f0 sem vi\u00f0 gefum \u00fat \u00dea\u00f0 sem vi\u00f0 gefum ekki \u00fat St\u00edll og ritstj\u00f3rnarsta\u00f0lar Heimildir, umsagnir og lei\u00f0r\u00e9ttingar Ritstj\u00f3rnarlegt sj\u00e1lfst\u00e6\u00f0i og fj\u00e1rm\u00f6gnun Myndir, d\u00e6mi og fri\u00f0helgi einkal\u00edfs M\u00f6rk [\u2026] <a title=\"\u00datg\u00e1fusta\u00f0lar\" class=\"read-more\" href=\"https:\/\/sugardaddynordic.com\/is\/julkaisustandardit\/\" aria-label=\"Read more about Julkaisustandardit\">Lesa meira<\/a><\/p>","protected":false},"author":1,"featured_media":0,"parent":0,"menu_order":0,"comment_status":"closed","ping_status":"closed","template":"","meta":{"generate_page_header":"","footnotes":""},"class_list":{"0":"post-13443","1":"page","2":"type-page","3":"status-publish","5":"infinite-scroll-item"},"featured_image_urls":{"full":"","thumbnail":"","medium":"","medium_large":"","large":"","1536x1536":"","2048x2048":"","trp-custom-language-flag":"","crp_thumbnail":""},"post_excerpt_stackable":"<p>SugarDaddyNordic-blogissa julkaisemme realistista, hy\u00f6dyllist\u00e4 ja vastuullista sis\u00e4lt\u00f6\u00e4 sugar datingista t\u00e4ysi-ik\u00e4isten (18+) v\u00e4lill\u00e4.Emme lupaa nopeita tuloksia tai idealisoituja kokemuksia: emme myy ajatusta \u201cl\u00f6yd\u00e4t miljon\u00e4\u00e4rin kahdessa p\u00e4iv\u00e4ss\u00e4\u201d.Panostamme terveisiin odotuksiin, k\u00e4rsiv\u00e4llisyyteen, turvallisuuteen ja kunnioitukseen. Kenelle kirjoitamme T\u00e4ysi-ik\u00e4isille miehille ja naisille, jotka ovat kiinnostuneita mies\u2194nainen -suhteista alustamme puitteissa. Lukijoille, jotka etsiv\u00e4t selke\u00e4\u00e4 tietoa, turvallisuusvinkkej\u00e4 ja k\u00e4yt\u00e4nn\u00f6n ohjeita. Mit\u00e4 julkaisemme Oppaita ja neuvoja kokemusten ja hyvien k\u00e4yt\u00e4nt\u00f6jen pohjalta (esim. turvallisuus, miten luoda rehellinen profiili, ensimm\u00e4iset tapaamiset). Kasvatuksellista sis\u00e4lt\u00f6\u00e4 realistisista odotuksista: sugar dating vaatii aikaa ja k\u00e4rsiv\u00e4llisyytt\u00e4. El\u00e4m\u00e4ntyyliin ja etikettiin liittyvi\u00e4 artikkeleita: rajat, viestint\u00e4 ja suostumus. Politiikkap\u00e4ivityksi\u00e4, tuoteuutuuksia ja yhteis\u00f6lle merkityksellisi\u00e4 ilmoituksia. Mit\u00e4 emme julkaise Harhaanjohtavia&hellip;<\/p>\n","category_list":"","author_info":{"name":"Stj\u00f3rnandi SugarDaddy \u00ed Finnlandi","url":"https:\/\/sugardaddynordic.com\/is\/author\/poweb\/"},"comments_num":"0 comments","featured_image_urls_v2":{"full":"","thumbnail":"","medium":"","medium_large":"","large":"","1536x1536":"","2048x2048":"","trp-custom-language-flag":"","crp_thumbnail":""},"post_excerpt_stackable_v2":"<p>SugarDaddyNordic-blogissa julkaisemme realistista, hy\u00f6dyllist\u00e4 ja vastuullista sis\u00e4lt\u00f6\u00e4 sugar datingista t\u00e4ysi-ik\u00e4isten (18+) v\u00e4lill\u00e4.Emme lupaa nopeita tuloksia tai idealisoituja kokemuksia: emme myy ajatusta \u201cl\u00f6yd\u00e4t miljon\u00e4\u00e4rin kahdessa p\u00e4iv\u00e4ss\u00e4\u201d.Panostamme terveisiin odotuksiin, k\u00e4rsiv\u00e4llisyyteen, turvallisuuteen ja kunnioitukseen. Kenelle kirjoitamme T\u00e4ysi-ik\u00e4isille miehille ja naisille, jotka ovat kiinnostuneita mies\u2194nainen -suhteista alustamme puitteissa. Lukijoille, jotka etsiv\u00e4t selke\u00e4\u00e4 tietoa, turvallisuusvinkkej\u00e4 ja k\u00e4yt\u00e4nn\u00f6n ohjeita. Mit\u00e4 julkaisemme Oppaita ja neuvoja kokemusten ja hyvien k\u00e4yt\u00e4nt\u00f6jen pohjalta (esim. turvallisuus, miten luoda rehellinen profiili, ensimm\u00e4iset tapaamiset). Kasvatuksellista sis\u00e4lt\u00f6\u00e4 realistisista odotuksista: sugar dating vaatii aikaa ja k\u00e4rsiv\u00e4llisyytt\u00e4. El\u00e4m\u00e4ntyyliin ja etikettiin liittyvi\u00e4 artikkeleita: rajat, viestint\u00e4 ja suostumus. Politiikkap\u00e4ivityksi\u00e4, tuoteuutuuksia ja yhteis\u00f6lle merkityksellisi\u00e4 ilmoituksia. Mit\u00e4 emme julkaise Harhaanjohtavia&hellip;<\/p>\n","category_list_v2":"","author_info_v2":{"name":"Stj\u00f3rnandi SugarDaddy \u00ed Finnlandi","url":"https:\/\/sugardaddynordic.com\/is\/author\/poweb\/"},"comments_num_v2":"0 comments","yoast_head":"<!-- This site is optimized with the Yoast SEO Premium plugin v26.0 (Yoast SEO v27.3) - https:\/\/yoast.com\/product\/yoast-seo-premium-wordpress\/ -->\n<title>Julkaisustandardit<\/title>\n<meta name=\"robots\" content=\"index, follow, max-snippet:-1, max-image-preview:large, max-video-preview:-1\" \/>\n<link rel=\"canonical\" href=\"https:\/\/sugardaddynordic.com\/is\/utgafustadlar\/\" \/>\n<meta property=\"og:locale\" content=\"is_IS\" \/>\n<meta property=\"og:type\" content=\"article\" \/>\n<meta property=\"og:title\" content=\"Julkaisustandardit\" \/>\n<meta property=\"og:description\" content=\"SugarDaddyNordic-blogissa julkaisemme realistista, hy\u00f6dyllist\u00e4 ja vastuullista sis\u00e4lt\u00f6\u00e4 sugar datingista t\u00e4ysi-ik\u00e4isten (18+) v\u00e4lill\u00e4.Emme lupaa nopeita tuloksia tai idealisoituja kokemuksia: emme myy ajatusta \u201cl\u00f6yd\u00e4t miljon\u00e4\u00e4rin kahdessa p\u00e4iv\u00e4ss\u00e4\u201d.Panostamme terveisiin odotuksiin, k\u00e4rsiv\u00e4llisyyteen, turvallisuuteen ja kunnioitukseen. Kenelle kirjoitamme Mit\u00e4 julkaisemme Mit\u00e4 emme julkaise Tyyli ja toimitukselliset standardit L\u00e4hteet, tarkistus ja korjaukset Toimituksellinen riippumattomuus ja rahoitus Kuvat, tapaukset ja yksityisyys Rajat ... Read more\" \/>\n<meta property=\"og:url\" content=\"https:\/\/sugardaddynordic.com\/is\/utgafustadlar\/\" \/>\n<meta property=\"og:site_name\" content=\"Sugar Daddy Nordic \u00ae\" \/>\n<meta property=\"article:modified_time\" content=\"2025-10-26T06:21:24+00:00\" \/>\n<meta property=\"og:image\" content=\"https:\/\/sugardaddynordic.com\/wp-content\/uploads\/2025\/10\/Logo-Sugar-Daddy-Nordic.png\" \/>\n\t<meta property=\"og:image:width\" content=\"1024\" \/>\n\t<meta property=\"og:image:height\" content=\"1024\" \/>\n\t<meta property=\"og:image:type\" content=\"image\/png\" \/>\n<meta name=\"twitter:card\" content=\"summary_large_image\" \/>\n<meta name=\"twitter:label1\" content=\"Est. reading time\" \/>\n\t<meta name=\"twitter:data1\" content=\"2 minutes\" \/>\n<script type=\"application\/ld+json\" class=\"yoast-schema-graph\">{\"@context\":\"https:\\\/\\\/schema.org\",\"@graph\":[{\"@type\":\"WebPage\",\"@id\":\"https:\\\/\\\/sugardaddynordic.com\\\/julkaisustandardit\\\/\",\"url\":\"https:\\\/\\\/sugardaddynordic.com\\\/julkaisustandardit\\\/\",\"name\":\"Julkaisustandardit\",\"isPartOf\":{\"@id\":\"https:\\\/\\\/sugardaddynordic.com\\\/#website\"},\"datePublished\":\"2025-08-28T08:08:54+00:00\",\"dateModified\":\"2025-10-26T06:21:24+00:00\",\"breadcrumb\":{\"@id\":\"https:\\\/\\\/sugardaddynordic.com\\\/julkaisustandardit\\\/#breadcrumb\"},\"inLanguage\":\"is\",\"potentialAction\":[{\"@type\":\"ReadAction\",\"target\":[\"https:\\\/\\\/sugardaddynordic.com\\\/julkaisustandardit\\\/\"]}]},{\"@type\":\"BreadcrumbList\",\"@id\":\"https:\\\/\\\/sugardaddynordic.com\\\/julkaisustandardit\\\/#breadcrumb\",\"itemListElement\":[{\"@type\":\"ListItem\",\"position\":1,\"name\":\"Home\",\"item\":\"https:\\\/\\\/sugardaddynordic.com\\\/\"},{\"@type\":\"ListItem\",\"position\":2,\"name\":\"Julkaisustandardit\"}]},{\"@type\":\"WebSite\",\"@id\":\"https:\\\/\\\/sugardaddynordic.com\\\/#website\",\"url\":\"https:\\\/\\\/sugardaddynordic.com\\\/\",\"name\":\"Sugar Daddy Nordic\",\"description\":\"\",\"publisher\":{\"@id\":\"https:\\\/\\\/sugardaddynordic.com\\\/#organization\"},\"alternateName\":\"Sugar Daddy Nordic powered by Sugar Daddy Planet\",\"potentialAction\":[{\"@type\":\"SearchAction\",\"target\":{\"@type\":\"EntryPoint\",\"urlTemplate\":\"https:\\\/\\\/sugardaddynordic.com\\\/?s={search_term_string}\"},\"query-input\":{\"@type\":\"PropertyValueSpecification\",\"valueRequired\":true,\"valueName\":\"search_term_string\"}}],\"inLanguage\":\"is\"},{\"@type\":[\"Organization\",\"DatingService\"],\"@id\":\"https:\\\/\\\/sugardaddynordic.com\\\/#organization\",\"name\":\"Sugar Daddy Nordic\",\"url\":\"https:\\\/\\\/sugardaddynordic.com\\\/\",\"logo\":{\"@type\":\"ImageObject\",\"inLanguage\":\"is\",\"@id\":\"https:\\\/\\\/sugardaddynordic.com\\\/#\\\/schema\\\/logo\\\/image\\\/\",\"url\":\"https:\\\/\\\/sugardaddynordic.com\\\/wp-content\\\/uploads\\\/2025\\\/10\\\/cropped-Logo-Sugar-Daddy-Nordic.png\",\"contentUrl\":\"https:\\\/\\\/sugardaddynordic.com\\\/wp-content\\\/uploads\\\/2025\\\/10\\\/cropped-Logo-Sugar-Daddy-Nordic.png\",\"width\":1022,\"height\":323,\"caption\":\"Sugar Daddy Nordic\"},\"image\":{\"@id\":\"https:\\\/\\\/sugardaddynordic.com\\\/#\\\/schema\\\/logo\\\/image\\\/\"},\"serviceType\":\"Dating Service\",\"category\":\"Dating\",\"publishingPrinciples\":\"https:\\\/\\\/sugardaddynordic.com\\\/julkaisustandardit\\\/\",\"ownershipFundingInfo\":\"https:\\\/\\\/sugardaddynordic.com\\\/rahoitus\\\/\",\"actionableFeedbackPolicy\":\"https:\\\/\\\/sugardaddynordic.com\\\/korjauskaytanto\\\/\",\"correctionsPolicy\":\"https:\\\/\\\/sugardaddynordic.com\\\/korjauskaytanto\\\/\",\"ethicsPolicy\":\"https:\\\/\\\/sugardaddynordic.com\\\/eettinen-politiikka\\\/\",\"diversityPolicy\":\"https:\\\/\\\/sugardaddynordic.com\\\/monimuotoisuus\\\/\",\"diversityStaffingReport\":\"https:\\\/\\\/sugardaddynordic.com\\\/yhteistyo\\\/\"}]}<\/script>\n<!-- \/ Yoast SEO Premium plugin. -->","yoast_head_json":{"title":"\u00datg\u00e1fusta\u00f0lar","robots":{"index":"index","follow":"follow","max-snippet":"max-snippet:-1","max-image-preview":"max-image-preview:large","max-video-preview":"max-video-preview:-1"},"canonical":"https:\/\/sugardaddynordic.com\/is\/utgafustadlar\/","og_locale":"is_IS","og_type":"article","og_title":"Julkaisustandardit","og_description":"SugarDaddyNordic-blogissa julkaisemme realistista, hy\u00f6dyllist\u00e4 ja vastuullista sis\u00e4lt\u00f6\u00e4 sugar datingista t\u00e4ysi-ik\u00e4isten (18+) v\u00e4lill\u00e4.Emme lupaa nopeita tuloksia tai idealisoituja kokemuksia: emme myy ajatusta \u201cl\u00f6yd\u00e4t miljon\u00e4\u00e4rin kahdessa p\u00e4iv\u00e4ss\u00e4\u201d.Panostamme terveisiin odotuksiin, k\u00e4rsiv\u00e4llisyyteen, turvallisuuteen ja kunnioitukseen. Kenelle kirjoitamme Mit\u00e4 julkaisemme Mit\u00e4 emme julkaise Tyyli ja toimitukselliset standardit L\u00e4hteet, tarkistus ja korjaukset Toimituksellinen riippumattomuus ja rahoitus Kuvat, tapaukset ja yksityisyys Rajat ... Read more","og_url":"https:\/\/sugardaddynordic.com\/is\/utgafustadlar\/","og_site_name":"Sugar Daddy Nordic \u00ae","article_modified_time":"2025-10-26T06:21:24+00:00","og_image":[{"width":1024,"height":1024,"url":"https:\/\/sugardaddynordic.com\/wp-content\/uploads\/2025\/10\/Logo-Sugar-Daddy-Nordic.png","type":"image\/png"}],"twitter_card":"summary_large_image","twitter_misc":{"Est. reading time":"2 minutes"},"schema":{"@context":"https:\/\/schema.org","@graph":[{"@type":"WebPage","@id":"https:\/\/sugardaddynordic.com\/julkaisustandardit\/","url":"https:\/\/sugardaddynordic.com\/julkaisustandardit\/","name":"\u00datg\u00e1fusta\u00f0lar","isPartOf":{"@id":"https:\/\/sugardaddynordic.com\/#website"},"datePublished":"2025-08-28T08:08:54+00:00","dateModified":"2025-10-26T06:21:24+00:00","breadcrumb":{"@id":"https:\/\/sugardaddynordic.com\/julkaisustandardit\/#breadcrumb"},"inLanguage":"is","potentialAction":[{"@type":"ReadAction","target":["https:\/\/sugardaddynordic.com\/julkaisustandardit\/"]}]},{"@type":"BreadcrumbList","@id":"https:\/\/sugardaddynordic.com\/julkaisustandardit\/#breadcrumb","itemListElement":[{"@type":"ListItem","position":1,"name":"Home","item":"https:\/\/sugardaddynordic.com\/"},{"@type":"ListItem","position":2,"name":"Julkaisustandardit"}]},{"@type":"WebSite","@id":"https:\/\/sugardaddynordic.com\/#website","url":"https:\/\/sugardaddynordic.com\/","name":"sugar daddy Norr\u00e6nn","description":"","publisher":{"@id":"https:\/\/sugardaddynordic.com\/#organization"},"alternateName":"Sugar Daddy Nordic powered by Sugar Daddy Planet","potentialAction":[{"@type":"SearchAction","target":{"@type":"EntryPoint","urlTemplate":"https:\/\/sugardaddynordic.com\/?s={search_term_string}"},"query-input":{"@type":"PropertyValueSpecification","valueRequired":true,"valueName":"search_term_string"}}],"inLanguage":"is"},{"@type":["Organization","DatingService"],"@id":"https:\/\/sugardaddynordic.com\/#organization","name":"sugar daddy Norr\u00e6nn","url":"https:\/\/sugardaddynordic.com\/","logo":{"@type":"ImageObject","inLanguage":"is","@id":"https:\/\/sugardaddynordic.com\/#\/schema\/logo\/image\/","url":"https:\/\/sugardaddynordic.com\/wp-content\/uploads\/2025\/10\/cropped-Logo-Sugar-Daddy-Nordic.png","contentUrl":"https:\/\/sugardaddynordic.com\/wp-content\/uploads\/2025\/10\/cropped-Logo-Sugar-Daddy-Nordic.png","width":1022,"height":323,"caption":"Sugar Daddy Nordic"},"image":{"@id":"https:\/\/sugardaddynordic.com\/#\/schema\/logo\/image\/"},"serviceType":"Dating Service","category":"Dating","publishingPrinciples":"https:\/\/sugardaddynordic.com\/julkaisustandardit\/","ownershipFundingInfo":"https:\/\/sugardaddynordic.com\/rahoitus\/","actionableFeedbackPolicy":"https:\/\/sugardaddynordic.com\/korjauskaytanto\/","correctionsPolicy":"https:\/\/sugardaddynordic.com\/korjauskaytanto\/","ethicsPolicy":"https:\/\/sugardaddynordic.com\/eettinen-politiikka\/","diversityPolicy":"https:\/\/sugardaddynordic.com\/monimuotoisuus\/","diversityStaffingReport":"https:\/\/sugardaddynordic.com\/yhteistyo\/"}]}},"_links":{"self":[{"href":"https:\/\/sugardaddynordic.com\/is\/wp-json\/wp\/v2\/pages\/13443","targetHints":{"allow":["GET"]}}],"collection":[{"href":"https:\/\/sugardaddynordic.com\/is\/wp-json\/wp\/v2\/pages"}],"about":[{"href":"https:\/\/sugardaddynordic.com\/is\/wp-json\/wp\/v2\/types\/page"}],"author":[{"embeddable":true,"href":"https:\/\/sugardaddynordic.com\/is\/wp-json\/wp\/v2\/users\/1"}],"replies":[{"embeddable":true,"href":"https:\/\/sugardaddynordic.com\/is\/wp-json\/wp\/v2\/comments?post=13443"}],"version-history":[{"count":0,"href":"https:\/\/sugardaddynordic.com\/is\/wp-json\/wp\/v2\/pages\/13443\/revisions"}],"wp:attachment":[{"href":"https:\/\/sugardaddynordic.com\/is\/wp-json\/wp\/v2\/media?parent=13443"}],"curies":[{"name":"wp","href":"https:\/\/api.w.org\/{rel}","templated":true}]}}