{"id":13444,"date":"2025-08-28T11:08:56","date_gmt":"2025-08-28T08:08:56","guid":{"rendered":"https:\/\/sugardaddynordic.com\/?page_id=13444"},"modified":"2025-10-26T08:23:14","modified_gmt":"2025-10-26T06:23:14","slug":"vidgerdaradferd","status":"publish","type":"page","link":"https:\/\/sugardaddynordic.com\/is\/korjauskaytanto\/","title":{"rendered":"Vi\u00f0ger\u00f0arstefna"},"content":{"rendered":"<p>Hj\u00e1 SugarDaddyNordic erum vi\u00f0 sta\u00f0r\u00e1\u00f0in \u00ed a\u00f0 framlei\u00f0a <strong>n\u00e1kv\u00e6mt, sk\u00fdrt og \u00e1byrgt efni<\/strong>\u00deegar vi\u00f0 uppg\u00f6tvum villur lei\u00f0r\u00e9ttum vi\u00f0 \u00fe\u00e6r opinsk\u00e1tt, \u00e1n \u00e6singa e\u00f0a villandi lofor\u00f0a, og vi\u00f0 skiljum alltaf eftir athugasemd um breytingar sem ger\u00f0ar voru.<br>Vi\u00f0 bj\u00f3\u00f0um notendum einnig upp \u00e1 t\u00e6kif\u00e6ri til a\u00f0 birta greinar \u2013 lesi\u00f0 meira \u00e1 <strong>Samstarf<\/strong>.<\/p>\n\n\n\n<h2 class=\"wp-block-heading\" id=\"h-soveltamisala\">Gildissvi\u00f0<\/h2>\n\n\n\n<p>\u00deessi stefna \u00e1 vi\u00f0 um ritstj\u00f3rnarlegt efni bloggsins.<br>Notendamynda\u00f0 efni (pr\u00f3f\u00edlar, skilabo\u00f0 o.s.frv.) er stj\u00f3rna\u00f0 <strong>Virk vi\u00f0brag\u00f0sstefna<\/strong> og <strong>Notkunarskilm\u00e1lar<\/strong> \u00ed samr\u00e6mi vi\u00f0.<\/p>\n\n\n\n<h2 class=\"wp-block-heading\" id=\"h-muutostyypit-ja-niiden-merkinnat\">Breytingartegundir og merkingar \u00feeirra<\/h2>\n\n\n\n<figure class=\"wp-block-table\"><table class=\"has-fixed-layout\"><thead><tr><th>Tegund<\/th><th>Skilgreining<\/th><th>Hvernig \u00e1 a\u00f0 birta<\/th><\/tr><\/thead><tbody><tr><td><strong>Vi\u00f0ger\u00f0<\/strong><\/td><td>Lei\u00f0r\u00e9tting \u00e1 r\u00f6ngum uppl\u00fdsingum (dagsetning, n\u00famer, nafn, tengill).<\/td><td>Athugi\u00f0 \u00ed upphafi e\u00f0a enda: \u201eLei\u00f0r\u00e9tting (dd\/mm\/\u00e1\u00e1\u00e1\u00e1 hh:mm CET): \u2026\u201c<\/td><\/tr><tr><td><strong>Einbeiting<\/strong><\/td><td>B\u00e6tti vi\u00f0 samhengi til a\u00f0 for\u00f0ast misskilning.<\/td><td>&quot;F\u00ednstilling (dd\/mm\/\u00e1\u00e1\u00e1\u00e1 kl. kk:mm CET): ...&quot;<\/td><\/tr><tr><td><strong>Uppf\u00e6ra<\/strong><\/td><td>A\u00f0 b\u00e6ta vi\u00f0 n\u00fdjum, nau\u00f0synlegum uppl\u00fdsingum \u00e1n \u00feess a\u00f0 gera upprunalegu uppl\u00fdsingarnar rangar.<\/td><td>\u201eUppf\u00e6rsla (dd\/mm\/\u00e1\u00e1\u00e1\u00e1 kl. kk:mm CET): \u2026\u201c<\/td><\/tr><tr><td><strong>Lei\u00f0r\u00e9tting \/ ey\u00f0ing<\/strong><\/td><td>\u00deegar kjarni greinarinnar er rangur e\u00f0a vandkv\u00e6\u00f0um bundinn.<\/td><td>\u201eLei\u00f0r\u00e9tting\/Ey\u00f0ing (dd\/mm\/\u00e1\u00e1\u00e1\u00e1 hh:mm CET): \u2026\u201c og \u00fatsk\u00fdring; getur innihaldi\u00f0 tilkynningu um ey\u00f0ingu \u00fatg\u00e1funnar.<\/td><\/tr><\/tbody><\/table><\/figure>\n\n\n\n<ul class=\"wp-block-list\">\n<li>Vi\u00f0 breytum aldrei nau\u00f0synlegu efni \u00e1n \u00feess a\u00f0 skilja eftir spor.<\/li>\n\n\n\n<li>H\u00e6gt er a\u00f0 lei\u00f0r\u00e9tta minnih\u00e1ttar stafsetningarvillur \u00e1n athugasemda ef \u00fe\u00e6r breyta ekki merkingu.<\/li>\n<\/ul>\n\n\n\n<h2 class=\"wp-block-heading\" id=\"h-toimituksellinen-korjausprosessi\">Ritstj\u00f3rnarlei\u00f0r\u00e9ttingarferli<\/h2>\n\n\n\n<ol class=\"wp-block-list\">\n<li><strong>Greining<\/strong> (innri e\u00f0a ytri tilkynning).<\/li>\n\n\n\n<li><strong>Athuga\u00f0u<\/strong>sta\u00f0festa uppl\u00fdsingar me\u00f0 \u00fev\u00ed a\u00f0 nota heimildir og s\u00f6nnunarg\u00f6gn.<\/li>\n\n\n\n<li><strong>Lei\u00f0r\u00e9tting og s\u00fdnileg athugasemd<\/strong> (samkv\u00e6mt t\u00f6flunni).<\/li>\n\n\n\n<li><strong>F\u00e6rsla \u00ed breytingas\u00f6gu greinarinnar<\/strong>.<\/li>\n\n\n\n<li><strong>Lokasko\u00f0un ritstj\u00f3rnar<\/strong>.<\/li>\n<\/ol>\n\n\n\n<h2 class=\"wp-block-heading\" id=\"h-virheen-ilmoittaminen\">Tilkynning um villu<\/h2>\n\n\n\n<p>Sendi\u00f0 okkur t\u00f6lvup\u00f3st \u00e1 <strong><a>corrections@sugardaddynordic.com<\/a><\/strong>, vinsamlegast l\u00e1ti\u00f0 fylgja me\u00f0:<\/p>\n\n\n\n<ul class=\"wp-block-list\">\n<li>Vefsl\u00f3\u00f0 greinar og n\u00e1kv\u00e6m m\u00e1lsgrein.<\/li>\n\n\n\n<li>L\u00fdsing \u00e1 villunni.<\/li>\n\n\n\n<li>Heimildir e\u00f0a sannanir (tenglar, skj\u00f6l).<\/li>\n\n\n\n<li>Tengili\u00f0auppl\u00fdsingar \u00fe\u00ednar (valfrj\u00e1lst til rakningar).<\/li>\n<\/ul>\n\n\n\n<p><strong>Svarst\u00edmar<\/strong> (sj\u00e1 n\u00e1nari uppl\u00fdsingar um stefnu um virk vi\u00f0br\u00f6g\u00f0):<\/p>\n\n\n\n<ul class=\"wp-block-list\">\n<li>Vi\u00f0urkenning: <strong>48 klukkustundir<\/strong><\/li>\n\n\n\n<li>Fyrsta efnislega svari\u00f0: <strong>2\u20133 dagar<\/strong><\/li>\n\n\n\n<li>\u00cd fl\u00f3knum m\u00e1lum: vi\u00f0 munum l\u00e1ta \u00feig vita af n\u00fdju mati.<\/li>\n<\/ul>\n\n\n\n<h2 class=\"wp-block-heading\" id=\"h-vastineoikeus\">R\u00e9ttur til svars<\/h2>\n\n\n\n<p>Ef \u00fe\u00fa telur a\u00f0 \u00fatg\u00e1fan hafi \u00e1hrif \u00e1 \u00feig og vilt svara, vinsamlegast skrifa\u00f0u til <strong><a>appeals@sugardaddynordic.com<\/a><\/strong> og festa vi\u00f0:<\/p>\n\n\n\n<ul class=\"wp-block-list\">\n<li>Pers\u00f3nuleiki og tengsl vi\u00f0 efni.<\/li>\n\n\n\n<li>Tillaga a\u00f0 texta (h\u00e1mark 300\u2013500 or\u00f0) og fylgiskj\u00f6l.<\/li>\n<\/ul>\n\n\n\n<p>Ritstj\u00f3rar \u00e1kve\u00f0a sam\u00feykki og birtingarform, en vi\u00f0 \u00e1byrgjumst sanngjarna me\u00f0fer\u00f0 og samhengi.<\/p>\n\n\n\n<h2 class=\"wp-block-heading\" id=\"h-henkilotiedot-ja-gdpr\">Pers\u00f3nuuppl\u00fdsingar og GDPR<\/h2>\n\n\n\n<ul class=\"wp-block-list\">\n<li>Ef greinin inniheldur rangar pers\u00f3nuuppl\u00fdsingar e\u00f0a ef \u00fe\u00fa vilt n\u00fdta r\u00e9ttindi \u00fe\u00edn (r\u00e9tt til a\u00f0gangs, lei\u00f0r\u00e9ttingar, ey\u00f0ingar, andm\u00e6la, flytjanleika), vinsamlegast skrifa\u00f0u til <strong><a>privacy@sugardaddynordic.com<\/a><\/strong>.<\/li>\n\n\n\n<li>Lei\u00f0r\u00e9tting pers\u00f3nuuppl\u00fdsinga m\u00e1 sameina vi\u00f0 ritstj\u00f3rnarlega lei\u00f0r\u00e9ttingu til a\u00f0 tryggja gagns\u00e6i.<\/li>\n<\/ul>\n\n\n\n<h2 class=\"wp-block-heading\" id=\"h-muutoshistoria\">Breytingarsaga<\/h2>\n\n\n\n<p>Hver grein hefur sinn eigin s\u00f6gublokk \u00ed lokin:<\/p>\n\n\n\n<p><strong>Breytingarsaga<\/strong><\/p>\n\n\n\n<ul class=\"wp-block-list\">\n<li>20\/08\/2025 10:15 CET \u2014 <strong>Vi\u00f0ger\u00f0<\/strong>Uppl\u00fdsingarnar X s\u00f6g\u00f0u \u201eA\u201c og voru breyttar \u00ed \u201eB\u201c.<\/li>\n\n\n\n<li>18\/08\/2025 09:00 CET \u2014 <strong>Uppf\u00e6ra<\/strong>: b\u00e6tt vi\u00f0 ranns\u00f3knum fr\u00e1 2025.<\/li>\n<\/ul>\n\n\n\n<h2 class=\"wp-block-heading\" id=\"h-mika-ei-ole-korjaus\">Hva\u00f0 er ekki lagf\u00e6ring<\/h2>\n\n\n\n<ul class=\"wp-block-list\">\n<li>\u00c1greiningur um sko\u00f0anir e\u00f0a ritstj\u00f3rnarsj\u00f3narmi\u00f0.<\/li>\n\n\n\n<li>Bei\u00f0nir um a\u00f0 fjarl\u00e6gja r\u00e9ttar og l\u00f6glega birtar uppl\u00fdsingar.<\/li>\n\n\n\n<li>Snyrtilegar breytingar sem breyta ekki merkingunni.<\/li>\n<\/ul>\n\n\n\n<h2 class=\"wp-block-heading\" id=\"h-yhteystiedot\">Tengili\u00f0auppl\u00fdsingar<\/h2>\n\n\n\n<ul class=\"wp-block-list\">\n<li>Lei\u00f0r\u00e9ttingar: Kvartanir \/ R\u00e9ttur til andm\u00e6la \/ Pers\u00f3nuvernd: <strong>info@sugardaddynordic.com<\/strong><\/li>\n<\/ul>\n\n\n\n<h3 class=\"wp-block-heading\" id=\"h-paivitykset\">Uppf\u00e6rslur<\/h3>\n\n\n\n<p>S\u00ed\u00f0ast athuga\u00f0: <strong>26.10.2025<\/strong>.<br>Vi\u00f0 g\u00e6tum uppf\u00e6rt \u00feessar reglur til a\u00f0 b\u00e6ta ferla e\u00f0a til a\u00f0 fylgja regluger\u00f0arbreytingum.<\/p>","protected":false},"excerpt":{"rendered":"<p>Hj\u00e1 SugarDaddyNordic erum vi\u00f0 sta\u00f0r\u00e1\u00f0in \u00ed a\u00f0 framlei\u00f0a n\u00e1kv\u00e6mt, sk\u00fdrt og \u00e1byrgt efni. \u00deegar vi\u00f0 uppg\u00f6tvum villur lei\u00f0r\u00e9ttum vi\u00f0 \u00fe\u00e6r opinsk\u00e1tt, \u00e1n \u00e6singa e\u00f0a villandi lofor\u00f0a, og vi\u00f0 skiljum alltaf eftir athugasemd um \u00fe\u00e6r breytingar sem vi\u00f0 h\u00f6fum gert. Vi\u00f0 bj\u00f3\u00f0um notendum einnig upp \u00e1 t\u00e6kif\u00e6ri til a\u00f0 birta greinar - lesi\u00f0 meira \u00ed hlutanum Samstarf. Gildissvi\u00f0 \u00deessi stefna \u00e1 vi\u00f0 um ritstj\u00f3rnarlegt efni bloggsins. Efni sem notendur b\u00faa til (pr\u00f3f\u00edlar, f\u00e6rslur o.s.frv.) er stj\u00f3rna\u00f0 af stefnu um virkt svar og \u00fej\u00f3nustuskilm\u00e1lum. Tegundir breytinga [\u2026] <a title=\"Vi\u00f0ger\u00f0arstefna\" class=\"read-more\" href=\"https:\/\/sugardaddynordic.com\/is\/korjauskaytanto\/\" aria-label=\"Read more about Korjausk\u00e4yt\u00e4nt\u00f6\">Lesa meira<\/a><\/p>","protected":false},"author":1,"featured_media":0,"parent":0,"menu_order":0,"comment_status":"closed","ping_status":"closed","template":"","meta":{"generate_page_header":"","footnotes":""},"class_list":{"0":"post-13444","1":"page","2":"type-page","3":"status-publish","5":"infinite-scroll-item"},"featured_image_urls":{"full":"","thumbnail":"","medium":"","medium_large":"","large":"","1536x1536":"","2048x2048":"","trp-custom-language-flag":"","crp_thumbnail":""},"post_excerpt_stackable":"<p>SugarDaddyNordic-blogissa sitoudumme tuottamaan tarkkaa, selke\u00e4\u00e4 ja vastuullista sis\u00e4lt\u00f6\u00e4. Kun havaitsemme virheit\u00e4, korjaamme ne avoimesti, ilman sensaatiohakuisuutta tai harhaanjohtavia lupauksia, ja j\u00e4t\u00e4mme aina merkinn\u00e4n tehdyist\u00e4 muutoksista.Lis\u00e4ksi tarjoamme k\u00e4ytt\u00e4jille mahdollisuuden julkaista artikkeleita \u2013 lue lis\u00e4\u00e4 kohdasta Yhteisty\u00f6t. Soveltamisala T\u00e4m\u00e4 politiikka koskee blogin toimituksellista sis\u00e4lt\u00f6\u00e4.K\u00e4ytt\u00e4jien tuottamaa sis\u00e4lt\u00f6\u00e4 (profiilit, viestit jne.) hallinnoidaan Aktiivisen vastauksen politiikan ja K\u00e4ytt\u00f6ehtojen mukaisesti. Muutostyypit ja niiden merkinn\u00e4t TyyppiM\u00e4\u00e4ritelm\u00e4Miten n\u00e4ytet\u00e4\u00e4nKorjausVirheellisen tiedon korjaus (p\u00e4iv\u00e4ys, numero, nimi, linkki).Huomautus alussa tai lopussa: \u201cKorjaus (pp\/kk\/vvvv hh:mm CET): \u2026\u201dTarkennusLis\u00e4tty konteksti v\u00e4\u00e4rintulkintojen v\u00e4ltt\u00e4miseksi.\u201cTarkennus (pp\/kk\/vvvv hh:mm CET): \u2026\u201dP\u00e4ivitysUuden, olennaisen tiedon lis\u00e4\u00e4minen ilman, ett\u00e4 alkuper\u00e4inen tieto olisi ollut v\u00e4\u00e4rin.\u201cP\u00e4ivitys (pp\/kk\/vvvv hh:mm CET): \u2026\u201dOikaisu \/ poistoKun artikkelin ydin on&hellip;<\/p>\n","category_list":"","author_info":{"name":"Stj\u00f3rnandi SugarDaddy \u00ed Finnlandi","url":"https:\/\/sugardaddynordic.com\/is\/author\/poweb\/"},"comments_num":"0 comments","featured_image_urls_v2":{"full":"","thumbnail":"","medium":"","medium_large":"","large":"","1536x1536":"","2048x2048":"","trp-custom-language-flag":"","crp_thumbnail":""},"post_excerpt_stackable_v2":"<p>SugarDaddyNordic-blogissa sitoudumme tuottamaan tarkkaa, selke\u00e4\u00e4 ja vastuullista sis\u00e4lt\u00f6\u00e4. Kun havaitsemme virheit\u00e4, korjaamme ne avoimesti, ilman sensaatiohakuisuutta tai harhaanjohtavia lupauksia, ja j\u00e4t\u00e4mme aina merkinn\u00e4n tehdyist\u00e4 muutoksista.Lis\u00e4ksi tarjoamme k\u00e4ytt\u00e4jille mahdollisuuden julkaista artikkeleita \u2013 lue lis\u00e4\u00e4 kohdasta Yhteisty\u00f6t. Soveltamisala T\u00e4m\u00e4 politiikka koskee blogin toimituksellista sis\u00e4lt\u00f6\u00e4.K\u00e4ytt\u00e4jien tuottamaa sis\u00e4lt\u00f6\u00e4 (profiilit, viestit jne.) hallinnoidaan Aktiivisen vastauksen politiikan ja K\u00e4ytt\u00f6ehtojen mukaisesti. Muutostyypit ja niiden merkinn\u00e4t TyyppiM\u00e4\u00e4ritelm\u00e4Miten n\u00e4ytet\u00e4\u00e4nKorjausVirheellisen tiedon korjaus (p\u00e4iv\u00e4ys, numero, nimi, linkki).Huomautus alussa tai lopussa: \u201cKorjaus (pp\/kk\/vvvv hh:mm CET): \u2026\u201dTarkennusLis\u00e4tty konteksti v\u00e4\u00e4rintulkintojen v\u00e4ltt\u00e4miseksi.\u201cTarkennus (pp\/kk\/vvvv hh:mm CET): \u2026\u201dP\u00e4ivitysUuden, olennaisen tiedon lis\u00e4\u00e4minen ilman, ett\u00e4 alkuper\u00e4inen tieto olisi ollut v\u00e4\u00e4rin.\u201cP\u00e4ivitys (pp\/kk\/vvvv hh:mm CET): \u2026\u201dOikaisu \/ poistoKun artikkelin ydin on&hellip;<\/p>\n","category_list_v2":"","author_info_v2":{"name":"Stj\u00f3rnandi SugarDaddy \u00ed Finnlandi","url":"https:\/\/sugardaddynordic.com\/is\/author\/poweb\/"},"comments_num_v2":"0 comments","yoast_head":"<!-- This site is optimized with the Yoast SEO Premium plugin v26.0 (Yoast SEO v27.3) - https:\/\/yoast.com\/product\/yoast-seo-premium-wordpress\/ -->\n<title>Korjausk\u00e4yt\u00e4nt\u00f6<\/title>\n<meta name=\"robots\" content=\"index, follow, max-snippet:-1, max-image-preview:large, max-video-preview:-1\" \/>\n<link rel=\"canonical\" href=\"https:\/\/sugardaddynordic.com\/is\/vidgerdaradferd\/\" \/>\n<meta property=\"og:locale\" content=\"is_IS\" \/>\n<meta property=\"og:type\" content=\"article\" \/>\n<meta property=\"og:title\" content=\"Korjausk\u00e4yt\u00e4nt\u00f6\" \/>\n<meta property=\"og:description\" content=\"SugarDaddyNordic-blogissa sitoudumme tuottamaan tarkkaa, selke\u00e4\u00e4 ja vastuullista sis\u00e4lt\u00f6\u00e4. Kun havaitsemme virheit\u00e4, korjaamme ne avoimesti, ilman sensaatiohakuisuutta tai harhaanjohtavia lupauksia, ja j\u00e4t\u00e4mme aina merkinn\u00e4n tehdyist\u00e4 muutoksista.Lis\u00e4ksi tarjoamme k\u00e4ytt\u00e4jille mahdollisuuden julkaista artikkeleita \u2013 lue lis\u00e4\u00e4 kohdasta Yhteisty\u00f6t. Soveltamisala T\u00e4m\u00e4 politiikka koskee blogin toimituksellista sis\u00e4lt\u00f6\u00e4.K\u00e4ytt\u00e4jien tuottamaa sis\u00e4lt\u00f6\u00e4 (profiilit, viestit jne.) hallinnoidaan Aktiivisen vastauksen politiikan ja K\u00e4ytt\u00f6ehtojen mukaisesti. Muutostyypit ... Read more\" \/>\n<meta property=\"og:url\" content=\"https:\/\/sugardaddynordic.com\/is\/vidgerdaradferd\/\" \/>\n<meta property=\"og:site_name\" content=\"Sugar Daddy Nordic \u00ae\" \/>\n<meta property=\"article:modified_time\" content=\"2025-10-26T06:23:14+00:00\" \/>\n<meta property=\"og:image\" content=\"https:\/\/sugardaddynordic.com\/wp-content\/uploads\/2025\/10\/Logo-Sugar-Daddy-Nordic.png\" \/>\n\t<meta property=\"og:image:width\" content=\"1024\" \/>\n\t<meta property=\"og:image:height\" content=\"1024\" \/>\n\t<meta property=\"og:image:type\" content=\"image\/png\" \/>\n<meta name=\"twitter:card\" content=\"summary_large_image\" \/>\n<meta name=\"twitter:label1\" content=\"Est. reading time\" \/>\n\t<meta name=\"twitter:data1\" content=\"3 minutes\" \/>\n<script type=\"application\/ld+json\" class=\"yoast-schema-graph\">{\"@context\":\"https:\\\/\\\/schema.org\",\"@graph\":[{\"@type\":\"WebPage\",\"@id\":\"https:\\\/\\\/sugardaddynordic.com\\\/korjauskaytanto\\\/\",\"url\":\"https:\\\/\\\/sugardaddynordic.com\\\/korjauskaytanto\\\/\",\"name\":\"Korjausk\u00e4yt\u00e4nt\u00f6\",\"isPartOf\":{\"@id\":\"https:\\\/\\\/sugardaddynordic.com\\\/#website\"},\"datePublished\":\"2025-08-28T08:08:56+00:00\",\"dateModified\":\"2025-10-26T06:23:14+00:00\",\"breadcrumb\":{\"@id\":\"https:\\\/\\\/sugardaddynordic.com\\\/korjauskaytanto\\\/#breadcrumb\"},\"inLanguage\":\"is\",\"potentialAction\":[{\"@type\":\"ReadAction\",\"target\":[\"https:\\\/\\\/sugardaddynordic.com\\\/korjauskaytanto\\\/\"]}]},{\"@type\":\"BreadcrumbList\",\"@id\":\"https:\\\/\\\/sugardaddynordic.com\\\/korjauskaytanto\\\/#breadcrumb\",\"itemListElement\":[{\"@type\":\"ListItem\",\"position\":1,\"name\":\"Home\",\"item\":\"https:\\\/\\\/sugardaddynordic.com\\\/\"},{\"@type\":\"ListItem\",\"position\":2,\"name\":\"Korjausk\u00e4yt\u00e4nt\u00f6\"}]},{\"@type\":\"WebSite\",\"@id\":\"https:\\\/\\\/sugardaddynordic.com\\\/#website\",\"url\":\"https:\\\/\\\/sugardaddynordic.com\\\/\",\"name\":\"Sugar Daddy Nordic\",\"description\":\"\",\"publisher\":{\"@id\":\"https:\\\/\\\/sugardaddynordic.com\\\/#organization\"},\"alternateName\":\"Sugar Daddy Nordic powered by Sugar Daddy Planet\",\"potentialAction\":[{\"@type\":\"SearchAction\",\"target\":{\"@type\":\"EntryPoint\",\"urlTemplate\":\"https:\\\/\\\/sugardaddynordic.com\\\/?s={search_term_string}\"},\"query-input\":{\"@type\":\"PropertyValueSpecification\",\"valueRequired\":true,\"valueName\":\"search_term_string\"}}],\"inLanguage\":\"is\"},{\"@type\":[\"Organization\",\"DatingService\"],\"@id\":\"https:\\\/\\\/sugardaddynordic.com\\\/#organization\",\"name\":\"Sugar Daddy Nordic\",\"url\":\"https:\\\/\\\/sugardaddynordic.com\\\/\",\"logo\":{\"@type\":\"ImageObject\",\"inLanguage\":\"is\",\"@id\":\"https:\\\/\\\/sugardaddynordic.com\\\/#\\\/schema\\\/logo\\\/image\\\/\",\"url\":\"https:\\\/\\\/sugardaddynordic.com\\\/wp-content\\\/uploads\\\/2025\\\/10\\\/cropped-Logo-Sugar-Daddy-Nordic.png\",\"contentUrl\":\"https:\\\/\\\/sugardaddynordic.com\\\/wp-content\\\/uploads\\\/2025\\\/10\\\/cropped-Logo-Sugar-Daddy-Nordic.png\",\"width\":1022,\"height\":323,\"caption\":\"Sugar Daddy Nordic\"},\"image\":{\"@id\":\"https:\\\/\\\/sugardaddynordic.com\\\/#\\\/schema\\\/logo\\\/image\\\/\"},\"serviceType\":\"Dating Service\",\"category\":\"Dating\",\"publishingPrinciples\":\"https:\\\/\\\/sugardaddynordic.com\\\/julkaisustandardit\\\/\",\"ownershipFundingInfo\":\"https:\\\/\\\/sugardaddynordic.com\\\/rahoitus\\\/\",\"actionableFeedbackPolicy\":\"https:\\\/\\\/sugardaddynordic.com\\\/korjauskaytanto\\\/\",\"correctionsPolicy\":\"https:\\\/\\\/sugardaddynordic.com\\\/korjauskaytanto\\\/\",\"ethicsPolicy\":\"https:\\\/\\\/sugardaddynordic.com\\\/eettinen-politiikka\\\/\",\"diversityPolicy\":\"https:\\\/\\\/sugardaddynordic.com\\\/monimuotoisuus\\\/\",\"diversityStaffingReport\":\"https:\\\/\\\/sugardaddynordic.com\\\/yhteistyo\\\/\"}]}<\/script>\n<!-- \/ Yoast SEO Premium plugin. -->","yoast_head_json":{"title":"Vi\u00f0ger\u00f0arstefna","robots":{"index":"index","follow":"follow","max-snippet":"max-snippet:-1","max-image-preview":"max-image-preview:large","max-video-preview":"max-video-preview:-1"},"canonical":"https:\/\/sugardaddynordic.com\/is\/vidgerdaradferd\/","og_locale":"is_IS","og_type":"article","og_title":"Korjausk\u00e4yt\u00e4nt\u00f6","og_description":"SugarDaddyNordic-blogissa sitoudumme tuottamaan tarkkaa, selke\u00e4\u00e4 ja vastuullista sis\u00e4lt\u00f6\u00e4. Kun havaitsemme virheit\u00e4, korjaamme ne avoimesti, ilman sensaatiohakuisuutta tai harhaanjohtavia lupauksia, ja j\u00e4t\u00e4mme aina merkinn\u00e4n tehdyist\u00e4 muutoksista.Lis\u00e4ksi tarjoamme k\u00e4ytt\u00e4jille mahdollisuuden julkaista artikkeleita \u2013 lue lis\u00e4\u00e4 kohdasta Yhteisty\u00f6t. Soveltamisala T\u00e4m\u00e4 politiikka koskee blogin toimituksellista sis\u00e4lt\u00f6\u00e4.K\u00e4ytt\u00e4jien tuottamaa sis\u00e4lt\u00f6\u00e4 (profiilit, viestit jne.) hallinnoidaan Aktiivisen vastauksen politiikan ja K\u00e4ytt\u00f6ehtojen mukaisesti. Muutostyypit ... Read more","og_url":"https:\/\/sugardaddynordic.com\/is\/vidgerdaradferd\/","og_site_name":"Sugar Daddy Nordic \u00ae","article_modified_time":"2025-10-26T06:23:14+00:00","og_image":[{"width":1024,"height":1024,"url":"https:\/\/sugardaddynordic.com\/wp-content\/uploads\/2025\/10\/Logo-Sugar-Daddy-Nordic.png","type":"image\/png"}],"twitter_card":"summary_large_image","twitter_misc":{"Est. reading time":"3 minutes"},"schema":{"@context":"https:\/\/schema.org","@graph":[{"@type":"WebPage","@id":"https:\/\/sugardaddynordic.com\/korjauskaytanto\/","url":"https:\/\/sugardaddynordic.com\/korjauskaytanto\/","name":"Vi\u00f0ger\u00f0arstefna","isPartOf":{"@id":"https:\/\/sugardaddynordic.com\/#website"},"datePublished":"2025-08-28T08:08:56+00:00","dateModified":"2025-10-26T06:23:14+00:00","breadcrumb":{"@id":"https:\/\/sugardaddynordic.com\/korjauskaytanto\/#breadcrumb"},"inLanguage":"is","potentialAction":[{"@type":"ReadAction","target":["https:\/\/sugardaddynordic.com\/korjauskaytanto\/"]}]},{"@type":"BreadcrumbList","@id":"https:\/\/sugardaddynordic.com\/korjauskaytanto\/#breadcrumb","itemListElement":[{"@type":"ListItem","position":1,"name":"Home","item":"https:\/\/sugardaddynordic.com\/"},{"@type":"ListItem","position":2,"name":"Korjausk\u00e4yt\u00e4nt\u00f6"}]},{"@type":"WebSite","@id":"https:\/\/sugardaddynordic.com\/#website","url":"https:\/\/sugardaddynordic.com\/","name":"sugar daddy Norr\u00e6nn","description":"","publisher":{"@id":"https:\/\/sugardaddynordic.com\/#organization"},"alternateName":"Sugar Daddy Nordic powered by Sugar Daddy Planet","potentialAction":[{"@type":"SearchAction","target":{"@type":"EntryPoint","urlTemplate":"https:\/\/sugardaddynordic.com\/?s={search_term_string}"},"query-input":{"@type":"PropertyValueSpecification","valueRequired":true,"valueName":"search_term_string"}}],"inLanguage":"is"},{"@type":["Organization","DatingService"],"@id":"https:\/\/sugardaddynordic.com\/#organization","name":"sugar daddy Norr\u00e6nn","url":"https:\/\/sugardaddynordic.com\/","logo":{"@type":"ImageObject","inLanguage":"is","@id":"https:\/\/sugardaddynordic.com\/#\/schema\/logo\/image\/","url":"https:\/\/sugardaddynordic.com\/wp-content\/uploads\/2025\/10\/cropped-Logo-Sugar-Daddy-Nordic.png","contentUrl":"https:\/\/sugardaddynordic.com\/wp-content\/uploads\/2025\/10\/cropped-Logo-Sugar-Daddy-Nordic.png","width":1022,"height":323,"caption":"Sugar Daddy Nordic"},"image":{"@id":"https:\/\/sugardaddynordic.com\/#\/schema\/logo\/image\/"},"serviceType":"Dating Service","category":"Dating","publishingPrinciples":"https:\/\/sugardaddynordic.com\/julkaisustandardit\/","ownershipFundingInfo":"https:\/\/sugardaddynordic.com\/rahoitus\/","actionableFeedbackPolicy":"https:\/\/sugardaddynordic.com\/korjauskaytanto\/","correctionsPolicy":"https:\/\/sugardaddynordic.com\/korjauskaytanto\/","ethicsPolicy":"https:\/\/sugardaddynordic.com\/eettinen-politiikka\/","diversityPolicy":"https:\/\/sugardaddynordic.com\/monimuotoisuus\/","diversityStaffingReport":"https:\/\/sugardaddynordic.com\/yhteistyo\/"}]}},"_links":{"self":[{"href":"https:\/\/sugardaddynordic.com\/is\/wp-json\/wp\/v2\/pages\/13444","targetHints":{"allow":["GET"]}}],"collection":[{"href":"https:\/\/sugardaddynordic.com\/is\/wp-json\/wp\/v2\/pages"}],"about":[{"href":"https:\/\/sugardaddynordic.com\/is\/wp-json\/wp\/v2\/types\/page"}],"author":[{"embeddable":true,"href":"https:\/\/sugardaddynordic.com\/is\/wp-json\/wp\/v2\/users\/1"}],"replies":[{"embeddable":true,"href":"https:\/\/sugardaddynordic.com\/is\/wp-json\/wp\/v2\/comments?post=13444"}],"version-history":[{"count":0,"href":"https:\/\/sugardaddynordic.com\/is\/wp-json\/wp\/v2\/pages\/13444\/revisions"}],"wp:attachment":[{"href":"https:\/\/sugardaddynordic.com\/is\/wp-json\/wp\/v2\/media?parent=13444"}],"curies":[{"name":"wp","href":"https:\/\/api.w.org\/{rel}","templated":true}]}}