{"id":6189,"date":"2024-12-29T12:04:49","date_gmt":"2024-12-29T10:04:49","guid":{"rendered":"https:\/\/sugardaddynordic.com\/?page_id=6189"},"modified":"2025-10-26T08:18:55","modified_gmt":"2025-10-26T06:18:55","slug":"um-okkur","status":"publish","type":"page","link":"https:\/\/sugardaddynordic.com\/is\/meista\/","title":{"rendered":"um okkur"},"content":{"rendered":"<p><a href=\"https:\/\/sugardaddynordic.com\/is\/\"><strong>Sugar daddy <\/strong>Norr\u00e6nt <\/a>var stofna\u00f0 \u00e1ri\u00f0 2024 \u00fat fr\u00e1 \u00fe\u00f6rfinni til a\u00f0 b\u00faa til sugar datingavettvang sem b\u00fd\u00f0ur upp \u00e1 100 % tengili\u00f0i \u00ed Finnlandi. \u00de\u00f6kk s\u00e9 einf\u00f6ldu skr\u00e1ningarkerfi, finnsku samf\u00e9lagi og skilvirku ruslp\u00f3stseftirlitskerfi tekst okkur a\u00f0 bj\u00f3\u00f0a notendum einstaka upplifun \u00fear sem \u00feeir geta au\u00f0veldlega fundi\u00f0 tengili\u00f0i n\u00e1l\u00e6gt s\u00e9r.<\/p>\n\n\n\n<h2 class=\"wp-block-heading has-text-align-center\" id=\"h-arvomme\">Gildi okkar<\/h2>\n\n\n\n<div class=\"wp-block-stackable-columns stk-block-columns stk-block stk-e919e6d\" data-block-id=\"e919e6d\"><div class=\"stk-row stk-inner-blocks stk-block-content stk-content-align stk-e919e6d-column\">\n<div class=\"wp-block-stackable-column stk-block-column stk-column stk-block stk-2bc28d4\" data-v=\"4\" data-block-id=\"2bc28d4\"><div class=\"stk-column-wrapper stk-block-column__content stk-container stk-2bc28d4-container stk--no-background stk--no-padding\"><div class=\"stk-block-content stk-inner-blocks stk-2bc28d4-inner-blocks\">\n<h3 class=\"wp-block-heading\" id=\"h-turvallisuus\">\u00d6ryggi:<\/h3>\n\n\n\n<p>Vi\u00f0 tryggjum bestu m\u00f6gulegu gagnavernd \u00e1 vefs\u00ed\u00f0um okkar \u00ed samr\u00e6mi vi\u00f0 GDPR regluger\u00f0ina.<\/p>\n\n\n\n<p>Vi\u00f0 for\u00f0umst ruslp\u00f3st, falsa pr\u00f3f\u00edla e\u00f0a \u00f6nnur svik. Vi\u00f0 augl\u00fdsum.<a href=\"https:\/\/sugardaddynordic.com\/is\/orugg-stefnumot\/\"> \u00f6ruggur fundur \u00e1 netinu <\/a>b\u00e6\u00f0i \u00e1 \u00feessum vettvangi og \u00ed stafr\u00e6na heiminum almennt.<\/p>\n\n\n\n<h3 class=\"wp-block-heading\" id=\"h-koulutus\">\u00dej\u00e1lfun:<\/h3>\n\n\n\n<p>Vi\u00f0 \u00fatsk\u00fdrum, kynnum og dreifum raunverulegum sugar dating \u2013 <a href=\"https:\/\/sugardaddynordic.com\/is\/#sugar-daddy\">sugar daddy<\/a> \u2013 <a href=\"https:\/\/sugardaddynordic.com\/is\/#sugar-baby\">sugar baby<\/a> menningu svo a\u00f0 notendur skilji n\u00e1kv\u00e6mlega hva\u00f0 \u00feessi hugt\u00f6k sn\u00faast um.<\/p>\n\n\n\n<p>Vi\u00f0 hvetjum \u00feig til a\u00f0 n\u00e1lgast sugar dating sem lei\u00f0 til a\u00f0 skemmta \u00fe\u00e9r, st\u00e6kka f\u00e9lagsskap \u00feinn og b\u00e6ta l\u00edfsg\u00e6\u00f0i \u00fe\u00edn me\u00f0 \u00feeim \u00e1vinningi sem \u00feessi samb\u00f6nd f\u00e6ra.<\/p>\n<\/div><\/div><\/div>\n\n\n\n<div class=\"wp-block-stackable-column stk-block-column stk-column stk-block stk-b7cfe73\" data-v=\"4\" data-block-id=\"b7cfe73\"><div class=\"stk-column-wrapper stk-block-column__content stk-container stk-b7cfe73-container stk--no-background stk--no-padding\"><div class=\"stk-block-content stk-inner-blocks stk-b7cfe73-inner-blocks\">\n<h3 class=\"wp-block-heading\" id=\"h-luottamus\">Traust:<\/h3>\n\n\n\n<p>Vi\u00f0 bj\u00f3\u00f0um notendum upp \u00e1 alla m\u00f6guleika \u00e1 a\u00f0 hafa samband og sv\u00f6rum \u00f6llum fyrirspurnum \u00e1 gagns\u00e6jan og vinsamlegan h\u00e1tt.<\/p>\n\n\n\n<p>Vi\u00f0 h\u00f6fum l\u00edka <a href=\"https:\/\/sugardaddynordic.com\/is\/hjalp-og-algengar-spurningar\/\">hj\u00e1lparmi\u00f0st\u00f6\u00f0<\/a>, \u00fear sem \u00fe\u00fa getur lesi\u00f0 algengar spurningar e\u00f0a skrifa\u00f0 okkur ef \u00fe\u00fa \u00fearft a\u00f0sto\u00f0.<\/p>\n\n\n\n<h3 class=\"wp-block-heading\" id=\"h-lapinakyvyys\">Gagns\u00e6i:<\/h3>\n\n\n\n<p>\u00cd grei\u00f0slukerfi okkar og <a href=\"https:\/\/sugardaddynordic.com\/is\/personuverndarstefna-2\/\">gagnavernd<\/a>\u2013 og <a href=\"https:\/\/sugardaddynordic.com\/is\/notkunarskilmalar\/\">\u00ed samningsbundnum starfsh\u00e1ttum okkar<\/a> Vi\u00f0 veitum allar nau\u00f0synlegar uppl\u00fdsingar svo a\u00f0 notendur geti skili\u00f0 \u00fej\u00f3nustuna til fulls.<\/p>\n\n\n\n<p>A\u00f0 auki hafa notendur alltaf a\u00f0gang a\u00f0 eigin uppl\u00fdsingum og m\u00f6guleika \u00e1 a\u00f0 ey\u00f0a \u00feeim af pr\u00f3f\u00edlnum s\u00ednum.<\/p>\n<\/div><\/div><\/div>\n<\/div><\/div>\n\n\n\n<h2 class=\"wp-block-heading has-text-align-center\" id=\"h-mika-tekee-meista-erilaisia\">Hva\u00f0 gerir okkur \u00f6\u00f0ruv\u00edsi?<\/h2>\n\n\n\n<div class=\"wp-block-stackable-columns stk-block-columns stk-block stk-2e975f2\" data-block-id=\"2e975f2\"><div class=\"stk-row stk-inner-blocks stk-block-content stk-content-align stk-2e975f2-column\">\n<div class=\"wp-block-stackable-column stk-block-column stk-column stk-block stk-cfef746\" data-v=\"4\" data-block-id=\"cfef746\"><div class=\"stk-column-wrapper stk-block-column__content stk-container stk-cfef746-container stk--no-background stk--no-padding\"><div class=\"stk-block-content stk-inner-blocks stk-cfef746-inner-blocks\">\n<h3 class=\"wp-block-heading\" id=\"h-paikallinen-yhteiso\">Sta\u00f0bundi\u00f0 samf\u00e9lag:<\/h3>\n\n\n\n<p>100 % Norr\u00e6nt samf\u00e9lag \u00e1n pirrandi skilabo\u00f0a fr\u00e1 erlendum ruslp\u00f3stsendendum e\u00f0a v\u00e9lmennum, sem gerir \u00fea\u00f0 au\u00f0velt a\u00f0 hitta f\u00f3lk n\u00e1l\u00e6gt \u00fe\u00e9r.<\/p>\n<\/div><\/div><\/div>\n\n\n\n<div class=\"wp-block-stackable-column stk-block-column stk-column stk-block stk-1137452\" data-v=\"4\" data-block-id=\"1137452\"><div class=\"stk-column-wrapper stk-block-column__content stk-container stk-1137452-container stk--no-background stk--no-padding\"><div class=\"stk-block-content stk-inner-blocks stk-1137452-inner-blocks\">\n<h3 class=\"wp-block-heading\" id=\"h-harkinnanvaraisuus\">Valkv\u00e6\u00f0i:<\/h3>\n\n\n\n<p>Engar pirrandi tilkynningar, vi\u00f0varandi augl\u00fdsingar e\u00f0a t\u00f6lvup\u00f3sttilbo\u00f0 \u2013 fri\u00f0helgi einkal\u00edfsins er okkar forgangsverkefni. \u00de\u00fa stj\u00f3rnar tilkynningum og hvernig \u00fe\u00e6r eru nota\u00f0ar.<\/p>\n<\/div><\/div><\/div>\n\n\n\n<div class=\"wp-block-stackable-column stk-block-column stk-column stk-block stk-fea043f\" data-v=\"4\" data-block-id=\"fea043f\"><div class=\"stk-column-wrapper stk-block-column__content stk-container stk-fea043f-container stk--no-background stk--no-padding\"><div class=\"stk-block-content stk-inner-blocks stk-fea043f-inner-blocks\">\n<h3 class=\"wp-block-heading\" id=\"h-helppokayttoisyys\">Au\u00f0velt \u00ed notkun:<\/h3>\n\n\n\n<p>Engin greidd skilabo\u00f0 e\u00f0a \u00f6nnur villandi br\u00f6g\u00f0. sugarbabys geta spjalla\u00f0 fr\u00edtt og sugar daddyr grei\u00f0a a\u00f0eins m\u00e1na\u00f0argjald sem h\u00e6gt er a\u00f0 h\u00e6tta vi\u00f0 hven\u00e6r sem er \u00e1n skuldbindinga.<\/p>\n<\/div><\/div><\/div>\n<\/div><\/div>\n\n\n\n<h2 class=\"wp-block-heading has-text-align-center\" id=\"h-sitoutuminen-yhteisoon\">Skuldbinding vi\u00f0 samf\u00e9lagi\u00f0:<\/h2>\n\n\n\n<p>Vi\u00f0 leggjum \u00e1herslu \u00e1 velfer\u00f0 og \u00f6ryggi samf\u00e9lagsins. Vi\u00f0 vinnum st\u00f6\u00f0ugt a\u00f0 \u00fev\u00ed a\u00f0 b\u00e6ta upplifun notenda og vi\u00f0halda heilbrig\u00f0u og j\u00e1kv\u00e6\u00f0u andr\u00famslofti \u00ed samf\u00e9laginu.<\/p>\n\n\n\n<div class=\"wp-block-stackable-columns stk-block-columns stk-block stk-668dc03\" data-block-id=\"668dc03\"><div class=\"stk-row stk-inner-blocks stk-block-content stk-content-align stk-668dc03-column\">\n<div class=\"wp-block-stackable-column stk-block-column stk-column stk-block stk-7f9bcd4\" data-v=\"4\" data-block-id=\"7f9bcd4\"><div class=\"stk-column-wrapper stk-block-column__content stk-container stk-7f9bcd4-container stk--no-background stk--no-padding\"><div class=\"stk-block-content stk-inner-blocks stk-7f9bcd4-inner-blocks\">\n<h3 class=\"wp-block-heading\" id=\"h-palaute-ja-jatkuva-parantaminen\">\u00c1bendingar og st\u00f6\u00f0ugar umb\u00e6tur:<\/h3>\n\n\n\n<p>Vi\u00f0 hlustum virkt \u00e1 till\u00f6gur og \u00e1bendingar notenda okkar, sem hj\u00e1lpar okkur a\u00f0 b\u00e6ta vettvanginn okkar st\u00f6\u00f0ugt.<\/p>\n<\/div><\/div><\/div>\n\n\n\n<div class=\"wp-block-stackable-column stk-block-column stk-column stk-block stk-7dd580e\" data-v=\"4\" data-block-id=\"7dd580e\"><div class=\"stk-column-wrapper stk-block-column__content stk-container stk-7dd580e-container stk--no-background stk--no-padding\"><div class=\"stk-block-content stk-inner-blocks stk-7dd580e-inner-blocks\">\n<h3 class=\"wp-block-heading\" id=\"h-yhteiskunnallinen-vastuu\">F\u00e9lagsleg \u00e1byrg\u00f0:<\/h3>\n\n\n\n<p>Vi\u00f0 stu\u00f0lum a\u00f0 \u00e1byrgri stafr\u00e6nni menningu og sty\u00f0jum herfer\u00f0ir gegn \u00f6ryggi \u00e1 netinu. Vi\u00f0 erum einnig sta\u00f0r\u00e1\u00f0in \u00ed a\u00f0 berjast gegn mansali me\u00f0 \u00fev\u00ed a\u00f0 vinna me\u00f0 s\u00e9rh\u00e6f\u00f0um samt\u00f6kum.<\/p>\n<\/div><\/div><\/div>\n<\/div><\/div>\n\n\n\n<h2 class=\"wp-block-heading has-text-align-center\" id=\"h-tulevaisuuden-visio\">Framt\u00ed\u00f0ars\u00fdn<\/h2>\n\n\n\n<div class=\"wp-block-stackable-columns stk-block-columns stk-block stk-4fbeafc\" data-block-id=\"4fbeafc\"><div class=\"stk-row stk-inner-blocks stk-block-content stk-content-align stk-4fbeafc-column\">\n<div class=\"wp-block-stackable-column stk-block-column stk-column stk-block stk-924bcb5\" data-v=\"4\" data-block-id=\"924bcb5\"><div class=\"stk-column-wrapper stk-block-column__content stk-container stk-924bcb5-container stk--no-background stk--no-padding\"><div class=\"stk-block-content stk-inner-blocks stk-924bcb5-inner-blocks\">\n<h3 class=\"wp-block-heading\" id=\"h-jatkuva-innovaatio\">St\u00f6\u00f0ug n\u00fdsk\u00f6pun:<\/h3>\n\n\n\n<p>Vi\u00f0 erum st\u00f6\u00f0ugt a\u00f0 \u00fer\u00f3a vettvang okkar og kynna n\u00fdja eiginleika sem b\u00e6ta notendaupplifun, svo sem h\u00e1\u00fer\u00f3u\u00f0 pr\u00f3f\u00edlsta\u00f0festingarkerfi og s\u00e9rsni\u00f0in pers\u00f3nuverndart\u00f3l.<\/p>\n<\/div><\/div><\/div>\n\n\n\n<div class=\"wp-block-stackable-column stk-block-column stk-column stk-block stk-f463403\" data-v=\"4\" data-block-id=\"f463403\"><div class=\"stk-column-wrapper stk-block-column__content stk-container stk-f463403-container stk--no-background stk--no-padding\"><div class=\"stk-block-content stk-inner-blocks stk-f463403-inner-blocks\">\n<h3 class=\"wp-block-heading\" id=\"h-ennusteet-pohjoismaat-markkinoilla\">Sp\u00e1r fyrir Nor\u00f0url\u00f6ndin:<\/h3>\n\n\n\n<p>Skuldbinding okkar gagnvart norr\u00e6na samf\u00e9laginu endurspeglast \u00ed sterkri vi\u00f0veru okkar og st\u00f6\u00f0ugum umb\u00f3tum \u00e1 \u00fej\u00f3nustu. Markmi\u00f0 okkar er a\u00f0 <strong>sugar daddy Norr\u00e6nn<\/strong> (sugardaddynordic.com) er enn mikilv\u00e6g uppflettavefur fyrir \u00fe\u00e1 sem eru a\u00f0 leita a\u00f0 sugar dating.<\/p>\n<\/div><\/div><\/div>\n<\/div><\/div>","protected":false},"excerpt":{"rendered":"<p>Sugar Daddy Nordic var\u00f0 til \u00e1ri\u00f0 2024 \u00fat fr\u00e1 \u00fe\u00f6rfinni til a\u00f0 b\u00faa til sugar datingavettvang sem b\u00fd\u00f0ur upp \u00e1 100 % tengili\u00f0i \u00ed Finnlandi. \u00de\u00f6kk s\u00e9 einf\u00f6ldu skr\u00e1ningarkerfi, finnsku samf\u00e9lagi og skilvirku ruslp\u00f3stseftirlitskerfi tekst okkur a\u00f0 bj\u00f3\u00f0a notendum einstaka upplifun \u00fear sem \u00feeir geta au\u00f0veldlega fundi\u00f0 tengili\u00f0i n\u00e1l\u00e6gt s\u00e9r. Gildi okkar \u00d6ryggi: Vi\u00f0 tryggjum bestu m\u00f6gulegu gagnavernd \u00e1 vefs\u00ed\u00f0um okkar \u00ed samr\u00e6mi vi\u00f0 GDPR regluger\u00f0ir. Vi\u00f0 for\u00f0umst ruslp\u00f3st, falsa pr\u00f3f\u00edla e\u00f0a anna\u00f0 svik. Vi\u00f0 stu\u00f0lum a\u00f0 [\u2026] <a title=\"um okkur\" class=\"read-more\" href=\"https:\/\/sugardaddynordic.com\/is\/meista\/\" aria-label=\"Read more about meist\u00e4\">Lesa meira<\/a><\/p>","protected":false},"author":1,"featured_media":0,"parent":0,"menu_order":0,"comment_status":"closed","ping_status":"closed","template":"","meta":{"generate_page_header":"","footnotes":""},"class_list":{"0":"post-6189","1":"page","2":"type-page","3":"status-publish","5":"infinite-scroll-item"},"featured_image_urls":{"full":"","thumbnail":"","medium":"","medium_large":"","large":"","1536x1536":"","2048x2048":"","trp-custom-language-flag":"","crp_thumbnail":""},"post_excerpt_stackable":"<p>Sugar Daddy Nordic syntyi vuonna 2024 tarpeesta luoda sokeritreffialusta, joka tarjoaa 100 % kontakteja Suomessa. Yksinkertaisen rekister\u00f6intij\u00e4rjestelm\u00e4n, 100 % suomalaisen yhteis\u00f6n ja tehokkaan roskapostin seurantaj\u00e4rjestelm\u00e4n ansiosta onnistumme tarjoamaan k\u00e4ytt\u00e4jille ainutlaatuisen kokemuksen, jossa he voivat helposti l\u00f6yt\u00e4\u00e4 yhteystietoja l\u00e4hell\u00e4\u00e4n. Arvomme Turvallisuus: Takaamme verkkosivustoillamme parhaan mahdollisen tietosuojan GDPR-asetusten mukaisesti. V\u00e4lt\u00e4mme roskapostia, v\u00e4\u00e4rennettyj\u00e4 profiileja tai muita petoksia. Edist\u00e4mme turvallista verkkotapaamista niin t\u00e4ll\u00e4 alustalla kuin digitaalisessa maailmassa yleens\u00e4. Koulutus: Selit\u00e4mme, edist\u00e4mme ja levit\u00e4mme todellista sugar dating &#8211; sugar daddy &#8211; sugar baby -kulttuuria, jotta k\u00e4ytt\u00e4j\u00e4t ymm\u00e4rt\u00e4v\u00e4t tarkasti, mist\u00e4 n\u00e4iss\u00e4 k\u00e4sitteiss\u00e4 on kyse. Kannustamme l\u00e4hestym\u00e4\u00e4n sokeritreffailua tapana pit\u00e4\u00e4 hauskaa, laajentaa sosiaalista piiri\u00e4 ja parantaa el\u00e4m\u00e4nlaatua&hellip;<\/p>\n","category_list":"","author_info":{"name":"Stj\u00f3rnandi SugarDaddy \u00ed Finnlandi","url":"https:\/\/sugardaddynordic.com\/is\/author\/poweb\/"},"comments_num":"0 comments","featured_image_urls_v2":{"full":"","thumbnail":"","medium":"","medium_large":"","large":"","1536x1536":"","2048x2048":"","trp-custom-language-flag":"","crp_thumbnail":""},"post_excerpt_stackable_v2":"<p>Sugar Daddy Nordic syntyi vuonna 2024 tarpeesta luoda sokeritreffialusta, joka tarjoaa 100 % kontakteja Suomessa. Yksinkertaisen rekister\u00f6intij\u00e4rjestelm\u00e4n, 100 % suomalaisen yhteis\u00f6n ja tehokkaan roskapostin seurantaj\u00e4rjestelm\u00e4n ansiosta onnistumme tarjoamaan k\u00e4ytt\u00e4jille ainutlaatuisen kokemuksen, jossa he voivat helposti l\u00f6yt\u00e4\u00e4 yhteystietoja l\u00e4hell\u00e4\u00e4n. Arvomme Turvallisuus: Takaamme verkkosivustoillamme parhaan mahdollisen tietosuojan GDPR-asetusten mukaisesti. V\u00e4lt\u00e4mme roskapostia, v\u00e4\u00e4rennettyj\u00e4 profiileja tai muita petoksia. Edist\u00e4mme turvallista verkkotapaamista niin t\u00e4ll\u00e4 alustalla kuin digitaalisessa maailmassa yleens\u00e4. Koulutus: Selit\u00e4mme, edist\u00e4mme ja levit\u00e4mme todellista sugar dating &#8211; sugar daddy &#8211; sugar baby -kulttuuria, jotta k\u00e4ytt\u00e4j\u00e4t ymm\u00e4rt\u00e4v\u00e4t tarkasti, mist\u00e4 n\u00e4iss\u00e4 k\u00e4sitteiss\u00e4 on kyse. Kannustamme l\u00e4hestym\u00e4\u00e4n sokeritreffailua tapana pit\u00e4\u00e4 hauskaa, laajentaa sosiaalista piiri\u00e4 ja parantaa el\u00e4m\u00e4nlaatua&hellip;<\/p>\n","category_list_v2":"","author_info_v2":{"name":"Stj\u00f3rnandi SugarDaddy \u00ed Finnlandi","url":"https:\/\/sugardaddynordic.com\/is\/author\/poweb\/"},"comments_num_v2":"0 comments","yoast_head":"<!-- This site is optimized with the Yoast SEO Premium plugin v26.0 (Yoast SEO v27.3) - https:\/\/yoast.com\/product\/yoast-seo-premium-wordpress\/ -->\n<title>meist\u00e4<\/title>\n<meta name=\"robots\" content=\"index, follow, max-snippet:-1, max-image-preview:large, max-video-preview:-1\" \/>\n<link rel=\"canonical\" href=\"https:\/\/sugardaddynordic.com\/is\/um-okkur\/\" \/>\n<meta property=\"og:locale\" content=\"is_IS\" \/>\n<meta property=\"og:type\" content=\"article\" \/>\n<meta property=\"og:title\" content=\"meist\u00e4\" \/>\n<meta property=\"og:description\" content=\"Sugar Daddy Nordic syntyi vuonna 2024 tarpeesta luoda sokeritreffialusta, joka tarjoaa 100 % kontakteja Suomessa. Yksinkertaisen rekister\u00f6intij\u00e4rjestelm\u00e4n, 100 % suomalaisen yhteis\u00f6n ja tehokkaan roskapostin seurantaj\u00e4rjestelm\u00e4n ansiosta onnistumme tarjoamaan k\u00e4ytt\u00e4jille ainutlaatuisen kokemuksen, jossa he voivat helposti l\u00f6yt\u00e4\u00e4 yhteystietoja l\u00e4hell\u00e4\u00e4n. Arvomme Turvallisuus: Takaamme verkkosivustoillamme parhaan mahdollisen tietosuojan GDPR-asetusten mukaisesti. V\u00e4lt\u00e4mme roskapostia, v\u00e4\u00e4rennettyj\u00e4 profiileja tai muita petoksia. Edist\u00e4mme ... Read more\" \/>\n<meta property=\"og:url\" content=\"https:\/\/sugardaddynordic.com\/is\/um-okkur\/\" \/>\n<meta property=\"og:site_name\" content=\"Sugar Daddy Nordic \u00ae\" \/>\n<meta property=\"article:modified_time\" content=\"2025-10-26T06:18:55+00:00\" \/>\n<meta property=\"og:image\" content=\"https:\/\/sugardaddynordic.com\/wp-content\/uploads\/2025\/10\/Logo-Sugar-Daddy-Nordic.png\" \/>\n\t<meta property=\"og:image:width\" content=\"1024\" \/>\n\t<meta property=\"og:image:height\" content=\"1024\" \/>\n\t<meta property=\"og:image:type\" content=\"image\/png\" \/>\n<meta name=\"twitter:card\" content=\"summary_large_image\" \/>\n<meta name=\"twitter:label1\" content=\"Est. reading time\" \/>\n\t<meta name=\"twitter:data1\" content=\"3 minutes\" \/>\n<script type=\"application\/ld+json\" class=\"yoast-schema-graph\">{\"@context\":\"https:\\\/\\\/schema.org\",\"@graph\":[{\"@type\":\"WebPage\",\"@id\":\"https:\\\/\\\/sugardaddynordic.com\\\/meista\\\/\",\"url\":\"https:\\\/\\\/sugardaddynordic.com\\\/meista\\\/\",\"name\":\"meist\u00e4\",\"isPartOf\":{\"@id\":\"https:\\\/\\\/sugardaddynordic.com\\\/#website\"},\"datePublished\":\"2024-12-29T10:04:49+00:00\",\"dateModified\":\"2025-10-26T06:18:55+00:00\",\"breadcrumb\":{\"@id\":\"https:\\\/\\\/sugardaddynordic.com\\\/meista\\\/#breadcrumb\"},\"inLanguage\":\"is\",\"potentialAction\":[{\"@type\":\"ReadAction\",\"target\":[\"https:\\\/\\\/sugardaddynordic.com\\\/meista\\\/\"]}]},{\"@type\":\"BreadcrumbList\",\"@id\":\"https:\\\/\\\/sugardaddynordic.com\\\/meista\\\/#breadcrumb\",\"itemListElement\":[{\"@type\":\"ListItem\",\"position\":1,\"name\":\"Home\",\"item\":\"https:\\\/\\\/sugardaddynordic.com\\\/\"},{\"@type\":\"ListItem\",\"position\":2,\"name\":\"meist\u00e4\"}]},{\"@type\":\"WebSite\",\"@id\":\"https:\\\/\\\/sugardaddynordic.com\\\/#website\",\"url\":\"https:\\\/\\\/sugardaddynordic.com\\\/\",\"name\":\"Sugar Daddy Nordic\",\"description\":\"\",\"publisher\":{\"@id\":\"https:\\\/\\\/sugardaddynordic.com\\\/#organization\"},\"alternateName\":\"Sugar Daddy Nordic powered by Sugar Daddy Planet\",\"potentialAction\":[{\"@type\":\"SearchAction\",\"target\":{\"@type\":\"EntryPoint\",\"urlTemplate\":\"https:\\\/\\\/sugardaddynordic.com\\\/?s={search_term_string}\"},\"query-input\":{\"@type\":\"PropertyValueSpecification\",\"valueRequired\":true,\"valueName\":\"search_term_string\"}}],\"inLanguage\":\"is\"},{\"@type\":[\"Organization\",\"DatingService\"],\"@id\":\"https:\\\/\\\/sugardaddynordic.com\\\/#organization\",\"name\":\"Sugar Daddy Nordic\",\"url\":\"https:\\\/\\\/sugardaddynordic.com\\\/\",\"logo\":{\"@type\":\"ImageObject\",\"inLanguage\":\"is\",\"@id\":\"https:\\\/\\\/sugardaddynordic.com\\\/#\\\/schema\\\/logo\\\/image\\\/\",\"url\":\"https:\\\/\\\/sugardaddynordic.com\\\/wp-content\\\/uploads\\\/2025\\\/10\\\/cropped-Logo-Sugar-Daddy-Nordic.png\",\"contentUrl\":\"https:\\\/\\\/sugardaddynordic.com\\\/wp-content\\\/uploads\\\/2025\\\/10\\\/cropped-Logo-Sugar-Daddy-Nordic.png\",\"width\":1022,\"height\":323,\"caption\":\"Sugar Daddy Nordic\"},\"image\":{\"@id\":\"https:\\\/\\\/sugardaddynordic.com\\\/#\\\/schema\\\/logo\\\/image\\\/\"},\"serviceType\":\"Dating Service\",\"category\":\"Dating\",\"publishingPrinciples\":\"https:\\\/\\\/sugardaddynordic.com\\\/julkaisustandardit\\\/\",\"ownershipFundingInfo\":\"https:\\\/\\\/sugardaddynordic.com\\\/rahoitus\\\/\",\"actionableFeedbackPolicy\":\"https:\\\/\\\/sugardaddynordic.com\\\/korjauskaytanto\\\/\",\"correctionsPolicy\":\"https:\\\/\\\/sugardaddynordic.com\\\/korjauskaytanto\\\/\",\"ethicsPolicy\":\"https:\\\/\\\/sugardaddynordic.com\\\/eettinen-politiikka\\\/\",\"diversityPolicy\":\"https:\\\/\\\/sugardaddynordic.com\\\/monimuotoisuus\\\/\",\"diversityStaffingReport\":\"https:\\\/\\\/sugardaddynordic.com\\\/yhteistyo\\\/\"}]}<\/script>\n<!-- \/ Yoast SEO Premium plugin. -->","yoast_head_json":{"title":"um okkur","robots":{"index":"index","follow":"follow","max-snippet":"max-snippet:-1","max-image-preview":"max-image-preview:large","max-video-preview":"max-video-preview:-1"},"canonical":"https:\/\/sugardaddynordic.com\/is\/um-okkur\/","og_locale":"is_IS","og_type":"article","og_title":"meist\u00e4","og_description":"Sugar Daddy Nordic syntyi vuonna 2024 tarpeesta luoda sokeritreffialusta, joka tarjoaa 100 % kontakteja Suomessa. Yksinkertaisen rekister\u00f6intij\u00e4rjestelm\u00e4n, 100 % suomalaisen yhteis\u00f6n ja tehokkaan roskapostin seurantaj\u00e4rjestelm\u00e4n ansiosta onnistumme tarjoamaan k\u00e4ytt\u00e4jille ainutlaatuisen kokemuksen, jossa he voivat helposti l\u00f6yt\u00e4\u00e4 yhteystietoja l\u00e4hell\u00e4\u00e4n. Arvomme Turvallisuus: Takaamme verkkosivustoillamme parhaan mahdollisen tietosuojan GDPR-asetusten mukaisesti. V\u00e4lt\u00e4mme roskapostia, v\u00e4\u00e4rennettyj\u00e4 profiileja tai muita petoksia. Edist\u00e4mme ... Read more","og_url":"https:\/\/sugardaddynordic.com\/is\/um-okkur\/","og_site_name":"Sugar Daddy Nordic \u00ae","article_modified_time":"2025-10-26T06:18:55+00:00","og_image":[{"width":1024,"height":1024,"url":"https:\/\/sugardaddynordic.com\/wp-content\/uploads\/2025\/10\/Logo-Sugar-Daddy-Nordic.png","type":"image\/png"}],"twitter_card":"summary_large_image","twitter_misc":{"Est. reading time":"3 minutes"},"schema":{"@context":"https:\/\/schema.org","@graph":[{"@type":"WebPage","@id":"https:\/\/sugardaddynordic.com\/meista\/","url":"https:\/\/sugardaddynordic.com\/meista\/","name":"um okkur","isPartOf":{"@id":"https:\/\/sugardaddynordic.com\/#website"},"datePublished":"2024-12-29T10:04:49+00:00","dateModified":"2025-10-26T06:18:55+00:00","breadcrumb":{"@id":"https:\/\/sugardaddynordic.com\/meista\/#breadcrumb"},"inLanguage":"is","potentialAction":[{"@type":"ReadAction","target":["https:\/\/sugardaddynordic.com\/meista\/"]}]},{"@type":"BreadcrumbList","@id":"https:\/\/sugardaddynordic.com\/meista\/#breadcrumb","itemListElement":[{"@type":"ListItem","position":1,"name":"Home","item":"https:\/\/sugardaddynordic.com\/"},{"@type":"ListItem","position":2,"name":"meist\u00e4"}]},{"@type":"WebSite","@id":"https:\/\/sugardaddynordic.com\/#website","url":"https:\/\/sugardaddynordic.com\/","name":"sugar daddy Norr\u00e6nn","description":"","publisher":{"@id":"https:\/\/sugardaddynordic.com\/#organization"},"alternateName":"Sugar Daddy Nordic powered by Sugar Daddy Planet","potentialAction":[{"@type":"SearchAction","target":{"@type":"EntryPoint","urlTemplate":"https:\/\/sugardaddynordic.com\/?s={search_term_string}"},"query-input":{"@type":"PropertyValueSpecification","valueRequired":true,"valueName":"search_term_string"}}],"inLanguage":"is"},{"@type":["Organization","DatingService"],"@id":"https:\/\/sugardaddynordic.com\/#organization","name":"sugar daddy Norr\u00e6nn","url":"https:\/\/sugardaddynordic.com\/","logo":{"@type":"ImageObject","inLanguage":"is","@id":"https:\/\/sugardaddynordic.com\/#\/schema\/logo\/image\/","url":"https:\/\/sugardaddynordic.com\/wp-content\/uploads\/2025\/10\/cropped-Logo-Sugar-Daddy-Nordic.png","contentUrl":"https:\/\/sugardaddynordic.com\/wp-content\/uploads\/2025\/10\/cropped-Logo-Sugar-Daddy-Nordic.png","width":1022,"height":323,"caption":"Sugar Daddy Nordic"},"image":{"@id":"https:\/\/sugardaddynordic.com\/#\/schema\/logo\/image\/"},"serviceType":"Dating Service","category":"Dating","publishingPrinciples":"https:\/\/sugardaddynordic.com\/julkaisustandardit\/","ownershipFundingInfo":"https:\/\/sugardaddynordic.com\/rahoitus\/","actionableFeedbackPolicy":"https:\/\/sugardaddynordic.com\/korjauskaytanto\/","correctionsPolicy":"https:\/\/sugardaddynordic.com\/korjauskaytanto\/","ethicsPolicy":"https:\/\/sugardaddynordic.com\/eettinen-politiikka\/","diversityPolicy":"https:\/\/sugardaddynordic.com\/monimuotoisuus\/","diversityStaffingReport":"https:\/\/sugardaddynordic.com\/yhteistyo\/"}]}},"_links":{"self":[{"href":"https:\/\/sugardaddynordic.com\/is\/wp-json\/wp\/v2\/pages\/6189","targetHints":{"allow":["GET"]}}],"collection":[{"href":"https:\/\/sugardaddynordic.com\/is\/wp-json\/wp\/v2\/pages"}],"about":[{"href":"https:\/\/sugardaddynordic.com\/is\/wp-json\/wp\/v2\/types\/page"}],"author":[{"embeddable":true,"href":"https:\/\/sugardaddynordic.com\/is\/wp-json\/wp\/v2\/users\/1"}],"replies":[{"embeddable":true,"href":"https:\/\/sugardaddynordic.com\/is\/wp-json\/wp\/v2\/comments?post=6189"}],"version-history":[{"count":0,"href":"https:\/\/sugardaddynordic.com\/is\/wp-json\/wp\/v2\/pages\/6189\/revisions"}],"wp:attachment":[{"href":"https:\/\/sugardaddynordic.com\/is\/wp-json\/wp\/v2\/media?parent=6189"}],"curies":[{"name":"wp","href":"https:\/\/api.w.org\/{rel}","templated":true}]}}