{"id":13439,"date":"2025-08-28T11:08:46","date_gmt":"2025-08-28T08:08:46","guid":{"rendered":"https:\/\/sugardaddynordic.com\/?page_id=13439"},"modified":"2025-10-26T08:12:42","modified_gmt":"2025-10-26T06:12:42","slug":"daudzveidiba","status":"publish","type":"page","link":"https:\/\/sugardaddynordic.com\/lv\/monimuotoisuus\/","title":{"rendered":"Daudzveid\u012bba"},"content":{"rendered":"<p>Sugar Daddy Balkans m\u0113s veicin\u0101m dro\u0161u, cie\u0146pilnu un iek\u013caujo\u0161u kopienu pieaugu\u0161ajiem (18+). \u0160\u012b politika nosaka m\u016bsu ap\u0146em\u0161anos iev\u0113rot daudzveid\u012bbu, vienl\u012bdz\u012bbu un savstarp\u0113ju cie\u0146u un skaidri izkl\u0101sta principus, kas ir m\u016bsu pakalpojumu pamat\u0101.<\/p>\n\n\n\n<h2 class=\"wp-block-heading\" id=\"h-1-palvelun-laajuus\">1) Pakalpojuma darb\u012bbas joma<\/h2>\n\n\n\n<p>Platforma ir paredz\u0113ta pieaugu\u0161iem v\u012brie\u0161iem un sieviet\u0113m, kas ir attiec\u012bb\u0101s, kuru pamat\u0101 ir savstarp\u0113ja piekri\u0161ana.<br>Galven\u0101s re\u0123istr\u0101cijas, mekl\u0113\u0161anas un savieno\u0161anas funkcijas ir paredz\u0113tas v\u012brietim, kas mekl\u0113 sievieti, un sievietei, kas mekl\u0113 v\u012brieti.<br>Pa\u0161laik m\u0113s nepied\u0101v\u0101jam citus savieno\u0161anas veidus. Tom\u0113r \u0161is funkcion\u0101lais ierobe\u017eojums nedod nevienam ties\u012bbas necie\u0146as izr\u0101d\u012b\u0161anai pret k\u0101du personu vai grupu.<\/p>\n\n\n\n<h2 class=\"wp-block-heading\" id=\"h-2-kunnioitus-ja-syrjimattomyys\">2) Cie\u0146a un nediskrimin\u0101cija<\/h2>\n\n\n\n<p>SugarDaddyNordic nav at\u013cauts:<\/p>\n\n\n\n<ul class=\"wp-block-list\">\n<li>Uzbrukumi, apvainojumi, uzm\u0101k\u0161an\u0101s vai aizskar\u0161ana.<\/li>\n\n\n\n<li>naida runas vai jebk\u0101di izteicieni, kas nomelno seksu\u0101l\u0101s orient\u0101cijas, dzimuma identit\u0101tes vai izpausmes, rases, etnisk\u0101s pieder\u012bbas, reli\u0123ijas, invalidit\u0101tes, vecuma (vienm\u0113r 18+), \u0101r\u0113j\u0101 izskata vai soci\u0101lekonomisk\u0101 st\u0101vok\u013ca d\u0113\u013c.<\/li>\n<\/ul>\n\n\n\n<p>Vis\u0101m savstarp\u0113j\u0101m attiec\u012bb\u0101m j\u0101b\u016bt balst\u012bt\u0101m uz piekl\u0101j\u012bbu, piekri\u0161anu un cie\u0146u.<\/p>\n\n\n\n<h2 class=\"wp-block-heading\" id=\"h-3-profiilit-ja-sisalto\">3) Profili un saturs<\/h2>\n\n\n\n<p>Nodro\u0161in\u0101t dro\u0161u un autentisku vidi:<\/p>\n\n\n\n<ul class=\"wp-block-list\">\n<li>Profilam j\u0101b\u016bt re\u0101listiskam, personiskam un atjaunin\u0101tam.<\/li>\n\n\n\n<li>Nepilngad\u012bgo vai tre\u0161o personu iek\u013cau\u0161ana att\u0113los vai aprakstos bez skaidras piekri\u0161anas ir aizliegta.<\/li>\n\n\n\n<li>To nav at\u013cauts public\u0113t:\n<ul class=\"wp-block-list\">\n<li>Seksu\u0101li atkl\u0101ts saturs.<\/li>\n\n\n\n<li>Vardarb\u012bba vai k\u016bd\u012b\u0161ana uz vardarb\u012bbu.<\/li>\n\n\n\n<li>naida runas, aizskaro\u0161i stereotipi vai necilv\u0113c\u012bgi apraksti.<\/li>\n\n\n\n<li>\u013baunpr\u0101t\u012bgas saites, surog\u0101tpasts vai kr\u0101p\u0161ana.<\/li>\n<\/ul>\n<\/li>\n<\/ul>\n\n\n\n<h2 class=\"wp-block-heading\" id=\"h-4-moderointi-ja-soveltaminen\">4) Moder\u0113\u0161ana un piem\u0113ro\u0161ana<\/h2>\n\n\n\n<p>M\u0113s apvienojam automatiz\u0101cijas r\u012bkus un cilv\u0113ku veiktas p\u0101rbaudes, lai nodro\u0161in\u0101tu kopienas dro\u0161\u012bbu un kvalit\u0101ti.<br>Iesp\u0113jam\u0101s darb\u012bbas ir \u0161\u0101das:<\/p>\n\n\n\n<ul class=\"wp-block-list\">\n<li>Piez\u012bmes vai br\u012bdin\u0101jumi.<\/li>\n\n\n\n<li>Darb\u012bbas pagaidu ierobe\u017eojums.<\/li>\n\n\n\n<li>aptur\u0113t vai blo\u0137\u0113t kontus.<\/li>\n\n\n\n<li>Noteikumus p\u0101rk\u0101pjo\u0161a satura dz\u0113\u0161ana.<\/li>\n<\/ul>\n\n\n\n<p>L\u0113mumi tiek pie\u0146emti, pamatojoties uz da\u017e\u0101d\u012bbas politiku, \u0113tikas politiku, akt\u012bvas rea\u0123\u0113\u0161anas politiku un lieto\u0161anas noteikumiem.<\/p>\n\n\n\n<h2 class=\"wp-block-heading\" id=\"h-5-blogi-ja-viestinta\">5) Blogs un sazi\u0146a<\/h2>\n\n\n\n<p>M\u016bsu emu\u0101rs un sazi\u0146as materi\u0101li:<\/p>\n\n\n\n<ul class=\"wp-block-list\">\n<li>Atspogu\u013cojot da\u017e\u0101dus kontekstus un pieredzi, vienm\u0113r ar v\u012brie\u0161u\u2194 sievie\u0161u pieeju.<\/li>\n\n\n\n<li>Izvairieties no aizspriedumiem, stigmatiz\u0101cijas vai dezinform\u0101cijas.<\/li>\n\n\n\n<li>Skaidri nor\u0101diet sponsor\u0113to vai saist\u012bto saturu, kas nekad neietekm\u0113s m\u016bsu redakcion\u0101lo politiku.<\/li>\n<\/ul>\n\n\n\n<p>Iepaz\u012bstieties ar m\u016bsu emu\u0101ru veido\u0161anas principiem.<\/p>\n\n\n\n<h2 class=\"wp-block-heading\" id=\"h-6-esteettomyys-ja-yhdenvertainen-kohtelu\">6) Pieejam\u012bba un vienl\u012bdz\u012bga attieksme<\/h2>\n\n\n\n<p>M\u0113s cen\u0161amies, lai \u0161\u012b pieredze b\u016btu pieejama visiem, pied\u0101v\u0101jot:<\/p>\n\n\n\n<ul class=\"wp-block-list\">\n<li>Skaidra un viegli saprotama valoda.<\/li>\n\n\n\n<li>Alternat\u012bvi risin\u0101jumi att\u0113liem un vizu\u0101lajiem elementiem.<\/li>\n\n\n\n<li>ap\u0146em\u0161an\u0101s nodro\u0161in\u0101t vienl\u012bdz\u012bgu attieksmi vis\u0101s savstarp\u0113j\u0101s attiec\u012bb\u0101s.<\/li>\n<\/ul>\n\n\n\n<h2 class=\"wp-block-heading\" id=\"h-7-ilmoittaminen\">7) Pazi\u0146ojums<\/h2>\n\n\n\n<p>Ja konstat\u0113jat p\u0101rk\u0101pumus, \u013caunpr\u0101t\u012bgu izmanto\u0161anu vai diskrimin\u0101ciju, varat par to zi\u0146ot:<\/p>\n\n\n\n<ul class=\"wp-block-list\">\n<li>Pazi\u0146ojumi \/ Visp\u0101r\u0113jais atbalsts \/ Datu aizsardz\u012bba (GDPR): info@sugardaddynordic.com<\/li>\n\n\n\n<li><\/li>\n\n\n\n<li> <\/li>\n<\/ul>\n\n\n\n<p>M\u016bsu ap\u0146em\u0161an\u0101s ir atbild\u0113t sapr\u0101t\u012bg\u0101 termi\u0146\u0101 un r\u012bkoties p\u0101rredzami.<\/p>\n\n\n\n<h3 class=\"wp-block-heading\" id=\"h-8-paivitykset\">8) Atjaunin\u0101jumi<\/h3>\n\n\n\n<p>Jaun\u0101k\u0101 p\u0101rskat\u012b\u0161ana: 26.10.2025.<br>\u0160\u012b politika var tikt atjaunin\u0101ta, \u0146emot v\u0113r\u0101 uzlabojumus, regul\u0113juma izmai\u0146as vai jaunas darb\u012bbas. M\u0113s skaidri pazi\u0146osim par vis\u0101m b\u016btisk\u0101m izmai\u0146\u0101m.<\/p>","protected":false},"excerpt":{"rendered":"<p>Sugar Daddy Balkans m\u0113s veicin\u0101m dro\u0161u, cie\u0146pilnu un iek\u013caujo\u0161u kopienu pieaugu\u0161ajiem (18+). \u0160\u012b politika nosaka m\u016bsu ap\u0146em\u0161anos iev\u0113rot daudzveid\u012bbu, vienl\u012bdz\u012bbu un savstarp\u0113ju cie\u0146u un skaidri izkl\u0101sta principus, kas ir m\u016bsu pakalpojumu pamat\u0101. 1) Pakalpojuma darb\u012bbas joma Platforma ir paredz\u0113ta pilngad\u012bgiem v\u012brie\u0161iem un sieviet\u0113m, kas ir attiec\u012bb\u0101s uz abpus\u0113jas vieno\u0161an\u0101s pamata. galven\u0101s re\u0123istr\u0101cijas, mekl\u0113\u0161anas un savieno\u0161anas p\u0101r\u012b funkcijas ir paredz\u0113tas v\u012brietim, kas mekl\u0113 sievieti, un sievietei, kas mekl\u0113 [...]. <a title=\"Daudzveid\u012bba\" class=\"read-more\" href=\"https:\/\/sugardaddynordic.com\/lv\/monimuotoisuus\/\" aria-label=\"Read more about Monimuotoisuus\">Las\u012bt vair\u0101k<\/a><\/p>","protected":false},"author":1,"featured_media":0,"parent":0,"menu_order":0,"comment_status":"closed","ping_status":"closed","template":"","meta":{"generate_page_header":"","footnotes":""},"class_list":{"0":"post-13439","1":"page","2":"type-page","3":"status-publish","5":"infinite-scroll-item"},"featured_image_urls":{"full":"","thumbnail":"","medium":"","medium_large":"","large":"","1536x1536":"","2048x2048":"","trp-custom-language-flag":"","crp_thumbnail":""},"post_excerpt_stackable":"<p>Sugar Daddy Balkans -palvelussa edist\u00e4mme turvallista, kunnioittavaa ja osallistavaa yhteis\u00f6\u00e4 t\u00e4ysi-ik\u00e4isille (18+). T\u00e4m\u00e4 politiikka m\u00e4\u00e4rittelee sitoutumisemme monimuotoisuuteen, tasa-arvoon ja keskin\u00e4iseen kunnioitukseen sek\u00e4 asettaa selke\u00e4sti periaatteet, jotka ohjaavat palveluamme. 1) Palvelun laajuus Alusta on suunnattu aikuisten miesten ja naisten v\u00e4lisiin yhteyksiin, suostumukselliseen suhteeseen perustuen.Rekister\u00f6innin, haun ja parinmuodostuksen p\u00e4\u00e4toiminnot on suunniteltu miehelle, joka etsii naista, ja naiselle, joka etsii miest\u00e4.T\u00e4ll\u00e4 hetkell\u00e4 emme tarjoa muita parinmuodostuksen muotoja. T\u00e4m\u00e4 toiminnallinen rajoitus ei kuitenkaan oikeuta ket\u00e4\u00e4n kohtelemaan ep\u00e4kunnioittavasti mit\u00e4\u00e4n henkil\u00f6\u00e4 tai ryhm\u00e4\u00e4. 2) Kunnioitus ja syrjim\u00e4tt\u00f6myys SugarDaddyNordicissa ei sallita: Hy\u00f6kk\u00e4yksi\u00e4, loukkauksia, h\u00e4irint\u00e4\u00e4 tai solvaamista. Vihapuhetta tai mit\u00e4 tahansa ilmausta, joka halventaa seksuaalisen suuntautumisen, sukupuoli-identiteetin tai&hellip;<\/p>\n","category_list":"","author_info":{"name":"Administrators no SugarDaddySuomi","url":"https:\/\/sugardaddynordic.com\/lv\/author\/poweb\/"},"comments_num":"0 comments","featured_image_urls_v2":{"full":"","thumbnail":"","medium":"","medium_large":"","large":"","1536x1536":"","2048x2048":"","trp-custom-language-flag":"","crp_thumbnail":""},"post_excerpt_stackable_v2":"<p>Sugar Daddy Balkans -palvelussa edist\u00e4mme turvallista, kunnioittavaa ja osallistavaa yhteis\u00f6\u00e4 t\u00e4ysi-ik\u00e4isille (18+). T\u00e4m\u00e4 politiikka m\u00e4\u00e4rittelee sitoutumisemme monimuotoisuuteen, tasa-arvoon ja keskin\u00e4iseen kunnioitukseen sek\u00e4 asettaa selke\u00e4sti periaatteet, jotka ohjaavat palveluamme. 1) Palvelun laajuus Alusta on suunnattu aikuisten miesten ja naisten v\u00e4lisiin yhteyksiin, suostumukselliseen suhteeseen perustuen.Rekister\u00f6innin, haun ja parinmuodostuksen p\u00e4\u00e4toiminnot on suunniteltu miehelle, joka etsii naista, ja naiselle, joka etsii miest\u00e4.T\u00e4ll\u00e4 hetkell\u00e4 emme tarjoa muita parinmuodostuksen muotoja. T\u00e4m\u00e4 toiminnallinen rajoitus ei kuitenkaan oikeuta ket\u00e4\u00e4n kohtelemaan ep\u00e4kunnioittavasti mit\u00e4\u00e4n henkil\u00f6\u00e4 tai ryhm\u00e4\u00e4. 2) Kunnioitus ja syrjim\u00e4tt\u00f6myys SugarDaddyNordicissa ei sallita: Hy\u00f6kk\u00e4yksi\u00e4, loukkauksia, h\u00e4irint\u00e4\u00e4 tai solvaamista. Vihapuhetta tai mit\u00e4 tahansa ilmausta, joka halventaa seksuaalisen suuntautumisen, sukupuoli-identiteetin tai&hellip;<\/p>\n","category_list_v2":"","author_info_v2":{"name":"Administrators no SugarDaddySuomi","url":"https:\/\/sugardaddynordic.com\/lv\/author\/poweb\/"},"comments_num_v2":"0 comments","yoast_head":"<!-- This site is optimized with the Yoast SEO Premium plugin v26.0 (Yoast SEO v27.3) - https:\/\/yoast.com\/product\/yoast-seo-premium-wordpress\/ -->\n<title>Monimuotoisuus<\/title>\n<meta name=\"robots\" content=\"index, follow, max-snippet:-1, max-image-preview:large, max-video-preview:-1\" \/>\n<link rel=\"canonical\" href=\"https:\/\/sugardaddynordic.com\/lv\/daudzveidiba\/\" \/>\n<meta property=\"og:locale\" content=\"lv_LV\" \/>\n<meta property=\"og:type\" content=\"article\" \/>\n<meta property=\"og:title\" content=\"Monimuotoisuus\" \/>\n<meta property=\"og:description\" content=\"Sugar Daddy Balkans -palvelussa edist\u00e4mme turvallista, kunnioittavaa ja osallistavaa yhteis\u00f6\u00e4 t\u00e4ysi-ik\u00e4isille (18+). T\u00e4m\u00e4 politiikka m\u00e4\u00e4rittelee sitoutumisemme monimuotoisuuteen, tasa-arvoon ja keskin\u00e4iseen kunnioitukseen sek\u00e4 asettaa selke\u00e4sti periaatteet, jotka ohjaavat palveluamme. 1) Palvelun laajuus Alusta on suunnattu aikuisten miesten ja naisten v\u00e4lisiin yhteyksiin, suostumukselliseen suhteeseen perustuen.Rekister\u00f6innin, haun ja parinmuodostuksen p\u00e4\u00e4toiminnot on suunniteltu miehelle, joka etsii naista, ja naiselle, ... Read more\" \/>\n<meta property=\"og:url\" content=\"https:\/\/sugardaddynordic.com\/lv\/daudzveidiba\/\" \/>\n<meta property=\"og:site_name\" content=\"Sugar Daddy Nordic \u00ae\" \/>\n<meta property=\"article:modified_time\" content=\"2025-10-26T06:12:42+00:00\" \/>\n<meta property=\"og:image\" content=\"https:\/\/sugardaddynordic.com\/wp-content\/uploads\/2025\/10\/Logo-Sugar-Daddy-Nordic.png\" \/>\n\t<meta property=\"og:image:width\" content=\"1024\" \/>\n\t<meta property=\"og:image:height\" content=\"1024\" \/>\n\t<meta property=\"og:image:type\" content=\"image\/png\" \/>\n<meta name=\"twitter:card\" content=\"summary_large_image\" \/>\n<meta name=\"twitter:label1\" content=\"Est. reading time\" \/>\n\t<meta name=\"twitter:data1\" content=\"3 min\u016btes\" \/>\n<script type=\"application\/ld+json\" class=\"yoast-schema-graph\">{\"@context\":\"https:\\\/\\\/schema.org\",\"@graph\":[{\"@type\":\"WebPage\",\"@id\":\"https:\\\/\\\/sugardaddynordic.com\\\/monimuotoisuus\\\/\",\"url\":\"https:\\\/\\\/sugardaddynordic.com\\\/monimuotoisuus\\\/\",\"name\":\"Monimuotoisuus\",\"isPartOf\":{\"@id\":\"https:\\\/\\\/sugardaddynordic.com\\\/#website\"},\"datePublished\":\"2025-08-28T08:08:46+00:00\",\"dateModified\":\"2025-10-26T06:12:42+00:00\",\"breadcrumb\":{\"@id\":\"https:\\\/\\\/sugardaddynordic.com\\\/monimuotoisuus\\\/#breadcrumb\"},\"inLanguage\":\"lv-LV\",\"potentialAction\":[{\"@type\":\"ReadAction\",\"target\":[\"https:\\\/\\\/sugardaddynordic.com\\\/monimuotoisuus\\\/\"]}]},{\"@type\":\"BreadcrumbList\",\"@id\":\"https:\\\/\\\/sugardaddynordic.com\\\/monimuotoisuus\\\/#breadcrumb\",\"itemListElement\":[{\"@type\":\"ListItem\",\"position\":1,\"name\":\"Home\",\"item\":\"https:\\\/\\\/sugardaddynordic.com\\\/\"},{\"@type\":\"ListItem\",\"position\":2,\"name\":\"Monimuotoisuus\"}]},{\"@type\":\"WebSite\",\"@id\":\"https:\\\/\\\/sugardaddynordic.com\\\/#website\",\"url\":\"https:\\\/\\\/sugardaddynordic.com\\\/\",\"name\":\"Sugar Daddy Nordic\",\"description\":\"\",\"publisher\":{\"@id\":\"https:\\\/\\\/sugardaddynordic.com\\\/#organization\"},\"alternateName\":\"Sugar Daddy Nordic powered by Sugar Daddy Planet\",\"potentialAction\":[{\"@type\":\"SearchAction\",\"target\":{\"@type\":\"EntryPoint\",\"urlTemplate\":\"https:\\\/\\\/sugardaddynordic.com\\\/?s={search_term_string}\"},\"query-input\":{\"@type\":\"PropertyValueSpecification\",\"valueRequired\":true,\"valueName\":\"search_term_string\"}}],\"inLanguage\":\"lv-LV\"},{\"@type\":[\"Organization\",\"DatingService\"],\"@id\":\"https:\\\/\\\/sugardaddynordic.com\\\/#organization\",\"name\":\"Sugar Daddy Nordic\",\"url\":\"https:\\\/\\\/sugardaddynordic.com\\\/\",\"logo\":{\"@type\":\"ImageObject\",\"inLanguage\":\"lv-LV\",\"@id\":\"https:\\\/\\\/sugardaddynordic.com\\\/#\\\/schema\\\/logo\\\/image\\\/\",\"url\":\"https:\\\/\\\/sugardaddynordic.com\\\/wp-content\\\/uploads\\\/2025\\\/10\\\/cropped-Logo-Sugar-Daddy-Nordic.png\",\"contentUrl\":\"https:\\\/\\\/sugardaddynordic.com\\\/wp-content\\\/uploads\\\/2025\\\/10\\\/cropped-Logo-Sugar-Daddy-Nordic.png\",\"width\":1022,\"height\":323,\"caption\":\"Sugar Daddy Nordic\"},\"image\":{\"@id\":\"https:\\\/\\\/sugardaddynordic.com\\\/#\\\/schema\\\/logo\\\/image\\\/\"},\"serviceType\":\"Dating Service\",\"category\":\"Dating\",\"publishingPrinciples\":\"https:\\\/\\\/sugardaddynordic.com\\\/julkaisustandardit\\\/\",\"ownershipFundingInfo\":\"https:\\\/\\\/sugardaddynordic.com\\\/rahoitus\\\/\",\"actionableFeedbackPolicy\":\"https:\\\/\\\/sugardaddynordic.com\\\/korjauskaytanto\\\/\",\"correctionsPolicy\":\"https:\\\/\\\/sugardaddynordic.com\\\/korjauskaytanto\\\/\",\"ethicsPolicy\":\"https:\\\/\\\/sugardaddynordic.com\\\/eettinen-politiikka\\\/\",\"diversityPolicy\":\"https:\\\/\\\/sugardaddynordic.com\\\/monimuotoisuus\\\/\",\"diversityStaffingReport\":\"https:\\\/\\\/sugardaddynordic.com\\\/yhteistyo\\\/\"}]}<\/script>\n<!-- \/ Yoast SEO Premium plugin. -->","yoast_head_json":{"title":"Daudzveid\u012bba","robots":{"index":"index","follow":"follow","max-snippet":"max-snippet:-1","max-image-preview":"max-image-preview:large","max-video-preview":"max-video-preview:-1"},"canonical":"https:\/\/sugardaddynordic.com\/lv\/daudzveidiba\/","og_locale":"lv_LV","og_type":"article","og_title":"Monimuotoisuus","og_description":"Sugar Daddy Balkans -palvelussa edist\u00e4mme turvallista, kunnioittavaa ja osallistavaa yhteis\u00f6\u00e4 t\u00e4ysi-ik\u00e4isille (18+). T\u00e4m\u00e4 politiikka m\u00e4\u00e4rittelee sitoutumisemme monimuotoisuuteen, tasa-arvoon ja keskin\u00e4iseen kunnioitukseen sek\u00e4 asettaa selke\u00e4sti periaatteet, jotka ohjaavat palveluamme. 1) Palvelun laajuus Alusta on suunnattu aikuisten miesten ja naisten v\u00e4lisiin yhteyksiin, suostumukselliseen suhteeseen perustuen.Rekister\u00f6innin, haun ja parinmuodostuksen p\u00e4\u00e4toiminnot on suunniteltu miehelle, joka etsii naista, ja naiselle, ... Read more","og_url":"https:\/\/sugardaddynordic.com\/lv\/daudzveidiba\/","og_site_name":"Sugar Daddy Nordic \u00ae","article_modified_time":"2025-10-26T06:12:42+00:00","og_image":[{"width":1024,"height":1024,"url":"https:\/\/sugardaddynordic.com\/wp-content\/uploads\/2025\/10\/Logo-Sugar-Daddy-Nordic.png","type":"image\/png"}],"twitter_card":"summary_large_image","twitter_misc":{"Est. reading time":"3 min\u016btes"},"schema":{"@context":"https:\/\/schema.org","@graph":[{"@type":"WebPage","@id":"https:\/\/sugardaddynordic.com\/monimuotoisuus\/","url":"https:\/\/sugardaddynordic.com\/monimuotoisuus\/","name":"Daudzveid\u012bba","isPartOf":{"@id":"https:\/\/sugardaddynordic.com\/#website"},"datePublished":"2025-08-28T08:08:46+00:00","dateModified":"2025-10-26T06:12:42+00:00","breadcrumb":{"@id":"https:\/\/sugardaddynordic.com\/monimuotoisuus\/#breadcrumb"},"inLanguage":"lv-LV","potentialAction":[{"@type":"ReadAction","target":["https:\/\/sugardaddynordic.com\/monimuotoisuus\/"]}]},{"@type":"BreadcrumbList","@id":"https:\/\/sugardaddynordic.com\/monimuotoisuus\/#breadcrumb","itemListElement":[{"@type":"ListItem","position":1,"name":"Home","item":"https:\/\/sugardaddynordic.com\/"},{"@type":"ListItem","position":2,"name":"Monimuotoisuus"}]},{"@type":"WebSite","@id":"https:\/\/sugardaddynordic.com\/#website","url":"https:\/\/sugardaddynordic.com\/","name":"sugar daddy Nordic","description":"","publisher":{"@id":"https:\/\/sugardaddynordic.com\/#organization"},"alternateName":"Sugar Daddy Nordic powered by Sugar Daddy Planet","potentialAction":[{"@type":"SearchAction","target":{"@type":"EntryPoint","urlTemplate":"https:\/\/sugardaddynordic.com\/?s={search_term_string}"},"query-input":{"@type":"PropertyValueSpecification","valueRequired":true,"valueName":"search_term_string"}}],"inLanguage":"lv-LV"},{"@type":["Organization","DatingService"],"@id":"https:\/\/sugardaddynordic.com\/#organization","name":"sugar daddy Nordic","url":"https:\/\/sugardaddynordic.com\/","logo":{"@type":"ImageObject","inLanguage":"lv-LV","@id":"https:\/\/sugardaddynordic.com\/#\/schema\/logo\/image\/","url":"https:\/\/sugardaddynordic.com\/wp-content\/uploads\/2025\/10\/cropped-Logo-Sugar-Daddy-Nordic.png","contentUrl":"https:\/\/sugardaddynordic.com\/wp-content\/uploads\/2025\/10\/cropped-Logo-Sugar-Daddy-Nordic.png","width":1022,"height":323,"caption":"Sugar Daddy Nordic"},"image":{"@id":"https:\/\/sugardaddynordic.com\/#\/schema\/logo\/image\/"},"serviceType":"Dating Service","category":"Dating","publishingPrinciples":"https:\/\/sugardaddynordic.com\/julkaisustandardit\/","ownershipFundingInfo":"https:\/\/sugardaddynordic.com\/rahoitus\/","actionableFeedbackPolicy":"https:\/\/sugardaddynordic.com\/korjauskaytanto\/","correctionsPolicy":"https:\/\/sugardaddynordic.com\/korjauskaytanto\/","ethicsPolicy":"https:\/\/sugardaddynordic.com\/eettinen-politiikka\/","diversityPolicy":"https:\/\/sugardaddynordic.com\/monimuotoisuus\/","diversityStaffingReport":"https:\/\/sugardaddynordic.com\/yhteistyo\/"}]}},"_links":{"self":[{"href":"https:\/\/sugardaddynordic.com\/lv\/wp-json\/wp\/v2\/pages\/13439","targetHints":{"allow":["GET"]}}],"collection":[{"href":"https:\/\/sugardaddynordic.com\/lv\/wp-json\/wp\/v2\/pages"}],"about":[{"href":"https:\/\/sugardaddynordic.com\/lv\/wp-json\/wp\/v2\/types\/page"}],"author":[{"embeddable":true,"href":"https:\/\/sugardaddynordic.com\/lv\/wp-json\/wp\/v2\/users\/1"}],"replies":[{"embeddable":true,"href":"https:\/\/sugardaddynordic.com\/lv\/wp-json\/wp\/v2\/comments?post=13439"}],"version-history":[{"count":0,"href":"https:\/\/sugardaddynordic.com\/lv\/wp-json\/wp\/v2\/pages\/13439\/revisions"}],"wp:attachment":[{"href":"https:\/\/sugardaddynordic.com\/lv\/wp-json\/wp\/v2\/media?parent=13439"}],"curies":[{"name":"wp","href":"https:\/\/api.w.org\/{rel}","templated":true}]}}