{"id":13440,"date":"2025-08-28T11:08:48","date_gmt":"2025-08-28T08:08:48","guid":{"rendered":"https:\/\/sugardaddynordic.com\/?page_id=13440"},"modified":"2025-10-26T08:13:29","modified_gmt":"2025-10-26T06:13:29","slug":"finansejums","status":"publish","type":"page","link":"https:\/\/sugardaddynordic.com\/lv\/rahoitus\/","title":{"rendered":"\u012apa\u0161umties\u012bbas un finans\u0113jums"},"content":{"rendered":"<h3 class=\"wp-block-heading\" id=\"h-sivuston-omistajuus\">Vietnes \u012bpa\u0161umties\u012bbas<\/h3>\n\n\n\n<p>SugarDaddyNordic.com t\u012bmek\u013ca vietni p\u0101rvalda <strong>Polaris Nexus LCC<\/strong>, kura adrese ir 1621 Central Central Ave 82001, Cheyenne, un kontaktinform\u0101ciju: <strong><a>info@polarisnexuslcc.com<\/a><\/strong>.<\/p>\n\n\n\n<h3 class=\"wp-block-heading\" id=\"h-liiketoimintamalli\">Biznesa modelis<\/h3>\n\n\n\n<p>SugarDaddyNordic ir soci\u0101lais t\u012bkls \/ iepaz\u012b\u0161an\u0101s platforma, kas pied\u0101v\u0101 gan bezmaksas, gan maksas pas\u0101kumus. M\u016bsu ie\u0146\u0113mumi balst\u0101s uz:<\/p>\n\n\n\n<ul class=\"wp-block-list\">\n<li><strong>Rekl\u0101ma<\/strong><br>Vietn\u0113 tiek r\u0101d\u012btas rekl\u0101mas un\/vai tiek r\u012bkotas akcijas, kas saist\u012btas ar dz\u012bvesveidu un iepaz\u012b\u0161an\u0101s dro\u0161\u012bbu.<\/li>\n\n\n\n<li><strong>Premium dal\u012bba \/ abon\u0113\u0161ana<\/strong><br>M\u0113s pied\u0101v\u0101jam uzlabotas funkcijas, pamatojoties uz abonementu (piem\u0113ram, liel\u0101ku redzam\u012bbu, uzlabotus filtrus, izceltus zi\u0146ojumus u. c.).<\/li>\n\n\n\n<li><strong>Partner\u012bbas<\/strong><br>Reiz\u0113m blog\u0101 public\u0113jam sponsor\u0113tu saturu. Tas vienm\u0113r b\u016bs skaidri nor\u0101d\u012bts raksta s\u0101kum\u0101.<\/li>\n<\/ul>\n\n\n\n<p><strong>Neatkar\u012bba<\/strong>: rekl\u0101ma, partner\u012bba vai sponsor\u0113\u0161ana nekad neietekm\u0113s m\u016bsu dro\u0161\u012bbas politiku, moder\u0113\u0161anu vai bloga redakcion\u0101lo politiku.<\/p>\n\n\n\n<h3 class=\"wp-block-heading\" id=\"h-mainonnan-merkinnat-ja-lapinakyvyys\">Rekl\u0101mas mar\u0137\u0113\u0161ana un p\u0101rredzam\u012bba<\/h3>\n\n\n\n<ul class=\"wp-block-list\">\n<li>Sponsor\u0113tie raksti ir skaidri apz\u012bm\u0113ti k\u0101 \"Sponsor\u0113ts saturs\" vai \"Apmaks\u0101ta sadarb\u012bba\".<\/li>\n\n\n\n<li>Fili\u0101\u013cu saites ir nor\u0101d\u012btas satura s\u0101kum\u0101 ar caursp\u012bd\u012bguma mar\u0137ieri.<\/li>\n\n\n\n<li>Baneri un citi rekl\u0101mas form\u0101ti tiek r\u0101d\u012bti k\u0101 rekl\u0101ma un ir atdal\u012bti no redakcion\u0101l\u0101 satura.<\/li>\n<\/ul>\n\n\n\n<h3 class=\"wp-block-heading\" id=\"h-eturistiriidat\">Intere\u0161u konflikts<\/h3>\n\n\n\n<p>Ja sponsor\u0113\u0161anas, partner\u012bbas vai komerci\u0101las attiec\u012bbas var rad\u012bt intere\u0161u konfliktu, tas tiks skaidri nor\u0101d\u012bts satur\u0101.<\/p>\n\n\n\n<h3 class=\"wp-block-heading\" id=\"h-tiedot-tietosuoja-ja-evasteet-tiivistelma\">Dati, konfidencialit\u0101te un s\u012bkfaili (kopsavilkums)<\/h3>\n\n\n\n<p>Datu apstr\u0101de, lai personaliz\u0113tu rekl\u0101mas un m\u0113r\u012btu to efektivit\u0101ti, ir balst\u012bta uz. <strong>M\u016bsu konfidencialit\u0101tes un s\u012bkfailu politika<\/strong>. Savu piekri\u0161anu jebkur\u0101 laik\u0101 varat p\u0101rvald\u012bt, izmantojot s\u012bkfailu p\u0101rvaldnieku.<\/p>\n\n\n\n<h3 class=\"wp-block-heading\" id=\"h-yhteystiedot-kaupallisissa-asioissa\">Sazinieties ar komerci\u0101liem jaut\u0101jumiem<\/h3>\n\n\n\n<ul class=\"wp-block-list\">\n<li>Rekl\u0101ma, partner\u012bba vai sadarb\u012bba \/ Prese vai sabiedrisk\u0101s attiec\u012bbas: <strong>info@sugardaddynordic.com<\/strong><\/li>\n<\/ul>\n\n\n\n<h3 class=\"wp-block-heading\" id=\"h-paivitykset\">Atjaunin\u0101jumi<\/h3>\n\n\n\n<p>Jaun\u0101kais p\u0101rskats: <strong>26.10.2025<\/strong>.<br>M\u0113s paturam ties\u012bbas atjaunin\u0101t \u0161o inform\u0101ciju, lai atspogu\u013cotu izmai\u0146as m\u016bsu uz\u0146\u0113m\u0113jdarb\u012bbas model\u012b vai piem\u0113rojam\u0101s juridisk\u0101s pras\u012bbas.<\/p>","protected":false},"excerpt":{"rendered":"<p>Vietnes \u012bpa\u0161umties\u012bbas SugarDaddyNordic.com vietni p\u0101rvalda Polaris Nexus LCC, kuras adrese ir 1621 Central Central Ave 82001 Cheyenne un kuras kontaktinform\u0101cija ir info@polarisnexuslcc.com. Uz\u0146\u0113m\u0113jdarb\u012bbas modelis SugarDaddyNordic ir soci\u0101l\u0101 t\u012bkla \/ iepaz\u012b\u0161an\u0101s platforma, kas pied\u0101v\u0101 gan bezmaksas, gan maksas pas\u0101kumus. M\u016bsu ie\u0146\u0113mumi balst\u0101s uz \u0161\u0101diem principiem: Neatkar\u012bba: rekl\u0101ma, partner\u012bba vai sponsor\u0113\u0161ana nekad neietekm\u0113s m\u016bsu dro\u0161\u012bbas politiku, moder\u0113\u0161anu vai bloga redakcion\u0101lo politiku. M\u016bsu rekl\u0101mas mar\u0137\u0113jums un p\u0101rredzam\u012bba [...] <a title=\"\u012apa\u0161umties\u012bbas un finans\u0113jums\" class=\"read-more\" href=\"https:\/\/sugardaddynordic.com\/lv\/rahoitus\/\" aria-label=\"Read more about Omistustiedot ja rahoitus\">Las\u012bt vair\u0101k<\/a><\/p>","protected":false},"author":1,"featured_media":0,"parent":0,"menu_order":0,"comment_status":"closed","ping_status":"closed","template":"","meta":{"generate_page_header":"","footnotes":""},"class_list":{"0":"post-13440","1":"page","2":"type-page","3":"status-publish","5":"infinite-scroll-item"},"featured_image_urls":{"full":"","thumbnail":"","medium":"","medium_large":"","large":"","1536x1536":"","2048x2048":"","trp-custom-language-flag":"","crp_thumbnail":""},"post_excerpt_stackable":"<p>Sivuston omistajuus SugarDaddyNordic.com -sivustoa operoi Polaris Nexus LCC, jonka osoite on 1621 Central Central Ave 82001 Cheyenne ja yhteystieto: info@polarisnexuslcc.com. Liiketoimintamalli SugarDaddyNordic on sosiaalinen verkosto \/ deittialusta, joka tarjoaa sek\u00e4 ilmaisia ett\u00e4 maksullisia toimintoja. Tulomme perustuvat seuraaviin: MainontaN\u00e4yt\u00e4mme mainoksia sivustolla ja\/tai toteutamme kampanjoita, jotka liittyv\u00e4t el\u00e4m\u00e4ntyyliin ja deittiturvallisuuteen. Premium-j\u00e4senyydet \/ tilauksetTarjoamme edistyneit\u00e4 toimintoja tilauspohjaisesti (esimerkiksi: suurempi n\u00e4kyvyys, laajennetut suodattimet, korostetut viestit jne.). Yhteisty\u00f6tJulkaisemme ajoittain sponsoroitua sis\u00e4lt\u00f6\u00e4 blogissa. T\u00e4m\u00e4 merkit\u00e4\u00e4n aina selke\u00e4sti artikkelin alussa. Riippumattomuus: mainonta, kumppanuudet tai sponsoroinnit eiv\u00e4t koskaan vaikuta turvallisuuspolitiikkaamme, moderointiin tai blogin toimituksellisiin linjauksiin. Mainonnan merkinn\u00e4t ja l\u00e4pin\u00e4kyvyys Sponsoroidut artikkelit merkit\u00e4\u00e4n selke\u00e4sti \u201cSponsorisis\u00e4lt\u00f6\u201d tai \u201cMaksettu yhteisty\u00f6\u201d. Affiliate-linkit&hellip;<\/p>\n","category_list":"","author_info":{"name":"Administrators no SugarDaddySuomi","url":"https:\/\/sugardaddynordic.com\/lv\/author\/poweb\/"},"comments_num":"0 comments","featured_image_urls_v2":{"full":"","thumbnail":"","medium":"","medium_large":"","large":"","1536x1536":"","2048x2048":"","trp-custom-language-flag":"","crp_thumbnail":""},"post_excerpt_stackable_v2":"<p>Sivuston omistajuus SugarDaddyNordic.com -sivustoa operoi Polaris Nexus LCC, jonka osoite on 1621 Central Central Ave 82001 Cheyenne ja yhteystieto: info@polarisnexuslcc.com. Liiketoimintamalli SugarDaddyNordic on sosiaalinen verkosto \/ deittialusta, joka tarjoaa sek\u00e4 ilmaisia ett\u00e4 maksullisia toimintoja. Tulomme perustuvat seuraaviin: MainontaN\u00e4yt\u00e4mme mainoksia sivustolla ja\/tai toteutamme kampanjoita, jotka liittyv\u00e4t el\u00e4m\u00e4ntyyliin ja deittiturvallisuuteen. Premium-j\u00e4senyydet \/ tilauksetTarjoamme edistyneit\u00e4 toimintoja tilauspohjaisesti (esimerkiksi: suurempi n\u00e4kyvyys, laajennetut suodattimet, korostetut viestit jne.). Yhteisty\u00f6tJulkaisemme ajoittain sponsoroitua sis\u00e4lt\u00f6\u00e4 blogissa. T\u00e4m\u00e4 merkit\u00e4\u00e4n aina selke\u00e4sti artikkelin alussa. Riippumattomuus: mainonta, kumppanuudet tai sponsoroinnit eiv\u00e4t koskaan vaikuta turvallisuuspolitiikkaamme, moderointiin tai blogin toimituksellisiin linjauksiin. Mainonnan merkinn\u00e4t ja l\u00e4pin\u00e4kyvyys Sponsoroidut artikkelit merkit\u00e4\u00e4n selke\u00e4sti \u201cSponsorisis\u00e4lt\u00f6\u201d tai \u201cMaksettu yhteisty\u00f6\u201d. Affiliate-linkit&hellip;<\/p>\n","category_list_v2":"","author_info_v2":{"name":"Administrators no SugarDaddySuomi","url":"https:\/\/sugardaddynordic.com\/lv\/author\/poweb\/"},"comments_num_v2":"0 comments","yoast_head":"<!-- This site is optimized with the Yoast SEO Premium plugin v26.0 (Yoast SEO v27.3) - https:\/\/yoast.com\/product\/yoast-seo-premium-wordpress\/ -->\n<title>Omistustiedot ja rahoitus<\/title>\n<meta name=\"robots\" content=\"index, follow, max-snippet:-1, max-image-preview:large, max-video-preview:-1\" \/>\n<link rel=\"canonical\" href=\"https:\/\/sugardaddynordic.com\/lv\/finansejums\/\" \/>\n<meta property=\"og:locale\" content=\"lv_LV\" \/>\n<meta property=\"og:type\" content=\"article\" \/>\n<meta property=\"og:title\" content=\"Omistustiedot ja rahoitus\" \/>\n<meta property=\"og:description\" content=\"Sivuston omistajuus SugarDaddyNordic.com -sivustoa operoi Polaris Nexus LCC, jonka osoite on 1621 Central Central Ave 82001 Cheyenne ja yhteystieto: info@polarisnexuslcc.com. Liiketoimintamalli SugarDaddyNordic on sosiaalinen verkosto \/ deittialusta, joka tarjoaa sek\u00e4 ilmaisia ett\u00e4 maksullisia toimintoja. Tulomme perustuvat seuraaviin: Riippumattomuus: mainonta, kumppanuudet tai sponsoroinnit eiv\u00e4t koskaan vaikuta turvallisuuspolitiikkaamme, moderointiin tai blogin toimituksellisiin linjauksiin. Mainonnan merkinn\u00e4t ja l\u00e4pin\u00e4kyvyys ... Read more\" \/>\n<meta property=\"og:url\" content=\"https:\/\/sugardaddynordic.com\/lv\/finansejums\/\" \/>\n<meta property=\"og:site_name\" content=\"Sugar Daddy Nordic \u00ae\" \/>\n<meta property=\"article:modified_time\" content=\"2025-10-26T06:13:29+00:00\" \/>\n<meta property=\"og:image\" content=\"https:\/\/sugardaddynordic.com\/wp-content\/uploads\/2025\/10\/Logo-Sugar-Daddy-Nordic.png\" \/>\n\t<meta property=\"og:image:width\" content=\"1024\" \/>\n\t<meta property=\"og:image:height\" content=\"1024\" \/>\n\t<meta property=\"og:image:type\" content=\"image\/png\" \/>\n<meta name=\"twitter:card\" content=\"summary_large_image\" \/>\n<meta name=\"twitter:label1\" content=\"Est. reading time\" \/>\n\t<meta name=\"twitter:data1\" content=\"2 min\u016btes\" \/>\n<script type=\"application\/ld+json\" class=\"yoast-schema-graph\">{\"@context\":\"https:\\\/\\\/schema.org\",\"@graph\":[{\"@type\":\"WebPage\",\"@id\":\"https:\\\/\\\/sugardaddynordic.com\\\/rahoitus\\\/\",\"url\":\"https:\\\/\\\/sugardaddynordic.com\\\/rahoitus\\\/\",\"name\":\"Omistustiedot ja rahoitus\",\"isPartOf\":{\"@id\":\"https:\\\/\\\/sugardaddynordic.com\\\/#website\"},\"datePublished\":\"2025-08-28T08:08:48+00:00\",\"dateModified\":\"2025-10-26T06:13:29+00:00\",\"breadcrumb\":{\"@id\":\"https:\\\/\\\/sugardaddynordic.com\\\/rahoitus\\\/#breadcrumb\"},\"inLanguage\":\"lv-LV\",\"potentialAction\":[{\"@type\":\"ReadAction\",\"target\":[\"https:\\\/\\\/sugardaddynordic.com\\\/rahoitus\\\/\"]}]},{\"@type\":\"BreadcrumbList\",\"@id\":\"https:\\\/\\\/sugardaddynordic.com\\\/rahoitus\\\/#breadcrumb\",\"itemListElement\":[{\"@type\":\"ListItem\",\"position\":1,\"name\":\"Home\",\"item\":\"https:\\\/\\\/sugardaddynordic.com\\\/\"},{\"@type\":\"ListItem\",\"position\":2,\"name\":\"Omistustiedot ja rahoitus\"}]},{\"@type\":\"WebSite\",\"@id\":\"https:\\\/\\\/sugardaddynordic.com\\\/#website\",\"url\":\"https:\\\/\\\/sugardaddynordic.com\\\/\",\"name\":\"Sugar Daddy Nordic\",\"description\":\"\",\"publisher\":{\"@id\":\"https:\\\/\\\/sugardaddynordic.com\\\/#organization\"},\"alternateName\":\"Sugar Daddy Nordic powered by Sugar Daddy Planet\",\"potentialAction\":[{\"@type\":\"SearchAction\",\"target\":{\"@type\":\"EntryPoint\",\"urlTemplate\":\"https:\\\/\\\/sugardaddynordic.com\\\/?s={search_term_string}\"},\"query-input\":{\"@type\":\"PropertyValueSpecification\",\"valueRequired\":true,\"valueName\":\"search_term_string\"}}],\"inLanguage\":\"lv-LV\"},{\"@type\":[\"Organization\",\"DatingService\"],\"@id\":\"https:\\\/\\\/sugardaddynordic.com\\\/#organization\",\"name\":\"Sugar Daddy Nordic\",\"url\":\"https:\\\/\\\/sugardaddynordic.com\\\/\",\"logo\":{\"@type\":\"ImageObject\",\"inLanguage\":\"lv-LV\",\"@id\":\"https:\\\/\\\/sugardaddynordic.com\\\/#\\\/schema\\\/logo\\\/image\\\/\",\"url\":\"https:\\\/\\\/sugardaddynordic.com\\\/wp-content\\\/uploads\\\/2025\\\/10\\\/cropped-Logo-Sugar-Daddy-Nordic.png\",\"contentUrl\":\"https:\\\/\\\/sugardaddynordic.com\\\/wp-content\\\/uploads\\\/2025\\\/10\\\/cropped-Logo-Sugar-Daddy-Nordic.png\",\"width\":1022,\"height\":323,\"caption\":\"Sugar Daddy Nordic\"},\"image\":{\"@id\":\"https:\\\/\\\/sugardaddynordic.com\\\/#\\\/schema\\\/logo\\\/image\\\/\"},\"serviceType\":\"Dating Service\",\"category\":\"Dating\",\"publishingPrinciples\":\"https:\\\/\\\/sugardaddynordic.com\\\/julkaisustandardit\\\/\",\"ownershipFundingInfo\":\"https:\\\/\\\/sugardaddynordic.com\\\/rahoitus\\\/\",\"actionableFeedbackPolicy\":\"https:\\\/\\\/sugardaddynordic.com\\\/korjauskaytanto\\\/\",\"correctionsPolicy\":\"https:\\\/\\\/sugardaddynordic.com\\\/korjauskaytanto\\\/\",\"ethicsPolicy\":\"https:\\\/\\\/sugardaddynordic.com\\\/eettinen-politiikka\\\/\",\"diversityPolicy\":\"https:\\\/\\\/sugardaddynordic.com\\\/monimuotoisuus\\\/\",\"diversityStaffingReport\":\"https:\\\/\\\/sugardaddynordic.com\\\/yhteistyo\\\/\"}]}<\/script>\n<!-- \/ Yoast SEO Premium plugin. -->","yoast_head_json":{"title":"\u012apa\u0161umties\u012bbas un finans\u0113jums","robots":{"index":"index","follow":"follow","max-snippet":"max-snippet:-1","max-image-preview":"max-image-preview:large","max-video-preview":"max-video-preview:-1"},"canonical":"https:\/\/sugardaddynordic.com\/lv\/finansejums\/","og_locale":"lv_LV","og_type":"article","og_title":"Omistustiedot ja rahoitus","og_description":"Sivuston omistajuus SugarDaddyNordic.com -sivustoa operoi Polaris Nexus LCC, jonka osoite on 1621 Central Central Ave 82001 Cheyenne ja yhteystieto: info@polarisnexuslcc.com. Liiketoimintamalli SugarDaddyNordic on sosiaalinen verkosto \/ deittialusta, joka tarjoaa sek\u00e4 ilmaisia ett\u00e4 maksullisia toimintoja. Tulomme perustuvat seuraaviin: Riippumattomuus: mainonta, kumppanuudet tai sponsoroinnit eiv\u00e4t koskaan vaikuta turvallisuuspolitiikkaamme, moderointiin tai blogin toimituksellisiin linjauksiin. Mainonnan merkinn\u00e4t ja l\u00e4pin\u00e4kyvyys ... Read more","og_url":"https:\/\/sugardaddynordic.com\/lv\/finansejums\/","og_site_name":"Sugar Daddy Nordic \u00ae","article_modified_time":"2025-10-26T06:13:29+00:00","og_image":[{"width":1024,"height":1024,"url":"https:\/\/sugardaddynordic.com\/wp-content\/uploads\/2025\/10\/Logo-Sugar-Daddy-Nordic.png","type":"image\/png"}],"twitter_card":"summary_large_image","twitter_misc":{"Est. reading time":"2 min\u016btes"},"schema":{"@context":"https:\/\/schema.org","@graph":[{"@type":"WebPage","@id":"https:\/\/sugardaddynordic.com\/rahoitus\/","url":"https:\/\/sugardaddynordic.com\/rahoitus\/","name":"\u012apa\u0161umties\u012bbas un finans\u0113jums","isPartOf":{"@id":"https:\/\/sugardaddynordic.com\/#website"},"datePublished":"2025-08-28T08:08:48+00:00","dateModified":"2025-10-26T06:13:29+00:00","breadcrumb":{"@id":"https:\/\/sugardaddynordic.com\/rahoitus\/#breadcrumb"},"inLanguage":"lv-LV","potentialAction":[{"@type":"ReadAction","target":["https:\/\/sugardaddynordic.com\/rahoitus\/"]}]},{"@type":"BreadcrumbList","@id":"https:\/\/sugardaddynordic.com\/rahoitus\/#breadcrumb","itemListElement":[{"@type":"ListItem","position":1,"name":"Home","item":"https:\/\/sugardaddynordic.com\/"},{"@type":"ListItem","position":2,"name":"Omistustiedot ja rahoitus"}]},{"@type":"WebSite","@id":"https:\/\/sugardaddynordic.com\/#website","url":"https:\/\/sugardaddynordic.com\/","name":"sugar daddy Nordic","description":"","publisher":{"@id":"https:\/\/sugardaddynordic.com\/#organization"},"alternateName":"Sugar Daddy Nordic powered by Sugar Daddy Planet","potentialAction":[{"@type":"SearchAction","target":{"@type":"EntryPoint","urlTemplate":"https:\/\/sugardaddynordic.com\/?s={search_term_string}"},"query-input":{"@type":"PropertyValueSpecification","valueRequired":true,"valueName":"search_term_string"}}],"inLanguage":"lv-LV"},{"@type":["Organization","DatingService"],"@id":"https:\/\/sugardaddynordic.com\/#organization","name":"sugar daddy Nordic","url":"https:\/\/sugardaddynordic.com\/","logo":{"@type":"ImageObject","inLanguage":"lv-LV","@id":"https:\/\/sugardaddynordic.com\/#\/schema\/logo\/image\/","url":"https:\/\/sugardaddynordic.com\/wp-content\/uploads\/2025\/10\/cropped-Logo-Sugar-Daddy-Nordic.png","contentUrl":"https:\/\/sugardaddynordic.com\/wp-content\/uploads\/2025\/10\/cropped-Logo-Sugar-Daddy-Nordic.png","width":1022,"height":323,"caption":"Sugar Daddy Nordic"},"image":{"@id":"https:\/\/sugardaddynordic.com\/#\/schema\/logo\/image\/"},"serviceType":"Dating Service","category":"Dating","publishingPrinciples":"https:\/\/sugardaddynordic.com\/julkaisustandardit\/","ownershipFundingInfo":"https:\/\/sugardaddynordic.com\/rahoitus\/","actionableFeedbackPolicy":"https:\/\/sugardaddynordic.com\/korjauskaytanto\/","correctionsPolicy":"https:\/\/sugardaddynordic.com\/korjauskaytanto\/","ethicsPolicy":"https:\/\/sugardaddynordic.com\/eettinen-politiikka\/","diversityPolicy":"https:\/\/sugardaddynordic.com\/monimuotoisuus\/","diversityStaffingReport":"https:\/\/sugardaddynordic.com\/yhteistyo\/"}]}},"_links":{"self":[{"href":"https:\/\/sugardaddynordic.com\/lv\/wp-json\/wp\/v2\/pages\/13440","targetHints":{"allow":["GET"]}}],"collection":[{"href":"https:\/\/sugardaddynordic.com\/lv\/wp-json\/wp\/v2\/pages"}],"about":[{"href":"https:\/\/sugardaddynordic.com\/lv\/wp-json\/wp\/v2\/types\/page"}],"author":[{"embeddable":true,"href":"https:\/\/sugardaddynordic.com\/lv\/wp-json\/wp\/v2\/users\/1"}],"replies":[{"embeddable":true,"href":"https:\/\/sugardaddynordic.com\/lv\/wp-json\/wp\/v2\/comments?post=13440"}],"version-history":[{"count":0,"href":"https:\/\/sugardaddynordic.com\/lv\/wp-json\/wp\/v2\/pages\/13440\/revisions"}],"wp:attachment":[{"href":"https:\/\/sugardaddynordic.com\/lv\/wp-json\/wp\/v2\/media?parent=13440"}],"curies":[{"name":"wp","href":"https:\/\/api.w.org\/{rel}","templated":true}]}}