{"id":13441,"date":"2025-08-28T11:08:50","date_gmt":"2025-08-28T08:08:50","guid":{"rendered":"https:\/\/sugardaddynordic.com\/?page_id=13441"},"modified":"2025-10-26T08:16:26","modified_gmt":"2025-10-26T06:16:26","slug":"aktiva-reakcija","status":"publish","type":"page","link":"https:\/\/sugardaddynordic.com\/lv\/aktiivinen-vastaus\/","title":{"rendered":"Akt\u012bv\u0101 rea\u0123\u0113\u0161anaAkt\u012bv\u0101 rea\u0123\u0113\u0161anas politika"},"content":{"rendered":"<p>SugarDaddyNordic priorit\u0101te ir dro\u0161\u012bba, p\u0101rredzam\u012bba un \u0101tra rea\u0123\u0113\u0161ana uz m\u016bsu kopienas vajadz\u012bb\u0101m. \u0160\u012b politika izskaidro, k\u0101 m\u0113s sa\u0146emam, pie\u0161\u0137iram priorit\u0101ti un apstr\u0101d\u0101jam piepras\u012bjumus, s\u016bdz\u012bbas, pazi\u0146ojumus un jaut\u0101jumus.<\/p>\n\n\n\n<h2 class=\"wp-block-heading\" id=\"h-viralliset-yhteydenottokanavat\">Ofici\u0101lie kontakta kan\u0101li<\/h2>\n\n\n\n<ul class=\"wp-block-list\">\n<li>Kontaktinform\u0101cija: <strong>\/<a href=\"https:\/\/sugardaddynordic.com\/lv\/sazinaties-ar\/\">sazin\u0101ties ar<\/a><\/strong><\/li>\n\n\n\n<li>Visp\u0101r\u0113js atbalsts \/ Datu aizsardz\u012bba \/ \u013baunpr\u0101t\u012bga identit\u0101tes \u013caunpr\u0101t\u012bga izmanto\u0161ana ... un sadarb\u012bba ar tiesu iest\u0101d\u0113m*: datu aizsardz\u012bba: <strong>info@sugardaddynordic.com<\/strong><\/li>\n<\/ul>\n\n\n\n<h2 class=\"wp-block-heading\" id=\"h-luokittelu-ja-vastausajat-sla\">Klasifik\u0101cija un atbildes laiks (SLA)<\/h2>\n\n\n\n<p>Katrai lietai m\u0113s pie\u0161\u0137iram s\u0101kotn\u0113jo priorit\u0101ti un cen\u0161amies sasniegt \u0161\u0101dus m\u0113r\u0137us:<\/p>\n\n\n\n<figure class=\"wp-block-table\"><table class=\"has-fixed-layout\"><thead><tr><th>Priorit\u0101te<\/th><th>Piem\u0113ri<\/th><th>Sa\u0146em\u0161anas apstiprin\u0101jums<\/th><th>Pirm\u0101 pal\u012bdz\u012bba<\/th><th>Paredzamais risin\u0101jums*<\/th><\/tr><\/thead><tbody><tr><td><strong>Steidzami<\/strong><\/td><td>Nepilngad\u012bgo vai fizisk\u0101s neaizskaram\u012bbas apdraud\u0113jums, ticami draudi, akt\u012bva identit\u0101tes z\u0101dz\u012bba, doxxing, nelikum\u012bga satura izplat\u012b\u0161ana.<\/td><td>0-6 h<\/td><td>0-12 h<\/td><td>24-48 h<\/td><\/tr><tr><td><strong>Augsts<\/strong><\/td><td>Kr\u0101p\u0161ana, uzm\u0101k\u0161an\u0101s pastiprino\u0161os apst\u0101k\u013cos, izspie\u0161ana, nepatiesas aps\u016bdz\u012bbas, datu nopl\u016bde<\/td><td>24 h<\/td><td>24-48 h<\/td><td>3-5 dienas<\/td><\/tr><tr><td><strong>Intermediate<\/strong><\/td><td>Profilu zi\u0146ojumi, maldino\u0161s saturs, konta probl\u0113mas<\/td><td>48 h<\/td><td>2-3 dienas<\/td><td>7 dienas<\/td><\/tr><tr><td><strong>Zema<\/strong><\/td><td>Priek\u0161likumi, visp\u0101r\u012bgi jaut\u0101jumi<\/td><td>72 h<\/td><td>3-5 dienas<\/td><td>14 dienas<\/td><\/tr><\/tbody><\/table><\/figure>\n\n\n\n<p>* Termi\u0146i var at\u0161\u0137irties atkar\u012bb\u0101 no lietas sare\u017e\u0123\u012bt\u012bbas. Ja m\u0113s paredzam kav\u0113\u0161anos, m\u0113s j\u016bs inform\u0113sim par jaunu nov\u0113rt\u0113jumu.<\/p>\n\n\n\n<h2 class=\"wp-block-heading\" id=\"h-tapausten-kasittelyprosessi\">Lietu izskat\u012b\u0161anas process<\/h2>\n\n\n\n<ol class=\"wp-block-list\">\n<li><strong>Sa\u0146em\u0161ana un apstiprin\u0101jums<\/strong>: m\u0113s apstiprin\u0101sim lietu, izmantojot s\u0101kotn\u0113jo kan\u0101lu ar lietas ID.<\/li>\n\n\n\n<li><strong>Anal\u012bze un priorit\u0101\u0161u noteik\u0161ana<\/strong>: m\u0113s p\u0101rbaud\u0101m pier\u0101d\u012bjumus (piem\u0113ram, ekr\u0101n\u0161\u0101vi\u0146us, profila ID, saites).<\/li>\n\n\n\n<li><strong>Pas\u0101kumi<\/strong> (saska\u0146\u0101 ar politiku un lieto\u0161anas noteikumiem): br\u012bdin\u0101jums, darb\u012bbu ierobe\u017eo\u0161ana, konta aptur\u0113\u0161ana vai blo\u0137\u0113\u0161ana, satura dz\u0113\u0161ana, nodo\u0161ana iest\u0101d\u0113m.<\/li>\n\n\n\n<li><strong>Uzraudz\u012bba<\/strong>: m\u0113s sniegsim jaun\u0101ko inform\u0101ciju, l\u012bdz lieta tiks sl\u0113gta.<\/li>\n\n\n\n<li><strong>L\u0113mums un atgriezenisk\u0101 saite<\/strong>: m\u0113s zi\u0146osim par risin\u0101jumu un vajadz\u012bbas gad\u012bjum\u0101 sniegsim dro\u0161\u012bbas ieteikumus.<\/li>\n<\/ol>\n\n\n\n<h2 class=\"wp-block-heading\" id=\"h-moderointi-ja-kriteerit\">Moder\u0113\u0161ana un krit\u0113riji<\/h2>\n\n\n\n<ul class=\"wp-block-list\">\n<li>M\u0113s apvienojam automatiz\u0113tas sist\u0113mas ar cilv\u0113ka veiktu verifik\u0101ciju.<\/li>\n\n\n\n<li>M\u0113s nepie\u013caujam uzm\u0101k\u0161anos, identit\u0101tes z\u0101dz\u012bbu, kr\u0101p\u0161anu, neat\u013cautu datu izplat\u012b\u0161anu vai jebk\u0101das darb\u012bbas, kas apdraud sabiedr\u012bbu.<\/li>\n\n\n\n<li>L\u0113mumi tiek pie\u0146emti, pamatojoties uz m\u016bsu vietnes noteikumiem un lieto\u0161anas noteikumiem.<\/li>\n<\/ul>\n\n\n\n<h2 class=\"wp-block-heading\" id=\"h-valitukset\">S\u016bdz\u012bbas<\/h2>\n\n\n\n<p>Ja nepiekr\u012btat \u0161im pas\u0101kumam, varat iesniegt s\u016bdz\u012bbu. <strong>20 dienas<\/strong> termi\u0146\u0101, rakstot uz \u0161\u0101du adresi <strong>info@sugardaddynordic.com<\/strong> un pievienojot lietas ID un papildu inform\u0101ciju.<br>J\u016bsu s\u016bdz\u012bbu p\u0101rbaud\u012bs cita komanda.<\/p>\n\n\n\n<h2 class=\"wp-block-heading\" id=\"h-julkinen-viestinta-ja-lapinakyvyys\">Sabiedr\u012bbas inform\u0113\u0161ana un p\u0101rredzam\u012bba<\/h2>\n\n\n\n<ul class=\"wp-block-list\">\n<li>Ja incidents skar lielu lietot\u0101ju skaitu, m\u0113s public\u0113sim pazi\u0146ojumus pal\u012bdz\u012bbas dienest\u0101.<\/li>\n\n\n\n<li>M\u0113s sagatavoj\u0101m regul\u0101ru p\u0101rredzam\u012bbas zi\u0146ojumu, kur\u0101 ir apkopota inform\u0101cija par pazi\u0146ojumiem, atbildes laikiem un pas\u0101kumiem (bez personas datiem).<\/li>\n<\/ul>\n\n\n\n<h2 class=\"wp-block-heading\" id=\"h-yksityisyys-ja-henkilotiedot\">Priv\u0101tums un personas dati<\/h2>\n\n\n\n<ul class=\"wp-block-list\">\n<li>M\u0113s apstr\u0101d\u0101jam sniegtos datus tikai lietas p\u0101rvald\u012bbas nol\u016bkos (juridiskais pamats: likum\u012bg\u0101s intereses un\/vai juridiskais pien\u0101kums).<\/li>\n\n\n\n<li>Ties\u012bbas: piek\u013cuves, labo\u0161anas, dz\u0113\u0161anas, iebildumu un p\u0101rnesam\u012bbas ties\u012bbas - l\u016bdzu, rakstiet uz \u0161\u0101du adresi <strong>info@sugardaddynordic.com<\/strong>.<\/li>\n\n\n\n<li>Uzglab\u0101\u0161anas periods: tiek glab\u0101ti lietu ieraksti <strong>2 gadi<\/strong>, ja vien ties\u012bbu aktos nav noteikts cit\u0101di.<\/li>\n\n\n\n<li>Lai ieg\u016btu vair\u0101k inform\u0101cijas, skatiet m\u016bsu konfidencialit\u0101tes un s\u012bkfailu politiku.<\/li>\n<\/ul>\n\n\n\n<h2 class=\"wp-block-heading\" id=\"h-yhteistyo-viranomaisten-kanssa\">Sadarb\u012bba ar iest\u0101d\u0113m<\/h2>\n\n\n\n<ul class=\"wp-block-list\">\n<li>M\u0113s rea\u0123\u0113jam uz pamatotiem juridiskiem piepras\u012bjumiem un gad\u012bjumiem, kad past\u0101v nenov\u0113r\u0161ams risks.<\/li>\n\n\n\n<li>M\u0113s neatbild\u0113sim uz policijas piepras\u012bjumiem bez tiesas r\u012bkojuma.<\/li>\n\n\n\n<li>M\u0113s piepras\u0101m nepiecie\u0161amos dokumentus un re\u0123istr\u0113jam katru piepras\u012bjumu, lai nodro\u0161in\u0101tu p\u0101rredzam\u012bbu.<\/li>\n\n\n\n<li>Policijas piepras\u012bjumos j\u0101iek\u013cauj <strong>tiesas r\u012bkojums<\/strong> un ier\u0113d\u0146a identifik\u0101cijas numurs.<\/li>\n<\/ul>\n\n\n\n<h2 class=\"wp-block-heading\" id=\"h-haavoittuvuuksien-vastuullinen-ilmoittaminen\">Atbild\u012bga zi\u0146o\u0161ana par ievainojam\u012bb\u0101m<\/h2>\n\n\n\n<p>Ja atkl\u0101jat dro\u0161\u012bbas ievainojam\u012bbu:<\/p>\n\n\n\n<ul class=\"wp-block-list\">\n<li>Neizmantojiet to un nepublic\u0113jiet to publiski.<\/li>\n\n\n\n<li>Rakstiet mums uz \u0161\u0101du adresi <strong>info@sugardaddynordic.com<\/strong> un ietver atk\u0101rto\u0161anas so\u013cus.<\/li>\n\n\n\n<li>M\u0113s sniegsim jums apstiprin\u0101jumu 72 stundu laik\u0101 un atjaunin\u0101jumu 7 dienu laik\u0101.<\/li>\n\n\n\n<li>Attiec\u012bg\u0101 gad\u012bjum\u0101 m\u0113s varam pied\u0101v\u0101t publisku atzin\u012bbu.<\/li>\n<\/ul>\n\n\n\n<h2 class=\"wp-block-heading\" id=\"h-politiikan-paivitykset\">Politikas atjaunin\u0101jumi<\/h2>\n\n\n\n<p>Jaun\u0101kais p\u0101rskats: <strong>26.10.2025<\/strong>.<br>M\u0113s varam atjaunin\u0101t \u0161o politiku, lai uzlabotu procesus vai izpild\u012btu normat\u012bvo aktu izmai\u0146as. M\u0113s saglab\u0101sim izmai\u0146u v\u0113sturi.<\/p>","protected":false},"excerpt":{"rendered":"<p>Akt\u012bva rea\u0123\u0113\u0161anas politika SugarDaddyNordic priorit\u0101te ir dro\u0161\u012bba, p\u0101rredzam\u012bba un \u0101tra rea\u0123\u0113\u0161ana uz m\u016bsu kopienas vajadz\u012bb\u0101m. \u0160\u012b politika izskaidro, k\u0101 m\u0113s sa\u0146emam, prioritiz\u0113jam un apstr\u0101d\u0101jam piepras\u012bjumus, s\u016bdz\u012bbas, pazi\u0146ojumus un jaut\u0101jumus. Katram incidentam m\u0113s pie\u0161\u0137iram s\u0101kotn\u0113jo priorit\u0101ti un cen\u0161amies sasniegt \u0161\u0101dus m\u0113r\u0137us. <a title=\"Akt\u012bv\u0101 rea\u0123\u0113\u0161anaAkt\u012bv\u0101 rea\u0123\u0113\u0161anas politika\" class=\"read-more\" href=\"https:\/\/sugardaddynordic.com\/lv\/aktiivinen-vastaus\/\" aria-label=\"Read more about Aktiivinen VastausAktiivisen vastauksen politiikka\">Las\u012bt vair\u0101k<\/a><\/p>","protected":false},"author":1,"featured_media":0,"parent":0,"menu_order":0,"comment_status":"closed","ping_status":"closed","template":"","meta":{"generate_page_header":"","footnotes":""},"class_list":{"0":"post-13441","1":"page","2":"type-page","3":"status-publish","5":"infinite-scroll-item"},"featured_image_urls":{"full":"","thumbnail":"","medium":"","medium_large":"","large":"","1536x1536":"","2048x2048":"","trp-custom-language-flag":"","crp_thumbnail":""},"post_excerpt_stackable":"<p>SugarDaddyNordic -palvelussa asetamme etusijalle turvallisuuden, l\u00e4pin\u00e4kyvyyden ja nopean reagoinnin yhteis\u00f6mme tarpeisiin. T\u00e4m\u00e4 politiikka selitt\u00e4\u00e4, miten vastaanotamme, priorisoimme ja k\u00e4sittelemme pyynt\u00f6j\u00e4, valituksia, ilmoituksia ja kyselyit\u00e4. Viralliset yhteydenottokanavat Yhteydenottolomake: \/contact Yleinen tuki \/ Tietosuoja \/ V\u00e4\u00e4rink\u00e4yt\u00f6kset \/ identiteetin v\u00e4\u00e4rink\u00e4ytt\u00f6 \u2026 ja yhteisty\u00f6 oikeusviranomaisten kanssa*: Tietosuoja: info@sugardaddynordic.com Luokittelu ja vastausajat (SLA) Annamme jokaiselle tapaukselle alkuper\u00e4isen prioriteetin ja pyrimme noudattamaan seuraavia tavoitteita: PrioriteettiEsimerkitVastaanottokuittausEnsitoimetArvioitu ratkaisu*KiireellinenAlaik\u00e4isten tai fyysisen koskemattomuuden riski, uskottavat uhkaukset, aktiivinen identiteettivarkaus, doxxaus, laittoman sis\u00e4ll\u00f6n levitt\u00e4minen0\u20136 h0\u201312 h24\u201348 hKorkeaPetos, vakava h\u00e4irint\u00e4, kiristys, v\u00e4\u00e4r\u00e4t veloitukset, tietovuoto24 h24\u201348 h3\u20135 p\u00e4iv\u00e4\u00e4KeskitasoProfiiliraportit, harhaanjohtava sis\u00e4lt\u00f6, tiliongelmat48 h2\u20133 p\u00e4iv\u00e4\u00e47 p\u00e4iv\u00e4\u00e4MatalaEhdotukset, yleiset kyselyt72 h3\u20135 p\u00e4iv\u00e4\u00e414 p\u00e4iv\u00e4\u00e4 * M\u00e4\u00e4r\u00e4ajat voivat vaihdella tapauksen&hellip;<\/p>\n","category_list":"","author_info":{"name":"Administrators no SugarDaddySuomi","url":"https:\/\/sugardaddynordic.com\/lv\/author\/poweb\/"},"comments_num":"0 comments","featured_image_urls_v2":{"full":"","thumbnail":"","medium":"","medium_large":"","large":"","1536x1536":"","2048x2048":"","trp-custom-language-flag":"","crp_thumbnail":""},"post_excerpt_stackable_v2":"<p>SugarDaddyNordic -palvelussa asetamme etusijalle turvallisuuden, l\u00e4pin\u00e4kyvyyden ja nopean reagoinnin yhteis\u00f6mme tarpeisiin. T\u00e4m\u00e4 politiikka selitt\u00e4\u00e4, miten vastaanotamme, priorisoimme ja k\u00e4sittelemme pyynt\u00f6j\u00e4, valituksia, ilmoituksia ja kyselyit\u00e4. Viralliset yhteydenottokanavat Yhteydenottolomake: \/contact Yleinen tuki \/ Tietosuoja \/ V\u00e4\u00e4rink\u00e4yt\u00f6kset \/ identiteetin v\u00e4\u00e4rink\u00e4ytt\u00f6 \u2026 ja yhteisty\u00f6 oikeusviranomaisten kanssa*: Tietosuoja: info@sugardaddynordic.com Luokittelu ja vastausajat (SLA) Annamme jokaiselle tapaukselle alkuper\u00e4isen prioriteetin ja pyrimme noudattamaan seuraavia tavoitteita: PrioriteettiEsimerkitVastaanottokuittausEnsitoimetArvioitu ratkaisu*KiireellinenAlaik\u00e4isten tai fyysisen koskemattomuuden riski, uskottavat uhkaukset, aktiivinen identiteettivarkaus, doxxaus, laittoman sis\u00e4ll\u00f6n levitt\u00e4minen0\u20136 h0\u201312 h24\u201348 hKorkeaPetos, vakava h\u00e4irint\u00e4, kiristys, v\u00e4\u00e4r\u00e4t veloitukset, tietovuoto24 h24\u201348 h3\u20135 p\u00e4iv\u00e4\u00e4KeskitasoProfiiliraportit, harhaanjohtava sis\u00e4lt\u00f6, tiliongelmat48 h2\u20133 p\u00e4iv\u00e4\u00e47 p\u00e4iv\u00e4\u00e4MatalaEhdotukset, yleiset kyselyt72 h3\u20135 p\u00e4iv\u00e4\u00e414 p\u00e4iv\u00e4\u00e4 * M\u00e4\u00e4r\u00e4ajat voivat vaihdella tapauksen&hellip;<\/p>\n","category_list_v2":"","author_info_v2":{"name":"Administrators no SugarDaddySuomi","url":"https:\/\/sugardaddynordic.com\/lv\/author\/poweb\/"},"comments_num_v2":"0 comments","yoast_head":"<!-- This site is optimized with the Yoast SEO Premium plugin v26.0 (Yoast SEO v27.3) - https:\/\/yoast.com\/product\/yoast-seo-premium-wordpress\/ -->\n<title>Aktiivinen VastausAktiivisen vastauksen politiikka<\/title>\n<meta name=\"robots\" content=\"index, follow, max-snippet:-1, max-image-preview:large, max-video-preview:-1\" \/>\n<link rel=\"canonical\" href=\"https:\/\/sugardaddynordic.com\/lv\/aktiva-reakcija\/\" \/>\n<meta property=\"og:locale\" content=\"lv_LV\" \/>\n<meta property=\"og:type\" content=\"article\" \/>\n<meta property=\"og:title\" content=\"Aktiivinen VastausAktiivisen vastauksen politiikka\" \/>\n<meta property=\"og:description\" content=\"SugarDaddyNordic -palvelussa asetamme etusijalle turvallisuuden, l\u00e4pin\u00e4kyvyyden ja nopean reagoinnin yhteis\u00f6mme tarpeisiin. T\u00e4m\u00e4 politiikka selitt\u00e4\u00e4, miten vastaanotamme, priorisoimme ja k\u00e4sittelemme pyynt\u00f6j\u00e4, valituksia, ilmoituksia ja kyselyit\u00e4. Viralliset yhteydenottokanavat Luokittelu ja vastausajat (SLA) Annamme jokaiselle tapaukselle alkuper\u00e4isen prioriteetin ja pyrimme noudattamaan seuraavia tavoitteita: Prioriteetti Esimerkit Vastaanottokuittaus Ensitoimet Arvioitu ratkaisu* Kiireellinen Alaik\u00e4isten tai fyysisen koskemattomuuden riski, uskottavat uhkaukset, aktiivinen ... Read more\" \/>\n<meta property=\"og:url\" content=\"https:\/\/sugardaddynordic.com\/lv\/aktiva-reakcija\/\" \/>\n<meta property=\"og:site_name\" content=\"Sugar Daddy Nordic \u00ae\" \/>\n<meta property=\"article:modified_time\" content=\"2025-10-26T06:16:26+00:00\" \/>\n<meta property=\"og:image\" content=\"https:\/\/sugardaddynordic.com\/wp-content\/uploads\/2025\/10\/Logo-Sugar-Daddy-Nordic.png\" \/>\n\t<meta property=\"og:image:width\" content=\"1024\" \/>\n\t<meta property=\"og:image:height\" content=\"1024\" \/>\n\t<meta property=\"og:image:type\" content=\"image\/png\" \/>\n<meta name=\"twitter:card\" content=\"summary_large_image\" \/>\n<meta name=\"twitter:label1\" content=\"Est. reading time\" \/>\n\t<meta name=\"twitter:data1\" content=\"3 min\u016btes\" \/>\n<script type=\"application\/ld+json\" class=\"yoast-schema-graph\">{\"@context\":\"https:\\\/\\\/schema.org\",\"@graph\":[{\"@type\":\"WebPage\",\"@id\":\"https:\\\/\\\/sugardaddynordic.com\\\/aktiivinen-vastaus\\\/\",\"url\":\"https:\\\/\\\/sugardaddynordic.com\\\/aktiivinen-vastaus\\\/\",\"name\":\"Aktiivinen VastausAktiivisen vastauksen politiikka\",\"isPartOf\":{\"@id\":\"https:\\\/\\\/sugardaddynordic.com\\\/#website\"},\"datePublished\":\"2025-08-28T08:08:50+00:00\",\"dateModified\":\"2025-10-26T06:16:26+00:00\",\"breadcrumb\":{\"@id\":\"https:\\\/\\\/sugardaddynordic.com\\\/aktiivinen-vastaus\\\/#breadcrumb\"},\"inLanguage\":\"lv-LV\",\"potentialAction\":[{\"@type\":\"ReadAction\",\"target\":[\"https:\\\/\\\/sugardaddynordic.com\\\/aktiivinen-vastaus\\\/\"]}]},{\"@type\":\"BreadcrumbList\",\"@id\":\"https:\\\/\\\/sugardaddynordic.com\\\/aktiivinen-vastaus\\\/#breadcrumb\",\"itemListElement\":[{\"@type\":\"ListItem\",\"position\":1,\"name\":\"Home\",\"item\":\"https:\\\/\\\/sugardaddynordic.com\\\/\"},{\"@type\":\"ListItem\",\"position\":2,\"name\":\"Aktiivinen VastausAktiivisen vastauksen politiikka\"}]},{\"@type\":\"WebSite\",\"@id\":\"https:\\\/\\\/sugardaddynordic.com\\\/#website\",\"url\":\"https:\\\/\\\/sugardaddynordic.com\\\/\",\"name\":\"Sugar Daddy Nordic\",\"description\":\"\",\"publisher\":{\"@id\":\"https:\\\/\\\/sugardaddynordic.com\\\/#organization\"},\"alternateName\":\"Sugar Daddy Nordic powered by Sugar Daddy Planet\",\"potentialAction\":[{\"@type\":\"SearchAction\",\"target\":{\"@type\":\"EntryPoint\",\"urlTemplate\":\"https:\\\/\\\/sugardaddynordic.com\\\/?s={search_term_string}\"},\"query-input\":{\"@type\":\"PropertyValueSpecification\",\"valueRequired\":true,\"valueName\":\"search_term_string\"}}],\"inLanguage\":\"lv-LV\"},{\"@type\":[\"Organization\",\"DatingService\"],\"@id\":\"https:\\\/\\\/sugardaddynordic.com\\\/#organization\",\"name\":\"Sugar Daddy Nordic\",\"url\":\"https:\\\/\\\/sugardaddynordic.com\\\/\",\"logo\":{\"@type\":\"ImageObject\",\"inLanguage\":\"lv-LV\",\"@id\":\"https:\\\/\\\/sugardaddynordic.com\\\/#\\\/schema\\\/logo\\\/image\\\/\",\"url\":\"https:\\\/\\\/sugardaddynordic.com\\\/wp-content\\\/uploads\\\/2025\\\/10\\\/cropped-Logo-Sugar-Daddy-Nordic.png\",\"contentUrl\":\"https:\\\/\\\/sugardaddynordic.com\\\/wp-content\\\/uploads\\\/2025\\\/10\\\/cropped-Logo-Sugar-Daddy-Nordic.png\",\"width\":1022,\"height\":323,\"caption\":\"Sugar Daddy Nordic\"},\"image\":{\"@id\":\"https:\\\/\\\/sugardaddynordic.com\\\/#\\\/schema\\\/logo\\\/image\\\/\"},\"serviceType\":\"Dating Service\",\"category\":\"Dating\",\"publishingPrinciples\":\"https:\\\/\\\/sugardaddynordic.com\\\/julkaisustandardit\\\/\",\"ownershipFundingInfo\":\"https:\\\/\\\/sugardaddynordic.com\\\/rahoitus\\\/\",\"actionableFeedbackPolicy\":\"https:\\\/\\\/sugardaddynordic.com\\\/korjauskaytanto\\\/\",\"correctionsPolicy\":\"https:\\\/\\\/sugardaddynordic.com\\\/korjauskaytanto\\\/\",\"ethicsPolicy\":\"https:\\\/\\\/sugardaddynordic.com\\\/eettinen-politiikka\\\/\",\"diversityPolicy\":\"https:\\\/\\\/sugardaddynordic.com\\\/monimuotoisuus\\\/\",\"diversityStaffingReport\":\"https:\\\/\\\/sugardaddynordic.com\\\/yhteistyo\\\/\"}]}<\/script>\n<!-- \/ Yoast SEO Premium plugin. -->","yoast_head_json":{"title":"Akt\u012bv\u0101 rea\u0123\u0113\u0161anaAkt\u012bv\u0101 rea\u0123\u0113\u0161anas politika","robots":{"index":"index","follow":"follow","max-snippet":"max-snippet:-1","max-image-preview":"max-image-preview:large","max-video-preview":"max-video-preview:-1"},"canonical":"https:\/\/sugardaddynordic.com\/lv\/aktiva-reakcija\/","og_locale":"lv_LV","og_type":"article","og_title":"Aktiivinen VastausAktiivisen vastauksen politiikka","og_description":"SugarDaddyNordic -palvelussa asetamme etusijalle turvallisuuden, l\u00e4pin\u00e4kyvyyden ja nopean reagoinnin yhteis\u00f6mme tarpeisiin. T\u00e4m\u00e4 politiikka selitt\u00e4\u00e4, miten vastaanotamme, priorisoimme ja k\u00e4sittelemme pyynt\u00f6j\u00e4, valituksia, ilmoituksia ja kyselyit\u00e4. Viralliset yhteydenottokanavat Luokittelu ja vastausajat (SLA) Annamme jokaiselle tapaukselle alkuper\u00e4isen prioriteetin ja pyrimme noudattamaan seuraavia tavoitteita: Prioriteetti Esimerkit Vastaanottokuittaus Ensitoimet Arvioitu ratkaisu* Kiireellinen Alaik\u00e4isten tai fyysisen koskemattomuuden riski, uskottavat uhkaukset, aktiivinen ... Read more","og_url":"https:\/\/sugardaddynordic.com\/lv\/aktiva-reakcija\/","og_site_name":"Sugar Daddy Nordic \u00ae","article_modified_time":"2025-10-26T06:16:26+00:00","og_image":[{"width":1024,"height":1024,"url":"https:\/\/sugardaddynordic.com\/wp-content\/uploads\/2025\/10\/Logo-Sugar-Daddy-Nordic.png","type":"image\/png"}],"twitter_card":"summary_large_image","twitter_misc":{"Est. reading time":"3 min\u016btes"},"schema":{"@context":"https:\/\/schema.org","@graph":[{"@type":"WebPage","@id":"https:\/\/sugardaddynordic.com\/aktiivinen-vastaus\/","url":"https:\/\/sugardaddynordic.com\/aktiivinen-vastaus\/","name":"Akt\u012bv\u0101 rea\u0123\u0113\u0161anaAkt\u012bv\u0101 rea\u0123\u0113\u0161anas politika","isPartOf":{"@id":"https:\/\/sugardaddynordic.com\/#website"},"datePublished":"2025-08-28T08:08:50+00:00","dateModified":"2025-10-26T06:16:26+00:00","breadcrumb":{"@id":"https:\/\/sugardaddynordic.com\/aktiivinen-vastaus\/#breadcrumb"},"inLanguage":"lv-LV","potentialAction":[{"@type":"ReadAction","target":["https:\/\/sugardaddynordic.com\/aktiivinen-vastaus\/"]}]},{"@type":"BreadcrumbList","@id":"https:\/\/sugardaddynordic.com\/aktiivinen-vastaus\/#breadcrumb","itemListElement":[{"@type":"ListItem","position":1,"name":"Home","item":"https:\/\/sugardaddynordic.com\/"},{"@type":"ListItem","position":2,"name":"Aktiivinen VastausAktiivisen vastauksen politiikka"}]},{"@type":"WebSite","@id":"https:\/\/sugardaddynordic.com\/#website","url":"https:\/\/sugardaddynordic.com\/","name":"sugar daddy Nordic","description":"","publisher":{"@id":"https:\/\/sugardaddynordic.com\/#organization"},"alternateName":"Sugar Daddy Nordic powered by Sugar Daddy Planet","potentialAction":[{"@type":"SearchAction","target":{"@type":"EntryPoint","urlTemplate":"https:\/\/sugardaddynordic.com\/?s={search_term_string}"},"query-input":{"@type":"PropertyValueSpecification","valueRequired":true,"valueName":"search_term_string"}}],"inLanguage":"lv-LV"},{"@type":["Organization","DatingService"],"@id":"https:\/\/sugardaddynordic.com\/#organization","name":"sugar daddy Nordic","url":"https:\/\/sugardaddynordic.com\/","logo":{"@type":"ImageObject","inLanguage":"lv-LV","@id":"https:\/\/sugardaddynordic.com\/#\/schema\/logo\/image\/","url":"https:\/\/sugardaddynordic.com\/wp-content\/uploads\/2025\/10\/cropped-Logo-Sugar-Daddy-Nordic.png","contentUrl":"https:\/\/sugardaddynordic.com\/wp-content\/uploads\/2025\/10\/cropped-Logo-Sugar-Daddy-Nordic.png","width":1022,"height":323,"caption":"Sugar Daddy Nordic"},"image":{"@id":"https:\/\/sugardaddynordic.com\/#\/schema\/logo\/image\/"},"serviceType":"Dating Service","category":"Dating","publishingPrinciples":"https:\/\/sugardaddynordic.com\/julkaisustandardit\/","ownershipFundingInfo":"https:\/\/sugardaddynordic.com\/rahoitus\/","actionableFeedbackPolicy":"https:\/\/sugardaddynordic.com\/korjauskaytanto\/","correctionsPolicy":"https:\/\/sugardaddynordic.com\/korjauskaytanto\/","ethicsPolicy":"https:\/\/sugardaddynordic.com\/eettinen-politiikka\/","diversityPolicy":"https:\/\/sugardaddynordic.com\/monimuotoisuus\/","diversityStaffingReport":"https:\/\/sugardaddynordic.com\/yhteistyo\/"}]}},"_links":{"self":[{"href":"https:\/\/sugardaddynordic.com\/lv\/wp-json\/wp\/v2\/pages\/13441","targetHints":{"allow":["GET"]}}],"collection":[{"href":"https:\/\/sugardaddynordic.com\/lv\/wp-json\/wp\/v2\/pages"}],"about":[{"href":"https:\/\/sugardaddynordic.com\/lv\/wp-json\/wp\/v2\/types\/page"}],"author":[{"embeddable":true,"href":"https:\/\/sugardaddynordic.com\/lv\/wp-json\/wp\/v2\/users\/1"}],"replies":[{"embeddable":true,"href":"https:\/\/sugardaddynordic.com\/lv\/wp-json\/wp\/v2\/comments?post=13441"}],"version-history":[{"count":0,"href":"https:\/\/sugardaddynordic.com\/lv\/wp-json\/wp\/v2\/pages\/13441\/revisions"}],"wp:attachment":[{"href":"https:\/\/sugardaddynordic.com\/lv\/wp-json\/wp\/v2\/media?parent=13441"}],"curies":[{"name":"wp","href":"https:\/\/api.w.org\/{rel}","templated":true}]}}