{"id":13442,"date":"2025-08-28T11:08:52","date_gmt":"2025-08-28T08:08:52","guid":{"rendered":"https:\/\/sugardaddynordic.com\/?page_id=13442"},"modified":"2025-10-26T08:18:22","modified_gmt":"2025-10-26T06:18:22","slug":"etikas-politika","status":"publish","type":"page","link":"https:\/\/sugardaddynordic.com\/lv\/eettinen-politiikka\/","title":{"rendered":"\u0112tikas politika"},"content":{"rendered":"<p>SugarDaddyNordic m\u0113s veicin\u0101m leg\u0101las, dro\u0161as un uz savstarp\u0113jas vieno\u0161an\u0101s balst\u012btas attiec\u012bbas. \u0160aj\u0101 politik\u0101 ir izkl\u0101st\u012bti principi un noteikumi, kas nosaka uzved\u012bbu platform\u0101, blog\u0101 un m\u016bsu sazi\u0146\u0101.<\/p>\n\n\n\n<h3 class=\"wp-block-heading\" id=\"h-soveltamisala\">Darb\u012bbas joma<\/h3>\n\n\n\n<p>Tas attiecas uz visiem lietot\u0101jiem, m\u016bsu komandu, partneriem un z\u012bmoliem, ar kuriem str\u0101d\u0101jam.<\/p>\n\n\n\n<h2 class=\"wp-block-heading\" id=\"h-periaatteet\">Principi<\/h2>\n\n\n\n<ul class=\"wp-block-list\">\n<li><strong>Cie\u0146a un cie\u0146a<\/strong>: draudz\u012bga attieksme bez apvainojumiem, draudiem vai pazemojumiem.<\/li>\n\n\n\n<li><strong>Piekri\u0161ana<\/strong>: mijiedarb\u012bbai j\u0101b\u016bt br\u012bvai, apzin\u0101tai un atgriezeniskai.<\/li>\n\n\n\n<li><strong>Likum\u012bba<\/strong>: neieciet\u012bga attieksme pret nelikum\u012bg\u0101m darb\u012bb\u0101m vai uzved\u012bbu, kas apdraud citus.<\/li>\n\n\n\n<li><strong>P\u0101rredzam\u012bba un autentiskums<\/strong>: profilos un sazi\u0146\u0101 sniegt patiesu inform\u0101ciju.<\/li>\n\n\n\n<li><strong>Konfidencialit\u0101te<\/strong>: datu aizsardz\u012bba un personas robe\u017eu iev\u0113ro\u0161ana.<\/li>\n\n\n\n<li><strong>Iek\u013cau\u0161ana un nediskrimin\u0101cija<\/strong>: apkarot visa veida naidu un atstumt\u012bbu.<\/li>\n\n\n\n<li><strong>Komerci\u0101l\u0101 integrit\u0101te<\/strong>: rekl\u0101ma, partner\u012bbas un sponsor\u0113\u0161ana ir skaidri nor\u0101d\u012btas, un t\u0101s neietekm\u0113 dro\u0161\u012bbu vai moder\u0113\u0161anu.<\/li>\n<\/ul>\n\n\n\n<h2 class=\"wp-block-heading\" id=\"h-yhteison-kayttaytymissaannot\">Kopienas R\u012bc\u012bbas kodekss<\/h2>\n\n\n\n<ul class=\"wp-block-list\">\n<li><strong>18 gadi un vec\u0101ki<\/strong>: ir aizliegts re\u0123istr\u0113t vai public\u0113t saturu nepilngad\u012bg\u0101m person\u0101m.<\/li>\n\n\n\n<li><strong>Cilv\u0113ku ekspluat\u0101cijas vai tirdzniec\u012bbas aizliegums<\/strong>: starpniec\u012bba, seksu\u0101lu pakalpojumu pied\u0101v\u0101\u0161ana vai piepras\u012b\u0161ana apmai\u0146\u0101 pret naudu vai prec\u0113m, k\u0101 ar\u012b jebk\u0101da nelikum\u012bga darb\u012bba ir aizliegta.<\/li>\n\n\n\n<li><strong>Nulles tolerance pret uzm\u0101k\u0161anos<\/strong>: tostarp seksu\u0101la uzm\u0101k\u0161an\u0101s, nev\u0113lamas atk\u0101rtotas zi\u0146as, izspie\u0161ana, doxxing un priv\u0101tu materi\u0101lu izplat\u012b\u0161ana.<\/li>\n\n\n\n<li><strong>Kr\u0101p\u0161ana ir aizliegta<\/strong>: kr\u0101p\u0161anas m\u0113\u0123in\u0101jumi, piram\u012bdveida kr\u0101p\u0161ana, pik\u0161\u0137er\u0113\u0161ana vai identit\u0101tes z\u0101dz\u012bba.<\/li>\n\n\n\n<li><strong>At\u013caut\u0101 satura ierobe\u017eojumi<\/strong>: bez seksu\u0101li atkl\u0101ta satura, bez atkl\u0101ta kailuma, bez grafiskas vardarb\u012bbas, bez naida runas, bez nepilngad\u012bgo satura.<\/li>\n\n\n\n<li><strong>Aitous<\/strong>: nav at\u013cauts viltojot identit\u0101ti vai izmantot neat\u013cautus att\u0113lus.<\/li>\n\n\n\n<li><strong>Nav priek\u0161apmaksas un nav naudas piepras\u012bjumu<\/strong> bez skaidra un pamatota konteksta; t\u0113rz\u0113\u0161anas laik\u0101 nekad neizpaudiet paroles, dokumentus vai bankas inform\u0101ciju.<\/li>\n\n\n\n<li><strong>Iev\u0113rojiet ierobe\u017eojumus<\/strong>: ja k\u0101ds saka \"n\u0113\" vai p\u0101rst\u0101j atbild\u0113t, p\u0101rtrauciet mijiedarb\u012bbu.<\/li>\n<\/ul>\n\n\n\n<p><strong>Svar\u012bgi<\/strong>: SugarDaddyNordic neiekas\u0113 nek\u0101du samaksu, nesniedz eskorta pakalpojumus un ne\u013cauj vienoties par seksu\u0101liem pakalpojumiem. Vis\u0101m attiec\u012bb\u0101m un materi\u0101lajam atbalstam j\u0101b\u016bt leg\u0101lam, br\u012bvpr\u0101t\u012bgam un bez piespie\u0161anas.<\/p>\n\n\n\n<h2 class=\"wp-block-heading\" id=\"h-profiilien-sisalto-ja-viestit\">Profila saturs un zi\u0146ojumi<\/h2>\n\n\n\n<ul class=\"wp-block-list\">\n<li>Izmantojiet savus fotoatt\u0113lus (bez at\u013caujas nedr\u012bkst izmantot nepilngad\u012bgo vai tre\u0161o personu fotoatt\u0113lus).<\/li>\n\n\n\n<li>Nepublic\u0113jiet sensit\u012bvu inform\u0101ciju (adresi, dokumentus, bankas kontus).<\/li>\n\n\n\n<li>Neiek\u013caujiet kait\u012bgas saites, surog\u0101tpastu vai neat\u013cautu rekl\u0101mu.<\/li>\n\n\n\n<li>Zi\u0146ojiet par profiliem vai zi\u0146ojumiem, kas p\u0101rk\u0101pj \u0161os noteikumus.<\/li>\n<\/ul>\n\n\n\n<h2 class=\"wp-block-heading\" id=\"h-turvallisuus-tapaamisissa\">Dro\u0161\u012bba san\u0101ksm\u0113s<\/h2>\n\n\n\n<ul class=\"wp-block-list\">\n<li>Vispirms tiekieties publisk\u0101s viet\u0101s, inform\u0113jiet uzticamu personu un izmantojiet savu transportu.<\/li>\n\n\n\n<li>Nes\u016btiet naudu sve\u0161iniekiem un nedalieties ar verifik\u0101cijas kodiem.<\/li>\n\n\n\n<li>Ja nepiecie\u0161ams, iepriek\u0161 apstipriniet savu identit\u0101ti, izmantojot videozvanu.<\/li>\n\n\n\n<li>Izmantojiet platformas blo\u0137\u0113\u0161anas un zi\u0146o\u0161anas r\u012bkus.<\/li>\n\n\n\n<li>Uzziniet vair\u0101k par dro\u0161\u012bbu tie\u0161saist\u0113 un datub\u0101z\u0113s m\u016bsu atbalsta centr\u0101.<\/li>\n<\/ul>\n\n\n\n<h2 class=\"wp-block-heading\" id=\"h-moderointi-ja-soveltaminen\">Moder\u0113\u0161ana un piem\u0113ro\u0161ana<\/h2>\n\n\n\n<ul class=\"wp-block-list\">\n<li>M\u0113s apvienojam automatiz\u0113tas sist\u0113mas ar cilv\u0113ka veiktu verifik\u0101ciju.<\/li>\n\n\n\n<li>Iesp\u0113jamie pas\u0101kumi: br\u012bdin\u0101jumi, ierobe\u017eojumi, konta aptur\u0113\u0161ana vai blo\u0137\u0113\u0161ana, satura dz\u0113\u0161ana un, ja nepiecie\u0161ams, iest\u0101\u017eu inform\u0113\u0161ana.<\/li>\n\n\n\n<li>L\u0113mumi tiek pie\u0146emti, pamatojoties uz \u0161o \u0112tikas politiku, Akt\u012bv\u0101s rea\u0123\u0113\u0161anas politiku un Lieto\u0161anas noteikumiem.<\/li>\n<\/ul>\n\n\n\n<h2 class=\"wp-block-heading\" id=\"h-valitukset\">S\u016bdz\u012bbas<\/h2>\n\n\n\n<p>J\u016bs varat s\u016bdz\u0113ties par moder\u0113\u0161anas l\u0113mumiem <strong>20 dienas<\/strong> termi\u0146\u0101, rakstot uz \u0161\u0101du adresi <strong>info@sugardaddynordic.com<\/strong> un nor\u0101dot lietas ID.<\/p>\n\n\n\n<h3 class=\"wp-block-heading\" id=\"h-toimituksellinen-ja-mainonnallinen-eheys-blogi\">Redakcion\u0101l\u0101 un rekl\u0101mas integrit\u0101te (Blogs)<\/h3>\n\n\n\n<ul class=\"wp-block-list\">\n<li>Sponsor\u0113\u0161ana un partneru saites ir skaidri atz\u012bm\u0113tas.<\/li>\n\n\n\n<li>Redakcijas saturs ir neatkar\u012bgs no rekl\u0101mdev\u0113jiem un partneriem.<\/li>\n\n\n\n<li>M\u0113s nepie\u013caujam maldino\u0161u praksi vai \"maksas sp\u0113l\u0113\u0161anas\" mode\u013cus.<\/li>\n<\/ul>\n\n\n\n<h2 class=\"wp-block-heading\" id=\"h-yksityisyys\">Konfidencialit\u0101te<\/h2>\n\n\n\n<p>M\u0113s apstr\u0101d\u0101jam datus <strong>M\u016bsu konfidencialit\u0101tes un s\u012bkfailu politika<\/strong> saska\u0146\u0101 ar.<\/p>\n\n\n\n<h3 class=\"wp-block-heading\" id=\"h-lmoittaminen\">Zvanot uz<\/h3>\n\n\n\n<ul class=\"wp-block-list\">\n<li>\u013baunpr\u0101t\u012bga izmanto\u0161ana \/ Kr\u0101p\u0161ana \/ Atbalsts \/ Datu aizsardz\u012bba:Iest\u0101des \/ Juridiskie jaut\u0101jumi: <strong>info@sugardaddynordic.com<\/strong><\/li>\n<\/ul>\n\n\n\n<h2 class=\"wp-block-heading\" id=\"h-paivitykset\">Atjaunin\u0101jumi<\/h2>\n\n\n\n<p>Jaun\u0101kais p\u0101rskats: <strong>26.10.2025<\/strong>.<br>M\u0113s varam atjaunin\u0101t \u0161o politiku un public\u0113sim izmai\u0146as redzam\u0101 viet\u0101.<\/p>","protected":false},"excerpt":{"rendered":"<p>SugarDaddyNordic m\u0113s veicin\u0101m leg\u0101las, dro\u0161as un uz savstarp\u0113jas vieno\u0161an\u0101s balst\u012btas attiec\u012bbas. \u0160aj\u0101 politik\u0101 ir izkl\u0101st\u012bti principi un noteikumi, kas nosaka uzved\u012bbu platform\u0101, blog\u0101 un m\u016bsu sazi\u0146\u0101. Darb\u012bbas joma Attiecas uz visiem lietot\u0101jiem, m\u016bsu komandu, partneriem un z\u012bmoliem, ar kuriem sadarbojamies. Principi Kopienas R\u012bc\u012bbas kodekss Svar\u012bgi: SugarDaddyNordic neveic maks\u0101jumu starpniec\u012bbu, nesniedz eskorta pakalpojumus un nepie\u013cauj sarunas par seksu\u0101liem pakalpojumiem. Vis\u0101m attiec\u012bb\u0101m un materi\u0101lajam atbalstam ir j\u0101b\u016bt [...] <a title=\"\u0112tikas politika\" class=\"read-more\" href=\"https:\/\/sugardaddynordic.com\/lv\/eettinen-politiikka\/\" aria-label=\"Read more about Eettinen Politiikka\">Las\u012bt vair\u0101k<\/a><\/p>","protected":false},"author":1,"featured_media":0,"parent":0,"menu_order":0,"comment_status":"closed","ping_status":"closed","template":"","meta":{"generate_page_header":"","footnotes":""},"class_list":{"0":"post-13442","1":"page","2":"type-page","3":"status-publish","5":"infinite-scroll-item"},"featured_image_urls":{"full":"","thumbnail":"","medium":"","medium_large":"","large":"","1536x1536":"","2048x2048":"","trp-custom-language-flag":"","crp_thumbnail":""},"post_excerpt_stackable":"<p>SugarDaddyNordic -palvelussa edist\u00e4mme laillisia, turvallisia ja suostumuksellisia suhteita. T\u00e4m\u00e4 politiikka m\u00e4\u00e4rittelee periaatteet ja s\u00e4\u00e4nn\u00f6t, jotka ohjaavat k\u00e4ytt\u00e4ytymist\u00e4 alustalla, blogissa ja viestinn\u00e4ss\u00e4mme. Soveltamisala Koskee kaikkia k\u00e4ytt\u00e4ji\u00e4, tiimi\u00e4mme, yhteisty\u00f6kumppaneita ja br\u00e4ndej\u00e4, joiden kanssa teemme yhteisty\u00f6t\u00e4. Periaatteet Kunnioitus ja ihmisarvo: yst\u00e4v\u00e4llinen kohtelu ilman loukkauksia, uhkauksia tai n\u00f6yryytt\u00e4mist\u00e4. Suostumus: vuorovaikutuksen tulee olla vapaata, tietoon perustuvaa ja peruutettavissa. Laillisuus: nollatoleranssi laittomalle toiminnalle tai k\u00e4yt\u00f6kselle, joka vaarantaa muita. L\u00e4pin\u00e4kyvyys ja aitous: todenmukaiset tiedot profiileissa ja viestinn\u00e4ss\u00e4. Yksityisyys: tietojen suojaaminen ja henkil\u00f6kohtaisten rajojen kunnioittaminen. Osallisuus ja syrjim\u00e4tt\u00f6myys: kaikenlaisen vihan ja poissulkemisen torjuminen. Kaupallinen eheys: mainonta, kumppanuudet ja sponsoroinnit merkit\u00e4\u00e4n selke\u00e4sti eik\u00e4 niill\u00e4 ole vaikutusta turvallisuuteen tai moderointiin.&hellip;<\/p>\n","category_list":"","author_info":{"name":"Administrators no SugarDaddySuomi","url":"https:\/\/sugardaddynordic.com\/lv\/author\/poweb\/"},"comments_num":"0 comments","featured_image_urls_v2":{"full":"","thumbnail":"","medium":"","medium_large":"","large":"","1536x1536":"","2048x2048":"","trp-custom-language-flag":"","crp_thumbnail":""},"post_excerpt_stackable_v2":"<p>SugarDaddyNordic -palvelussa edist\u00e4mme laillisia, turvallisia ja suostumuksellisia suhteita. T\u00e4m\u00e4 politiikka m\u00e4\u00e4rittelee periaatteet ja s\u00e4\u00e4nn\u00f6t, jotka ohjaavat k\u00e4ytt\u00e4ytymist\u00e4 alustalla, blogissa ja viestinn\u00e4ss\u00e4mme. Soveltamisala Koskee kaikkia k\u00e4ytt\u00e4ji\u00e4, tiimi\u00e4mme, yhteisty\u00f6kumppaneita ja br\u00e4ndej\u00e4, joiden kanssa teemme yhteisty\u00f6t\u00e4. Periaatteet Kunnioitus ja ihmisarvo: yst\u00e4v\u00e4llinen kohtelu ilman loukkauksia, uhkauksia tai n\u00f6yryytt\u00e4mist\u00e4. Suostumus: vuorovaikutuksen tulee olla vapaata, tietoon perustuvaa ja peruutettavissa. Laillisuus: nollatoleranssi laittomalle toiminnalle tai k\u00e4yt\u00f6kselle, joka vaarantaa muita. L\u00e4pin\u00e4kyvyys ja aitous: todenmukaiset tiedot profiileissa ja viestinn\u00e4ss\u00e4. Yksityisyys: tietojen suojaaminen ja henkil\u00f6kohtaisten rajojen kunnioittaminen. Osallisuus ja syrjim\u00e4tt\u00f6myys: kaikenlaisen vihan ja poissulkemisen torjuminen. Kaupallinen eheys: mainonta, kumppanuudet ja sponsoroinnit merkit\u00e4\u00e4n selke\u00e4sti eik\u00e4 niill\u00e4 ole vaikutusta turvallisuuteen tai moderointiin.&hellip;<\/p>\n","category_list_v2":"","author_info_v2":{"name":"Administrators no SugarDaddySuomi","url":"https:\/\/sugardaddynordic.com\/lv\/author\/poweb\/"},"comments_num_v2":"0 comments","yoast_head":"<!-- This site is optimized with the Yoast SEO Premium plugin v26.0 (Yoast SEO v27.3) - https:\/\/yoast.com\/product\/yoast-seo-premium-wordpress\/ -->\n<title>Eettinen Politiikka<\/title>\n<meta name=\"robots\" content=\"index, follow, max-snippet:-1, max-image-preview:large, max-video-preview:-1\" \/>\n<link rel=\"canonical\" href=\"https:\/\/sugardaddynordic.com\/lv\/etikas-politika\/\" \/>\n<meta property=\"og:locale\" content=\"lv_LV\" \/>\n<meta property=\"og:type\" content=\"article\" \/>\n<meta property=\"og:title\" content=\"Eettinen Politiikka\" \/>\n<meta property=\"og:description\" content=\"SugarDaddyNordic -palvelussa edist\u00e4mme laillisia, turvallisia ja suostumuksellisia suhteita. T\u00e4m\u00e4 politiikka m\u00e4\u00e4rittelee periaatteet ja s\u00e4\u00e4nn\u00f6t, jotka ohjaavat k\u00e4ytt\u00e4ytymist\u00e4 alustalla, blogissa ja viestinn\u00e4ss\u00e4mme. Soveltamisala Koskee kaikkia k\u00e4ytt\u00e4ji\u00e4, tiimi\u00e4mme, yhteisty\u00f6kumppaneita ja br\u00e4ndej\u00e4, joiden kanssa teemme yhteisty\u00f6t\u00e4. Periaatteet Yhteis\u00f6n k\u00e4ytt\u00e4ytymiss\u00e4\u00e4nn\u00f6t T\u00e4rke\u00e4\u00e4: SugarDaddyNordic ei v\u00e4lit\u00e4 maksuja, ei tarjoa seuralaispalveluja eik\u00e4 salli seksuaalisten tekojen neuvottelua. Kaikkien suhteiden ja materiaalisen tuen tulee ... Read more\" \/>\n<meta property=\"og:url\" content=\"https:\/\/sugardaddynordic.com\/lv\/etikas-politika\/\" \/>\n<meta property=\"og:site_name\" content=\"Sugar Daddy Nordic \u00ae\" \/>\n<meta property=\"article:modified_time\" content=\"2025-10-26T06:18:22+00:00\" \/>\n<meta property=\"og:image\" content=\"https:\/\/sugardaddynordic.com\/wp-content\/uploads\/2025\/10\/Logo-Sugar-Daddy-Nordic.png\" \/>\n\t<meta property=\"og:image:width\" content=\"1024\" \/>\n\t<meta property=\"og:image:height\" content=\"1024\" \/>\n\t<meta property=\"og:image:type\" content=\"image\/png\" \/>\n<meta name=\"twitter:card\" content=\"summary_large_image\" \/>\n<meta name=\"twitter:label1\" content=\"Est. reading time\" \/>\n\t<meta name=\"twitter:data1\" content=\"3 min\u016btes\" \/>\n<script type=\"application\/ld+json\" class=\"yoast-schema-graph\">{\"@context\":\"https:\\\/\\\/schema.org\",\"@graph\":[{\"@type\":\"WebPage\",\"@id\":\"https:\\\/\\\/sugardaddynordic.com\\\/eettinen-politiikka\\\/\",\"url\":\"https:\\\/\\\/sugardaddynordic.com\\\/eettinen-politiikka\\\/\",\"name\":\"Eettinen Politiikka\",\"isPartOf\":{\"@id\":\"https:\\\/\\\/sugardaddynordic.com\\\/#website\"},\"datePublished\":\"2025-08-28T08:08:52+00:00\",\"dateModified\":\"2025-10-26T06:18:22+00:00\",\"breadcrumb\":{\"@id\":\"https:\\\/\\\/sugardaddynordic.com\\\/eettinen-politiikka\\\/#breadcrumb\"},\"inLanguage\":\"lv-LV\",\"potentialAction\":[{\"@type\":\"ReadAction\",\"target\":[\"https:\\\/\\\/sugardaddynordic.com\\\/eettinen-politiikka\\\/\"]}]},{\"@type\":\"BreadcrumbList\",\"@id\":\"https:\\\/\\\/sugardaddynordic.com\\\/eettinen-politiikka\\\/#breadcrumb\",\"itemListElement\":[{\"@type\":\"ListItem\",\"position\":1,\"name\":\"Home\",\"item\":\"https:\\\/\\\/sugardaddynordic.com\\\/\"},{\"@type\":\"ListItem\",\"position\":2,\"name\":\"Eettinen Politiikka\"}]},{\"@type\":\"WebSite\",\"@id\":\"https:\\\/\\\/sugardaddynordic.com\\\/#website\",\"url\":\"https:\\\/\\\/sugardaddynordic.com\\\/\",\"name\":\"Sugar Daddy Nordic\",\"description\":\"\",\"publisher\":{\"@id\":\"https:\\\/\\\/sugardaddynordic.com\\\/#organization\"},\"alternateName\":\"Sugar Daddy Nordic powered by Sugar Daddy Planet\",\"potentialAction\":[{\"@type\":\"SearchAction\",\"target\":{\"@type\":\"EntryPoint\",\"urlTemplate\":\"https:\\\/\\\/sugardaddynordic.com\\\/?s={search_term_string}\"},\"query-input\":{\"@type\":\"PropertyValueSpecification\",\"valueRequired\":true,\"valueName\":\"search_term_string\"}}],\"inLanguage\":\"lv-LV\"},{\"@type\":[\"Organization\",\"DatingService\"],\"@id\":\"https:\\\/\\\/sugardaddynordic.com\\\/#organization\",\"name\":\"Sugar Daddy Nordic\",\"url\":\"https:\\\/\\\/sugardaddynordic.com\\\/\",\"logo\":{\"@type\":\"ImageObject\",\"inLanguage\":\"lv-LV\",\"@id\":\"https:\\\/\\\/sugardaddynordic.com\\\/#\\\/schema\\\/logo\\\/image\\\/\",\"url\":\"https:\\\/\\\/sugardaddynordic.com\\\/wp-content\\\/uploads\\\/2025\\\/10\\\/cropped-Logo-Sugar-Daddy-Nordic.png\",\"contentUrl\":\"https:\\\/\\\/sugardaddynordic.com\\\/wp-content\\\/uploads\\\/2025\\\/10\\\/cropped-Logo-Sugar-Daddy-Nordic.png\",\"width\":1022,\"height\":323,\"caption\":\"Sugar Daddy Nordic\"},\"image\":{\"@id\":\"https:\\\/\\\/sugardaddynordic.com\\\/#\\\/schema\\\/logo\\\/image\\\/\"},\"serviceType\":\"Dating Service\",\"category\":\"Dating\",\"publishingPrinciples\":\"https:\\\/\\\/sugardaddynordic.com\\\/julkaisustandardit\\\/\",\"ownershipFundingInfo\":\"https:\\\/\\\/sugardaddynordic.com\\\/rahoitus\\\/\",\"actionableFeedbackPolicy\":\"https:\\\/\\\/sugardaddynordic.com\\\/korjauskaytanto\\\/\",\"correctionsPolicy\":\"https:\\\/\\\/sugardaddynordic.com\\\/korjauskaytanto\\\/\",\"ethicsPolicy\":\"https:\\\/\\\/sugardaddynordic.com\\\/eettinen-politiikka\\\/\",\"diversityPolicy\":\"https:\\\/\\\/sugardaddynordic.com\\\/monimuotoisuus\\\/\",\"diversityStaffingReport\":\"https:\\\/\\\/sugardaddynordic.com\\\/yhteistyo\\\/\"}]}<\/script>\n<!-- \/ Yoast SEO Premium plugin. -->","yoast_head_json":{"title":"\u0112tikas politika","robots":{"index":"index","follow":"follow","max-snippet":"max-snippet:-1","max-image-preview":"max-image-preview:large","max-video-preview":"max-video-preview:-1"},"canonical":"https:\/\/sugardaddynordic.com\/lv\/etikas-politika\/","og_locale":"lv_LV","og_type":"article","og_title":"Eettinen Politiikka","og_description":"SugarDaddyNordic -palvelussa edist\u00e4mme laillisia, turvallisia ja suostumuksellisia suhteita. T\u00e4m\u00e4 politiikka m\u00e4\u00e4rittelee periaatteet ja s\u00e4\u00e4nn\u00f6t, jotka ohjaavat k\u00e4ytt\u00e4ytymist\u00e4 alustalla, blogissa ja viestinn\u00e4ss\u00e4mme. Soveltamisala Koskee kaikkia k\u00e4ytt\u00e4ji\u00e4, tiimi\u00e4mme, yhteisty\u00f6kumppaneita ja br\u00e4ndej\u00e4, joiden kanssa teemme yhteisty\u00f6t\u00e4. Periaatteet Yhteis\u00f6n k\u00e4ytt\u00e4ytymiss\u00e4\u00e4nn\u00f6t T\u00e4rke\u00e4\u00e4: SugarDaddyNordic ei v\u00e4lit\u00e4 maksuja, ei tarjoa seuralaispalveluja eik\u00e4 salli seksuaalisten tekojen neuvottelua. Kaikkien suhteiden ja materiaalisen tuen tulee ... Read more","og_url":"https:\/\/sugardaddynordic.com\/lv\/etikas-politika\/","og_site_name":"Sugar Daddy Nordic \u00ae","article_modified_time":"2025-10-26T06:18:22+00:00","og_image":[{"width":1024,"height":1024,"url":"https:\/\/sugardaddynordic.com\/wp-content\/uploads\/2025\/10\/Logo-Sugar-Daddy-Nordic.png","type":"image\/png"}],"twitter_card":"summary_large_image","twitter_misc":{"Est. reading time":"3 min\u016btes"},"schema":{"@context":"https:\/\/schema.org","@graph":[{"@type":"WebPage","@id":"https:\/\/sugardaddynordic.com\/eettinen-politiikka\/","url":"https:\/\/sugardaddynordic.com\/eettinen-politiikka\/","name":"\u0112tikas politika","isPartOf":{"@id":"https:\/\/sugardaddynordic.com\/#website"},"datePublished":"2025-08-28T08:08:52+00:00","dateModified":"2025-10-26T06:18:22+00:00","breadcrumb":{"@id":"https:\/\/sugardaddynordic.com\/eettinen-politiikka\/#breadcrumb"},"inLanguage":"lv-LV","potentialAction":[{"@type":"ReadAction","target":["https:\/\/sugardaddynordic.com\/eettinen-politiikka\/"]}]},{"@type":"BreadcrumbList","@id":"https:\/\/sugardaddynordic.com\/eettinen-politiikka\/#breadcrumb","itemListElement":[{"@type":"ListItem","position":1,"name":"Home","item":"https:\/\/sugardaddynordic.com\/"},{"@type":"ListItem","position":2,"name":"Eettinen Politiikka"}]},{"@type":"WebSite","@id":"https:\/\/sugardaddynordic.com\/#website","url":"https:\/\/sugardaddynordic.com\/","name":"sugar daddy Nordic","description":"","publisher":{"@id":"https:\/\/sugardaddynordic.com\/#organization"},"alternateName":"Sugar Daddy Nordic powered by Sugar Daddy Planet","potentialAction":[{"@type":"SearchAction","target":{"@type":"EntryPoint","urlTemplate":"https:\/\/sugardaddynordic.com\/?s={search_term_string}"},"query-input":{"@type":"PropertyValueSpecification","valueRequired":true,"valueName":"search_term_string"}}],"inLanguage":"lv-LV"},{"@type":["Organization","DatingService"],"@id":"https:\/\/sugardaddynordic.com\/#organization","name":"sugar daddy Nordic","url":"https:\/\/sugardaddynordic.com\/","logo":{"@type":"ImageObject","inLanguage":"lv-LV","@id":"https:\/\/sugardaddynordic.com\/#\/schema\/logo\/image\/","url":"https:\/\/sugardaddynordic.com\/wp-content\/uploads\/2025\/10\/cropped-Logo-Sugar-Daddy-Nordic.png","contentUrl":"https:\/\/sugardaddynordic.com\/wp-content\/uploads\/2025\/10\/cropped-Logo-Sugar-Daddy-Nordic.png","width":1022,"height":323,"caption":"Sugar Daddy Nordic"},"image":{"@id":"https:\/\/sugardaddynordic.com\/#\/schema\/logo\/image\/"},"serviceType":"Dating Service","category":"Dating","publishingPrinciples":"https:\/\/sugardaddynordic.com\/julkaisustandardit\/","ownershipFundingInfo":"https:\/\/sugardaddynordic.com\/rahoitus\/","actionableFeedbackPolicy":"https:\/\/sugardaddynordic.com\/korjauskaytanto\/","correctionsPolicy":"https:\/\/sugardaddynordic.com\/korjauskaytanto\/","ethicsPolicy":"https:\/\/sugardaddynordic.com\/eettinen-politiikka\/","diversityPolicy":"https:\/\/sugardaddynordic.com\/monimuotoisuus\/","diversityStaffingReport":"https:\/\/sugardaddynordic.com\/yhteistyo\/"}]}},"_links":{"self":[{"href":"https:\/\/sugardaddynordic.com\/lv\/wp-json\/wp\/v2\/pages\/13442","targetHints":{"allow":["GET"]}}],"collection":[{"href":"https:\/\/sugardaddynordic.com\/lv\/wp-json\/wp\/v2\/pages"}],"about":[{"href":"https:\/\/sugardaddynordic.com\/lv\/wp-json\/wp\/v2\/types\/page"}],"author":[{"embeddable":true,"href":"https:\/\/sugardaddynordic.com\/lv\/wp-json\/wp\/v2\/users\/1"}],"replies":[{"embeddable":true,"href":"https:\/\/sugardaddynordic.com\/lv\/wp-json\/wp\/v2\/comments?post=13442"}],"version-history":[{"count":0,"href":"https:\/\/sugardaddynordic.com\/lv\/wp-json\/wp\/v2\/pages\/13442\/revisions"}],"wp:attachment":[{"href":"https:\/\/sugardaddynordic.com\/lv\/wp-json\/wp\/v2\/media?parent=13442"}],"curies":[{"name":"wp","href":"https:\/\/api.w.org\/{rel}","templated":true}]}}