{"id":13443,"date":"2025-08-28T11:08:54","date_gmt":"2025-08-28T08:08:54","guid":{"rendered":"https:\/\/sugardaddynordic.com\/?page_id=13443"},"modified":"2025-10-26T08:21:24","modified_gmt":"2025-10-26T06:21:24","slug":"publicesanas-standarti","status":"publish","type":"page","link":"https:\/\/sugardaddynordic.com\/lv\/julkaisustandardit\/","title":{"rendered":"Publik\u0101ciju standarti"},"content":{"rendered":"<p>SugarDaddyNordic blog\u0101 m\u0113s public\u0113jam re\u0101listisku, noder\u012bgu un atbild\u012bgu saturu. <strong>sugar dating starp pieaugu\u0161ajiem (18+)<\/strong>.<br>M\u0113s nesol\u0101m \u0101trus rezult\u0101tus vai idealiz\u0113tu pieredzi: m\u0113s nepied\u0101v\u0101jam ideju \"atrast miljon\u0101ru divu dienu laik\u0101\".<br>M\u0113s ieguld\u0101m l\u012bdzek\u013cus vesel\u012bg\u0101s gaid\u0101s, paciet\u012bb\u0101, dro\u0161\u012bb\u0101 un cie\u0146\u0101.<\/p>\n\n\n\n<h2 class=\"wp-block-heading\" id=\"h-kenelle-kirjoitamme\">Kam m\u0113s rakst\u0101m<\/h2>\n\n\n\n<ul class=\"wp-block-list\">\n<li>Pilngad\u012bgiem v\u012brie\u0161iem un sieviet\u0113m, kurus interes\u0113 v\u012brie\u0161u un sievie\u0161u attiec\u012bbas m\u016bsu platform\u0101.<\/li>\n\n\n\n<li>Las\u012bt\u0101jiem, kas mekl\u0113 skaidru inform\u0101ciju, dro\u0161\u012bbas padomus un praktiskus ieteikumus.<\/li>\n<\/ul>\n\n\n\n<h2 class=\"wp-block-heading\" id=\"h-mita-julkaisemme\">Ko m\u0113s public\u0113jam<\/h2>\n\n\n\n<ul class=\"wp-block-list\">\n<li>uz pieredzi un labo praksi balst\u012bti nor\u0101d\u012bjumi un padomi (piem\u0113ram, dro\u0161\u012bba, k\u0101 izveidot god\u012bgu profilu, pirm\u0101s tik\u0161an\u0101s).<\/li>\n\n\n\n<li>Izgl\u012btojo\u0161s saturs par re\u0101listisk\u0101m gaid\u0101m: sugar dating prasa laiku un paciet\u012bbu.<\/li>\n\n\n\n<li>Raksti par dz\u012bvesveidu un eti\u0137eti: robe\u017eas, komunik\u0101cija un piekri\u0161ana.<\/li>\n\n\n\n<li>Politikas atjaunin\u0101jumi, produktu jaunumi un pazi\u0146ojumi, kas attiecas uz kopienu.<\/li>\n<\/ul>\n\n\n\n<h2 class=\"wp-block-heading\" id=\"h-mita-emme-julkaise\">Ko m\u0113s nepublic\u0113jam<\/h2>\n\n\n\n<ul class=\"wp-block-list\">\n<li>Maldino\u0161i sol\u012bjumi (\"partneris 24 stundu laik\u0101\", \"garant\u0113ti miljon\u0101ri\").<\/li>\n\n\n\n<li>Sens\u0101cija vai klik\u0161\u0137in\u0101\u0161ana.<\/li>\n\n\n\n<li>seksu\u0101li atkl\u0101ts saturs vai materi\u0101li, kas veicina nelikum\u012bgas darb\u012bbas.<\/li>\n\n\n\n<li>nor\u0101des uz \u013caunpr\u0101t\u012bgu izmanto\u0161anu, kr\u0101p\u0161anu vai darb\u012bb\u0101m, kas ir pretrun\u0101 m\u016bsu noteikumiem un likumam.<\/li>\n<\/ul>\n\n\n\n<h2 class=\"wp-block-heading\" id=\"h-tyyli-ja-toimitukselliset-standardit\">Stila un redakcion\u0101lie standarti<\/h2>\n\n\n\n<ul class=\"wp-block-list\">\n<li><strong>Re\u0101listisks un nesensacion\u0101ls<\/strong>: priek\u0161roka tiek dota lietder\u012bbai, nevis izklaidei.<\/li>\n\n\n\n<li><strong>Skaidrs un tie\u0161s<\/strong>: saprotama valoda bez maldino\u0161iem eif\u0113mismiem.<\/li>\n\n\n\n<li><strong>Cie\u0146a un piekri\u0161ana<\/strong>: visi ieteikumi ir balst\u012bti uz likum\u012bbu un br\u012bvu vieno\u0161anos starp pieaugu\u0161ajiem.<\/li>\n<\/ul>\n\n\n\n<h2 class=\"wp-block-heading\" id=\"h-lahteet-tarkistus-ja-korjaukset\">Avoti, p\u0101rskat\u012b\u0161ana un labojumi<\/h2>\n\n\n\n<ul class=\"wp-block-list\">\n<li>Attiec\u012bg\u0101 gad\u012bjum\u0101 m\u0113s sal\u012bdzin\u0101m datus ar ticamiem avotiem (p\u0113t\u012bjumi, noteikumi, iest\u0101des).<\/li>\n\n\n\n<li>M\u0113s pazi\u0146osim atjaunin\u0101\u0161anas datumu un nor\u0101d\u012bsim visas b\u016btisk\u0101s izmai\u0146as.<\/li>\n\n\n\n<li>Ja konstat\u0113jat k\u013c\u016bdu, skatiet <strong>M\u016bsu remonta politika<\/strong> un rakstiet mums: <strong>info@sugardaddynordic.com<\/strong>.<\/li>\n<\/ul>\n\n\n\n<h2 class=\"wp-block-heading\" id=\"h-toimituksellinen-riippumattomuus-ja-rahoitus\">Redakcion\u0101l\u0101 neatkar\u012bba un finans\u0113jums<\/h2>\n\n\n\n<ul class=\"wp-block-list\">\n<li>M\u016bsu ieteikumus neietekm\u0113 rekl\u0101ma, partner\u012bba vai sponsor\u0113\u0161ana.<\/li>\n\n\n\n<li>Jebkur\u0161 sponsor\u0113ts saturs vai partneru saites b\u016bs skaidri atz\u012bm\u0113tas.<\/li>\n\n\n\n<li>Pla\u0161\u0101kai inform\u0101cijai: <strong>\u012apa\u0161umties\u012bbas un finans\u0113jums<\/strong>.<\/li>\n<\/ul>\n\n\n\n<h2 class=\"wp-block-heading\" id=\"h-kuvat-tapaukset-ja-yksityisyys\">Fotoatt\u0113li, lietas un konfidencialit\u0101te<\/h2>\n\n\n\n<ul class=\"wp-block-list\">\n<li>M\u0113s izvair\u0101mies no att\u0113liem vai st\u0101stiem, kas romantiz\u0113 riskus vai rada nere\u0101las cer\u012bbas.<\/li>\n\n\n\n<li>Praktiskie piem\u0113ri ir anon\u012bmi un nekad nesatur identific\u0113jamus personas datus.<\/li>\n<\/ul>\n\n\n\n<h2 class=\"wp-block-heading\" id=\"h-rajat-ja-turvallisuus\">Robe\u017eas un dro\u0161\u012bba<\/h2>\n\n\n\n<ul class=\"wp-block-list\">\n<li>Mums ner\u016bp maksa, m\u0113s neveicin\u0101m seksa pakalpojumus vai neleg\u0101las darb\u012bbas.<\/li>\n\n\n\n<li>M\u0113s pastiprin\u0101m dro\u0161\u012bbas v\u0113st\u012bjumus: iepriek\u0161 apstiprin\u0101t identit\u0101ti, tikties publisk\u0101s viet\u0101s, p\u0101rvald\u012bt robe\u017eas un izmantot blo\u0137\u0113\u0161anas r\u012bkus\/zi\u0146ot.<\/li>\n\n\n\n<li>Pazi\u0146ojumi vai pal\u012bdz\u012bba: skatiet <strong>Akt\u012bv\u0101s rea\u0123\u0113\u0161anas politika<\/strong>.<\/li>\n<\/ul>\n\n\n\n<h3 class=\"wp-block-heading\" id=\"h-paivitykset\">Atjaunin\u0101jumi<\/h3>\n\n\n\n<p>Jaun\u0101k\u0101 p\u0101rskat\u012b\u0161ana: 26.10.2025.<br>M\u0113s varam atjaunin\u0101t \u0161os principus, lai uzlabotu skaidr\u012bbu un saska\u0146otu tos ar m\u016bsu politik\u0101m.<\/p>","protected":false},"excerpt":{"rendered":"<p>SugarDaddyNordic blog\u0101 m\u0113s public\u0113jam re\u0101listisku, noder\u012bgu un atbild\u012bgu saturu par sugar dating starp pieaugu\u0161ajiem (18+).M\u0113s nesol\u0101m \u0101trus rezult\u0101tus vai idealiz\u0113tu pieredzi: m\u0113s nepied\u0101v\u0101jam ideju \"atrast miljon\u0101ru divu dienu laik\u0101\".M\u0113s koncentr\u0113jamies uz vesel\u012bg\u0101m cer\u012bb\u0101m, paciet\u012bbu, dro\u0161\u012bbu un cie\u0146u. Kam m\u0113s rakst\u0101m Ko m\u0113s public\u0113jam Ko m\u0113s nepublic\u0113jam Stils un redakcion\u0101lie standarti Avoti, p\u0101rskat\u012b\u0161ana un labojumi Redakcion\u0101l\u0101 neatkar\u012bba un finans\u0113jums Att\u0113li, lietas un priv\u0101tums Limiti [...] <a title=\"Publik\u0101ciju standarti\" class=\"read-more\" href=\"https:\/\/sugardaddynordic.com\/lv\/julkaisustandardit\/\" aria-label=\"Read more about Julkaisustandardit\">Las\u012bt vair\u0101k<\/a><\/p>","protected":false},"author":1,"featured_media":0,"parent":0,"menu_order":0,"comment_status":"closed","ping_status":"closed","template":"","meta":{"generate_page_header":"","footnotes":""},"class_list":{"0":"post-13443","1":"page","2":"type-page","3":"status-publish","5":"infinite-scroll-item"},"featured_image_urls":{"full":"","thumbnail":"","medium":"","medium_large":"","large":"","1536x1536":"","2048x2048":"","trp-custom-language-flag":"","crp_thumbnail":""},"post_excerpt_stackable":"<p>SugarDaddyNordic-blogissa julkaisemme realistista, hy\u00f6dyllist\u00e4 ja vastuullista sis\u00e4lt\u00f6\u00e4 sugar datingista t\u00e4ysi-ik\u00e4isten (18+) v\u00e4lill\u00e4.Emme lupaa nopeita tuloksia tai idealisoituja kokemuksia: emme myy ajatusta \u201cl\u00f6yd\u00e4t miljon\u00e4\u00e4rin kahdessa p\u00e4iv\u00e4ss\u00e4\u201d.Panostamme terveisiin odotuksiin, k\u00e4rsiv\u00e4llisyyteen, turvallisuuteen ja kunnioitukseen. Kenelle kirjoitamme T\u00e4ysi-ik\u00e4isille miehille ja naisille, jotka ovat kiinnostuneita mies\u2194nainen -suhteista alustamme puitteissa. Lukijoille, jotka etsiv\u00e4t selke\u00e4\u00e4 tietoa, turvallisuusvinkkej\u00e4 ja k\u00e4yt\u00e4nn\u00f6n ohjeita. Mit\u00e4 julkaisemme Oppaita ja neuvoja kokemusten ja hyvien k\u00e4yt\u00e4nt\u00f6jen pohjalta (esim. turvallisuus, miten luoda rehellinen profiili, ensimm\u00e4iset tapaamiset). Kasvatuksellista sis\u00e4lt\u00f6\u00e4 realistisista odotuksista: sugar dating vaatii aikaa ja k\u00e4rsiv\u00e4llisyytt\u00e4. El\u00e4m\u00e4ntyyliin ja etikettiin liittyvi\u00e4 artikkeleita: rajat, viestint\u00e4 ja suostumus. Politiikkap\u00e4ivityksi\u00e4, tuoteuutuuksia ja yhteis\u00f6lle merkityksellisi\u00e4 ilmoituksia. Mit\u00e4 emme julkaise Harhaanjohtavia&hellip;<\/p>\n","category_list":"","author_info":{"name":"Administrators no SugarDaddySuomi","url":"https:\/\/sugardaddynordic.com\/lv\/author\/poweb\/"},"comments_num":"0 comments","featured_image_urls_v2":{"full":"","thumbnail":"","medium":"","medium_large":"","large":"","1536x1536":"","2048x2048":"","trp-custom-language-flag":"","crp_thumbnail":""},"post_excerpt_stackable_v2":"<p>SugarDaddyNordic-blogissa julkaisemme realistista, hy\u00f6dyllist\u00e4 ja vastuullista sis\u00e4lt\u00f6\u00e4 sugar datingista t\u00e4ysi-ik\u00e4isten (18+) v\u00e4lill\u00e4.Emme lupaa nopeita tuloksia tai idealisoituja kokemuksia: emme myy ajatusta \u201cl\u00f6yd\u00e4t miljon\u00e4\u00e4rin kahdessa p\u00e4iv\u00e4ss\u00e4\u201d.Panostamme terveisiin odotuksiin, k\u00e4rsiv\u00e4llisyyteen, turvallisuuteen ja kunnioitukseen. Kenelle kirjoitamme T\u00e4ysi-ik\u00e4isille miehille ja naisille, jotka ovat kiinnostuneita mies\u2194nainen -suhteista alustamme puitteissa. Lukijoille, jotka etsiv\u00e4t selke\u00e4\u00e4 tietoa, turvallisuusvinkkej\u00e4 ja k\u00e4yt\u00e4nn\u00f6n ohjeita. Mit\u00e4 julkaisemme Oppaita ja neuvoja kokemusten ja hyvien k\u00e4yt\u00e4nt\u00f6jen pohjalta (esim. turvallisuus, miten luoda rehellinen profiili, ensimm\u00e4iset tapaamiset). Kasvatuksellista sis\u00e4lt\u00f6\u00e4 realistisista odotuksista: sugar dating vaatii aikaa ja k\u00e4rsiv\u00e4llisyytt\u00e4. El\u00e4m\u00e4ntyyliin ja etikettiin liittyvi\u00e4 artikkeleita: rajat, viestint\u00e4 ja suostumus. Politiikkap\u00e4ivityksi\u00e4, tuoteuutuuksia ja yhteis\u00f6lle merkityksellisi\u00e4 ilmoituksia. Mit\u00e4 emme julkaise Harhaanjohtavia&hellip;<\/p>\n","category_list_v2":"","author_info_v2":{"name":"Administrators no SugarDaddySuomi","url":"https:\/\/sugardaddynordic.com\/lv\/author\/poweb\/"},"comments_num_v2":"0 comments","yoast_head":"<!-- This site is optimized with the Yoast SEO Premium plugin v26.0 (Yoast SEO v27.3) - https:\/\/yoast.com\/product\/yoast-seo-premium-wordpress\/ -->\n<title>Julkaisustandardit<\/title>\n<meta name=\"robots\" content=\"index, follow, max-snippet:-1, max-image-preview:large, max-video-preview:-1\" \/>\n<link rel=\"canonical\" href=\"https:\/\/sugardaddynordic.com\/lv\/publicesanas-standarti\/\" \/>\n<meta property=\"og:locale\" content=\"lv_LV\" \/>\n<meta property=\"og:type\" content=\"article\" \/>\n<meta property=\"og:title\" content=\"Julkaisustandardit\" \/>\n<meta property=\"og:description\" content=\"SugarDaddyNordic-blogissa julkaisemme realistista, hy\u00f6dyllist\u00e4 ja vastuullista sis\u00e4lt\u00f6\u00e4 sugar datingista t\u00e4ysi-ik\u00e4isten (18+) v\u00e4lill\u00e4.Emme lupaa nopeita tuloksia tai idealisoituja kokemuksia: emme myy ajatusta \u201cl\u00f6yd\u00e4t miljon\u00e4\u00e4rin kahdessa p\u00e4iv\u00e4ss\u00e4\u201d.Panostamme terveisiin odotuksiin, k\u00e4rsiv\u00e4llisyyteen, turvallisuuteen ja kunnioitukseen. Kenelle kirjoitamme Mit\u00e4 julkaisemme Mit\u00e4 emme julkaise Tyyli ja toimitukselliset standardit L\u00e4hteet, tarkistus ja korjaukset Toimituksellinen riippumattomuus ja rahoitus Kuvat, tapaukset ja yksityisyys Rajat ... Read more\" \/>\n<meta property=\"og:url\" content=\"https:\/\/sugardaddynordic.com\/lv\/publicesanas-standarti\/\" \/>\n<meta property=\"og:site_name\" content=\"Sugar Daddy Nordic \u00ae\" \/>\n<meta property=\"article:modified_time\" content=\"2025-10-26T06:21:24+00:00\" \/>\n<meta property=\"og:image\" content=\"https:\/\/sugardaddynordic.com\/wp-content\/uploads\/2025\/10\/Logo-Sugar-Daddy-Nordic.png\" \/>\n\t<meta property=\"og:image:width\" content=\"1024\" \/>\n\t<meta property=\"og:image:height\" content=\"1024\" \/>\n\t<meta property=\"og:image:type\" content=\"image\/png\" \/>\n<meta name=\"twitter:card\" content=\"summary_large_image\" \/>\n<meta name=\"twitter:label1\" content=\"Est. reading time\" \/>\n\t<meta name=\"twitter:data1\" content=\"2 min\u016btes\" \/>\n<script type=\"application\/ld+json\" class=\"yoast-schema-graph\">{\"@context\":\"https:\\\/\\\/schema.org\",\"@graph\":[{\"@type\":\"WebPage\",\"@id\":\"https:\\\/\\\/sugardaddynordic.com\\\/julkaisustandardit\\\/\",\"url\":\"https:\\\/\\\/sugardaddynordic.com\\\/julkaisustandardit\\\/\",\"name\":\"Julkaisustandardit\",\"isPartOf\":{\"@id\":\"https:\\\/\\\/sugardaddynordic.com\\\/#website\"},\"datePublished\":\"2025-08-28T08:08:54+00:00\",\"dateModified\":\"2025-10-26T06:21:24+00:00\",\"breadcrumb\":{\"@id\":\"https:\\\/\\\/sugardaddynordic.com\\\/julkaisustandardit\\\/#breadcrumb\"},\"inLanguage\":\"lv-LV\",\"potentialAction\":[{\"@type\":\"ReadAction\",\"target\":[\"https:\\\/\\\/sugardaddynordic.com\\\/julkaisustandardit\\\/\"]}]},{\"@type\":\"BreadcrumbList\",\"@id\":\"https:\\\/\\\/sugardaddynordic.com\\\/julkaisustandardit\\\/#breadcrumb\",\"itemListElement\":[{\"@type\":\"ListItem\",\"position\":1,\"name\":\"Home\",\"item\":\"https:\\\/\\\/sugardaddynordic.com\\\/\"},{\"@type\":\"ListItem\",\"position\":2,\"name\":\"Julkaisustandardit\"}]},{\"@type\":\"WebSite\",\"@id\":\"https:\\\/\\\/sugardaddynordic.com\\\/#website\",\"url\":\"https:\\\/\\\/sugardaddynordic.com\\\/\",\"name\":\"Sugar Daddy Nordic\",\"description\":\"\",\"publisher\":{\"@id\":\"https:\\\/\\\/sugardaddynordic.com\\\/#organization\"},\"alternateName\":\"Sugar Daddy Nordic powered by Sugar Daddy Planet\",\"potentialAction\":[{\"@type\":\"SearchAction\",\"target\":{\"@type\":\"EntryPoint\",\"urlTemplate\":\"https:\\\/\\\/sugardaddynordic.com\\\/?s={search_term_string}\"},\"query-input\":{\"@type\":\"PropertyValueSpecification\",\"valueRequired\":true,\"valueName\":\"search_term_string\"}}],\"inLanguage\":\"lv-LV\"},{\"@type\":[\"Organization\",\"DatingService\"],\"@id\":\"https:\\\/\\\/sugardaddynordic.com\\\/#organization\",\"name\":\"Sugar Daddy Nordic\",\"url\":\"https:\\\/\\\/sugardaddynordic.com\\\/\",\"logo\":{\"@type\":\"ImageObject\",\"inLanguage\":\"lv-LV\",\"@id\":\"https:\\\/\\\/sugardaddynordic.com\\\/#\\\/schema\\\/logo\\\/image\\\/\",\"url\":\"https:\\\/\\\/sugardaddynordic.com\\\/wp-content\\\/uploads\\\/2025\\\/10\\\/cropped-Logo-Sugar-Daddy-Nordic.png\",\"contentUrl\":\"https:\\\/\\\/sugardaddynordic.com\\\/wp-content\\\/uploads\\\/2025\\\/10\\\/cropped-Logo-Sugar-Daddy-Nordic.png\",\"width\":1022,\"height\":323,\"caption\":\"Sugar Daddy Nordic\"},\"image\":{\"@id\":\"https:\\\/\\\/sugardaddynordic.com\\\/#\\\/schema\\\/logo\\\/image\\\/\"},\"serviceType\":\"Dating Service\",\"category\":\"Dating\",\"publishingPrinciples\":\"https:\\\/\\\/sugardaddynordic.com\\\/julkaisustandardit\\\/\",\"ownershipFundingInfo\":\"https:\\\/\\\/sugardaddynordic.com\\\/rahoitus\\\/\",\"actionableFeedbackPolicy\":\"https:\\\/\\\/sugardaddynordic.com\\\/korjauskaytanto\\\/\",\"correctionsPolicy\":\"https:\\\/\\\/sugardaddynordic.com\\\/korjauskaytanto\\\/\",\"ethicsPolicy\":\"https:\\\/\\\/sugardaddynordic.com\\\/eettinen-politiikka\\\/\",\"diversityPolicy\":\"https:\\\/\\\/sugardaddynordic.com\\\/monimuotoisuus\\\/\",\"diversityStaffingReport\":\"https:\\\/\\\/sugardaddynordic.com\\\/yhteistyo\\\/\"}]}<\/script>\n<!-- \/ Yoast SEO Premium plugin. -->","yoast_head_json":{"title":"Publik\u0101ciju standarti","robots":{"index":"index","follow":"follow","max-snippet":"max-snippet:-1","max-image-preview":"max-image-preview:large","max-video-preview":"max-video-preview:-1"},"canonical":"https:\/\/sugardaddynordic.com\/lv\/publicesanas-standarti\/","og_locale":"lv_LV","og_type":"article","og_title":"Julkaisustandardit","og_description":"SugarDaddyNordic-blogissa julkaisemme realistista, hy\u00f6dyllist\u00e4 ja vastuullista sis\u00e4lt\u00f6\u00e4 sugar datingista t\u00e4ysi-ik\u00e4isten (18+) v\u00e4lill\u00e4.Emme lupaa nopeita tuloksia tai idealisoituja kokemuksia: emme myy ajatusta \u201cl\u00f6yd\u00e4t miljon\u00e4\u00e4rin kahdessa p\u00e4iv\u00e4ss\u00e4\u201d.Panostamme terveisiin odotuksiin, k\u00e4rsiv\u00e4llisyyteen, turvallisuuteen ja kunnioitukseen. Kenelle kirjoitamme Mit\u00e4 julkaisemme Mit\u00e4 emme julkaise Tyyli ja toimitukselliset standardit L\u00e4hteet, tarkistus ja korjaukset Toimituksellinen riippumattomuus ja rahoitus Kuvat, tapaukset ja yksityisyys Rajat ... Read more","og_url":"https:\/\/sugardaddynordic.com\/lv\/publicesanas-standarti\/","og_site_name":"Sugar Daddy Nordic \u00ae","article_modified_time":"2025-10-26T06:21:24+00:00","og_image":[{"width":1024,"height":1024,"url":"https:\/\/sugardaddynordic.com\/wp-content\/uploads\/2025\/10\/Logo-Sugar-Daddy-Nordic.png","type":"image\/png"}],"twitter_card":"summary_large_image","twitter_misc":{"Est. reading time":"2 min\u016btes"},"schema":{"@context":"https:\/\/schema.org","@graph":[{"@type":"WebPage","@id":"https:\/\/sugardaddynordic.com\/julkaisustandardit\/","url":"https:\/\/sugardaddynordic.com\/julkaisustandardit\/","name":"Publik\u0101ciju standarti","isPartOf":{"@id":"https:\/\/sugardaddynordic.com\/#website"},"datePublished":"2025-08-28T08:08:54+00:00","dateModified":"2025-10-26T06:21:24+00:00","breadcrumb":{"@id":"https:\/\/sugardaddynordic.com\/julkaisustandardit\/#breadcrumb"},"inLanguage":"lv-LV","potentialAction":[{"@type":"ReadAction","target":["https:\/\/sugardaddynordic.com\/julkaisustandardit\/"]}]},{"@type":"BreadcrumbList","@id":"https:\/\/sugardaddynordic.com\/julkaisustandardit\/#breadcrumb","itemListElement":[{"@type":"ListItem","position":1,"name":"Home","item":"https:\/\/sugardaddynordic.com\/"},{"@type":"ListItem","position":2,"name":"Julkaisustandardit"}]},{"@type":"WebSite","@id":"https:\/\/sugardaddynordic.com\/#website","url":"https:\/\/sugardaddynordic.com\/","name":"sugar daddy Nordic","description":"","publisher":{"@id":"https:\/\/sugardaddynordic.com\/#organization"},"alternateName":"Sugar Daddy Nordic powered by Sugar Daddy Planet","potentialAction":[{"@type":"SearchAction","target":{"@type":"EntryPoint","urlTemplate":"https:\/\/sugardaddynordic.com\/?s={search_term_string}"},"query-input":{"@type":"PropertyValueSpecification","valueRequired":true,"valueName":"search_term_string"}}],"inLanguage":"lv-LV"},{"@type":["Organization","DatingService"],"@id":"https:\/\/sugardaddynordic.com\/#organization","name":"sugar daddy Nordic","url":"https:\/\/sugardaddynordic.com\/","logo":{"@type":"ImageObject","inLanguage":"lv-LV","@id":"https:\/\/sugardaddynordic.com\/#\/schema\/logo\/image\/","url":"https:\/\/sugardaddynordic.com\/wp-content\/uploads\/2025\/10\/cropped-Logo-Sugar-Daddy-Nordic.png","contentUrl":"https:\/\/sugardaddynordic.com\/wp-content\/uploads\/2025\/10\/cropped-Logo-Sugar-Daddy-Nordic.png","width":1022,"height":323,"caption":"Sugar Daddy Nordic"},"image":{"@id":"https:\/\/sugardaddynordic.com\/#\/schema\/logo\/image\/"},"serviceType":"Dating Service","category":"Dating","publishingPrinciples":"https:\/\/sugardaddynordic.com\/julkaisustandardit\/","ownershipFundingInfo":"https:\/\/sugardaddynordic.com\/rahoitus\/","actionableFeedbackPolicy":"https:\/\/sugardaddynordic.com\/korjauskaytanto\/","correctionsPolicy":"https:\/\/sugardaddynordic.com\/korjauskaytanto\/","ethicsPolicy":"https:\/\/sugardaddynordic.com\/eettinen-politiikka\/","diversityPolicy":"https:\/\/sugardaddynordic.com\/monimuotoisuus\/","diversityStaffingReport":"https:\/\/sugardaddynordic.com\/yhteistyo\/"}]}},"_links":{"self":[{"href":"https:\/\/sugardaddynordic.com\/lv\/wp-json\/wp\/v2\/pages\/13443","targetHints":{"allow":["GET"]}}],"collection":[{"href":"https:\/\/sugardaddynordic.com\/lv\/wp-json\/wp\/v2\/pages"}],"about":[{"href":"https:\/\/sugardaddynordic.com\/lv\/wp-json\/wp\/v2\/types\/page"}],"author":[{"embeddable":true,"href":"https:\/\/sugardaddynordic.com\/lv\/wp-json\/wp\/v2\/users\/1"}],"replies":[{"embeddable":true,"href":"https:\/\/sugardaddynordic.com\/lv\/wp-json\/wp\/v2\/comments?post=13443"}],"version-history":[{"count":0,"href":"https:\/\/sugardaddynordic.com\/lv\/wp-json\/wp\/v2\/pages\/13443\/revisions"}],"wp:attachment":[{"href":"https:\/\/sugardaddynordic.com\/lv\/wp-json\/wp\/v2\/media?parent=13443"}],"curies":[{"name":"wp","href":"https:\/\/api.w.org\/{rel}","templated":true}]}}