{"id":2080,"date":"2018-12-24T11:18:13","date_gmt":"2018-12-24T11:18:13","guid":{"rendered":"https:\/\/sugardaddynordic.com\/?page_id=2080"},"modified":"2025-10-26T08:24:57","modified_gmt":"2025-10-26T06:24:57","slug":"sazinaties-ar","status":"publish","type":"page","link":"https:\/\/sugardaddynordic.com\/lv\/contact\/","title":{"rendered":"Contato"},"content":{"rendered":"<div class=\"wp-block-contact-form-7-contact-form-selector\">\n<div class=\"wpcf7 no-js\" id=\"wpcf7-f4108-o1\" lang=\"pt-PT\" dir=\"ltr\" data-wpcf7-id=\"4108\">\n<div class=\"screen-reader-response\"><p role=\"status\" aria-live=\"polite\" aria-atomic=\"true\"><\/p> <ul><\/ul><\/div>\n<form action=\"\/lv\/wp-json\/wp\/v2\/pages\/2080#wpcf7-f4108-o1\" method=\"post\" class=\"wpcf7-form init\" aria-label=\"Formul\u00e1rio de contacto\" novalidate=\"novalidate\" data-status=\"init\" data-trp-original-action=\"\/lv\/wp-json\/wp\/v2\/pages\/2080#wpcf7-f4108-o1\">\n<fieldset class=\"hidden-fields-container\"><input type=\"hidden\" name=\"_wpcf7\" value=\"4108\" \/><input type=\"hidden\" name=\"_wpcf7_version\" value=\"6.1.5\" \/><input type=\"hidden\" name=\"_wpcf7_locale\" value=\"pt_PT\" \/><input type=\"hidden\" name=\"_wpcf7_unit_tag\" value=\"wpcf7-f4108-o1\" \/><input type=\"hidden\" name=\"_wpcf7_container_post\" value=\"0\" \/><input type=\"hidden\" name=\"_wpcf7_posted_data_hash\" value=\"\" \/><input type=\"hidden\" name=\"_wpcf7_recaptcha_response\" value=\"\" \/>\n<\/fieldset>\n<p><label> J\u016bsu v\u0101rds<br \/>\n<span class=\"wpcf7-form-control-wrap\" data-name=\"your-name\"><input size=\"40\" maxlength=\"400\" class=\"wpcf7-form-control wpcf7-text wpcf7-validates-as-required\" aria-required=\"true\" aria-invalid=\"false\" value=\"\" type=\"text\" name=\"your-name\" \/><\/span> <\/label>\n<\/p>\n<p><label> J\u016bsu e-pasta adrese<br \/>\n<span class=\"wpcf7-form-control-wrap\" data-name=\"your-email\"><input size=\"40\" maxlength=\"400\" class=\"wpcf7-form-control wpcf7-email wpcf7-validates-as-required wpcf7-text wpcf7-validates-as-email\" aria-required=\"true\" aria-invalid=\"false\" value=\"\" type=\"email\" name=\"your-email\" \/><\/span> <\/label>\n<\/p>\n<p><label> Temats<br \/>\n<span class=\"wpcf7-form-control-wrap\" data-name=\"your-subject\"><input size=\"40\" maxlength=\"400\" class=\"wpcf7-form-control wpcf7-text wpcf7-validates-as-required\" aria-required=\"true\" aria-invalid=\"false\" value=\"\" type=\"text\" name=\"your-subject\" \/><\/span> <\/label>\n<\/p>\n<p><label> J\u016bsu zi\u0146a (p\u0113c izv\u0113les)<br \/>\n<span class=\"wpcf7-form-control-wrap\" data-name=\"your-message\"><textarea cols=\"40\" rows=\"10\" maxlength=\"2000\" class=\"wpcf7-form-control wpcf7-textarea\" aria-invalid=\"false\" name=\"your-message\"><\/textarea><\/span> <\/label>\n<\/p>\n<p><input class=\"wpcf7-form-control wpcf7-submit has-spinner\" type=\"submit\" value=\"Iesniegt\" \/>\n<\/p><div class=\"wpcf7-response-output\" aria-hidden=\"true\"><\/div>\n<input type=\"hidden\" name=\"trp-form-language\" value=\"lv\"\/><\/form>\n<\/div>\n<\/div>\n\n\n\n<p>Jebkura inform\u0101cija, ar kuru j\u016bs dal\u0101ties ar sugardaddynordic, izmantojot e-pastu vai kontaktformu, ir piln\u012bgi konfidenci\u0101la. J\u016bsu inform\u0101cija tiks glab\u0101ta Gmail datub\u0101z\u0113s, izmantojot Google ASV sniegto e-pasta pakalpojumu t\u012bmek\u013ca vietnes \u012bpa\u0161niekam. Galu gal\u0101 j\u016bsu datus var apstr\u0101d\u0101t ar\u012b OVH datub\u0101ze, kas ir m\u016bsu pakalpojumu sniedz\u0113js. Vair\u0101k par datu p\u0101rzini un to, k\u0101 m\u0113s apstr\u0101d\u0101jam j\u016bsu personas datus, varat izlas\u012bt m\u016bsu konfidencialit\u0101tes politik\u0101.<\/p>\n\n\n\n<p>info@sugardaddynordic.com<\/p>","protected":false},"excerpt":{"rendered":"<p>Jebkura inform\u0101cija, ar kuru j\u016bs dal\u0101ties ar sugardaddynordic, izmantojot e-pastu vai kontaktformu, ir piln\u012bgi konfidenci\u0101la. J\u016bsu inform\u0101cija tiks glab\u0101ta Gmail datub\u0101z\u0113s, izmantojot Google ASV sniegto e-pasta pakalpojumu t\u012bmek\u013ca vietnes \u012bpa\u0161niekam. Galu gal\u0101 j\u016bsu datus var apstr\u0101d\u0101t ar\u012b OVH datub\u0101ze, kas ir m\u016bsu pakalpojumu sniedz\u0113js. Vair\u0101k par datu apstr\u0101d\u0101t\u0101ju un to, k\u0101 m\u0113s apstr\u0101d\u0101jam personas datus, varat izlas\u012bt m\u016bsu konfidencialit\u0101tes politik\u0101. info@sugardaddynordic.com.<\/p>","protected":false},"author":1,"featured_media":0,"parent":0,"menu_order":0,"comment_status":"closed","ping_status":"closed","template":"","meta":{"generate_page_header":"","footnotes":""},"class_list":{"0":"post-2080","1":"page","2":"type-page","3":"status-publish","5":"infinite-scroll-item"},"featured_image_urls":{"full":"","thumbnail":"","medium":"","medium_large":"","large":"","1536x1536":"","2048x2048":"","trp-custom-language-flag":"","crp_thumbnail":""},"post_excerpt_stackable":"<p>Sinun nimesi S\u00e4hk\u00f6postisi Aihe Viestisi (valinnainen) Tiedot, jotka jaat sugardaddynordic s\u00e4hk\u00f6postitse tai yhteydenottolomakkeella, ovat t\u00e4ysin luottamuksellisia.&nbsp;Tietosi tallennetaan Gmail-tietokantoihin s\u00e4hk\u00f6postipalvelun kautta, jonka Google USA tarjoaa verkkosivuston omistajalle.&nbsp;Lopulta tietojasi voidaan k\u00e4sitell\u00e4 my\u00f6s OVH:n tietokannassa, joka on palveluntarjoajamme.&nbsp;Voit lukea lis\u00e4\u00e4 rekisterinpit\u00e4j\u00e4st\u00e4 ja siit\u00e4, miten k\u00e4sittelemme henkil\u00f6tietojamme tietosuojaselosteestamme. info@sugardaddynordic.com<\/p>\n","category_list":"","author_info":{"name":"Administrators no SugarDaddySuomi","url":"https:\/\/sugardaddynordic.com\/lv\/author\/poweb\/"},"comments_num":"0 comments","featured_image_urls_v2":{"full":"","thumbnail":"","medium":"","medium_large":"","large":"","1536x1536":"","2048x2048":"","trp-custom-language-flag":"","crp_thumbnail":""},"post_excerpt_stackable_v2":"<p>Sinun nimesi S\u00e4hk\u00f6postisi Aihe Viestisi (valinnainen) Tiedot, jotka jaat sugardaddynordic s\u00e4hk\u00f6postitse tai yhteydenottolomakkeella, ovat t\u00e4ysin luottamuksellisia.&nbsp;Tietosi tallennetaan Gmail-tietokantoihin s\u00e4hk\u00f6postipalvelun kautta, jonka Google USA tarjoaa verkkosivuston omistajalle.&nbsp;Lopulta tietojasi voidaan k\u00e4sitell\u00e4 my\u00f6s OVH:n tietokannassa, joka on palveluntarjoajamme.&nbsp;Voit lukea lis\u00e4\u00e4 rekisterinpit\u00e4j\u00e4st\u00e4 ja siit\u00e4, miten k\u00e4sittelemme henkil\u00f6tietojamme tietosuojaselosteestamme. info@sugardaddynordic.com<\/p>\n","category_list_v2":"","author_info_v2":{"name":"Administrators no SugarDaddySuomi","url":"https:\/\/sugardaddynordic.com\/lv\/author\/poweb\/"},"comments_num_v2":"0 comments","yoast_head":"<!-- This site is optimized with the Yoast SEO Premium plugin v26.0 (Yoast SEO v27.3) - https:\/\/yoast.com\/product\/yoast-seo-premium-wordpress\/ -->\n<title>Contato<\/title>\n<meta name=\"robots\" content=\"index, follow, max-snippet:-1, max-image-preview:large, max-video-preview:-1\" \/>\n<link rel=\"canonical\" href=\"https:\/\/sugardaddynordic.com\/lv\/sazinaties-ar\/\" \/>\n<meta property=\"og:locale\" content=\"lv_LV\" \/>\n<meta property=\"og:type\" content=\"article\" \/>\n<meta property=\"og:title\" content=\"Contato\" \/>\n<meta property=\"og:description\" content=\"Tiedot, jotka jaat sugardaddynordic s\u00e4hk\u00f6postitse tai yhteydenottolomakkeella, ovat t\u00e4ysin luottamuksellisia.&nbsp;Tietosi tallennetaan Gmail-tietokantoihin s\u00e4hk\u00f6postipalvelun kautta, jonka Google USA tarjoaa verkkosivuston omistajalle.&nbsp;Lopulta tietojasi voidaan k\u00e4sitell\u00e4 my\u00f6s OVH:n tietokannassa, joka on palveluntarjoajamme.&nbsp;Voit lukea lis\u00e4\u00e4 rekisterinpit\u00e4j\u00e4st\u00e4 ja siit\u00e4, miten k\u00e4sittelemme henkil\u00f6tietojamme tietosuojaselosteestamme. info@sugardaddynordic.com\" \/>\n<meta property=\"og:url\" content=\"https:\/\/sugardaddynordic.com\/lv\/sazinaties-ar\/\" \/>\n<meta property=\"og:site_name\" content=\"Sugar Daddy Nordic \u00ae\" \/>\n<meta property=\"article:modified_time\" content=\"2025-10-26T06:24:57+00:00\" \/>\n<meta property=\"og:image\" content=\"https:\/\/sugardaddynordic.com\/wp-content\/uploads\/2025\/10\/Logo-Sugar-Daddy-Nordic.png\" \/>\n\t<meta property=\"og:image:width\" content=\"1024\" \/>\n\t<meta property=\"og:image:height\" content=\"1024\" \/>\n\t<meta property=\"og:image:type\" content=\"image\/png\" \/>\n<meta name=\"twitter:card\" content=\"summary_large_image\" \/>\n<meta name=\"twitter:label1\" content=\"Est. reading time\" \/>\n\t<meta name=\"twitter:data1\" content=\"1 min\u016bte\" \/>\n<script type=\"application\/ld+json\" class=\"yoast-schema-graph\">{\"@context\":\"https:\\\/\\\/schema.org\",\"@graph\":[{\"@type\":\"WebPage\",\"@id\":\"https:\\\/\\\/sugardaddynordic.com\\\/contact\\\/\",\"url\":\"https:\\\/\\\/sugardaddynordic.com\\\/contact\\\/\",\"name\":\"Contato\",\"isPartOf\":{\"@id\":\"https:\\\/\\\/sugardaddynordic.com\\\/#website\"},\"datePublished\":\"2018-12-24T11:18:13+00:00\",\"dateModified\":\"2025-10-26T06:24:57+00:00\",\"breadcrumb\":{\"@id\":\"https:\\\/\\\/sugardaddynordic.com\\\/contact\\\/#breadcrumb\"},\"inLanguage\":\"lv-LV\",\"potentialAction\":[{\"@type\":\"ReadAction\",\"target\":[\"https:\\\/\\\/sugardaddynordic.com\\\/contact\\\/\"]}]},{\"@type\":\"BreadcrumbList\",\"@id\":\"https:\\\/\\\/sugardaddynordic.com\\\/contact\\\/#breadcrumb\",\"itemListElement\":[{\"@type\":\"ListItem\",\"position\":1,\"name\":\"Home\",\"item\":\"https:\\\/\\\/sugardaddynordic.com\\\/\"},{\"@type\":\"ListItem\",\"position\":2,\"name\":\"Contato\"}]},{\"@type\":\"WebSite\",\"@id\":\"https:\\\/\\\/sugardaddynordic.com\\\/#website\",\"url\":\"https:\\\/\\\/sugardaddynordic.com\\\/\",\"name\":\"Sugar Daddy Nordic\",\"description\":\"\",\"publisher\":{\"@id\":\"https:\\\/\\\/sugardaddynordic.com\\\/#organization\"},\"alternateName\":\"Sugar Daddy Nordic powered by Sugar Daddy Planet\",\"potentialAction\":[{\"@type\":\"SearchAction\",\"target\":{\"@type\":\"EntryPoint\",\"urlTemplate\":\"https:\\\/\\\/sugardaddynordic.com\\\/?s={search_term_string}\"},\"query-input\":{\"@type\":\"PropertyValueSpecification\",\"valueRequired\":true,\"valueName\":\"search_term_string\"}}],\"inLanguage\":\"lv-LV\"},{\"@type\":[\"Organization\",\"DatingService\"],\"@id\":\"https:\\\/\\\/sugardaddynordic.com\\\/#organization\",\"name\":\"Sugar Daddy Nordic\",\"url\":\"https:\\\/\\\/sugardaddynordic.com\\\/\",\"logo\":{\"@type\":\"ImageObject\",\"inLanguage\":\"lv-LV\",\"@id\":\"https:\\\/\\\/sugardaddynordic.com\\\/#\\\/schema\\\/logo\\\/image\\\/\",\"url\":\"https:\\\/\\\/sugardaddynordic.com\\\/wp-content\\\/uploads\\\/2025\\\/10\\\/cropped-Logo-Sugar-Daddy-Nordic.png\",\"contentUrl\":\"https:\\\/\\\/sugardaddynordic.com\\\/wp-content\\\/uploads\\\/2025\\\/10\\\/cropped-Logo-Sugar-Daddy-Nordic.png\",\"width\":1022,\"height\":323,\"caption\":\"Sugar Daddy Nordic\"},\"image\":{\"@id\":\"https:\\\/\\\/sugardaddynordic.com\\\/#\\\/schema\\\/logo\\\/image\\\/\"},\"serviceType\":\"Dating Service\",\"category\":\"Dating\",\"publishingPrinciples\":\"https:\\\/\\\/sugardaddynordic.com\\\/julkaisustandardit\\\/\",\"ownershipFundingInfo\":\"https:\\\/\\\/sugardaddynordic.com\\\/rahoitus\\\/\",\"actionableFeedbackPolicy\":\"https:\\\/\\\/sugardaddynordic.com\\\/korjauskaytanto\\\/\",\"correctionsPolicy\":\"https:\\\/\\\/sugardaddynordic.com\\\/korjauskaytanto\\\/\",\"ethicsPolicy\":\"https:\\\/\\\/sugardaddynordic.com\\\/eettinen-politiikka\\\/\",\"diversityPolicy\":\"https:\\\/\\\/sugardaddynordic.com\\\/monimuotoisuus\\\/\",\"diversityStaffingReport\":\"https:\\\/\\\/sugardaddynordic.com\\\/yhteistyo\\\/\"}]}<\/script>\n<!-- \/ Yoast SEO Premium plugin. -->","yoast_head_json":{"title":"Contato","robots":{"index":"index","follow":"follow","max-snippet":"max-snippet:-1","max-image-preview":"max-image-preview:large","max-video-preview":"max-video-preview:-1"},"canonical":"https:\/\/sugardaddynordic.com\/lv\/sazinaties-ar\/","og_locale":"lv_LV","og_type":"article","og_title":"Contato","og_description":"Tiedot, jotka jaat sugardaddynordic s\u00e4hk\u00f6postitse tai yhteydenottolomakkeella, ovat t\u00e4ysin luottamuksellisia.&nbsp;Tietosi tallennetaan Gmail-tietokantoihin s\u00e4hk\u00f6postipalvelun kautta, jonka Google USA tarjoaa verkkosivuston omistajalle.&nbsp;Lopulta tietojasi voidaan k\u00e4sitell\u00e4 my\u00f6s OVH:n tietokannassa, joka on palveluntarjoajamme.&nbsp;Voit lukea lis\u00e4\u00e4 rekisterinpit\u00e4j\u00e4st\u00e4 ja siit\u00e4, miten k\u00e4sittelemme henkil\u00f6tietojamme tietosuojaselosteestamme. info@sugardaddynordic.com","og_url":"https:\/\/sugardaddynordic.com\/lv\/sazinaties-ar\/","og_site_name":"Sugar Daddy Nordic \u00ae","article_modified_time":"2025-10-26T06:24:57+00:00","og_image":[{"width":1024,"height":1024,"url":"https:\/\/sugardaddynordic.com\/wp-content\/uploads\/2025\/10\/Logo-Sugar-Daddy-Nordic.png","type":"image\/png"}],"twitter_card":"summary_large_image","twitter_misc":{"Est. reading time":"1 min\u016bte"},"schema":{"@context":"https:\/\/schema.org","@graph":[{"@type":"WebPage","@id":"https:\/\/sugardaddynordic.com\/contact\/","url":"https:\/\/sugardaddynordic.com\/contact\/","name":"Contato","isPartOf":{"@id":"https:\/\/sugardaddynordic.com\/#website"},"datePublished":"2018-12-24T11:18:13+00:00","dateModified":"2025-10-26T06:24:57+00:00","breadcrumb":{"@id":"https:\/\/sugardaddynordic.com\/contact\/#breadcrumb"},"inLanguage":"lv-LV","potentialAction":[{"@type":"ReadAction","target":["https:\/\/sugardaddynordic.com\/contact\/"]}]},{"@type":"BreadcrumbList","@id":"https:\/\/sugardaddynordic.com\/contact\/#breadcrumb","itemListElement":[{"@type":"ListItem","position":1,"name":"Home","item":"https:\/\/sugardaddynordic.com\/"},{"@type":"ListItem","position":2,"name":"Contato"}]},{"@type":"WebSite","@id":"https:\/\/sugardaddynordic.com\/#website","url":"https:\/\/sugardaddynordic.com\/","name":"sugar daddy Nordic","description":"","publisher":{"@id":"https:\/\/sugardaddynordic.com\/#organization"},"alternateName":"Sugar Daddy Nordic powered by Sugar Daddy Planet","potentialAction":[{"@type":"SearchAction","target":{"@type":"EntryPoint","urlTemplate":"https:\/\/sugardaddynordic.com\/?s={search_term_string}"},"query-input":{"@type":"PropertyValueSpecification","valueRequired":true,"valueName":"search_term_string"}}],"inLanguage":"lv-LV"},{"@type":["Organization","DatingService"],"@id":"https:\/\/sugardaddynordic.com\/#organization","name":"sugar daddy Nordic","url":"https:\/\/sugardaddynordic.com\/","logo":{"@type":"ImageObject","inLanguage":"lv-LV","@id":"https:\/\/sugardaddynordic.com\/#\/schema\/logo\/image\/","url":"https:\/\/sugardaddynordic.com\/wp-content\/uploads\/2025\/10\/cropped-Logo-Sugar-Daddy-Nordic.png","contentUrl":"https:\/\/sugardaddynordic.com\/wp-content\/uploads\/2025\/10\/cropped-Logo-Sugar-Daddy-Nordic.png","width":1022,"height":323,"caption":"Sugar Daddy Nordic"},"image":{"@id":"https:\/\/sugardaddynordic.com\/#\/schema\/logo\/image\/"},"serviceType":"Dating Service","category":"Dating","publishingPrinciples":"https:\/\/sugardaddynordic.com\/julkaisustandardit\/","ownershipFundingInfo":"https:\/\/sugardaddynordic.com\/rahoitus\/","actionableFeedbackPolicy":"https:\/\/sugardaddynordic.com\/korjauskaytanto\/","correctionsPolicy":"https:\/\/sugardaddynordic.com\/korjauskaytanto\/","ethicsPolicy":"https:\/\/sugardaddynordic.com\/eettinen-politiikka\/","diversityPolicy":"https:\/\/sugardaddynordic.com\/monimuotoisuus\/","diversityStaffingReport":"https:\/\/sugardaddynordic.com\/yhteistyo\/"}]}},"_links":{"self":[{"href":"https:\/\/sugardaddynordic.com\/lv\/wp-json\/wp\/v2\/pages\/2080","targetHints":{"allow":["GET"]}}],"collection":[{"href":"https:\/\/sugardaddynordic.com\/lv\/wp-json\/wp\/v2\/pages"}],"about":[{"href":"https:\/\/sugardaddynordic.com\/lv\/wp-json\/wp\/v2\/types\/page"}],"author":[{"embeddable":true,"href":"https:\/\/sugardaddynordic.com\/lv\/wp-json\/wp\/v2\/users\/1"}],"replies":[{"embeddable":true,"href":"https:\/\/sugardaddynordic.com\/lv\/wp-json\/wp\/v2\/comments?post=2080"}],"version-history":[{"count":0,"href":"https:\/\/sugardaddynordic.com\/lv\/wp-json\/wp\/v2\/pages\/2080\/revisions"}],"wp:attachment":[{"href":"https:\/\/sugardaddynordic.com\/lv\/wp-json\/wp\/v2\/media?parent=2080"}],"curies":[{"name":"wp","href":"https:\/\/api.w.org\/{rel}","templated":true}]}}