{"id":6189,"date":"2024-12-29T12:04:49","date_gmt":"2024-12-29T10:04:49","guid":{"rendered":"https:\/\/sugardaddynordic.com\/?page_id=6189"},"modified":"2025-10-26T08:18:55","modified_gmt":"2025-10-26T06:18:55","slug":"par-mums","status":"publish","type":"page","link":"https:\/\/sugardaddynordic.com\/lv\/meista\/","title":{"rendered":"Par mums"},"content":{"rendered":"<p><a href=\"https:\/\/sugardaddynordic.com\/lv\/\"><strong>Sugar daddy <\/strong>Nordic <\/a>rad\u0101s 2024. gad\u0101, kad rad\u0101s nepiecie\u0161am\u012bba izveidot iepaz\u012b\u0161an\u0101s platformu, kas pied\u0101v\u0101tu 100 % kontaktus Somij\u0101. Pateicoties vienk\u0101r\u0161ai re\u0123istr\u0101cijas sist\u0113mai, 100 % somu kopienai un jaud\u012bgai surog\u0101tpasta izseko\u0161anas sist\u0113mai, mums izdev\u0101s nodro\u0161in\u0101t lietot\u0101jiem unik\u0101lu pieredzi, kur\u0101 vi\u0146i var viegli atrast kontaktus sev tuvum\u0101.<\/p>\n\n\n\n<h2 class=\"wp-block-heading has-text-align-center\" id=\"h-arvomme\">M\u0113s \u0146emam no<\/h2>\n\n\n\n<div class=\"wp-block-stackable-columns stk-block-columns stk-block stk-e919e6d\" data-block-id=\"e919e6d\"><div class=\"stk-row stk-inner-blocks stk-block-content stk-content-align stk-e919e6d-column\">\n<div class=\"wp-block-stackable-column stk-block-column stk-column stk-block stk-2bc28d4\" data-v=\"4\" data-block-id=\"2bc28d4\"><div class=\"stk-column-wrapper stk-block-column__content stk-container stk-2bc28d4-container stk--no-background stk--no-padding\"><div class=\"stk-block-content stk-inner-blocks stk-2bc28d4-inner-blocks\">\n<h3 class=\"wp-block-heading\" id=\"h-turvallisuus\">Dro\u0161\u012bba:<\/h3>\n\n\n\n<p>M\u0113s nodro\u0161in\u0101m vislab\u0101ko iesp\u0113jamo datu aizsardz\u012bbu sav\u0101s vietn\u0113s saska\u0146\u0101 ar GDPR noteikumiem.<\/p>\n\n\n\n<p>M\u0113s izvair\u0101mies no surog\u0101tpasta, viltotiem profiliem vai cita veida kr\u0101p\u0161anas. M\u0113s veicin\u0101m<a href=\"https:\/\/sugardaddynordic.com\/lv\/drosas-iepazisanas\/\"> dro\u0161a tie\u0161saistes san\u0101ksme <\/a>gan \u0161aj\u0101 platform\u0101, gan digit\u0101laj\u0101 pasaul\u0113 kopum\u0101.<\/p>\n\n\n\n<h3 class=\"wp-block-heading\" id=\"h-koulutus\">Izgl\u012bt\u012bba:<\/h3>\n\n\n\n<p>M\u0113s izskaidrojam, populariz\u0113jam un izplat\u0101m re\u0101lus sugar sugardating - <a href=\"https:\/\/sugardaddynordic.com\/lv\/#sugar-daddy\">sugar daddy<\/a> - <a href=\"https:\/\/sugardaddynordic.com\/lv\/#sugar-baby\">sugar baby<\/a> -kult\u016bru, lai lietot\u0101ji prec\u012bzi saprastu, kas ir \u0161ie j\u0113dzieni.<\/p>\n\n\n\n<p>M\u0113s aicin\u0101m j\u016bs uz sugardating raudz\u012bties k\u0101 uz veidu, k\u0101 izklaid\u0113ties, papla\u0161in\u0101t savu soci\u0101lo loku un uzlabot dz\u012bves kvalit\u0101ti, izmantojot \u0161o attiec\u012bbu priek\u0161roc\u012bbas.<\/p>\n<\/div><\/div><\/div>\n\n\n\n<div class=\"wp-block-stackable-column stk-block-column stk-column stk-block stk-b7cfe73\" data-v=\"4\" data-block-id=\"b7cfe73\"><div class=\"stk-column-wrapper stk-block-column__content stk-container stk-b7cfe73-container stk--no-background stk--no-padding\"><div class=\"stk-block-content stk-inner-blocks stk-b7cfe73-inner-blocks\">\n<h3 class=\"wp-block-heading\" id=\"h-luottamus\">Uztic\u012bba:<\/h3>\n\n\n\n<p>M\u0113s pied\u0101v\u0101jam lietot\u0101jiem visas sazi\u0146as iesp\u0113jas un atbildam uz visiem jaut\u0101jumiem p\u0101rredzam\u0101 un draudz\u012bg\u0101 veid\u0101.<\/p>\n\n\n\n<p>Mums ir ar\u012b <a href=\"https:\/\/sugardaddynordic.com\/lv\/instrukcijas-un-faq\/\">pal\u012bdz\u012bbas dienests<\/a>, kur varat izlas\u012bt bie\u017e\u0101k uzdotos jaut\u0101jumus vai rakst\u012bt mums, ja jums nepiecie\u0161ama pal\u012bdz\u012bba.<\/p>\n\n\n\n<h3 class=\"wp-block-heading\" id=\"h-lapinakyvyys\">P\u0101rredzam\u012bba:<\/h3>\n\n\n\n<p>M\u016bsu maks\u0101jumu sist\u0113ma un <a href=\"https:\/\/sugardaddynordic.com\/lv\/datu-aizsardziba-2\/\">datu aizsardz\u012bba<\/a>- un <a href=\"https:\/\/sugardaddynordic.com\/lv\/noteikumi-un-nosacijumi\/\">m\u016bsu l\u012bgumisk\u0101 prakse<\/a> m\u0113s sniedzam visu nepiecie\u0161amo inform\u0101ciju, lai nodro\u0161in\u0101tu, ka lietot\u0101ji piln\u012bb\u0101 izprot pakalpojumu.<\/p>\n\n\n\n<p>Turkl\u0101t lietot\u0101jiem vienm\u0113r ir piek\u013cuve saviem datiem un iesp\u0113ja tos dz\u0113st no sava profila.<\/p>\n<\/div><\/div><\/div>\n<\/div><\/div>\n\n\n\n<h2 class=\"wp-block-heading has-text-align-center\" id=\"h-mika-tekee-meista-erilaisia\">Ar ko m\u0113s at\u0161\u0137iramies?<\/h2>\n\n\n\n<div class=\"wp-block-stackable-columns stk-block-columns stk-block stk-2e975f2\" data-block-id=\"2e975f2\"><div class=\"stk-row stk-inner-blocks stk-block-content stk-content-align stk-2e975f2-column\">\n<div class=\"wp-block-stackable-column stk-block-column stk-column stk-block stk-cfef746\" data-v=\"4\" data-block-id=\"cfef746\"><div class=\"stk-column-wrapper stk-block-column__content stk-container stk-cfef746-container stk--no-background stk--no-padding\"><div class=\"stk-block-content stk-inner-blocks stk-cfef746-inner-blocks\">\n<h3 class=\"wp-block-heading\" id=\"h-paikallinen-yhteiso\">Viet\u0113j\u0101 kopiena:<\/h3>\n\n\n\n<p>100 % Zieme\u013cvalstu kopiena bez trauc\u0113jo\u0161\u0101m zi\u0146\u0101m no \u0101rvalstu surog\u0101tpasta s\u016bt\u012bt\u0101jiem vai botiem, kas \u013cauj viegli satikt sev tuvu eso\u0161us cilv\u0113kus.<\/p>\n<\/div><\/div><\/div>\n\n\n\n<div class=\"wp-block-stackable-column stk-block-column stk-column stk-block stk-1137452\" data-v=\"4\" data-block-id=\"1137452\"><div class=\"stk-column-wrapper stk-block-column__content stk-container stk-1137452-container stk--no-background stk--no-padding\"><div class=\"stk-block-content stk-inner-blocks stk-1137452-inner-blocks\">\n<h3 class=\"wp-block-heading\" id=\"h-harkinnanvaraisuus\">R\u012bc\u012bbas br\u012bv\u012bba:<\/h3>\n\n\n\n<p>Nav uzm\u0101c\u012bgu rekl\u0101mu, past\u0101v\u012bgu akciju vai e-pasta pied\u0101v\u0101jumu - priv\u0101tums ir priorit\u0101te. J\u016bs kontrol\u0113jat rekl\u0101mas un to, k\u0101 t\u0101s tiek izmantotas.<\/p>\n<\/div><\/div><\/div>\n\n\n\n<div class=\"wp-block-stackable-column stk-block-column stk-column stk-block stk-fea043f\" data-v=\"4\" data-block-id=\"fea043f\"><div class=\"stk-column-wrapper stk-block-column__content stk-container stk-fea043f-container stk--no-background stk--no-padding\"><div class=\"stk-block-content stk-inner-blocks stk-fea043f-inner-blocks\">\n<h3 class=\"wp-block-heading\" id=\"h-helppokayttoisyys\">Lieto\u0161anas \u0113rtums:<\/h3>\n\n\n\n<p>Nek\u0101du maksas zi\u0146ojumu vai citu maldino\u0161u sh\u0113mu. Cukurvaboles var t\u0113rz\u0113t bez maksas, un cukurvaboles maks\u0101 tikai ikm\u0113ne\u0161a maksu, kuru var atcelt jebkur\u0101 laik\u0101 bez jebk\u0101d\u0101m saist\u012bb\u0101m.<\/p>\n<\/div><\/div><\/div>\n<\/div><\/div>\n\n\n\n<h2 class=\"wp-block-heading has-text-align-center\" id=\"h-sitoutuminen-yhteisoon\">Sadarb\u012bba ar sabiedr\u012bbu:<\/h2>\n\n\n\n<p>M\u0113s esam ap\u0146\u0113mu\u0161ies r\u016bp\u0113ties par m\u016bsu kopienas labkl\u0101j\u012bbu un dro\u0161\u012bbu. M\u0113s past\u0101v\u012bgi str\u0101d\u0101jam, lai uzlabotu lietot\u0101ju pieredzi un uztur\u0113tu vesel\u012bgu un pozit\u012bvu atmosf\u0113ru kopien\u0101.<\/p>\n\n\n\n<div class=\"wp-block-stackable-columns stk-block-columns stk-block stk-668dc03\" data-block-id=\"668dc03\"><div class=\"stk-row stk-inner-blocks stk-block-content stk-content-align stk-668dc03-column\">\n<div class=\"wp-block-stackable-column stk-block-column stk-column stk-block stk-7f9bcd4\" data-v=\"4\" data-block-id=\"7f9bcd4\"><div class=\"stk-column-wrapper stk-block-column__content stk-container stk-7f9bcd4-container stk--no-background stk--no-padding\"><div class=\"stk-block-content stk-inner-blocks stk-7f9bcd4-inner-blocks\">\n<h3 class=\"wp-block-heading\" id=\"h-palaute-ja-jatkuva-parantaminen\">Atgriezenisk\u0101 saite un nep\u0101rtraukta uzlabo\u0161ana:<\/h3>\n\n\n\n<p>M\u0113s akt\u012bvi uzklaus\u0101m lietot\u0101ju ieteikumus un atsauksmes, kas pal\u012bdz mums nep\u0101rtraukti uzlabot m\u016bsu platformu.<\/p>\n<\/div><\/div><\/div>\n\n\n\n<div class=\"wp-block-stackable-column stk-block-column stk-column stk-block stk-7dd580e\" data-v=\"4\" data-block-id=\"7dd580e\"><div class=\"stk-column-wrapper stk-block-column__content stk-container stk-7dd580e-container stk--no-background stk--no-padding\"><div class=\"stk-block-content stk-inner-blocks stk-7dd580e-inner-blocks\">\n<h3 class=\"wp-block-heading\" id=\"h-yhteiskunnallinen-vastuu\">Soci\u0101l\u0101 atbild\u012bba:<\/h3>\n\n\n\n<p>M\u0113s veicin\u0101m atbild\u012bgu digit\u0101lo kult\u016bru un atbalst\u0101m tie\u0161saistes dro\u0161\u012bbas kampa\u0146as. M\u0113s ar\u012b esam ap\u0146\u0113mu\u0161ies c\u012bn\u012bties pret cilv\u0113ku tirdzniec\u012bbu, sadarbojoties ar attiec\u012bgaj\u0101m organiz\u0101cij\u0101m.<\/p>\n<\/div><\/div><\/div>\n<\/div><\/div>\n\n\n\n<h2 class=\"wp-block-heading has-text-align-center\" id=\"h-tulevaisuuden-visio\">N\u0101kotnes redz\u0113jums<\/h2>\n\n\n\n<div class=\"wp-block-stackable-columns stk-block-columns stk-block stk-4fbeafc\" data-block-id=\"4fbeafc\"><div class=\"stk-row stk-inner-blocks stk-block-content stk-content-align stk-4fbeafc-column\">\n<div class=\"wp-block-stackable-column stk-block-column stk-column stk-block stk-924bcb5\" data-v=\"4\" data-block-id=\"924bcb5\"><div class=\"stk-column-wrapper stk-block-column__content stk-container stk-924bcb5-container stk--no-background stk--no-padding\"><div class=\"stk-block-content stk-inner-blocks stk-924bcb5-inner-blocks\">\n<h3 class=\"wp-block-heading\" id=\"h-jatkuva-innovaatio\">Nep\u0101rtraukta inov\u0101cija:<\/h3>\n\n\n\n<p>M\u0113s past\u0101v\u012bgi pilnveidojam savu platformu un ievie\u0161am jaunas funkcijas, lai uzlabotu lietot\u0101ja pieredzi. T\u0101s var ietvert uzlabotas profila p\u0101rbaudes sist\u0113mas un piel\u0101gojamus konfidencialit\u0101tes r\u012bkus.<\/p>\n<\/div><\/div><\/div>\n\n\n\n<div class=\"wp-block-stackable-column stk-block-column stk-column stk-block stk-f463403\" data-v=\"4\" data-block-id=\"f463403\"><div class=\"stk-column-wrapper stk-block-column__content stk-container stk-f463403-container stk--no-background stk--no-padding\"><div class=\"stk-block-content stk-inner-blocks stk-f463403-inner-blocks\">\n<h3 class=\"wp-block-heading\" id=\"h-ennusteet-pohjoismaat-markkinoilla\">Zieme\u013cvalstu tirgus prognozes:<\/h3>\n\n\n\n<p>M\u016bsu ap\u0146em\u0161an\u0101s atbalst\u012bt Zieme\u013cvalstu kopienu atspogu\u013cojas m\u016bsu sp\u0113c\u012bgaj\u0101 kl\u0101tb\u016btn\u0113 un nep\u0101rtraukt\u0101 pakalpojumu uzlabo\u0161an\u0101. M\u016bsu m\u0113r\u0137is ir <strong>sugar daddy Nordic<\/strong> (sugardaddynordic.com) joproj\u0101m ir galvenais atsauces punkts cilv\u0113kiem, kas mekl\u0113 cukuru randi\u0146am.<\/p>\n<\/div><\/div><\/div>\n<\/div><\/div>","protected":false},"excerpt":{"rendered":"<p>Sugar Daddy Nordic rad\u0101s 2024. gad\u0101, kad rad\u0101s nepiecie\u0161am\u012bba izveidot iepaz\u012b\u0161an\u0101s platformu, kas pied\u0101v\u0101tu 100 % kontaktus Somij\u0101. Pateicoties vienk\u0101r\u0161ai re\u0123istr\u0101cijas sist\u0113mai, 100 % somu kopienai un jaud\u012bgai surog\u0101tpasta izseko\u0161anas sist\u0113mai, mums izdev\u0101s nodro\u0161in\u0101t lietot\u0101jiem unik\u0101lu pieredzi, kur\u0101 vi\u0146i var viegli atrast kontaktus sev tuvum\u0101. M\u0113s garant\u0113jam vislab\u0101ko iesp\u0113jamo datu aizsardz\u012bbu m\u016bsu vietn\u0113s saska\u0146\u0101 ar GDPR noteikumiem. Saviem lietot\u0101jiem nodro\u0161in\u0101m visaugst\u0101k\u0101 l\u012bme\u0146a priv\u0101tuma aizsardz\u012bbu. m\u0113s izvair\u0101mies no surog\u0101tpasta, viltotiem profiliem vai cita veida kr\u0101p\u0161anas. M\u0113s veicin\u0101m [...] <a title=\"Par mums\" class=\"read-more\" href=\"https:\/\/sugardaddynordic.com\/lv\/meista\/\" aria-label=\"Read more about meist\u00e4\">Las\u012bt vair\u0101k<\/a><\/p>","protected":false},"author":1,"featured_media":0,"parent":0,"menu_order":0,"comment_status":"closed","ping_status":"closed","template":"","meta":{"generate_page_header":"","footnotes":""},"class_list":{"0":"post-6189","1":"page","2":"type-page","3":"status-publish","5":"infinite-scroll-item"},"featured_image_urls":{"full":"","thumbnail":"","medium":"","medium_large":"","large":"","1536x1536":"","2048x2048":"","trp-custom-language-flag":"","crp_thumbnail":""},"post_excerpt_stackable":"<p>Sugar Daddy Nordic syntyi vuonna 2024 tarpeesta luoda sokeritreffialusta, joka tarjoaa 100 % kontakteja Suomessa. Yksinkertaisen rekister\u00f6intij\u00e4rjestelm\u00e4n, 100 % suomalaisen yhteis\u00f6n ja tehokkaan roskapostin seurantaj\u00e4rjestelm\u00e4n ansiosta onnistumme tarjoamaan k\u00e4ytt\u00e4jille ainutlaatuisen kokemuksen, jossa he voivat helposti l\u00f6yt\u00e4\u00e4 yhteystietoja l\u00e4hell\u00e4\u00e4n. Arvomme Turvallisuus: Takaamme verkkosivustoillamme parhaan mahdollisen tietosuojan GDPR-asetusten mukaisesti. V\u00e4lt\u00e4mme roskapostia, v\u00e4\u00e4rennettyj\u00e4 profiileja tai muita petoksia. Edist\u00e4mme turvallista verkkotapaamista niin t\u00e4ll\u00e4 alustalla kuin digitaalisessa maailmassa yleens\u00e4. Koulutus: Selit\u00e4mme, edist\u00e4mme ja levit\u00e4mme todellista sugar dating &#8211; sugar daddy &#8211; sugar baby -kulttuuria, jotta k\u00e4ytt\u00e4j\u00e4t ymm\u00e4rt\u00e4v\u00e4t tarkasti, mist\u00e4 n\u00e4iss\u00e4 k\u00e4sitteiss\u00e4 on kyse. Kannustamme l\u00e4hestym\u00e4\u00e4n sokeritreffailua tapana pit\u00e4\u00e4 hauskaa, laajentaa sosiaalista piiri\u00e4 ja parantaa el\u00e4m\u00e4nlaatua&hellip;<\/p>\n","category_list":"","author_info":{"name":"Administrators no SugarDaddySuomi","url":"https:\/\/sugardaddynordic.com\/lv\/author\/poweb\/"},"comments_num":"0 comments","featured_image_urls_v2":{"full":"","thumbnail":"","medium":"","medium_large":"","large":"","1536x1536":"","2048x2048":"","trp-custom-language-flag":"","crp_thumbnail":""},"post_excerpt_stackable_v2":"<p>Sugar Daddy Nordic syntyi vuonna 2024 tarpeesta luoda sokeritreffialusta, joka tarjoaa 100 % kontakteja Suomessa. Yksinkertaisen rekister\u00f6intij\u00e4rjestelm\u00e4n, 100 % suomalaisen yhteis\u00f6n ja tehokkaan roskapostin seurantaj\u00e4rjestelm\u00e4n ansiosta onnistumme tarjoamaan k\u00e4ytt\u00e4jille ainutlaatuisen kokemuksen, jossa he voivat helposti l\u00f6yt\u00e4\u00e4 yhteystietoja l\u00e4hell\u00e4\u00e4n. Arvomme Turvallisuus: Takaamme verkkosivustoillamme parhaan mahdollisen tietosuojan GDPR-asetusten mukaisesti. V\u00e4lt\u00e4mme roskapostia, v\u00e4\u00e4rennettyj\u00e4 profiileja tai muita petoksia. Edist\u00e4mme turvallista verkkotapaamista niin t\u00e4ll\u00e4 alustalla kuin digitaalisessa maailmassa yleens\u00e4. Koulutus: Selit\u00e4mme, edist\u00e4mme ja levit\u00e4mme todellista sugar dating &#8211; sugar daddy &#8211; sugar baby -kulttuuria, jotta k\u00e4ytt\u00e4j\u00e4t ymm\u00e4rt\u00e4v\u00e4t tarkasti, mist\u00e4 n\u00e4iss\u00e4 k\u00e4sitteiss\u00e4 on kyse. Kannustamme l\u00e4hestym\u00e4\u00e4n sokeritreffailua tapana pit\u00e4\u00e4 hauskaa, laajentaa sosiaalista piiri\u00e4 ja parantaa el\u00e4m\u00e4nlaatua&hellip;<\/p>\n","category_list_v2":"","author_info_v2":{"name":"Administrators no SugarDaddySuomi","url":"https:\/\/sugardaddynordic.com\/lv\/author\/poweb\/"},"comments_num_v2":"0 comments","yoast_head":"<!-- This site is optimized with the Yoast SEO Premium plugin v26.0 (Yoast SEO v27.3) - https:\/\/yoast.com\/product\/yoast-seo-premium-wordpress\/ -->\n<title>meist\u00e4<\/title>\n<meta name=\"robots\" content=\"index, follow, max-snippet:-1, max-image-preview:large, max-video-preview:-1\" \/>\n<link rel=\"canonical\" href=\"https:\/\/sugardaddynordic.com\/lv\/par-mums\/\" \/>\n<meta property=\"og:locale\" content=\"lv_LV\" \/>\n<meta property=\"og:type\" content=\"article\" \/>\n<meta property=\"og:title\" content=\"meist\u00e4\" \/>\n<meta property=\"og:description\" content=\"Sugar Daddy Nordic syntyi vuonna 2024 tarpeesta luoda sokeritreffialusta, joka tarjoaa 100 % kontakteja Suomessa. Yksinkertaisen rekister\u00f6intij\u00e4rjestelm\u00e4n, 100 % suomalaisen yhteis\u00f6n ja tehokkaan roskapostin seurantaj\u00e4rjestelm\u00e4n ansiosta onnistumme tarjoamaan k\u00e4ytt\u00e4jille ainutlaatuisen kokemuksen, jossa he voivat helposti l\u00f6yt\u00e4\u00e4 yhteystietoja l\u00e4hell\u00e4\u00e4n. Arvomme Turvallisuus: Takaamme verkkosivustoillamme parhaan mahdollisen tietosuojan GDPR-asetusten mukaisesti. V\u00e4lt\u00e4mme roskapostia, v\u00e4\u00e4rennettyj\u00e4 profiileja tai muita petoksia. Edist\u00e4mme ... Read more\" \/>\n<meta property=\"og:url\" content=\"https:\/\/sugardaddynordic.com\/lv\/par-mums\/\" \/>\n<meta property=\"og:site_name\" content=\"Sugar Daddy Nordic \u00ae\" \/>\n<meta property=\"article:modified_time\" content=\"2025-10-26T06:18:55+00:00\" \/>\n<meta property=\"og:image\" content=\"https:\/\/sugardaddynordic.com\/wp-content\/uploads\/2025\/10\/Logo-Sugar-Daddy-Nordic.png\" \/>\n\t<meta property=\"og:image:width\" content=\"1024\" \/>\n\t<meta property=\"og:image:height\" content=\"1024\" \/>\n\t<meta property=\"og:image:type\" content=\"image\/png\" \/>\n<meta name=\"twitter:card\" content=\"summary_large_image\" \/>\n<meta name=\"twitter:label1\" content=\"Est. reading time\" \/>\n\t<meta name=\"twitter:data1\" content=\"3 min\u016btes\" \/>\n<script type=\"application\/ld+json\" class=\"yoast-schema-graph\">{\"@context\":\"https:\\\/\\\/schema.org\",\"@graph\":[{\"@type\":\"WebPage\",\"@id\":\"https:\\\/\\\/sugardaddynordic.com\\\/meista\\\/\",\"url\":\"https:\\\/\\\/sugardaddynordic.com\\\/meista\\\/\",\"name\":\"meist\u00e4\",\"isPartOf\":{\"@id\":\"https:\\\/\\\/sugardaddynordic.com\\\/#website\"},\"datePublished\":\"2024-12-29T10:04:49+00:00\",\"dateModified\":\"2025-10-26T06:18:55+00:00\",\"breadcrumb\":{\"@id\":\"https:\\\/\\\/sugardaddynordic.com\\\/meista\\\/#breadcrumb\"},\"inLanguage\":\"lv-LV\",\"potentialAction\":[{\"@type\":\"ReadAction\",\"target\":[\"https:\\\/\\\/sugardaddynordic.com\\\/meista\\\/\"]}]},{\"@type\":\"BreadcrumbList\",\"@id\":\"https:\\\/\\\/sugardaddynordic.com\\\/meista\\\/#breadcrumb\",\"itemListElement\":[{\"@type\":\"ListItem\",\"position\":1,\"name\":\"Home\",\"item\":\"https:\\\/\\\/sugardaddynordic.com\\\/\"},{\"@type\":\"ListItem\",\"position\":2,\"name\":\"meist\u00e4\"}]},{\"@type\":\"WebSite\",\"@id\":\"https:\\\/\\\/sugardaddynordic.com\\\/#website\",\"url\":\"https:\\\/\\\/sugardaddynordic.com\\\/\",\"name\":\"Sugar Daddy Nordic\",\"description\":\"\",\"publisher\":{\"@id\":\"https:\\\/\\\/sugardaddynordic.com\\\/#organization\"},\"alternateName\":\"Sugar Daddy Nordic powered by Sugar Daddy Planet\",\"potentialAction\":[{\"@type\":\"SearchAction\",\"target\":{\"@type\":\"EntryPoint\",\"urlTemplate\":\"https:\\\/\\\/sugardaddynordic.com\\\/?s={search_term_string}\"},\"query-input\":{\"@type\":\"PropertyValueSpecification\",\"valueRequired\":true,\"valueName\":\"search_term_string\"}}],\"inLanguage\":\"lv-LV\"},{\"@type\":[\"Organization\",\"DatingService\"],\"@id\":\"https:\\\/\\\/sugardaddynordic.com\\\/#organization\",\"name\":\"Sugar Daddy Nordic\",\"url\":\"https:\\\/\\\/sugardaddynordic.com\\\/\",\"logo\":{\"@type\":\"ImageObject\",\"inLanguage\":\"lv-LV\",\"@id\":\"https:\\\/\\\/sugardaddynordic.com\\\/#\\\/schema\\\/logo\\\/image\\\/\",\"url\":\"https:\\\/\\\/sugardaddynordic.com\\\/wp-content\\\/uploads\\\/2025\\\/10\\\/cropped-Logo-Sugar-Daddy-Nordic.png\",\"contentUrl\":\"https:\\\/\\\/sugardaddynordic.com\\\/wp-content\\\/uploads\\\/2025\\\/10\\\/cropped-Logo-Sugar-Daddy-Nordic.png\",\"width\":1022,\"height\":323,\"caption\":\"Sugar Daddy Nordic\"},\"image\":{\"@id\":\"https:\\\/\\\/sugardaddynordic.com\\\/#\\\/schema\\\/logo\\\/image\\\/\"},\"serviceType\":\"Dating Service\",\"category\":\"Dating\",\"publishingPrinciples\":\"https:\\\/\\\/sugardaddynordic.com\\\/julkaisustandardit\\\/\",\"ownershipFundingInfo\":\"https:\\\/\\\/sugardaddynordic.com\\\/rahoitus\\\/\",\"actionableFeedbackPolicy\":\"https:\\\/\\\/sugardaddynordic.com\\\/korjauskaytanto\\\/\",\"correctionsPolicy\":\"https:\\\/\\\/sugardaddynordic.com\\\/korjauskaytanto\\\/\",\"ethicsPolicy\":\"https:\\\/\\\/sugardaddynordic.com\\\/eettinen-politiikka\\\/\",\"diversityPolicy\":\"https:\\\/\\\/sugardaddynordic.com\\\/monimuotoisuus\\\/\",\"diversityStaffingReport\":\"https:\\\/\\\/sugardaddynordic.com\\\/yhteistyo\\\/\"}]}<\/script>\n<!-- \/ Yoast SEO Premium plugin. -->","yoast_head_json":{"title":"Par mums","robots":{"index":"index","follow":"follow","max-snippet":"max-snippet:-1","max-image-preview":"max-image-preview:large","max-video-preview":"max-video-preview:-1"},"canonical":"https:\/\/sugardaddynordic.com\/lv\/par-mums\/","og_locale":"lv_LV","og_type":"article","og_title":"meist\u00e4","og_description":"Sugar Daddy Nordic syntyi vuonna 2024 tarpeesta luoda sokeritreffialusta, joka tarjoaa 100 % kontakteja Suomessa. Yksinkertaisen rekister\u00f6intij\u00e4rjestelm\u00e4n, 100 % suomalaisen yhteis\u00f6n ja tehokkaan roskapostin seurantaj\u00e4rjestelm\u00e4n ansiosta onnistumme tarjoamaan k\u00e4ytt\u00e4jille ainutlaatuisen kokemuksen, jossa he voivat helposti l\u00f6yt\u00e4\u00e4 yhteystietoja l\u00e4hell\u00e4\u00e4n. Arvomme Turvallisuus: Takaamme verkkosivustoillamme parhaan mahdollisen tietosuojan GDPR-asetusten mukaisesti. V\u00e4lt\u00e4mme roskapostia, v\u00e4\u00e4rennettyj\u00e4 profiileja tai muita petoksia. Edist\u00e4mme ... Read more","og_url":"https:\/\/sugardaddynordic.com\/lv\/par-mums\/","og_site_name":"Sugar Daddy Nordic \u00ae","article_modified_time":"2025-10-26T06:18:55+00:00","og_image":[{"width":1024,"height":1024,"url":"https:\/\/sugardaddynordic.com\/wp-content\/uploads\/2025\/10\/Logo-Sugar-Daddy-Nordic.png","type":"image\/png"}],"twitter_card":"summary_large_image","twitter_misc":{"Est. reading time":"3 min\u016btes"},"schema":{"@context":"https:\/\/schema.org","@graph":[{"@type":"WebPage","@id":"https:\/\/sugardaddynordic.com\/meista\/","url":"https:\/\/sugardaddynordic.com\/meista\/","name":"Par mums","isPartOf":{"@id":"https:\/\/sugardaddynordic.com\/#website"},"datePublished":"2024-12-29T10:04:49+00:00","dateModified":"2025-10-26T06:18:55+00:00","breadcrumb":{"@id":"https:\/\/sugardaddynordic.com\/meista\/#breadcrumb"},"inLanguage":"lv-LV","potentialAction":[{"@type":"ReadAction","target":["https:\/\/sugardaddynordic.com\/meista\/"]}]},{"@type":"BreadcrumbList","@id":"https:\/\/sugardaddynordic.com\/meista\/#breadcrumb","itemListElement":[{"@type":"ListItem","position":1,"name":"Home","item":"https:\/\/sugardaddynordic.com\/"},{"@type":"ListItem","position":2,"name":"meist\u00e4"}]},{"@type":"WebSite","@id":"https:\/\/sugardaddynordic.com\/#website","url":"https:\/\/sugardaddynordic.com\/","name":"sugar daddy Nordic","description":"","publisher":{"@id":"https:\/\/sugardaddynordic.com\/#organization"},"alternateName":"Sugar Daddy Nordic powered by Sugar Daddy Planet","potentialAction":[{"@type":"SearchAction","target":{"@type":"EntryPoint","urlTemplate":"https:\/\/sugardaddynordic.com\/?s={search_term_string}"},"query-input":{"@type":"PropertyValueSpecification","valueRequired":true,"valueName":"search_term_string"}}],"inLanguage":"lv-LV"},{"@type":["Organization","DatingService"],"@id":"https:\/\/sugardaddynordic.com\/#organization","name":"sugar daddy Nordic","url":"https:\/\/sugardaddynordic.com\/","logo":{"@type":"ImageObject","inLanguage":"lv-LV","@id":"https:\/\/sugardaddynordic.com\/#\/schema\/logo\/image\/","url":"https:\/\/sugardaddynordic.com\/wp-content\/uploads\/2025\/10\/cropped-Logo-Sugar-Daddy-Nordic.png","contentUrl":"https:\/\/sugardaddynordic.com\/wp-content\/uploads\/2025\/10\/cropped-Logo-Sugar-Daddy-Nordic.png","width":1022,"height":323,"caption":"Sugar Daddy Nordic"},"image":{"@id":"https:\/\/sugardaddynordic.com\/#\/schema\/logo\/image\/"},"serviceType":"Dating Service","category":"Dating","publishingPrinciples":"https:\/\/sugardaddynordic.com\/julkaisustandardit\/","ownershipFundingInfo":"https:\/\/sugardaddynordic.com\/rahoitus\/","actionableFeedbackPolicy":"https:\/\/sugardaddynordic.com\/korjauskaytanto\/","correctionsPolicy":"https:\/\/sugardaddynordic.com\/korjauskaytanto\/","ethicsPolicy":"https:\/\/sugardaddynordic.com\/eettinen-politiikka\/","diversityPolicy":"https:\/\/sugardaddynordic.com\/monimuotoisuus\/","diversityStaffingReport":"https:\/\/sugardaddynordic.com\/yhteistyo\/"}]}},"_links":{"self":[{"href":"https:\/\/sugardaddynordic.com\/lv\/wp-json\/wp\/v2\/pages\/6189","targetHints":{"allow":["GET"]}}],"collection":[{"href":"https:\/\/sugardaddynordic.com\/lv\/wp-json\/wp\/v2\/pages"}],"about":[{"href":"https:\/\/sugardaddynordic.com\/lv\/wp-json\/wp\/v2\/types\/page"}],"author":[{"embeddable":true,"href":"https:\/\/sugardaddynordic.com\/lv\/wp-json\/wp\/v2\/users\/1"}],"replies":[{"embeddable":true,"href":"https:\/\/sugardaddynordic.com\/lv\/wp-json\/wp\/v2\/comments?post=6189"}],"version-history":[{"count":0,"href":"https:\/\/sugardaddynordic.com\/lv\/wp-json\/wp\/v2\/pages\/6189\/revisions"}],"wp:attachment":[{"href":"https:\/\/sugardaddynordic.com\/lv\/wp-json\/wp\/v2\/media?parent=6189"}],"curies":[{"name":"wp","href":"https:\/\/api.w.org\/{rel}","templated":true}]}}