{"id":13440,"date":"2025-08-28T11:08:48","date_gmt":"2025-08-28T08:08:48","guid":{"rendered":"https:\/\/sugardaddynordic.com\/?page_id=13440"},"modified":"2025-10-26T08:13:29","modified_gmt":"2025-10-26T06:13:29","slug":"finansiering","status":"publish","type":"page","link":"https:\/\/sugardaddynordic.com\/nb\/rahoitus\/","title":{"rendered":"Eierskap og finansiering"},"content":{"rendered":"<h3 class=\"wp-block-heading\" id=\"h-sivuston-omistajuus\">Eierskap til nettstedet<\/h3>\n\n\n\n<p>Nettstedet SugarDaddyNordic.com drives av <strong>Polaris Nexus LCC<\/strong>, hvis adresse er 1621 Central Central Ave 82001 i Cheyenne og kontaktinformasjon: <strong><a>info@polarisnexuslcc.com<\/a><\/strong>.<\/p>\n\n\n\n<h3 class=\"wp-block-heading\" id=\"h-liiketoimintamalli\">Forretningsmodell<\/h3>\n\n\n\n<p>SugarDaddyNordic er et sosialt nettverk \/ en datingplattform som tilbyr b\u00e5de gratis og betalte funksjoner. Inntektene v\u00e5re er basert p\u00e5:<\/p>\n\n\n\n<ul class=\"wp-block-list\">\n<li><strong>Reklame<\/strong><br>Vi viser annonser p\u00e5 nettstedet og\/eller kj\u00f8rer kampanjer relatert til livsstil og datingsikkerhet.<\/li>\n\n\n\n<li><strong>Premium-medlemskap\/abonnementer<\/strong><br>Vi tilbyr avanserte funksjoner p\u00e5 abonnementsbasis (for eksempel: st\u00f8rre synlighet, avanserte filtre, uthevede meldinger osv.)<\/li>\n\n\n\n<li><strong>Partnerskap<\/strong><br>Vi publiserer av og til sponset innhold p\u00e5 bloggen. Dette vil alltid fremg\u00e5 tydelig i begynnelsen av artikkelen.<\/li>\n<\/ul>\n\n\n\n<p><strong>Uavhengighet<\/strong>: annonsering, partnerskap eller sponsing vil aldri p\u00e5virke v\u00e5r sikkerhetspolicy, moderering eller bloggens redaksjonelle policy.<\/p>\n\n\n\n<h3 class=\"wp-block-heading\" id=\"h-mainonnan-merkinnat-ja-lapinakyvyys\">Merking av reklame og \u00e5penhet<\/h3>\n\n\n\n<ul class=\"wp-block-list\">\n<li>Sponsede artikler er tydelig merket som \"Sponset innhold\" eller \"Betalt samarbeid\".<\/li>\n\n\n\n<li>Affiliate-lenker er angitt i begynnelsen av innholdet med en gjennomsiktighetsmark\u00f8r.<\/li>\n\n\n\n<li>Bannere og andre reklameformater vises som annonser og er adskilt fra redaksjonelt innhold.<\/li>\n<\/ul>\n\n\n\n<h3 class=\"wp-block-heading\" id=\"h-eturistiriidat\">Interessekonflikt<\/h3>\n\n\n\n<p>Hvis et sponsorat, partnerskap eller kommersielt forhold kan f\u00f8re til en interessekonflikt, vil dette bli tydelig opplyst om i innholdet.<\/p>\n\n\n\n<h3 class=\"wp-block-heading\" id=\"h-tiedot-tietosuoja-ja-evasteet-tiivistelma\">Data, personvern og informasjonskapsler (sammendrag)<\/h3>\n\n\n\n<p>Behandlingen av data med det form\u00e5l \u00e5 tilpasse annonser og m\u00e5le deres effektivitet er basert p\u00e5 <strong>V\u00e5re retningslinjer for personvern og informasjonskapsler<\/strong>. Du kan n\u00e5r som helst administrere samtykket ditt via cookie manager.<\/p>\n\n\n\n<h3 class=\"wp-block-heading\" id=\"h-yhteystiedot-kaupallisissa-asioissa\">Kontakt for kommersielle sp\u00f8rsm\u00e5l<\/h3>\n\n\n\n<ul class=\"wp-block-list\">\n<li>Annonsering, partnerskap eller samarbeid \/ Presse- eller PR-arbeid: <strong>info@sugardaddynordic.com<\/strong><\/li>\n<\/ul>\n\n\n\n<h3 class=\"wp-block-heading\" id=\"h-paivitykset\">Oppdateringer<\/h3>\n\n\n\n<p>Siste anmeldelse: <strong>26.10.2025<\/strong>.<br>Vi forbeholder oss retten til \u00e5 oppdatere denne informasjonen for \u00e5 gjenspeile endringer i forretningsmodellen v\u00e5r eller gjeldende lovkrav.<\/p>","protected":false},"excerpt":{"rendered":"<p>Eierskap av nettstedet Nettstedet SugarDaddyNordic.com drives av Polaris Nexus LCC, hvis adresse er 1621 Central Central Ave 82001 Cheyenne og hvis kontaktinformasjon er info@polarisnexuslcc.com. Forretningsmodell SugarDaddyNordic er et sosialt nettverk \/ datingplattform som tilbyr b\u00e5de gratis og betalte aktiviteter. V\u00e5re inntekter er basert p\u00e5 f\u00f8lgende:Uavhengighet: annonsering, partnerskap eller sponsing vil aldri p\u00e5virke v\u00e5r sikkerhetspolitikk, moderering eller bloggredaksjonelle retningslinjer. V\u00e5r reklamemerking og \u00e5penhet [...] <a title=\"Eierskap og finansiering\" class=\"read-more\" href=\"https:\/\/sugardaddynordic.com\/nb\/rahoitus\/\" aria-label=\"Read more about Omistustiedot ja rahoitus\">Les mer om dette<\/a><\/p>","protected":false},"author":1,"featured_media":0,"parent":0,"menu_order":0,"comment_status":"closed","ping_status":"closed","template":"","meta":{"generate_page_header":"","footnotes":""},"class_list":{"0":"post-13440","1":"page","2":"type-page","3":"status-publish","5":"infinite-scroll-item"},"featured_image_urls":{"full":"","thumbnail":"","medium":"","medium_large":"","large":"","1536x1536":"","2048x2048":"","trp-custom-language-flag":"","crp_thumbnail":""},"post_excerpt_stackable":"<p>Sivuston omistajuus SugarDaddyNordic.com -sivustoa operoi Polaris Nexus LCC, jonka osoite on 1621 Central Central Ave 82001 Cheyenne ja yhteystieto: info@polarisnexuslcc.com. Liiketoimintamalli SugarDaddyNordic on sosiaalinen verkosto \/ deittialusta, joka tarjoaa sek\u00e4 ilmaisia ett\u00e4 maksullisia toimintoja. Tulomme perustuvat seuraaviin: MainontaN\u00e4yt\u00e4mme mainoksia sivustolla ja\/tai toteutamme kampanjoita, jotka liittyv\u00e4t el\u00e4m\u00e4ntyyliin ja deittiturvallisuuteen. Premium-j\u00e4senyydet \/ tilauksetTarjoamme edistyneit\u00e4 toimintoja tilauspohjaisesti (esimerkiksi: suurempi n\u00e4kyvyys, laajennetut suodattimet, korostetut viestit jne.). Yhteisty\u00f6tJulkaisemme ajoittain sponsoroitua sis\u00e4lt\u00f6\u00e4 blogissa. T\u00e4m\u00e4 merkit\u00e4\u00e4n aina selke\u00e4sti artikkelin alussa. Riippumattomuus: mainonta, kumppanuudet tai sponsoroinnit eiv\u00e4t koskaan vaikuta turvallisuuspolitiikkaamme, moderointiin tai blogin toimituksellisiin linjauksiin. Mainonnan merkinn\u00e4t ja l\u00e4pin\u00e4kyvyys Sponsoroidut artikkelit merkit\u00e4\u00e4n selke\u00e4sti \u201cSponsorisis\u00e4lt\u00f6\u201d tai \u201cMaksettu yhteisty\u00f6\u201d. Affiliate-linkit&hellip;<\/p>\n","category_list":"","author_info":{"name":"Admin de SugarDaddySuomi","url":"https:\/\/sugardaddynordic.com\/nb\/author\/poweb\/"},"comments_num":"0 comments","featured_image_urls_v2":{"full":"","thumbnail":"","medium":"","medium_large":"","large":"","1536x1536":"","2048x2048":"","trp-custom-language-flag":"","crp_thumbnail":""},"post_excerpt_stackable_v2":"<p>Sivuston omistajuus SugarDaddyNordic.com -sivustoa operoi Polaris Nexus LCC, jonka osoite on 1621 Central Central Ave 82001 Cheyenne ja yhteystieto: info@polarisnexuslcc.com. Liiketoimintamalli SugarDaddyNordic on sosiaalinen verkosto \/ deittialusta, joka tarjoaa sek\u00e4 ilmaisia ett\u00e4 maksullisia toimintoja. Tulomme perustuvat seuraaviin: MainontaN\u00e4yt\u00e4mme mainoksia sivustolla ja\/tai toteutamme kampanjoita, jotka liittyv\u00e4t el\u00e4m\u00e4ntyyliin ja deittiturvallisuuteen. Premium-j\u00e4senyydet \/ tilauksetTarjoamme edistyneit\u00e4 toimintoja tilauspohjaisesti (esimerkiksi: suurempi n\u00e4kyvyys, laajennetut suodattimet, korostetut viestit jne.). Yhteisty\u00f6tJulkaisemme ajoittain sponsoroitua sis\u00e4lt\u00f6\u00e4 blogissa. T\u00e4m\u00e4 merkit\u00e4\u00e4n aina selke\u00e4sti artikkelin alussa. Riippumattomuus: mainonta, kumppanuudet tai sponsoroinnit eiv\u00e4t koskaan vaikuta turvallisuuspolitiikkaamme, moderointiin tai blogin toimituksellisiin linjauksiin. Mainonnan merkinn\u00e4t ja l\u00e4pin\u00e4kyvyys Sponsoroidut artikkelit merkit\u00e4\u00e4n selke\u00e4sti \u201cSponsorisis\u00e4lt\u00f6\u201d tai \u201cMaksettu yhteisty\u00f6\u201d. Affiliate-linkit&hellip;<\/p>\n","category_list_v2":"","author_info_v2":{"name":"Admin de SugarDaddySuomi","url":"https:\/\/sugardaddynordic.com\/nb\/author\/poweb\/"},"comments_num_v2":"0 comments","yoast_head":"<!-- This site is optimized with the Yoast SEO Premium plugin v26.0 (Yoast SEO v27.3) - https:\/\/yoast.com\/product\/yoast-seo-premium-wordpress\/ -->\n<title>Omistustiedot ja rahoitus<\/title>\n<meta name=\"robots\" content=\"index, follow, max-snippet:-1, max-image-preview:large, max-video-preview:-1\" \/>\n<link rel=\"canonical\" href=\"https:\/\/sugardaddynordic.com\/nb\/finansiering\/\" \/>\n<meta property=\"og:locale\" content=\"nb_NO\" \/>\n<meta property=\"og:type\" content=\"article\" \/>\n<meta property=\"og:title\" content=\"Omistustiedot ja rahoitus\" \/>\n<meta property=\"og:description\" content=\"Sivuston omistajuus SugarDaddyNordic.com -sivustoa operoi Polaris Nexus LCC, jonka osoite on 1621 Central Central Ave 82001 Cheyenne ja yhteystieto: info@polarisnexuslcc.com. Liiketoimintamalli SugarDaddyNordic on sosiaalinen verkosto \/ deittialusta, joka tarjoaa sek\u00e4 ilmaisia ett\u00e4 maksullisia toimintoja. Tulomme perustuvat seuraaviin: Riippumattomuus: mainonta, kumppanuudet tai sponsoroinnit eiv\u00e4t koskaan vaikuta turvallisuuspolitiikkaamme, moderointiin tai blogin toimituksellisiin linjauksiin. Mainonnan merkinn\u00e4t ja l\u00e4pin\u00e4kyvyys ... Read more\" \/>\n<meta property=\"og:url\" content=\"https:\/\/sugardaddynordic.com\/nb\/finansiering\/\" \/>\n<meta property=\"og:site_name\" content=\"Sugar Daddy Nordic \u00ae\" \/>\n<meta property=\"article:modified_time\" content=\"2025-10-26T06:13:29+00:00\" \/>\n<meta property=\"og:image\" content=\"https:\/\/sugardaddynordic.com\/wp-content\/uploads\/2025\/10\/Logo-Sugar-Daddy-Nordic.png\" \/>\n\t<meta property=\"og:image:width\" content=\"1024\" \/>\n\t<meta property=\"og:image:height\" content=\"1024\" \/>\n\t<meta property=\"og:image:type\" content=\"image\/png\" \/>\n<meta name=\"twitter:card\" content=\"summary_large_image\" \/>\n<meta name=\"twitter:label1\" content=\"Ansl. lesetid\" \/>\n\t<meta name=\"twitter:data1\" content=\"2 minutter\" \/>\n<script type=\"application\/ld+json\" class=\"yoast-schema-graph\">{\"@context\":\"https:\\\/\\\/schema.org\",\"@graph\":[{\"@type\":\"WebPage\",\"@id\":\"https:\\\/\\\/sugardaddynordic.com\\\/rahoitus\\\/\",\"url\":\"https:\\\/\\\/sugardaddynordic.com\\\/rahoitus\\\/\",\"name\":\"Omistustiedot ja rahoitus\",\"isPartOf\":{\"@id\":\"https:\\\/\\\/sugardaddynordic.com\\\/#website\"},\"datePublished\":\"2025-08-28T08:08:48+00:00\",\"dateModified\":\"2025-10-26T06:13:29+00:00\",\"breadcrumb\":{\"@id\":\"https:\\\/\\\/sugardaddynordic.com\\\/rahoitus\\\/#breadcrumb\"},\"inLanguage\":\"nb-NO\",\"potentialAction\":[{\"@type\":\"ReadAction\",\"target\":[\"https:\\\/\\\/sugardaddynordic.com\\\/rahoitus\\\/\"]}]},{\"@type\":\"BreadcrumbList\",\"@id\":\"https:\\\/\\\/sugardaddynordic.com\\\/rahoitus\\\/#breadcrumb\",\"itemListElement\":[{\"@type\":\"ListItem\",\"position\":1,\"name\":\"Home\",\"item\":\"https:\\\/\\\/sugardaddynordic.com\\\/\"},{\"@type\":\"ListItem\",\"position\":2,\"name\":\"Omistustiedot ja rahoitus\"}]},{\"@type\":\"WebSite\",\"@id\":\"https:\\\/\\\/sugardaddynordic.com\\\/#website\",\"url\":\"https:\\\/\\\/sugardaddynordic.com\\\/\",\"name\":\"Sugar Daddy Nordic\",\"description\":\"\",\"publisher\":{\"@id\":\"https:\\\/\\\/sugardaddynordic.com\\\/#organization\"},\"alternateName\":\"Sugar Daddy Nordic powered by Sugar Daddy Planet\",\"potentialAction\":[{\"@type\":\"SearchAction\",\"target\":{\"@type\":\"EntryPoint\",\"urlTemplate\":\"https:\\\/\\\/sugardaddynordic.com\\\/?s={search_term_string}\"},\"query-input\":{\"@type\":\"PropertyValueSpecification\",\"valueRequired\":true,\"valueName\":\"search_term_string\"}}],\"inLanguage\":\"nb-NO\"},{\"@type\":[\"Organization\",\"DatingService\"],\"@id\":\"https:\\\/\\\/sugardaddynordic.com\\\/#organization\",\"name\":\"Sugar Daddy Nordic\",\"url\":\"https:\\\/\\\/sugardaddynordic.com\\\/\",\"logo\":{\"@type\":\"ImageObject\",\"inLanguage\":\"nb-NO\",\"@id\":\"https:\\\/\\\/sugardaddynordic.com\\\/#\\\/schema\\\/logo\\\/image\\\/\",\"url\":\"https:\\\/\\\/sugardaddynordic.com\\\/wp-content\\\/uploads\\\/2025\\\/10\\\/cropped-Logo-Sugar-Daddy-Nordic.png\",\"contentUrl\":\"https:\\\/\\\/sugardaddynordic.com\\\/wp-content\\\/uploads\\\/2025\\\/10\\\/cropped-Logo-Sugar-Daddy-Nordic.png\",\"width\":1022,\"height\":323,\"caption\":\"Sugar Daddy Nordic\"},\"image\":{\"@id\":\"https:\\\/\\\/sugardaddynordic.com\\\/#\\\/schema\\\/logo\\\/image\\\/\"},\"serviceType\":\"Dating Service\",\"category\":\"Dating\",\"publishingPrinciples\":\"https:\\\/\\\/sugardaddynordic.com\\\/julkaisustandardit\\\/\",\"ownershipFundingInfo\":\"https:\\\/\\\/sugardaddynordic.com\\\/rahoitus\\\/\",\"actionableFeedbackPolicy\":\"https:\\\/\\\/sugardaddynordic.com\\\/korjauskaytanto\\\/\",\"correctionsPolicy\":\"https:\\\/\\\/sugardaddynordic.com\\\/korjauskaytanto\\\/\",\"ethicsPolicy\":\"https:\\\/\\\/sugardaddynordic.com\\\/eettinen-politiikka\\\/\",\"diversityPolicy\":\"https:\\\/\\\/sugardaddynordic.com\\\/monimuotoisuus\\\/\",\"diversityStaffingReport\":\"https:\\\/\\\/sugardaddynordic.com\\\/yhteistyo\\\/\"}]}<\/script>\n<!-- \/ Yoast SEO Premium plugin. -->","yoast_head_json":{"title":"Eierskap og finansiering","robots":{"index":"index","follow":"follow","max-snippet":"max-snippet:-1","max-image-preview":"max-image-preview:large","max-video-preview":"max-video-preview:-1"},"canonical":"https:\/\/sugardaddynordic.com\/nb\/finansiering\/","og_locale":"nb_NO","og_type":"article","og_title":"Omistustiedot ja rahoitus","og_description":"Sivuston omistajuus SugarDaddyNordic.com -sivustoa operoi Polaris Nexus LCC, jonka osoite on 1621 Central Central Ave 82001 Cheyenne ja yhteystieto: info@polarisnexuslcc.com. Liiketoimintamalli SugarDaddyNordic on sosiaalinen verkosto \/ deittialusta, joka tarjoaa sek\u00e4 ilmaisia ett\u00e4 maksullisia toimintoja. Tulomme perustuvat seuraaviin: Riippumattomuus: mainonta, kumppanuudet tai sponsoroinnit eiv\u00e4t koskaan vaikuta turvallisuuspolitiikkaamme, moderointiin tai blogin toimituksellisiin linjauksiin. Mainonnan merkinn\u00e4t ja l\u00e4pin\u00e4kyvyys ... Read more","og_url":"https:\/\/sugardaddynordic.com\/nb\/finansiering\/","og_site_name":"Sugar Daddy Nordic \u00ae","article_modified_time":"2025-10-26T06:13:29+00:00","og_image":[{"width":1024,"height":1024,"url":"https:\/\/sugardaddynordic.com\/wp-content\/uploads\/2025\/10\/Logo-Sugar-Daddy-Nordic.png","type":"image\/png"}],"twitter_card":"summary_large_image","twitter_misc":{"Ansl. lesetid":"2 minutter"},"schema":{"@context":"https:\/\/schema.org","@graph":[{"@type":"WebPage","@id":"https:\/\/sugardaddynordic.com\/rahoitus\/","url":"https:\/\/sugardaddynordic.com\/rahoitus\/","name":"Eierskap og finansiering","isPartOf":{"@id":"https:\/\/sugardaddynordic.com\/#website"},"datePublished":"2025-08-28T08:08:48+00:00","dateModified":"2025-10-26T06:13:29+00:00","breadcrumb":{"@id":"https:\/\/sugardaddynordic.com\/rahoitus\/#breadcrumb"},"inLanguage":"nb-NO","potentialAction":[{"@type":"ReadAction","target":["https:\/\/sugardaddynordic.com\/rahoitus\/"]}]},{"@type":"BreadcrumbList","@id":"https:\/\/sugardaddynordic.com\/rahoitus\/#breadcrumb","itemListElement":[{"@type":"ListItem","position":1,"name":"Home","item":"https:\/\/sugardaddynordic.com\/"},{"@type":"ListItem","position":2,"name":"Omistustiedot ja rahoitus"}]},{"@type":"WebSite","@id":"https:\/\/sugardaddynordic.com\/#website","url":"https:\/\/sugardaddynordic.com\/","name":"Sugar Daddy Nordic","description":"","publisher":{"@id":"https:\/\/sugardaddynordic.com\/#organization"},"alternateName":"Sugar Daddy Nordic powered by Sugar Daddy Planet","potentialAction":[{"@type":"SearchAction","target":{"@type":"EntryPoint","urlTemplate":"https:\/\/sugardaddynordic.com\/?s={search_term_string}"},"query-input":{"@type":"PropertyValueSpecification","valueRequired":true,"valueName":"search_term_string"}}],"inLanguage":"nb-NO"},{"@type":["Organization","DatingService"],"@id":"https:\/\/sugardaddynordic.com\/#organization","name":"Sugar Daddy Nordic","url":"https:\/\/sugardaddynordic.com\/","logo":{"@type":"ImageObject","inLanguage":"nb-NO","@id":"https:\/\/sugardaddynordic.com\/#\/schema\/logo\/image\/","url":"https:\/\/sugardaddynordic.com\/wp-content\/uploads\/2025\/10\/cropped-Logo-Sugar-Daddy-Nordic.png","contentUrl":"https:\/\/sugardaddynordic.com\/wp-content\/uploads\/2025\/10\/cropped-Logo-Sugar-Daddy-Nordic.png","width":1022,"height":323,"caption":"Sugar Daddy Nordic"},"image":{"@id":"https:\/\/sugardaddynordic.com\/#\/schema\/logo\/image\/"},"serviceType":"Dating Service","category":"Dating","publishingPrinciples":"https:\/\/sugardaddynordic.com\/julkaisustandardit\/","ownershipFundingInfo":"https:\/\/sugardaddynordic.com\/rahoitus\/","actionableFeedbackPolicy":"https:\/\/sugardaddynordic.com\/korjauskaytanto\/","correctionsPolicy":"https:\/\/sugardaddynordic.com\/korjauskaytanto\/","ethicsPolicy":"https:\/\/sugardaddynordic.com\/eettinen-politiikka\/","diversityPolicy":"https:\/\/sugardaddynordic.com\/monimuotoisuus\/","diversityStaffingReport":"https:\/\/sugardaddynordic.com\/yhteistyo\/"}]}},"_links":{"self":[{"href":"https:\/\/sugardaddynordic.com\/nb\/wp-json\/wp\/v2\/pages\/13440","targetHints":{"allow":["GET"]}}],"collection":[{"href":"https:\/\/sugardaddynordic.com\/nb\/wp-json\/wp\/v2\/pages"}],"about":[{"href":"https:\/\/sugardaddynordic.com\/nb\/wp-json\/wp\/v2\/types\/page"}],"author":[{"embeddable":true,"href":"https:\/\/sugardaddynordic.com\/nb\/wp-json\/wp\/v2\/users\/1"}],"replies":[{"embeddable":true,"href":"https:\/\/sugardaddynordic.com\/nb\/wp-json\/wp\/v2\/comments?post=13440"}],"version-history":[{"count":0,"href":"https:\/\/sugardaddynordic.com\/nb\/wp-json\/wp\/v2\/pages\/13440\/revisions"}],"wp:attachment":[{"href":"https:\/\/sugardaddynordic.com\/nb\/wp-json\/wp\/v2\/media?parent=13440"}],"curies":[{"name":"wp","href":"https:\/\/api.w.org\/{rel}","templated":true}]}}