{"id":13441,"date":"2025-08-28T11:08:50","date_gmt":"2025-08-28T08:08:50","guid":{"rendered":"https:\/\/sugardaddynordic.com\/?page_id=13441"},"modified":"2025-10-26T08:16:26","modified_gmt":"2025-10-26T06:16:26","slug":"aktiv-respons","status":"publish","type":"page","link":"https:\/\/sugardaddynordic.com\/nb\/aktiivinen-vastaus\/","title":{"rendered":"Retningslinjer for aktiv responsAktiv respons"},"content":{"rendered":"<p>Hos SugarDaddyNordic prioriterer vi sikkerhet, \u00e5penhet og rask respons p\u00e5 behovene til fellesskapet v\u00e5rt. Disse retningslinjene forklarer hvordan vi mottar, prioriterer og h\u00e5ndterer foresp\u00f8rsler, klager, varsler og sp\u00f8rsm\u00e5l.<\/p>\n\n\n\n<h2 class=\"wp-block-heading\" id=\"h-viralliset-yhteydenottokanavat\">Offisielle kontaktkanaler<\/h2>\n\n\n\n<ul class=\"wp-block-list\">\n<li>Kontaktskjema: <strong>\/<a href=\"https:\/\/sugardaddynordic.com\/nb\/kontakt\/\">kontakt<\/a><\/strong><\/li>\n\n\n\n<li>Generell st\u00f8tte \/ Personvern \/ Misbruk \/ misbruk av identitet ... og samarbeid med rettslige myndigheter*: personvern: <strong>info@sugardaddynordic.com<\/strong><\/li>\n<\/ul>\n\n\n\n<h2 class=\"wp-block-heading\" id=\"h-luokittelu-ja-vastausajat-sla\">Klassifisering og svartider (SLA)<\/h2>\n\n\n\n<p>Vi prioriterer hver enkelt sak i f\u00f8rste omgang, og vi tar sikte p\u00e5 \u00e5 oppn\u00e5 f\u00f8lgende m\u00e5l<\/p>\n\n\n\n<figure class=\"wp-block-table\"><table class=\"has-fixed-layout\"><thead><tr><th>Prioritet<\/th><th>Eksempler<\/th><th>Bekreftelse p\u00e5 mottak<\/th><th>F\u00f8rstehjelp<\/th><th>Estimert l\u00f8sning<\/th><\/tr><\/thead><tbody><tr><td><strong>Haster<\/strong><\/td><td>Fare for mindre\u00e5rige eller fysisk integritet, troverdige trusler, aktivt identitetstyveri, doxxing, distribusjon av ulovlig innhold<\/td><td>0-6 h<\/td><td>0-12 h<\/td><td>24-48 h<\/td><\/tr><tr><td><strong>H\u00f8y<\/strong><\/td><td>Bedrageri, grov trakassering, utpressing, falske anklager, datalekkasje<\/td><td>24 h<\/td><td>24-48 h<\/td><td>3-5 dager<\/td><\/tr><tr><td><strong>Mellomliggende<\/strong><\/td><td>Profilrapporter, villedende innhold, kontoproblemer<\/td><td>48 h<\/td><td>2-3 dager<\/td><td>7 dager<\/td><\/tr><tr><td><strong>Lav<\/strong><\/td><td>Forslag, generelle foresp\u00f8rsler<\/td><td>72 h<\/td><td>3-5 dager<\/td><td>14 dager<\/td><\/tr><\/tbody><\/table><\/figure>\n\n\n\n<p>* Fristene kan variere avhengig av sakens kompleksitet. Hvis vi forventer forsinkelser, vil vi informere deg om en ny vurdering.<\/p>\n\n\n\n<h2 class=\"wp-block-heading\" id=\"h-tapausten-kasittelyprosessi\">Saksbehandlingsprosessen<\/h2>\n\n\n\n<ol class=\"wp-block-list\">\n<li><strong>Kvittering og bekreftelse<\/strong>: Vi bekrefter saken gjennom den opprinnelige kanalen med sakens ID.<\/li>\n\n\n\n<li><strong>Analyse og prioritering<\/strong>: Vi sjekker bevisene (f.eks. skjermbilder, profil-ID-er, lenker).<\/li>\n\n\n\n<li><strong>Tiltak<\/strong> (i henhold til retningslinjer og vilk\u00e5r for bruk): advarsel, begrensning av aktiviteter, suspensjon eller blokkering av konto, fjerning av innhold, henvisning til myndighetene.<\/li>\n\n\n\n<li><strong>Overv\u00e5king<\/strong>: Vi vil gi relevante oppdateringer frem til saken er avsluttet.<\/li>\n\n\n\n<li><strong>Beslutning og tilbakemelding<\/strong>: Vi vil rapportere l\u00f8sningen og gi sikkerhetsanbefalinger der det er n\u00f8dvendig.<\/li>\n<\/ol>\n\n\n\n<h2 class=\"wp-block-heading\" id=\"h-moderointi-ja-kriteerit\">Moderering og kriterier<\/h2>\n\n\n\n<ul class=\"wp-block-list\">\n<li>Vi kombinerer automatiserte systemer med menneskelig verifisering.<\/li>\n\n\n\n<li>Vi tolererer ikke trakassering, identitetstyveri, svindel, uautorisert spredning av data eller annen aktivitet som utsetter samfunnet for risiko.<\/li>\n\n\n\n<li>Avgj\u00f8relsene er basert p\u00e5 retningslinjene og vilk\u00e5rene for bruk av nettstedet v\u00e5rt.<\/li>\n<\/ul>\n\n\n\n<h2 class=\"wp-block-heading\" id=\"h-valitukset\">Klager<\/h2>\n\n\n\n<p>Hvis du er uenig i tiltaket, kan du klage <strong>20 dager<\/strong> innen fristen ved \u00e5 skrive til <strong>info@sugardaddynordic.com<\/strong> og legge ved sakens ID og tilleggsinformasjon.<br>Et annet team vil gjennomg\u00e5 klagen din.<\/p>\n\n\n\n<h2 class=\"wp-block-heading\" id=\"h-julkinen-viestinta-ja-lapinakyvyys\">Offentlig kommunikasjon og \u00e5penhet<\/h2>\n\n\n\n<ul class=\"wp-block-list\">\n<li>Vi vil legge ut varsler i Helpdesk hvis hendelsen ber\u00f8rer et stort antall brukere.<\/li>\n\n\n\n<li>Vi har utarbeidet en regelmessig \u00e5penhetsrapport, som inneholder aggregert informasjon om varsler, responstider og tiltak (uten personopplysninger).<\/li>\n<\/ul>\n\n\n\n<h2 class=\"wp-block-heading\" id=\"h-yksityisyys-ja-henkilotiedot\">Personvern og personopplysninger<\/h2>\n\n\n\n<ul class=\"wp-block-list\">\n<li>Vi behandler de oppgitte opplysningene kun med det form\u00e5l \u00e5 administrere saken (rettslig grunnlag: berettiget interesse og\/eller rettslig forpliktelse).<\/li>\n\n\n\n<li>Rettigheter: rett til innsyn, retting, sletting, innsigelse og portabilitet - vennligst skriv til <strong>info@sugardaddynordic.com<\/strong>.<\/li>\n\n\n\n<li>Oppbevaringsperiode: saksdokumentene oppbevares <strong>2 \u00e5r<\/strong>, med mindre annet er p\u00e5krevd ved lov.<\/li>\n\n\n\n<li>Se v\u00e5re retningslinjer for personvern og informasjonskapsler for mer informasjon.<\/li>\n<\/ul>\n\n\n\n<h2 class=\"wp-block-heading\" id=\"h-yhteistyo-viranomaisten-kanssa\">Samarbeid med myndighetene<\/h2>\n\n\n\n<ul class=\"wp-block-list\">\n<li>Vi svarer p\u00e5 gyldige juridiske foresp\u00f8rsler og saker der det er en overhengende risiko.<\/li>\n\n\n\n<li>Vi vil ikke svare p\u00e5 politiets foresp\u00f8rsler uten en rettskjennelse.<\/li>\n\n\n\n<li>Vi ber om de n\u00f8dvendige dokumentene og registrerer hver foresp\u00f8rsel for \u00e5 sikre \u00e5penhet.<\/li>\n\n\n\n<li>Politiets foresp\u00f8rsler m\u00e5 inneholde <strong>rettsordre<\/strong> og identifikasjonsnummeret til tjenestemannen.<\/li>\n<\/ul>\n\n\n\n<h2 class=\"wp-block-heading\" id=\"h-haavoittuvuuksien-vastuullinen-ilmoittaminen\">Ansvarlig rapportering av s\u00e5rbarheter<\/h2>\n\n\n\n<p>Hvis du oppdager et sikkerhetsproblem:<\/p>\n\n\n\n<ul class=\"wp-block-list\">\n<li>Ikke bruk den, og ikke publiser den offentlig.<\/li>\n\n\n\n<li>Skriv til oss p\u00e5 <strong>info@sugardaddynordic.com<\/strong> og inkluderer repetisjonstrinn.<\/li>\n\n\n\n<li>Vi gir deg en bekreftelse innen 72 timer og en oppdatering innen 7 dager.<\/li>\n\n\n\n<li>Vi kan tilby offentlig anerkjennelse der det er hensiktsmessig.<\/li>\n<\/ul>\n\n\n\n<h2 class=\"wp-block-heading\" id=\"h-politiikan-paivitykset\">Oppdaterte retningslinjer<\/h2>\n\n\n\n<p>Siste anmeldelse: <strong>26.10.2025<\/strong>.<br>Vi kan oppdatere disse retningslinjene for \u00e5 forbedre prosesser eller for \u00e5 oppfylle endringer i regelverket. Vi vil opprettholde en historikk over endringer.<\/p>","protected":false},"excerpt":{"rendered":"<p>Aktive retningslinjer for respons Hos SugarDaddyNordic prioriterer vi sikkerhet, \u00e5penhet og rask respons p\u00e5 behovene til samfunnet v\u00e5rt. Disse retningslinjene forklarer hvordan vi mottar, prioriterer og behandler foresp\u00f8rsler, klager, varsler og sp\u00f8rsm\u00e5l. Vi gir hver hendelse en f\u00f8rsteprioritet og tar sikte p\u00e5 \u00e5 oppfylle f\u00f8lgende m\u00e5l. <a title=\"Retningslinjer for aktiv responsAktiv respons\" class=\"read-more\" href=\"https:\/\/sugardaddynordic.com\/nb\/aktiivinen-vastaus\/\" aria-label=\"Read more about Aktiivinen VastausAktiivisen vastauksen politiikka\">Les mer om dette<\/a><\/p>","protected":false},"author":1,"featured_media":0,"parent":0,"menu_order":0,"comment_status":"closed","ping_status":"closed","template":"","meta":{"generate_page_header":"","footnotes":""},"class_list":{"0":"post-13441","1":"page","2":"type-page","3":"status-publish","5":"infinite-scroll-item"},"featured_image_urls":{"full":"","thumbnail":"","medium":"","medium_large":"","large":"","1536x1536":"","2048x2048":"","trp-custom-language-flag":"","crp_thumbnail":""},"post_excerpt_stackable":"<p>SugarDaddyNordic -palvelussa asetamme etusijalle turvallisuuden, l\u00e4pin\u00e4kyvyyden ja nopean reagoinnin yhteis\u00f6mme tarpeisiin. T\u00e4m\u00e4 politiikka selitt\u00e4\u00e4, miten vastaanotamme, priorisoimme ja k\u00e4sittelemme pyynt\u00f6j\u00e4, valituksia, ilmoituksia ja kyselyit\u00e4. Viralliset yhteydenottokanavat Yhteydenottolomake: \/contact Yleinen tuki \/ Tietosuoja \/ V\u00e4\u00e4rink\u00e4yt\u00f6kset \/ identiteetin v\u00e4\u00e4rink\u00e4ytt\u00f6 \u2026 ja yhteisty\u00f6 oikeusviranomaisten kanssa*: Tietosuoja: info@sugardaddynordic.com Luokittelu ja vastausajat (SLA) Annamme jokaiselle tapaukselle alkuper\u00e4isen prioriteetin ja pyrimme noudattamaan seuraavia tavoitteita: PrioriteettiEsimerkitVastaanottokuittausEnsitoimetArvioitu ratkaisu*KiireellinenAlaik\u00e4isten tai fyysisen koskemattomuuden riski, uskottavat uhkaukset, aktiivinen identiteettivarkaus, doxxaus, laittoman sis\u00e4ll\u00f6n levitt\u00e4minen0\u20136 h0\u201312 h24\u201348 hKorkeaPetos, vakava h\u00e4irint\u00e4, kiristys, v\u00e4\u00e4r\u00e4t veloitukset, tietovuoto24 h24\u201348 h3\u20135 p\u00e4iv\u00e4\u00e4KeskitasoProfiiliraportit, harhaanjohtava sis\u00e4lt\u00f6, tiliongelmat48 h2\u20133 p\u00e4iv\u00e4\u00e47 p\u00e4iv\u00e4\u00e4MatalaEhdotukset, yleiset kyselyt72 h3\u20135 p\u00e4iv\u00e4\u00e414 p\u00e4iv\u00e4\u00e4 * M\u00e4\u00e4r\u00e4ajat voivat vaihdella tapauksen&hellip;<\/p>\n","category_list":"","author_info":{"name":"Admin de SugarDaddySuomi","url":"https:\/\/sugardaddynordic.com\/nb\/author\/poweb\/"},"comments_num":"0 comments","featured_image_urls_v2":{"full":"","thumbnail":"","medium":"","medium_large":"","large":"","1536x1536":"","2048x2048":"","trp-custom-language-flag":"","crp_thumbnail":""},"post_excerpt_stackable_v2":"<p>SugarDaddyNordic -palvelussa asetamme etusijalle turvallisuuden, l\u00e4pin\u00e4kyvyyden ja nopean reagoinnin yhteis\u00f6mme tarpeisiin. T\u00e4m\u00e4 politiikka selitt\u00e4\u00e4, miten vastaanotamme, priorisoimme ja k\u00e4sittelemme pyynt\u00f6j\u00e4, valituksia, ilmoituksia ja kyselyit\u00e4. Viralliset yhteydenottokanavat Yhteydenottolomake: \/contact Yleinen tuki \/ Tietosuoja \/ V\u00e4\u00e4rink\u00e4yt\u00f6kset \/ identiteetin v\u00e4\u00e4rink\u00e4ytt\u00f6 \u2026 ja yhteisty\u00f6 oikeusviranomaisten kanssa*: Tietosuoja: info@sugardaddynordic.com Luokittelu ja vastausajat (SLA) Annamme jokaiselle tapaukselle alkuper\u00e4isen prioriteetin ja pyrimme noudattamaan seuraavia tavoitteita: PrioriteettiEsimerkitVastaanottokuittausEnsitoimetArvioitu ratkaisu*KiireellinenAlaik\u00e4isten tai fyysisen koskemattomuuden riski, uskottavat uhkaukset, aktiivinen identiteettivarkaus, doxxaus, laittoman sis\u00e4ll\u00f6n levitt\u00e4minen0\u20136 h0\u201312 h24\u201348 hKorkeaPetos, vakava h\u00e4irint\u00e4, kiristys, v\u00e4\u00e4r\u00e4t veloitukset, tietovuoto24 h24\u201348 h3\u20135 p\u00e4iv\u00e4\u00e4KeskitasoProfiiliraportit, harhaanjohtava sis\u00e4lt\u00f6, tiliongelmat48 h2\u20133 p\u00e4iv\u00e4\u00e47 p\u00e4iv\u00e4\u00e4MatalaEhdotukset, yleiset kyselyt72 h3\u20135 p\u00e4iv\u00e4\u00e414 p\u00e4iv\u00e4\u00e4 * M\u00e4\u00e4r\u00e4ajat voivat vaihdella tapauksen&hellip;<\/p>\n","category_list_v2":"","author_info_v2":{"name":"Admin de SugarDaddySuomi","url":"https:\/\/sugardaddynordic.com\/nb\/author\/poweb\/"},"comments_num_v2":"0 comments","yoast_head":"<!-- This site is optimized with the Yoast SEO Premium plugin v26.0 (Yoast SEO v27.3) - https:\/\/yoast.com\/product\/yoast-seo-premium-wordpress\/ -->\n<title>Aktiivinen VastausAktiivisen vastauksen politiikka<\/title>\n<meta name=\"robots\" content=\"index, follow, max-snippet:-1, max-image-preview:large, max-video-preview:-1\" \/>\n<link rel=\"canonical\" href=\"https:\/\/sugardaddynordic.com\/nb\/aktiv-respons\/\" \/>\n<meta property=\"og:locale\" content=\"nb_NO\" \/>\n<meta property=\"og:type\" content=\"article\" \/>\n<meta property=\"og:title\" content=\"Aktiivinen VastausAktiivisen vastauksen politiikka\" \/>\n<meta property=\"og:description\" content=\"SugarDaddyNordic -palvelussa asetamme etusijalle turvallisuuden, l\u00e4pin\u00e4kyvyyden ja nopean reagoinnin yhteis\u00f6mme tarpeisiin. T\u00e4m\u00e4 politiikka selitt\u00e4\u00e4, miten vastaanotamme, priorisoimme ja k\u00e4sittelemme pyynt\u00f6j\u00e4, valituksia, ilmoituksia ja kyselyit\u00e4. Viralliset yhteydenottokanavat Luokittelu ja vastausajat (SLA) Annamme jokaiselle tapaukselle alkuper\u00e4isen prioriteetin ja pyrimme noudattamaan seuraavia tavoitteita: Prioriteetti Esimerkit Vastaanottokuittaus Ensitoimet Arvioitu ratkaisu* Kiireellinen Alaik\u00e4isten tai fyysisen koskemattomuuden riski, uskottavat uhkaukset, aktiivinen ... Read more\" \/>\n<meta property=\"og:url\" content=\"https:\/\/sugardaddynordic.com\/nb\/aktiv-respons\/\" \/>\n<meta property=\"og:site_name\" content=\"Sugar Daddy Nordic \u00ae\" \/>\n<meta property=\"article:modified_time\" content=\"2025-10-26T06:16:26+00:00\" \/>\n<meta property=\"og:image\" content=\"https:\/\/sugardaddynordic.com\/wp-content\/uploads\/2025\/10\/Logo-Sugar-Daddy-Nordic.png\" \/>\n\t<meta property=\"og:image:width\" content=\"1024\" \/>\n\t<meta property=\"og:image:height\" content=\"1024\" \/>\n\t<meta property=\"og:image:type\" content=\"image\/png\" \/>\n<meta name=\"twitter:card\" content=\"summary_large_image\" \/>\n<meta name=\"twitter:label1\" content=\"Ansl. lesetid\" \/>\n\t<meta name=\"twitter:data1\" content=\"3 minutter\" \/>\n<script type=\"application\/ld+json\" class=\"yoast-schema-graph\">{\"@context\":\"https:\\\/\\\/schema.org\",\"@graph\":[{\"@type\":\"WebPage\",\"@id\":\"https:\\\/\\\/sugardaddynordic.com\\\/aktiivinen-vastaus\\\/\",\"url\":\"https:\\\/\\\/sugardaddynordic.com\\\/aktiivinen-vastaus\\\/\",\"name\":\"Aktiivinen VastausAktiivisen vastauksen politiikka\",\"isPartOf\":{\"@id\":\"https:\\\/\\\/sugardaddynordic.com\\\/#website\"},\"datePublished\":\"2025-08-28T08:08:50+00:00\",\"dateModified\":\"2025-10-26T06:16:26+00:00\",\"breadcrumb\":{\"@id\":\"https:\\\/\\\/sugardaddynordic.com\\\/aktiivinen-vastaus\\\/#breadcrumb\"},\"inLanguage\":\"nb-NO\",\"potentialAction\":[{\"@type\":\"ReadAction\",\"target\":[\"https:\\\/\\\/sugardaddynordic.com\\\/aktiivinen-vastaus\\\/\"]}]},{\"@type\":\"BreadcrumbList\",\"@id\":\"https:\\\/\\\/sugardaddynordic.com\\\/aktiivinen-vastaus\\\/#breadcrumb\",\"itemListElement\":[{\"@type\":\"ListItem\",\"position\":1,\"name\":\"Home\",\"item\":\"https:\\\/\\\/sugardaddynordic.com\\\/\"},{\"@type\":\"ListItem\",\"position\":2,\"name\":\"Aktiivinen VastausAktiivisen vastauksen politiikka\"}]},{\"@type\":\"WebSite\",\"@id\":\"https:\\\/\\\/sugardaddynordic.com\\\/#website\",\"url\":\"https:\\\/\\\/sugardaddynordic.com\\\/\",\"name\":\"Sugar Daddy Nordic\",\"description\":\"\",\"publisher\":{\"@id\":\"https:\\\/\\\/sugardaddynordic.com\\\/#organization\"},\"alternateName\":\"Sugar Daddy Nordic powered by Sugar Daddy Planet\",\"potentialAction\":[{\"@type\":\"SearchAction\",\"target\":{\"@type\":\"EntryPoint\",\"urlTemplate\":\"https:\\\/\\\/sugardaddynordic.com\\\/?s={search_term_string}\"},\"query-input\":{\"@type\":\"PropertyValueSpecification\",\"valueRequired\":true,\"valueName\":\"search_term_string\"}}],\"inLanguage\":\"nb-NO\"},{\"@type\":[\"Organization\",\"DatingService\"],\"@id\":\"https:\\\/\\\/sugardaddynordic.com\\\/#organization\",\"name\":\"Sugar Daddy Nordic\",\"url\":\"https:\\\/\\\/sugardaddynordic.com\\\/\",\"logo\":{\"@type\":\"ImageObject\",\"inLanguage\":\"nb-NO\",\"@id\":\"https:\\\/\\\/sugardaddynordic.com\\\/#\\\/schema\\\/logo\\\/image\\\/\",\"url\":\"https:\\\/\\\/sugardaddynordic.com\\\/wp-content\\\/uploads\\\/2025\\\/10\\\/cropped-Logo-Sugar-Daddy-Nordic.png\",\"contentUrl\":\"https:\\\/\\\/sugardaddynordic.com\\\/wp-content\\\/uploads\\\/2025\\\/10\\\/cropped-Logo-Sugar-Daddy-Nordic.png\",\"width\":1022,\"height\":323,\"caption\":\"Sugar Daddy Nordic\"},\"image\":{\"@id\":\"https:\\\/\\\/sugardaddynordic.com\\\/#\\\/schema\\\/logo\\\/image\\\/\"},\"serviceType\":\"Dating Service\",\"category\":\"Dating\",\"publishingPrinciples\":\"https:\\\/\\\/sugardaddynordic.com\\\/julkaisustandardit\\\/\",\"ownershipFundingInfo\":\"https:\\\/\\\/sugardaddynordic.com\\\/rahoitus\\\/\",\"actionableFeedbackPolicy\":\"https:\\\/\\\/sugardaddynordic.com\\\/korjauskaytanto\\\/\",\"correctionsPolicy\":\"https:\\\/\\\/sugardaddynordic.com\\\/korjauskaytanto\\\/\",\"ethicsPolicy\":\"https:\\\/\\\/sugardaddynordic.com\\\/eettinen-politiikka\\\/\",\"diversityPolicy\":\"https:\\\/\\\/sugardaddynordic.com\\\/monimuotoisuus\\\/\",\"diversityStaffingReport\":\"https:\\\/\\\/sugardaddynordic.com\\\/yhteistyo\\\/\"}]}<\/script>\n<!-- \/ Yoast SEO Premium plugin. -->","yoast_head_json":{"title":"Retningslinjer for aktiv responsAktiv respons","robots":{"index":"index","follow":"follow","max-snippet":"max-snippet:-1","max-image-preview":"max-image-preview:large","max-video-preview":"max-video-preview:-1"},"canonical":"https:\/\/sugardaddynordic.com\/nb\/aktiv-respons\/","og_locale":"nb_NO","og_type":"article","og_title":"Aktiivinen VastausAktiivisen vastauksen politiikka","og_description":"SugarDaddyNordic -palvelussa asetamme etusijalle turvallisuuden, l\u00e4pin\u00e4kyvyyden ja nopean reagoinnin yhteis\u00f6mme tarpeisiin. T\u00e4m\u00e4 politiikka selitt\u00e4\u00e4, miten vastaanotamme, priorisoimme ja k\u00e4sittelemme pyynt\u00f6j\u00e4, valituksia, ilmoituksia ja kyselyit\u00e4. Viralliset yhteydenottokanavat Luokittelu ja vastausajat (SLA) Annamme jokaiselle tapaukselle alkuper\u00e4isen prioriteetin ja pyrimme noudattamaan seuraavia tavoitteita: Prioriteetti Esimerkit Vastaanottokuittaus Ensitoimet Arvioitu ratkaisu* Kiireellinen Alaik\u00e4isten tai fyysisen koskemattomuuden riski, uskottavat uhkaukset, aktiivinen ... Read more","og_url":"https:\/\/sugardaddynordic.com\/nb\/aktiv-respons\/","og_site_name":"Sugar Daddy Nordic \u00ae","article_modified_time":"2025-10-26T06:16:26+00:00","og_image":[{"width":1024,"height":1024,"url":"https:\/\/sugardaddynordic.com\/wp-content\/uploads\/2025\/10\/Logo-Sugar-Daddy-Nordic.png","type":"image\/png"}],"twitter_card":"summary_large_image","twitter_misc":{"Ansl. lesetid":"3 minutter"},"schema":{"@context":"https:\/\/schema.org","@graph":[{"@type":"WebPage","@id":"https:\/\/sugardaddynordic.com\/aktiivinen-vastaus\/","url":"https:\/\/sugardaddynordic.com\/aktiivinen-vastaus\/","name":"Retningslinjer for aktiv responsAktiv respons","isPartOf":{"@id":"https:\/\/sugardaddynordic.com\/#website"},"datePublished":"2025-08-28T08:08:50+00:00","dateModified":"2025-10-26T06:16:26+00:00","breadcrumb":{"@id":"https:\/\/sugardaddynordic.com\/aktiivinen-vastaus\/#breadcrumb"},"inLanguage":"nb-NO","potentialAction":[{"@type":"ReadAction","target":["https:\/\/sugardaddynordic.com\/aktiivinen-vastaus\/"]}]},{"@type":"BreadcrumbList","@id":"https:\/\/sugardaddynordic.com\/aktiivinen-vastaus\/#breadcrumb","itemListElement":[{"@type":"ListItem","position":1,"name":"Home","item":"https:\/\/sugardaddynordic.com\/"},{"@type":"ListItem","position":2,"name":"Aktiivinen VastausAktiivisen vastauksen politiikka"}]},{"@type":"WebSite","@id":"https:\/\/sugardaddynordic.com\/#website","url":"https:\/\/sugardaddynordic.com\/","name":"Sugar Daddy Nordic","description":"","publisher":{"@id":"https:\/\/sugardaddynordic.com\/#organization"},"alternateName":"Sugar Daddy Nordic powered by Sugar Daddy Planet","potentialAction":[{"@type":"SearchAction","target":{"@type":"EntryPoint","urlTemplate":"https:\/\/sugardaddynordic.com\/?s={search_term_string}"},"query-input":{"@type":"PropertyValueSpecification","valueRequired":true,"valueName":"search_term_string"}}],"inLanguage":"nb-NO"},{"@type":["Organization","DatingService"],"@id":"https:\/\/sugardaddynordic.com\/#organization","name":"Sugar Daddy Nordic","url":"https:\/\/sugardaddynordic.com\/","logo":{"@type":"ImageObject","inLanguage":"nb-NO","@id":"https:\/\/sugardaddynordic.com\/#\/schema\/logo\/image\/","url":"https:\/\/sugardaddynordic.com\/wp-content\/uploads\/2025\/10\/cropped-Logo-Sugar-Daddy-Nordic.png","contentUrl":"https:\/\/sugardaddynordic.com\/wp-content\/uploads\/2025\/10\/cropped-Logo-Sugar-Daddy-Nordic.png","width":1022,"height":323,"caption":"Sugar Daddy Nordic"},"image":{"@id":"https:\/\/sugardaddynordic.com\/#\/schema\/logo\/image\/"},"serviceType":"Dating Service","category":"Dating","publishingPrinciples":"https:\/\/sugardaddynordic.com\/julkaisustandardit\/","ownershipFundingInfo":"https:\/\/sugardaddynordic.com\/rahoitus\/","actionableFeedbackPolicy":"https:\/\/sugardaddynordic.com\/korjauskaytanto\/","correctionsPolicy":"https:\/\/sugardaddynordic.com\/korjauskaytanto\/","ethicsPolicy":"https:\/\/sugardaddynordic.com\/eettinen-politiikka\/","diversityPolicy":"https:\/\/sugardaddynordic.com\/monimuotoisuus\/","diversityStaffingReport":"https:\/\/sugardaddynordic.com\/yhteistyo\/"}]}},"_links":{"self":[{"href":"https:\/\/sugardaddynordic.com\/nb\/wp-json\/wp\/v2\/pages\/13441","targetHints":{"allow":["GET"]}}],"collection":[{"href":"https:\/\/sugardaddynordic.com\/nb\/wp-json\/wp\/v2\/pages"}],"about":[{"href":"https:\/\/sugardaddynordic.com\/nb\/wp-json\/wp\/v2\/types\/page"}],"author":[{"embeddable":true,"href":"https:\/\/sugardaddynordic.com\/nb\/wp-json\/wp\/v2\/users\/1"}],"replies":[{"embeddable":true,"href":"https:\/\/sugardaddynordic.com\/nb\/wp-json\/wp\/v2\/comments?post=13441"}],"version-history":[{"count":0,"href":"https:\/\/sugardaddynordic.com\/nb\/wp-json\/wp\/v2\/pages\/13441\/revisions"}],"wp:attachment":[{"href":"https:\/\/sugardaddynordic.com\/nb\/wp-json\/wp\/v2\/media?parent=13441"}],"curies":[{"name":"wp","href":"https:\/\/api.w.org\/{rel}","templated":true}]}}