{"id":13443,"date":"2025-08-28T11:08:54","date_gmt":"2025-08-28T08:08:54","guid":{"rendered":"https:\/\/sugardaddynordic.com\/?page_id=13443"},"modified":"2025-10-26T08:21:24","modified_gmt":"2025-10-26T06:21:24","slug":"publiseringsstandarder","status":"publish","type":"page","link":"https:\/\/sugardaddynordic.com\/nb\/julkaisustandardit\/","title":{"rendered":"Publiseringsstandarder"},"content":{"rendered":"<p>P\u00e5 SugarDaddyNordic-bloggen publiserer vi realistisk, nyttig og ansvarlig innhold <strong>sugar dating mellom voksne (18+)<\/strong>.<br>Vi lover ikke raske resultater eller idealiserte opplevelser: Vi selger ikke ideen om \u00e5 \"finne en million\u00e6r p\u00e5 to dager\".<br>Vi investerer i sunne forventninger, t\u00e5lmodighet, trygghet og respekt.<\/p>\n\n\n\n<h2 class=\"wp-block-heading\" id=\"h-kenelle-kirjoitamme\">Hvem vi skriver til<\/h2>\n\n\n\n<ul class=\"wp-block-list\">\n<li>For menn og kvinner i myndig alder som er interessert i mannlige\u2194kvinnelige forhold innenfor v\u00e5r plattform.<\/li>\n\n\n\n<li>For lesere som er ute etter tydelig informasjon, sikkerhetstips og praktiske r\u00e5d.<\/li>\n<\/ul>\n\n\n\n<h2 class=\"wp-block-heading\" id=\"h-mita-julkaisemme\">Hva vi publiserer<\/h2>\n\n\n\n<ul class=\"wp-block-list\">\n<li>Veiledning og r\u00e5d basert p\u00e5 erfaring og god praksis (f.eks. sikkerhet, hvordan man lager en \u00e6rlig profil, f\u00f8rste m\u00f8ter).<\/li>\n\n\n\n<li>Opplysende innhold om realistiske forventninger: Sugardating krever tid og t\u00e5lmodighet.<\/li>\n\n\n\n<li>Artikler om livsstil og etikette: grenser, kommunikasjon og samtykke.<\/li>\n\n\n\n<li>Policyoppdateringer, produktnyheter og kunngj\u00f8ringer som er relevante for samfunnet.<\/li>\n<\/ul>\n\n\n\n<h2 class=\"wp-block-heading\" id=\"h-mita-emme-julkaise\">Hva vi ikke publiserer<\/h2>\n\n\n\n<ul class=\"wp-block-list\">\n<li>Villedende l\u00f8fter (\"partner innen 24 timer\", \"garantert million\u00e6r\").<\/li>\n\n\n\n<li>Sensasjonsmakeri eller klikkagn.<\/li>\n\n\n\n<li>Seksuelt eksplisitt innhold eller materiale som fremmer ulovlige aktiviteter.<\/li>\n\n\n\n<li>Veiledning til misbruk, svindel eller praksis som er i strid med v\u00e5re retningslinjer og loven.<\/li>\n<\/ul>\n\n\n\n<h2 class=\"wp-block-heading\" id=\"h-tyyli-ja-toimitukselliset-standardit\">Stil og redaksjonelle standarder<\/h2>\n\n\n\n<ul class=\"wp-block-list\">\n<li><strong>Realistisk og ikke-sensasjonistisk<\/strong>: Prioriterer nytte fremfor underholdning.<\/li>\n\n\n\n<li><strong>Tydelig og direkte<\/strong>: forst\u00e5elig spr\u00e5k uten villedende eufemismer.<\/li>\n\n\n\n<li><strong>Respekt og samtykke<\/strong>: alle anbefalinger er basert p\u00e5 legalitet og fri avtale mellom voksne mennesker.<\/li>\n<\/ul>\n\n\n\n<h2 class=\"wp-block-heading\" id=\"h-lahteet-tarkistus-ja-korjaukset\">Kilder, revisjon og rettelser<\/h2>\n\n\n\n<ul class=\"wp-block-list\">\n<li>Vi sammenligner data med p\u00e5litelige kilder der det er hensiktsmessig (studier, regelverk, myndigheter).<\/li>\n\n\n\n<li>Vi vil kunngj\u00f8re datoen for oppdateringen og gj\u00f8re oppmerksom p\u00e5 eventuelle vesentlige endringer.<\/li>\n\n\n\n<li>Hvis du finner en feil, se <strong>V\u00e5re retningslinjer for reparasjoner<\/strong> og skriv til oss: <strong>info@sugardaddynordic.com<\/strong>.<\/li>\n<\/ul>\n\n\n\n<h2 class=\"wp-block-heading\" id=\"h-toimituksellinen-riippumattomuus-ja-rahoitus\">Redaksjonell uavhengighet og finansiering<\/h2>\n\n\n\n<ul class=\"wp-block-list\">\n<li>V\u00e5re anbefalinger p\u00e5virkes ikke av reklame, partnerskap eller sponsing.<\/li>\n\n\n\n<li>Eventuelt sponset innhold eller tilknyttede lenker vil v\u00e6re tydelig merket.<\/li>\n\n\n\n<li>For mer informasjon: <strong>Eierskap og finansiering<\/strong>.<\/li>\n<\/ul>\n\n\n\n<h2 class=\"wp-block-heading\" id=\"h-kuvat-tapaukset-ja-yksityisyys\">Bilder, saker og personvern<\/h2>\n\n\n\n<ul class=\"wp-block-list\">\n<li>Vi unng\u00e5r bilder eller historier som romantiserer risiko eller skaper urealistiske forventninger.<\/li>\n\n\n\n<li>De praktiske eksemplene er anonymiserte og inneholder aldri identifiserbare personopplysninger.<\/li>\n<\/ul>\n\n\n\n<h2 class=\"wp-block-heading\" id=\"h-rajat-ja-turvallisuus\">Grenser og sikkerhet<\/h2>\n\n\n\n<ul class=\"wp-block-list\">\n<li>Vi bryr oss ikke om gebyrer, vi promoterer ikke sextjenester eller ulovlig praksis.<\/li>\n\n\n\n<li>Vi forsterker sikkerhetsbudskapene: bekrefte identiteten p\u00e5 forh\u00e5nd, m\u00f8tes p\u00e5 offentlige steder, kontrollere grenser og bruke blokkeringsverkt\u00f8y\/rapportering.<\/li>\n\n\n\n<li>For varsler eller assistanse: se <strong>Politikk for aktiv respons<\/strong>.<\/li>\n<\/ul>\n\n\n\n<h3 class=\"wp-block-heading\" id=\"h-paivitykset\">Oppdateringer<\/h3>\n\n\n\n<p>Siste revisjon: 26.10.2025<br>Vi kan oppdatere disse prinsippene for \u00e5 gj\u00f8re dem tydeligere og tilpasse dem til retningslinjene v\u00e5re.<\/p>","protected":false},"excerpt":{"rendered":"<p>P\u00e5 SugarDaddyNordic-bloggen publiserer vi realistisk, nyttig og ansvarlig innhold om sugardating mellom voksne (18+). Vi lover ikke raske resultater eller idealiserte opplevelser: Vi selger ikke ideen om \u00e5 \"finne en million\u00e6r p\u00e5 to dager\". Vi fokuserer p\u00e5 sunne forventninger, t\u00e5lmodighet, trygghet og respekt. Hvem vi skriver for Hva vi publiserer Hva vi ikke publiserer Stil og redaksjonelle standarder Kilder, korrektur og rettelser Redaksjonell uavhengighet og finansiering Bilder, saker og personvern Grenser [...]. <a title=\"Publiseringsstandarder\" class=\"read-more\" href=\"https:\/\/sugardaddynordic.com\/nb\/julkaisustandardit\/\" aria-label=\"Read more about Julkaisustandardit\">Les mer om dette<\/a><\/p>","protected":false},"author":1,"featured_media":0,"parent":0,"menu_order":0,"comment_status":"closed","ping_status":"closed","template":"","meta":{"generate_page_header":"","footnotes":""},"class_list":{"0":"post-13443","1":"page","2":"type-page","3":"status-publish","5":"infinite-scroll-item"},"featured_image_urls":{"full":"","thumbnail":"","medium":"","medium_large":"","large":"","1536x1536":"","2048x2048":"","trp-custom-language-flag":"","crp_thumbnail":""},"post_excerpt_stackable":"<p>SugarDaddyNordic-blogissa julkaisemme realistista, hy\u00f6dyllist\u00e4 ja vastuullista sis\u00e4lt\u00f6\u00e4 sugar datingista t\u00e4ysi-ik\u00e4isten (18+) v\u00e4lill\u00e4.Emme lupaa nopeita tuloksia tai idealisoituja kokemuksia: emme myy ajatusta \u201cl\u00f6yd\u00e4t miljon\u00e4\u00e4rin kahdessa p\u00e4iv\u00e4ss\u00e4\u201d.Panostamme terveisiin odotuksiin, k\u00e4rsiv\u00e4llisyyteen, turvallisuuteen ja kunnioitukseen. Kenelle kirjoitamme T\u00e4ysi-ik\u00e4isille miehille ja naisille, jotka ovat kiinnostuneita mies\u2194nainen -suhteista alustamme puitteissa. Lukijoille, jotka etsiv\u00e4t selke\u00e4\u00e4 tietoa, turvallisuusvinkkej\u00e4 ja k\u00e4yt\u00e4nn\u00f6n ohjeita. Mit\u00e4 julkaisemme Oppaita ja neuvoja kokemusten ja hyvien k\u00e4yt\u00e4nt\u00f6jen pohjalta (esim. turvallisuus, miten luoda rehellinen profiili, ensimm\u00e4iset tapaamiset). Kasvatuksellista sis\u00e4lt\u00f6\u00e4 realistisista odotuksista: sugar dating vaatii aikaa ja k\u00e4rsiv\u00e4llisyytt\u00e4. El\u00e4m\u00e4ntyyliin ja etikettiin liittyvi\u00e4 artikkeleita: rajat, viestint\u00e4 ja suostumus. Politiikkap\u00e4ivityksi\u00e4, tuoteuutuuksia ja yhteis\u00f6lle merkityksellisi\u00e4 ilmoituksia. Mit\u00e4 emme julkaise Harhaanjohtavia&hellip;<\/p>\n","category_list":"","author_info":{"name":"Admin de SugarDaddySuomi","url":"https:\/\/sugardaddynordic.com\/nb\/author\/poweb\/"},"comments_num":"0 comments","featured_image_urls_v2":{"full":"","thumbnail":"","medium":"","medium_large":"","large":"","1536x1536":"","2048x2048":"","trp-custom-language-flag":"","crp_thumbnail":""},"post_excerpt_stackable_v2":"<p>SugarDaddyNordic-blogissa julkaisemme realistista, hy\u00f6dyllist\u00e4 ja vastuullista sis\u00e4lt\u00f6\u00e4 sugar datingista t\u00e4ysi-ik\u00e4isten (18+) v\u00e4lill\u00e4.Emme lupaa nopeita tuloksia tai idealisoituja kokemuksia: emme myy ajatusta \u201cl\u00f6yd\u00e4t miljon\u00e4\u00e4rin kahdessa p\u00e4iv\u00e4ss\u00e4\u201d.Panostamme terveisiin odotuksiin, k\u00e4rsiv\u00e4llisyyteen, turvallisuuteen ja kunnioitukseen. Kenelle kirjoitamme T\u00e4ysi-ik\u00e4isille miehille ja naisille, jotka ovat kiinnostuneita mies\u2194nainen -suhteista alustamme puitteissa. Lukijoille, jotka etsiv\u00e4t selke\u00e4\u00e4 tietoa, turvallisuusvinkkej\u00e4 ja k\u00e4yt\u00e4nn\u00f6n ohjeita. Mit\u00e4 julkaisemme Oppaita ja neuvoja kokemusten ja hyvien k\u00e4yt\u00e4nt\u00f6jen pohjalta (esim. turvallisuus, miten luoda rehellinen profiili, ensimm\u00e4iset tapaamiset). Kasvatuksellista sis\u00e4lt\u00f6\u00e4 realistisista odotuksista: sugar dating vaatii aikaa ja k\u00e4rsiv\u00e4llisyytt\u00e4. El\u00e4m\u00e4ntyyliin ja etikettiin liittyvi\u00e4 artikkeleita: rajat, viestint\u00e4 ja suostumus. Politiikkap\u00e4ivityksi\u00e4, tuoteuutuuksia ja yhteis\u00f6lle merkityksellisi\u00e4 ilmoituksia. Mit\u00e4 emme julkaise Harhaanjohtavia&hellip;<\/p>\n","category_list_v2":"","author_info_v2":{"name":"Admin de SugarDaddySuomi","url":"https:\/\/sugardaddynordic.com\/nb\/author\/poweb\/"},"comments_num_v2":"0 comments","yoast_head":"<!-- This site is optimized with the Yoast SEO Premium plugin v26.0 (Yoast SEO v27.3) - https:\/\/yoast.com\/product\/yoast-seo-premium-wordpress\/ -->\n<title>Julkaisustandardit<\/title>\n<meta name=\"robots\" content=\"index, follow, max-snippet:-1, max-image-preview:large, max-video-preview:-1\" \/>\n<link rel=\"canonical\" href=\"https:\/\/sugardaddynordic.com\/nb\/publiseringsstandarder\/\" \/>\n<meta property=\"og:locale\" content=\"nb_NO\" \/>\n<meta property=\"og:type\" content=\"article\" \/>\n<meta property=\"og:title\" content=\"Julkaisustandardit\" \/>\n<meta property=\"og:description\" content=\"SugarDaddyNordic-blogissa julkaisemme realistista, hy\u00f6dyllist\u00e4 ja vastuullista sis\u00e4lt\u00f6\u00e4 sugar datingista t\u00e4ysi-ik\u00e4isten (18+) v\u00e4lill\u00e4.Emme lupaa nopeita tuloksia tai idealisoituja kokemuksia: emme myy ajatusta \u201cl\u00f6yd\u00e4t miljon\u00e4\u00e4rin kahdessa p\u00e4iv\u00e4ss\u00e4\u201d.Panostamme terveisiin odotuksiin, k\u00e4rsiv\u00e4llisyyteen, turvallisuuteen ja kunnioitukseen. Kenelle kirjoitamme Mit\u00e4 julkaisemme Mit\u00e4 emme julkaise Tyyli ja toimitukselliset standardit L\u00e4hteet, tarkistus ja korjaukset Toimituksellinen riippumattomuus ja rahoitus Kuvat, tapaukset ja yksityisyys Rajat ... Read more\" \/>\n<meta property=\"og:url\" content=\"https:\/\/sugardaddynordic.com\/nb\/publiseringsstandarder\/\" \/>\n<meta property=\"og:site_name\" content=\"Sugar Daddy Nordic \u00ae\" \/>\n<meta property=\"article:modified_time\" content=\"2025-10-26T06:21:24+00:00\" \/>\n<meta property=\"og:image\" content=\"https:\/\/sugardaddynordic.com\/wp-content\/uploads\/2025\/10\/Logo-Sugar-Daddy-Nordic.png\" \/>\n\t<meta property=\"og:image:width\" content=\"1024\" \/>\n\t<meta property=\"og:image:height\" content=\"1024\" \/>\n\t<meta property=\"og:image:type\" content=\"image\/png\" \/>\n<meta name=\"twitter:card\" content=\"summary_large_image\" \/>\n<meta name=\"twitter:label1\" content=\"Ansl. lesetid\" \/>\n\t<meta name=\"twitter:data1\" content=\"2 minutter\" \/>\n<script type=\"application\/ld+json\" class=\"yoast-schema-graph\">{\"@context\":\"https:\\\/\\\/schema.org\",\"@graph\":[{\"@type\":\"WebPage\",\"@id\":\"https:\\\/\\\/sugardaddynordic.com\\\/julkaisustandardit\\\/\",\"url\":\"https:\\\/\\\/sugardaddynordic.com\\\/julkaisustandardit\\\/\",\"name\":\"Julkaisustandardit\",\"isPartOf\":{\"@id\":\"https:\\\/\\\/sugardaddynordic.com\\\/#website\"},\"datePublished\":\"2025-08-28T08:08:54+00:00\",\"dateModified\":\"2025-10-26T06:21:24+00:00\",\"breadcrumb\":{\"@id\":\"https:\\\/\\\/sugardaddynordic.com\\\/julkaisustandardit\\\/#breadcrumb\"},\"inLanguage\":\"nb-NO\",\"potentialAction\":[{\"@type\":\"ReadAction\",\"target\":[\"https:\\\/\\\/sugardaddynordic.com\\\/julkaisustandardit\\\/\"]}]},{\"@type\":\"BreadcrumbList\",\"@id\":\"https:\\\/\\\/sugardaddynordic.com\\\/julkaisustandardit\\\/#breadcrumb\",\"itemListElement\":[{\"@type\":\"ListItem\",\"position\":1,\"name\":\"Home\",\"item\":\"https:\\\/\\\/sugardaddynordic.com\\\/\"},{\"@type\":\"ListItem\",\"position\":2,\"name\":\"Julkaisustandardit\"}]},{\"@type\":\"WebSite\",\"@id\":\"https:\\\/\\\/sugardaddynordic.com\\\/#website\",\"url\":\"https:\\\/\\\/sugardaddynordic.com\\\/\",\"name\":\"Sugar Daddy Nordic\",\"description\":\"\",\"publisher\":{\"@id\":\"https:\\\/\\\/sugardaddynordic.com\\\/#organization\"},\"alternateName\":\"Sugar Daddy Nordic powered by Sugar Daddy Planet\",\"potentialAction\":[{\"@type\":\"SearchAction\",\"target\":{\"@type\":\"EntryPoint\",\"urlTemplate\":\"https:\\\/\\\/sugardaddynordic.com\\\/?s={search_term_string}\"},\"query-input\":{\"@type\":\"PropertyValueSpecification\",\"valueRequired\":true,\"valueName\":\"search_term_string\"}}],\"inLanguage\":\"nb-NO\"},{\"@type\":[\"Organization\",\"DatingService\"],\"@id\":\"https:\\\/\\\/sugardaddynordic.com\\\/#organization\",\"name\":\"Sugar Daddy Nordic\",\"url\":\"https:\\\/\\\/sugardaddynordic.com\\\/\",\"logo\":{\"@type\":\"ImageObject\",\"inLanguage\":\"nb-NO\",\"@id\":\"https:\\\/\\\/sugardaddynordic.com\\\/#\\\/schema\\\/logo\\\/image\\\/\",\"url\":\"https:\\\/\\\/sugardaddynordic.com\\\/wp-content\\\/uploads\\\/2025\\\/10\\\/cropped-Logo-Sugar-Daddy-Nordic.png\",\"contentUrl\":\"https:\\\/\\\/sugardaddynordic.com\\\/wp-content\\\/uploads\\\/2025\\\/10\\\/cropped-Logo-Sugar-Daddy-Nordic.png\",\"width\":1022,\"height\":323,\"caption\":\"Sugar Daddy Nordic\"},\"image\":{\"@id\":\"https:\\\/\\\/sugardaddynordic.com\\\/#\\\/schema\\\/logo\\\/image\\\/\"},\"serviceType\":\"Dating Service\",\"category\":\"Dating\",\"publishingPrinciples\":\"https:\\\/\\\/sugardaddynordic.com\\\/julkaisustandardit\\\/\",\"ownershipFundingInfo\":\"https:\\\/\\\/sugardaddynordic.com\\\/rahoitus\\\/\",\"actionableFeedbackPolicy\":\"https:\\\/\\\/sugardaddynordic.com\\\/korjauskaytanto\\\/\",\"correctionsPolicy\":\"https:\\\/\\\/sugardaddynordic.com\\\/korjauskaytanto\\\/\",\"ethicsPolicy\":\"https:\\\/\\\/sugardaddynordic.com\\\/eettinen-politiikka\\\/\",\"diversityPolicy\":\"https:\\\/\\\/sugardaddynordic.com\\\/monimuotoisuus\\\/\",\"diversityStaffingReport\":\"https:\\\/\\\/sugardaddynordic.com\\\/yhteistyo\\\/\"}]}<\/script>\n<!-- \/ Yoast SEO Premium plugin. -->","yoast_head_json":{"title":"Publiseringsstandarder","robots":{"index":"index","follow":"follow","max-snippet":"max-snippet:-1","max-image-preview":"max-image-preview:large","max-video-preview":"max-video-preview:-1"},"canonical":"https:\/\/sugardaddynordic.com\/nb\/publiseringsstandarder\/","og_locale":"nb_NO","og_type":"article","og_title":"Julkaisustandardit","og_description":"SugarDaddyNordic-blogissa julkaisemme realistista, hy\u00f6dyllist\u00e4 ja vastuullista sis\u00e4lt\u00f6\u00e4 sugar datingista t\u00e4ysi-ik\u00e4isten (18+) v\u00e4lill\u00e4.Emme lupaa nopeita tuloksia tai idealisoituja kokemuksia: emme myy ajatusta \u201cl\u00f6yd\u00e4t miljon\u00e4\u00e4rin kahdessa p\u00e4iv\u00e4ss\u00e4\u201d.Panostamme terveisiin odotuksiin, k\u00e4rsiv\u00e4llisyyteen, turvallisuuteen ja kunnioitukseen. Kenelle kirjoitamme Mit\u00e4 julkaisemme Mit\u00e4 emme julkaise Tyyli ja toimitukselliset standardit L\u00e4hteet, tarkistus ja korjaukset Toimituksellinen riippumattomuus ja rahoitus Kuvat, tapaukset ja yksityisyys Rajat ... Read more","og_url":"https:\/\/sugardaddynordic.com\/nb\/publiseringsstandarder\/","og_site_name":"Sugar Daddy Nordic \u00ae","article_modified_time":"2025-10-26T06:21:24+00:00","og_image":[{"width":1024,"height":1024,"url":"https:\/\/sugardaddynordic.com\/wp-content\/uploads\/2025\/10\/Logo-Sugar-Daddy-Nordic.png","type":"image\/png"}],"twitter_card":"summary_large_image","twitter_misc":{"Ansl. lesetid":"2 minutter"},"schema":{"@context":"https:\/\/schema.org","@graph":[{"@type":"WebPage","@id":"https:\/\/sugardaddynordic.com\/julkaisustandardit\/","url":"https:\/\/sugardaddynordic.com\/julkaisustandardit\/","name":"Publiseringsstandarder","isPartOf":{"@id":"https:\/\/sugardaddynordic.com\/#website"},"datePublished":"2025-08-28T08:08:54+00:00","dateModified":"2025-10-26T06:21:24+00:00","breadcrumb":{"@id":"https:\/\/sugardaddynordic.com\/julkaisustandardit\/#breadcrumb"},"inLanguage":"nb-NO","potentialAction":[{"@type":"ReadAction","target":["https:\/\/sugardaddynordic.com\/julkaisustandardit\/"]}]},{"@type":"BreadcrumbList","@id":"https:\/\/sugardaddynordic.com\/julkaisustandardit\/#breadcrumb","itemListElement":[{"@type":"ListItem","position":1,"name":"Home","item":"https:\/\/sugardaddynordic.com\/"},{"@type":"ListItem","position":2,"name":"Julkaisustandardit"}]},{"@type":"WebSite","@id":"https:\/\/sugardaddynordic.com\/#website","url":"https:\/\/sugardaddynordic.com\/","name":"Sugar Daddy Nordic","description":"","publisher":{"@id":"https:\/\/sugardaddynordic.com\/#organization"},"alternateName":"Sugar Daddy Nordic powered by Sugar Daddy Planet","potentialAction":[{"@type":"SearchAction","target":{"@type":"EntryPoint","urlTemplate":"https:\/\/sugardaddynordic.com\/?s={search_term_string}"},"query-input":{"@type":"PropertyValueSpecification","valueRequired":true,"valueName":"search_term_string"}}],"inLanguage":"nb-NO"},{"@type":["Organization","DatingService"],"@id":"https:\/\/sugardaddynordic.com\/#organization","name":"Sugar Daddy Nordic","url":"https:\/\/sugardaddynordic.com\/","logo":{"@type":"ImageObject","inLanguage":"nb-NO","@id":"https:\/\/sugardaddynordic.com\/#\/schema\/logo\/image\/","url":"https:\/\/sugardaddynordic.com\/wp-content\/uploads\/2025\/10\/cropped-Logo-Sugar-Daddy-Nordic.png","contentUrl":"https:\/\/sugardaddynordic.com\/wp-content\/uploads\/2025\/10\/cropped-Logo-Sugar-Daddy-Nordic.png","width":1022,"height":323,"caption":"Sugar Daddy Nordic"},"image":{"@id":"https:\/\/sugardaddynordic.com\/#\/schema\/logo\/image\/"},"serviceType":"Dating Service","category":"Dating","publishingPrinciples":"https:\/\/sugardaddynordic.com\/julkaisustandardit\/","ownershipFundingInfo":"https:\/\/sugardaddynordic.com\/rahoitus\/","actionableFeedbackPolicy":"https:\/\/sugardaddynordic.com\/korjauskaytanto\/","correctionsPolicy":"https:\/\/sugardaddynordic.com\/korjauskaytanto\/","ethicsPolicy":"https:\/\/sugardaddynordic.com\/eettinen-politiikka\/","diversityPolicy":"https:\/\/sugardaddynordic.com\/monimuotoisuus\/","diversityStaffingReport":"https:\/\/sugardaddynordic.com\/yhteistyo\/"}]}},"_links":{"self":[{"href":"https:\/\/sugardaddynordic.com\/nb\/wp-json\/wp\/v2\/pages\/13443","targetHints":{"allow":["GET"]}}],"collection":[{"href":"https:\/\/sugardaddynordic.com\/nb\/wp-json\/wp\/v2\/pages"}],"about":[{"href":"https:\/\/sugardaddynordic.com\/nb\/wp-json\/wp\/v2\/types\/page"}],"author":[{"embeddable":true,"href":"https:\/\/sugardaddynordic.com\/nb\/wp-json\/wp\/v2\/users\/1"}],"replies":[{"embeddable":true,"href":"https:\/\/sugardaddynordic.com\/nb\/wp-json\/wp\/v2\/comments?post=13443"}],"version-history":[{"count":0,"href":"https:\/\/sugardaddynordic.com\/nb\/wp-json\/wp\/v2\/pages\/13443\/revisions"}],"wp:attachment":[{"href":"https:\/\/sugardaddynordic.com\/nb\/wp-json\/wp\/v2\/media?parent=13443"}],"curies":[{"name":"wp","href":"https:\/\/api.w.org\/{rel}","templated":true}]}}