{"id":13444,"date":"2025-08-28T11:08:56","date_gmt":"2025-08-28T08:08:56","guid":{"rendered":"https:\/\/sugardaddynordic.com\/?page_id=13444"},"modified":"2025-10-26T08:23:14","modified_gmt":"2025-10-26T06:23:14","slug":"reparasjonsstotte","status":"publish","type":"page","link":"https:\/\/sugardaddynordic.com\/nb\/korjauskaytanto\/","title":{"rendered":"Retningslinjer for reparasjon"},"content":{"rendered":"<p>P\u00e5 SugarDaddyNordic-bloggen forplikter vi oss til \u00e5 produsere <strong>n\u00f8yaktig, tydelig og ansvarlig innhold<\/strong>. N\u00e5r vi finner feil, retter vi dem \u00e5pent, uten sensasjonsmakeri eller villedende l\u00f8fter, og vi legger alltid igjen en oversikt over endringene som er gjort.<br>Vi tilbyr ogs\u00e5 brukere muligheten til \u00e5 publisere artikler - les mer p\u00e5 <strong>Partnerskap<\/strong>.<\/p>\n\n\n\n<h2 class=\"wp-block-heading\" id=\"h-soveltamisala\">Omfang<\/h2>\n\n\n\n<p>Disse retningslinjene gjelder for det redaksjonelle innholdet p\u00e5 bloggen.<br>Brukergenerert innhold (profiler, meldinger osv.) administreres av <strong>Politikk for aktiv respons<\/strong> og <strong>Vilk\u00e5r for bruk<\/strong> i tr\u00e5d med.<\/p>\n\n\n\n<h2 class=\"wp-block-heading\" id=\"h-muutostyypit-ja-niiden-merkinnat\">Typer endringer og indikasjoner p\u00e5 disse<\/h2>\n\n\n\n<figure class=\"wp-block-table\"><table class=\"has-fixed-layout\"><thead><tr><th>Type<\/th><th>Definisjon<\/th><th>Hvordan vise<\/th><\/tr><\/thead><tbody><tr><td><strong>Rettelse<\/strong><\/td><td>Korrigering av feil informasjon (dato, nummer, navn, lenke).<\/td><td>Merknad i begynnelsen eller slutten: \"Rettelse (dd\/mm\/\u00e5\u00e5\u00e5\u00e5\u00e5 hh:mm CET): ...<\/td><\/tr><tr><td><strong>Avklaring<\/strong><\/td><td>Lagt til kontekst for \u00e5 unng\u00e5 feiltolkninger.<\/td><td>\"Revisjon (dd\/mm\/\u00e5\u00e5\u00e5\u00e5\u00e5\u00e5\u00e5 hh:mm CET): ...\"<\/td><\/tr><tr><td><strong>Oppdatering<\/strong><\/td><td>Legge til ny, relevant informasjon uten at den opprinnelige informasjonen blir feil.<\/td><td>\"Oppdatering (dd\/mm\/\u00e5\u00e5\u00e5\u00e5\u00e5\u00e5\u00e5 hh:mm CET): ...\"<\/td><\/tr><tr><td><strong>Retting \/ sletting<\/strong><\/td><td>N\u00e5r kjernen i artikkelen er feil eller problematisk.<\/td><td>\"Rettelse\/sletting (dd\/mm\/\u00e5\u00e5\u00e5\u00e5\u00e5\u00e5 hh:mm CET): ...\" med en forklaring; kan inkludere sletting av publikasjonen med et varsel.<\/td><\/tr><\/tbody><\/table><\/figure>\n\n\n\n<ul class=\"wp-block-list\">\n<li>Vi endrer aldri det essensielle innholdet uten \u00e5 etterlate spor.<\/li>\n\n\n\n<li>Mindre stavefeil kan rettes uten kommentar hvis de ikke endrer meningsinnholdet.<\/li>\n<\/ul>\n\n\n\n<h2 class=\"wp-block-heading\" id=\"h-toimituksellinen-korjausprosessi\">Den redaksjonelle reparasjonsprosessen<\/h2>\n\n\n\n<ol class=\"wp-block-list\">\n<li><strong>Oppdagelse<\/strong> (intern eller ekstern varsling).<\/li>\n\n\n\n<li><strong>Sjekk<\/strong>: verifisere informasjon med kilder og bevis.<\/li>\n\n\n\n<li><strong>Rettelse og synlig merknad<\/strong> (i henhold til tabellen).<\/li>\n\n\n\n<li><strong>En oppf\u00f8ring i historikken over endringer i artikkelen<\/strong>.<\/li>\n\n\n\n<li><strong>Endelig redigeringskontroll<\/strong>.<\/li>\n<\/ol>\n\n\n\n<h2 class=\"wp-block-heading\" id=\"h-virheen-ilmoittaminen\">Rapportere en feil<\/h2>\n\n\n\n<p>Send oss en e-post til <strong><a>corrections@sugardaddynordic.com<\/a><\/strong>, vennligst inkluder:<\/p>\n\n\n\n<ul class=\"wp-block-list\">\n<li>URL og n\u00f8yaktig avsnitt i artikkelen.<\/li>\n\n\n\n<li>Beskrivelse av feilen.<\/li>\n\n\n\n<li>Kilder eller bevis (lenker, dokumenter).<\/li>\n\n\n\n<li>Kontaktopplysningene dine (valgfritt for oppf\u00f8lging).<\/li>\n<\/ul>\n\n\n\n<p><strong>Svartider<\/strong> (se retningslinjene for aktiv respons for mer informasjon):<\/p>\n\n\n\n<ul class=\"wp-block-list\">\n<li>Bekreftelse: <strong>48 h<\/strong><\/li>\n\n\n\n<li>Det f\u00f8rste substansielle svaret: <strong>2-3 dager<\/strong><\/li>\n\n\n\n<li>I komplekse saker: Vi vil varsle deg om en ny vurdering.<\/li>\n<\/ul>\n\n\n\n<h2 class=\"wp-block-heading\" id=\"h-vastineoikeus\">Rett til tilsvar<\/h2>\n\n\n\n<p>Hvis du mener at du er ber\u00f8rt av denne publikasjonen og \u00f8nsker \u00e5 svare, kan du skrive til <strong><a>appeals@sugardaddynordic.com<\/a><\/strong> og inkluderer:<\/p>\n\n\n\n<ul class=\"wp-block-list\">\n<li>Personlighet og forhold til innhold.<\/li>\n\n\n\n<li>Forslag til tekst (maks. 300-500 ord) og st\u00f8ttedokumenter.<\/li>\n<\/ul>\n\n\n\n<p>Det er redakt\u00f8ren som avgj\u00f8r om et bidrag skal aksepteres og publiseres, men vi garanterer en rettferdig behandling og kontekst.<\/p>\n\n\n\n<h2 class=\"wp-block-heading\" id=\"h-henkilotiedot-ja-gdpr\">Personopplysninger og GDPR<\/h2>\n\n\n\n<ul class=\"wp-block-list\">\n<li>Hvis artikkelen inneholder feilaktige personopplysninger eller du \u00f8nsker \u00e5 ut\u00f8ve dine rettigheter (rett til innsyn, retting, sletting, innsigelse, portabilitet), vennligst skriv til. <strong><a>privacy@sugardaddynordic.com<\/a><\/strong>.<\/li>\n\n\n\n<li>Korrigering av personopplysninger kan kombineres med en redaksjonell korrigering for \u00e5penhet.<\/li>\n<\/ul>\n\n\n\n<h2 class=\"wp-block-heading\" id=\"h-muutoshistoria\">Endre historikk<\/h2>\n\n\n\n<p>Hver artikkel har sin egen historikkblokk p\u00e5 slutten:<\/p>\n\n\n\n<p><strong>Endre historikk<\/strong><\/p>\n\n\n\n<ul class=\"wp-block-list\">\n<li>20\/08\/2025 10:15 CET - <strong>Rettelse<\/strong>: data X sa \"A\" og ble endret til \"B\".<\/li>\n\n\n\n<li>18\/08\/2025 09:00 CET - <strong>Oppdatering<\/strong>: lagt til i 2025-studien.<\/li>\n<\/ul>\n\n\n\n<h2 class=\"wp-block-heading\" id=\"h-mika-ei-ole-korjaus\">Hva er ikke en reparasjon<\/h2>\n\n\n\n<ul class=\"wp-block-list\">\n<li>Meningsforskjeller eller redaksjonelle perspektiver.<\/li>\n\n\n\n<li>Foresp\u00f8rsler om \u00e5 fjerne korrekt og lovlig publisert informasjon.<\/li>\n\n\n\n<li>Kosmetiske endringer som ikke endrer meningen.<\/li>\n<\/ul>\n\n\n\n<h2 class=\"wp-block-heading\" id=\"h-yhteystiedot\">Kontakt<\/h2>\n\n\n\n<ul class=\"wp-block-list\">\n<li>Rettelser:Klager \/ Rett til tilsvar \/ Personvern: <strong>info@sugardaddynordic.com<\/strong><\/li>\n<\/ul>\n\n\n\n<h3 class=\"wp-block-heading\" id=\"h-paivitykset\">Oppdateringer<\/h3>\n\n\n\n<p>Siste anmeldelse: <strong>26.10.2025<\/strong>.<br>Vi kan oppdatere disse retningslinjene for \u00e5 forbedre prosesser eller for \u00e5 overholde endringer i regelverket.<\/p>","protected":false},"excerpt":{"rendered":"<p>P\u00e5 SugarDaddyNordic-bloggen er vi opptatt av \u00e5 produsere n\u00f8yaktig, tydelig og ansvarlig innhold. N\u00e5r vi finner feil, retter vi dem \u00e5pent, uten sensasjonalisme eller villedende l\u00f8fter, og vi vil alltid legge igjen et notat om endringene som er gjort. Vi tilbyr ogs\u00e5 brukere muligheten til \u00e5 publisere artikler - les mer i avsnittet Samarbeid. Omfang Denne policyen gjelder for det redaksjonelle innholdet p\u00e5 bloggen, mens brukergenerert innhold (profiler, innlegg osv.) h\u00e5ndteres i henhold til retningslinjene for aktiv respons og bruksvilk\u00e5rene. Typer endringer [...] <a title=\"Retningslinjer for reparasjon\" class=\"read-more\" href=\"https:\/\/sugardaddynordic.com\/nb\/korjauskaytanto\/\" aria-label=\"Read more about Korjausk\u00e4yt\u00e4nt\u00f6\">Les mer om dette<\/a><\/p>","protected":false},"author":1,"featured_media":0,"parent":0,"menu_order":0,"comment_status":"closed","ping_status":"closed","template":"","meta":{"generate_page_header":"","footnotes":""},"class_list":{"0":"post-13444","1":"page","2":"type-page","3":"status-publish","5":"infinite-scroll-item"},"featured_image_urls":{"full":"","thumbnail":"","medium":"","medium_large":"","large":"","1536x1536":"","2048x2048":"","trp-custom-language-flag":"","crp_thumbnail":""},"post_excerpt_stackable":"<p>SugarDaddyNordic-blogissa sitoudumme tuottamaan tarkkaa, selke\u00e4\u00e4 ja vastuullista sis\u00e4lt\u00f6\u00e4. Kun havaitsemme virheit\u00e4, korjaamme ne avoimesti, ilman sensaatiohakuisuutta tai harhaanjohtavia lupauksia, ja j\u00e4t\u00e4mme aina merkinn\u00e4n tehdyist\u00e4 muutoksista.Lis\u00e4ksi tarjoamme k\u00e4ytt\u00e4jille mahdollisuuden julkaista artikkeleita \u2013 lue lis\u00e4\u00e4 kohdasta Yhteisty\u00f6t. Soveltamisala T\u00e4m\u00e4 politiikka koskee blogin toimituksellista sis\u00e4lt\u00f6\u00e4.K\u00e4ytt\u00e4jien tuottamaa sis\u00e4lt\u00f6\u00e4 (profiilit, viestit jne.) hallinnoidaan Aktiivisen vastauksen politiikan ja K\u00e4ytt\u00f6ehtojen mukaisesti. Muutostyypit ja niiden merkinn\u00e4t TyyppiM\u00e4\u00e4ritelm\u00e4Miten n\u00e4ytet\u00e4\u00e4nKorjausVirheellisen tiedon korjaus (p\u00e4iv\u00e4ys, numero, nimi, linkki).Huomautus alussa tai lopussa: \u201cKorjaus (pp\/kk\/vvvv hh:mm CET): \u2026\u201dTarkennusLis\u00e4tty konteksti v\u00e4\u00e4rintulkintojen v\u00e4ltt\u00e4miseksi.\u201cTarkennus (pp\/kk\/vvvv hh:mm CET): \u2026\u201dP\u00e4ivitysUuden, olennaisen tiedon lis\u00e4\u00e4minen ilman, ett\u00e4 alkuper\u00e4inen tieto olisi ollut v\u00e4\u00e4rin.\u201cP\u00e4ivitys (pp\/kk\/vvvv hh:mm CET): \u2026\u201dOikaisu \/ poistoKun artikkelin ydin on&hellip;<\/p>\n","category_list":"","author_info":{"name":"Admin de SugarDaddySuomi","url":"https:\/\/sugardaddynordic.com\/nb\/author\/poweb\/"},"comments_num":"0 comments","featured_image_urls_v2":{"full":"","thumbnail":"","medium":"","medium_large":"","large":"","1536x1536":"","2048x2048":"","trp-custom-language-flag":"","crp_thumbnail":""},"post_excerpt_stackable_v2":"<p>SugarDaddyNordic-blogissa sitoudumme tuottamaan tarkkaa, selke\u00e4\u00e4 ja vastuullista sis\u00e4lt\u00f6\u00e4. Kun havaitsemme virheit\u00e4, korjaamme ne avoimesti, ilman sensaatiohakuisuutta tai harhaanjohtavia lupauksia, ja j\u00e4t\u00e4mme aina merkinn\u00e4n tehdyist\u00e4 muutoksista.Lis\u00e4ksi tarjoamme k\u00e4ytt\u00e4jille mahdollisuuden julkaista artikkeleita \u2013 lue lis\u00e4\u00e4 kohdasta Yhteisty\u00f6t. Soveltamisala T\u00e4m\u00e4 politiikka koskee blogin toimituksellista sis\u00e4lt\u00f6\u00e4.K\u00e4ytt\u00e4jien tuottamaa sis\u00e4lt\u00f6\u00e4 (profiilit, viestit jne.) hallinnoidaan Aktiivisen vastauksen politiikan ja K\u00e4ytt\u00f6ehtojen mukaisesti. Muutostyypit ja niiden merkinn\u00e4t TyyppiM\u00e4\u00e4ritelm\u00e4Miten n\u00e4ytet\u00e4\u00e4nKorjausVirheellisen tiedon korjaus (p\u00e4iv\u00e4ys, numero, nimi, linkki).Huomautus alussa tai lopussa: \u201cKorjaus (pp\/kk\/vvvv hh:mm CET): \u2026\u201dTarkennusLis\u00e4tty konteksti v\u00e4\u00e4rintulkintojen v\u00e4ltt\u00e4miseksi.\u201cTarkennus (pp\/kk\/vvvv hh:mm CET): \u2026\u201dP\u00e4ivitysUuden, olennaisen tiedon lis\u00e4\u00e4minen ilman, ett\u00e4 alkuper\u00e4inen tieto olisi ollut v\u00e4\u00e4rin.\u201cP\u00e4ivitys (pp\/kk\/vvvv hh:mm CET): \u2026\u201dOikaisu \/ poistoKun artikkelin ydin on&hellip;<\/p>\n","category_list_v2":"","author_info_v2":{"name":"Admin de SugarDaddySuomi","url":"https:\/\/sugardaddynordic.com\/nb\/author\/poweb\/"},"comments_num_v2":"0 comments","yoast_head":"<!-- This site is optimized with the Yoast SEO Premium plugin v26.0 (Yoast SEO v27.3) - https:\/\/yoast.com\/product\/yoast-seo-premium-wordpress\/ -->\n<title>Korjausk\u00e4yt\u00e4nt\u00f6<\/title>\n<meta name=\"robots\" content=\"index, follow, max-snippet:-1, max-image-preview:large, max-video-preview:-1\" \/>\n<link rel=\"canonical\" href=\"https:\/\/sugardaddynordic.com\/nb\/reparasjonsstotte\/\" \/>\n<meta property=\"og:locale\" content=\"nb_NO\" \/>\n<meta property=\"og:type\" content=\"article\" \/>\n<meta property=\"og:title\" content=\"Korjausk\u00e4yt\u00e4nt\u00f6\" \/>\n<meta property=\"og:description\" content=\"SugarDaddyNordic-blogissa sitoudumme tuottamaan tarkkaa, selke\u00e4\u00e4 ja vastuullista sis\u00e4lt\u00f6\u00e4. Kun havaitsemme virheit\u00e4, korjaamme ne avoimesti, ilman sensaatiohakuisuutta tai harhaanjohtavia lupauksia, ja j\u00e4t\u00e4mme aina merkinn\u00e4n tehdyist\u00e4 muutoksista.Lis\u00e4ksi tarjoamme k\u00e4ytt\u00e4jille mahdollisuuden julkaista artikkeleita \u2013 lue lis\u00e4\u00e4 kohdasta Yhteisty\u00f6t. Soveltamisala T\u00e4m\u00e4 politiikka koskee blogin toimituksellista sis\u00e4lt\u00f6\u00e4.K\u00e4ytt\u00e4jien tuottamaa sis\u00e4lt\u00f6\u00e4 (profiilit, viestit jne.) hallinnoidaan Aktiivisen vastauksen politiikan ja K\u00e4ytt\u00f6ehtojen mukaisesti. Muutostyypit ... Read more\" \/>\n<meta property=\"og:url\" content=\"https:\/\/sugardaddynordic.com\/nb\/reparasjonsstotte\/\" \/>\n<meta property=\"og:site_name\" content=\"Sugar Daddy Nordic \u00ae\" \/>\n<meta property=\"article:modified_time\" content=\"2025-10-26T06:23:14+00:00\" \/>\n<meta property=\"og:image\" content=\"https:\/\/sugardaddynordic.com\/wp-content\/uploads\/2025\/10\/Logo-Sugar-Daddy-Nordic.png\" \/>\n\t<meta property=\"og:image:width\" content=\"1024\" \/>\n\t<meta property=\"og:image:height\" content=\"1024\" \/>\n\t<meta property=\"og:image:type\" content=\"image\/png\" \/>\n<meta name=\"twitter:card\" content=\"summary_large_image\" \/>\n<meta name=\"twitter:label1\" content=\"Ansl. lesetid\" \/>\n\t<meta name=\"twitter:data1\" content=\"3 minutter\" \/>\n<script type=\"application\/ld+json\" class=\"yoast-schema-graph\">{\"@context\":\"https:\\\/\\\/schema.org\",\"@graph\":[{\"@type\":\"WebPage\",\"@id\":\"https:\\\/\\\/sugardaddynordic.com\\\/korjauskaytanto\\\/\",\"url\":\"https:\\\/\\\/sugardaddynordic.com\\\/korjauskaytanto\\\/\",\"name\":\"Korjausk\u00e4yt\u00e4nt\u00f6\",\"isPartOf\":{\"@id\":\"https:\\\/\\\/sugardaddynordic.com\\\/#website\"},\"datePublished\":\"2025-08-28T08:08:56+00:00\",\"dateModified\":\"2025-10-26T06:23:14+00:00\",\"breadcrumb\":{\"@id\":\"https:\\\/\\\/sugardaddynordic.com\\\/korjauskaytanto\\\/#breadcrumb\"},\"inLanguage\":\"nb-NO\",\"potentialAction\":[{\"@type\":\"ReadAction\",\"target\":[\"https:\\\/\\\/sugardaddynordic.com\\\/korjauskaytanto\\\/\"]}]},{\"@type\":\"BreadcrumbList\",\"@id\":\"https:\\\/\\\/sugardaddynordic.com\\\/korjauskaytanto\\\/#breadcrumb\",\"itemListElement\":[{\"@type\":\"ListItem\",\"position\":1,\"name\":\"Home\",\"item\":\"https:\\\/\\\/sugardaddynordic.com\\\/\"},{\"@type\":\"ListItem\",\"position\":2,\"name\":\"Korjausk\u00e4yt\u00e4nt\u00f6\"}]},{\"@type\":\"WebSite\",\"@id\":\"https:\\\/\\\/sugardaddynordic.com\\\/#website\",\"url\":\"https:\\\/\\\/sugardaddynordic.com\\\/\",\"name\":\"Sugar Daddy Nordic\",\"description\":\"\",\"publisher\":{\"@id\":\"https:\\\/\\\/sugardaddynordic.com\\\/#organization\"},\"alternateName\":\"Sugar Daddy Nordic powered by Sugar Daddy Planet\",\"potentialAction\":[{\"@type\":\"SearchAction\",\"target\":{\"@type\":\"EntryPoint\",\"urlTemplate\":\"https:\\\/\\\/sugardaddynordic.com\\\/?s={search_term_string}\"},\"query-input\":{\"@type\":\"PropertyValueSpecification\",\"valueRequired\":true,\"valueName\":\"search_term_string\"}}],\"inLanguage\":\"nb-NO\"},{\"@type\":[\"Organization\",\"DatingService\"],\"@id\":\"https:\\\/\\\/sugardaddynordic.com\\\/#organization\",\"name\":\"Sugar Daddy Nordic\",\"url\":\"https:\\\/\\\/sugardaddynordic.com\\\/\",\"logo\":{\"@type\":\"ImageObject\",\"inLanguage\":\"nb-NO\",\"@id\":\"https:\\\/\\\/sugardaddynordic.com\\\/#\\\/schema\\\/logo\\\/image\\\/\",\"url\":\"https:\\\/\\\/sugardaddynordic.com\\\/wp-content\\\/uploads\\\/2025\\\/10\\\/cropped-Logo-Sugar-Daddy-Nordic.png\",\"contentUrl\":\"https:\\\/\\\/sugardaddynordic.com\\\/wp-content\\\/uploads\\\/2025\\\/10\\\/cropped-Logo-Sugar-Daddy-Nordic.png\",\"width\":1022,\"height\":323,\"caption\":\"Sugar Daddy Nordic\"},\"image\":{\"@id\":\"https:\\\/\\\/sugardaddynordic.com\\\/#\\\/schema\\\/logo\\\/image\\\/\"},\"serviceType\":\"Dating Service\",\"category\":\"Dating\",\"publishingPrinciples\":\"https:\\\/\\\/sugardaddynordic.com\\\/julkaisustandardit\\\/\",\"ownershipFundingInfo\":\"https:\\\/\\\/sugardaddynordic.com\\\/rahoitus\\\/\",\"actionableFeedbackPolicy\":\"https:\\\/\\\/sugardaddynordic.com\\\/korjauskaytanto\\\/\",\"correctionsPolicy\":\"https:\\\/\\\/sugardaddynordic.com\\\/korjauskaytanto\\\/\",\"ethicsPolicy\":\"https:\\\/\\\/sugardaddynordic.com\\\/eettinen-politiikka\\\/\",\"diversityPolicy\":\"https:\\\/\\\/sugardaddynordic.com\\\/monimuotoisuus\\\/\",\"diversityStaffingReport\":\"https:\\\/\\\/sugardaddynordic.com\\\/yhteistyo\\\/\"}]}<\/script>\n<!-- \/ Yoast SEO Premium plugin. -->","yoast_head_json":{"title":"Retningslinjer for reparasjon","robots":{"index":"index","follow":"follow","max-snippet":"max-snippet:-1","max-image-preview":"max-image-preview:large","max-video-preview":"max-video-preview:-1"},"canonical":"https:\/\/sugardaddynordic.com\/nb\/reparasjonsstotte\/","og_locale":"nb_NO","og_type":"article","og_title":"Korjausk\u00e4yt\u00e4nt\u00f6","og_description":"SugarDaddyNordic-blogissa sitoudumme tuottamaan tarkkaa, selke\u00e4\u00e4 ja vastuullista sis\u00e4lt\u00f6\u00e4. Kun havaitsemme virheit\u00e4, korjaamme ne avoimesti, ilman sensaatiohakuisuutta tai harhaanjohtavia lupauksia, ja j\u00e4t\u00e4mme aina merkinn\u00e4n tehdyist\u00e4 muutoksista.Lis\u00e4ksi tarjoamme k\u00e4ytt\u00e4jille mahdollisuuden julkaista artikkeleita \u2013 lue lis\u00e4\u00e4 kohdasta Yhteisty\u00f6t. Soveltamisala T\u00e4m\u00e4 politiikka koskee blogin toimituksellista sis\u00e4lt\u00f6\u00e4.K\u00e4ytt\u00e4jien tuottamaa sis\u00e4lt\u00f6\u00e4 (profiilit, viestit jne.) hallinnoidaan Aktiivisen vastauksen politiikan ja K\u00e4ytt\u00f6ehtojen mukaisesti. Muutostyypit ... Read more","og_url":"https:\/\/sugardaddynordic.com\/nb\/reparasjonsstotte\/","og_site_name":"Sugar Daddy Nordic \u00ae","article_modified_time":"2025-10-26T06:23:14+00:00","og_image":[{"width":1024,"height":1024,"url":"https:\/\/sugardaddynordic.com\/wp-content\/uploads\/2025\/10\/Logo-Sugar-Daddy-Nordic.png","type":"image\/png"}],"twitter_card":"summary_large_image","twitter_misc":{"Ansl. lesetid":"3 minutter"},"schema":{"@context":"https:\/\/schema.org","@graph":[{"@type":"WebPage","@id":"https:\/\/sugardaddynordic.com\/korjauskaytanto\/","url":"https:\/\/sugardaddynordic.com\/korjauskaytanto\/","name":"Retningslinjer for reparasjon","isPartOf":{"@id":"https:\/\/sugardaddynordic.com\/#website"},"datePublished":"2025-08-28T08:08:56+00:00","dateModified":"2025-10-26T06:23:14+00:00","breadcrumb":{"@id":"https:\/\/sugardaddynordic.com\/korjauskaytanto\/#breadcrumb"},"inLanguage":"nb-NO","potentialAction":[{"@type":"ReadAction","target":["https:\/\/sugardaddynordic.com\/korjauskaytanto\/"]}]},{"@type":"BreadcrumbList","@id":"https:\/\/sugardaddynordic.com\/korjauskaytanto\/#breadcrumb","itemListElement":[{"@type":"ListItem","position":1,"name":"Home","item":"https:\/\/sugardaddynordic.com\/"},{"@type":"ListItem","position":2,"name":"Korjausk\u00e4yt\u00e4nt\u00f6"}]},{"@type":"WebSite","@id":"https:\/\/sugardaddynordic.com\/#website","url":"https:\/\/sugardaddynordic.com\/","name":"Sugar Daddy Nordic","description":"","publisher":{"@id":"https:\/\/sugardaddynordic.com\/#organization"},"alternateName":"Sugar Daddy Nordic powered by Sugar Daddy Planet","potentialAction":[{"@type":"SearchAction","target":{"@type":"EntryPoint","urlTemplate":"https:\/\/sugardaddynordic.com\/?s={search_term_string}"},"query-input":{"@type":"PropertyValueSpecification","valueRequired":true,"valueName":"search_term_string"}}],"inLanguage":"nb-NO"},{"@type":["Organization","DatingService"],"@id":"https:\/\/sugardaddynordic.com\/#organization","name":"Sugar Daddy Nordic","url":"https:\/\/sugardaddynordic.com\/","logo":{"@type":"ImageObject","inLanguage":"nb-NO","@id":"https:\/\/sugardaddynordic.com\/#\/schema\/logo\/image\/","url":"https:\/\/sugardaddynordic.com\/wp-content\/uploads\/2025\/10\/cropped-Logo-Sugar-Daddy-Nordic.png","contentUrl":"https:\/\/sugardaddynordic.com\/wp-content\/uploads\/2025\/10\/cropped-Logo-Sugar-Daddy-Nordic.png","width":1022,"height":323,"caption":"Sugar Daddy Nordic"},"image":{"@id":"https:\/\/sugardaddynordic.com\/#\/schema\/logo\/image\/"},"serviceType":"Dating Service","category":"Dating","publishingPrinciples":"https:\/\/sugardaddynordic.com\/julkaisustandardit\/","ownershipFundingInfo":"https:\/\/sugardaddynordic.com\/rahoitus\/","actionableFeedbackPolicy":"https:\/\/sugardaddynordic.com\/korjauskaytanto\/","correctionsPolicy":"https:\/\/sugardaddynordic.com\/korjauskaytanto\/","ethicsPolicy":"https:\/\/sugardaddynordic.com\/eettinen-politiikka\/","diversityPolicy":"https:\/\/sugardaddynordic.com\/monimuotoisuus\/","diversityStaffingReport":"https:\/\/sugardaddynordic.com\/yhteistyo\/"}]}},"_links":{"self":[{"href":"https:\/\/sugardaddynordic.com\/nb\/wp-json\/wp\/v2\/pages\/13444","targetHints":{"allow":["GET"]}}],"collection":[{"href":"https:\/\/sugardaddynordic.com\/nb\/wp-json\/wp\/v2\/pages"}],"about":[{"href":"https:\/\/sugardaddynordic.com\/nb\/wp-json\/wp\/v2\/types\/page"}],"author":[{"embeddable":true,"href":"https:\/\/sugardaddynordic.com\/nb\/wp-json\/wp\/v2\/users\/1"}],"replies":[{"embeddable":true,"href":"https:\/\/sugardaddynordic.com\/nb\/wp-json\/wp\/v2\/comments?post=13444"}],"version-history":[{"count":0,"href":"https:\/\/sugardaddynordic.com\/nb\/wp-json\/wp\/v2\/pages\/13444\/revisions"}],"wp:attachment":[{"href":"https:\/\/sugardaddynordic.com\/nb\/wp-json\/wp\/v2\/media?parent=13444"}],"curies":[{"name":"wp","href":"https:\/\/api.w.org\/{rel}","templated":true}]}}