{"id":13446,"date":"2025-08-28T11:09:00","date_gmt":"2025-08-28T08:09:00","guid":{"rendered":"https:\/\/sugardaddynordic.com\/?page_id=13446"},"modified":"2025-10-26T08:25:43","modified_gmt":"2025-10-26T06:25:43","slug":"trykk-pa","status":"publish","type":"page","link":"https:\/\/sugardaddynordic.com\/nb\/lehdisto\/","title":{"rendered":"Trykk p\u00e5"},"content":{"rendered":"\n<p>SugarDaddyNordic kuuluu monialaiselle yritykselle (<strong>Polaris Nexus LCC<\/strong>), jolla on useita liiketoimintalinjoja.<br>Varmistaaksemme <strong>yhten\u00e4iset ja tarkat viestit<\/strong>, emme anna haastatteluja toimitusjohtajan tai kamerassa esiintyvien edustajien kanssa.<\/p>\n\n\n\n<p>Kaikki pyynn\u00f6t k\u00e4sitell\u00e4\u00e4n <strong>yksinomaan s\u00e4hk\u00f6postitse lehdist\u00f6yhteyksien kautta<\/strong>.<\/p>\n\n\n\n<ul class=\"wp-block-list\">\n<li><strong>Lehdist\u00f6kontakti<\/strong>: <strong><a>press@sugardaddynordic.com<\/a><\/strong><\/li>\n\n\n\n<li><strong>Suositeltu attribuutio<\/strong>: <em>\u201cSugarDaddyNordicin edustaja\u201d<\/em><\/li>\n\n\n\n<li><strong>Kielet<\/strong>: EN (ensisijainen), ES<\/li>\n<\/ul>\n\n\n\n<h2 class=\"wp-block-heading\" id=\"h-mita-voimme-toimittaa\">Mit\u00e4 voimme toimittaa<\/h2>\n\n\n\n<ul class=\"wp-block-list\">\n<li>Kirjallisia tiedotteita ja lausuntoja (<em>on the record<\/em>).<\/li>\n\n\n\n<li>Koottuja ja taustatietoja (ei koskaan henkil\u00f6tietoja).<\/li>\n\n\n\n<li>Tietoa tuotteesta, turvallisuus- ja moderointipolitiikoista, merkitt\u00e4vist\u00e4 muutoksista ja julkisista luvuista.<\/li>\n\n\n\n<li>Kuvia ja k\u00e4ytt\u00f6liittym\u00e4n kaappauksia toimitukselliseen k\u00e4ytt\u00f6\u00f6n.<\/li>\n\n\n\n<li>Br\u00e4ndimateriaaleja (logot, k\u00e4ytt\u00f6ohjeet) <strong>press kitin<\/strong> kautta.<\/li>\n<\/ul>\n\n\n\n<p>\u274c Emme tarjoa haastatteluja CEO:n tai muiden johtajien kanssa, emmek\u00e4 kommentoi <em>off the record<\/em>.<br>\u274c Emme jaa ei-julkisia taloustietoja tai k\u00e4ytt\u00e4j\u00e4tapauksia, joista voisi tunnistaa henkil\u00f6it\u00e4.<\/p>\n\n\n\n<h2 class=\"wp-block-heading\" id=\"h-miten-pyytaa-tietoa-tai-kommenttia\">Miten pyyt\u00e4\u00e4 tietoa tai kommenttia<\/h2>\n\n\n\n<p>L\u00e4het\u00e4 s\u00e4hk\u00f6postia osoitteeseen <strong><a>press@sugardaddynordic.com<\/a><\/strong> otsikolla:<\/p>\n\n\n\n<p><strong>Solicitud de comentario \u2014 [Media\/Blogi] \u2014 [Aihe\/Otsikko] \u2014 [Deadline]<\/strong><\/p>\n\n\n\n<p>Sis\u00e4llyt\u00e4:<\/p>\n\n\n\n<ul class=\"wp-block-list\">\n<li>Media\/Blogi, maa, arvioitu yleis\u00f6 ja linkki.<\/li>\n\n\n\n<li>Toimittajan nimi ja rooli.<\/li>\n\n\n\n<li>Aihe ja tarkat kysymykset; jutun n\u00e4k\u00f6kulma.<\/li>\n\n\n\n<li>Deadline (p\u00e4iv\u00e4 ja kellonaika).<\/li>\n\n\n\n<li>Toivottu muoto (lyhyt lausunto, numeroidut vastaukset jne.).<\/li>\n\n\n\n<li>Jos tarvitset kuvia\/logoja, mainitse siit\u00e4.<\/li>\n<\/ul>\n\n\n\n<h3 class=\"wp-block-heading\" id=\"h-vastausajat-suuntaa-antavat\">Vastausajat (suuntaa-antavat)<\/h3>\n\n\n\n<ul class=\"wp-block-list\">\n<li>Kuittaus: <strong>24 h arkip\u00e4ivin\u00e4<\/strong>.<\/li>\n\n\n\n<li>Lausunto: <strong>48\u201372 h<\/strong> (voi vaihdella tapauksen mukaan).<\/li>\n<\/ul>\n\n\n\n<h3 class=\"wp-block-heading\" id=\"h-lehdistopaketti-media-kit\">Lehdist\u00f6paketti (Media kit)<\/h3>\n\n\n\n<p>Sis\u00e4lt\u00e4\u00e4:<\/p>\n\n\n\n<ul class=\"wp-block-list\">\n<li>Logot ja eri versiot (PNG\/SVG).<\/li>\n\n\n\n<li>Nopea br\u00e4ndiohje (v\u00e4rit, marginaalit, sallitut k\u00e4ytt\u00f6tavat).<\/li>\n\n\n\n<li>P\u00e4ivitetyt tuotekuvakaappaukset.<\/li>\n\n\n\n<li>Yrityksen boilerplate-kuvaus.<\/li>\n<\/ul>\n\n\n\n<p>\ud83d\udc49 <strong>Lataa<\/strong>: \/press\/kit (tai pyyd\u00e4 s\u00e4hk\u00f6postilla).<\/p>\n\n\n\n<p><strong>K\u00e4ytt\u00f6ehdot<\/strong>: vain toimitukselliseen ja ei-kaupalliseen k\u00e4ytt\u00f6\u00f6n. Ei saa muuttaa mittasuhteita tai v\u00e4rej\u00e4, ei sijoittaa taustoille, jotka heikent\u00e4v\u00e4t luettavuutta. Voimme pyyt\u00e4\u00e4 k\u00e4yt\u00f6n korjaamista.<\/p>\n\n\n\n<h3 class=\"wp-block-heading\" id=\"h-yrityksen-boilerplate\">Yrityksen boilerplate<\/h3>\n\n\n\n<p>SugarDaddyNordic on <strong>aikuisten (18+) sosiaalinen verkosto<\/strong>, joka keskittyy mies\u2194nainen -yhteyksiin turvallisuuden, suostumuksen ja moderoinnin puitteissa.<br>Yritys kehitt\u00e4\u00e4 my\u00f6s muita tuotelinjaa datingin lis\u00e4ksi.<br>Emme v\u00e4lit\u00e4 maksuja emmek\u00e4 salli laitonta sis\u00e4lt\u00f6\u00e4 tai toimintaa.<br>Lis\u00e4tietoja: <strong>Sivuston politiikat<\/strong>.<\/p>\n\n\n\n<h2 class=\"wp-block-heading\" id=\"h-lausunto-ja-attribuutiokaytanto\">Lausunto- ja attribuutiok\u00e4yt\u00e4nt\u00f6<\/h2>\n\n\n\n<ul class=\"wp-block-list\">\n<li>Vastaamme kirjallisilla lausunnoilla.<\/li>\n\n\n\n<li><strong>Suositeltu attribuutio<\/strong>: <em>\u201cSugarDaddyNordicin edustaja\u201d<\/em>.<\/li>\n\n\n\n<li>Voimme hyl\u00e4t\u00e4 pyynn\u00f6t, jotka vaativat video-\/\u00e4\u00e4nhaastatteluja tai eiv\u00e4t anna kohtuullista aikaa tarkistuksille.<\/li>\n<\/ul>\n\n\n\n<h3 class=\"wp-block-heading\" id=\"h-rajat-ja-yksityisyys\">Rajat ja yksityisyys<\/h3>\n\n\n\n<ul class=\"wp-block-list\">\n<li>Jaamme vain koottuja\/anonymisoituja tietoja.<\/li>\n\n\n\n<li>Emme jaa k\u00e4ytt\u00e4j\u00e4tarinoita tai henkil\u00f6tietoja.<\/li>\n\n\n\n<li>Noudatamme tietosuoja- ja ev\u00e4stek\u00e4yt\u00e4nt\u00f6\u00e4.<\/li>\n<\/ul>\n\n\n\n<h3 class=\"wp-block-heading\" id=\"h-usein-kysytyt-kysymykset-faq\">Usein kysytyt kysymykset (FAQ)<\/h3>\n\n\n\n<p><strong>My\u00f6nn\u00e4ttek\u00f6 haastatteluja CEO:n tai johtajien kanssa?<\/strong><br>Ei. Yrityspolitiikan mukaisesti kaikki viestint\u00e4 tapahtuu kirjallisesti lehdist\u00f6n kautta.<\/p>\n\n\n\n<p><strong>Voitteko vahvistaa k\u00e4ytt\u00e4j\u00e4m\u00e4\u00e4ri\u00e4 tai liikevaihtoa?<\/strong><br>Vain julkisesti ilmoitetut luvut. Uudet tiedot julkaistaan tiedotteilla.<\/p>\n\n\n\n<p><strong>Voitteko l\u00e4hett\u00e4\u00e4 audiovisuaalista materiaalia?<\/strong><br>Kyll\u00e4. Toimitamme kuvia ja kaappauksia toimitusk\u00e4ytt\u00f6\u00f6n s\u00e4hk\u00f6postipyynn\u00f6st\u00e4.<\/p>\n\n\n\n<p><strong>Tarkistatteko lainauksia ennen julkaisua?<\/strong><br>Voimme varmistaa meille attribuoidun sis\u00e4ll\u00f6n t\u00e4sm\u00e4llisyyden (<em>fact-check<\/em>), mutta emme muokkaa median toimituksellista linjaa.<\/p>\n","protected":false},"excerpt":{"rendered":"<p>SugarDaddyNordic er en del av et diversifisert selskap (Polaris Nexus LCC) med flere forretningsomr\u00e5der, og for \u00e5 sikre konsistente og n\u00f8yaktige budskap gjennomf\u00f8rer vi ikke intervjuer med administrerende direkt\u00f8r eller representanter foran kamera. Alle foresp\u00f8rsler h\u00e5ndteres utelukkende via e-post gjennom pressekontaktene. Hva vi kan tilby \u274c Vi tilbyr ikke intervjuer med administrerende direkt\u00f8r eller andre ledere, og vi kommenterer heller ikke uoffisielt \u274c Vi deler ikke ikke-offentlig finansiell informasjon eller brukerhistorier om [...]. <a title=\"Trykk p\u00e5\" class=\"read-more\" href=\"https:\/\/sugardaddynordic.com\/nb\/lehdisto\/\" aria-label=\"Read more about Lehdist\u00f6\">Les mer om dette<\/a><\/p>","protected":false},"author":1,"featured_media":0,"parent":0,"menu_order":0,"comment_status":"closed","ping_status":"closed","template":"","meta":{"generate_page_header":"","footnotes":""},"class_list":{"0":"post-13446","1":"page","2":"type-page","3":"status-publish","5":"infinite-scroll-item"},"featured_image_urls":{"full":"","thumbnail":"","medium":"","medium_large":"","large":"","1536x1536":"","2048x2048":"","trp-custom-language-flag":"","crp_thumbnail":""},"post_excerpt_stackable":"<p>SugarDaddyNordic kuuluu monialaiselle yritykselle (Polaris Nexus LCC), jolla on useita liiketoimintalinjoja.Varmistaaksemme yhten\u00e4iset ja tarkat viestit, emme anna haastatteluja toimitusjohtajan tai kamerassa esiintyvien edustajien kanssa. Kaikki pyynn\u00f6t k\u00e4sitell\u00e4\u00e4n yksinomaan s\u00e4hk\u00f6postitse lehdist\u00f6yhteyksien kautta. Lehdist\u00f6kontakti: press@sugardaddynordic.com Suositeltu attribuutio: \u201cSugarDaddyNordicin edustaja\u201d Kielet: EN (ensisijainen), ES Mit\u00e4 voimme toimittaa Kirjallisia tiedotteita ja lausuntoja (on the record). Koottuja ja taustatietoja (ei koskaan henkil\u00f6tietoja). Tietoa tuotteesta, turvallisuus- ja moderointipolitiikoista, merkitt\u00e4vist\u00e4 muutoksista ja julkisista luvuista. Kuvia ja k\u00e4ytt\u00f6liittym\u00e4n kaappauksia toimitukselliseen k\u00e4ytt\u00f6\u00f6n. Br\u00e4ndimateriaaleja (logot, k\u00e4ytt\u00f6ohjeet) press kitin kautta. \u274c Emme tarjoa haastatteluja CEO:n tai muiden johtajien kanssa, emmek\u00e4 kommentoi off the record.\u274c Emme jaa ei-julkisia taloustietoja tai k\u00e4ytt\u00e4j\u00e4tapauksia, joista&hellip;<\/p>\n","category_list":"","author_info":{"name":"Admin de SugarDaddySuomi","url":"https:\/\/sugardaddynordic.com\/nb\/author\/poweb\/"},"comments_num":"0 comments","featured_image_urls_v2":{"full":"","thumbnail":"","medium":"","medium_large":"","large":"","1536x1536":"","2048x2048":"","trp-custom-language-flag":"","crp_thumbnail":""},"post_excerpt_stackable_v2":"<p>SugarDaddyNordic kuuluu monialaiselle yritykselle (Polaris Nexus LCC), jolla on useita liiketoimintalinjoja.Varmistaaksemme yhten\u00e4iset ja tarkat viestit, emme anna haastatteluja toimitusjohtajan tai kamerassa esiintyvien edustajien kanssa. Kaikki pyynn\u00f6t k\u00e4sitell\u00e4\u00e4n yksinomaan s\u00e4hk\u00f6postitse lehdist\u00f6yhteyksien kautta. Lehdist\u00f6kontakti: press@sugardaddynordic.com Suositeltu attribuutio: \u201cSugarDaddyNordicin edustaja\u201d Kielet: EN (ensisijainen), ES Mit\u00e4 voimme toimittaa Kirjallisia tiedotteita ja lausuntoja (on the record). Koottuja ja taustatietoja (ei koskaan henkil\u00f6tietoja). Tietoa tuotteesta, turvallisuus- ja moderointipolitiikoista, merkitt\u00e4vist\u00e4 muutoksista ja julkisista luvuista. Kuvia ja k\u00e4ytt\u00f6liittym\u00e4n kaappauksia toimitukselliseen k\u00e4ytt\u00f6\u00f6n. Br\u00e4ndimateriaaleja (logot, k\u00e4ytt\u00f6ohjeet) press kitin kautta. \u274c Emme tarjoa haastatteluja CEO:n tai muiden johtajien kanssa, emmek\u00e4 kommentoi off the record.\u274c Emme jaa ei-julkisia taloustietoja tai k\u00e4ytt\u00e4j\u00e4tapauksia, joista&hellip;<\/p>\n","category_list_v2":"","author_info_v2":{"name":"Admin de SugarDaddySuomi","url":"https:\/\/sugardaddynordic.com\/nb\/author\/poweb\/"},"comments_num_v2":"0 comments","yoast_head":"<!-- This site is optimized with the Yoast SEO Premium plugin v26.0 (Yoast SEO v27.3) - https:\/\/yoast.com\/product\/yoast-seo-premium-wordpress\/ -->\n<title>Lehdist\u00f6<\/title>\n<meta name=\"robots\" content=\"index, follow, max-snippet:-1, max-image-preview:large, max-video-preview:-1\" \/>\n<link rel=\"canonical\" href=\"https:\/\/sugardaddynordic.com\/nb\/trykk-pa\/\" \/>\n<meta property=\"og:locale\" content=\"nb_NO\" \/>\n<meta property=\"og:type\" content=\"article\" \/>\n<meta property=\"og:title\" content=\"Lehdist\u00f6\" \/>\n<meta property=\"og:description\" content=\"SugarDaddyNordic kuuluu monialaiselle yritykselle (Polaris Nexus LCC), jolla on useita liiketoimintalinjoja.Varmistaaksemme yhten\u00e4iset ja tarkat viestit, emme anna haastatteluja toimitusjohtajan tai kamerassa esiintyvien edustajien kanssa. Kaikki pyynn\u00f6t k\u00e4sitell\u00e4\u00e4n yksinomaan s\u00e4hk\u00f6postitse lehdist\u00f6yhteyksien kautta. Mit\u00e4 voimme toimittaa \u274c Emme tarjoa haastatteluja CEO:n tai muiden johtajien kanssa, emmek\u00e4 kommentoi off the record.\u274c Emme jaa ei-julkisia taloustietoja tai k\u00e4ytt\u00e4j\u00e4tapauksia, joista ... Read more\" \/>\n<meta property=\"og:url\" content=\"https:\/\/sugardaddynordic.com\/nb\/trykk-pa\/\" \/>\n<meta property=\"og:site_name\" content=\"Sugar Daddy Nordic \u00ae\" \/>\n<meta property=\"article:modified_time\" content=\"2025-10-26T06:25:43+00:00\" \/>\n<meta property=\"og:image\" content=\"https:\/\/sugardaddynordic.com\/wp-content\/uploads\/2025\/10\/Logo-Sugar-Daddy-Nordic.png\" \/>\n\t<meta property=\"og:image:width\" content=\"1024\" \/>\n\t<meta property=\"og:image:height\" content=\"1024\" \/>\n\t<meta property=\"og:image:type\" content=\"image\/png\" \/>\n<meta name=\"twitter:card\" content=\"summary_large_image\" \/>\n<meta name=\"twitter:label1\" content=\"Ansl. lesetid\" \/>\n\t<meta name=\"twitter:data1\" content=\"3 minutter\" \/>\n<script type=\"application\/ld+json\" class=\"yoast-schema-graph\">{\"@context\":\"https:\\\/\\\/schema.org\",\"@graph\":[{\"@type\":\"WebPage\",\"@id\":\"https:\\\/\\\/sugardaddynordic.com\\\/lehdisto\\\/\",\"url\":\"https:\\\/\\\/sugardaddynordic.com\\\/lehdisto\\\/\",\"name\":\"Lehdist\u00f6\",\"isPartOf\":{\"@id\":\"https:\\\/\\\/sugardaddynordic.com\\\/#website\"},\"datePublished\":\"2025-08-28T08:09:00+00:00\",\"dateModified\":\"2025-10-26T06:25:43+00:00\",\"breadcrumb\":{\"@id\":\"https:\\\/\\\/sugardaddynordic.com\\\/lehdisto\\\/#breadcrumb\"},\"inLanguage\":\"nb-NO\",\"potentialAction\":[{\"@type\":\"ReadAction\",\"target\":[\"https:\\\/\\\/sugardaddynordic.com\\\/lehdisto\\\/\"]}]},{\"@type\":\"BreadcrumbList\",\"@id\":\"https:\\\/\\\/sugardaddynordic.com\\\/lehdisto\\\/#breadcrumb\",\"itemListElement\":[{\"@type\":\"ListItem\",\"position\":1,\"name\":\"Home\",\"item\":\"https:\\\/\\\/sugardaddynordic.com\\\/\"},{\"@type\":\"ListItem\",\"position\":2,\"name\":\"Lehdist\u00f6\"}]},{\"@type\":\"WebSite\",\"@id\":\"https:\\\/\\\/sugardaddynordic.com\\\/#website\",\"url\":\"https:\\\/\\\/sugardaddynordic.com\\\/\",\"name\":\"Sugar Daddy Nordic\",\"description\":\"\",\"publisher\":{\"@id\":\"https:\\\/\\\/sugardaddynordic.com\\\/#organization\"},\"alternateName\":\"Sugar Daddy Nordic powered by Sugar Daddy Planet\",\"potentialAction\":[{\"@type\":\"SearchAction\",\"target\":{\"@type\":\"EntryPoint\",\"urlTemplate\":\"https:\\\/\\\/sugardaddynordic.com\\\/?s={search_term_string}\"},\"query-input\":{\"@type\":\"PropertyValueSpecification\",\"valueRequired\":true,\"valueName\":\"search_term_string\"}}],\"inLanguage\":\"nb-NO\"},{\"@type\":[\"Organization\",\"DatingService\"],\"@id\":\"https:\\\/\\\/sugardaddynordic.com\\\/#organization\",\"name\":\"Sugar Daddy Nordic\",\"url\":\"https:\\\/\\\/sugardaddynordic.com\\\/\",\"logo\":{\"@type\":\"ImageObject\",\"inLanguage\":\"nb-NO\",\"@id\":\"https:\\\/\\\/sugardaddynordic.com\\\/#\\\/schema\\\/logo\\\/image\\\/\",\"url\":\"https:\\\/\\\/sugardaddynordic.com\\\/wp-content\\\/uploads\\\/2025\\\/10\\\/cropped-Logo-Sugar-Daddy-Nordic.png\",\"contentUrl\":\"https:\\\/\\\/sugardaddynordic.com\\\/wp-content\\\/uploads\\\/2025\\\/10\\\/cropped-Logo-Sugar-Daddy-Nordic.png\",\"width\":1022,\"height\":323,\"caption\":\"Sugar Daddy Nordic\"},\"image\":{\"@id\":\"https:\\\/\\\/sugardaddynordic.com\\\/#\\\/schema\\\/logo\\\/image\\\/\"},\"serviceType\":\"Dating Service\",\"category\":\"Dating\",\"publishingPrinciples\":\"https:\\\/\\\/sugardaddynordic.com\\\/julkaisustandardit\\\/\",\"ownershipFundingInfo\":\"https:\\\/\\\/sugardaddynordic.com\\\/rahoitus\\\/\",\"actionableFeedbackPolicy\":\"https:\\\/\\\/sugardaddynordic.com\\\/korjauskaytanto\\\/\",\"correctionsPolicy\":\"https:\\\/\\\/sugardaddynordic.com\\\/korjauskaytanto\\\/\",\"ethicsPolicy\":\"https:\\\/\\\/sugardaddynordic.com\\\/eettinen-politiikka\\\/\",\"diversityPolicy\":\"https:\\\/\\\/sugardaddynordic.com\\\/monimuotoisuus\\\/\",\"diversityStaffingReport\":\"https:\\\/\\\/sugardaddynordic.com\\\/yhteistyo\\\/\"}]}<\/script>\n<!-- \/ Yoast SEO Premium plugin. -->","yoast_head_json":{"title":"Trykk p\u00e5","robots":{"index":"index","follow":"follow","max-snippet":"max-snippet:-1","max-image-preview":"max-image-preview:large","max-video-preview":"max-video-preview:-1"},"canonical":"https:\/\/sugardaddynordic.com\/nb\/trykk-pa\/","og_locale":"nb_NO","og_type":"article","og_title":"Lehdist\u00f6","og_description":"SugarDaddyNordic kuuluu monialaiselle yritykselle (Polaris Nexus LCC), jolla on useita liiketoimintalinjoja.Varmistaaksemme yhten\u00e4iset ja tarkat viestit, emme anna haastatteluja toimitusjohtajan tai kamerassa esiintyvien edustajien kanssa. Kaikki pyynn\u00f6t k\u00e4sitell\u00e4\u00e4n yksinomaan s\u00e4hk\u00f6postitse lehdist\u00f6yhteyksien kautta. Mit\u00e4 voimme toimittaa \u274c Emme tarjoa haastatteluja CEO:n tai muiden johtajien kanssa, emmek\u00e4 kommentoi off the record.\u274c Emme jaa ei-julkisia taloustietoja tai k\u00e4ytt\u00e4j\u00e4tapauksia, joista ... Read more","og_url":"https:\/\/sugardaddynordic.com\/nb\/trykk-pa\/","og_site_name":"Sugar Daddy Nordic \u00ae","article_modified_time":"2025-10-26T06:25:43+00:00","og_image":[{"width":1024,"height":1024,"url":"https:\/\/sugardaddynordic.com\/wp-content\/uploads\/2025\/10\/Logo-Sugar-Daddy-Nordic.png","type":"image\/png"}],"twitter_card":"summary_large_image","twitter_misc":{"Ansl. lesetid":"3 minutter"},"schema":{"@context":"https:\/\/schema.org","@graph":[{"@type":"WebPage","@id":"https:\/\/sugardaddynordic.com\/lehdisto\/","url":"https:\/\/sugardaddynordic.com\/lehdisto\/","name":"Trykk p\u00e5","isPartOf":{"@id":"https:\/\/sugardaddynordic.com\/#website"},"datePublished":"2025-08-28T08:09:00+00:00","dateModified":"2025-10-26T06:25:43+00:00","breadcrumb":{"@id":"https:\/\/sugardaddynordic.com\/lehdisto\/#breadcrumb"},"inLanguage":"nb-NO","potentialAction":[{"@type":"ReadAction","target":["https:\/\/sugardaddynordic.com\/lehdisto\/"]}]},{"@type":"BreadcrumbList","@id":"https:\/\/sugardaddynordic.com\/lehdisto\/#breadcrumb","itemListElement":[{"@type":"ListItem","position":1,"name":"Home","item":"https:\/\/sugardaddynordic.com\/"},{"@type":"ListItem","position":2,"name":"Lehdist\u00f6"}]},{"@type":"WebSite","@id":"https:\/\/sugardaddynordic.com\/#website","url":"https:\/\/sugardaddynordic.com\/","name":"Sugar Daddy Nordic","description":"","publisher":{"@id":"https:\/\/sugardaddynordic.com\/#organization"},"alternateName":"Sugar Daddy Nordic powered by Sugar Daddy Planet","potentialAction":[{"@type":"SearchAction","target":{"@type":"EntryPoint","urlTemplate":"https:\/\/sugardaddynordic.com\/?s={search_term_string}"},"query-input":{"@type":"PropertyValueSpecification","valueRequired":true,"valueName":"search_term_string"}}],"inLanguage":"nb-NO"},{"@type":["Organization","DatingService"],"@id":"https:\/\/sugardaddynordic.com\/#organization","name":"Sugar Daddy Nordic","url":"https:\/\/sugardaddynordic.com\/","logo":{"@type":"ImageObject","inLanguage":"nb-NO","@id":"https:\/\/sugardaddynordic.com\/#\/schema\/logo\/image\/","url":"https:\/\/sugardaddynordic.com\/wp-content\/uploads\/2025\/10\/cropped-Logo-Sugar-Daddy-Nordic.png","contentUrl":"https:\/\/sugardaddynordic.com\/wp-content\/uploads\/2025\/10\/cropped-Logo-Sugar-Daddy-Nordic.png","width":1022,"height":323,"caption":"Sugar Daddy Nordic"},"image":{"@id":"https:\/\/sugardaddynordic.com\/#\/schema\/logo\/image\/"},"serviceType":"Dating Service","category":"Dating","publishingPrinciples":"https:\/\/sugardaddynordic.com\/julkaisustandardit\/","ownershipFundingInfo":"https:\/\/sugardaddynordic.com\/rahoitus\/","actionableFeedbackPolicy":"https:\/\/sugardaddynordic.com\/korjauskaytanto\/","correctionsPolicy":"https:\/\/sugardaddynordic.com\/korjauskaytanto\/","ethicsPolicy":"https:\/\/sugardaddynordic.com\/eettinen-politiikka\/","diversityPolicy":"https:\/\/sugardaddynordic.com\/monimuotoisuus\/","diversityStaffingReport":"https:\/\/sugardaddynordic.com\/yhteistyo\/"}]}},"_links":{"self":[{"href":"https:\/\/sugardaddynordic.com\/nb\/wp-json\/wp\/v2\/pages\/13446","targetHints":{"allow":["GET"]}}],"collection":[{"href":"https:\/\/sugardaddynordic.com\/nb\/wp-json\/wp\/v2\/pages"}],"about":[{"href":"https:\/\/sugardaddynordic.com\/nb\/wp-json\/wp\/v2\/types\/page"}],"author":[{"embeddable":true,"href":"https:\/\/sugardaddynordic.com\/nb\/wp-json\/wp\/v2\/users\/1"}],"replies":[{"embeddable":true,"href":"https:\/\/sugardaddynordic.com\/nb\/wp-json\/wp\/v2\/comments?post=13446"}],"version-history":[{"count":0,"href":"https:\/\/sugardaddynordic.com\/nb\/wp-json\/wp\/v2\/pages\/13446\/revisions"}],"wp:attachment":[{"href":"https:\/\/sugardaddynordic.com\/nb\/wp-json\/wp\/v2\/media?parent=13446"}],"curies":[{"name":"wp","href":"https:\/\/api.w.org\/{rel}","templated":true}]}}