{"id":2430,"date":"2019-01-22T08:31:57","date_gmt":"2019-01-22T06:31:57","guid":{"rendered":"https:\/\/sugardaddynordic.com\/?page_id=2430"},"modified":"2025-10-26T08:19:51","modified_gmt":"2025-10-26T06:19:51","slug":"vilkar-og-betingelser","status":"publish","type":"page","link":"https:\/\/sugardaddynordic.com\/nb\/kayttoehdot\/","title":{"rendered":"Vilk\u00e5r for bruk"},"content":{"rendered":"<h2 class=\"wp-block-heading\" id=\"h-1-hinnat\">1-. Priser fra<\/h2>\n\n\n\n<p>Sugar Daddy Nordic-prisene er delt inn etter tilgangstype. Abonnement p\u00e5 Sugarbaby er gratis.<br>Dette nettstedet har tre planer for tilgang til det sosiale nettverket.<\/p>\n\n\n\n<ul class=\"wp-block-list\">\n<li><strong>M\u00e5nedlig tilgang:<\/strong>&nbsp;&nbsp;brukeren kan bruke det sosiale nettverket og sende private meldinger i de m\u00e5nedene abonnementet fornyes*.<\/li>\n\n\n\n<li><strong>Kvartalsvis lisens:<\/strong>&nbsp;&nbsp;kvartalsvis tilgang n\u00e5r en bruker fornyer et abonnement*<\/li>\n\n\n\n<li><strong>\u00c5rlig lisens:<\/strong>&nbsp;&nbsp;som brukeren har tilgang til i ett \u00e5r.<\/li>\n<\/ul>\n\n\n\n<p>*Abonnementet fornyes automatisk, selv om det er en m\u00e5nedlig avgift, kontrakten er p\u00e5 ett \u00e5r, s\u00e5 tidlig oppsigelse kan i noen tilfeller resultere i en m\u00e5neds straffegebyr hvis oppsigelsen skjer i l\u00f8pet av de to f\u00f8rste m\u00e5nedene av bruk. Oppsigelse av abonnementet er knyttet til betalingssystemet v\u00e5rt, s\u00e5 oppsigelsen gj\u00f8res fra kundeprofilen din eller via e-post. Det er ingen varighet, s\u00e5 du kan si opp abonnementet ditt n\u00e5r som helst, med oppsigelse av kontrakten med en mulig straff p\u00e5 en m\u00e5ned hvis oppsigelsen skjer innen to m\u00e5neder etter at du har registrert deg for bruk av nettstedet.<\/p>\n\n\n\n<h2 class=\"wp-block-heading\" id=\"h-2-palautuskaytanto\">2-. Retningslinjer for retur:<\/h2>\n\n\n\n<p>Du samtykker i at alle betalinger som gj\u00f8res p\u00e5 nettstedet er endelige, og at du ikke vil stille sp\u00f8rsm\u00e5l ved eller bestride belastningen med banken din. Du samtykker videre i at hvis du har betalingsproblemer (for eksempel dobbeltfakturering), vil du \u00e5pne en supportbillett via nettstedet for \u00e5 l\u00f8se problemet. I tilfelle en tvist med banken din, samtykker du i at du er ansvarlig for eventuell gjeld til oss og eventuelle gebyrer for tvistel\u00f8sning som belastes av banken v\u00e5r.<\/p>\n\n\n\n<p>F\u00f8rste gang en bruker logger seg inn p\u00e5 plattformen mot betaling, mister han\/hun retten til \u00e5 kansellere den l\u00f8pende betalingen, bruke den private meldingstjenesten og v\u00e6re aktiv p\u00e5 plattformen. Hvis du ikke \u00f8nsker \u00e5 fortsette \u00e5 bruke tjenesten, m\u00e5 du derfor si opp abonnementet ditt.<\/p>\n\n\n\n<p>Hvis brukeren bestemmer seg for \u00e5 si opp en ubrukt tjeneste, refunderes den siste delbetalingen hvis den oppfyller kravene, men ikke de tidligere delbetalingene, siden hvis abonnementsavgiften er betalt, vil tjenesten bli ansett som brukt fra det \u00f8yeblikket brukeren har v\u00e6rt aktiv p\u00e5 plattformen.<\/p>\n\n\n\n<p>Du kan be om s\u00e5 mye informasjon du vil f\u00f8r du registrerer deg p\u00e5 plattformen via tilkoblingsomr\u00e5det, men vi refunderer ikke under noen omstendigheter m\u00e5nedlige avgifter eller \u00e5rsavgifter som allerede er betalt.<\/p>\n\n\n\n<h2 class=\"wp-block-heading\" id=\"h-3-kayttajien-toimintakaytanto\">3-. Brukerpolitikk:<\/h2>\n\n\n\n<p>Manglende overholdelse av f\u00f8lgende regler vil f\u00f8re til sletting av nettstedet uten rett til refusjon av innbetalte bel\u00f8p, og uten at det ber\u00f8rer eventuelle rettslige skritt som nettstedets eier kan ta. Dette nettstedet forbeholder seg retten til \u00e5 nekte tilgang til brukere og kan utvise dem hvis det oppdages uautorisert aktivitet.<\/p>\n\n\n\n<p>Spesielt aksepterer brukeren:<\/p>\n\n\n\n<ol class=\"wp-block-list\">\n<li>Du m\u00e5 v\u00e6re over 18 \u00e5r for \u00e5 f\u00e5 tilgang til nettstedet.<\/li>\n\n\n\n<li>Ikke bruk innholdet p\u00e5 en ulovlig eller umoralsk m\u00e5te.<\/li>\n\n\n\n<li>Ikke ta, last opp eller ta skjermbilder av profiler.<\/li>\n\n\n\n<li>Oppretthold konfidensialitet, og ikke del brukerinnhold eller meninger utenfor det sosiale nettverket.<\/li>\n\n\n\n<li>Ikke angrip eller manipuler nettstedet p\u00e5 noen m\u00e5te.<\/li>\n\n\n\n<li>Krenke eller krenke moralen eller rettighetene til forfattere, brukere og ansatte p\u00e5 denne plattformen, for eksempel administratorer, designere eller programmerere. Vi vil ta spesielt hardt i mot fremmedfiendtlige eller diskriminerende kommentarer, noe som vil f\u00f8re til umiddelbar utvisning. Vi ser ogs\u00e5 alvorlig p\u00e5 svindel, pyramidespill og alt innhold som kan virke uredelig eller i ond tro.<\/li>\n\n\n\n<li>Meninger, diskusjoner eller filopplastinger p\u00e5 det sosiale nettverket og mellom brukere kan ikke legges igjen p\u00e5 nettstedet eller siteres, refereres til eller kommuniseres utenfor det sosiale nettverket og etablerte kanaler som e-post.<\/li>\n\n\n\n<li>Det er ikke tillatt \u00e5 publisere alternative kontaktmetoder (facebook, instagram, telegram osv.) i din profil, forum eller kommentarer.<\/li>\n<\/ol>\n\n\n\n<p>Av hensyn til plattformens sikkerhet forbeholder sugardaddynordic.com seg retten til \u00e5 redigere profiler som inneholder personlig informasjon som telefonnumre, eksterne kontaktalternativer og lenker til andre sosiale nettverk. Fjern ogs\u00e5 utrygge bilder eller bilder som inneholder eksplisitt eller upassende informasjon.<\/p>\n\n\n\n<h2 class=\"wp-block-heading\" id=\"h-4-syita-profiilien-kieltamiseen-tai-poistamiseen\">4-. \u00c5rsaker til utestenging eller sletting av profiler:<\/h2>\n\n\n\n<p><strong>Vi forbeholder oss retten til \u00e5 nekte \u00e5 godta profiler som er upassende eller mistenkes for upassende oppf\u00f8rsel p\u00e5 det sosiale nettverket.&nbsp;<\/strong><\/p>\n\n\n\n<p>Vi forbeholder oss retten til \u00e5 ekskludere eller slette profiler:<\/p>\n\n\n\n<ol class=\"wp-block-list\">\n<li>Upassende oppf\u00f8rsel i et sosialt nettverk, for eksempel \u00e5 tilby eller be om seksuelle tjenester.<\/li>\n\n\n\n<li>Eskortetjenester eller eskortes\u00f8k.<\/li>\n\n\n\n<li>Bruk av plattformen til alle typer annonsering.<\/li>\n\n\n\n<li>Enhver form for truende eller krenkende melding til moderatorer eller medlemmer av nettstedsteamet.<\/li>\n\n\n\n<li>Sende masse- eller gjentatte meldinger.<\/li>\n\n\n\n<li>Et bilde som er falskt, smakl\u00f8st eller ikke stemmer overens med personens profil.<\/li>\n\n\n\n<li>Registrering med en IP-adresse utenfor landet der nettstedet brukes, eller via proxy-servere.<\/li>\n\n\n\n<li>Registrer deg med en anonym e-post.<\/li>\n\n\n\n<li>Eksponerer andre sosiale nettverk, telefon- eller kontaktmetoder utenfor plattformen.<\/li>\n\n\n\n<li>Salg av bilder, videoer eller lignende.<\/li>\n\n\n\n<li>Alle andre som bryter de etiske retningslinjene for brukere i avsnitt 3.<\/li>\n<\/ol>\n\n\n\n<h2 class=\"wp-block-heading\" id=\"h-5-sosiaalisen-verkoston-rekisterointi-ja-maksutavat\">5-. registrering p\u00e5 sosiale nettverk og betalingsmetoder.<\/h2>\n\n\n\n<p>Med \u00e5 registrere seg for et sosialt nettverk mener vi \u00e5 abonnere p\u00e5 tilgang.<\/p>\n\n\n\n<p>Betalingsm\u00e5ter: Betaling kan gj\u00f8res m\u00e5nedlig, kvartalsvis og \u00e5rlig via abonnement p\u00e5 plattformen v\u00e5r.<\/p>\n\n\n\n<p>Rabatt p\u00e5 betalt inngang.<br>P\u00e5 visse dager i \u00e5ret kan ledelsen bruke hjemmesiden eller nyhetsbrev til \u00e5 kunngj\u00f8re tilbud, s\u00e6rlig til nye eller eksisterende brukere, uten rett til kompensasjon eller vederlag for andre brukere som allerede er registrert.<\/p>\n\n\n\n<h2 class=\"wp-block-heading\" id=\"h-6-sahkoiset-uutiskirjeet\">6. elektroniske nyhetsbrev.<\/h2>\n\n\n\n<p>Vi kan sende abonnenter, studenter og tidligere studenter informasjon om avtalte tjenester og\/eller produkter eller lignende. Registrering p\u00e5 dette sosiale nettverket krever eksplisitt samtykke. Du kan uansett melde deg av de samme e-postlistene.<\/p>\n\n\n\n<h2 class=\"wp-block-heading\" id=\"h-7-vapaaehtoiset-yksityisyyden-maaritysvaihtoehdot\">7-. Frivillige alternativer for personverninnstillinger.<\/h2>\n\n\n\n<p>- Du st\u00e5r fritt til \u00e5 oppgi eller ikke oppgi personopplysninger i det sosiale nettverket, med unntak av de opplysningene som er nevnt i punkt 3, og til \u00e5 endre eller slette dem manuelt. Du kan konfigurere varslings- og e-postinnstillingene dine ved \u00e5 logge inn p\u00e5 kontoen din via nettstedet.<br>- V\u00e6r oppmerksom p\u00e5 at selv om du velger \u00e5 ikke abonnere p\u00e5 eller avslutte abonnementet p\u00e5 e-postkampanjer eller nyhetsbrev, kan vi fortsatt ha behov for \u00e5 kontakte deg med informasjon om transaksjonene og kj\u00f8pene dine.<br>- Du kan konfigurere m\u00e5ten nettleseren din h\u00e5ndterer informasjonskapsler p\u00e5 i personvern- og sikkerhetsinnstillingene.<br>4.8.2 Elektroniske nyhetsbrev.<br>- Motta e-post og varsler om nye meldinger eller interaksjoner p\u00e5 sosiale nettverk.<br>- Du vil motta e-post n\u00e5r du abonnerer p\u00e5 et emne eller n\u00e5r noen \u00f8nsker \u00e5 kommunisere med deg.<\/p>\n\n\n\n<p>-LENKE- Du kan lese retningslinjene for personvern og informasjonskapsler her -LENKE-<\/p>\n\n\n\n<h2 class=\"wp-block-heading\" id=\"h-8-turvallisuussyista\">8- Av sikkerhetsmessige \u00e5rsaker.<\/h2>\n\n\n\n<p>For \u00e5 forhindre angrep lagrer vi informasjon om plassering, nettlesertype og operativsystem, navigasjonsinnstillinger p\u00e5 nettstedet (for eksempel informasjonskapsler) og kj\u00f8pshistorikk for \u00e5 gi deg personlig tilpasset informasjon om nettstedet og (eventuelt) nyhetsbrev.<br>4.8.4 Konkurranser og annet.<br>Denne plattformen gj\u00f8r det mulig for oss \u00e5 organisere konkurranser. Vi forbeholder oss retten til \u00e5 be om ytterligere informasjon hvis dette er n\u00f8dvendig for \u00e5 sende premier eller annen informasjon som kreves for \u00e5 gjennomf\u00f8re konkurransen. V\u00e5re brukere er beskyttet av europeiske og nasjonale databeskyttelsesforskrifter. I henhold til GDPR-regelverket kan du f\u00e5 tilgang til opplysningene dine, korrigere opplysningene du anser som n\u00f8dvendige, begrense bruken av dem, protestere mot bruken av dem, trekke tilbake opplysningene du har gitt oss, eller overf\u00f8re opplysningene vi har til en tredjepart.<br>Hvis du \u00f8nsker \u00e5 si opp abonnementet ditt p\u00e5 plattformen v\u00e5r, kan du kontakte v\u00e5rt supportteam.<br>4.10. Funksjoner i sosiale nettverk eller fora.<br>Nettstedet inneholder lenker til omr\u00e5der der du kan legge ut informasjon, kommunisere med andre, for eksempel i diskusjonsfora eller blogger, anmelde produkter og publisere ditt eget originale innhold. All informasjon du legger ut, kan v\u00e6re tilgjengelig for alle, med unntak av private meldinger mellom brukere, som bare administratoren har tilgang til i spesielle tilfeller.<br>Det er ikke tillatt \u00e5 publisere kontaktinformasjon p\u00e5 sosiale medier. Vi anbefaler at du unng\u00e5r \u00e5 publisere dine egne personopplysninger eller opplysninger fra tredjeparter. Du m\u00e5 endre dem manuelt, og vi kan ikke behandle personopplysninger som ikke er bedt om p\u00e5 forh\u00e5nd.<\/p>\n\n\n\n<h2 class=\"wp-block-heading\" id=\"h-9-palautukset-ja-tai-palautukset\">9-. retur og\/eller refusjon.<\/h2>\n\n\n\n<p>P\u00e5 grunn av forholdene i det sosiale nettverket og synligheten av innholdet, kan vi ikke gi refusjoner eller kreditter, ettersom dette sosiale nettverket er basert p\u00e5 tilgang til det sosiale nettverket med rett til \u00e5 kommunisere under abonnementet og mens profilen er aktiv for \u00e5 motta varsler. Vi anser tjenesten som utf\u00f8rt ved \u00e5 gi deg tilgang uavhengig av form\u00e5let med bruken.<\/p>\n\n\n\n<p>Denne regelen er ukontroversiell, bortsett fra hvis brukeren ikke er aktivert i et betalt abonnement p\u00e5 plattformen og ikke har tilgang til private meldinger eller muligheten til \u00e5 sende private meldinger (\u00e5 sende en melding og v\u00e6re aktiv p\u00e5 profilen betyr tilgang til betalt innhold). Et faktum som brukeren m\u00e5 bevise p\u00e5 en p\u00e5litelig m\u00e5te. Dette sosiale nettverket forbeholder seg ogs\u00e5 retten til tilgang under alle omstendigheter og kan beslutte \u00e5 utvise en bruker hvis oppf\u00f8rselen deres er upassende eller gjentatt, hvis de anklager plattformen, innholdet eller personene som er ansvarlige for det, eller hvis de utgj\u00f8r en trussel. I slike tilfeller vil vi ikke refundere penger.<\/p>\n\n\n\n<p>P\u00e5 samme m\u00e5te betaler brukeren for \u00e5 kunne sende private meldinger og holde profilen sin aktiv p\u00e5 den sosiale nettverksplattformen, noe som betyr at brukeren har tilgang til denne tjenesten s\u00e5 lenge betalingsperioden varer. Du betaler ikke for \u00e5 sende private meldinger, men for \u00e5 ha tilgang til private meldinger og en privat kommunikasjonstjeneste med andre brukere.<\/p>\n\n\n\n<p>Hvis du har sp\u00f8rsm\u00e5l, er du velkommen til \u00e5 kontakte oss via kontaktinformasjonsseksjonen -LINK.<\/p>","protected":false},"excerpt":{"rendered":"<p>1-. Priser Sugar Daddy Nordic-prisene er delt inn etter tilgangstype. Dette nettstedet har tre planer for tilgang til det sosiale nettverket. *Abonnementet fornyes automatisk, selv om det er en m\u00e5nedlig avgift, kontrakten er p\u00e5 ett \u00e5r, s\u00e5 tidlig oppsigelse kan i noen tilfeller resultere i en m\u00e5neds bot hvis oppsigelsen skjer i l\u00f8pet av de to f\u00f8rste m\u00e5nedene av bruk. Oppsigelse av abonnementet er knyttet til v\u00e5rt betalingssystem, slik at oppsigelse er [...]. <a title=\"Vilk\u00e5r for bruk\" class=\"read-more\" href=\"https:\/\/sugardaddynordic.com\/nb\/kayttoehdot\/\" aria-label=\"Read more about K\u00e4ytt\u00f6ehdot\">Les mer om dette<\/a><\/p>","protected":false},"author":1,"featured_media":0,"parent":0,"menu_order":0,"comment_status":"closed","ping_status":"closed","template":"","meta":{"generate_page_header":"","footnotes":""},"class_list":{"0":"post-2430","1":"page","2":"type-page","3":"status-publish","5":"infinite-scroll-item"},"featured_image_urls":{"full":"","thumbnail":"","medium":"","medium_large":"","large":"","1536x1536":"","2048x2048":"","trp-custom-language-flag":"","crp_thumbnail":""},"post_excerpt_stackable":"<p>1-. Hinnat Sugar Daddy Nordic hinnat on jaettu p\u00e4\u00e4sytyypin mukaan. Sugarbabyn tilaus on ilmainen.T\u00e4ll\u00e4 verkkosivustolla on kolme suunnitelmaa sosiaaliseen verkostoon p\u00e4\u00e4sy\u00e4 varten. Kuukausittainen k\u00e4ytt\u00f6oikeus:&nbsp;&nbsp;k\u00e4ytt\u00e4j\u00e4 voi k\u00e4ytt\u00e4\u00e4 sosiaalista verkostoa ja l\u00e4hett\u00e4\u00e4 yksityisviestej\u00e4 tilauksen uusimiskuukausina* Nelj\u00e4nnesvuosittainen k\u00e4ytt\u00f6oikeus:&nbsp;&nbsp;k\u00e4ytt\u00e4j\u00e4 p\u00e4\u00e4see nelj\u00e4nnesvuosittain, kun h\u00e4n uusii tilauksen* Vuosittainen k\u00e4ytt\u00f6oikeus:&nbsp;&nbsp;jonka kautta k\u00e4ytt\u00e4j\u00e4 voi k\u00e4ytt\u00e4\u00e4 vuoden ajan. *Tilaus uusiutuu automaattisesti, vaikka kuukausimaksu onkin, sopimus on vuosi, joten ennenaikaisesta irtisanomisesta voi joissain tapauksissa seurata kuukauden sakko, jos irtisanominen tapahtuu kahden ensimm\u00e4isen k\u00e4ytt\u00f6kuukauden aikana. Tilauksen peruutus on linkitetty maksuj\u00e4rjestelm\u00e4\u00e4mme, joten peruutus tapahtuu asiakasprofiilista tai s\u00e4hk\u00f6postitse. Kestoa ei ole, joten voit peruuttaa tilauksen milloin haluat, sopimuksen irtisanominen mahdollisella kuukauden sakkomaksulla, jos&hellip;<\/p>\n","category_list":"","author_info":{"name":"Admin de SugarDaddySuomi","url":"https:\/\/sugardaddynordic.com\/nb\/author\/poweb\/"},"comments_num":"0 comments","featured_image_urls_v2":{"full":"","thumbnail":"","medium":"","medium_large":"","large":"","1536x1536":"","2048x2048":"","trp-custom-language-flag":"","crp_thumbnail":""},"post_excerpt_stackable_v2":"<p>1-. Hinnat Sugar Daddy Nordic hinnat on jaettu p\u00e4\u00e4sytyypin mukaan. Sugarbabyn tilaus on ilmainen.T\u00e4ll\u00e4 verkkosivustolla on kolme suunnitelmaa sosiaaliseen verkostoon p\u00e4\u00e4sy\u00e4 varten. Kuukausittainen k\u00e4ytt\u00f6oikeus:&nbsp;&nbsp;k\u00e4ytt\u00e4j\u00e4 voi k\u00e4ytt\u00e4\u00e4 sosiaalista verkostoa ja l\u00e4hett\u00e4\u00e4 yksityisviestej\u00e4 tilauksen uusimiskuukausina* Nelj\u00e4nnesvuosittainen k\u00e4ytt\u00f6oikeus:&nbsp;&nbsp;k\u00e4ytt\u00e4j\u00e4 p\u00e4\u00e4see nelj\u00e4nnesvuosittain, kun h\u00e4n uusii tilauksen* Vuosittainen k\u00e4ytt\u00f6oikeus:&nbsp;&nbsp;jonka kautta k\u00e4ytt\u00e4j\u00e4 voi k\u00e4ytt\u00e4\u00e4 vuoden ajan. *Tilaus uusiutuu automaattisesti, vaikka kuukausimaksu onkin, sopimus on vuosi, joten ennenaikaisesta irtisanomisesta voi joissain tapauksissa seurata kuukauden sakko, jos irtisanominen tapahtuu kahden ensimm\u00e4isen k\u00e4ytt\u00f6kuukauden aikana. Tilauksen peruutus on linkitetty maksuj\u00e4rjestelm\u00e4\u00e4mme, joten peruutus tapahtuu asiakasprofiilista tai s\u00e4hk\u00f6postitse. Kestoa ei ole, joten voit peruuttaa tilauksen milloin haluat, sopimuksen irtisanominen mahdollisella kuukauden sakkomaksulla, jos&hellip;<\/p>\n","category_list_v2":"","author_info_v2":{"name":"Admin de SugarDaddySuomi","url":"https:\/\/sugardaddynordic.com\/nb\/author\/poweb\/"},"comments_num_v2":"0 comments","yoast_head":"<!-- This site is optimized with the Yoast SEO Premium plugin v26.0 (Yoast SEO v27.3) - https:\/\/yoast.com\/product\/yoast-seo-premium-wordpress\/ -->\n<title>K\u00e4ytt\u00f6ehdot<\/title>\n<meta name=\"robots\" content=\"noindex, nofollow\" \/>\n<meta property=\"og:locale\" content=\"nb_NO\" \/>\n<meta property=\"og:type\" content=\"article\" \/>\n<meta property=\"og:title\" content=\"K\u00e4ytt\u00f6ehdot\" \/>\n<meta property=\"og:description\" content=\"1-. Hinnat Sugar Daddy Nordic hinnat on jaettu p\u00e4\u00e4sytyypin mukaan. Sugarbabyn tilaus on ilmainen.T\u00e4ll\u00e4 verkkosivustolla on kolme suunnitelmaa sosiaaliseen verkostoon p\u00e4\u00e4sy\u00e4 varten. *Tilaus uusiutuu automaattisesti, vaikka kuukausimaksu onkin, sopimus on vuosi, joten ennenaikaisesta irtisanomisesta voi joissain tapauksissa seurata kuukauden sakko, jos irtisanominen tapahtuu kahden ensimm\u00e4isen k\u00e4ytt\u00f6kuukauden aikana. Tilauksen peruutus on linkitetty maksuj\u00e4rjestelm\u00e4\u00e4mme, joten peruutus tapahtuu ... Read more\" \/>\n<meta property=\"og:url\" content=\"https:\/\/sugardaddynordic.com\/nb\/vilkar-og-betingelser\/\" \/>\n<meta property=\"og:site_name\" content=\"Sugar Daddy Nordic \u00ae\" \/>\n<meta property=\"article:modified_time\" content=\"2025-10-26T06:19:51+00:00\" \/>\n<meta property=\"og:image\" content=\"https:\/\/sugardaddynordic.com\/wp-content\/uploads\/2025\/10\/Logo-Sugar-Daddy-Nordic.png\" \/>\n\t<meta property=\"og:image:width\" content=\"1024\" \/>\n\t<meta property=\"og:image:height\" content=\"1024\" \/>\n\t<meta property=\"og:image:type\" content=\"image\/png\" \/>\n<meta name=\"twitter:card\" content=\"summary_large_image\" \/>\n<meta name=\"twitter:label1\" content=\"Ansl. lesetid\" \/>\n\t<meta name=\"twitter:data1\" content=\"7 minutter\" \/>\n<script type=\"application\/ld+json\" class=\"yoast-schema-graph\">{\"@context\":\"https:\\\/\\\/schema.org\",\"@graph\":[{\"@type\":\"WebPage\",\"@id\":\"https:\\\/\\\/sugardaddynordic.com\\\/kayttoehdot\\\/\",\"url\":\"https:\\\/\\\/sugardaddynordic.com\\\/kayttoehdot\\\/\",\"name\":\"K\u00e4ytt\u00f6ehdot\",\"isPartOf\":{\"@id\":\"https:\\\/\\\/sugardaddynordic.com\\\/#website\"},\"datePublished\":\"2019-01-22T06:31:57+00:00\",\"dateModified\":\"2025-10-26T06:19:51+00:00\",\"breadcrumb\":{\"@id\":\"https:\\\/\\\/sugardaddynordic.com\\\/kayttoehdot\\\/#breadcrumb\"},\"inLanguage\":\"nb-NO\",\"potentialAction\":[{\"@type\":\"ReadAction\",\"target\":[\"https:\\\/\\\/sugardaddynordic.com\\\/kayttoehdot\\\/\"]}]},{\"@type\":\"BreadcrumbList\",\"@id\":\"https:\\\/\\\/sugardaddynordic.com\\\/kayttoehdot\\\/#breadcrumb\",\"itemListElement\":[{\"@type\":\"ListItem\",\"position\":1,\"name\":\"Home\",\"item\":\"https:\\\/\\\/sugardaddynordic.com\\\/\"},{\"@type\":\"ListItem\",\"position\":2,\"name\":\"K\u00e4ytt\u00f6ehdot\"}]},{\"@type\":\"WebSite\",\"@id\":\"https:\\\/\\\/sugardaddynordic.com\\\/#website\",\"url\":\"https:\\\/\\\/sugardaddynordic.com\\\/\",\"name\":\"Sugar Daddy Nordic\",\"description\":\"\",\"publisher\":{\"@id\":\"https:\\\/\\\/sugardaddynordic.com\\\/#organization\"},\"alternateName\":\"Sugar Daddy Nordic powered by Sugar Daddy Planet\",\"potentialAction\":[{\"@type\":\"SearchAction\",\"target\":{\"@type\":\"EntryPoint\",\"urlTemplate\":\"https:\\\/\\\/sugardaddynordic.com\\\/?s={search_term_string}\"},\"query-input\":{\"@type\":\"PropertyValueSpecification\",\"valueRequired\":true,\"valueName\":\"search_term_string\"}}],\"inLanguage\":\"nb-NO\"},{\"@type\":[\"Organization\",\"DatingService\"],\"@id\":\"https:\\\/\\\/sugardaddynordic.com\\\/#organization\",\"name\":\"Sugar Daddy Nordic\",\"url\":\"https:\\\/\\\/sugardaddynordic.com\\\/\",\"logo\":{\"@type\":\"ImageObject\",\"inLanguage\":\"nb-NO\",\"@id\":\"https:\\\/\\\/sugardaddynordic.com\\\/#\\\/schema\\\/logo\\\/image\\\/\",\"url\":\"https:\\\/\\\/sugardaddynordic.com\\\/wp-content\\\/uploads\\\/2025\\\/10\\\/cropped-Logo-Sugar-Daddy-Nordic.png\",\"contentUrl\":\"https:\\\/\\\/sugardaddynordic.com\\\/wp-content\\\/uploads\\\/2025\\\/10\\\/cropped-Logo-Sugar-Daddy-Nordic.png\",\"width\":1022,\"height\":323,\"caption\":\"Sugar Daddy Nordic\"},\"image\":{\"@id\":\"https:\\\/\\\/sugardaddynordic.com\\\/#\\\/schema\\\/logo\\\/image\\\/\"},\"serviceType\":\"Dating Service\",\"category\":\"Dating\",\"publishingPrinciples\":\"https:\\\/\\\/sugardaddynordic.com\\\/julkaisustandardit\\\/\",\"ownershipFundingInfo\":\"https:\\\/\\\/sugardaddynordic.com\\\/rahoitus\\\/\",\"actionableFeedbackPolicy\":\"https:\\\/\\\/sugardaddynordic.com\\\/korjauskaytanto\\\/\",\"correctionsPolicy\":\"https:\\\/\\\/sugardaddynordic.com\\\/korjauskaytanto\\\/\",\"ethicsPolicy\":\"https:\\\/\\\/sugardaddynordic.com\\\/eettinen-politiikka\\\/\",\"diversityPolicy\":\"https:\\\/\\\/sugardaddynordic.com\\\/monimuotoisuus\\\/\",\"diversityStaffingReport\":\"https:\\\/\\\/sugardaddynordic.com\\\/yhteistyo\\\/\"}]}<\/script>\n<!-- \/ Yoast SEO Premium plugin. -->","yoast_head_json":{"title":"Vilk\u00e5r for bruk","robots":{"index":"noindex","follow":"nofollow"},"og_locale":"nb_NO","og_type":"article","og_title":"K\u00e4ytt\u00f6ehdot","og_description":"1-. Hinnat Sugar Daddy Nordic hinnat on jaettu p\u00e4\u00e4sytyypin mukaan. Sugarbabyn tilaus on ilmainen.T\u00e4ll\u00e4 verkkosivustolla on kolme suunnitelmaa sosiaaliseen verkostoon p\u00e4\u00e4sy\u00e4 varten. *Tilaus uusiutuu automaattisesti, vaikka kuukausimaksu onkin, sopimus on vuosi, joten ennenaikaisesta irtisanomisesta voi joissain tapauksissa seurata kuukauden sakko, jos irtisanominen tapahtuu kahden ensimm\u00e4isen k\u00e4ytt\u00f6kuukauden aikana. Tilauksen peruutus on linkitetty maksuj\u00e4rjestelm\u00e4\u00e4mme, joten peruutus tapahtuu ... Read more","og_url":"https:\/\/sugardaddynordic.com\/nb\/vilkar-og-betingelser\/","og_site_name":"Sugar Daddy Nordic \u00ae","article_modified_time":"2025-10-26T06:19:51+00:00","og_image":[{"width":1024,"height":1024,"url":"https:\/\/sugardaddynordic.com\/wp-content\/uploads\/2025\/10\/Logo-Sugar-Daddy-Nordic.png","type":"image\/png"}],"twitter_card":"summary_large_image","twitter_misc":{"Ansl. lesetid":"7 minutter"},"schema":{"@context":"https:\/\/schema.org","@graph":[{"@type":"WebPage","@id":"https:\/\/sugardaddynordic.com\/kayttoehdot\/","url":"https:\/\/sugardaddynordic.com\/kayttoehdot\/","name":"Vilk\u00e5r for bruk","isPartOf":{"@id":"https:\/\/sugardaddynordic.com\/#website"},"datePublished":"2019-01-22T06:31:57+00:00","dateModified":"2025-10-26T06:19:51+00:00","breadcrumb":{"@id":"https:\/\/sugardaddynordic.com\/kayttoehdot\/#breadcrumb"},"inLanguage":"nb-NO","potentialAction":[{"@type":"ReadAction","target":["https:\/\/sugardaddynordic.com\/kayttoehdot\/"]}]},{"@type":"BreadcrumbList","@id":"https:\/\/sugardaddynordic.com\/kayttoehdot\/#breadcrumb","itemListElement":[{"@type":"ListItem","position":1,"name":"Home","item":"https:\/\/sugardaddynordic.com\/"},{"@type":"ListItem","position":2,"name":"K\u00e4ytt\u00f6ehdot"}]},{"@type":"WebSite","@id":"https:\/\/sugardaddynordic.com\/#website","url":"https:\/\/sugardaddynordic.com\/","name":"Sugar Daddy Nordic","description":"","publisher":{"@id":"https:\/\/sugardaddynordic.com\/#organization"},"alternateName":"Sugar Daddy Nordic powered by Sugar Daddy Planet","potentialAction":[{"@type":"SearchAction","target":{"@type":"EntryPoint","urlTemplate":"https:\/\/sugardaddynordic.com\/?s={search_term_string}"},"query-input":{"@type":"PropertyValueSpecification","valueRequired":true,"valueName":"search_term_string"}}],"inLanguage":"nb-NO"},{"@type":["Organization","DatingService"],"@id":"https:\/\/sugardaddynordic.com\/#organization","name":"Sugar Daddy Nordic","url":"https:\/\/sugardaddynordic.com\/","logo":{"@type":"ImageObject","inLanguage":"nb-NO","@id":"https:\/\/sugardaddynordic.com\/#\/schema\/logo\/image\/","url":"https:\/\/sugardaddynordic.com\/wp-content\/uploads\/2025\/10\/cropped-Logo-Sugar-Daddy-Nordic.png","contentUrl":"https:\/\/sugardaddynordic.com\/wp-content\/uploads\/2025\/10\/cropped-Logo-Sugar-Daddy-Nordic.png","width":1022,"height":323,"caption":"Sugar Daddy Nordic"},"image":{"@id":"https:\/\/sugardaddynordic.com\/#\/schema\/logo\/image\/"},"serviceType":"Dating Service","category":"Dating","publishingPrinciples":"https:\/\/sugardaddynordic.com\/julkaisustandardit\/","ownershipFundingInfo":"https:\/\/sugardaddynordic.com\/rahoitus\/","actionableFeedbackPolicy":"https:\/\/sugardaddynordic.com\/korjauskaytanto\/","correctionsPolicy":"https:\/\/sugardaddynordic.com\/korjauskaytanto\/","ethicsPolicy":"https:\/\/sugardaddynordic.com\/eettinen-politiikka\/","diversityPolicy":"https:\/\/sugardaddynordic.com\/monimuotoisuus\/","diversityStaffingReport":"https:\/\/sugardaddynordic.com\/yhteistyo\/"}]}},"_links":{"self":[{"href":"https:\/\/sugardaddynordic.com\/nb\/wp-json\/wp\/v2\/pages\/2430","targetHints":{"allow":["GET"]}}],"collection":[{"href":"https:\/\/sugardaddynordic.com\/nb\/wp-json\/wp\/v2\/pages"}],"about":[{"href":"https:\/\/sugardaddynordic.com\/nb\/wp-json\/wp\/v2\/types\/page"}],"author":[{"embeddable":true,"href":"https:\/\/sugardaddynordic.com\/nb\/wp-json\/wp\/v2\/users\/1"}],"replies":[{"embeddable":true,"href":"https:\/\/sugardaddynordic.com\/nb\/wp-json\/wp\/v2\/comments?post=2430"}],"version-history":[{"count":0,"href":"https:\/\/sugardaddynordic.com\/nb\/wp-json\/wp\/v2\/pages\/2430\/revisions"}],"wp:attachment":[{"href":"https:\/\/sugardaddynordic.com\/nb\/wp-json\/wp\/v2\/media?parent=2430"}],"curies":[{"name":"wp","href":"https:\/\/api.w.org\/{rel}","templated":true}]}}