{"id":6191,"date":"2024-11-15T12:28:50","date_gmt":"2024-11-15T10:28:50","guid":{"rendered":"https:\/\/sugardaddynordic.com\/?page_id=6191"},"modified":"2025-10-26T08:19:30","modified_gmt":"2025-10-26T06:19:30","slug":"trygg-dating","status":"publish","type":"page","link":"https:\/\/sugardaddynordic.com\/nb\/turvallinen-tapailu\/","title":{"rendered":"Trygg dating"},"content":{"rendered":"<p><a href=\"https:\/\/sugardaddynordic.com\/nb\/\">SugarDaddy Nordic<\/a>&nbsp;Som med alle datingplattformer er det risikoer involvert, spesielt n\u00e5r det gjelder svindel.<\/p>\n\n\n\n<p><strong>Nedenfor presenterer vi en komplett guide med sikkerhetstips for \u00e5 hjelpe deg med \u00e5 f\u00e5 en tilfredsstillende opplevelse og unng\u00e5 svindelfors\u00f8k eller d\u00e5rlig praksis<\/strong>&nbsp;p\u00e5 v\u00e5re sugar daddy- og sugar baby-plattformer sugardaddynordic.com<\/p>\n\n\n\n<h2 class=\"wp-block-heading has-text-align-center\" id=\"h-yleisia-vinkkeja\">Generelle tips<\/h2>\n\n\n\n<div class=\"wp-block-stackable-columns stk-block-columns stk-block stk-5ad3213\" data-block-id=\"5ad3213\"><div class=\"stk-row stk-inner-blocks stk-block-content stk-content-align stk-5ad3213-column\">\n<div class=\"wp-block-stackable-column stk-block-column stk-column stk-block stk-18b68d9\" data-v=\"4\" data-block-id=\"18b68d9\"><div class=\"stk-column-wrapper stk-block-column__content stk-container stk-18b68d9-container stk--no-background stk--no-padding\"><div class=\"stk-block-content stk-inner-blocks stk-18b68d9-inner-blocks\">\n<h3 class=\"wp-block-heading\" id=\"h-vahvista-henkilollisyys\">Bekreft identiteten din:<\/h3>\n\n\n\n<p>Forsikre deg om at personen du kommuniserer med, er den de utgir seg for \u00e5 v\u00e6re. Dette kan omfatte&nbsp;<strong>foreta videosamtaler<\/strong>&nbsp;f\u00f8r m\u00f8tet,&nbsp;<strong>be om et nylig tatt bilde<\/strong>&nbsp;eller&nbsp;<strong>be om sosiale medier<\/strong>&nbsp;for \u00e5 bekrefte at de ikke er falske.<\/p>\n\n\n\n<h3 class=\"wp-block-heading\" id=\"h-ala-koskaan-laheta-rahaa-etukateen\">Send aldri penger p\u00e5 forh\u00e5nd:<\/h3>\n\n\n\n<p>En ekte Sugar Daddy ber ikke Sugar Baby om penger og vice versa. Sugar-forhold er basert p\u00e5 klare kontrakter, ikke ensidige tjenester. Dette betyr ogs\u00e5 at du ikke vil oppgi bankkontoinformasjon eller sende gavekort eller nettkj\u00f8p.<\/p>\n\n\n\n<h3 class=\"wp-block-heading\" id=\"h-pysy-alustalla\">Bli p\u00e5 plattformen<\/h3>\n\n\n\n<p>N\u00e5r du akkurat har blitt kjent med noen, b\u00f8r du fortsette samtalene p\u00e5 plattformen. Brukere med d\u00e5rlige hensikter pr\u00f8ver ofte \u00e5 flytte samtalen til meldingsapper, e-post eller telefonsamtaler s\u00e5 raskt som mulig.<\/p>\n<\/div><\/div><\/div>\n\n\n\n<div class=\"wp-block-stackable-column stk-block-column stk-column stk-block stk-7df0b6b\" data-v=\"4\" data-block-id=\"7df0b6b\"><div class=\"stk-column-wrapper stk-block-column__content stk-container stk-7df0b6b-container stk--no-background stk--no-padding\"><div class=\"stk-block-content stk-inner-blocks stk-7df0b6b-inner-blocks\">\n<h3 class=\"wp-block-heading\" id=\"h-varo-dramaattisia-tarinoita\">Pass deg for dramatiske historier:<\/h3>\n\n\n\n<p>Hvis du opplever at personen alltid har en unnskyldning eller et presserende problem som trenger din hjelp, kan det v\u00e6re at du st\u00e5r overfor en emosjonell svindel.<\/p>\n\n\n\n<h3 class=\"wp-block-heading\" id=\"h-selkeat-sopimukset-alusta-alkaen\">Tydelige kontrakter fra starten av:<\/h3>\n\n\n\n<p>\u00d8konomiske, emosjonelle og tidsmessige forventninger b\u00f8r v\u00e6re avklart f\u00f8r m\u00f8tet. V\u00e6r aldri redd for \u00e5 klargj\u00f8re vilk\u00e5rene dine eller stille vanskelige sp\u00f8rsm\u00e5l om hva begge parter forventer av forholdet.<\/p>\n\n\n\n<h3 class=\"wp-block-heading\" id=\"h-epaily-kaukosuhteista-tai-eri-maiden-valilla\">Mistanke om langdistanseforhold eller forhold p\u00e5 tvers av landegrenser<\/h3>\n\n\n\n<p>V\u00e6r mistenksom overfor alle som ikke vil m\u00f8te deg personlig eller ta en telefon- eller videosamtale; det er ikke sikkert at de er den de utgir seg for \u00e5 v\u00e6re. Hvis noen unng\u00e5r sp\u00f8rsm\u00e5lene dine eller pr\u00f8ver \u00e5 etablere et seri\u00f8st forhold uten \u00e5 bli kjent med deg f\u00f8rst, er det et d\u00e5rlig tegn.<\/p>\n<\/div><\/div><\/div>\n<\/div><\/div>\n\n\n\n<h2 class=\"wp-block-heading has-text-align-center\" id=\"h-treffien-turvallisuus\">M\u00f8tesikkerhet<\/h2>\n\n\n\n<h3 class=\"wp-block-heading\" id=\"h-ensimmainen-treffi-julkisella-paikalla\">F\u00f8rste date p\u00e5 et offentlig sted:<\/h3>\n\n\n\n<p>Hold alltid det f\u00f8rste m\u00f8tet p\u00e5 et trygt, offentlig sted, for eksempel p\u00e5 en kaf\u00e9 eller restaurant. Unng\u00e5 \u00e5 m\u00f8tes p\u00e5 ukjente steder eller direkte i et hus eller p\u00e5 et hotell.<\/p>\n\n\n\n<h3 class=\"wp-block-heading\" id=\"h-kerro-jollekulle-johon-luotat\">Si det til noen du stoler p\u00e5:<\/h3>\n\n\n\n<p>Husk \u00e5 fortelle en venn eller et familiemedlem du stoler p\u00e5 hvor du er, hvem du skal m\u00f8te og hvor lenge du skal v\u00e6re borte f\u00f8r dere m\u00f8tes. Du kan dele posisjonen din i sanntid via smarttelefonen din for \u00e5 \u00f8ke sikkerheten.<\/p>\n\n\n\n<h3 class=\"wp-block-heading\" id=\"h-ota-oma-kuljetus\">Ta med egen transport:<\/h3>\n\n\n\n<p>Ikke ta imot henting ved f\u00f8rste time eller skyss. Bruk egen transport eller offentlig transport slik at du kan komme deg hjem hvis du p\u00e5 et eller annet tidspunkt \u00f8nsker \u00e5 avbryte avtalen.<\/p>\n\n\n\n<h3 class=\"wp-block-heading\" id=\"h-rajoita-alkoholin-tai-paihteiden-kayttoa\">Begrens bruken av alkohol eller narkotika:<\/h3>\n\n\n\n<p>P\u00e5 den f\u00f8rste daten er det lurt \u00e5 begrense alkoholinntaket for \u00e5 holde situasjonen under kontroll hele veien. Overdrevent alkoholinntak kan utsette deg for u\u00f8nskede situasjoner. Hvis de tilbyr deg andre ting, b\u00f8r du takke nei fordi du ikke vet hva de tilbyr deg.<\/p>\n\n\n\n<h2 class=\"wp-block-heading has-text-align-center\" id=\"h-turvallisuus-sokerivauvoille\">Sikkerhet for sukkerbabyer<\/h2>\n\n\n\n<p><strong>Se opp for falske sugar daddies<\/strong>&nbsp;: Det finnes folk som utgir seg for \u00e5 v\u00e6re velst\u00e5ende sugar daddies, men som bare er interessert i \u00e5 svindle. De kan pr\u00f8ve \u00e5 f\u00e5 deg til \u00e5 sende intime bilder eller be om penger under p\u00e5skudd av at de vil betale deg tilbake senere. Ha alltid kontroll over situasjonen, og ikke stol blindt p\u00e5 noen du ikke har m\u00f8tt personlig.<\/p>\n\n\n\n<p><strong>Unng\u00e5 \u00e5 dele bankopplysninger eller gavekort<\/strong>&nbsp;: Gj\u00f8r aldri banktransaksjoner eller kj\u00f8p kort eller produkter, uansett hvilken unnskyldning personen p\u00e5 den andre siden av skjermen gir deg. Det finnes tusenvis av svindelfors\u00f8k av denne typen p\u00e5 Internett der du blir bedt om \u00e5 kj\u00f8pe kort eller bankopplysninger.<\/p>\n\n\n\n<p><strong>Ikke overf\u00f8r penger<\/strong>&nbsp;: Uten noen unnskyldning eller unnskyldning, vil du ikke foreta en pengeoverf\u00f8ring til noen du har m\u00f8tt p\u00e5 nettet. Ikke bli involvert i noen form for transaksjon uten \u00e5 kjenne personen.<\/p>\n\n\n\n<p><strong>Ikke gi ut personlig informasjon<\/strong>&nbsp;Ikke gi ut informasjon om universitetet ditt, adressen din eller personlig informasjon som ikke er relevant uten at du kjenner den personlig. Ditt privatliv m\u00e5 beskyttes i relasjoner p\u00e5 nettet.<\/p>\n\n\n\n<h2 class=\"wp-block-heading has-text-align-center\" id=\"h-turvallisuus-sokereille\">Sikkerhet for sukkerarter<\/h2>\n\n\n\n<p><strong>Se opp for falske profiler<\/strong>&nbsp;Svar: Hvis profilen din ser for perfekt ut eller bildene dine ser for profesjonelle ut, er det en god id\u00e9 \u00e5 unders\u00f8ke saken n\u00e6rmere f\u00f8r du involverer deg f\u00f8lelsesmessig eller \u00f8konomisk.<\/p>\n\n\n\n<p>Ikke sett inn penger p\u00e5 nettet eller kj\u00f8p gaver p\u00e5 nettet: Eventuelle gaver eller fordeler fra disse relasjonene gj\u00f8res best personlig og p\u00e5 nettet etter et personlig m\u00f8te. Hvis en bruker ber deg om penger f\u00f8r m\u00f8tet, er det bedre \u00e5 avsl\u00e5.<\/p>\n\n\n\n<p><strong>Ikke del un\u00f8dvendige personopplysninger<\/strong>&nbsp;: Unng\u00e5 \u00e5 dele for mye personlig informasjon som inntekt, formue eller bankkontoer i begynnelsen av forholdet. Noen svindlere kan bruke denne informasjonen til \u00e5 utpresse deg eller stjele identiteten din.<\/p>\n\n\n\n<p><strong>Hastende foresp\u00f8rsler om penger<\/strong>&nbsp;Svar: Hvis Sugar Baby begynner \u00e5 be om penger f\u00f8r en avtale eller for uventede problemer som \"n\u00f8dstilfeller i familien\", kan du bli svindlet. Sugar Baby-forholdet er basert p\u00e5 klare avtaler, ikke plutselige \u00f8konomiske tjenester.<\/p>\n\n\n\n<p><strong>Beskytt deg mot utpressing<\/strong>&nbsp;Del aldri sensitivt materiale med noen du aldri har m\u00f8tt personlig og som du ikke har full tillit til. Ikke fortell noen om din familie- eller sivilstatus, jobb eller hjem f\u00f8r dere har m\u00f8ttes personlig.<\/p>\n\n\n\n<h2 class=\"wp-block-heading has-text-align-center\" id=\"h-kuinka-tunnistaa-verkkohuijaukset\">Slik identifiserer du nettsvindel<\/h2>\n\n\n\n<div class=\"wp-block-stackable-columns stk-block-columns stk-block stk-a1f0618\" data-block-id=\"a1f0618\"><div class=\"stk-row stk-inner-blocks stk-block-content stk-content-align stk-a1f0618-column\">\n<div class=\"wp-block-stackable-column stk-block-column stk-column stk-block stk-d914be5\" data-v=\"4\" data-block-id=\"d914be5\"><div class=\"stk-column-wrapper stk-block-column__content stk-container stk-d914be5-container stk--no-background stk--no-padding\"><div class=\"stk-block-content stk-inner-blocks stk-d914be5-inner-blocks\">\n<h3 class=\"wp-block-heading\" id=\"h-epatavallinen-kieli-ja-kaytos\">Uvanlig spr\u00e5k og oppf\u00f8rsel:<\/h3>\n\n\n\n<p>Svindlere kommuniserer ofte upersonlig eller inkonsekvent. Hvis du merker at personen du snakker med unng\u00e5r \u00e5 svare p\u00e5 direkte sp\u00f8rsm\u00e5l, har automatiske svar eller unng\u00e5r \u00e5 m\u00f8te deg personlig, er det et r\u00f8dt flagg.<\/p>\n\n\n\n<h3 class=\"wp-block-heading\" id=\"h-liioiteltuja-lupauksia\">Overdrevne l\u00f8fter:<\/h3>\n\n\n\n<p>Pass deg for l\u00f8fter om store pengesummer, overd\u00e5dige gaver eller et luksuri\u00f8st liv uten at du har bygget opp en ekte relasjon. Hvis noe virker for godt til \u00e5 v\u00e6re sant, er det sannsynligvis det.<\/p>\n<\/div><\/div><\/div>\n\n\n\n<div class=\"wp-block-stackable-column stk-block-column stk-column stk-block stk-fbe5034\" data-v=\"4\" data-block-id=\"fbe5034\"><div class=\"stk-column-wrapper stk-block-column__content stk-container stk-fbe5034-container stk--no-background stk--no-padding\"><div class=\"stk-block-content stk-inner-blocks stk-fbe5034-inner-blocks\">\n<h3 class=\"wp-block-heading\" id=\"h-luonnottomia-kuvia\">Unaturlige bilder:<\/h3>\n\n\n\n<p>Bruk verkt\u00f8y som omvendt bildes\u00f8k for \u00e5 sjekke om bildene de legger ut, er ekte eller stj\u00e5let fra andre profiler p\u00e5 Internett.<\/p>\n\n\n\n<h3 class=\"wp-block-heading\" id=\"h-epajohdonmukainen-kaytos\">Inkonsekvent oppf\u00f8rsel:<\/h3>\n\n\n\n<p>Hvis personens personlige historie endrer seg, eller hvis de forteller deg motstridende historier, kan du ha med en svindler \u00e5 gj\u00f8re. Det er viktig \u00e5 v\u00e6re oppmerksom p\u00e5 disse detaljene fra starten av.<\/p>\n<\/div><\/div><\/div>\n<\/div><\/div>\n\n\n\n<h2 class=\"wp-block-heading\" id=\"h-kuinka-ilmoittaa-huijauksista\">Slik melder du fra om svindel<\/h2>\n\n\n\n<p>Hvis du tror du har blitt svindlet eller har oppdaget en mistenkelig profil, er det viktig at du rapporterer det umiddelbart ved \u00e5 sende en e-post til&nbsp;<a href=\"https:\/\/sugardaddynordic.com\/nb\/kontakt\/\">eller ved \u00e5 bruke kontaktskjemaet<\/a>&nbsp;. Som bruker kan du ogs\u00e5 rapportere det via profiler<\/p>\n\n\n\n<p>Informasjon p\u00e5 bloggen:<\/p>\n\n\n\n<p>F\u00f8r du g\u00e5r inn i en verden av sugardating, og det er viktig \u00e5 finne ut alt som er \u00e5 vite om&nbsp;<a href=\"https:\/\/sugardaddynordic.com\/nb\/blog\/\">konseptet og typen relasjoner i sugar baby,<\/a>&nbsp;Vi anbefaler&nbsp;<a href=\"https:\/\/sugardaddynordic.com\/nb\/blog\/\">les bloggen<\/a>&nbsp;som har mange artikler om sikkerhet p\u00e5 f\u00f8rste date, personvern osv.<\/p>","protected":false},"excerpt":{"rendered":"<p>SugarDaddy Nordic&nbsp;,&nbsp;kuten kaikilla treffialustalla, liittyy riskej\u00e4, erityisesti huijauksiin. Alla esittelemme t\u00e4ydellisen oppaan tietoturvavinkkeineen, jotta voit saada tyydytt\u00e4v\u00e4t kokemukset ja v\u00e4ltt\u00e4\u00e4 petosyritykset tai huonot k\u00e4yt\u00e4nn\u00f6t&nbsp;sugar daddy- ja sugar baby -alustallamme sugardaddynordic.com Yleisi\u00e4 vinkkej\u00e4 Vahvista henkil\u00f6llisyys: Varmista, ett\u00e4 henkil\u00f6, jonka kanssa olet vuorovaikutuksessa, on se, joka h\u00e4n sanoo olevansa. T\u00e4h\u00e4n voi kuulua&nbsp;videopuheluiden soittaminen&nbsp;ennen tapaamista,&nbsp;\u00e4skett\u00e4isen valokuvan pyyt\u00e4minen&nbsp;tai&nbsp;sosiaalisen median &#8230; <a title=\"Trygg dating\" class=\"read-more\" href=\"https:\/\/sugardaddynordic.com\/nb\/turvallinen-tapailu\/\" aria-label=\"Read more about Turvallinen tapailu\">Les mer om dette<\/a><\/p>","protected":false},"author":1,"featured_media":0,"parent":0,"menu_order":0,"comment_status":"closed","ping_status":"closed","template":"","meta":{"generate_page_header":"","footnotes":""},"class_list":{"0":"post-6191","1":"page","2":"type-page","3":"status-publish","5":"infinite-scroll-item"},"featured_image_urls":{"full":"","thumbnail":"","medium":"","medium_large":"","large":"","1536x1536":"","2048x2048":"","trp-custom-language-flag":"","crp_thumbnail":""},"post_excerpt_stackable":"<p>SugarDaddy Nordic&nbsp;,&nbsp;kuten kaikilla treffialustalla, liittyy riskej\u00e4, erityisesti huijauksiin. Alla esittelemme t\u00e4ydellisen oppaan tietoturvavinkkeineen, jotta voit saada tyydytt\u00e4v\u00e4t kokemukset ja v\u00e4ltt\u00e4\u00e4 petosyritykset tai huonot k\u00e4yt\u00e4nn\u00f6t&nbsp;sugar daddy- ja sugar baby -alustallamme sugardaddynordic.com Yleisi\u00e4 vinkkej\u00e4 Vahvista henkil\u00f6llisyys: Varmista, ett\u00e4 henkil\u00f6, jonka kanssa olet vuorovaikutuksessa, on se, joka h\u00e4n sanoo olevansa. T\u00e4h\u00e4n voi kuulua&nbsp;videopuheluiden soittaminen&nbsp;ennen tapaamista,&nbsp;\u00e4skett\u00e4isen valokuvan pyyt\u00e4minen&nbsp;tai&nbsp;sosiaalisen median pyyt\u00e4minen&nbsp;vahvistamaan, ett\u00e4 he eiv\u00e4t ole v\u00e4\u00e4renn\u00f6s. \u00c4l\u00e4 koskaan l\u00e4het\u00e4 rahaa etuk\u00e4teen: Aito Sugar Daddy ei pyyd\u00e4 rahaa Sugar Babylt\u00e4 eik\u00e4 p\u00e4invastoin. Sokerisuhteet perustuvat selkeisiin sopimuksiin, eiv\u00e4t yksipuolisiin palveluksiin. T\u00e4m\u00e4 tarkoittaa my\u00f6s sit\u00e4, ett\u00e4 et anna pankkitilitietoja tai l\u00e4het\u00e4 lahjakortteja tai verkko-ostoksia. Pysy alustalla Kun olet&hellip;<\/p>\n","category_list":"","author_info":{"name":"Admin de SugarDaddySuomi","url":"https:\/\/sugardaddynordic.com\/nb\/author\/poweb\/"},"comments_num":"0 comments","featured_image_urls_v2":{"full":"","thumbnail":"","medium":"","medium_large":"","large":"","1536x1536":"","2048x2048":"","trp-custom-language-flag":"","crp_thumbnail":""},"post_excerpt_stackable_v2":"<p>SugarDaddy Nordic&nbsp;,&nbsp;kuten kaikilla treffialustalla, liittyy riskej\u00e4, erityisesti huijauksiin. Alla esittelemme t\u00e4ydellisen oppaan tietoturvavinkkeineen, jotta voit saada tyydytt\u00e4v\u00e4t kokemukset ja v\u00e4ltt\u00e4\u00e4 petosyritykset tai huonot k\u00e4yt\u00e4nn\u00f6t&nbsp;sugar daddy- ja sugar baby -alustallamme sugardaddynordic.com Yleisi\u00e4 vinkkej\u00e4 Vahvista henkil\u00f6llisyys: Varmista, ett\u00e4 henkil\u00f6, jonka kanssa olet vuorovaikutuksessa, on se, joka h\u00e4n sanoo olevansa. T\u00e4h\u00e4n voi kuulua&nbsp;videopuheluiden soittaminen&nbsp;ennen tapaamista,&nbsp;\u00e4skett\u00e4isen valokuvan pyyt\u00e4minen&nbsp;tai&nbsp;sosiaalisen median pyyt\u00e4minen&nbsp;vahvistamaan, ett\u00e4 he eiv\u00e4t ole v\u00e4\u00e4renn\u00f6s. \u00c4l\u00e4 koskaan l\u00e4het\u00e4 rahaa etuk\u00e4teen: Aito Sugar Daddy ei pyyd\u00e4 rahaa Sugar Babylt\u00e4 eik\u00e4 p\u00e4invastoin. Sokerisuhteet perustuvat selkeisiin sopimuksiin, eiv\u00e4t yksipuolisiin palveluksiin. T\u00e4m\u00e4 tarkoittaa my\u00f6s sit\u00e4, ett\u00e4 et anna pankkitilitietoja tai l\u00e4het\u00e4 lahjakortteja tai verkko-ostoksia. Pysy alustalla Kun olet&hellip;<\/p>\n","category_list_v2":"","author_info_v2":{"name":"Admin de SugarDaddySuomi","url":"https:\/\/sugardaddynordic.com\/nb\/author\/poweb\/"},"comments_num_v2":"0 comments","yoast_head":"<!-- This site is optimized with the Yoast SEO Premium plugin v26.0 (Yoast SEO v27.3) - https:\/\/yoast.com\/product\/yoast-seo-premium-wordpress\/ -->\n<title>Turvallinen tapailu<\/title>\n<meta name=\"robots\" content=\"index, follow, max-snippet:-1, max-image-preview:large, max-video-preview:-1\" \/>\n<link rel=\"canonical\" href=\"https:\/\/sugardaddynordic.com\/nb\/trygg-dating\/\" \/>\n<meta property=\"og:locale\" content=\"nb_NO\" \/>\n<meta property=\"og:type\" content=\"article\" \/>\n<meta property=\"og:title\" content=\"Turvallinen tapailu\" \/>\n<meta property=\"og:description\" content=\"SugarDaddy Nordic&nbsp;,&nbsp;kuten kaikilla treffialustalla, liittyy riskej\u00e4, erityisesti huijauksiin. Alla esittelemme t\u00e4ydellisen oppaan tietoturvavinkkeineen, jotta voit saada tyydytt\u00e4v\u00e4t kokemukset ja v\u00e4ltt\u00e4\u00e4 petosyritykset tai huonot k\u00e4yt\u00e4nn\u00f6t&nbsp;sugar daddy- ja sugar baby -alustallamme sugardaddynordic.com Yleisi\u00e4 vinkkej\u00e4 Vahvista henkil\u00f6llisyys: Varmista, ett\u00e4 henkil\u00f6, jonka kanssa olet vuorovaikutuksessa, on se, joka h\u00e4n sanoo olevansa. T\u00e4h\u00e4n voi kuulua&nbsp;videopuheluiden soittaminen&nbsp;ennen tapaamista,&nbsp;\u00e4skett\u00e4isen valokuvan pyyt\u00e4minen&nbsp;tai&nbsp;sosiaalisen median ... Read more\" \/>\n<meta property=\"og:url\" content=\"https:\/\/sugardaddynordic.com\/nb\/trygg-dating\/\" \/>\n<meta property=\"og:site_name\" content=\"Sugar Daddy Nordic \u00ae\" \/>\n<meta property=\"article:modified_time\" content=\"2025-10-26T06:19:30+00:00\" \/>\n<meta property=\"og:image\" content=\"https:\/\/sugardaddynordic.com\/wp-content\/uploads\/2025\/10\/Logo-Sugar-Daddy-Nordic.png\" \/>\n\t<meta property=\"og:image:width\" content=\"1024\" \/>\n\t<meta property=\"og:image:height\" content=\"1024\" \/>\n\t<meta property=\"og:image:type\" content=\"image\/png\" \/>\n<meta name=\"twitter:card\" content=\"summary_large_image\" \/>\n<meta name=\"twitter:label1\" content=\"Ansl. lesetid\" \/>\n\t<meta name=\"twitter:data1\" content=\"5 minutter\" \/>\n<script type=\"application\/ld+json\" class=\"yoast-schema-graph\">{\"@context\":\"https:\\\/\\\/schema.org\",\"@graph\":[{\"@type\":\"WebPage\",\"@id\":\"https:\\\/\\\/sugardaddynordic.com\\\/turvallinen-tapailu\\\/\",\"url\":\"https:\\\/\\\/sugardaddynordic.com\\\/turvallinen-tapailu\\\/\",\"name\":\"Turvallinen tapailu\",\"isPartOf\":{\"@id\":\"https:\\\/\\\/sugardaddynordic.com\\\/#website\"},\"datePublished\":\"2024-11-15T10:28:50+00:00\",\"dateModified\":\"2025-10-26T06:19:30+00:00\",\"breadcrumb\":{\"@id\":\"https:\\\/\\\/sugardaddynordic.com\\\/turvallinen-tapailu\\\/#breadcrumb\"},\"inLanguage\":\"nb-NO\",\"potentialAction\":[{\"@type\":\"ReadAction\",\"target\":[\"https:\\\/\\\/sugardaddynordic.com\\\/turvallinen-tapailu\\\/\"]}]},{\"@type\":\"BreadcrumbList\",\"@id\":\"https:\\\/\\\/sugardaddynordic.com\\\/turvallinen-tapailu\\\/#breadcrumb\",\"itemListElement\":[{\"@type\":\"ListItem\",\"position\":1,\"name\":\"Home\",\"item\":\"https:\\\/\\\/sugardaddynordic.com\\\/\"},{\"@type\":\"ListItem\",\"position\":2,\"name\":\"Turvallinen tapailu\"}]},{\"@type\":\"WebSite\",\"@id\":\"https:\\\/\\\/sugardaddynordic.com\\\/#website\",\"url\":\"https:\\\/\\\/sugardaddynordic.com\\\/\",\"name\":\"Sugar Daddy Nordic\",\"description\":\"\",\"publisher\":{\"@id\":\"https:\\\/\\\/sugardaddynordic.com\\\/#organization\"},\"alternateName\":\"Sugar Daddy Nordic powered by Sugar Daddy Planet\",\"potentialAction\":[{\"@type\":\"SearchAction\",\"target\":{\"@type\":\"EntryPoint\",\"urlTemplate\":\"https:\\\/\\\/sugardaddynordic.com\\\/?s={search_term_string}\"},\"query-input\":{\"@type\":\"PropertyValueSpecification\",\"valueRequired\":true,\"valueName\":\"search_term_string\"}}],\"inLanguage\":\"nb-NO\"},{\"@type\":[\"Organization\",\"DatingService\"],\"@id\":\"https:\\\/\\\/sugardaddynordic.com\\\/#organization\",\"name\":\"Sugar Daddy Nordic\",\"url\":\"https:\\\/\\\/sugardaddynordic.com\\\/\",\"logo\":{\"@type\":\"ImageObject\",\"inLanguage\":\"nb-NO\",\"@id\":\"https:\\\/\\\/sugardaddynordic.com\\\/#\\\/schema\\\/logo\\\/image\\\/\",\"url\":\"https:\\\/\\\/sugardaddynordic.com\\\/wp-content\\\/uploads\\\/2025\\\/10\\\/cropped-Logo-Sugar-Daddy-Nordic.png\",\"contentUrl\":\"https:\\\/\\\/sugardaddynordic.com\\\/wp-content\\\/uploads\\\/2025\\\/10\\\/cropped-Logo-Sugar-Daddy-Nordic.png\",\"width\":1022,\"height\":323,\"caption\":\"Sugar Daddy Nordic\"},\"image\":{\"@id\":\"https:\\\/\\\/sugardaddynordic.com\\\/#\\\/schema\\\/logo\\\/image\\\/\"},\"serviceType\":\"Dating Service\",\"category\":\"Dating\",\"publishingPrinciples\":\"https:\\\/\\\/sugardaddynordic.com\\\/julkaisustandardit\\\/\",\"ownershipFundingInfo\":\"https:\\\/\\\/sugardaddynordic.com\\\/rahoitus\\\/\",\"actionableFeedbackPolicy\":\"https:\\\/\\\/sugardaddynordic.com\\\/korjauskaytanto\\\/\",\"correctionsPolicy\":\"https:\\\/\\\/sugardaddynordic.com\\\/korjauskaytanto\\\/\",\"ethicsPolicy\":\"https:\\\/\\\/sugardaddynordic.com\\\/eettinen-politiikka\\\/\",\"diversityPolicy\":\"https:\\\/\\\/sugardaddynordic.com\\\/monimuotoisuus\\\/\",\"diversityStaffingReport\":\"https:\\\/\\\/sugardaddynordic.com\\\/yhteistyo\\\/\"}]}<\/script>\n<!-- \/ Yoast SEO Premium plugin. -->","yoast_head_json":{"title":"Trygg dating","robots":{"index":"index","follow":"follow","max-snippet":"max-snippet:-1","max-image-preview":"max-image-preview:large","max-video-preview":"max-video-preview:-1"},"canonical":"https:\/\/sugardaddynordic.com\/nb\/trygg-dating\/","og_locale":"nb_NO","og_type":"article","og_title":"Turvallinen tapailu","og_description":"SugarDaddy Nordic&nbsp;,&nbsp;kuten kaikilla treffialustalla, liittyy riskej\u00e4, erityisesti huijauksiin. Alla esittelemme t\u00e4ydellisen oppaan tietoturvavinkkeineen, jotta voit saada tyydytt\u00e4v\u00e4t kokemukset ja v\u00e4ltt\u00e4\u00e4 petosyritykset tai huonot k\u00e4yt\u00e4nn\u00f6t&nbsp;sugar daddy- ja sugar baby -alustallamme sugardaddynordic.com Yleisi\u00e4 vinkkej\u00e4 Vahvista henkil\u00f6llisyys: Varmista, ett\u00e4 henkil\u00f6, jonka kanssa olet vuorovaikutuksessa, on se, joka h\u00e4n sanoo olevansa. T\u00e4h\u00e4n voi kuulua&nbsp;videopuheluiden soittaminen&nbsp;ennen tapaamista,&nbsp;\u00e4skett\u00e4isen valokuvan pyyt\u00e4minen&nbsp;tai&nbsp;sosiaalisen median ... Read more","og_url":"https:\/\/sugardaddynordic.com\/nb\/trygg-dating\/","og_site_name":"Sugar Daddy Nordic \u00ae","article_modified_time":"2025-10-26T06:19:30+00:00","og_image":[{"width":1024,"height":1024,"url":"https:\/\/sugardaddynordic.com\/wp-content\/uploads\/2025\/10\/Logo-Sugar-Daddy-Nordic.png","type":"image\/png"}],"twitter_card":"summary_large_image","twitter_misc":{"Ansl. lesetid":"5 minutter"},"schema":{"@context":"https:\/\/schema.org","@graph":[{"@type":"WebPage","@id":"https:\/\/sugardaddynordic.com\/turvallinen-tapailu\/","url":"https:\/\/sugardaddynordic.com\/turvallinen-tapailu\/","name":"Trygg dating","isPartOf":{"@id":"https:\/\/sugardaddynordic.com\/#website"},"datePublished":"2024-11-15T10:28:50+00:00","dateModified":"2025-10-26T06:19:30+00:00","breadcrumb":{"@id":"https:\/\/sugardaddynordic.com\/turvallinen-tapailu\/#breadcrumb"},"inLanguage":"nb-NO","potentialAction":[{"@type":"ReadAction","target":["https:\/\/sugardaddynordic.com\/turvallinen-tapailu\/"]}]},{"@type":"BreadcrumbList","@id":"https:\/\/sugardaddynordic.com\/turvallinen-tapailu\/#breadcrumb","itemListElement":[{"@type":"ListItem","position":1,"name":"Home","item":"https:\/\/sugardaddynordic.com\/"},{"@type":"ListItem","position":2,"name":"Turvallinen tapailu"}]},{"@type":"WebSite","@id":"https:\/\/sugardaddynordic.com\/#website","url":"https:\/\/sugardaddynordic.com\/","name":"Sugar Daddy Nordic","description":"","publisher":{"@id":"https:\/\/sugardaddynordic.com\/#organization"},"alternateName":"Sugar Daddy Nordic powered by Sugar Daddy Planet","potentialAction":[{"@type":"SearchAction","target":{"@type":"EntryPoint","urlTemplate":"https:\/\/sugardaddynordic.com\/?s={search_term_string}"},"query-input":{"@type":"PropertyValueSpecification","valueRequired":true,"valueName":"search_term_string"}}],"inLanguage":"nb-NO"},{"@type":["Organization","DatingService"],"@id":"https:\/\/sugardaddynordic.com\/#organization","name":"Sugar Daddy Nordic","url":"https:\/\/sugardaddynordic.com\/","logo":{"@type":"ImageObject","inLanguage":"nb-NO","@id":"https:\/\/sugardaddynordic.com\/#\/schema\/logo\/image\/","url":"https:\/\/sugardaddynordic.com\/wp-content\/uploads\/2025\/10\/cropped-Logo-Sugar-Daddy-Nordic.png","contentUrl":"https:\/\/sugardaddynordic.com\/wp-content\/uploads\/2025\/10\/cropped-Logo-Sugar-Daddy-Nordic.png","width":1022,"height":323,"caption":"Sugar Daddy Nordic"},"image":{"@id":"https:\/\/sugardaddynordic.com\/#\/schema\/logo\/image\/"},"serviceType":"Dating Service","category":"Dating","publishingPrinciples":"https:\/\/sugardaddynordic.com\/julkaisustandardit\/","ownershipFundingInfo":"https:\/\/sugardaddynordic.com\/rahoitus\/","actionableFeedbackPolicy":"https:\/\/sugardaddynordic.com\/korjauskaytanto\/","correctionsPolicy":"https:\/\/sugardaddynordic.com\/korjauskaytanto\/","ethicsPolicy":"https:\/\/sugardaddynordic.com\/eettinen-politiikka\/","diversityPolicy":"https:\/\/sugardaddynordic.com\/monimuotoisuus\/","diversityStaffingReport":"https:\/\/sugardaddynordic.com\/yhteistyo\/"}]}},"_links":{"self":[{"href":"https:\/\/sugardaddynordic.com\/nb\/wp-json\/wp\/v2\/pages\/6191","targetHints":{"allow":["GET"]}}],"collection":[{"href":"https:\/\/sugardaddynordic.com\/nb\/wp-json\/wp\/v2\/pages"}],"about":[{"href":"https:\/\/sugardaddynordic.com\/nb\/wp-json\/wp\/v2\/types\/page"}],"author":[{"embeddable":true,"href":"https:\/\/sugardaddynordic.com\/nb\/wp-json\/wp\/v2\/users\/1"}],"replies":[{"embeddable":true,"href":"https:\/\/sugardaddynordic.com\/nb\/wp-json\/wp\/v2\/comments?post=6191"}],"version-history":[{"count":0,"href":"https:\/\/sugardaddynordic.com\/nb\/wp-json\/wp\/v2\/pages\/6191\/revisions"}],"wp:attachment":[{"href":"https:\/\/sugardaddynordic.com\/nb\/wp-json\/wp\/v2\/media?parent=6191"}],"curies":[{"name":"wp","href":"https:\/\/api.w.org\/{rel}","templated":true}]}}