{"id":13440,"date":"2025-08-28T11:08:48","date_gmt":"2025-08-28T08:08:48","guid":{"rendered":"https:\/\/sugardaddynordic.com\/?page_id=13440"},"modified":"2025-10-26T08:13:29","modified_gmt":"2025-10-26T06:13:29","slug":"finansiering","status":"publish","type":"page","link":"https:\/\/sugardaddynordic.com\/sv\/rahoitus\/","title":{"rendered":"\u00c4gande och finansiering"},"content":{"rendered":"<h3 class=\"wp-block-heading\" id=\"h-sivuston-omistajuus\">\u00c4gande av webbplats<\/h3>\n\n\n\n<p>Webbplatsen SugarDaddyNordic.com drivs av <strong>Polaris Nexus LCC<\/strong>, vars adress \u00e4r 1621 Central Central Ave 82001 i Cheyenne och kontaktinformation: <strong><a>info@polarisnexuslcc.com<\/a><\/strong>.<\/p>\n\n\n\n<h3 class=\"wp-block-heading\" id=\"h-liiketoimintamalli\">Aff\u00e4rsmodell<\/h3>\n\n\n\n<p>SugarDaddyNordic \u00e4r ett socialt n\u00e4tverk \/ dejtingplattform som erbjuder b\u00e5de gratis och betalda funktioner. V\u00e5ra int\u00e4kter \u00e4r baserade p\u00e5:<\/p>\n\n\n\n<ul class=\"wp-block-list\">\n<li><strong>Annonsering<\/strong><br>Vi visar annonser p\u00e5 webbplatsen och\/eller genomf\u00f6r kampanjer relaterade till livsstil och s\u00e4kerhet vid dejting.<\/li>\n\n\n\n<li><strong>Premiummedlemskap\/prenumerationer<\/strong><br>Vi erbjuder avancerade funktioner p\u00e5 abonnemangsbasis (t.ex. st\u00f6rre synlighet, avancerade filter, markerade meddelanden etc.)<\/li>\n\n\n\n<li><strong>Partnerskap<\/strong><br>Vi publicerar ibland sponsrat inneh\u00e5ll p\u00e5 bloggen. Detta kommer alltid att anges tydligt i b\u00f6rjan av artikeln.<\/li>\n<\/ul>\n\n\n\n<p><strong>Sj\u00e4lvst\u00e4ndighet<\/strong>Annonsering, partnerskap eller sponsring kommer aldrig att p\u00e5verka v\u00e5r s\u00e4kerhetspolicy, moderering eller bloggens redaktionella policy.<\/p>\n\n\n\n<h3 class=\"wp-block-heading\" id=\"h-mainonnan-merkinnat-ja-lapinakyvyys\">M\u00e4rkning av reklam och transparens<\/h3>\n\n\n\n<ul class=\"wp-block-list\">\n<li>Sponsrade artiklar \u00e4r tydligt markerade som \"Sponsrat inneh\u00e5ll\" eller \"Betalda samarbeten\".<\/li>\n\n\n\n<li>Affiliate-l\u00e4nkar anges i b\u00f6rjan av inneh\u00e5llet med en transparensmark\u00f6r.<\/li>\n\n\n\n<li>Banners och andra annonsformat visas som annonser och \u00e4r \u00e5tskilda fr\u00e5n redaktionellt inneh\u00e5ll.<\/li>\n<\/ul>\n\n\n\n<h3 class=\"wp-block-heading\" id=\"h-eturistiriidat\">Intressekonflikt<\/h3>\n\n\n\n<p>Om sponsring, partnerskap eller kommersiella relationer kan ge upphov till en intressekonflikt kommer detta att tydligt framg\u00e5 av inneh\u00e5llet.<\/p>\n\n\n\n<h3 class=\"wp-block-heading\" id=\"h-tiedot-tietosuoja-ja-evasteet-tiivistelma\">Data, integritet och cookies (sammanfattning)<\/h3>\n\n\n\n<p>Behandlingen av uppgifter i syfte att personanpassa annonser och m\u00e4ta deras effektivitet baseras p\u00e5 <strong>V\u00e5r policy f\u00f6r integritet och cookies<\/strong>. Du kan n\u00e4r som helst hantera ditt samtycke via cookiehanteraren.<\/p>\n\n\n\n<h3 class=\"wp-block-heading\" id=\"h-yhteystiedot-kaupallisissa-asioissa\">Kontaktperson f\u00f6r kommersiella fr\u00e5gor<\/h3>\n\n\n\n<ul class=\"wp-block-list\">\n<li>Reklam, partnerskap eller samarbeten \/ Press eller PR: <strong>info@sugardaddynordic.com<\/strong><\/li>\n<\/ul>\n\n\n\n<h3 class=\"wp-block-heading\" id=\"h-paivitykset\">Uppdateringar<\/h3>\n\n\n\n<p>Senaste recensionen: <strong>26.10.2025<\/strong>.<br>Vi f\u00f6rbeh\u00e5ller oss r\u00e4tten att uppdatera denna information f\u00f6r att \u00e5terspegla f\u00f6r\u00e4ndringar i v\u00e5r aff\u00e4rsmodell eller till\u00e4mpliga lagkrav.<\/p>","protected":false},"excerpt":{"rendered":"<p>\u00c4gare av webbplatsen Webbplatsen SugarDaddyNordic.com drivs av Polaris Nexus LCC, vars adress \u00e4r 1621 Central Central Ave 82001 Cheyenne och vars kontaktinformation \u00e4r info@polarisnexuslcc.com. Aff\u00e4rsmodell SugarDaddyNordic \u00e4r ett socialt n\u00e4tverk \/ dejtingplattform som erbjuder b\u00e5de gratis och betalda aktiviteter. V\u00e5ra int\u00e4kter baseras p\u00e5 f\u00f6ljande:Oberoende: reklam, samarbeten eller sponsring kommer aldrig att p\u00e5verka v\u00e5r s\u00e4kerhetspolicy, moderering eller bloggens redaktionella policy. V\u00e5r reklamm\u00e4rkning och transparens [...] <a title=\"\u00c4gande och finansiering\" class=\"read-more\" href=\"https:\/\/sugardaddynordic.com\/sv\/rahoitus\/\" aria-label=\"L\u00e4s mer om Omistustiedot ja rahoitus\">L\u00e4s mer p\u00e5 engelska<\/a><\/p>","protected":false},"author":1,"featured_media":0,"parent":0,"menu_order":0,"comment_status":"closed","ping_status":"closed","template":"","meta":{"generate_page_header":"","footnotes":""},"class_list":{"0":"post-13440","1":"page","2":"type-page","3":"status-publish","5":"infinite-scroll-item"},"featured_image_urls":{"full":"","thumbnail":"","medium":"","medium_large":"","large":"","1536x1536":"","2048x2048":"","trp-custom-language-flag":"","crp_thumbnail":""},"post_excerpt_stackable":"<p>Sivuston omistajuus SugarDaddyNordic.com -sivustoa operoi Polaris Nexus LCC, jonka osoite on 1621 Central Central Ave 82001 Cheyenne ja yhteystieto: info@polarisnexuslcc.com. Liiketoimintamalli SugarDaddyNordic on sosiaalinen verkosto \/ deittialusta, joka tarjoaa sek\u00e4 ilmaisia ett\u00e4 maksullisia toimintoja. Tulomme perustuvat seuraaviin: MainontaN\u00e4yt\u00e4mme mainoksia sivustolla ja\/tai toteutamme kampanjoita, jotka liittyv\u00e4t el\u00e4m\u00e4ntyyliin ja deittiturvallisuuteen. Premium-j\u00e4senyydet \/ tilauksetTarjoamme edistyneit\u00e4 toimintoja tilauspohjaisesti (esimerkiksi: suurempi n\u00e4kyvyys, laajennetut suodattimet, korostetut viestit jne.). Yhteisty\u00f6tJulkaisemme ajoittain sponsoroitua sis\u00e4lt\u00f6\u00e4 blogissa. T\u00e4m\u00e4 merkit\u00e4\u00e4n aina selke\u00e4sti artikkelin alussa. Riippumattomuus: mainonta, kumppanuudet tai sponsoroinnit eiv\u00e4t koskaan vaikuta turvallisuuspolitiikkaamme, moderointiin tai blogin toimituksellisiin linjauksiin. Mainonnan merkinn\u00e4t ja l\u00e4pin\u00e4kyvyys Sponsoroidut artikkelit merkit\u00e4\u00e4n selke\u00e4sti \u201cSponsorisis\u00e4lt\u00f6\u201d tai \u201cMaksettu yhteisty\u00f6\u201d. Affiliate-linkit&hellip;<\/p>\n","category_list":"","author_info":{"name":"Admin de SugarDaddySuomi","url":"https:\/\/sugardaddynordic.com\/sv\/author\/poweb\/"},"comments_num":"0 comments","featured_image_urls_v2":{"full":"","thumbnail":"","medium":"","medium_large":"","large":"","1536x1536":"","2048x2048":"","trp-custom-language-flag":"","crp_thumbnail":""},"post_excerpt_stackable_v2":"<p>Sivuston omistajuus SugarDaddyNordic.com -sivustoa operoi Polaris Nexus LCC, jonka osoite on 1621 Central Central Ave 82001 Cheyenne ja yhteystieto: info@polarisnexuslcc.com. Liiketoimintamalli SugarDaddyNordic on sosiaalinen verkosto \/ deittialusta, joka tarjoaa sek\u00e4 ilmaisia ett\u00e4 maksullisia toimintoja. Tulomme perustuvat seuraaviin: MainontaN\u00e4yt\u00e4mme mainoksia sivustolla ja\/tai toteutamme kampanjoita, jotka liittyv\u00e4t el\u00e4m\u00e4ntyyliin ja deittiturvallisuuteen. Premium-j\u00e4senyydet \/ tilauksetTarjoamme edistyneit\u00e4 toimintoja tilauspohjaisesti (esimerkiksi: suurempi n\u00e4kyvyys, laajennetut suodattimet, korostetut viestit jne.). Yhteisty\u00f6tJulkaisemme ajoittain sponsoroitua sis\u00e4lt\u00f6\u00e4 blogissa. T\u00e4m\u00e4 merkit\u00e4\u00e4n aina selke\u00e4sti artikkelin alussa. Riippumattomuus: mainonta, kumppanuudet tai sponsoroinnit eiv\u00e4t koskaan vaikuta turvallisuuspolitiikkaamme, moderointiin tai blogin toimituksellisiin linjauksiin. Mainonnan merkinn\u00e4t ja l\u00e4pin\u00e4kyvyys Sponsoroidut artikkelit merkit\u00e4\u00e4n selke\u00e4sti \u201cSponsorisis\u00e4lt\u00f6\u201d tai \u201cMaksettu yhteisty\u00f6\u201d. Affiliate-linkit&hellip;<\/p>\n","category_list_v2":"","author_info_v2":{"name":"Admin de SugarDaddySuomi","url":"https:\/\/sugardaddynordic.com\/sv\/author\/poweb\/"},"comments_num_v2":"0 comments","yoast_head":"<!-- This site is optimized with the Yoast SEO Premium plugin v26.0 (Yoast SEO v27.3) - https:\/\/yoast.com\/product\/yoast-seo-premium-wordpress\/ -->\n<title>Omistustiedot ja rahoitus<\/title>\n<meta name=\"robots\" content=\"index, follow, max-snippet:-1, max-image-preview:large, max-video-preview:-1\" \/>\n<link rel=\"canonical\" href=\"https:\/\/sugardaddynordic.com\/sv\/finansiering\/\" \/>\n<meta property=\"og:locale\" content=\"sv_SE\" \/>\n<meta property=\"og:type\" content=\"article\" \/>\n<meta property=\"og:title\" content=\"Omistustiedot ja rahoitus\" \/>\n<meta property=\"og:description\" content=\"Sivuston omistajuus SugarDaddyNordic.com -sivustoa operoi Polaris Nexus LCC, jonka osoite on 1621 Central Central Ave 82001 Cheyenne ja yhteystieto: info@polarisnexuslcc.com. Liiketoimintamalli SugarDaddyNordic on sosiaalinen verkosto \/ deittialusta, joka tarjoaa sek\u00e4 ilmaisia ett\u00e4 maksullisia toimintoja. Tulomme perustuvat seuraaviin: Riippumattomuus: mainonta, kumppanuudet tai sponsoroinnit eiv\u00e4t koskaan vaikuta turvallisuuspolitiikkaamme, moderointiin tai blogin toimituksellisiin linjauksiin. Mainonnan merkinn\u00e4t ja l\u00e4pin\u00e4kyvyys ... Read more\" \/>\n<meta property=\"og:url\" content=\"https:\/\/sugardaddynordic.com\/sv\/finansiering\/\" \/>\n<meta property=\"og:site_name\" content=\"Sugar Daddy Nordic \u00ae\" \/>\n<meta property=\"article:modified_time\" content=\"2025-10-26T06:13:29+00:00\" \/>\n<meta property=\"og:image\" content=\"https:\/\/sugardaddynordic.com\/wp-content\/uploads\/2025\/10\/Logo-Sugar-Daddy-Nordic.png\" \/>\n\t<meta property=\"og:image:width\" content=\"1024\" \/>\n\t<meta property=\"og:image:height\" content=\"1024\" \/>\n\t<meta property=\"og:image:type\" content=\"image\/png\" \/>\n<meta name=\"twitter:card\" content=\"summary_large_image\" \/>\n<meta name=\"twitter:label1\" content=\"Ber\u00e4knad l\u00e4stid\" \/>\n\t<meta name=\"twitter:data1\" content=\"2 minuter\" \/>\n<script type=\"application\/ld+json\" class=\"yoast-schema-graph\">{\"@context\":\"https:\\\/\\\/schema.org\",\"@graph\":[{\"@type\":\"WebPage\",\"@id\":\"https:\\\/\\\/sugardaddynordic.com\\\/rahoitus\\\/\",\"url\":\"https:\\\/\\\/sugardaddynordic.com\\\/rahoitus\\\/\",\"name\":\"Omistustiedot ja rahoitus\",\"isPartOf\":{\"@id\":\"https:\\\/\\\/sugardaddynordic.com\\\/#website\"},\"datePublished\":\"2025-08-28T08:08:48+00:00\",\"dateModified\":\"2025-10-26T06:13:29+00:00\",\"breadcrumb\":{\"@id\":\"https:\\\/\\\/sugardaddynordic.com\\\/rahoitus\\\/#breadcrumb\"},\"inLanguage\":\"sv-SE\",\"potentialAction\":[{\"@type\":\"ReadAction\",\"target\":[\"https:\\\/\\\/sugardaddynordic.com\\\/rahoitus\\\/\"]}]},{\"@type\":\"BreadcrumbList\",\"@id\":\"https:\\\/\\\/sugardaddynordic.com\\\/rahoitus\\\/#breadcrumb\",\"itemListElement\":[{\"@type\":\"ListItem\",\"position\":1,\"name\":\"Home\",\"item\":\"https:\\\/\\\/sugardaddynordic.com\\\/\"},{\"@type\":\"ListItem\",\"position\":2,\"name\":\"Omistustiedot ja rahoitus\"}]},{\"@type\":\"WebSite\",\"@id\":\"https:\\\/\\\/sugardaddynordic.com\\\/#website\",\"url\":\"https:\\\/\\\/sugardaddynordic.com\\\/\",\"name\":\"Sugar Daddy Nordic\",\"description\":\"\",\"publisher\":{\"@id\":\"https:\\\/\\\/sugardaddynordic.com\\\/#organization\"},\"alternateName\":\"Sugar Daddy Nordic powered by Sugar Daddy Planet\",\"potentialAction\":[{\"@type\":\"SearchAction\",\"target\":{\"@type\":\"EntryPoint\",\"urlTemplate\":\"https:\\\/\\\/sugardaddynordic.com\\\/?s={search_term_string}\"},\"query-input\":{\"@type\":\"PropertyValueSpecification\",\"valueRequired\":true,\"valueName\":\"search_term_string\"}}],\"inLanguage\":\"sv-SE\"},{\"@type\":[\"Organization\",\"DatingService\"],\"@id\":\"https:\\\/\\\/sugardaddynordic.com\\\/#organization\",\"name\":\"Sugar Daddy Nordic\",\"url\":\"https:\\\/\\\/sugardaddynordic.com\\\/\",\"logo\":{\"@type\":\"ImageObject\",\"inLanguage\":\"sv-SE\",\"@id\":\"https:\\\/\\\/sugardaddynordic.com\\\/#\\\/schema\\\/logo\\\/image\\\/\",\"url\":\"https:\\\/\\\/sugardaddynordic.com\\\/wp-content\\\/uploads\\\/2025\\\/10\\\/cropped-Logo-Sugar-Daddy-Nordic.png\",\"contentUrl\":\"https:\\\/\\\/sugardaddynordic.com\\\/wp-content\\\/uploads\\\/2025\\\/10\\\/cropped-Logo-Sugar-Daddy-Nordic.png\",\"width\":1022,\"height\":323,\"caption\":\"Sugar Daddy Nordic\"},\"image\":{\"@id\":\"https:\\\/\\\/sugardaddynordic.com\\\/#\\\/schema\\\/logo\\\/image\\\/\"},\"serviceType\":\"Dating Service\",\"category\":\"Dating\",\"publishingPrinciples\":\"https:\\\/\\\/sugardaddynordic.com\\\/julkaisustandardit\\\/\",\"ownershipFundingInfo\":\"https:\\\/\\\/sugardaddynordic.com\\\/rahoitus\\\/\",\"actionableFeedbackPolicy\":\"https:\\\/\\\/sugardaddynordic.com\\\/korjauskaytanto\\\/\",\"correctionsPolicy\":\"https:\\\/\\\/sugardaddynordic.com\\\/korjauskaytanto\\\/\",\"ethicsPolicy\":\"https:\\\/\\\/sugardaddynordic.com\\\/eettinen-politiikka\\\/\",\"diversityPolicy\":\"https:\\\/\\\/sugardaddynordic.com\\\/monimuotoisuus\\\/\",\"diversityStaffingReport\":\"https:\\\/\\\/sugardaddynordic.com\\\/yhteistyo\\\/\"}]}<\/script>\n<!-- \/ Yoast SEO Premium plugin. -->","yoast_head_json":{"title":"\u00c4gande och finansiering","robots":{"index":"index","follow":"follow","max-snippet":"max-snippet:-1","max-image-preview":"max-image-preview:large","max-video-preview":"max-video-preview:-1"},"canonical":"https:\/\/sugardaddynordic.com\/sv\/finansiering\/","og_locale":"sv_SE","og_type":"article","og_title":"Omistustiedot ja rahoitus","og_description":"Sivuston omistajuus SugarDaddyNordic.com -sivustoa operoi Polaris Nexus LCC, jonka osoite on 1621 Central Central Ave 82001 Cheyenne ja yhteystieto: info@polarisnexuslcc.com. Liiketoimintamalli SugarDaddyNordic on sosiaalinen verkosto \/ deittialusta, joka tarjoaa sek\u00e4 ilmaisia ett\u00e4 maksullisia toimintoja. Tulomme perustuvat seuraaviin: Riippumattomuus: mainonta, kumppanuudet tai sponsoroinnit eiv\u00e4t koskaan vaikuta turvallisuuspolitiikkaamme, moderointiin tai blogin toimituksellisiin linjauksiin. Mainonnan merkinn\u00e4t ja l\u00e4pin\u00e4kyvyys ... Read more","og_url":"https:\/\/sugardaddynordic.com\/sv\/finansiering\/","og_site_name":"Sugar Daddy Nordic \u00ae","article_modified_time":"2025-10-26T06:13:29+00:00","og_image":[{"width":1024,"height":1024,"url":"https:\/\/sugardaddynordic.com\/wp-content\/uploads\/2025\/10\/Logo-Sugar-Daddy-Nordic.png","type":"image\/png"}],"twitter_card":"summary_large_image","twitter_misc":{"Ber\u00e4knad l\u00e4stid":"2 minuter"},"schema":{"@context":"https:\/\/schema.org","@graph":[{"@type":"WebPage","@id":"https:\/\/sugardaddynordic.com\/rahoitus\/","url":"https:\/\/sugardaddynordic.com\/rahoitus\/","name":"\u00c4gande och finansiering","isPartOf":{"@id":"https:\/\/sugardaddynordic.com\/#website"},"datePublished":"2025-08-28T08:08:48+00:00","dateModified":"2025-10-26T06:13:29+00:00","breadcrumb":{"@id":"https:\/\/sugardaddynordic.com\/rahoitus\/#breadcrumb"},"inLanguage":"sv-SE","potentialAction":[{"@type":"ReadAction","target":["https:\/\/sugardaddynordic.com\/rahoitus\/"]}]},{"@type":"BreadcrumbList","@id":"https:\/\/sugardaddynordic.com\/rahoitus\/#breadcrumb","itemListElement":[{"@type":"ListItem","position":1,"name":"Home","item":"https:\/\/sugardaddynordic.com\/"},{"@type":"ListItem","position":2,"name":"Omistustiedot ja rahoitus"}]},{"@type":"WebSite","@id":"https:\/\/sugardaddynordic.com\/#website","url":"https:\/\/sugardaddynordic.com\/","name":"Sugar Daddy Nordic","description":"","publisher":{"@id":"https:\/\/sugardaddynordic.com\/#organization"},"alternateName":"Sugar Daddy Nordic powered by Sugar Daddy Planet","potentialAction":[{"@type":"SearchAction","target":{"@type":"EntryPoint","urlTemplate":"https:\/\/sugardaddynordic.com\/?s={search_term_string}"},"query-input":{"@type":"PropertyValueSpecification","valueRequired":true,"valueName":"search_term_string"}}],"inLanguage":"sv-SE"},{"@type":["Organization","DatingService"],"@id":"https:\/\/sugardaddynordic.com\/#organization","name":"Sugar Daddy Nordic","url":"https:\/\/sugardaddynordic.com\/","logo":{"@type":"ImageObject","inLanguage":"sv-SE","@id":"https:\/\/sugardaddynordic.com\/#\/schema\/logo\/image\/","url":"https:\/\/sugardaddynordic.com\/wp-content\/uploads\/2025\/10\/cropped-Logo-Sugar-Daddy-Nordic.png","contentUrl":"https:\/\/sugardaddynordic.com\/wp-content\/uploads\/2025\/10\/cropped-Logo-Sugar-Daddy-Nordic.png","width":1022,"height":323,"caption":"Sugar Daddy Nordic"},"image":{"@id":"https:\/\/sugardaddynordic.com\/#\/schema\/logo\/image\/"},"serviceType":"Dating Service","category":"Dating","publishingPrinciples":"https:\/\/sugardaddynordic.com\/julkaisustandardit\/","ownershipFundingInfo":"https:\/\/sugardaddynordic.com\/rahoitus\/","actionableFeedbackPolicy":"https:\/\/sugardaddynordic.com\/korjauskaytanto\/","correctionsPolicy":"https:\/\/sugardaddynordic.com\/korjauskaytanto\/","ethicsPolicy":"https:\/\/sugardaddynordic.com\/eettinen-politiikka\/","diversityPolicy":"https:\/\/sugardaddynordic.com\/monimuotoisuus\/","diversityStaffingReport":"https:\/\/sugardaddynordic.com\/yhteistyo\/"}]}},"_links":{"self":[{"href":"https:\/\/sugardaddynordic.com\/sv\/wp-json\/wp\/v2\/pages\/13440","targetHints":{"allow":["GET"]}}],"collection":[{"href":"https:\/\/sugardaddynordic.com\/sv\/wp-json\/wp\/v2\/pages"}],"about":[{"href":"https:\/\/sugardaddynordic.com\/sv\/wp-json\/wp\/v2\/types\/page"}],"author":[{"embeddable":true,"href":"https:\/\/sugardaddynordic.com\/sv\/wp-json\/wp\/v2\/users\/1"}],"replies":[{"embeddable":true,"href":"https:\/\/sugardaddynordic.com\/sv\/wp-json\/wp\/v2\/comments?post=13440"}],"version-history":[{"count":0,"href":"https:\/\/sugardaddynordic.com\/sv\/wp-json\/wp\/v2\/pages\/13440\/revisions"}],"wp:attachment":[{"href":"https:\/\/sugardaddynordic.com\/sv\/wp-json\/wp\/v2\/media?parent=13440"}],"curies":[{"name":"wp","href":"https:\/\/api.w.org\/{rel}","templated":true}]}}