{"id":13441,"date":"2025-08-28T11:08:50","date_gmt":"2025-08-28T08:08:50","guid":{"rendered":"https:\/\/sugardaddynordic.com\/?page_id=13441"},"modified":"2025-10-26T08:16:26","modified_gmt":"2025-10-26T06:16:26","slug":"aktiv-respons","status":"publish","type":"page","link":"https:\/\/sugardaddynordic.com\/sv\/aktiivinen-vastaus\/","title":{"rendered":"Aktivt bem\u00f6tandeAktivt bem\u00f6tande Policy"},"content":{"rendered":"<p>P\u00e5 SugarDaddyNordic prioriterar vi s\u00e4kerhet, transparens och snabb respons p\u00e5 behoven i v\u00e5r gemenskap. Denna policy f\u00f6rklarar hur vi tar emot, prioriterar och hanterar f\u00f6rfr\u00e5gningar, klagom\u00e5l, meddelanden och fr\u00e5gor.<\/p>\n\n\n\n<h2 class=\"wp-block-heading\" id=\"h-viralliset-yhteydenottokanavat\">Officiella kontaktkanaler<\/h2>\n\n\n\n<ul class=\"wp-block-list\">\n<li>Kontaktformul\u00e4r: <strong>\/<a href=\"https:\/\/sugardaddynordic.com\/sv\/kontakt\/\">kontakt<\/a><\/strong><\/li>\n\n\n\n<li>Allm\u00e4nt st\u00f6d \/ Dataskydd \/ Missbruk \/ missbruk av identitet ... och samarbete med r\u00e4ttsliga myndigheter*: dataskydd: <strong>info@sugardaddynordic.com<\/strong><\/li>\n<\/ul>\n\n\n\n<h2 class=\"wp-block-heading\" id=\"h-luokittelu-ja-vastausajat-sla\">Klassificering och svarstider (SLA)<\/h2>\n\n\n\n<p>Vi ger varje \u00e4rende en f\u00f6rsta prioritet och str\u00e4var efter att uppfylla f\u00f6ljande m\u00e5l:<\/p>\n\n\n\n<figure class=\"wp-block-table\"><table class=\"has-fixed-layout\"><thead><tr><th>Prioritet<\/th><th>Exempel<\/th><th>Bekr\u00e4ftelse av mottagande<\/th><th>F\u00f6rsta hj\u00e4lpen<\/th><th>Ber\u00e4knad l\u00f6sning*<\/th><\/tr><\/thead><tbody><tr><td><strong>Br\u00e5dskande<\/strong><\/td><td>Risk f\u00f6r minder\u00e5riga eller fysisk integritet, trov\u00e4rdiga hot, aktiv identitetsst\u00f6ld, doxxing, distribution av olagligt inneh\u00e5ll<\/td><td>0-6 h<\/td><td>0-12 h<\/td><td>24-48 h<\/td><\/tr><tr><td><strong>H\u00f6g<\/strong><\/td><td>Bedr\u00e4geri, grovt ofredande, utpressning, falska anklagelser, datal\u00e4ckage<\/td><td>24 h<\/td><td>24-48 h<\/td><td>3-5 dagar<\/td><\/tr><tr><td><strong>Mellanliggande<\/strong><\/td><td>Profilrapporter, vilseledande inneh\u00e5ll, kontoproblem<\/td><td>48 h<\/td><td>2-3 dagar<\/td><td>7 dagar<\/td><\/tr><tr><td><strong>L\u00e5g<\/strong><\/td><td>F\u00f6rslag, allm\u00e4nna f\u00f6rfr\u00e5gningar<\/td><td>72 h<\/td><td>3-5 dagar<\/td><td>14 dagar<\/td><\/tr><\/tbody><\/table><\/figure>\n\n\n\n<p>* Tidsfristerna kan variera beroende p\u00e5 hur komplicerat \u00e4rendet \u00e4r. Om vi f\u00f6rv\u00e4ntar oss f\u00f6rseningar kommer vi att informera dig om en ny bed\u00f6mning.<\/p>\n\n\n\n<h2 class=\"wp-block-heading\" id=\"h-tapausten-kasittelyprosessi\">Process f\u00f6r \u00e4rendehantering<\/h2>\n\n\n\n<ol class=\"wp-block-list\">\n<li><strong>Kvitto och bekr\u00e4ftelse<\/strong>Vi kommer att bekr\u00e4fta \u00e4rendet via den ursprungliga kanalen med \u00e4rende-ID.<\/li>\n\n\n\n<li><strong>Analys och prioritering<\/strong>: vi kontrollerar bevisen (t.ex. sk\u00e4rmdumpar, profil-ID, l\u00e4nkar).<\/li>\n\n\n\n<li><strong>\u00c5tg\u00e4rder<\/strong> (enligt policy och anv\u00e4ndarvillkor): varning, begr\u00e4nsning av aktiviteter, avst\u00e4ngning eller blockering av konto, borttagning av inneh\u00e5ll, h\u00e4nskjutande till myndigheter.<\/li>\n\n\n\n<li><strong>\u00d6vervakning<\/strong>Vi kommer att tillhandah\u00e5lla relevanta uppdateringar fram till dess att \u00e4rendet \u00e4r avslutat.<\/li>\n\n\n\n<li><strong>Beslut och \u00e5terkoppling<\/strong>Vi kommer att rapportera l\u00f6sningen och ge s\u00e4kerhetsrekommendationer d\u00e4r s\u00e5 beh\u00f6vs.<\/li>\n<\/ol>\n\n\n\n<h2 class=\"wp-block-heading\" id=\"h-moderointi-ja-kriteerit\">Moderering och kriterier<\/h2>\n\n\n\n<ul class=\"wp-block-list\">\n<li>Vi kombinerar automatiserade system med m\u00e4nsklig verifiering.<\/li>\n\n\n\n<li>Vi tolererar inte trakasserier, identitetsst\u00f6ld, bedr\u00e4geri, obeh\u00f6rig spridning av uppgifter eller n\u00e5gon annan aktivitet som uts\u00e4tter samh\u00e4llet f\u00f6r risker.<\/li>\n\n\n\n<li>Besluten baseras p\u00e5 v\u00e5ra policyer och anv\u00e4ndarvillkor f\u00f6r webbplatsen.<\/li>\n<\/ul>\n\n\n\n<h2 class=\"wp-block-heading\" id=\"h-valitukset\">Klagom\u00e5l<\/h2>\n\n\n\n<p>Om du inte h\u00e5ller med om \u00e5tg\u00e4rden kan du klaga <strong>20 dagar<\/strong> inom utsatt tid genom att skriva till <strong>info@sugardaddynordic.com<\/strong> och bifoga \u00e4rendets ID och ytterligare information.<br>Ett annat team kommer att granska ditt klagom\u00e5l.<\/p>\n\n\n\n<h2 class=\"wp-block-heading\" id=\"h-julkinen-viestinta-ja-lapinakyvyys\">Offentlig kommunikation och \u00f6ppenhet<\/h2>\n\n\n\n<ul class=\"wp-block-list\">\n<li>Vi kommer att l\u00e4gga upp meddelanden i Helpdesk om incidenten p\u00e5verkar ett stort antal anv\u00e4ndare.<\/li>\n\n\n\n<li>Vi har tagit fram en regelbunden insynsrapport som inneh\u00e5ller aggregerad information om anm\u00e4lningar, svarstider och \u00e5tg\u00e4rder (utan personuppgifter).<\/li>\n<\/ul>\n\n\n\n<h2 class=\"wp-block-heading\" id=\"h-yksityisyys-ja-henkilotiedot\">Integritet och personuppgifter<\/h2>\n\n\n\n<ul class=\"wp-block-list\">\n<li>Vi behandlar de uppgifter som l\u00e4mnas endast i syfte att hantera \u00e4rendet (r\u00e4ttslig grund: ber\u00e4ttigat intresse och\/eller r\u00e4ttslig f\u00f6rpliktelse).<\/li>\n\n\n\n<li>R\u00e4ttigheter: r\u00e4tt till tillg\u00e5ng, r\u00e4ttelse, radering, inv\u00e4ndning och portabilitet - v\u00e4nligen skriv till <strong>info@sugardaddynordic.com<\/strong>.<\/li>\n\n\n\n<li>Lagringsperiod: \u00e4rendejournaler sparas <strong>2 \u00e5r<\/strong>, s\u00e5vida inte annat kr\u00e4vs enligt lag.<\/li>\n\n\n\n<li>Mer information finns i v\u00e5r sekretess- och cookiepolicy.<\/li>\n<\/ul>\n\n\n\n<h2 class=\"wp-block-heading\" id=\"h-yhteistyo-viranomaisten-kanssa\">Samarbete med myndigheterna<\/h2>\n\n\n\n<ul class=\"wp-block-list\">\n<li>Vi svarar p\u00e5 giltiga juridiska f\u00f6rfr\u00e5gningar och fall d\u00e4r det finns en \u00f6verh\u00e4ngande risk.<\/li>\n\n\n\n<li>Vi kommer inte att besvara polisf\u00f6rfr\u00e5gningar utan domstolsbeslut.<\/li>\n\n\n\n<li>Vi beg\u00e4r in n\u00f6dv\u00e4ndiga dokument och registrerar varje beg\u00e4ran f\u00f6r att s\u00e4kerst\u00e4lla transparens.<\/li>\n\n\n\n<li>Polisens beg\u00e4ran m\u00e5ste inneh\u00e5lla <strong>domstolsbeslut<\/strong> och tj\u00e4nstemannens identifikationsnummer.<\/li>\n<\/ul>\n\n\n\n<h2 class=\"wp-block-heading\" id=\"h-haavoittuvuuksien-vastuullinen-ilmoittaminen\">Ansvarsfull rapportering av s\u00e5rbarheter<\/h2>\n\n\n\n<p>Om du uppt\u00e4cker en s\u00e4kerhetsbrist:<\/p>\n\n\n\n<ul class=\"wp-block-list\">\n<li>Anv\u00e4nd den inte och publicera den inte offentligt.<\/li>\n\n\n\n<li>Skriv till oss p\u00e5 <strong>info@sugardaddynordic.com<\/strong> och inkluderar repetitionssteg.<\/li>\n\n\n\n<li>Vi ger dig en bekr\u00e4ftelse inom 72 timmar och en uppdatering inom 7 dagar.<\/li>\n\n\n\n<li>Vi kan erbjuda offentligt erk\u00e4nnande n\u00e4r s\u00e5 \u00e4r l\u00e4mpligt.<\/li>\n<\/ul>\n\n\n\n<h2 class=\"wp-block-heading\" id=\"h-politiikan-paivitykset\">Uppdatering av policy<\/h2>\n\n\n\n<p>Senaste recensionen: <strong>26.10.2025<\/strong>.<br>Vi kan komma att uppdatera denna policy f\u00f6r att f\u00f6rb\u00e4ttra processer eller f\u00f6r att m\u00f6ta f\u00f6r\u00e4ndringar i lagstiftningen. Vi kommer att uppr\u00e4tth\u00e5lla en historik \u00f6ver \u00e4ndringar.<\/p>","protected":false},"excerpt":{"rendered":"<p>Policy f\u00f6r aktiv respons P\u00e5 SugarDaddyNordic prioriterar vi s\u00e4kerhet, transparens och snabb respons p\u00e5 behoven i v\u00e5r gemenskap. Denna policy f\u00f6rklarar hur vi tar emot, prioriterar och behandlar f\u00f6rfr\u00e5gningar, klagom\u00e5l, meddelanden och fr\u00e5gor. Vi ger varje incident en initial prioritet och str\u00e4var efter att uppfylla f\u00f6ljande m\u00e5l. <a title=\"Aktivt bem\u00f6tandeAktivt bem\u00f6tande Policy\" class=\"read-more\" href=\"https:\/\/sugardaddynordic.com\/sv\/aktiivinen-vastaus\/\" aria-label=\"L\u00e4s mer om Aktiivinen VastausAktiivisen vastauksen politiikka\">L\u00e4s mer p\u00e5 engelska<\/a><\/p>","protected":false},"author":1,"featured_media":0,"parent":0,"menu_order":0,"comment_status":"closed","ping_status":"closed","template":"","meta":{"generate_page_header":"","footnotes":""},"class_list":{"0":"post-13441","1":"page","2":"type-page","3":"status-publish","5":"infinite-scroll-item"},"featured_image_urls":{"full":"","thumbnail":"","medium":"","medium_large":"","large":"","1536x1536":"","2048x2048":"","trp-custom-language-flag":"","crp_thumbnail":""},"post_excerpt_stackable":"<p>SugarDaddyNordic -palvelussa asetamme etusijalle turvallisuuden, l\u00e4pin\u00e4kyvyyden ja nopean reagoinnin yhteis\u00f6mme tarpeisiin. T\u00e4m\u00e4 politiikka selitt\u00e4\u00e4, miten vastaanotamme, priorisoimme ja k\u00e4sittelemme pyynt\u00f6j\u00e4, valituksia, ilmoituksia ja kyselyit\u00e4. Viralliset yhteydenottokanavat Yhteydenottolomake: \/contact Yleinen tuki \/ Tietosuoja \/ V\u00e4\u00e4rink\u00e4yt\u00f6kset \/ identiteetin v\u00e4\u00e4rink\u00e4ytt\u00f6 \u2026 ja yhteisty\u00f6 oikeusviranomaisten kanssa*: Tietosuoja: info@sugardaddynordic.com Luokittelu ja vastausajat (SLA) Annamme jokaiselle tapaukselle alkuper\u00e4isen prioriteetin ja pyrimme noudattamaan seuraavia tavoitteita: PrioriteettiEsimerkitVastaanottokuittausEnsitoimetArvioitu ratkaisu*KiireellinenAlaik\u00e4isten tai fyysisen koskemattomuuden riski, uskottavat uhkaukset, aktiivinen identiteettivarkaus, doxxaus, laittoman sis\u00e4ll\u00f6n levitt\u00e4minen0\u20136 h0\u201312 h24\u201348 hKorkeaPetos, vakava h\u00e4irint\u00e4, kiristys, v\u00e4\u00e4r\u00e4t veloitukset, tietovuoto24 h24\u201348 h3\u20135 p\u00e4iv\u00e4\u00e4KeskitasoProfiiliraportit, harhaanjohtava sis\u00e4lt\u00f6, tiliongelmat48 h2\u20133 p\u00e4iv\u00e4\u00e47 p\u00e4iv\u00e4\u00e4MatalaEhdotukset, yleiset kyselyt72 h3\u20135 p\u00e4iv\u00e4\u00e414 p\u00e4iv\u00e4\u00e4 * M\u00e4\u00e4r\u00e4ajat voivat vaihdella tapauksen&hellip;<\/p>\n","category_list":"","author_info":{"name":"Admin de SugarDaddySuomi","url":"https:\/\/sugardaddynordic.com\/sv\/author\/poweb\/"},"comments_num":"0 comments","featured_image_urls_v2":{"full":"","thumbnail":"","medium":"","medium_large":"","large":"","1536x1536":"","2048x2048":"","trp-custom-language-flag":"","crp_thumbnail":""},"post_excerpt_stackable_v2":"<p>SugarDaddyNordic -palvelussa asetamme etusijalle turvallisuuden, l\u00e4pin\u00e4kyvyyden ja nopean reagoinnin yhteis\u00f6mme tarpeisiin. T\u00e4m\u00e4 politiikka selitt\u00e4\u00e4, miten vastaanotamme, priorisoimme ja k\u00e4sittelemme pyynt\u00f6j\u00e4, valituksia, ilmoituksia ja kyselyit\u00e4. Viralliset yhteydenottokanavat Yhteydenottolomake: \/contact Yleinen tuki \/ Tietosuoja \/ V\u00e4\u00e4rink\u00e4yt\u00f6kset \/ identiteetin v\u00e4\u00e4rink\u00e4ytt\u00f6 \u2026 ja yhteisty\u00f6 oikeusviranomaisten kanssa*: Tietosuoja: info@sugardaddynordic.com Luokittelu ja vastausajat (SLA) Annamme jokaiselle tapaukselle alkuper\u00e4isen prioriteetin ja pyrimme noudattamaan seuraavia tavoitteita: PrioriteettiEsimerkitVastaanottokuittausEnsitoimetArvioitu ratkaisu*KiireellinenAlaik\u00e4isten tai fyysisen koskemattomuuden riski, uskottavat uhkaukset, aktiivinen identiteettivarkaus, doxxaus, laittoman sis\u00e4ll\u00f6n levitt\u00e4minen0\u20136 h0\u201312 h24\u201348 hKorkeaPetos, vakava h\u00e4irint\u00e4, kiristys, v\u00e4\u00e4r\u00e4t veloitukset, tietovuoto24 h24\u201348 h3\u20135 p\u00e4iv\u00e4\u00e4KeskitasoProfiiliraportit, harhaanjohtava sis\u00e4lt\u00f6, tiliongelmat48 h2\u20133 p\u00e4iv\u00e4\u00e47 p\u00e4iv\u00e4\u00e4MatalaEhdotukset, yleiset kyselyt72 h3\u20135 p\u00e4iv\u00e4\u00e414 p\u00e4iv\u00e4\u00e4 * M\u00e4\u00e4r\u00e4ajat voivat vaihdella tapauksen&hellip;<\/p>\n","category_list_v2":"","author_info_v2":{"name":"Admin de SugarDaddySuomi","url":"https:\/\/sugardaddynordic.com\/sv\/author\/poweb\/"},"comments_num_v2":"0 comments","yoast_head":"<!-- This site is optimized with the Yoast SEO Premium plugin v26.0 (Yoast SEO v27.3) - https:\/\/yoast.com\/product\/yoast-seo-premium-wordpress\/ -->\n<title>Aktiivinen VastausAktiivisen vastauksen politiikka<\/title>\n<meta name=\"robots\" content=\"index, follow, max-snippet:-1, max-image-preview:large, max-video-preview:-1\" \/>\n<link rel=\"canonical\" href=\"https:\/\/sugardaddynordic.com\/sv\/aktiv-respons\/\" \/>\n<meta property=\"og:locale\" content=\"sv_SE\" \/>\n<meta property=\"og:type\" content=\"article\" \/>\n<meta property=\"og:title\" content=\"Aktiivinen VastausAktiivisen vastauksen politiikka\" \/>\n<meta property=\"og:description\" content=\"SugarDaddyNordic -palvelussa asetamme etusijalle turvallisuuden, l\u00e4pin\u00e4kyvyyden ja nopean reagoinnin yhteis\u00f6mme tarpeisiin. T\u00e4m\u00e4 politiikka selitt\u00e4\u00e4, miten vastaanotamme, priorisoimme ja k\u00e4sittelemme pyynt\u00f6j\u00e4, valituksia, ilmoituksia ja kyselyit\u00e4. Viralliset yhteydenottokanavat Luokittelu ja vastausajat (SLA) Annamme jokaiselle tapaukselle alkuper\u00e4isen prioriteetin ja pyrimme noudattamaan seuraavia tavoitteita: Prioriteetti Esimerkit Vastaanottokuittaus Ensitoimet Arvioitu ratkaisu* Kiireellinen Alaik\u00e4isten tai fyysisen koskemattomuuden riski, uskottavat uhkaukset, aktiivinen ... Read more\" \/>\n<meta property=\"og:url\" content=\"https:\/\/sugardaddynordic.com\/sv\/aktiv-respons\/\" \/>\n<meta property=\"og:site_name\" content=\"Sugar Daddy Nordic \u00ae\" \/>\n<meta property=\"article:modified_time\" content=\"2025-10-26T06:16:26+00:00\" \/>\n<meta property=\"og:image\" content=\"https:\/\/sugardaddynordic.com\/wp-content\/uploads\/2025\/10\/Logo-Sugar-Daddy-Nordic.png\" \/>\n\t<meta property=\"og:image:width\" content=\"1024\" \/>\n\t<meta property=\"og:image:height\" content=\"1024\" \/>\n\t<meta property=\"og:image:type\" content=\"image\/png\" \/>\n<meta name=\"twitter:card\" content=\"summary_large_image\" \/>\n<meta name=\"twitter:label1\" content=\"Ber\u00e4knad l\u00e4stid\" \/>\n\t<meta name=\"twitter:data1\" content=\"3 minuter\" \/>\n<script type=\"application\/ld+json\" class=\"yoast-schema-graph\">{\"@context\":\"https:\\\/\\\/schema.org\",\"@graph\":[{\"@type\":\"WebPage\",\"@id\":\"https:\\\/\\\/sugardaddynordic.com\\\/aktiivinen-vastaus\\\/\",\"url\":\"https:\\\/\\\/sugardaddynordic.com\\\/aktiivinen-vastaus\\\/\",\"name\":\"Aktiivinen VastausAktiivisen vastauksen politiikka\",\"isPartOf\":{\"@id\":\"https:\\\/\\\/sugardaddynordic.com\\\/#website\"},\"datePublished\":\"2025-08-28T08:08:50+00:00\",\"dateModified\":\"2025-10-26T06:16:26+00:00\",\"breadcrumb\":{\"@id\":\"https:\\\/\\\/sugardaddynordic.com\\\/aktiivinen-vastaus\\\/#breadcrumb\"},\"inLanguage\":\"sv-SE\",\"potentialAction\":[{\"@type\":\"ReadAction\",\"target\":[\"https:\\\/\\\/sugardaddynordic.com\\\/aktiivinen-vastaus\\\/\"]}]},{\"@type\":\"BreadcrumbList\",\"@id\":\"https:\\\/\\\/sugardaddynordic.com\\\/aktiivinen-vastaus\\\/#breadcrumb\",\"itemListElement\":[{\"@type\":\"ListItem\",\"position\":1,\"name\":\"Home\",\"item\":\"https:\\\/\\\/sugardaddynordic.com\\\/\"},{\"@type\":\"ListItem\",\"position\":2,\"name\":\"Aktiivinen VastausAktiivisen vastauksen politiikka\"}]},{\"@type\":\"WebSite\",\"@id\":\"https:\\\/\\\/sugardaddynordic.com\\\/#website\",\"url\":\"https:\\\/\\\/sugardaddynordic.com\\\/\",\"name\":\"Sugar Daddy Nordic\",\"description\":\"\",\"publisher\":{\"@id\":\"https:\\\/\\\/sugardaddynordic.com\\\/#organization\"},\"alternateName\":\"Sugar Daddy Nordic powered by Sugar Daddy Planet\",\"potentialAction\":[{\"@type\":\"SearchAction\",\"target\":{\"@type\":\"EntryPoint\",\"urlTemplate\":\"https:\\\/\\\/sugardaddynordic.com\\\/?s={search_term_string}\"},\"query-input\":{\"@type\":\"PropertyValueSpecification\",\"valueRequired\":true,\"valueName\":\"search_term_string\"}}],\"inLanguage\":\"sv-SE\"},{\"@type\":[\"Organization\",\"DatingService\"],\"@id\":\"https:\\\/\\\/sugardaddynordic.com\\\/#organization\",\"name\":\"Sugar Daddy Nordic\",\"url\":\"https:\\\/\\\/sugardaddynordic.com\\\/\",\"logo\":{\"@type\":\"ImageObject\",\"inLanguage\":\"sv-SE\",\"@id\":\"https:\\\/\\\/sugardaddynordic.com\\\/#\\\/schema\\\/logo\\\/image\\\/\",\"url\":\"https:\\\/\\\/sugardaddynordic.com\\\/wp-content\\\/uploads\\\/2025\\\/10\\\/cropped-Logo-Sugar-Daddy-Nordic.png\",\"contentUrl\":\"https:\\\/\\\/sugardaddynordic.com\\\/wp-content\\\/uploads\\\/2025\\\/10\\\/cropped-Logo-Sugar-Daddy-Nordic.png\",\"width\":1022,\"height\":323,\"caption\":\"Sugar Daddy Nordic\"},\"image\":{\"@id\":\"https:\\\/\\\/sugardaddynordic.com\\\/#\\\/schema\\\/logo\\\/image\\\/\"},\"serviceType\":\"Dating Service\",\"category\":\"Dating\",\"publishingPrinciples\":\"https:\\\/\\\/sugardaddynordic.com\\\/julkaisustandardit\\\/\",\"ownershipFundingInfo\":\"https:\\\/\\\/sugardaddynordic.com\\\/rahoitus\\\/\",\"actionableFeedbackPolicy\":\"https:\\\/\\\/sugardaddynordic.com\\\/korjauskaytanto\\\/\",\"correctionsPolicy\":\"https:\\\/\\\/sugardaddynordic.com\\\/korjauskaytanto\\\/\",\"ethicsPolicy\":\"https:\\\/\\\/sugardaddynordic.com\\\/eettinen-politiikka\\\/\",\"diversityPolicy\":\"https:\\\/\\\/sugardaddynordic.com\\\/monimuotoisuus\\\/\",\"diversityStaffingReport\":\"https:\\\/\\\/sugardaddynordic.com\\\/yhteistyo\\\/\"}]}<\/script>\n<!-- \/ Yoast SEO Premium plugin. -->","yoast_head_json":{"title":"Aktivt bem\u00f6tandeAktivt bem\u00f6tande Policy","robots":{"index":"index","follow":"follow","max-snippet":"max-snippet:-1","max-image-preview":"max-image-preview:large","max-video-preview":"max-video-preview:-1"},"canonical":"https:\/\/sugardaddynordic.com\/sv\/aktiv-respons\/","og_locale":"sv_SE","og_type":"article","og_title":"Aktiivinen VastausAktiivisen vastauksen politiikka","og_description":"SugarDaddyNordic -palvelussa asetamme etusijalle turvallisuuden, l\u00e4pin\u00e4kyvyyden ja nopean reagoinnin yhteis\u00f6mme tarpeisiin. T\u00e4m\u00e4 politiikka selitt\u00e4\u00e4, miten vastaanotamme, priorisoimme ja k\u00e4sittelemme pyynt\u00f6j\u00e4, valituksia, ilmoituksia ja kyselyit\u00e4. Viralliset yhteydenottokanavat Luokittelu ja vastausajat (SLA) Annamme jokaiselle tapaukselle alkuper\u00e4isen prioriteetin ja pyrimme noudattamaan seuraavia tavoitteita: Prioriteetti Esimerkit Vastaanottokuittaus Ensitoimet Arvioitu ratkaisu* Kiireellinen Alaik\u00e4isten tai fyysisen koskemattomuuden riski, uskottavat uhkaukset, aktiivinen ... Read more","og_url":"https:\/\/sugardaddynordic.com\/sv\/aktiv-respons\/","og_site_name":"Sugar Daddy Nordic \u00ae","article_modified_time":"2025-10-26T06:16:26+00:00","og_image":[{"width":1024,"height":1024,"url":"https:\/\/sugardaddynordic.com\/wp-content\/uploads\/2025\/10\/Logo-Sugar-Daddy-Nordic.png","type":"image\/png"}],"twitter_card":"summary_large_image","twitter_misc":{"Ber\u00e4knad l\u00e4stid":"3 minuter"},"schema":{"@context":"https:\/\/schema.org","@graph":[{"@type":"WebPage","@id":"https:\/\/sugardaddynordic.com\/aktiivinen-vastaus\/","url":"https:\/\/sugardaddynordic.com\/aktiivinen-vastaus\/","name":"Aktivt bem\u00f6tandeAktivt bem\u00f6tande Policy","isPartOf":{"@id":"https:\/\/sugardaddynordic.com\/#website"},"datePublished":"2025-08-28T08:08:50+00:00","dateModified":"2025-10-26T06:16:26+00:00","breadcrumb":{"@id":"https:\/\/sugardaddynordic.com\/aktiivinen-vastaus\/#breadcrumb"},"inLanguage":"sv-SE","potentialAction":[{"@type":"ReadAction","target":["https:\/\/sugardaddynordic.com\/aktiivinen-vastaus\/"]}]},{"@type":"BreadcrumbList","@id":"https:\/\/sugardaddynordic.com\/aktiivinen-vastaus\/#breadcrumb","itemListElement":[{"@type":"ListItem","position":1,"name":"Home","item":"https:\/\/sugardaddynordic.com\/"},{"@type":"ListItem","position":2,"name":"Aktiivinen VastausAktiivisen vastauksen politiikka"}]},{"@type":"WebSite","@id":"https:\/\/sugardaddynordic.com\/#website","url":"https:\/\/sugardaddynordic.com\/","name":"Sugar Daddy Nordic","description":"","publisher":{"@id":"https:\/\/sugardaddynordic.com\/#organization"},"alternateName":"Sugar Daddy Nordic powered by Sugar Daddy Planet","potentialAction":[{"@type":"SearchAction","target":{"@type":"EntryPoint","urlTemplate":"https:\/\/sugardaddynordic.com\/?s={search_term_string}"},"query-input":{"@type":"PropertyValueSpecification","valueRequired":true,"valueName":"search_term_string"}}],"inLanguage":"sv-SE"},{"@type":["Organization","DatingService"],"@id":"https:\/\/sugardaddynordic.com\/#organization","name":"Sugar Daddy Nordic","url":"https:\/\/sugardaddynordic.com\/","logo":{"@type":"ImageObject","inLanguage":"sv-SE","@id":"https:\/\/sugardaddynordic.com\/#\/schema\/logo\/image\/","url":"https:\/\/sugardaddynordic.com\/wp-content\/uploads\/2025\/10\/cropped-Logo-Sugar-Daddy-Nordic.png","contentUrl":"https:\/\/sugardaddynordic.com\/wp-content\/uploads\/2025\/10\/cropped-Logo-Sugar-Daddy-Nordic.png","width":1022,"height":323,"caption":"Sugar Daddy Nordic"},"image":{"@id":"https:\/\/sugardaddynordic.com\/#\/schema\/logo\/image\/"},"serviceType":"Dating Service","category":"Dating","publishingPrinciples":"https:\/\/sugardaddynordic.com\/julkaisustandardit\/","ownershipFundingInfo":"https:\/\/sugardaddynordic.com\/rahoitus\/","actionableFeedbackPolicy":"https:\/\/sugardaddynordic.com\/korjauskaytanto\/","correctionsPolicy":"https:\/\/sugardaddynordic.com\/korjauskaytanto\/","ethicsPolicy":"https:\/\/sugardaddynordic.com\/eettinen-politiikka\/","diversityPolicy":"https:\/\/sugardaddynordic.com\/monimuotoisuus\/","diversityStaffingReport":"https:\/\/sugardaddynordic.com\/yhteistyo\/"}]}},"_links":{"self":[{"href":"https:\/\/sugardaddynordic.com\/sv\/wp-json\/wp\/v2\/pages\/13441","targetHints":{"allow":["GET"]}}],"collection":[{"href":"https:\/\/sugardaddynordic.com\/sv\/wp-json\/wp\/v2\/pages"}],"about":[{"href":"https:\/\/sugardaddynordic.com\/sv\/wp-json\/wp\/v2\/types\/page"}],"author":[{"embeddable":true,"href":"https:\/\/sugardaddynordic.com\/sv\/wp-json\/wp\/v2\/users\/1"}],"replies":[{"embeddable":true,"href":"https:\/\/sugardaddynordic.com\/sv\/wp-json\/wp\/v2\/comments?post=13441"}],"version-history":[{"count":0,"href":"https:\/\/sugardaddynordic.com\/sv\/wp-json\/wp\/v2\/pages\/13441\/revisions"}],"wp:attachment":[{"href":"https:\/\/sugardaddynordic.com\/sv\/wp-json\/wp\/v2\/media?parent=13441"}],"curies":[{"name":"wp","href":"https:\/\/api.w.org\/{rel}","templated":true}]}}