{"id":13443,"date":"2025-08-28T11:08:54","date_gmt":"2025-08-28T08:08:54","guid":{"rendered":"https:\/\/sugardaddynordic.com\/?page_id=13443"},"modified":"2025-10-26T08:21:24","modified_gmt":"2025-10-26T06:21:24","slug":"publiceringsstandarder","status":"publish","type":"page","link":"https:\/\/sugardaddynordic.com\/sv\/julkaisustandardit\/","title":{"rendered":"Publikationsstandarder"},"content":{"rendered":"<p>P\u00e5 SugarDaddyNordic-bloggen publicerar vi realistiskt, anv\u00e4ndbart och ansvarsfullt inneh\u00e5ll <strong>sugardejting mellan vuxna (18+)<\/strong>.<br>Vi utlovar inte snabba resultat eller idealiserade upplevelser: vi s\u00e4ljer inte id\u00e9n om att \"hitta en miljon\u00e4r p\u00e5 tv\u00e5 dagar\".<br>Vi investerar i sunda f\u00f6rv\u00e4ntningar, t\u00e5lamod, s\u00e4kerhet och respekt.<\/p>\n\n\n\n<h2 class=\"wp-block-heading\" id=\"h-kenelle-kirjoitamme\">Vem vi skriver till<\/h2>\n\n\n\n<ul class=\"wp-block-list\">\n<li>F\u00f6r m\u00e4n och kvinnor i laglig \u00e5lder som \u00e4r intresserade av relationer mellan m\u00e4n\u2194kvinnor inom v\u00e5r plattform.<\/li>\n\n\n\n<li>F\u00f6r l\u00e4sare som vill ha tydlig information, s\u00e4kerhetstips och praktiska r\u00e5d.<\/li>\n<\/ul>\n\n\n\n<h2 class=\"wp-block-heading\" id=\"h-mita-julkaisemme\">Vad vi publicerar<\/h2>\n\n\n\n<ul class=\"wp-block-list\">\n<li>Guider och r\u00e5d baserade p\u00e5 erfarenhet och god praxis (t.ex. s\u00e4kerhet, hur man skapar en \u00e4rlig profil, f\u00f6rsta m\u00f6ten).<\/li>\n\n\n\n<li>Pedagogiskt inneh\u00e5ll om realistiska f\u00f6rv\u00e4ntningar: sugardejting kr\u00e4ver tid och t\u00e5lamod.<\/li>\n\n\n\n<li>Artiklar om livsstil och vett och etikett: gr\u00e4nser, kommunikation och samtycke.<\/li>\n\n\n\n<li>Policyuppdateringar, produktnyheter och meddelanden som \u00e4r relevanta f\u00f6r samh\u00e4llet.<\/li>\n<\/ul>\n\n\n\n<h2 class=\"wp-block-heading\" id=\"h-mita-emme-julkaise\">Vad vi inte publicerar<\/h2>\n\n\n\n<ul class=\"wp-block-list\">\n<li>Vilseledande l\u00f6ften (\"partner inom 24 timmar\", \"miljon\u00e4rer garanteras\").<\/li>\n\n\n\n<li>Sensationslystnad eller klickbete.<\/li>\n\n\n\n<li>Sexuellt explicit inneh\u00e5ll eller material som fr\u00e4mjar olagliga aktiviteter.<\/li>\n\n\n\n<li>Guider till missbruk, bedr\u00e4gerier eller metoder som strider mot v\u00e5ra policyer och lagen.<\/li>\n<\/ul>\n\n\n\n<h2 class=\"wp-block-heading\" id=\"h-tyyli-ja-toimitukselliset-standardit\">Stil och redaktionella standarder<\/h2>\n\n\n\n<ul class=\"wp-block-list\">\n<li><strong>Realistisk och icke-sensationalistisk<\/strong>: prioriterar nytta framf\u00f6r underh\u00e5llning.<\/li>\n\n\n\n<li><strong>Tydlig och direkt<\/strong>: begripligt spr\u00e5k utan missvisande eufemismer.<\/li>\n\n\n\n<li><strong>Respekt och samtycke<\/strong>: alla rekommendationer bygger p\u00e5 laglighet och fri \u00f6verenskommelse mellan vuxna.<\/li>\n<\/ul>\n\n\n\n<h2 class=\"wp-block-heading\" id=\"h-lahteet-tarkistus-ja-korjaukset\">K\u00e4llor, revision och r\u00e4ttelser<\/h2>\n\n\n\n<ul class=\"wp-block-list\">\n<li>Vi j\u00e4mf\u00f6r data med tillf\u00f6rlitliga k\u00e4llor d\u00e4r s\u00e5 \u00e4r l\u00e4mpligt (studier, lagstiftning, myndigheter).<\/li>\n\n\n\n<li>Vi kommer att meddela datum f\u00f6r uppdateringen och notera eventuella v\u00e4sentliga f\u00f6r\u00e4ndringar.<\/li>\n\n\n\n<li>Om du hittar ett fel, se <strong>V\u00e5r reparationspolicy<\/strong> och skriv till oss: <strong>info@sugardaddynordic.com<\/strong>.<\/li>\n<\/ul>\n\n\n\n<h2 class=\"wp-block-heading\" id=\"h-toimituksellinen-riippumattomuus-ja-rahoitus\">Redaktionellt oberoende och finansiering<\/h2>\n\n\n\n<ul class=\"wp-block-list\">\n<li>V\u00e5ra rekommendationer p\u00e5verkas inte av reklam, partnerskap eller sponsring.<\/li>\n\n\n\n<li>Allt sponsrat inneh\u00e5ll eller affiliatel\u00e4nkar kommer att markeras tydligt.<\/li>\n\n\n\n<li>F\u00f6r mer information: <strong>\u00c4gande och finansiering<\/strong>.<\/li>\n<\/ul>\n\n\n\n<h2 class=\"wp-block-heading\" id=\"h-kuvat-tapaukset-ja-yksityisyys\">Foton, fall och integritet<\/h2>\n\n\n\n<ul class=\"wp-block-list\">\n<li>Vi undviker bilder eller ber\u00e4ttelser som romantiserar risker eller skapar orealistiska f\u00f6rv\u00e4ntningar.<\/li>\n\n\n\n<li>De praktiska exemplen \u00e4r anonymiserade och inneh\u00e5ller aldrig identifierbara personuppgifter.<\/li>\n<\/ul>\n\n\n\n<h2 class=\"wp-block-heading\" id=\"h-rajat-ja-turvallisuus\">Gr\u00e4nser och s\u00e4kerhet<\/h2>\n\n\n\n<ul class=\"wp-block-list\">\n<li>Vi bryr oss inte om avgifter, vi marknadsf\u00f6r inte sextj\u00e4nster eller olagliga metoder.<\/li>\n\n\n\n<li>Vi f\u00f6rst\u00e4rker s\u00e4kerhetsmeddelanden: bekr\u00e4fta identitet i f\u00f6rv\u00e4g, m\u00f6tas p\u00e5 offentliga platser, hantera gr\u00e4nser och anv\u00e4nda blockeringsverktyg\/rapportering.<\/li>\n\n\n\n<li>F\u00f6r meddelanden eller hj\u00e4lp: se <strong>Policy f\u00f6r aktiv respons<\/strong>.<\/li>\n<\/ul>\n\n\n\n<h3 class=\"wp-block-heading\" id=\"h-paivitykset\">Uppdateringar<\/h3>\n\n\n\n<p>Senaste revidering: 26.10.2025<br>Vi kan komma att uppdatera dessa principer f\u00f6r att f\u00f6rb\u00e4ttra tydligheten och anpassa dem till v\u00e5ra policyer.<\/p>","protected":false},"excerpt":{"rendered":"<p>P\u00e5 SugarDaddyNordic blog publicerar vi realistiskt, anv\u00e4ndbart och ansvarsfullt inneh\u00e5ll om sugardejting mellan vuxna (18+).vi lovar inte snabba resultat eller idealiserade upplevelser: vi s\u00e4ljer inte id\u00e9n om att \"hitta en miljon\u00e4r p\u00e5 tv\u00e5 dagar\".vi fokuserar p\u00e5 sunda f\u00f6rv\u00e4ntningar, t\u00e5lamod, s\u00e4kerhet och respekt. Vem vi skriver f\u00f6r Vad vi publicerar Vad vi inte publicerar Stil och redaktionella standarder K\u00e4llor, granskning och r\u00e4ttelser Redaktionellt oberoende och finansiering Bilder, fall och integritet Gr\u00e4nser [...] <a title=\"Publikationsstandarder\" class=\"read-more\" href=\"https:\/\/sugardaddynordic.com\/sv\/julkaisustandardit\/\" aria-label=\"L\u00e4s mer om Julkaisustandardit\">L\u00e4s mer p\u00e5 engelska<\/a><\/p>","protected":false},"author":1,"featured_media":0,"parent":0,"menu_order":0,"comment_status":"closed","ping_status":"closed","template":"","meta":{"generate_page_header":"","footnotes":""},"class_list":{"0":"post-13443","1":"page","2":"type-page","3":"status-publish","5":"infinite-scroll-item"},"featured_image_urls":{"full":"","thumbnail":"","medium":"","medium_large":"","large":"","1536x1536":"","2048x2048":"","trp-custom-language-flag":"","crp_thumbnail":""},"post_excerpt_stackable":"<p>SugarDaddyNordic-blogissa julkaisemme realistista, hy\u00f6dyllist\u00e4 ja vastuullista sis\u00e4lt\u00f6\u00e4 sugar datingista t\u00e4ysi-ik\u00e4isten (18+) v\u00e4lill\u00e4.Emme lupaa nopeita tuloksia tai idealisoituja kokemuksia: emme myy ajatusta \u201cl\u00f6yd\u00e4t miljon\u00e4\u00e4rin kahdessa p\u00e4iv\u00e4ss\u00e4\u201d.Panostamme terveisiin odotuksiin, k\u00e4rsiv\u00e4llisyyteen, turvallisuuteen ja kunnioitukseen. Kenelle kirjoitamme T\u00e4ysi-ik\u00e4isille miehille ja naisille, jotka ovat kiinnostuneita mies\u2194nainen -suhteista alustamme puitteissa. Lukijoille, jotka etsiv\u00e4t selke\u00e4\u00e4 tietoa, turvallisuusvinkkej\u00e4 ja k\u00e4yt\u00e4nn\u00f6n ohjeita. Mit\u00e4 julkaisemme Oppaita ja neuvoja kokemusten ja hyvien k\u00e4yt\u00e4nt\u00f6jen pohjalta (esim. turvallisuus, miten luoda rehellinen profiili, ensimm\u00e4iset tapaamiset). Kasvatuksellista sis\u00e4lt\u00f6\u00e4 realistisista odotuksista: sugar dating vaatii aikaa ja k\u00e4rsiv\u00e4llisyytt\u00e4. El\u00e4m\u00e4ntyyliin ja etikettiin liittyvi\u00e4 artikkeleita: rajat, viestint\u00e4 ja suostumus. Politiikkap\u00e4ivityksi\u00e4, tuoteuutuuksia ja yhteis\u00f6lle merkityksellisi\u00e4 ilmoituksia. Mit\u00e4 emme julkaise Harhaanjohtavia&hellip;<\/p>\n","category_list":"","author_info":{"name":"Admin de SugarDaddySuomi","url":"https:\/\/sugardaddynordic.com\/sv\/author\/poweb\/"},"comments_num":"0 comments","featured_image_urls_v2":{"full":"","thumbnail":"","medium":"","medium_large":"","large":"","1536x1536":"","2048x2048":"","trp-custom-language-flag":"","crp_thumbnail":""},"post_excerpt_stackable_v2":"<p>SugarDaddyNordic-blogissa julkaisemme realistista, hy\u00f6dyllist\u00e4 ja vastuullista sis\u00e4lt\u00f6\u00e4 sugar datingista t\u00e4ysi-ik\u00e4isten (18+) v\u00e4lill\u00e4.Emme lupaa nopeita tuloksia tai idealisoituja kokemuksia: emme myy ajatusta \u201cl\u00f6yd\u00e4t miljon\u00e4\u00e4rin kahdessa p\u00e4iv\u00e4ss\u00e4\u201d.Panostamme terveisiin odotuksiin, k\u00e4rsiv\u00e4llisyyteen, turvallisuuteen ja kunnioitukseen. Kenelle kirjoitamme T\u00e4ysi-ik\u00e4isille miehille ja naisille, jotka ovat kiinnostuneita mies\u2194nainen -suhteista alustamme puitteissa. Lukijoille, jotka etsiv\u00e4t selke\u00e4\u00e4 tietoa, turvallisuusvinkkej\u00e4 ja k\u00e4yt\u00e4nn\u00f6n ohjeita. Mit\u00e4 julkaisemme Oppaita ja neuvoja kokemusten ja hyvien k\u00e4yt\u00e4nt\u00f6jen pohjalta (esim. turvallisuus, miten luoda rehellinen profiili, ensimm\u00e4iset tapaamiset). Kasvatuksellista sis\u00e4lt\u00f6\u00e4 realistisista odotuksista: sugar dating vaatii aikaa ja k\u00e4rsiv\u00e4llisyytt\u00e4. El\u00e4m\u00e4ntyyliin ja etikettiin liittyvi\u00e4 artikkeleita: rajat, viestint\u00e4 ja suostumus. Politiikkap\u00e4ivityksi\u00e4, tuoteuutuuksia ja yhteis\u00f6lle merkityksellisi\u00e4 ilmoituksia. Mit\u00e4 emme julkaise Harhaanjohtavia&hellip;<\/p>\n","category_list_v2":"","author_info_v2":{"name":"Admin de SugarDaddySuomi","url":"https:\/\/sugardaddynordic.com\/sv\/author\/poweb\/"},"comments_num_v2":"0 comments","yoast_head":"<!-- This site is optimized with the Yoast SEO Premium plugin v26.0 (Yoast SEO v27.3) - https:\/\/yoast.com\/product\/yoast-seo-premium-wordpress\/ -->\n<title>Julkaisustandardit<\/title>\n<meta name=\"robots\" content=\"index, follow, max-snippet:-1, max-image-preview:large, max-video-preview:-1\" \/>\n<link rel=\"canonical\" href=\"https:\/\/sugardaddynordic.com\/sv\/publiceringsstandarder\/\" \/>\n<meta property=\"og:locale\" content=\"sv_SE\" \/>\n<meta property=\"og:type\" content=\"article\" \/>\n<meta property=\"og:title\" content=\"Julkaisustandardit\" \/>\n<meta property=\"og:description\" content=\"SugarDaddyNordic-blogissa julkaisemme realistista, hy\u00f6dyllist\u00e4 ja vastuullista sis\u00e4lt\u00f6\u00e4 sugar datingista t\u00e4ysi-ik\u00e4isten (18+) v\u00e4lill\u00e4.Emme lupaa nopeita tuloksia tai idealisoituja kokemuksia: emme myy ajatusta \u201cl\u00f6yd\u00e4t miljon\u00e4\u00e4rin kahdessa p\u00e4iv\u00e4ss\u00e4\u201d.Panostamme terveisiin odotuksiin, k\u00e4rsiv\u00e4llisyyteen, turvallisuuteen ja kunnioitukseen. Kenelle kirjoitamme Mit\u00e4 julkaisemme Mit\u00e4 emme julkaise Tyyli ja toimitukselliset standardit L\u00e4hteet, tarkistus ja korjaukset Toimituksellinen riippumattomuus ja rahoitus Kuvat, tapaukset ja yksityisyys Rajat ... Read more\" \/>\n<meta property=\"og:url\" content=\"https:\/\/sugardaddynordic.com\/sv\/publiceringsstandarder\/\" \/>\n<meta property=\"og:site_name\" content=\"Sugar Daddy Nordic \u00ae\" \/>\n<meta property=\"article:modified_time\" content=\"2025-10-26T06:21:24+00:00\" \/>\n<meta property=\"og:image\" content=\"https:\/\/sugardaddynordic.com\/wp-content\/uploads\/2025\/10\/Logo-Sugar-Daddy-Nordic.png\" \/>\n\t<meta property=\"og:image:width\" content=\"1024\" \/>\n\t<meta property=\"og:image:height\" content=\"1024\" \/>\n\t<meta property=\"og:image:type\" content=\"image\/png\" \/>\n<meta name=\"twitter:card\" content=\"summary_large_image\" \/>\n<meta name=\"twitter:label1\" content=\"Ber\u00e4knad l\u00e4stid\" \/>\n\t<meta name=\"twitter:data1\" content=\"2 minuter\" \/>\n<script type=\"application\/ld+json\" class=\"yoast-schema-graph\">{\"@context\":\"https:\\\/\\\/schema.org\",\"@graph\":[{\"@type\":\"WebPage\",\"@id\":\"https:\\\/\\\/sugardaddynordic.com\\\/julkaisustandardit\\\/\",\"url\":\"https:\\\/\\\/sugardaddynordic.com\\\/julkaisustandardit\\\/\",\"name\":\"Julkaisustandardit\",\"isPartOf\":{\"@id\":\"https:\\\/\\\/sugardaddynordic.com\\\/#website\"},\"datePublished\":\"2025-08-28T08:08:54+00:00\",\"dateModified\":\"2025-10-26T06:21:24+00:00\",\"breadcrumb\":{\"@id\":\"https:\\\/\\\/sugardaddynordic.com\\\/julkaisustandardit\\\/#breadcrumb\"},\"inLanguage\":\"sv-SE\",\"potentialAction\":[{\"@type\":\"ReadAction\",\"target\":[\"https:\\\/\\\/sugardaddynordic.com\\\/julkaisustandardit\\\/\"]}]},{\"@type\":\"BreadcrumbList\",\"@id\":\"https:\\\/\\\/sugardaddynordic.com\\\/julkaisustandardit\\\/#breadcrumb\",\"itemListElement\":[{\"@type\":\"ListItem\",\"position\":1,\"name\":\"Home\",\"item\":\"https:\\\/\\\/sugardaddynordic.com\\\/\"},{\"@type\":\"ListItem\",\"position\":2,\"name\":\"Julkaisustandardit\"}]},{\"@type\":\"WebSite\",\"@id\":\"https:\\\/\\\/sugardaddynordic.com\\\/#website\",\"url\":\"https:\\\/\\\/sugardaddynordic.com\\\/\",\"name\":\"Sugar Daddy Nordic\",\"description\":\"\",\"publisher\":{\"@id\":\"https:\\\/\\\/sugardaddynordic.com\\\/#organization\"},\"alternateName\":\"Sugar Daddy Nordic powered by Sugar Daddy Planet\",\"potentialAction\":[{\"@type\":\"SearchAction\",\"target\":{\"@type\":\"EntryPoint\",\"urlTemplate\":\"https:\\\/\\\/sugardaddynordic.com\\\/?s={search_term_string}\"},\"query-input\":{\"@type\":\"PropertyValueSpecification\",\"valueRequired\":true,\"valueName\":\"search_term_string\"}}],\"inLanguage\":\"sv-SE\"},{\"@type\":[\"Organization\",\"DatingService\"],\"@id\":\"https:\\\/\\\/sugardaddynordic.com\\\/#organization\",\"name\":\"Sugar Daddy Nordic\",\"url\":\"https:\\\/\\\/sugardaddynordic.com\\\/\",\"logo\":{\"@type\":\"ImageObject\",\"inLanguage\":\"sv-SE\",\"@id\":\"https:\\\/\\\/sugardaddynordic.com\\\/#\\\/schema\\\/logo\\\/image\\\/\",\"url\":\"https:\\\/\\\/sugardaddynordic.com\\\/wp-content\\\/uploads\\\/2025\\\/10\\\/cropped-Logo-Sugar-Daddy-Nordic.png\",\"contentUrl\":\"https:\\\/\\\/sugardaddynordic.com\\\/wp-content\\\/uploads\\\/2025\\\/10\\\/cropped-Logo-Sugar-Daddy-Nordic.png\",\"width\":1022,\"height\":323,\"caption\":\"Sugar Daddy Nordic\"},\"image\":{\"@id\":\"https:\\\/\\\/sugardaddynordic.com\\\/#\\\/schema\\\/logo\\\/image\\\/\"},\"serviceType\":\"Dating Service\",\"category\":\"Dating\",\"publishingPrinciples\":\"https:\\\/\\\/sugardaddynordic.com\\\/julkaisustandardit\\\/\",\"ownershipFundingInfo\":\"https:\\\/\\\/sugardaddynordic.com\\\/rahoitus\\\/\",\"actionableFeedbackPolicy\":\"https:\\\/\\\/sugardaddynordic.com\\\/korjauskaytanto\\\/\",\"correctionsPolicy\":\"https:\\\/\\\/sugardaddynordic.com\\\/korjauskaytanto\\\/\",\"ethicsPolicy\":\"https:\\\/\\\/sugardaddynordic.com\\\/eettinen-politiikka\\\/\",\"diversityPolicy\":\"https:\\\/\\\/sugardaddynordic.com\\\/monimuotoisuus\\\/\",\"diversityStaffingReport\":\"https:\\\/\\\/sugardaddynordic.com\\\/yhteistyo\\\/\"}]}<\/script>\n<!-- \/ Yoast SEO Premium plugin. -->","yoast_head_json":{"title":"Publikationsstandarder","robots":{"index":"index","follow":"follow","max-snippet":"max-snippet:-1","max-image-preview":"max-image-preview:large","max-video-preview":"max-video-preview:-1"},"canonical":"https:\/\/sugardaddynordic.com\/sv\/publiceringsstandarder\/","og_locale":"sv_SE","og_type":"article","og_title":"Julkaisustandardit","og_description":"SugarDaddyNordic-blogissa julkaisemme realistista, hy\u00f6dyllist\u00e4 ja vastuullista sis\u00e4lt\u00f6\u00e4 sugar datingista t\u00e4ysi-ik\u00e4isten (18+) v\u00e4lill\u00e4.Emme lupaa nopeita tuloksia tai idealisoituja kokemuksia: emme myy ajatusta \u201cl\u00f6yd\u00e4t miljon\u00e4\u00e4rin kahdessa p\u00e4iv\u00e4ss\u00e4\u201d.Panostamme terveisiin odotuksiin, k\u00e4rsiv\u00e4llisyyteen, turvallisuuteen ja kunnioitukseen. Kenelle kirjoitamme Mit\u00e4 julkaisemme Mit\u00e4 emme julkaise Tyyli ja toimitukselliset standardit L\u00e4hteet, tarkistus ja korjaukset Toimituksellinen riippumattomuus ja rahoitus Kuvat, tapaukset ja yksityisyys Rajat ... Read more","og_url":"https:\/\/sugardaddynordic.com\/sv\/publiceringsstandarder\/","og_site_name":"Sugar Daddy Nordic \u00ae","article_modified_time":"2025-10-26T06:21:24+00:00","og_image":[{"width":1024,"height":1024,"url":"https:\/\/sugardaddynordic.com\/wp-content\/uploads\/2025\/10\/Logo-Sugar-Daddy-Nordic.png","type":"image\/png"}],"twitter_card":"summary_large_image","twitter_misc":{"Ber\u00e4knad l\u00e4stid":"2 minuter"},"schema":{"@context":"https:\/\/schema.org","@graph":[{"@type":"WebPage","@id":"https:\/\/sugardaddynordic.com\/julkaisustandardit\/","url":"https:\/\/sugardaddynordic.com\/julkaisustandardit\/","name":"Publikationsstandarder","isPartOf":{"@id":"https:\/\/sugardaddynordic.com\/#website"},"datePublished":"2025-08-28T08:08:54+00:00","dateModified":"2025-10-26T06:21:24+00:00","breadcrumb":{"@id":"https:\/\/sugardaddynordic.com\/julkaisustandardit\/#breadcrumb"},"inLanguage":"sv-SE","potentialAction":[{"@type":"ReadAction","target":["https:\/\/sugardaddynordic.com\/julkaisustandardit\/"]}]},{"@type":"BreadcrumbList","@id":"https:\/\/sugardaddynordic.com\/julkaisustandardit\/#breadcrumb","itemListElement":[{"@type":"ListItem","position":1,"name":"Home","item":"https:\/\/sugardaddynordic.com\/"},{"@type":"ListItem","position":2,"name":"Julkaisustandardit"}]},{"@type":"WebSite","@id":"https:\/\/sugardaddynordic.com\/#website","url":"https:\/\/sugardaddynordic.com\/","name":"Sugar Daddy Nordic","description":"","publisher":{"@id":"https:\/\/sugardaddynordic.com\/#organization"},"alternateName":"Sugar Daddy Nordic powered by Sugar Daddy Planet","potentialAction":[{"@type":"SearchAction","target":{"@type":"EntryPoint","urlTemplate":"https:\/\/sugardaddynordic.com\/?s={search_term_string}"},"query-input":{"@type":"PropertyValueSpecification","valueRequired":true,"valueName":"search_term_string"}}],"inLanguage":"sv-SE"},{"@type":["Organization","DatingService"],"@id":"https:\/\/sugardaddynordic.com\/#organization","name":"Sugar Daddy Nordic","url":"https:\/\/sugardaddynordic.com\/","logo":{"@type":"ImageObject","inLanguage":"sv-SE","@id":"https:\/\/sugardaddynordic.com\/#\/schema\/logo\/image\/","url":"https:\/\/sugardaddynordic.com\/wp-content\/uploads\/2025\/10\/cropped-Logo-Sugar-Daddy-Nordic.png","contentUrl":"https:\/\/sugardaddynordic.com\/wp-content\/uploads\/2025\/10\/cropped-Logo-Sugar-Daddy-Nordic.png","width":1022,"height":323,"caption":"Sugar Daddy Nordic"},"image":{"@id":"https:\/\/sugardaddynordic.com\/#\/schema\/logo\/image\/"},"serviceType":"Dating Service","category":"Dating","publishingPrinciples":"https:\/\/sugardaddynordic.com\/julkaisustandardit\/","ownershipFundingInfo":"https:\/\/sugardaddynordic.com\/rahoitus\/","actionableFeedbackPolicy":"https:\/\/sugardaddynordic.com\/korjauskaytanto\/","correctionsPolicy":"https:\/\/sugardaddynordic.com\/korjauskaytanto\/","ethicsPolicy":"https:\/\/sugardaddynordic.com\/eettinen-politiikka\/","diversityPolicy":"https:\/\/sugardaddynordic.com\/monimuotoisuus\/","diversityStaffingReport":"https:\/\/sugardaddynordic.com\/yhteistyo\/"}]}},"_links":{"self":[{"href":"https:\/\/sugardaddynordic.com\/sv\/wp-json\/wp\/v2\/pages\/13443","targetHints":{"allow":["GET"]}}],"collection":[{"href":"https:\/\/sugardaddynordic.com\/sv\/wp-json\/wp\/v2\/pages"}],"about":[{"href":"https:\/\/sugardaddynordic.com\/sv\/wp-json\/wp\/v2\/types\/page"}],"author":[{"embeddable":true,"href":"https:\/\/sugardaddynordic.com\/sv\/wp-json\/wp\/v2\/users\/1"}],"replies":[{"embeddable":true,"href":"https:\/\/sugardaddynordic.com\/sv\/wp-json\/wp\/v2\/comments?post=13443"}],"version-history":[{"count":0,"href":"https:\/\/sugardaddynordic.com\/sv\/wp-json\/wp\/v2\/pages\/13443\/revisions"}],"wp:attachment":[{"href":"https:\/\/sugardaddynordic.com\/sv\/wp-json\/wp\/v2\/media?parent=13443"}],"curies":[{"name":"wp","href":"https:\/\/api.w.org\/{rel}","templated":true}]}}