{"id":13444,"date":"2025-08-28T11:08:56","date_gmt":"2025-08-28T08:08:56","guid":{"rendered":"https:\/\/sugardaddynordic.com\/?page_id=13444"},"modified":"2025-10-26T08:23:14","modified_gmt":"2025-10-26T06:23:14","slug":"reparationsstod","status":"publish","type":"page","link":"https:\/\/sugardaddynordic.com\/sv\/korjauskaytanto\/","title":{"rendered":"Policy f\u00f6r reparation"},"content":{"rendered":"<p>P\u00e5 bloggen SugarDaddyNordic f\u00f6rbinder vi oss att producera <strong>korrekt, tydligt och ansvarsfullt inneh\u00e5ll<\/strong>. N\u00e4r vi hittar fel korrigerar vi dem \u00f6ppet, utan sensationalism eller vilseledande l\u00f6ften, och vi l\u00e4mnar alltid en redog\u00f6relse f\u00f6r de \u00e4ndringar som gjorts.<br>Vi erbjuder ocks\u00e5 anv\u00e4ndarna m\u00f6jlighet att publicera artiklar - l\u00e4s mer p\u00e5 <strong>Partnerskap<\/strong>.<\/p>\n\n\n\n<h2 class=\"wp-block-heading\" id=\"h-soveltamisala\">Omfattning<\/h2>\n\n\n\n<p>Denna policy g\u00e4ller f\u00f6r det redaktionella inneh\u00e5llet p\u00e5 bloggen.<br>Anv\u00e4ndargenererat inneh\u00e5ll (profiler, meddelanden etc.) hanteras av <strong>Policy f\u00f6r aktiv respons<\/strong> och <strong>Villkor f\u00f6r anv\u00e4ndning<\/strong> i linje med.<\/p>\n\n\n\n<h2 class=\"wp-block-heading\" id=\"h-muutostyypit-ja-niiden-merkinnat\">Olika typer av f\u00f6r\u00e4ndringar och deras indikationer<\/h2>\n\n\n\n<figure class=\"wp-block-table\"><table class=\"has-fixed-layout\"><thead><tr><th>Typ<\/th><th>Definition<\/th><th>Hur man visar<\/th><\/tr><\/thead><tbody><tr><td><strong>R\u00e4ttelse<\/strong><\/td><td>R\u00e4ttelse av felaktig information (datum, nummer, namn, l\u00e4nk).<\/td><td>Notering i b\u00f6rjan eller slutet: \"R\u00e4ttelse (dd\/mm\/\u00e5\u00e5\u00e5\u00e5 hh:mm CET): ...<\/td><\/tr><tr><td><strong>F\u00f6rtydligande<\/strong><\/td><td>Lagt till sammanhang f\u00f6r att undvika feltolkningar.<\/td><td>\"Revision (dd\/mm\/\u00e5\u00e5\u00e5\u00e5\u00e5\u00e5 hh:mm CET): ...\"<\/td><\/tr><tr><td><strong>Uppdatering<\/strong><\/td><td>L\u00e4gga till ny, relevant information utan att den ursprungliga informationen blir fel.<\/td><td>\"Uppdatering (dd\/mm\/\u00e5\u00e5\u00e5\u00e5\u00e5\u00e5 hh:mm CET): ...\"<\/td><\/tr><tr><td><strong>R\u00e4ttelse \/ radering<\/strong><\/td><td>N\u00e4r k\u00e4rnan i artikeln \u00e4r felaktig eller problematisk.<\/td><td>\"R\u00e4ttelse\/radering (dd\/mm\/\u00e5\u00e5\u00e5\u00e5 hh:mm CET): ...\" med en f\u00f6rklaring; kan omfatta radering av publikationen med ett meddelande.<\/td><\/tr><\/tbody><\/table><\/figure>\n\n\n\n<ul class=\"wp-block-list\">\n<li>Vi \u00e4ndrar aldrig det v\u00e4sentliga inneh\u00e5llet utan l\u00e4mnar sp\u00e5r efter oss.<\/li>\n\n\n\n<li>Mindre stavfel kan korrigeras utan kommentarer om de inte \u00e4ndrar inneb\u00f6rden.<\/li>\n<\/ul>\n\n\n\n<h2 class=\"wp-block-heading\" id=\"h-toimituksellinen-korjausprosessi\">Den redaktionella reparationsprocessen<\/h2>\n\n\n\n<ol class=\"wp-block-list\">\n<li><strong>Detektering<\/strong> (intern eller extern anm\u00e4lan).<\/li>\n\n\n\n<li><strong>Kontrollera<\/strong>: verifiera information med k\u00e4llor och bevis.<\/li>\n\n\n\n<li><strong>R\u00e4ttelse och synlig anm\u00e4rkning<\/strong> (enligt tabellen).<\/li>\n\n\n\n<li><strong>En post i historien om \u00e4ndringar av artikeln<\/strong>.<\/li>\n\n\n\n<li><strong>Kontroll av slutredigering<\/strong>.<\/li>\n<\/ol>\n\n\n\n<h2 class=\"wp-block-heading\" id=\"h-virheen-ilmoittaminen\">Rapportera ett fel<\/h2>\n\n\n\n<p>Skicka oss ett e-postmeddelande till <strong><a>corrections@sugardaddynordic.com<\/a><\/strong>, v\u00e4nligen inkludera:<\/p>\n\n\n\n<ul class=\"wp-block-list\">\n<li>URL och exakt stycke i artikeln.<\/li>\n\n\n\n<li>Beskrivning av felet.<\/li>\n\n\n\n<li>K\u00e4llor eller bevis (l\u00e4nkar, dokument).<\/li>\n\n\n\n<li>Dina kontaktuppgifter (valfritt f\u00f6r uppf\u00f6ljning).<\/li>\n<\/ul>\n\n\n\n<p><strong>Svarstider<\/strong> (se policyn f\u00f6r aktiv respons f\u00f6r mer information):<\/p>\n\n\n\n<ul class=\"wp-block-list\">\n<li>Bekr\u00e4ftelse: <strong>48 h<\/strong><\/li>\n\n\n\n<li>Det f\u00f6rsta substantiella svaret: <strong>2-3 dagar<\/strong><\/li>\n\n\n\n<li>I komplicerade fall: vi meddelar dig om en ny bed\u00f6mning.<\/li>\n<\/ul>\n\n\n\n<h2 class=\"wp-block-heading\" id=\"h-vastineoikeus\">R\u00e4tt till genm\u00e4le<\/h2>\n\n\n\n<p>Om du tror att du p\u00e5verkas av denna publicering och vill svara, v\u00e4nligen skriv till. <strong><a>appeals@sugardaddynordic.com<\/a><\/strong> och inkluderar:<\/p>\n\n\n\n<ul class=\"wp-block-list\">\n<li>Personlighet och relation till inneh\u00e5ll.<\/li>\n\n\n\n<li>F\u00f6reslagen text (max 300-500 ord) och styrkande handlingar.<\/li>\n<\/ul>\n\n\n\n<p>Acceptans och publiceringsform avg\u00f6rs av redakt\u00f6ren, men vi garanterar r\u00e4ttvis behandling och sammanhang.<\/p>\n\n\n\n<h2 class=\"wp-block-heading\" id=\"h-henkilotiedot-ja-gdpr\">Personuppgifter och GDPR<\/h2>\n\n\n\n<ul class=\"wp-block-list\">\n<li>Om artikeln inneh\u00e5ller felaktiga personuppgifter eller om du vill ut\u00f6va dina r\u00e4ttigheter (r\u00e4tt till tillg\u00e5ng, r\u00e4ttelse, radering, inv\u00e4ndning, portabilitet), v\u00e4nligen skriv till. <strong><a>privacy@sugardaddynordic.com<\/a><\/strong>.<\/li>\n\n\n\n<li>R\u00e4ttelse av personuppgifter kan kombineras med en redaktionell r\u00e4ttelse f\u00f6r transparens.<\/li>\n<\/ul>\n\n\n\n<h2 class=\"wp-block-heading\" id=\"h-muutoshistoria\">\u00c4ndra historik<\/h2>\n\n\n\n<p>Varje artikel har ett eget historikblock i slutet:<\/p>\n\n\n\n<p><strong>\u00c4ndra historik<\/strong><\/p>\n\n\n\n<ul class=\"wp-block-list\">\n<li>20\/08\/2025 10:15 CET - <strong>R\u00e4ttelse<\/strong>: data X sa \"A\" och \u00e4ndrades till \"B\".<\/li>\n\n\n\n<li>18\/08\/2025 09:00 CET - <strong>Uppdatering<\/strong>: l\u00e4ggs till i 2025 \u00e5rs studie.<\/li>\n<\/ul>\n\n\n\n<h2 class=\"wp-block-heading\" id=\"h-mika-ei-ole-korjaus\">Vad \u00e4r inte en reparation<\/h2>\n\n\n\n<ul class=\"wp-block-list\">\n<li>Meningsskiljaktigheter eller redaktionella perspektiv.<\/li>\n\n\n\n<li>Beg\u00e4ran om att ta bort korrekt och legitimt publicerad information.<\/li>\n\n\n\n<li>Kosmetiska \u00e4ndringar som inte \u00e4ndrar inneb\u00f6rden.<\/li>\n<\/ul>\n\n\n\n<h2 class=\"wp-block-heading\" id=\"h-yhteystiedot\">Kontakt<\/h2>\n\n\n\n<ul class=\"wp-block-list\">\n<li>R\u00e4ttelser:Klagom\u00e5l \/ R\u00e4tt till genm\u00e4le \/ Dataskydd: <strong>info@sugardaddynordic.com<\/strong><\/li>\n<\/ul>\n\n\n\n<h3 class=\"wp-block-heading\" id=\"h-paivitykset\">Uppdateringar<\/h3>\n\n\n\n<p>Senaste recensionen: <strong>26.10.2025<\/strong>.<br>Vi kan komma att uppdatera denna policy f\u00f6r att f\u00f6rb\u00e4ttra processer eller f\u00f6r att f\u00f6lja \u00e4ndringar i lagstiftningen.<\/p>","protected":false},"excerpt":{"rendered":"<p>P\u00e5 SugarDaddyNordic-bloggen \u00e4r vi fast beslutna att producera korrekt, tydligt och ansvarsfullt inneh\u00e5ll. N\u00e4r vi hittar fel kommer vi att korrigera dem \u00f6ppet, utan sensationalism eller vilseledande l\u00f6ften, och vi kommer alltid att l\u00e4mna en notering om de \u00e4ndringar som gjorts.Vi erbjuder ocks\u00e5 anv\u00e4ndare m\u00f6jlighet att publicera artiklar - l\u00e4s mer i avsnittet Samarbeten. Omfattning Denna policy g\u00e4ller f\u00f6r det redaktionella inneh\u00e5llet p\u00e5 bloggen. Anv\u00e4ndargenererat inneh\u00e5ll (profiler, inl\u00e4gg etc.) hanteras i enlighet med Active Response Policy och anv\u00e4ndarvillkoren. Typer av \u00e4ndringar [...] <a title=\"Policy f\u00f6r reparation\" class=\"read-more\" href=\"https:\/\/sugardaddynordic.com\/sv\/korjauskaytanto\/\" aria-label=\"L\u00e4s mer om Korjausk\u00e4yt\u00e4nt\u00f6\">L\u00e4s mer p\u00e5 engelska<\/a><\/p>","protected":false},"author":1,"featured_media":0,"parent":0,"menu_order":0,"comment_status":"closed","ping_status":"closed","template":"","meta":{"generate_page_header":"","footnotes":""},"class_list":{"0":"post-13444","1":"page","2":"type-page","3":"status-publish","5":"infinite-scroll-item"},"featured_image_urls":{"full":"","thumbnail":"","medium":"","medium_large":"","large":"","1536x1536":"","2048x2048":"","trp-custom-language-flag":"","crp_thumbnail":""},"post_excerpt_stackable":"<p>SugarDaddyNordic-blogissa sitoudumme tuottamaan tarkkaa, selke\u00e4\u00e4 ja vastuullista sis\u00e4lt\u00f6\u00e4. Kun havaitsemme virheit\u00e4, korjaamme ne avoimesti, ilman sensaatiohakuisuutta tai harhaanjohtavia lupauksia, ja j\u00e4t\u00e4mme aina merkinn\u00e4n tehdyist\u00e4 muutoksista.Lis\u00e4ksi tarjoamme k\u00e4ytt\u00e4jille mahdollisuuden julkaista artikkeleita \u2013 lue lis\u00e4\u00e4 kohdasta Yhteisty\u00f6t. Soveltamisala T\u00e4m\u00e4 politiikka koskee blogin toimituksellista sis\u00e4lt\u00f6\u00e4.K\u00e4ytt\u00e4jien tuottamaa sis\u00e4lt\u00f6\u00e4 (profiilit, viestit jne.) hallinnoidaan Aktiivisen vastauksen politiikan ja K\u00e4ytt\u00f6ehtojen mukaisesti. Muutostyypit ja niiden merkinn\u00e4t TyyppiM\u00e4\u00e4ritelm\u00e4Miten n\u00e4ytet\u00e4\u00e4nKorjausVirheellisen tiedon korjaus (p\u00e4iv\u00e4ys, numero, nimi, linkki).Huomautus alussa tai lopussa: \u201cKorjaus (pp\/kk\/vvvv hh:mm CET): \u2026\u201dTarkennusLis\u00e4tty konteksti v\u00e4\u00e4rintulkintojen v\u00e4ltt\u00e4miseksi.\u201cTarkennus (pp\/kk\/vvvv hh:mm CET): \u2026\u201dP\u00e4ivitysUuden, olennaisen tiedon lis\u00e4\u00e4minen ilman, ett\u00e4 alkuper\u00e4inen tieto olisi ollut v\u00e4\u00e4rin.\u201cP\u00e4ivitys (pp\/kk\/vvvv hh:mm CET): \u2026\u201dOikaisu \/ poistoKun artikkelin ydin on&hellip;<\/p>\n","category_list":"","author_info":{"name":"Admin de SugarDaddySuomi","url":"https:\/\/sugardaddynordic.com\/sv\/author\/poweb\/"},"comments_num":"0 comments","featured_image_urls_v2":{"full":"","thumbnail":"","medium":"","medium_large":"","large":"","1536x1536":"","2048x2048":"","trp-custom-language-flag":"","crp_thumbnail":""},"post_excerpt_stackable_v2":"<p>SugarDaddyNordic-blogissa sitoudumme tuottamaan tarkkaa, selke\u00e4\u00e4 ja vastuullista sis\u00e4lt\u00f6\u00e4. Kun havaitsemme virheit\u00e4, korjaamme ne avoimesti, ilman sensaatiohakuisuutta tai harhaanjohtavia lupauksia, ja j\u00e4t\u00e4mme aina merkinn\u00e4n tehdyist\u00e4 muutoksista.Lis\u00e4ksi tarjoamme k\u00e4ytt\u00e4jille mahdollisuuden julkaista artikkeleita \u2013 lue lis\u00e4\u00e4 kohdasta Yhteisty\u00f6t. Soveltamisala T\u00e4m\u00e4 politiikka koskee blogin toimituksellista sis\u00e4lt\u00f6\u00e4.K\u00e4ytt\u00e4jien tuottamaa sis\u00e4lt\u00f6\u00e4 (profiilit, viestit jne.) hallinnoidaan Aktiivisen vastauksen politiikan ja K\u00e4ytt\u00f6ehtojen mukaisesti. Muutostyypit ja niiden merkinn\u00e4t TyyppiM\u00e4\u00e4ritelm\u00e4Miten n\u00e4ytet\u00e4\u00e4nKorjausVirheellisen tiedon korjaus (p\u00e4iv\u00e4ys, numero, nimi, linkki).Huomautus alussa tai lopussa: \u201cKorjaus (pp\/kk\/vvvv hh:mm CET): \u2026\u201dTarkennusLis\u00e4tty konteksti v\u00e4\u00e4rintulkintojen v\u00e4ltt\u00e4miseksi.\u201cTarkennus (pp\/kk\/vvvv hh:mm CET): \u2026\u201dP\u00e4ivitysUuden, olennaisen tiedon lis\u00e4\u00e4minen ilman, ett\u00e4 alkuper\u00e4inen tieto olisi ollut v\u00e4\u00e4rin.\u201cP\u00e4ivitys (pp\/kk\/vvvv hh:mm CET): \u2026\u201dOikaisu \/ poistoKun artikkelin ydin on&hellip;<\/p>\n","category_list_v2":"","author_info_v2":{"name":"Admin de SugarDaddySuomi","url":"https:\/\/sugardaddynordic.com\/sv\/author\/poweb\/"},"comments_num_v2":"0 comments","yoast_head":"<!-- This site is optimized with the Yoast SEO Premium plugin v26.0 (Yoast SEO v27.3) - https:\/\/yoast.com\/product\/yoast-seo-premium-wordpress\/ -->\n<title>Korjausk\u00e4yt\u00e4nt\u00f6<\/title>\n<meta name=\"robots\" content=\"index, follow, max-snippet:-1, max-image-preview:large, max-video-preview:-1\" \/>\n<link rel=\"canonical\" href=\"https:\/\/sugardaddynordic.com\/sv\/reparationsstod\/\" \/>\n<meta property=\"og:locale\" content=\"sv_SE\" \/>\n<meta property=\"og:type\" content=\"article\" \/>\n<meta property=\"og:title\" content=\"Korjausk\u00e4yt\u00e4nt\u00f6\" \/>\n<meta property=\"og:description\" content=\"SugarDaddyNordic-blogissa sitoudumme tuottamaan tarkkaa, selke\u00e4\u00e4 ja vastuullista sis\u00e4lt\u00f6\u00e4. Kun havaitsemme virheit\u00e4, korjaamme ne avoimesti, ilman sensaatiohakuisuutta tai harhaanjohtavia lupauksia, ja j\u00e4t\u00e4mme aina merkinn\u00e4n tehdyist\u00e4 muutoksista.Lis\u00e4ksi tarjoamme k\u00e4ytt\u00e4jille mahdollisuuden julkaista artikkeleita \u2013 lue lis\u00e4\u00e4 kohdasta Yhteisty\u00f6t. Soveltamisala T\u00e4m\u00e4 politiikka koskee blogin toimituksellista sis\u00e4lt\u00f6\u00e4.K\u00e4ytt\u00e4jien tuottamaa sis\u00e4lt\u00f6\u00e4 (profiilit, viestit jne.) hallinnoidaan Aktiivisen vastauksen politiikan ja K\u00e4ytt\u00f6ehtojen mukaisesti. Muutostyypit ... Read more\" \/>\n<meta property=\"og:url\" content=\"https:\/\/sugardaddynordic.com\/sv\/reparationsstod\/\" \/>\n<meta property=\"og:site_name\" content=\"Sugar Daddy Nordic \u00ae\" \/>\n<meta property=\"article:modified_time\" content=\"2025-10-26T06:23:14+00:00\" \/>\n<meta property=\"og:image\" content=\"https:\/\/sugardaddynordic.com\/wp-content\/uploads\/2025\/10\/Logo-Sugar-Daddy-Nordic.png\" \/>\n\t<meta property=\"og:image:width\" content=\"1024\" \/>\n\t<meta property=\"og:image:height\" content=\"1024\" \/>\n\t<meta property=\"og:image:type\" content=\"image\/png\" \/>\n<meta name=\"twitter:card\" content=\"summary_large_image\" \/>\n<meta name=\"twitter:label1\" content=\"Ber\u00e4knad l\u00e4stid\" \/>\n\t<meta name=\"twitter:data1\" content=\"3 minuter\" \/>\n<script type=\"application\/ld+json\" class=\"yoast-schema-graph\">{\"@context\":\"https:\\\/\\\/schema.org\",\"@graph\":[{\"@type\":\"WebPage\",\"@id\":\"https:\\\/\\\/sugardaddynordic.com\\\/korjauskaytanto\\\/\",\"url\":\"https:\\\/\\\/sugardaddynordic.com\\\/korjauskaytanto\\\/\",\"name\":\"Korjausk\u00e4yt\u00e4nt\u00f6\",\"isPartOf\":{\"@id\":\"https:\\\/\\\/sugardaddynordic.com\\\/#website\"},\"datePublished\":\"2025-08-28T08:08:56+00:00\",\"dateModified\":\"2025-10-26T06:23:14+00:00\",\"breadcrumb\":{\"@id\":\"https:\\\/\\\/sugardaddynordic.com\\\/korjauskaytanto\\\/#breadcrumb\"},\"inLanguage\":\"sv-SE\",\"potentialAction\":[{\"@type\":\"ReadAction\",\"target\":[\"https:\\\/\\\/sugardaddynordic.com\\\/korjauskaytanto\\\/\"]}]},{\"@type\":\"BreadcrumbList\",\"@id\":\"https:\\\/\\\/sugardaddynordic.com\\\/korjauskaytanto\\\/#breadcrumb\",\"itemListElement\":[{\"@type\":\"ListItem\",\"position\":1,\"name\":\"Home\",\"item\":\"https:\\\/\\\/sugardaddynordic.com\\\/\"},{\"@type\":\"ListItem\",\"position\":2,\"name\":\"Korjausk\u00e4yt\u00e4nt\u00f6\"}]},{\"@type\":\"WebSite\",\"@id\":\"https:\\\/\\\/sugardaddynordic.com\\\/#website\",\"url\":\"https:\\\/\\\/sugardaddynordic.com\\\/\",\"name\":\"Sugar Daddy Nordic\",\"description\":\"\",\"publisher\":{\"@id\":\"https:\\\/\\\/sugardaddynordic.com\\\/#organization\"},\"alternateName\":\"Sugar Daddy Nordic powered by Sugar Daddy Planet\",\"potentialAction\":[{\"@type\":\"SearchAction\",\"target\":{\"@type\":\"EntryPoint\",\"urlTemplate\":\"https:\\\/\\\/sugardaddynordic.com\\\/?s={search_term_string}\"},\"query-input\":{\"@type\":\"PropertyValueSpecification\",\"valueRequired\":true,\"valueName\":\"search_term_string\"}}],\"inLanguage\":\"sv-SE\"},{\"@type\":[\"Organization\",\"DatingService\"],\"@id\":\"https:\\\/\\\/sugardaddynordic.com\\\/#organization\",\"name\":\"Sugar Daddy Nordic\",\"url\":\"https:\\\/\\\/sugardaddynordic.com\\\/\",\"logo\":{\"@type\":\"ImageObject\",\"inLanguage\":\"sv-SE\",\"@id\":\"https:\\\/\\\/sugardaddynordic.com\\\/#\\\/schema\\\/logo\\\/image\\\/\",\"url\":\"https:\\\/\\\/sugardaddynordic.com\\\/wp-content\\\/uploads\\\/2025\\\/10\\\/cropped-Logo-Sugar-Daddy-Nordic.png\",\"contentUrl\":\"https:\\\/\\\/sugardaddynordic.com\\\/wp-content\\\/uploads\\\/2025\\\/10\\\/cropped-Logo-Sugar-Daddy-Nordic.png\",\"width\":1022,\"height\":323,\"caption\":\"Sugar Daddy Nordic\"},\"image\":{\"@id\":\"https:\\\/\\\/sugardaddynordic.com\\\/#\\\/schema\\\/logo\\\/image\\\/\"},\"serviceType\":\"Dating Service\",\"category\":\"Dating\",\"publishingPrinciples\":\"https:\\\/\\\/sugardaddynordic.com\\\/julkaisustandardit\\\/\",\"ownershipFundingInfo\":\"https:\\\/\\\/sugardaddynordic.com\\\/rahoitus\\\/\",\"actionableFeedbackPolicy\":\"https:\\\/\\\/sugardaddynordic.com\\\/korjauskaytanto\\\/\",\"correctionsPolicy\":\"https:\\\/\\\/sugardaddynordic.com\\\/korjauskaytanto\\\/\",\"ethicsPolicy\":\"https:\\\/\\\/sugardaddynordic.com\\\/eettinen-politiikka\\\/\",\"diversityPolicy\":\"https:\\\/\\\/sugardaddynordic.com\\\/monimuotoisuus\\\/\",\"diversityStaffingReport\":\"https:\\\/\\\/sugardaddynordic.com\\\/yhteistyo\\\/\"}]}<\/script>\n<!-- \/ Yoast SEO Premium plugin. -->","yoast_head_json":{"title":"Policy f\u00f6r reparation","robots":{"index":"index","follow":"follow","max-snippet":"max-snippet:-1","max-image-preview":"max-image-preview:large","max-video-preview":"max-video-preview:-1"},"canonical":"https:\/\/sugardaddynordic.com\/sv\/reparationsstod\/","og_locale":"sv_SE","og_type":"article","og_title":"Korjausk\u00e4yt\u00e4nt\u00f6","og_description":"SugarDaddyNordic-blogissa sitoudumme tuottamaan tarkkaa, selke\u00e4\u00e4 ja vastuullista sis\u00e4lt\u00f6\u00e4. Kun havaitsemme virheit\u00e4, korjaamme ne avoimesti, ilman sensaatiohakuisuutta tai harhaanjohtavia lupauksia, ja j\u00e4t\u00e4mme aina merkinn\u00e4n tehdyist\u00e4 muutoksista.Lis\u00e4ksi tarjoamme k\u00e4ytt\u00e4jille mahdollisuuden julkaista artikkeleita \u2013 lue lis\u00e4\u00e4 kohdasta Yhteisty\u00f6t. Soveltamisala T\u00e4m\u00e4 politiikka koskee blogin toimituksellista sis\u00e4lt\u00f6\u00e4.K\u00e4ytt\u00e4jien tuottamaa sis\u00e4lt\u00f6\u00e4 (profiilit, viestit jne.) hallinnoidaan Aktiivisen vastauksen politiikan ja K\u00e4ytt\u00f6ehtojen mukaisesti. Muutostyypit ... Read more","og_url":"https:\/\/sugardaddynordic.com\/sv\/reparationsstod\/","og_site_name":"Sugar Daddy Nordic \u00ae","article_modified_time":"2025-10-26T06:23:14+00:00","og_image":[{"width":1024,"height":1024,"url":"https:\/\/sugardaddynordic.com\/wp-content\/uploads\/2025\/10\/Logo-Sugar-Daddy-Nordic.png","type":"image\/png"}],"twitter_card":"summary_large_image","twitter_misc":{"Ber\u00e4knad l\u00e4stid":"3 minuter"},"schema":{"@context":"https:\/\/schema.org","@graph":[{"@type":"WebPage","@id":"https:\/\/sugardaddynordic.com\/korjauskaytanto\/","url":"https:\/\/sugardaddynordic.com\/korjauskaytanto\/","name":"Policy f\u00f6r reparation","isPartOf":{"@id":"https:\/\/sugardaddynordic.com\/#website"},"datePublished":"2025-08-28T08:08:56+00:00","dateModified":"2025-10-26T06:23:14+00:00","breadcrumb":{"@id":"https:\/\/sugardaddynordic.com\/korjauskaytanto\/#breadcrumb"},"inLanguage":"sv-SE","potentialAction":[{"@type":"ReadAction","target":["https:\/\/sugardaddynordic.com\/korjauskaytanto\/"]}]},{"@type":"BreadcrumbList","@id":"https:\/\/sugardaddynordic.com\/korjauskaytanto\/#breadcrumb","itemListElement":[{"@type":"ListItem","position":1,"name":"Home","item":"https:\/\/sugardaddynordic.com\/"},{"@type":"ListItem","position":2,"name":"Korjausk\u00e4yt\u00e4nt\u00f6"}]},{"@type":"WebSite","@id":"https:\/\/sugardaddynordic.com\/#website","url":"https:\/\/sugardaddynordic.com\/","name":"Sugar Daddy Nordic","description":"","publisher":{"@id":"https:\/\/sugardaddynordic.com\/#organization"},"alternateName":"Sugar Daddy Nordic powered by Sugar Daddy Planet","potentialAction":[{"@type":"SearchAction","target":{"@type":"EntryPoint","urlTemplate":"https:\/\/sugardaddynordic.com\/?s={search_term_string}"},"query-input":{"@type":"PropertyValueSpecification","valueRequired":true,"valueName":"search_term_string"}}],"inLanguage":"sv-SE"},{"@type":["Organization","DatingService"],"@id":"https:\/\/sugardaddynordic.com\/#organization","name":"Sugar Daddy Nordic","url":"https:\/\/sugardaddynordic.com\/","logo":{"@type":"ImageObject","inLanguage":"sv-SE","@id":"https:\/\/sugardaddynordic.com\/#\/schema\/logo\/image\/","url":"https:\/\/sugardaddynordic.com\/wp-content\/uploads\/2025\/10\/cropped-Logo-Sugar-Daddy-Nordic.png","contentUrl":"https:\/\/sugardaddynordic.com\/wp-content\/uploads\/2025\/10\/cropped-Logo-Sugar-Daddy-Nordic.png","width":1022,"height":323,"caption":"Sugar Daddy Nordic"},"image":{"@id":"https:\/\/sugardaddynordic.com\/#\/schema\/logo\/image\/"},"serviceType":"Dating Service","category":"Dating","publishingPrinciples":"https:\/\/sugardaddynordic.com\/julkaisustandardit\/","ownershipFundingInfo":"https:\/\/sugardaddynordic.com\/rahoitus\/","actionableFeedbackPolicy":"https:\/\/sugardaddynordic.com\/korjauskaytanto\/","correctionsPolicy":"https:\/\/sugardaddynordic.com\/korjauskaytanto\/","ethicsPolicy":"https:\/\/sugardaddynordic.com\/eettinen-politiikka\/","diversityPolicy":"https:\/\/sugardaddynordic.com\/monimuotoisuus\/","diversityStaffingReport":"https:\/\/sugardaddynordic.com\/yhteistyo\/"}]}},"_links":{"self":[{"href":"https:\/\/sugardaddynordic.com\/sv\/wp-json\/wp\/v2\/pages\/13444","targetHints":{"allow":["GET"]}}],"collection":[{"href":"https:\/\/sugardaddynordic.com\/sv\/wp-json\/wp\/v2\/pages"}],"about":[{"href":"https:\/\/sugardaddynordic.com\/sv\/wp-json\/wp\/v2\/types\/page"}],"author":[{"embeddable":true,"href":"https:\/\/sugardaddynordic.com\/sv\/wp-json\/wp\/v2\/users\/1"}],"replies":[{"embeddable":true,"href":"https:\/\/sugardaddynordic.com\/sv\/wp-json\/wp\/v2\/comments?post=13444"}],"version-history":[{"count":0,"href":"https:\/\/sugardaddynordic.com\/sv\/wp-json\/wp\/v2\/pages\/13444\/revisions"}],"wp:attachment":[{"href":"https:\/\/sugardaddynordic.com\/sv\/wp-json\/wp\/v2\/media?parent=13444"}],"curies":[{"name":"wp","href":"https:\/\/api.w.org\/{rel}","templated":true}]}}