{"id":6191,"date":"2024-11-15T12:28:50","date_gmt":"2024-11-15T10:28:50","guid":{"rendered":"https:\/\/sugardaddynordic.com\/?page_id=6191"},"modified":"2025-10-26T08:19:30","modified_gmt":"2025-10-26T06:19:30","slug":"saker-dejting","status":"publish","type":"page","link":"https:\/\/sugardaddynordic.com\/sv\/turvallinen-tapailu\/","title":{"rendered":"S\u00e4ker dejting"},"content":{"rendered":"<p><a href=\"https:\/\/sugardaddynordic.com\/sv\/\">SugarDaddy Norden<\/a>&nbsp;Som med alla dejtingplattformar finns det risker, s\u00e4rskilt n\u00e4r det g\u00e4ller bedr\u00e4gerier.<\/p>\n\n\n\n<p><strong>Nedan presenterar vi en komplett guide med s\u00e4kerhetstips som hj\u00e4lper dig att f\u00e5 en tillfredsst\u00e4llande upplevelse och undvika bedr\u00e4gerif\u00f6rs\u00f6k eller d\u00e5lig praxis<\/strong>&nbsp;p\u00e5 v\u00e5ra sugar daddy- och sugar baby-plattformar sugardaddynordic.com<\/p>\n\n\n\n<h2 class=\"wp-block-heading has-text-align-center\" id=\"h-yleisia-vinkkeja\">Allm\u00e4nna tips<\/h2>\n\n\n\n<div class=\"wp-block-stackable-columns stk-block-columns stk-block stk-5ad3213\" data-block-id=\"5ad3213\"><div class=\"stk-row stk-inner-blocks stk-block-content stk-content-align stk-5ad3213-column\">\n<div class=\"wp-block-stackable-column stk-block-column stk-column stk-block stk-18b68d9\" data-v=\"4\" data-block-id=\"18b68d9\"><div class=\"stk-column-wrapper stk-block-column__content stk-container stk-18b68d9-container stk--no-background stk--no-padding\"><div class=\"stk-block-content stk-inner-blocks stk-18b68d9-inner-blocks\">\n<h3 class=\"wp-block-heading\" id=\"h-vahvista-henkilollisyys\">Bekr\u00e4fta din identitet:<\/h3>\n\n\n\n<p>Se till att den person du interagerar med \u00e4r den de utger sig f\u00f6r att vara. Detta kan inkludera&nbsp;<strong>ringa videosamtal<\/strong>&nbsp;f\u00f6re m\u00f6tet,&nbsp;<strong>beg\u00e4ra ett nytaget foto<\/strong>&nbsp;eller&nbsp;<strong>beg\u00e4ra sociala medier<\/strong>&nbsp;f\u00f6r att bekr\u00e4fta att de inte \u00e4r falska.<\/p>\n\n\n\n<h3 class=\"wp-block-heading\" id=\"h-ala-koskaan-laheta-rahaa-etukateen\">Skicka aldrig pengar i f\u00f6rskott:<\/h3>\n\n\n\n<p>En riktig Sugar Daddy ber inte Sugar Baby om pengar och vice versa. Sugar Relationshiper baseras p\u00e5 tydliga kontrakt, inte ensidiga tj\u00e4nster. Detta inneb\u00e4r ocks\u00e5 att du inte kommer att tillhandah\u00e5lla bankkontouppgifter eller skicka presentkort eller onlinek\u00f6p.<\/p>\n\n\n\n<h3 class=\"wp-block-heading\" id=\"h-pysy-alustalla\">Stanna kvar p\u00e5 plattformen<\/h3>\n\n\n\n<p>N\u00e4r du precis har l\u00e4rt k\u00e4nna n\u00e5gon ska du forts\u00e4tta konversationerna p\u00e5 plattformen. Anv\u00e4ndare med d\u00e5liga avsikter f\u00f6rs\u00f6ker ofta flytta konversationen till meddelandeappar, e-post eller telefonsamtal s\u00e5 snabbt som m\u00f6jligt.<\/p>\n<\/div><\/div><\/div>\n\n\n\n<div class=\"wp-block-stackable-column stk-block-column stk-column stk-block stk-7df0b6b\" data-v=\"4\" data-block-id=\"7df0b6b\"><div class=\"stk-column-wrapper stk-block-column__content stk-container stk-7df0b6b-container stk--no-background stk--no-padding\"><div class=\"stk-block-content stk-inner-blocks stk-7df0b6b-inner-blocks\">\n<h3 class=\"wp-block-heading\" id=\"h-varo-dramaattisia-tarinoita\">Akta dig f\u00f6r dramatiska ber\u00e4ttelser:<\/h3>\n\n\n\n<p>Om du tycker att personen alltid verkar ha en urs\u00e4kt eller ett br\u00e5dskande problem som beh\u00f6ver din hj\u00e4lp, kan du st\u00e5 inf\u00f6r en k\u00e4nslom\u00e4ssig bluff.<\/p>\n\n\n\n<h3 class=\"wp-block-heading\" id=\"h-selkeat-sopimukset-alusta-alkaen\">Tydliga avtal redan fr\u00e5n b\u00f6rjan:<\/h3>\n\n\n\n<p>Ekonomiska, k\u00e4nslom\u00e4ssiga och tidsm\u00e4ssiga f\u00f6rv\u00e4ntningar b\u00f6r vara tydliga f\u00f6re m\u00f6tet. Var aldrig r\u00e4dd f\u00f6r att f\u00f6rtydliga dina villkor eller st\u00e4lla sv\u00e5ra fr\u00e5gor om vad b\u00e5da parter f\u00f6rv\u00e4ntar sig av f\u00f6rh\u00e5llandet.<\/p>\n\n\n\n<h3 class=\"wp-block-heading\" id=\"h-epaily-kaukosuhteista-tai-eri-maiden-valilla\">Misstanke om l\u00e5ngdistansf\u00f6rh\u00e5llanden eller f\u00f6rh\u00e5llanden \u00f6ver landsgr\u00e4nser<\/h3>\n\n\n\n<p>Var misst\u00e4nksam mot alla som inte vill tr\u00e4ffa dig personligen eller ringa ett telefon- eller videosamtal; de kanske inte \u00e4r den de utger sig f\u00f6r att vara. Om n\u00e5gon undviker dina fr\u00e5gor eller f\u00f6rs\u00f6ker etablera en seri\u00f6s relation utan att l\u00e4ra k\u00e4nna dig f\u00f6rst, \u00e4r det ett d\u00e5ligt tecken.<\/p>\n<\/div><\/div><\/div>\n<\/div><\/div>\n\n\n\n<h2 class=\"wp-block-heading has-text-align-center\" id=\"h-treffien-turvallisuus\">S\u00e4kerhet vid m\u00f6ten<\/h2>\n\n\n\n<h3 class=\"wp-block-heading\" id=\"h-ensimmainen-treffi-julkisella-paikalla\">F\u00f6rsta dejten p\u00e5 en offentlig plats:<\/h3>\n\n\n\n<p>H\u00e5ll alltid ert f\u00f6rsta m\u00f6te p\u00e5 en s\u00e4ker, offentlig plats, t.ex. ett v\u00e4lbes\u00f6kt caf\u00e9 eller en restaurang. Undvik att tr\u00e4ffas p\u00e5 ok\u00e4nda platser eller direkt i ett hus eller p\u00e5 ett hotell.<\/p>\n\n\n\n<h3 class=\"wp-block-heading\" id=\"h-kerro-jollekulle-johon-luotat\">Ber\u00e4tta f\u00f6r n\u00e5gon du litar p\u00e5:<\/h3>\n\n\n\n<p>Kom ih\u00e5g att ber\u00e4tta f\u00f6r en betrodd v\u00e4n eller familjemedlem var du \u00e4r, vem du ska tr\u00e4ffa och hur l\u00e4nge du kommer att vara borta innan ni tr\u00e4ffas. Du kan dela med dig av din plats i realtid via din smartphone f\u00f6r att f\u00f6rb\u00e4ttra s\u00e4kerheten.<\/p>\n\n\n\n<h3 class=\"wp-block-heading\" id=\"h-ota-oma-kuljetus\">Ta din egen transport:<\/h3>\n\n\n\n<p>Acceptera inte att bli h\u00e4mtad vid f\u00f6rsta bes\u00f6ket eller att bli skjutsad. Anv\u00e4nd egen transport eller kollektivtrafik s\u00e5 att du kan ta dig hem om du n\u00e5gon g\u00e5ng vill avbryta bes\u00f6ket.<\/p>\n\n\n\n<h3 class=\"wp-block-heading\" id=\"h-rajoita-alkoholin-tai-paihteiden-kayttoa\">Begr\u00e4nsa din anv\u00e4ndning av alkohol eller droger:<\/h3>\n\n\n\n<p>P\u00e5 en f\u00f6rsta dejt \u00e4r det l\u00e4mpligt att begr\u00e4nsa ditt alkoholintag f\u00f6r att h\u00e5lla saker under kontroll hela tiden. \u00d6verdriven alkoholkonsumtion kan uts\u00e4tta dig f\u00f6r o\u00f6nskade situationer. Om de erbjuder dig andra saker, tacka nej eftersom du inte vet vad de erbjuder dig.<\/p>\n\n\n\n<h2 class=\"wp-block-heading has-text-align-center\" id=\"h-turvallisuus-sokerivauvoille\">S\u00e4kerhet f\u00f6r sugar baby<\/h2>\n\n\n\n<p><strong>Akta dig f\u00f6r falska sugar daddies<\/strong>&nbsp;: Det finns m\u00e4nniskor som utger sig f\u00f6r att vara rika sugar daddies, men som bara \u00e4r intresserade av att lura dig. De kan f\u00f6rs\u00f6ka f\u00e5 dig att skicka intima bilder eller be om pengar under f\u00f6rev\u00e4ndning att de kommer att \u00e5terbetala dig senare. Beh\u00e5ll alltid kontrollen \u00f6ver situationen och lita inte blint p\u00e5 n\u00e5gon som du inte har tr\u00e4ffat personligen.<\/p>\n\n\n\n<p><strong>Undvik att dela med dig av bankuppgifter eller presentkort<\/strong>&nbsp;: G\u00f6r aldrig n\u00e5gra banktransaktioner eller k\u00f6p kort eller produkter, oavsett vilken urs\u00e4kt personen p\u00e5 andra sidan sk\u00e4rmen ger dig. Det finns tusentals bedr\u00e4gerier av denna typ p\u00e5 Internet som ber dig att k\u00f6pa kort eller bankuppgifter.<\/p>\n\n\n\n<p><strong>\u00d6verf\u00f6r inte pengar<\/strong>&nbsp;: Utan n\u00e5gon urs\u00e4kt eller urs\u00e4kter kommer du inte att g\u00f6ra en penning\u00f6verf\u00f6ring till n\u00e5gon du har tr\u00e4ffat online. Bli inte involverad i n\u00e5gon form av transaktion utan att k\u00e4nna personen.<\/p>\n\n\n\n<p><strong>L\u00e4mna inte ut personlig information<\/strong>&nbsp;: L\u00e4mna inte ut information om ditt universitet, din adress eller personlig information som inte \u00e4r relevant utan att k\u00e4nna till den personligen. Ditt privatliv m\u00e5ste skyddas i online-relationer.<\/p>\n\n\n\n<h2 class=\"wp-block-heading has-text-align-center\" id=\"h-turvallisuus-sokereille\">S\u00e4kerhet f\u00f6r sockerarter<\/h2>\n\n\n\n<p><strong>Se upp f\u00f6r falska profiler<\/strong>&nbsp;A: Om din profil ser f\u00f6r perfekt ut eller dina foton ser f\u00f6r professionella ut \u00e4r det en bra id\u00e9 att g\u00f6ra ytterligare efterforskningar innan du engagerar dig k\u00e4nslom\u00e4ssigt eller ekonomiskt.<\/p>\n\n\n\n<p>S\u00e4tt inte in pengar p\u00e5 n\u00e4tet eller k\u00f6p g\u00e5vor p\u00e5 n\u00e4tet: g\u00e5vor eller f\u00f6rm\u00e5ner fr\u00e5n dessa relationer g\u00f6rs b\u00e4st personligen och p\u00e5 n\u00e4tet efter ett m\u00f6te ansikte mot ansikte. Om en anv\u00e4ndare ber dig om pengar f\u00f6re m\u00f6tet \u00e4r det b\u00e4ttre att tacka nej.<\/p>\n\n\n\n<p><strong>Dela inte med dig av on\u00f6diga personuppgifter<\/strong>&nbsp;: Undvik att dela med dig av f\u00f6r mycket personlig information som din inkomst, tillg\u00e5ngar eller bankkonton i b\u00f6rjan av f\u00f6rh\u00e5llandet. Vissa bedragare kan anv\u00e4nda denna information f\u00f6r att utpressa dig eller stj\u00e4la din identitet.<\/p>\n\n\n\n<p><strong>Br\u00e5dskande beg\u00e4ran om pengar<\/strong>&nbsp;S: Om Sugar Baby b\u00f6rjar be om pengar f\u00f6re ett m\u00f6te eller f\u00f6r ov\u00e4ntade problem som \"familjekriser\", kan du bli lurad. Sugar Baby-relationen bygger p\u00e5 tydliga avtal, inte p\u00e5 pl\u00f6tsliga ekonomiska tj\u00e4nster.<\/p>\n\n\n\n<p><strong>Skydda dig mot utpressning<\/strong>&nbsp;: Dela aldrig k\u00e4nsligt material med n\u00e5gon som du aldrig har tr\u00e4ffat personligen och inte litar p\u00e5 fullt ut. Ber\u00e4tta inte f\u00f6r n\u00e5gon om din familj eller civilst\u00e5nd eller ditt jobb eller hem f\u00f6rr\u00e4n ni tr\u00e4ffas personligen.<\/p>\n\n\n\n<h2 class=\"wp-block-heading has-text-align-center\" id=\"h-kuinka-tunnistaa-verkkohuijaukset\">Hur man identifierar bedr\u00e4gerier p\u00e5 n\u00e4tet<\/h2>\n\n\n\n<div class=\"wp-block-stackable-columns stk-block-columns stk-block stk-a1f0618\" data-block-id=\"a1f0618\"><div class=\"stk-row stk-inner-blocks stk-block-content stk-content-align stk-a1f0618-column\">\n<div class=\"wp-block-stackable-column stk-block-column stk-column stk-block stk-d914be5\" data-v=\"4\" data-block-id=\"d914be5\"><div class=\"stk-column-wrapper stk-block-column__content stk-container stk-d914be5-container stk--no-background stk--no-padding\"><div class=\"stk-block-content stk-inner-blocks stk-d914be5-inner-blocks\">\n<h3 class=\"wp-block-heading\" id=\"h-epatavallinen-kieli-ja-kaytos\">Ovanligt spr\u00e5k och beteende:<\/h3>\n\n\n\n<p>Bedragare kommunicerar ofta opersonligt eller inkonsekvent. Om du m\u00e4rker att personen du pratar med undviker att svara p\u00e5 direkta fr\u00e5gor, har automatiska svar eller undviker att tr\u00e4ffa dig personligen, \u00e4r det en varningssignal.<\/p>\n\n\n\n<h3 class=\"wp-block-heading\" id=\"h-liioiteltuja-lupauksia\">\u00d6verdrivna l\u00f6ften:<\/h3>\n\n\n\n<p>Akta dig f\u00f6r l\u00f6ften om stora summor pengar, \u00f6verd\u00e5diga g\u00e5vor eller ett lyxigt liv utan att ha byggt upp en genuin relation. Om n\u00e5got verkar f\u00f6r bra f\u00f6r att vara sant, s\u00e5 \u00e4r det f\u00f6rmodligen det.<\/p>\n<\/div><\/div><\/div>\n\n\n\n<div class=\"wp-block-stackable-column stk-block-column stk-column stk-block stk-fbe5034\" data-v=\"4\" data-block-id=\"fbe5034\"><div class=\"stk-column-wrapper stk-block-column__content stk-container stk-fbe5034-container stk--no-background stk--no-padding\"><div class=\"stk-block-content stk-inner-blocks stk-fbe5034-inner-blocks\">\n<h3 class=\"wp-block-heading\" id=\"h-luonnottomia-kuvia\">Onaturliga bilder:<\/h3>\n\n\n\n<p>Anv\u00e4nd verktyg som omv\u00e4nd bilds\u00f6kning f\u00f6r att kontrollera om bilderna de l\u00e4gger upp \u00e4r \u00e4kta eller stulna fr\u00e5n andra internetprofiler.<\/p>\n\n\n\n<h3 class=\"wp-block-heading\" id=\"h-epajohdonmukainen-kaytos\">Inkonsekvent beteende:<\/h3>\n\n\n\n<p>Om en persons personliga historia f\u00f6r\u00e4ndras eller om de ber\u00e4ttar motstridiga historier kan du ha att g\u00f6ra med en bedragare. Det \u00e4r viktigt att vara uppm\u00e4rksam p\u00e5 dessa detaljer redan fr\u00e5n b\u00f6rjan.<\/p>\n<\/div><\/div><\/div>\n<\/div><\/div>\n\n\n\n<h2 class=\"wp-block-heading\" id=\"h-kuinka-ilmoittaa-huijauksista\">Hur man anm\u00e4ler bedr\u00e4gerier<\/h2>\n\n\n\n<p>Om du tror att du har blivit lurad eller har sett en misst\u00e4nkt profil \u00e4r det viktigt att du rapporterar det omedelbart genom att mejla&nbsp;<a href=\"https:\/\/sugardaddynordic.com\/sv\/kontakt\/\">eller genom att anv\u00e4nda kontaktformul\u00e4ret<\/a>&nbsp;. Som anv\u00e4ndare kan du ocks\u00e5 rapportera det via profiler<\/p>\n\n\n\n<p>Information p\u00e5 bloggen:<\/p>\n\n\n\n<p>Innan du g\u00e5r in i v\u00e4rlden av sugar dating och det \u00e4r viktigt att ta reda p\u00e5 allt som finns att veta om&nbsp;<a href=\"https:\/\/sugardaddynordic.com\/sv\/blog\/\">konceptet och typen av relationer i sugar baby,<\/a>&nbsp;vi rekommenderar&nbsp;<a href=\"https:\/\/sugardaddynordic.com\/sv\/blog\/\">L\u00e4s bloggen<\/a>&nbsp;d\u00e4r det finns m\u00e5nga artiklar om s\u00e4kerhet vid f\u00f6rsta dejten, integritet etc.<\/p>","protected":false},"excerpt":{"rendered":"<p>SugarDaddy Nordic&nbsp;,&nbsp;kuten kaikilla treffialustalla, liittyy riskej\u00e4, erityisesti huijauksiin. Alla esittelemme t\u00e4ydellisen oppaan tietoturvavinkkeineen, jotta voit saada tyydytt\u00e4v\u00e4t kokemukset ja v\u00e4ltt\u00e4\u00e4 petosyritykset tai huonot k\u00e4yt\u00e4nn\u00f6t&nbsp;sugar daddy- ja sugar baby -alustallamme sugardaddynordic.com Yleisi\u00e4 vinkkej\u00e4 Vahvista henkil\u00f6llisyys: Varmista, ett\u00e4 henkil\u00f6, jonka kanssa olet vuorovaikutuksessa, on se, joka h\u00e4n sanoo olevansa. T\u00e4h\u00e4n voi kuulua&nbsp;videopuheluiden soittaminen&nbsp;ennen tapaamista,&nbsp;\u00e4skett\u00e4isen valokuvan pyyt\u00e4minen&nbsp;tai&nbsp;sosiaalisen median &#8230; <a title=\"S\u00e4ker dejting\" class=\"read-more\" href=\"https:\/\/sugardaddynordic.com\/sv\/turvallinen-tapailu\/\" aria-label=\"L\u00e4s mer om Turvallinen tapailu\">L\u00e4s mer p\u00e5 engelska<\/a><\/p>","protected":false},"author":1,"featured_media":0,"parent":0,"menu_order":0,"comment_status":"closed","ping_status":"closed","template":"","meta":{"generate_page_header":"","footnotes":""},"class_list":{"0":"post-6191","1":"page","2":"type-page","3":"status-publish","5":"infinite-scroll-item"},"featured_image_urls":{"full":"","thumbnail":"","medium":"","medium_large":"","large":"","1536x1536":"","2048x2048":"","trp-custom-language-flag":"","crp_thumbnail":""},"post_excerpt_stackable":"<p>SugarDaddy Nordic&nbsp;,&nbsp;kuten kaikilla treffialustalla, liittyy riskej\u00e4, erityisesti huijauksiin. Alla esittelemme t\u00e4ydellisen oppaan tietoturvavinkkeineen, jotta voit saada tyydytt\u00e4v\u00e4t kokemukset ja v\u00e4ltt\u00e4\u00e4 petosyritykset tai huonot k\u00e4yt\u00e4nn\u00f6t&nbsp;sugar daddy- ja sugar baby -alustallamme sugardaddynordic.com Yleisi\u00e4 vinkkej\u00e4 Vahvista henkil\u00f6llisyys: Varmista, ett\u00e4 henkil\u00f6, jonka kanssa olet vuorovaikutuksessa, on se, joka h\u00e4n sanoo olevansa. T\u00e4h\u00e4n voi kuulua&nbsp;videopuheluiden soittaminen&nbsp;ennen tapaamista,&nbsp;\u00e4skett\u00e4isen valokuvan pyyt\u00e4minen&nbsp;tai&nbsp;sosiaalisen median pyyt\u00e4minen&nbsp;vahvistamaan, ett\u00e4 he eiv\u00e4t ole v\u00e4\u00e4renn\u00f6s. \u00c4l\u00e4 koskaan l\u00e4het\u00e4 rahaa etuk\u00e4teen: Aito Sugar Daddy ei pyyd\u00e4 rahaa Sugar Babylt\u00e4 eik\u00e4 p\u00e4invastoin. Sokerisuhteet perustuvat selkeisiin sopimuksiin, eiv\u00e4t yksipuolisiin palveluksiin. T\u00e4m\u00e4 tarkoittaa my\u00f6s sit\u00e4, ett\u00e4 et anna pankkitilitietoja tai l\u00e4het\u00e4 lahjakortteja tai verkko-ostoksia. Pysy alustalla Kun olet&hellip;<\/p>\n","category_list":"","author_info":{"name":"Admin de SugarDaddySuomi","url":"https:\/\/sugardaddynordic.com\/sv\/author\/poweb\/"},"comments_num":"0 comments","featured_image_urls_v2":{"full":"","thumbnail":"","medium":"","medium_large":"","large":"","1536x1536":"","2048x2048":"","trp-custom-language-flag":"","crp_thumbnail":""},"post_excerpt_stackable_v2":"<p>SugarDaddy Nordic&nbsp;,&nbsp;kuten kaikilla treffialustalla, liittyy riskej\u00e4, erityisesti huijauksiin. Alla esittelemme t\u00e4ydellisen oppaan tietoturvavinkkeineen, jotta voit saada tyydytt\u00e4v\u00e4t kokemukset ja v\u00e4ltt\u00e4\u00e4 petosyritykset tai huonot k\u00e4yt\u00e4nn\u00f6t&nbsp;sugar daddy- ja sugar baby -alustallamme sugardaddynordic.com Yleisi\u00e4 vinkkej\u00e4 Vahvista henkil\u00f6llisyys: Varmista, ett\u00e4 henkil\u00f6, jonka kanssa olet vuorovaikutuksessa, on se, joka h\u00e4n sanoo olevansa. T\u00e4h\u00e4n voi kuulua&nbsp;videopuheluiden soittaminen&nbsp;ennen tapaamista,&nbsp;\u00e4skett\u00e4isen valokuvan pyyt\u00e4minen&nbsp;tai&nbsp;sosiaalisen median pyyt\u00e4minen&nbsp;vahvistamaan, ett\u00e4 he eiv\u00e4t ole v\u00e4\u00e4renn\u00f6s. \u00c4l\u00e4 koskaan l\u00e4het\u00e4 rahaa etuk\u00e4teen: Aito Sugar Daddy ei pyyd\u00e4 rahaa Sugar Babylt\u00e4 eik\u00e4 p\u00e4invastoin. Sokerisuhteet perustuvat selkeisiin sopimuksiin, eiv\u00e4t yksipuolisiin palveluksiin. T\u00e4m\u00e4 tarkoittaa my\u00f6s sit\u00e4, ett\u00e4 et anna pankkitilitietoja tai l\u00e4het\u00e4 lahjakortteja tai verkko-ostoksia. Pysy alustalla Kun olet&hellip;<\/p>\n","category_list_v2":"","author_info_v2":{"name":"Admin de SugarDaddySuomi","url":"https:\/\/sugardaddynordic.com\/sv\/author\/poweb\/"},"comments_num_v2":"0 comments","yoast_head":"<!-- This site is optimized with the Yoast SEO Premium plugin v26.0 (Yoast SEO v27.3) - https:\/\/yoast.com\/product\/yoast-seo-premium-wordpress\/ -->\n<title>Turvallinen tapailu<\/title>\n<meta name=\"robots\" content=\"index, follow, max-snippet:-1, max-image-preview:large, max-video-preview:-1\" \/>\n<link rel=\"canonical\" href=\"https:\/\/sugardaddynordic.com\/sv\/saker-dejting\/\" \/>\n<meta property=\"og:locale\" content=\"sv_SE\" \/>\n<meta property=\"og:type\" content=\"article\" \/>\n<meta property=\"og:title\" content=\"Turvallinen tapailu\" \/>\n<meta property=\"og:description\" content=\"SugarDaddy Nordic&nbsp;,&nbsp;kuten kaikilla treffialustalla, liittyy riskej\u00e4, erityisesti huijauksiin. Alla esittelemme t\u00e4ydellisen oppaan tietoturvavinkkeineen, jotta voit saada tyydytt\u00e4v\u00e4t kokemukset ja v\u00e4ltt\u00e4\u00e4 petosyritykset tai huonot k\u00e4yt\u00e4nn\u00f6t&nbsp;sugar daddy- ja sugar baby -alustallamme sugardaddynordic.com Yleisi\u00e4 vinkkej\u00e4 Vahvista henkil\u00f6llisyys: Varmista, ett\u00e4 henkil\u00f6, jonka kanssa olet vuorovaikutuksessa, on se, joka h\u00e4n sanoo olevansa. T\u00e4h\u00e4n voi kuulua&nbsp;videopuheluiden soittaminen&nbsp;ennen tapaamista,&nbsp;\u00e4skett\u00e4isen valokuvan pyyt\u00e4minen&nbsp;tai&nbsp;sosiaalisen median ... Read more\" \/>\n<meta property=\"og:url\" content=\"https:\/\/sugardaddynordic.com\/sv\/saker-dejting\/\" \/>\n<meta property=\"og:site_name\" content=\"Sugar Daddy Nordic \u00ae\" \/>\n<meta property=\"article:modified_time\" content=\"2025-10-26T06:19:30+00:00\" \/>\n<meta property=\"og:image\" content=\"https:\/\/sugardaddynordic.com\/wp-content\/uploads\/2025\/10\/Logo-Sugar-Daddy-Nordic.png\" \/>\n\t<meta property=\"og:image:width\" content=\"1024\" \/>\n\t<meta property=\"og:image:height\" content=\"1024\" \/>\n\t<meta property=\"og:image:type\" content=\"image\/png\" \/>\n<meta name=\"twitter:card\" content=\"summary_large_image\" \/>\n<meta name=\"twitter:label1\" content=\"Ber\u00e4knad l\u00e4stid\" \/>\n\t<meta name=\"twitter:data1\" content=\"5 minuter\" \/>\n<script type=\"application\/ld+json\" class=\"yoast-schema-graph\">{\"@context\":\"https:\\\/\\\/schema.org\",\"@graph\":[{\"@type\":\"WebPage\",\"@id\":\"https:\\\/\\\/sugardaddynordic.com\\\/turvallinen-tapailu\\\/\",\"url\":\"https:\\\/\\\/sugardaddynordic.com\\\/turvallinen-tapailu\\\/\",\"name\":\"Turvallinen tapailu\",\"isPartOf\":{\"@id\":\"https:\\\/\\\/sugardaddynordic.com\\\/#website\"},\"datePublished\":\"2024-11-15T10:28:50+00:00\",\"dateModified\":\"2025-10-26T06:19:30+00:00\",\"breadcrumb\":{\"@id\":\"https:\\\/\\\/sugardaddynordic.com\\\/turvallinen-tapailu\\\/#breadcrumb\"},\"inLanguage\":\"sv-SE\",\"potentialAction\":[{\"@type\":\"ReadAction\",\"target\":[\"https:\\\/\\\/sugardaddynordic.com\\\/turvallinen-tapailu\\\/\"]}]},{\"@type\":\"BreadcrumbList\",\"@id\":\"https:\\\/\\\/sugardaddynordic.com\\\/turvallinen-tapailu\\\/#breadcrumb\",\"itemListElement\":[{\"@type\":\"ListItem\",\"position\":1,\"name\":\"Home\",\"item\":\"https:\\\/\\\/sugardaddynordic.com\\\/\"},{\"@type\":\"ListItem\",\"position\":2,\"name\":\"Turvallinen tapailu\"}]},{\"@type\":\"WebSite\",\"@id\":\"https:\\\/\\\/sugardaddynordic.com\\\/#website\",\"url\":\"https:\\\/\\\/sugardaddynordic.com\\\/\",\"name\":\"Sugar Daddy Nordic\",\"description\":\"\",\"publisher\":{\"@id\":\"https:\\\/\\\/sugardaddynordic.com\\\/#organization\"},\"alternateName\":\"Sugar Daddy Nordic powered by Sugar Daddy Planet\",\"potentialAction\":[{\"@type\":\"SearchAction\",\"target\":{\"@type\":\"EntryPoint\",\"urlTemplate\":\"https:\\\/\\\/sugardaddynordic.com\\\/?s={search_term_string}\"},\"query-input\":{\"@type\":\"PropertyValueSpecification\",\"valueRequired\":true,\"valueName\":\"search_term_string\"}}],\"inLanguage\":\"sv-SE\"},{\"@type\":[\"Organization\",\"DatingService\"],\"@id\":\"https:\\\/\\\/sugardaddynordic.com\\\/#organization\",\"name\":\"Sugar Daddy Nordic\",\"url\":\"https:\\\/\\\/sugardaddynordic.com\\\/\",\"logo\":{\"@type\":\"ImageObject\",\"inLanguage\":\"sv-SE\",\"@id\":\"https:\\\/\\\/sugardaddynordic.com\\\/#\\\/schema\\\/logo\\\/image\\\/\",\"url\":\"https:\\\/\\\/sugardaddynordic.com\\\/wp-content\\\/uploads\\\/2025\\\/10\\\/cropped-Logo-Sugar-Daddy-Nordic.png\",\"contentUrl\":\"https:\\\/\\\/sugardaddynordic.com\\\/wp-content\\\/uploads\\\/2025\\\/10\\\/cropped-Logo-Sugar-Daddy-Nordic.png\",\"width\":1022,\"height\":323,\"caption\":\"Sugar Daddy Nordic\"},\"image\":{\"@id\":\"https:\\\/\\\/sugardaddynordic.com\\\/#\\\/schema\\\/logo\\\/image\\\/\"},\"serviceType\":\"Dating Service\",\"category\":\"Dating\",\"publishingPrinciples\":\"https:\\\/\\\/sugardaddynordic.com\\\/julkaisustandardit\\\/\",\"ownershipFundingInfo\":\"https:\\\/\\\/sugardaddynordic.com\\\/rahoitus\\\/\",\"actionableFeedbackPolicy\":\"https:\\\/\\\/sugardaddynordic.com\\\/korjauskaytanto\\\/\",\"correctionsPolicy\":\"https:\\\/\\\/sugardaddynordic.com\\\/korjauskaytanto\\\/\",\"ethicsPolicy\":\"https:\\\/\\\/sugardaddynordic.com\\\/eettinen-politiikka\\\/\",\"diversityPolicy\":\"https:\\\/\\\/sugardaddynordic.com\\\/monimuotoisuus\\\/\",\"diversityStaffingReport\":\"https:\\\/\\\/sugardaddynordic.com\\\/yhteistyo\\\/\"}]}<\/script>\n<!-- \/ Yoast SEO Premium plugin. -->","yoast_head_json":{"title":"S\u00e4ker dejting","robots":{"index":"index","follow":"follow","max-snippet":"max-snippet:-1","max-image-preview":"max-image-preview:large","max-video-preview":"max-video-preview:-1"},"canonical":"https:\/\/sugardaddynordic.com\/sv\/saker-dejting\/","og_locale":"sv_SE","og_type":"article","og_title":"Turvallinen tapailu","og_description":"SugarDaddy Nordic&nbsp;,&nbsp;kuten kaikilla treffialustalla, liittyy riskej\u00e4, erityisesti huijauksiin. Alla esittelemme t\u00e4ydellisen oppaan tietoturvavinkkeineen, jotta voit saada tyydytt\u00e4v\u00e4t kokemukset ja v\u00e4ltt\u00e4\u00e4 petosyritykset tai huonot k\u00e4yt\u00e4nn\u00f6t&nbsp;sugar daddy- ja sugar baby -alustallamme sugardaddynordic.com Yleisi\u00e4 vinkkej\u00e4 Vahvista henkil\u00f6llisyys: Varmista, ett\u00e4 henkil\u00f6, jonka kanssa olet vuorovaikutuksessa, on se, joka h\u00e4n sanoo olevansa. T\u00e4h\u00e4n voi kuulua&nbsp;videopuheluiden soittaminen&nbsp;ennen tapaamista,&nbsp;\u00e4skett\u00e4isen valokuvan pyyt\u00e4minen&nbsp;tai&nbsp;sosiaalisen median ... Read more","og_url":"https:\/\/sugardaddynordic.com\/sv\/saker-dejting\/","og_site_name":"Sugar Daddy Nordic \u00ae","article_modified_time":"2025-10-26T06:19:30+00:00","og_image":[{"width":1024,"height":1024,"url":"https:\/\/sugardaddynordic.com\/wp-content\/uploads\/2025\/10\/Logo-Sugar-Daddy-Nordic.png","type":"image\/png"}],"twitter_card":"summary_large_image","twitter_misc":{"Ber\u00e4knad l\u00e4stid":"5 minuter"},"schema":{"@context":"https:\/\/schema.org","@graph":[{"@type":"WebPage","@id":"https:\/\/sugardaddynordic.com\/turvallinen-tapailu\/","url":"https:\/\/sugardaddynordic.com\/turvallinen-tapailu\/","name":"S\u00e4ker dejting","isPartOf":{"@id":"https:\/\/sugardaddynordic.com\/#website"},"datePublished":"2024-11-15T10:28:50+00:00","dateModified":"2025-10-26T06:19:30+00:00","breadcrumb":{"@id":"https:\/\/sugardaddynordic.com\/turvallinen-tapailu\/#breadcrumb"},"inLanguage":"sv-SE","potentialAction":[{"@type":"ReadAction","target":["https:\/\/sugardaddynordic.com\/turvallinen-tapailu\/"]}]},{"@type":"BreadcrumbList","@id":"https:\/\/sugardaddynordic.com\/turvallinen-tapailu\/#breadcrumb","itemListElement":[{"@type":"ListItem","position":1,"name":"Home","item":"https:\/\/sugardaddynordic.com\/"},{"@type":"ListItem","position":2,"name":"Turvallinen tapailu"}]},{"@type":"WebSite","@id":"https:\/\/sugardaddynordic.com\/#website","url":"https:\/\/sugardaddynordic.com\/","name":"Sugar Daddy Nordic","description":"","publisher":{"@id":"https:\/\/sugardaddynordic.com\/#organization"},"alternateName":"Sugar Daddy Nordic powered by Sugar Daddy Planet","potentialAction":[{"@type":"SearchAction","target":{"@type":"EntryPoint","urlTemplate":"https:\/\/sugardaddynordic.com\/?s={search_term_string}"},"query-input":{"@type":"PropertyValueSpecification","valueRequired":true,"valueName":"search_term_string"}}],"inLanguage":"sv-SE"},{"@type":["Organization","DatingService"],"@id":"https:\/\/sugardaddynordic.com\/#organization","name":"Sugar Daddy Nordic","url":"https:\/\/sugardaddynordic.com\/","logo":{"@type":"ImageObject","inLanguage":"sv-SE","@id":"https:\/\/sugardaddynordic.com\/#\/schema\/logo\/image\/","url":"https:\/\/sugardaddynordic.com\/wp-content\/uploads\/2025\/10\/cropped-Logo-Sugar-Daddy-Nordic.png","contentUrl":"https:\/\/sugardaddynordic.com\/wp-content\/uploads\/2025\/10\/cropped-Logo-Sugar-Daddy-Nordic.png","width":1022,"height":323,"caption":"Sugar Daddy Nordic"},"image":{"@id":"https:\/\/sugardaddynordic.com\/#\/schema\/logo\/image\/"},"serviceType":"Dating Service","category":"Dating","publishingPrinciples":"https:\/\/sugardaddynordic.com\/julkaisustandardit\/","ownershipFundingInfo":"https:\/\/sugardaddynordic.com\/rahoitus\/","actionableFeedbackPolicy":"https:\/\/sugardaddynordic.com\/korjauskaytanto\/","correctionsPolicy":"https:\/\/sugardaddynordic.com\/korjauskaytanto\/","ethicsPolicy":"https:\/\/sugardaddynordic.com\/eettinen-politiikka\/","diversityPolicy":"https:\/\/sugardaddynordic.com\/monimuotoisuus\/","diversityStaffingReport":"https:\/\/sugardaddynordic.com\/yhteistyo\/"}]}},"_links":{"self":[{"href":"https:\/\/sugardaddynordic.com\/sv\/wp-json\/wp\/v2\/pages\/6191","targetHints":{"allow":["GET"]}}],"collection":[{"href":"https:\/\/sugardaddynordic.com\/sv\/wp-json\/wp\/v2\/pages"}],"about":[{"href":"https:\/\/sugardaddynordic.com\/sv\/wp-json\/wp\/v2\/types\/page"}],"author":[{"embeddable":true,"href":"https:\/\/sugardaddynordic.com\/sv\/wp-json\/wp\/v2\/users\/1"}],"replies":[{"embeddable":true,"href":"https:\/\/sugardaddynordic.com\/sv\/wp-json\/wp\/v2\/comments?post=6191"}],"version-history":[{"count":0,"href":"https:\/\/sugardaddynordic.com\/sv\/wp-json\/wp\/v2\/pages\/6191\/revisions"}],"wp:attachment":[{"href":"https:\/\/sugardaddynordic.com\/sv\/wp-json\/wp\/v2\/media?parent=6191"}],"curies":[{"name":"wp","href":"https:\/\/api.w.org\/{rel}","templated":true}]}}